{"id":1637,"date":"2024-09-10T12:28:30","date_gmt":"2024-09-10T12:28:30","guid":{"rendered":"https:\/\/www.peanutoem.com\/?post_type=product&#038;p=1637"},"modified":"2024-10-06T09:58:03","modified_gmt":"2024-10-06T09:58:03","slug":"spicy-peanut-butter","status":"publish","type":"product","link":"https:\/\/www.peanutoem.com\/sk\/manufacturer\/spicy-peanut-butter\/","title":{"rendered":"Pikantn\u00e9 ara\u0161idov\u00e9 maslo"},"content":{"rendered":"<h3>\u010co je pikantn\u00e9 ara\u0161idov\u00e9 maslo?<\/h3>\n<p>Pikantn\u00e9 ara\u0161idov\u00e9 maslo je svie\u017eim spojen\u00edm tradi\u010dn\u00e9ho ara\u0161idov\u00e9ho masla, ktor\u00e9 kombinuje kr\u00e9mov\u00fa alebo chrumkav\u00fa text\u00faru ara\u0161idov s n\u00e1valom tepla z korenia ako <a href=\"https:\/\/en.wikipedia.org\/wiki\/Chili\" target=\"_blank\" rel=\"noopener\">\u010dili<\/a>, paprika alebo kajensk\u00e9 korenie. Je ide\u00e1lny pre t\u00fdch, ktor\u00ed maj\u00fa radi mie\u0161anie sladk\u00fdch a korenist\u00fdch chut\u00ed, prid\u00e1vaj\u00fa vzru\u0161enie do ob\u010derstvenia, sendvi\u010dov a receptov. \u010ci u\u017e sa pou\u017e\u00edva ako dip, n\u00e1tierka alebo pr\u00edsada, pikantn\u00e9 ara\u0161idov\u00e9 maslo sa st\u00e1va ob\u013e\u00fabenou vo\u013ebou medzi nad\u0161encami jedla.<\/p>\n<p><img loading=\"lazy\" decoding=\"async\" class=\"alignnone wp-image-1675 size-full\" src=\"https:\/\/www.peanutoem.com\/wp-content\/uploads\/2024\/09\/Spicy-Peanut-Butter-on-Table.webp\" alt=\"Pikantn\u00e9 ara\u0161idov\u00e9 maslo na stole\" width=\"912\" height=\"1144\" srcset=\"https:\/\/www.peanutoem.com\/wp-content\/uploads\/2024\/09\/Spicy-Peanut-Butter-on-Table.webp 912w, https:\/\/www.peanutoem.com\/wp-content\/uploads\/2024\/09\/Spicy-Peanut-Butter-on-Table-239x300.webp 239w, https:\/\/www.peanutoem.com\/wp-content\/uploads\/2024\/09\/Spicy-Peanut-Butter-on-Table-816x1024.webp 816w, https:\/\/www.peanutoem.com\/wp-content\/uploads\/2024\/09\/Spicy-Peanut-Butter-on-Table-768x963.webp 768w, https:\/\/www.peanutoem.com\/wp-content\/uploads\/2024\/09\/Spicy-Peanut-Butter-on-Table-10x12.webp 10w, https:\/\/www.peanutoem.com\/wp-content\/uploads\/2024\/09\/Spicy-Peanut-Butter-on-Table-600x753.webp 600w\" sizes=\"auto, (max-width: 912px) 100vw, 912px\" \/><\/p>\n<h3>Ak\u00e9 s\u00fa in\u00e9 n\u00e1zvy pre pikantn\u00e9 ara\u0161idov\u00e9 maslo?<\/h3>\n<p>Pikantn\u00e9 ara\u0161idov\u00e9 maslo m\u00f4\u017ee ma\u0165 r\u00f4zne n\u00e1zvy v z\u00e1vislosti od regi\u00f3nu a chu\u0165ov\u00fdch profilov. Tieto n\u00e1zvy zv\u00fdraz\u0148uj\u00fa tepeln\u00fa zlo\u017eku, \u010d\u00edm u\u013eah\u010duj\u00fa glob\u00e1lnym spotrebite\u013eom pochopi\u0165 jej jedine\u010dn\u00fa pr\u00ed\u0165a\u017elivos\u0165. Niektor\u00e9 alternat\u00edvne n\u00e1zvy zah\u0155\u0148aj\u00fa:<\/p>\n<ul>\n<li>Hor\u00face ara\u0161idov\u00e9 maslo<\/li>\n<li>Ara\u0161idov\u00e9 maslo s \u010dili<\/li>\n<li>N\u00e1tierka z ohniv\u00e9ho ara\u0161idov\u00e9ho masla<\/li>\n<li>Pikantn\u00e9 orechov\u00e9 maslo<\/li>\n<li>Korenen\u00e1 ara\u0161idov\u00e1 n\u00e1tierka<\/li>\n<\/ul>\n<p><span style=\"font-size: 20.16px;\">Hor\u00face t\u00e9my<\/span><\/p>\n<ul>\n<li><strong>Sk\u00famanie receptov na pikantn\u00e9 ara\u0161idov\u00e9 maslo<\/strong><br \/>\nPikantn\u00e9 ara\u0161idov\u00e9 maslo je kreat\u00edvna sila v kuchyni, ktor\u00e1 sl\u00fa\u017ei nielen ako chutn\u00e1 om\u00e1\u010dka, ale \u017eiari aj v r\u00f4znych jedl\u00e1ch. \u00c1zijsk\u00fdm pra\u017eeniciam dod\u00e1 ohniv\u00fd \u0161mrnc, zv\u00fdraz\u0148uje chu\u0165 vypr\u00e1\u017ean\u00fdch jed\u00e1l a grilovan\u00e9ho m\u00e4sa a p\u00f4sob\u00ed ako marin\u00e1da, ktor\u00e1 dod\u00e1va ingredienci\u00e1m pr\u00edjemn\u00e9 prekvapenia. Od pikantn\u00e9ho toastu pri ra\u0148ajk\u00e1ch a\u017e po slan\u00e9 rezance na ve\u010deru, ka\u017ed\u00e9 jedlo v\u010faka tejto ingrediencii vy\u017earuje jedine\u010dn\u00e9 \u010daro.<\/li>\n<li><strong>Zdravotn\u00e9 benefity za chu\u0165ou<\/strong><br \/>\nT\u00e1to lahodn\u00e1 n\u00e1tierka je z\u00e1rove\u0148 pokladnicou v\u00fd\u017eivy. Jeho vysok\u00fd obsah bielkov\u00edn a zdrav\u00fdch tukov poh\u00e1\u0148a telo, zatia\u013e \u010do kapsaic\u00edn stimuluje podnebie a podporuje tr\u00e1venie. Navy\u0161e podporuje metabolizmus a zdravie srdca, efekt\u00edvne sp\u00e1ja chu\u0165 a pohodu.<\/li>\n<li><strong>Za\u010dlenenie do denn\u00fdch jed\u00e1l<\/strong><br \/>\nZa\u010dlenenie pikantn\u00e9ho ara\u0161idov\u00e9ho masla do va\u0161ej ka\u017edodennej stravy je jednoduch\u00e9 a z\u00e1rove\u0148 pr\u00edjemn\u00e9. Sl\u00fa\u017ei ako dokonal\u00fd partner na ra\u0148ajkov\u00e9 toasty, dod\u00e1va chu\u0165 popolud\u0148aj\u0161\u00edm smoothies a vylep\u0161uje burrito na ve\u010deru, \u010d\u00edm prin\u00e1\u0161a svie\u017ei n\u00e1dych do ka\u017ed\u00e9ho jedla.<\/li>\n<li><strong>Glob\u00e1lny trend na vzostupe<\/strong><br \/>\nPikantn\u00e9 ara\u0161idov\u00e9 maslo sa r\u00fdchlo objavuje ako cezhrani\u010dn\u00e1 hviezda. Ke\u010f\u017ee chute host\u00ed s\u00fa rozmanit\u00e9, prekra\u010duje region\u00e1lne hranice a uchvacuje fan\u00fa\u0161ikov po celom svete. T\u00e1to n\u00e1tierka vedie v sk\u00faman\u00ed chut\u00ed a pri\u0165ahuje dobrodru\u017en\u00fdch jed\u00e1kov, ktor\u00ed t\u00fa\u017eia vysk\u00fa\u0161a\u0165 nie\u010do nov\u00e9.<\/li>\n<\/ul>\n<hr \/>\n<h3>\u010cast\u00e9 ot\u00e1zky o pikantnom ara\u0161idovom masle<\/h3>\n<ol>\n<li><strong>Pre\u010do si vybra\u0165 pre svoje potreby pikantn\u00e9ho ara\u0161idov\u00e9ho masla n\u00e1s?<\/strong><br \/>\nPoskytujeme komplexn\u00e9 slu\u017eby OEM s \u00fapln\u00fdmi mo\u017enos\u0165ami prisp\u00f4sobenia, \u010d\u00edm zais\u0165ujeme, \u017ee ka\u017ed\u00fd produkt bude dokonale zodpoveda\u0165 v\u00edzii va\u0161ej zna\u010dky a po\u017eiadavk\u00e1m trhu.<\/li>\n<li><strong>M\u00f4\u017eete upravi\u0165 \u00farove\u0148 pikantnosti a vytvori\u0165 vlastn\u00fd vzorec?<\/strong><br \/>\nAbsol\u00fatne! Dok\u00e1\u017eeme prisp\u00f4sobi\u0165 pikantnos\u0165 od jemnej a\u017e po extra p\u00e1liv\u00fa a vyvin\u00fa\u0165 jedine\u010dn\u00e9 formul\u00e1cie v\u00fdhradne pre va\u0161u zna\u010dku.<\/li>\n<li><strong>Ak\u00e9 mo\u017enosti balenia a certifik\u00e1cie pon\u00fakate?<\/strong><br \/>\nPon\u00fakame \u0161irok\u00fa \u0161k\u00e1lu obalov\u00fdch rie\u0161en\u00ed \u2013 poh\u00e1re, f\u013ea\u0161e, kart\u00f3ny, sudy, vedr\u00e1, stl\u00e1\u010dacie vreck\u00e1 a ve\u013ekoobjemov\u00e9 kontajnery \u2013 v\u0161etky prisp\u00f4sobite\u013en\u00e9 tak, aby zodpovedali va\u0161ej zna\u010dke. Okrem toho sme dr\u017eite\u013emi certifik\u00e1ci\u00ed ako HACCP, Kosher, Halal a BRCGS, v\u010faka \u010domu na\u0161e produkty sp\u013a\u0148aj\u00fa medzin\u00e1rodn\u00e9 normy.<\/li>\n<li><strong>Poskytujete organick\u00e9 pikantn\u00e9 ara\u0161idov\u00e9 maslo a vzorov\u00e9 \u0161ar\u017ee?<\/strong><br \/>\n\u00c1no, vyr\u00e1bame pikantn\u00e9 ara\u0161idov\u00e9 maslo s biocertifik\u00e1ciou E\u00da vyroben\u00e9 z pr\u00edrodn\u00fdch ingredienci\u00ed pre spotrebite\u013eov, ktor\u00ed si uvedomuj\u00fa zdravie. Navy\u0161e pon\u00fakame vzorov\u00e9 \u0161ar\u017ee, aby ste si mohli produkt otestova\u0165 pred zadan\u00edm ve\u013ekej objedn\u00e1vky.<\/li>\n<li><strong>Ako zabezpe\u010dujete kvalitu a ak\u00e9 s\u00fa va\u0161e dodacie lehoty?<\/strong><br \/>\nNa\u0161e pr\u00edsne testovanie v na\u0161om internom laborat\u00f3riu v kombin\u00e1cii s efekt\u00edvnou logistikou zaru\u010duje st\u00e1lu kvalitu. Zabezpe\u010dujeme tie\u017e r\u00fdchle dodacie lehoty na z\u00e1klade objemu objedn\u00e1vky a miesta ur\u010denia.<\/li>\n<li><strong>Exportujete glob\u00e1lne?<\/strong><br \/>\n\u00c1no, m\u00e1me rozsiahle sk\u00fasenosti s exportom do cel\u00e9ho sveta, spravovan\u00edm v\u0161etk\u00fdch potrebn\u00fdch papierov a predpisov na zabezpe\u010denie hladk\u00e9ho dodania.<\/li>\n<\/ol>\n<hr \/>\n<h3><img loading=\"lazy\" decoding=\"async\" class=\"alignnone wp-image-1677 size-full\" src=\"https:\/\/www.peanutoem.com\/wp-content\/uploads\/2024\/09\/Spicy-Peanut-Butter-Spread-on-Food.webp\" alt=\"Pikantn\u00e1 n\u00e1tierka z ara\u0161idov\u00e9ho masla na jedlo\" width=\"896\" height=\"1152\" srcset=\"https:\/\/www.peanutoem.com\/wp-content\/uploads\/2024\/09\/Spicy-Peanut-Butter-Spread-on-Food.webp 896w, https:\/\/www.peanutoem.com\/wp-content\/uploads\/2024\/09\/Spicy-Peanut-Butter-Spread-on-Food-233x300.webp 233w, https:\/\/www.peanutoem.com\/wp-content\/uploads\/2024\/09\/Spicy-Peanut-Butter-Spread-on-Food-796x1024.webp 796w, https:\/\/www.peanutoem.com\/wp-content\/uploads\/2024\/09\/Spicy-Peanut-Butter-Spread-on-Food-768x987.webp 768w, https:\/\/www.peanutoem.com\/wp-content\/uploads\/2024\/09\/Spicy-Peanut-Butter-Spread-on-Food-9x12.webp 9w, https:\/\/www.peanutoem.com\/wp-content\/uploads\/2024\/09\/Spicy-Peanut-Butter-Spread-on-Food-600x771.webp 600w\" sizes=\"auto, (max-width: 896px) 100vw, 896px\" \/><\/h3>\n<a href=\"mailto:globepeanut@gmail.com\" class=\"button primary is-primary is-medium\"  >\n    <span>Nap\u00ed\u0161te n\u00e1m<\/span>\n  <\/a>","protected":false},"excerpt":{"rendered":"<table width=\"564\">\n<tbody>\n<tr>\n<td width=\"113\"><strong>N\u00e1zov produktu<\/strong><\/td>\n<td width=\"402\">Pikantn\u00e9 ara\u0161idov\u00e9 maslo<\/td>\n<\/tr>\n<tr>\n<td width=\"113\"><strong>\u0160pecifik\u00e1cie<\/strong><\/td>\n<td width=\"402\">200gx36, 227gx24, 340gx12, 375gx12, 500gx12, 510gx12, 1kgx12, 10kgx1, 20kgx1, 220kgx1<\/td>\n<\/tr>\n<tr>\n<td width=\"113\"><strong>Baliaci formul\u00e1r<\/strong><\/td>\n<td width=\"402\">N\u00e1doba, vedro, balenie doy, ta\u0161ka, kart\u00f3n, plechovka, sud, plechovka, f\u013ea\u0161a at\u010f<\/td>\n<\/tr>\n<tr>\n<td width=\"113\"><strong>Dodacia lehota<\/strong><\/td>\n<td width=\"402\">7 ~ 20 dn\u00ed po objedn\u00e1vke<\/td>\n<\/tr>\n<tr>\n<td width=\"113\"><strong>MOQ<\/strong><\/td>\n<td width=\"402\">Jedna tona<\/td>\n<\/tr>\n<tr>\n<td width=\"113\"><strong>Uk\u00e1\u017eka<\/strong><\/td>\n<td width=\"402\">K dispoz\u00edcii bezplatn\u00e1 vzorka<\/td>\n<\/tr>\n<tr>\n<td width=\"113\"><strong>OEM<\/strong><\/td>\n<td width=\"402\">\u0160t\u00edtok kupuj\u00faceho prijat\u00fd<\/td>\n<\/tr>\n<\/tbody>\n<\/table>","protected":false},"featured_media":1668,"comment_status":"open","ping_status":"closed","template":"","meta":[],"product_cat":[15],"product_tag":[],"class_list":{"0":"post-1637","1":"product","2":"type-product","3":"status-publish","4":"has-post-thumbnail","6":"product_cat-peanut-butter","8":"first","9":"instock","10":"shipping-taxable","11":"product-type-simple"},"yoast_head":"<!-- This site is optimized with the Yoast SEO plugin v24.9 - https:\/\/yoast.com\/wordpress\/plugins\/seo\/ -->\n<title>Spicy Peanut Butter China Manufacturer OEM - Peanut Butter Factory<\/title>\n<meta name=\"description\" content=\"Leading spicy peanut butter OEM private label manufacturer and exporter. Order your premium quality, custom-made spicy peanut butter.\" \/>\n<meta name=\"robots\" content=\"index, follow, max-snippet:-1, max-image-preview:large, max-video-preview:-1\" \/>\n<link rel=\"canonical\" href=\"https:\/\/www.peanutoem.com\/sk\/manufacturer\/spicy-peanut-butter\/\" \/>\n<meta property=\"og:locale\" content=\"sk_SK\" \/>\n<meta property=\"og:type\" content=\"article\" \/>\n<meta property=\"og:title\" content=\"Spicy Peanut Butter China Manufacturer OEM - Peanut Butter Factory\" \/>\n<meta property=\"og:description\" content=\"Leading spicy peanut butter OEM private label manufacturer and exporter. Order your premium quality, custom-made spicy peanut butter.\" \/>\n<meta property=\"og:url\" content=\"https:\/\/www.peanutoem.com\/sk\/manufacturer\/spicy-peanut-butter\/\" \/>\n<meta property=\"og:site_name\" content=\"Peanut Butter Factory\" \/>\n<meta property=\"article:modified_time\" content=\"2024-10-06T09:58:03+00:00\" \/>\n<meta property=\"og:image\" content=\"https:\/\/www.peanutoem.com\/wp-content\/uploads\/2024\/09\/Spicy-Peanut-Butter.webp\" \/>\n\t<meta property=\"og:image:width\" content=\"1000\" \/>\n\t<meta property=\"og:image:height\" content=\"1000\" \/>\n\t<meta property=\"og:image:type\" content=\"image\/webp\" \/>\n<meta name=\"twitter:card\" content=\"summary_large_image\" \/>\n<meta name=\"twitter:label1\" content=\"Predpokladan\u00fd \u010das \u010d\u00edtania\" \/>\n\t<meta name=\"twitter:data1\" content=\"4 min\u00faty\" \/>\n<script type=\"application\/ld+json\" class=\"yoast-schema-graph\">{\"@context\":\"https:\/\/schema.org\",\"@graph\":[{\"@type\":\"WebPage\",\"@id\":\"https:\/\/www.peanutoem.com\/manufacturer\/spicy-peanut-butter\/\",\"url\":\"https:\/\/www.peanutoem.com\/manufacturer\/spicy-peanut-butter\/\",\"name\":\"Spicy Peanut Butter China Manufacturer OEM - Peanut Butter Factory\",\"isPartOf\":{\"@id\":\"https:\/\/www.peanutoem.com\/#website\"},\"primaryImageOfPage\":{\"@id\":\"https:\/\/www.peanutoem.com\/manufacturer\/spicy-peanut-butter\/#primaryimage\"},\"image\":{\"@id\":\"https:\/\/www.peanutoem.com\/manufacturer\/spicy-peanut-butter\/#primaryimage\"},\"thumbnailUrl\":\"https:\/\/www.peanutoem.com\/wp-content\/uploads\/2024\/09\/Spicy-Peanut-Butter.webp\",\"datePublished\":\"2024-09-10T12:28:30+00:00\",\"dateModified\":\"2024-10-06T09:58:03+00:00\",\"description\":\"Leading spicy peanut butter OEM private label manufacturer and exporter. Order your premium quality, custom-made spicy peanut butter.\",\"breadcrumb\":{\"@id\":\"https:\/\/www.peanutoem.com\/manufacturer\/spicy-peanut-butter\/#breadcrumb\"},\"inLanguage\":\"sk-SK\",\"potentialAction\":[{\"@type\":\"ReadAction\",\"target\":[\"https:\/\/www.peanutoem.com\/manufacturer\/spicy-peanut-butter\/\"]}]},{\"@type\":\"ImageObject\",\"inLanguage\":\"sk-SK\",\"@id\":\"https:\/\/www.peanutoem.com\/manufacturer\/spicy-peanut-butter\/#primaryimage\",\"url\":\"https:\/\/www.peanutoem.com\/wp-content\/uploads\/2024\/09\/Spicy-Peanut-Butter.webp\",\"contentUrl\":\"https:\/\/www.peanutoem.com\/wp-content\/uploads\/2024\/09\/Spicy-Peanut-Butter.webp\",\"width\":1000,\"height\":1000,\"caption\":\"Spicy Peanut Butter\"},{\"@type\":\"BreadcrumbList\",\"@id\":\"https:\/\/www.peanutoem.com\/manufacturer\/spicy-peanut-butter\/#breadcrumb\",\"itemListElement\":[{\"@type\":\"ListItem\",\"position\":1,\"name\":\"Home\",\"item\":\"https:\/\/www.peanutoem.com\/\"},{\"@type\":\"ListItem\",\"position\":2,\"name\":\"Products\",\"item\":\"https:\/\/www.peanutoem.com\/shop\/\"},{\"@type\":\"ListItem\",\"position\":3,\"name\":\"Spicy Peanut Butter\"}]},{\"@type\":\"WebSite\",\"@id\":\"https:\/\/www.peanutoem.com\/#website\",\"url\":\"https:\/\/www.peanutoem.com\/\",\"name\":\"Peanut Butter Factory\",\"description\":\"Peanut Butter Manufacturer and Roast Peanut OEM Factory | Peanut Private Label China Supplier\",\"publisher\":{\"@id\":\"https:\/\/www.peanutoem.com\/#organization\"},\"alternateName\":\"Peanut Butter OEM and Wholesale\",\"potentialAction\":[{\"@type\":\"SearchAction\",\"target\":{\"@type\":\"EntryPoint\",\"urlTemplate\":\"https:\/\/www.peanutoem.com\/?s={search_term_string}\"},\"query-input\":{\"@type\":\"PropertyValueSpecification\",\"valueRequired\":true,\"valueName\":\"search_term_string\"}}],\"inLanguage\":\"sk-SK\"},{\"@type\":\"Organization\",\"@id\":\"https:\/\/www.peanutoem.com\/#organization\",\"name\":\"Peanut Butter Factory\",\"alternateName\":\"JuFeng Group\",\"url\":\"https:\/\/www.peanutoem.com\/\",\"logo\":{\"@type\":\"ImageObject\",\"inLanguage\":\"sk-SK\",\"@id\":\"https:\/\/www.peanutoem.com\/#\/schema\/logo\/image\/\",\"url\":\"https:\/\/www.peanutoem.com\/wp-content\/uploads\/2024\/09\/JUFENG-LOGO.png\",\"contentUrl\":\"https:\/\/www.peanutoem.com\/wp-content\/uploads\/2024\/09\/JUFENG-LOGO.png\",\"width\":600,\"height\":170,\"caption\":\"Peanut Butter Factory\"},\"image\":{\"@id\":\"https:\/\/www.peanutoem.com\/#\/schema\/logo\/image\/\"}}]}<\/script>\n<!-- \/ Yoast SEO plugin. -->","yoast_head_json":{"title":"Spicy Peanut Butter China Manufacturer OEM - Peanut Butter Factory","description":"Leading spicy peanut butter OEM private label manufacturer and exporter. Order your premium quality, custom-made spicy peanut butter.","robots":{"index":"index","follow":"follow","max-snippet":"max-snippet:-1","max-image-preview":"max-image-preview:large","max-video-preview":"max-video-preview:-1"},"canonical":"https:\/\/www.peanutoem.com\/sk\/manufacturer\/spicy-peanut-butter\/","og_locale":"sk_SK","og_type":"article","og_title":"Spicy Peanut Butter China Manufacturer OEM - Peanut Butter Factory","og_description":"Leading spicy peanut butter OEM private label manufacturer and exporter. Order your premium quality, custom-made spicy peanut butter.","og_url":"https:\/\/www.peanutoem.com\/sk\/manufacturer\/spicy-peanut-butter\/","og_site_name":"Peanut Butter Factory","article_modified_time":"2024-10-06T09:58:03+00:00","og_image":[{"width":1000,"height":1000,"url":"https:\/\/www.peanutoem.com\/wp-content\/uploads\/2024\/09\/Spicy-Peanut-Butter.webp","type":"image\/webp"}],"twitter_card":"summary_large_image","twitter_misc":{"Predpokladan\u00fd \u010das \u010d\u00edtania":"4 min\u00faty"},"schema":{"@context":"https:\/\/schema.org","@graph":[{"@type":"WebPage","@id":"https:\/\/www.peanutoem.com\/manufacturer\/spicy-peanut-butter\/","url":"https:\/\/www.peanutoem.com\/manufacturer\/spicy-peanut-butter\/","name":"Spicy Peanut Butter China Manufacturer OEM - Peanut Butter Factory","isPartOf":{"@id":"https:\/\/www.peanutoem.com\/#website"},"primaryImageOfPage":{"@id":"https:\/\/www.peanutoem.com\/manufacturer\/spicy-peanut-butter\/#primaryimage"},"image":{"@id":"https:\/\/www.peanutoem.com\/manufacturer\/spicy-peanut-butter\/#primaryimage"},"thumbnailUrl":"https:\/\/www.peanutoem.com\/wp-content\/uploads\/2024\/09\/Spicy-Peanut-Butter.webp","datePublished":"2024-09-10T12:28:30+00:00","dateModified":"2024-10-06T09:58:03+00:00","description":"Leading spicy peanut butter OEM private label manufacturer and exporter. Order your premium quality, custom-made spicy peanut butter.","breadcrumb":{"@id":"https:\/\/www.peanutoem.com\/manufacturer\/spicy-peanut-butter\/#breadcrumb"},"inLanguage":"sk-SK","potentialAction":[{"@type":"ReadAction","target":["https:\/\/www.peanutoem.com\/manufacturer\/spicy-peanut-butter\/"]}]},{"@type":"ImageObject","inLanguage":"sk-SK","@id":"https:\/\/www.peanutoem.com\/manufacturer\/spicy-peanut-butter\/#primaryimage","url":"https:\/\/www.peanutoem.com\/wp-content\/uploads\/2024\/09\/Spicy-Peanut-Butter.webp","contentUrl":"https:\/\/www.peanutoem.com\/wp-content\/uploads\/2024\/09\/Spicy-Peanut-Butter.webp","width":1000,"height":1000,"caption":"Spicy Peanut Butter"},{"@type":"BreadcrumbList","@id":"https:\/\/www.peanutoem.com\/manufacturer\/spicy-peanut-butter\/#breadcrumb","itemListElement":[{"@type":"ListItem","position":1,"name":"Home","item":"https:\/\/www.peanutoem.com\/"},{"@type":"ListItem","position":2,"name":"Products","item":"https:\/\/www.peanutoem.com\/shop\/"},{"@type":"ListItem","position":3,"name":"Spicy Peanut Butter"}]},{"@type":"WebSite","@id":"https:\/\/www.peanutoem.com\/#website","url":"https:\/\/www.peanutoem.com\/","name":"Peanut Butter Factory","description":"Peanut Butter Manufacturer and Roast Peanut OEM Factory | Peanut Private Label China Supplier","publisher":{"@id":"https:\/\/www.peanutoem.com\/#organization"},"alternateName":"Peanut Butter OEM and Wholesale","potentialAction":[{"@type":"SearchAction","target":{"@type":"EntryPoint","urlTemplate":"https:\/\/www.peanutoem.com\/?s={search_term_string}"},"query-input":{"@type":"PropertyValueSpecification","valueRequired":true,"valueName":"search_term_string"}}],"inLanguage":"sk-SK"},{"@type":"Organization","@id":"https:\/\/www.peanutoem.com\/#organization","name":"Peanut Butter Factory","alternateName":"JuFeng Group","url":"https:\/\/www.peanutoem.com\/","logo":{"@type":"ImageObject","inLanguage":"sk-SK","@id":"https:\/\/www.peanutoem.com\/#\/schema\/logo\/image\/","url":"https:\/\/www.peanutoem.com\/wp-content\/uploads\/2024\/09\/JUFENG-LOGO.png","contentUrl":"https:\/\/www.peanutoem.com\/wp-content\/uploads\/2024\/09\/JUFENG-LOGO.png","width":600,"height":170,"caption":"Peanut Butter Factory"},"image":{"@id":"https:\/\/www.peanutoem.com\/#\/schema\/logo\/image\/"}}]}},"_links":{"self":[{"href":"https:\/\/www.peanutoem.com\/sk\/wp-json\/wp\/v2\/product\/1637","targetHints":{"allow":["GET"]}}],"collection":[{"href":"https:\/\/www.peanutoem.com\/sk\/wp-json\/wp\/v2\/product"}],"about":[{"href":"https:\/\/www.peanutoem.com\/sk\/wp-json\/wp\/v2\/types\/product"}],"replies":[{"embeddable":true,"href":"https:\/\/www.peanutoem.com\/sk\/wp-json\/wp\/v2\/comments?post=1637"}],"wp:featuredmedia":[{"embeddable":true,"href":"https:\/\/www.peanutoem.com\/sk\/wp-json\/wp\/v2\/media\/1668"}],"wp:attachment":[{"href":"https:\/\/www.peanutoem.com\/sk\/wp-json\/wp\/v2\/media?parent=1637"}],"wp:term":[{"taxonomy":"product_cat","embeddable":true,"href":"https:\/\/www.peanutoem.com\/sk\/wp-json\/wp\/v2\/product_cat?post=1637"},{"taxonomy":"product_tag","embeddable":true,"href":"https:\/\/www.peanutoem.com\/sk\/wp-json\/wp\/v2\/product_tag?post=1637"}],"curies":[{"name":"wp","href":"https:\/\/api.w.org\/{rel}","templated":true}]}}