{"id":1638,"date":"2024-09-10T12:30:11","date_gmt":"2024-09-10T12:30:11","guid":{"rendered":"https:\/\/www.peanutoem.com\/?post_type=product&#038;p=1638"},"modified":"2024-10-06T09:55:00","modified_gmt":"2024-10-06T09:55:00","slug":"chocolate-peanut-butter","status":"publish","type":"product","link":"https:\/\/www.peanutoem.com\/sk\/manufacturer\/chocolate-peanut-butter\/","title":{"rendered":"\u010cokol\u00e1dov\u00e9 ara\u0161idov\u00e9 maslo"},"content":{"rendered":"<h3>\u010co je to \u010dokol\u00e1dov\u00e9 ara\u0161idov\u00e9 maslo?<\/h3>\n<p>\u010cokol\u00e1dov\u00e9 ara\u0161idov\u00e9 maslo je lahodn\u00e1 f\u00fazia kr\u00e9mov\u00e9ho ara\u0161idov\u00e9ho masla <a href=\"https:\/\/en.wikipedia.org\/wiki\/Chocolate\" target=\"_blank\" rel=\"noopener\">\u010dokol\u00e1da<\/a>, \u010d\u00edm vznik\u00e1 sladk\u00e1 a slan\u00e1 n\u00e1tierka, ktor\u00e1 oslov\u00ed \u0161irok\u00e9 spektrum chu\u0165ov\u00fdch preferenci\u00ed. T\u00e1to delik\u00e1tna zmes je ide\u00e1lna na natieranie na chlieb, pou\u017eitie v dezertoch alebo jednoducho vychutn\u00e1vanie po ly\u017ei\u010dk\u00e1ch. Kombin\u00e1cia ara\u0161idov a \u010dokol\u00e1dy pon\u00faka vyv\u00e1\u017een\u00fa poch\u00fa\u0165ku, ktor\u00e1 uspokoj\u00ed nad\u0161encov orechov\u00e9ho masla aj milovn\u00edkov \u010dokol\u00e1dy.<\/p>\n<h3>Ak\u00e9 s\u00fa in\u00e9 n\u00e1zvy pre \u010dokol\u00e1du v ara\u0161idovom masle?<\/h3>\n<p>\u010cokol\u00e1dov\u00e9 ara\u0161idov\u00e9 maslo je \u010dasto ozna\u010dovan\u00e9 r\u00f4znymi n\u00e1zvami na z\u00e1klade jeho chuti a pou\u017eitia. Niektor\u00e9 alternat\u00edvne n\u00e1zvy zah\u0155\u0148aj\u00fa:<\/p>\n<ul>\n<li>Ara\u0161idov\u00e9 maslo s \u010dokol\u00e1dovou pr\u00edchu\u0165ou<\/li>\n<li>Kakaov\u00e1 ara\u0161idov\u00e1 n\u00e1tierka<\/li>\n<li>Kakaov\u00e9 ara\u0161idov\u00e9 maslo<\/li>\n<li>\u010coko-ara\u0161idov\u00e1 n\u00e1tierka<\/li>\n<li>Ara\u0161idov\u00e9 maslo s \u010dokol\u00e1dou<\/li>\n<li>Orie\u0161kov\u00e1 \u010dokol\u00e1dov\u00e1 n\u00e1tierka<\/li>\n<li>Ara\u0161idov\u00e9 maslo s \u010dokol\u00e1dou<\/li>\n<li>Orie\u0161kov\u00e1 \u010dokol\u00e1dov\u00e1 n\u00e1tierka<\/li>\n<\/ul>\n<p>Tieto n\u00e1zvy zd\u00f4raz\u0148uj\u00fa pr\u00edjemn\u00fa zmes \u010dokol\u00e1dy a ara\u0161idov\u00e9ho masla, v\u010faka \u010domu je pr\u00ed\u0165a\u017eliv\u00e1 pre spotrebite\u013eov na r\u00f4znych trhoch.<\/p>\n<h3><img loading=\"lazy\" decoding=\"async\" class=\"alignnone wp-image-1682 size-full\" src=\"https:\/\/www.peanutoem.com\/wp-content\/uploads\/2024\/09\/Chocolate-Peanut-Butter-on-Bread.webp\" alt=\"\u010cokol\u00e1dov\u00e9 ara\u0161idov\u00e9 maslo na chlebe\" width=\"912\" height=\"1144\" srcset=\"https:\/\/www.peanutoem.com\/wp-content\/uploads\/2024\/09\/Chocolate-Peanut-Butter-on-Bread.webp 912w, https:\/\/www.peanutoem.com\/wp-content\/uploads\/2024\/09\/Chocolate-Peanut-Butter-on-Bread-239x300.webp 239w, https:\/\/www.peanutoem.com\/wp-content\/uploads\/2024\/09\/Chocolate-Peanut-Butter-on-Bread-816x1024.webp 816w, https:\/\/www.peanutoem.com\/wp-content\/uploads\/2024\/09\/Chocolate-Peanut-Butter-on-Bread-768x963.webp 768w, https:\/\/www.peanutoem.com\/wp-content\/uploads\/2024\/09\/Chocolate-Peanut-Butter-on-Bread-10x12.webp 10w, https:\/\/www.peanutoem.com\/wp-content\/uploads\/2024\/09\/Chocolate-Peanut-Butter-on-Bread-600x753.webp 600w\" sizes=\"auto, (max-width: 912px) 100vw, 912px\" \/><\/h3>\n<h3>Pre\u010do si vybra\u0165 n\u00e1s ako svojho partnersk\u00e9ho dod\u00e1vate\u013ea?<\/h3>\n<p>Sme popredn\u00fdm v\u00fdrobcom a v\u00fdvozcom \u010dokol\u00e1dov\u00e9ho ara\u0161idov\u00e9ho masla priv\u00e1tnych zna\u010diek OEM.<\/p>\n<ul>\n<li><strong>Odbornos\u0165 na prisp\u00f4sobenie:<\/strong> Pon\u00fakame plne prisp\u00f4soben\u00e9 formul\u00e1cie, ktor\u00e9 zodpovedaj\u00fa va\u0161im \u0161pecifick\u00fdm po\u017eiadavk\u00e1m na chu\u0165, text\u00faru a balenie.<\/li>\n<li><strong>Pr\u00e9miov\u00e9 ingrediencie:<\/strong> Pou\u017e\u00edvajte iba ara\u0161idy a \u010dokol\u00e1du najvy\u0161\u0161ej kvality.<\/li>\n<li><strong>Pokro\u010dil\u00e1 v\u00fdroba:<\/strong> Na\u0161e najmodernej\u0161ie zariadenia s\u00fa vybaven\u00e9 \u0161pi\u010dkov\u00fdmi v\u00fdrobn\u00fdmi linkami z USA, ktor\u00e9 zais\u0165uj\u00fa konzistentn\u00fa kvalitu a efektivitu v ka\u017edej \u0161ar\u017ei.<\/li>\n<li><strong>Certifik\u00e1ty a zabezpe\u010denie kvality:<\/strong> Sme dr\u017eite\u013emi r\u00f4znych certifik\u00e1ci\u00ed, vr\u00e1tane BRCGS, Kosher, Halal a HACCP, ktor\u00e9 zaru\u010duj\u00fa s\u00falad s medzin\u00e1rodn\u00fdmi normami bezpe\u010dnosti a kvality.<\/li>\n<li><strong>Glob\u00e1lna distrib\u00facia:<\/strong> S rozsiahlymi sk\u00fasenos\u0165ami v medzin\u00e1rodnom obchode vyv\u00e1\u017eame \u010dokol\u00e1dov\u00e9 ara\u0161idov\u00e9 maslo na trhy po celom svete, \u010d\u00edm zabezpe\u010dujeme bezprobl\u00e9mov\u00fa logistiku a v\u010dasn\u00e9 dod\u00e1vky.<\/li>\n<\/ul>\n<h3>Hor\u00face t\u00e9my<\/h3>\n<div class=\"group\/conversation-turn relative flex w-full min-w-0 flex-col agent-turn\">\n<div class=\"flex-col gap-1 md:gap-3\">\n<div class=\"flex max-w-full flex-col flex-grow\">\n<div class=\"min-h-8 text-message flex w-full flex-col items-end gap-2 whitespace-normal break-words [.text-message+&amp;]:mt-5\" dir=\"auto\" data-message-author-role=\"assistant\" data-message-id=\"61c5f9c1-377c-4081-b461-888734723e68\">\n<div class=\"flex w-full flex-col gap-1 empty:hidden first:pt-[3px]\">\n<div class=\"markdown prose w-full break-words dark:prose-invert dark\">\n<ul>\n<li><span style=\"color: #282828;\"><strong>In Dezerty<\/strong><\/span><br \/>\n<span style=\"color: #282828;\">Ara\u0161idov\u00e9 maslo s \u010dokol\u00e1dou sl\u00fa\u017ei ako v\u0161estrann\u00e1 pr\u00edsada, ktor\u00e1 v\u00fdrazne zvy\u0161uje kvalitu a chu\u0165 dezertov, ako s\u00fa torty, brownies a zmrzliny. Jeho kr\u00e9mov\u00e1 text\u00fara a bohat\u00e1 chu\u0165 z neho robia vynikaj\u00faceho spolo\u010dn\u00edka do pe\u010diva a cukroviniek.<\/span><\/li>\n<li><span style=\"color: #282828;\"><strong>V\u00fdhody pre zdravie<\/strong><\/span><br \/>\n<span style=\"color: #282828;\">Okrem svojej neodolate\u013enej lahodnosti je t\u00e1to n\u00e1tierka bohat\u00e1 na bielkoviny, zdrav\u00e9 tuky a vl\u00e1kninu, \u010d\u00edm poskytuje telu nutri\u010dn\u00fa podporu. Ke\u010f je vyroben\u00fd z tmavej \u010dokol\u00e1dy, prid\u00e1va antioxida\u010dn\u00e9 vlastnosti, \u010do d\u00e1va produktu zdrav\u00fa pr\u00ed\u0165a\u017elivos\u0165, ktor\u00e1 pri\u0165ahuje spotrebite\u013eov, ktor\u00ed si uvedomuj\u00fa zdravie.<\/span><\/li>\n<li><span style=\"color: #282828;\"><strong>Glob\u00e1lna popularita<\/strong><\/span><br \/>\n<span style=\"color: #282828;\">Ke\u010f\u017ee spotrebitelia st\u00e1le viac vyh\u013ead\u00e1vaj\u00fa pochutiny, ktor\u00e9 uspokoja ich chu\u0165ov\u00e9 poh\u00e1riky a z\u00e1rove\u0148 s\u00fa v\u00fd\u017eivn\u00e9, \u010dokol\u00e1dov\u00e9 ara\u0161idov\u00e9 maslo si na glob\u00e1lnom trhu z\u00edskalo obrovsk\u00fa popularitu. \u00daspe\u0161ne kombinuje chu\u0165 a v\u00fd\u017eivu, \u010d\u00edm si z\u00edskava \u0161irok\u00fd obdiv det\u00ed aj dospel\u00fdch.<\/span><\/li>\n<li><span style=\"color: #282828;\"><strong>Kreat\u00edvne vyu\u017eitie<\/strong><\/span><br \/>\n<span style=\"color: #282828;\">Okrem tradi\u010dn\u00fdch p\u00e1rovan\u00ed, ako s\u00fa toasty alebo sendvi\u010de, mo\u017eno t\u00fato ingredienciu kreat\u00edvne za\u010dleni\u0165 do smoothies, energetick\u00fdch ty\u010diniek alebo pou\u017ei\u0165 ako n\u00e1pl\u0148 do pe\u010diva. Jeho jedine\u010dn\u00e1 prisp\u00f4sobivos\u0165 chuti mu umo\u017e\u0148uje za\u017eiari\u0165 v sladk\u00fdch aj slan\u00fdch jedl\u00e1ch, v\u010faka \u010domu je z\u00e1kladom mnoh\u00fdch dom\u00e1cich kuch\u00fd\u0148.<\/span><\/li>\n<\/ul>\n<\/div>\n<\/div>\n<\/div>\n<\/div>\n<\/div>\n<\/div>\n<hr \/>\n<h3><img loading=\"lazy\" decoding=\"async\" class=\"alignnone wp-image-1683 size-full\" src=\"https:\/\/www.peanutoem.com\/wp-content\/uploads\/2024\/09\/Chocolate-Peanut-Butter-Served.webp\" alt=\"\u010cokol\u00e1dov\u00e9 ara\u0161idov\u00e9 maslo pod\u00e1van\u00e9\" width=\"896\" height=\"1152\" srcset=\"https:\/\/www.peanutoem.com\/wp-content\/uploads\/2024\/09\/Chocolate-Peanut-Butter-Served.webp 896w, https:\/\/www.peanutoem.com\/wp-content\/uploads\/2024\/09\/Chocolate-Peanut-Butter-Served-233x300.webp 233w, https:\/\/www.peanutoem.com\/wp-content\/uploads\/2024\/09\/Chocolate-Peanut-Butter-Served-796x1024.webp 796w, https:\/\/www.peanutoem.com\/wp-content\/uploads\/2024\/09\/Chocolate-Peanut-Butter-Served-768x987.webp 768w, https:\/\/www.peanutoem.com\/wp-content\/uploads\/2024\/09\/Chocolate-Peanut-Butter-Served-9x12.webp 9w, https:\/\/www.peanutoem.com\/wp-content\/uploads\/2024\/09\/Chocolate-Peanut-Butter-Served-600x771.webp 600w\" sizes=\"auto, (max-width: 896px) 100vw, 896px\" \/><\/h3>\n<h3>\u010cokol\u00e1dov\u00e9 ara\u0161idov\u00e9 maslo \u2013 \u010dast\u00e9 ot\u00e1zky<\/h3>\n<ol>\n<li><strong>Ak\u00e1 je va\u0161a hlavn\u00e1 konkuren\u010dn\u00e1 v\u00fdhoda ako popredn\u00fd v\u00fdrobca OEM?<\/strong><br \/>\nVynik\u00e1me t\u00fdm, \u017ee pon\u00fakame r\u00f4zne slu\u017eby prisp\u00f4sobenia, vyber\u00e1me vysokokvalitn\u00e9 ingrediencie a vyu\u017e\u00edvame pokro\u010dil\u00e9 v\u00fdrobn\u00e9 technol\u00f3gie. To zais\u0165uje, \u017ee ka\u017ed\u00e1 \u0161ar\u017ea ara\u0161idov\u00e9ho masla vynik\u00e1 na trhu a sp\u013a\u0148a jedine\u010dn\u00e9 potreby na\u0161ich klientov.<\/li>\n<li><strong>M\u00f4\u017eete upravi\u0165 pomer \u010dokol\u00e1dy a ara\u0161idov pod\u013ea mojich \u0161pecifik\u00e1ci\u00ed a vytvori\u0165 vlastn\u00fd vzorec pre moju zna\u010dku?<\/strong><br \/>\nAbsol\u00fatne! Poskytujeme komplexn\u00e9 slu\u017eby prisp\u00f4sobenia chuti, ktor\u00e9 v\u00e1m pom\u00f4\u017eu n\u00e1js\u0165 dokonal\u00fa rovnov\u00e1hu medzi \u010dokol\u00e1dou a ara\u0161idmi a z\u00e1rove\u0148 vyv\u00edjame jedine\u010dn\u00fd vzorec, ktor\u00fd zvy\u0161uje konkurencieschopnos\u0165 va\u0161ej zna\u010dky na trhu.<\/li>\n<li><strong>Ak\u00e9 mo\u017enosti balenia pon\u00fakate?<\/strong><br \/>\nPon\u00fakame r\u00f4zne obalov\u00e9 rie\u0161enia, vr\u00e1tane elegantn\u00fdch t\u00e9glikov, pohodln\u00fdch stl\u00e1\u010dac\u00edch vreciek a ve\u013ekoobjemov\u00fdch n\u00e1dob vhodn\u00fdch na skladovanie vo ve\u013ekom meradle. V\u0161etky obaly je mo\u017en\u00e9 prisp\u00f4sobi\u0165 tak, aby odr\u00e1\u017eali identitu va\u0161ej zna\u010dky a marketingov\u00fa strat\u00e9giu.<\/li>\n<li><strong>Pon\u00fakate bio \u010dokol\u00e1dov\u00e9 ara\u0161idov\u00e9 maslo a ako zabezpe\u010dujete kvalitu produktov?<\/strong><br \/>\n\u00c1no, vyr\u00e1bame ara\u0161idov\u00e9 maslo s biocertifik\u00e1ciou E\u00da, vyroben\u00e9 zo zlo\u017eiek, ktor\u00e9 sp\u013a\u0148aj\u00fa ekologick\u00e9 normy. Okrem toho sme zaviedli pr\u00edsny syst\u00e9m riadenia kvality, vr\u00e1tane vn\u00fatropodnikov\u00e9ho laborat\u00f3rneho testovania, aby sme zabezpe\u010dili, \u017ee ka\u017ed\u00e1 \u0161ar\u017ea sp\u013a\u0148a najvy\u0161\u0161ie \u0161tandardy chuti, text\u00fary a bezpe\u010dnosti.<\/li>\n<li><strong>M\u00f4\u017eem po\u017eiada\u0165 o vzorky na ochutnanie pred vykonan\u00edm ve\u013ekej objedn\u00e1vky a podporujete glob\u00e1lny export?<\/strong><br \/>\nUr\u010dite! Radi v\u00e1m poskytneme vzorov\u00e9 \u0161ar\u017ee na vyhodnotenie pred \u00faplnou v\u00fdrobou. Okrem toho m\u00e1me rozsiahle sk\u00fasenosti s glob\u00e1lnym exportom, \u010d\u00edm zais\u0165ujeme, \u017ee va\u0161e produkty dorazia bezpe\u010dne a v\u010das do cel\u00e9ho sveta.<\/li>\n<\/ol>\n<a href=\"mailto:globepeanut@gmail.com\" class=\"button primary is-primary is-medium\"  >\n    <span>Nap\u00ed\u0161te n\u00e1m<\/span>\n  <\/a>","protected":false},"excerpt":{"rendered":"<table width=\"564\">\n<tbody>\n<tr>\n<td width=\"113\"><strong>N\u00e1zov produktu<\/strong><\/td>\n<td width=\"402\">\u010cokol\u00e1dov\u00e9 ara\u0161idov\u00e9 maslo<\/td>\n<\/tr>\n<tr>\n<td width=\"113\"><strong>\u0160pecifik\u00e1cie<\/strong><\/td>\n<td width=\"402\">200gx36, 227gx24, 340gx12, 375gx12, 500gx12, 510gx12, 1kgx12, 10kgx1, 20kgx1, 220kgx1<\/td>\n<\/tr>\n<tr>\n<td width=\"113\"><strong>Baliaci formul\u00e1r<\/strong><\/td>\n<td width=\"402\">N\u00e1doba, vedro, balenie doy, ta\u0161ka, kart\u00f3n, plechovka, sud, plechovka, f\u013ea\u0161a at\u010f<\/td>\n<\/tr>\n<tr>\n<td width=\"113\"><strong>Dodacia lehota<\/strong><\/td>\n<td width=\"402\">7 ~ 20 dn\u00ed po objedn\u00e1vke<\/td>\n<\/tr>\n<tr>\n<td width=\"113\"><strong>MOQ<\/strong><\/td>\n<td width=\"402\">Jedna tona<\/td>\n<\/tr>\n<tr>\n<td width=\"113\"><strong>Uk\u00e1\u017eka<\/strong><\/td>\n<td width=\"402\">K dispoz\u00edcii bezplatn\u00e1 vzorka<\/td>\n<\/tr>\n<tr>\n<td width=\"113\"><strong>OEM<\/strong><\/td>\n<td width=\"402\">\u0160t\u00edtok kupuj\u00faceho prijat\u00fd<\/td>\n<\/tr>\n<\/tbody>\n<\/table>\n<p>&nbsp;<\/p>","protected":false},"featured_media":1671,"comment_status":"open","ping_status":"closed","template":"","meta":[],"product_cat":[15],"product_tag":[],"class_list":{"0":"post-1638","1":"product","2":"type-product","3":"status-publish","4":"has-post-thumbnail","6":"product_cat-peanut-butter","8":"first","9":"instock","10":"shipping-taxable","11":"product-type-simple"},"yoast_head":"<!-- This site is optimized with the Yoast SEO plugin v24.9 - https:\/\/yoast.com\/wordpress\/plugins\/seo\/ -->\n<title>Chocolate Peanut Butter Manufacturer OEM - China Peanut Butter Factory<\/title>\n<meta name=\"description\" content=\"Leading chocolate peanut butter OEM private label manufacturer and exporter. Discover premium, customized chocolate peanut butter from us.\" \/>\n<meta name=\"robots\" content=\"index, follow, max-snippet:-1, max-image-preview:large, max-video-preview:-1\" \/>\n<link rel=\"canonical\" href=\"https:\/\/www.peanutoem.com\/sk\/manufacturer\/chocolate-peanut-butter\/\" \/>\n<meta property=\"og:locale\" content=\"sk_SK\" \/>\n<meta property=\"og:type\" content=\"article\" \/>\n<meta property=\"og:title\" content=\"Chocolate Peanut Butter Manufacturer OEM - China Peanut Butter Factory\" \/>\n<meta property=\"og:description\" content=\"Leading chocolate peanut butter OEM private label manufacturer and exporter. Discover premium, customized chocolate peanut butter from us.\" \/>\n<meta property=\"og:url\" content=\"https:\/\/www.peanutoem.com\/sk\/manufacturer\/chocolate-peanut-butter\/\" \/>\n<meta property=\"og:site_name\" content=\"Peanut Butter Factory\" \/>\n<meta property=\"article:modified_time\" content=\"2024-10-06T09:55:00+00:00\" \/>\n<meta property=\"og:image\" content=\"https:\/\/www.peanutoem.com\/wp-content\/uploads\/2024\/09\/Peanut-Butter-Chocolate-Flavor.webp\" \/>\n\t<meta property=\"og:image:width\" content=\"819\" \/>\n\t<meta property=\"og:image:height\" content=\"975\" \/>\n\t<meta property=\"og:image:type\" content=\"image\/webp\" \/>\n<meta name=\"twitter:card\" content=\"summary_large_image\" \/>\n<meta name=\"twitter:label1\" content=\"Predpokladan\u00fd \u010das \u010d\u00edtania\" \/>\n\t<meta name=\"twitter:data1\" content=\"4 min\u00faty\" \/>\n<script type=\"application\/ld+json\" class=\"yoast-schema-graph\">{\"@context\":\"https:\/\/schema.org\",\"@graph\":[{\"@type\":\"WebPage\",\"@id\":\"https:\/\/www.peanutoem.com\/manufacturer\/chocolate-peanut-butter\/\",\"url\":\"https:\/\/www.peanutoem.com\/manufacturer\/chocolate-peanut-butter\/\",\"name\":\"Chocolate Peanut Butter Manufacturer OEM - China Peanut Butter Factory\",\"isPartOf\":{\"@id\":\"https:\/\/www.peanutoem.com\/#website\"},\"primaryImageOfPage\":{\"@id\":\"https:\/\/www.peanutoem.com\/manufacturer\/chocolate-peanut-butter\/#primaryimage\"},\"image\":{\"@id\":\"https:\/\/www.peanutoem.com\/manufacturer\/chocolate-peanut-butter\/#primaryimage\"},\"thumbnailUrl\":\"https:\/\/www.peanutoem.com\/wp-content\/uploads\/2024\/09\/Peanut-Butter-Chocolate-Flavor.webp\",\"datePublished\":\"2024-09-10T12:30:11+00:00\",\"dateModified\":\"2024-10-06T09:55:00+00:00\",\"description\":\"Leading chocolate peanut butter OEM private label manufacturer and exporter. Discover premium, customized chocolate peanut butter from us.\",\"breadcrumb\":{\"@id\":\"https:\/\/www.peanutoem.com\/manufacturer\/chocolate-peanut-butter\/#breadcrumb\"},\"inLanguage\":\"sk-SK\",\"potentialAction\":[{\"@type\":\"ReadAction\",\"target\":[\"https:\/\/www.peanutoem.com\/manufacturer\/chocolate-peanut-butter\/\"]}]},{\"@type\":\"ImageObject\",\"inLanguage\":\"sk-SK\",\"@id\":\"https:\/\/www.peanutoem.com\/manufacturer\/chocolate-peanut-butter\/#primaryimage\",\"url\":\"https:\/\/www.peanutoem.com\/wp-content\/uploads\/2024\/09\/Peanut-Butter-Chocolate-Flavor.webp\",\"contentUrl\":\"https:\/\/www.peanutoem.com\/wp-content\/uploads\/2024\/09\/Peanut-Butter-Chocolate-Flavor.webp\",\"width\":819,\"height\":975,\"caption\":\"Peanut Butter Chocolate Flavor\"},{\"@type\":\"BreadcrumbList\",\"@id\":\"https:\/\/www.peanutoem.com\/manufacturer\/chocolate-peanut-butter\/#breadcrumb\",\"itemListElement\":[{\"@type\":\"ListItem\",\"position\":1,\"name\":\"Home\",\"item\":\"https:\/\/www.peanutoem.com\/\"},{\"@type\":\"ListItem\",\"position\":2,\"name\":\"Products\",\"item\":\"https:\/\/www.peanutoem.com\/shop\/\"},{\"@type\":\"ListItem\",\"position\":3,\"name\":\"Chocolate Peanut Butter\"}]},{\"@type\":\"WebSite\",\"@id\":\"https:\/\/www.peanutoem.com\/#website\",\"url\":\"https:\/\/www.peanutoem.com\/\",\"name\":\"Peanut Butter Factory\",\"description\":\"Peanut Butter Manufacturer and Roast Peanut OEM Factory | Peanut Private Label China Supplier\",\"publisher\":{\"@id\":\"https:\/\/www.peanutoem.com\/#organization\"},\"alternateName\":\"Peanut Butter OEM and Wholesale\",\"potentialAction\":[{\"@type\":\"SearchAction\",\"target\":{\"@type\":\"EntryPoint\",\"urlTemplate\":\"https:\/\/www.peanutoem.com\/?s={search_term_string}\"},\"query-input\":{\"@type\":\"PropertyValueSpecification\",\"valueRequired\":true,\"valueName\":\"search_term_string\"}}],\"inLanguage\":\"sk-SK\"},{\"@type\":\"Organization\",\"@id\":\"https:\/\/www.peanutoem.com\/#organization\",\"name\":\"Peanut Butter Factory\",\"alternateName\":\"JuFeng Group\",\"url\":\"https:\/\/www.peanutoem.com\/\",\"logo\":{\"@type\":\"ImageObject\",\"inLanguage\":\"sk-SK\",\"@id\":\"https:\/\/www.peanutoem.com\/#\/schema\/logo\/image\/\",\"url\":\"https:\/\/www.peanutoem.com\/wp-content\/uploads\/2024\/09\/JUFENG-LOGO.png\",\"contentUrl\":\"https:\/\/www.peanutoem.com\/wp-content\/uploads\/2024\/09\/JUFENG-LOGO.png\",\"width\":600,\"height\":170,\"caption\":\"Peanut Butter Factory\"},\"image\":{\"@id\":\"https:\/\/www.peanutoem.com\/#\/schema\/logo\/image\/\"}}]}<\/script>\n<!-- \/ Yoast SEO plugin. -->","yoast_head_json":{"title":"Chocolate Peanut Butter Manufacturer OEM - China Peanut Butter Factory","description":"Leading chocolate peanut butter OEM private label manufacturer and exporter. Discover premium, customized chocolate peanut butter from us.","robots":{"index":"index","follow":"follow","max-snippet":"max-snippet:-1","max-image-preview":"max-image-preview:large","max-video-preview":"max-video-preview:-1"},"canonical":"https:\/\/www.peanutoem.com\/sk\/manufacturer\/chocolate-peanut-butter\/","og_locale":"sk_SK","og_type":"article","og_title":"Chocolate Peanut Butter Manufacturer OEM - China Peanut Butter Factory","og_description":"Leading chocolate peanut butter OEM private label manufacturer and exporter. Discover premium, customized chocolate peanut butter from us.","og_url":"https:\/\/www.peanutoem.com\/sk\/manufacturer\/chocolate-peanut-butter\/","og_site_name":"Peanut Butter Factory","article_modified_time":"2024-10-06T09:55:00+00:00","og_image":[{"width":819,"height":975,"url":"https:\/\/www.peanutoem.com\/wp-content\/uploads\/2024\/09\/Peanut-Butter-Chocolate-Flavor.webp","type":"image\/webp"}],"twitter_card":"summary_large_image","twitter_misc":{"Predpokladan\u00fd \u010das \u010d\u00edtania":"4 min\u00faty"},"schema":{"@context":"https:\/\/schema.org","@graph":[{"@type":"WebPage","@id":"https:\/\/www.peanutoem.com\/manufacturer\/chocolate-peanut-butter\/","url":"https:\/\/www.peanutoem.com\/manufacturer\/chocolate-peanut-butter\/","name":"Chocolate Peanut Butter Manufacturer OEM - China Peanut Butter Factory","isPartOf":{"@id":"https:\/\/www.peanutoem.com\/#website"},"primaryImageOfPage":{"@id":"https:\/\/www.peanutoem.com\/manufacturer\/chocolate-peanut-butter\/#primaryimage"},"image":{"@id":"https:\/\/www.peanutoem.com\/manufacturer\/chocolate-peanut-butter\/#primaryimage"},"thumbnailUrl":"https:\/\/www.peanutoem.com\/wp-content\/uploads\/2024\/09\/Peanut-Butter-Chocolate-Flavor.webp","datePublished":"2024-09-10T12:30:11+00:00","dateModified":"2024-10-06T09:55:00+00:00","description":"Leading chocolate peanut butter OEM private label manufacturer and exporter. Discover premium, customized chocolate peanut butter from us.","breadcrumb":{"@id":"https:\/\/www.peanutoem.com\/manufacturer\/chocolate-peanut-butter\/#breadcrumb"},"inLanguage":"sk-SK","potentialAction":[{"@type":"ReadAction","target":["https:\/\/www.peanutoem.com\/manufacturer\/chocolate-peanut-butter\/"]}]},{"@type":"ImageObject","inLanguage":"sk-SK","@id":"https:\/\/www.peanutoem.com\/manufacturer\/chocolate-peanut-butter\/#primaryimage","url":"https:\/\/www.peanutoem.com\/wp-content\/uploads\/2024\/09\/Peanut-Butter-Chocolate-Flavor.webp","contentUrl":"https:\/\/www.peanutoem.com\/wp-content\/uploads\/2024\/09\/Peanut-Butter-Chocolate-Flavor.webp","width":819,"height":975,"caption":"Peanut Butter Chocolate Flavor"},{"@type":"BreadcrumbList","@id":"https:\/\/www.peanutoem.com\/manufacturer\/chocolate-peanut-butter\/#breadcrumb","itemListElement":[{"@type":"ListItem","position":1,"name":"Home","item":"https:\/\/www.peanutoem.com\/"},{"@type":"ListItem","position":2,"name":"Products","item":"https:\/\/www.peanutoem.com\/shop\/"},{"@type":"ListItem","position":3,"name":"Chocolate Peanut Butter"}]},{"@type":"WebSite","@id":"https:\/\/www.peanutoem.com\/#website","url":"https:\/\/www.peanutoem.com\/","name":"Peanut Butter Factory","description":"Peanut Butter Manufacturer and Roast Peanut OEM Factory | Peanut Private Label China Supplier","publisher":{"@id":"https:\/\/www.peanutoem.com\/#organization"},"alternateName":"Peanut Butter OEM and Wholesale","potentialAction":[{"@type":"SearchAction","target":{"@type":"EntryPoint","urlTemplate":"https:\/\/www.peanutoem.com\/?s={search_term_string}"},"query-input":{"@type":"PropertyValueSpecification","valueRequired":true,"valueName":"search_term_string"}}],"inLanguage":"sk-SK"},{"@type":"Organization","@id":"https:\/\/www.peanutoem.com\/#organization","name":"Peanut Butter Factory","alternateName":"JuFeng Group","url":"https:\/\/www.peanutoem.com\/","logo":{"@type":"ImageObject","inLanguage":"sk-SK","@id":"https:\/\/www.peanutoem.com\/#\/schema\/logo\/image\/","url":"https:\/\/www.peanutoem.com\/wp-content\/uploads\/2024\/09\/JUFENG-LOGO.png","contentUrl":"https:\/\/www.peanutoem.com\/wp-content\/uploads\/2024\/09\/JUFENG-LOGO.png","width":600,"height":170,"caption":"Peanut Butter Factory"},"image":{"@id":"https:\/\/www.peanutoem.com\/#\/schema\/logo\/image\/"}}]}},"_links":{"self":[{"href":"https:\/\/www.peanutoem.com\/sk\/wp-json\/wp\/v2\/product\/1638","targetHints":{"allow":["GET"]}}],"collection":[{"href":"https:\/\/www.peanutoem.com\/sk\/wp-json\/wp\/v2\/product"}],"about":[{"href":"https:\/\/www.peanutoem.com\/sk\/wp-json\/wp\/v2\/types\/product"}],"replies":[{"embeddable":true,"href":"https:\/\/www.peanutoem.com\/sk\/wp-json\/wp\/v2\/comments?post=1638"}],"wp:featuredmedia":[{"embeddable":true,"href":"https:\/\/www.peanutoem.com\/sk\/wp-json\/wp\/v2\/media\/1671"}],"wp:attachment":[{"href":"https:\/\/www.peanutoem.com\/sk\/wp-json\/wp\/v2\/media?parent=1638"}],"wp:term":[{"taxonomy":"product_cat","embeddable":true,"href":"https:\/\/www.peanutoem.com\/sk\/wp-json\/wp\/v2\/product_cat?post=1638"},{"taxonomy":"product_tag","embeddable":true,"href":"https:\/\/www.peanutoem.com\/sk\/wp-json\/wp\/v2\/product_tag?post=1638"}],"curies":[{"name":"wp","href":"https:\/\/api.w.org\/{rel}","templated":true}]}}