{"id":1393,"date":"2023-06-08T07:38:38","date_gmt":"2023-06-08T07:38:38","guid":{"rendered":"https:\/\/www.peanutoem.com\/?post_type=product&#038;p=1393"},"modified":"2024-10-09T12:10:08","modified_gmt":"2024-10-09T12:10:08","slug":"salty-peanut-butter","status":"publish","type":"product","link":"https:\/\/www.peanutoem.com\/sl\/manufacturer\/salty-peanut-butter\/","title":{"rendered":"Slano ara\u0161idovo maslo"},"content":{"rendered":"<h3>Vodilni ponudnik OEM in proizvajalec Salty pod lastno blagovno znamko <a href=\"https:\/\/www.peanutoem.com\/sl\/Wholesale\/peanut-butter\/\" target=\"_blank\" rel=\"noopener\">Ara\u0161idovo maslo<\/a><\/h3>\n<p>Ponosno ponujamo vrhunsko slano ara\u0161idovo maslo kot zaupanja vreden ponudnik originalne opreme, proizvajalec zasebne blagovne znamke in svetovni izvoznik. Izdelan s popolnim ravnovesjem pra\u017eenih ara\u0161idov in <a href=\"https:\/\/en.wikipedia.org\/wiki\/Salt\" target=\"_blank\" rel=\"noopener\">sol<\/a>, daje pikanten okus, idealen za prigrizke in kuhanje. Na\u0161e popolnoma prilagodljive proizvodne re\u0161itve omogo\u010dajo blagovnim znamkam, da ustvarijo edinstvene razli\u010dice s prilagodljivo embala\u017eo in velikostjo naro\u010dil.<\/p>\n<h3>Kaj je slano ara\u0161idovo maslo?<\/h3>\n<p>Slano ara\u0161idovo maslo je okusna razli\u010dica tradicionalnega ara\u0161idovega masla, ki ponuja pikanten pridih z dodano soljo. Ta vrsta ara\u0161idovega masla je v\u0161e\u010d potro\u0161nikom, ki i\u0161\u010dejo bolj drzno in manj sladko mo\u017enost. Sol pove\u010da naravno ore\u0161\u010dnost ara\u0161idov, zaradi \u010desar so priljubljeni za slane recepte, namaze in prigrizke.<\/p>\n<p><img loading=\"lazy\" decoding=\"async\" class=\"alignnone wp-image-1970 size-large\" src=\"https:\/\/www.peanutoem.com\/wp-content\/uploads\/2023\/06\/Seasalt-Peanut-Butter-200g-1-1024x461.webp\" alt=\"Morska sol, ara\u0161idovo maslo 200 g\" width=\"1020\" height=\"459\" srcset=\"https:\/\/www.peanutoem.com\/wp-content\/uploads\/2023\/06\/Seasalt-Peanut-Butter-200g-1-1024x461.webp 1024w, https:\/\/www.peanutoem.com\/wp-content\/uploads\/2023\/06\/Seasalt-Peanut-Butter-200g-1-300x135.webp 300w, https:\/\/www.peanutoem.com\/wp-content\/uploads\/2023\/06\/Seasalt-Peanut-Butter-200g-1-768x346.webp 768w, https:\/\/www.peanutoem.com\/wp-content\/uploads\/2023\/06\/Seasalt-Peanut-Butter-200g-1-1536x691.webp 1536w, https:\/\/www.peanutoem.com\/wp-content\/uploads\/2023\/06\/Seasalt-Peanut-Butter-200g-1-2048x922.webp 2048w, https:\/\/www.peanutoem.com\/wp-content\/uploads\/2023\/06\/Seasalt-Peanut-Butter-200g-1-18x8.webp 18w, https:\/\/www.peanutoem.com\/wp-content\/uploads\/2023\/06\/Seasalt-Peanut-Butter-200g-1-600x270.webp 600w\" sizes=\"auto, (max-width: 1020px) 100vw, 1020px\" \/><\/p>\n<h3>Kak\u0161na so druga imena?<\/h3>\n<p>Slano ara\u0161idovo maslo lahko imenujemo tudi:<\/p>\n<ul>\n<li><strong>Okusno ara\u0161idovo maslo<\/strong><\/li>\n<li><strong>Slano ara\u0161idovo maslo<\/strong><\/li>\n<li><strong>Ara\u0161idovo maslo s soljo<\/strong><\/li>\n<li><strong>Ara\u0161idovo maslo, prepojeno s soljo<\/strong><\/li>\n<\/ul>\n<p>Ta imena poudarjajo izrazit okusni element, zaradi katerega je slano ara\u0161idovo maslo edinstven in priljubljen izdelek.<\/p>\n<h3>Zakaj izbrati nas za svojega dobavitelja?<\/h3>\n<p>Kot zaupanja vreden ponudnik OEM in proizvajalec zasebnih blagovnih znamk ponujamo:<\/p>\n<ul>\n<li><strong>Prilagodljivo slano ara\u0161idovo maslo<\/strong>: Izdelki, prilagojeni va\u0161i blagovni znamki.<\/li>\n<li><strong>Globalno <a href=\"https:\/\/www.peanutoem.com\/sl\/certificate\/\" target=\"_blank\" rel=\"noopener\">Certifikati<\/a><\/strong>: Na\u0161i standardi vklju\u010dujejo HACCP, BRCGS, Halal, Kosher in EU Organic, kar zagotavlja vrhunsko kakovost.<\/li>\n<li><strong>Vsestranske mo\u017enosti pakiranja<\/strong>: Izdelujemo razli\u010dne velikosti, od maloprodajnih kozarcev do posod za razsuti tovor.<\/li>\n<li><strong>Globalno strokovno znanje o izvozu<\/strong>: Zanesljivo dobavljamo na mednarodne trge.<\/li>\n<\/ul>\n<h3>Pogosta vpra\u0161anja o ara\u0161idovem maslu s soljo<\/h3>\n<ol>\n<li><strong>Kaj lo\u010di va\u0161e slano ara\u0161idovo maslo?<\/strong><br \/>\nDobavljamo vrhunsko, dosledno ara\u0161idovo maslo s soljo s prilagodljivimi mo\u017enostmi za proizvodnjo zasebnih blagovnih znamk.<\/li>\n<li><strong>Katere sestavine uporabljate?<\/strong><br \/>\nNa\u0161e slano ara\u0161idovo maslo vsebuje visokokakovostne pra\u017eene ara\u0161ide in natan\u010dno odmerjeno sol, brez dodatkov.<\/li>\n<li><strong>Ali lahko prilagodim vsebnost soli?<\/strong><br \/>\nDa, ponujamo prilagodljivost glede ravni soli, da se ujemajo s profilom okusa va\u0161e znamke.<\/li>\n<li><strong>Katere mo\u017enosti pakiranja so na voljo?<\/strong><br \/>\nNudimo kozarce, vedra in vre\u010dke v velikostih, primernih tako za maloprodajo kot za distribucijo v razsutem stanju.<\/li>\n<li><strong>Kako dolg je dobavni rok?<\/strong><br \/>\nDostava obi\u010dajno traja od 7 do 20 dni, odvisno od velikosti naro\u010dila in specifikacij.<\/li>\n<li><strong>Ali ponujate storitve trgovske znamke?<\/strong><br \/>\nDa, specializirani smo za storitve zasebnih blagovnih znamk s popolno prilagoditvijo blagovne znamke in embala\u017ee.<\/li>\n<li><strong>Kak\u0161na je najmanj\u0161a koli\u010dina naro\u010dila (MOQ)?<\/strong><br \/>\nNa\u0161a MOQ je ena tona in je primerna za velika in manj\u0161a podjetja.<\/li>\n<\/ol>\n<h3>Odkrijte vsestranskost na\u0161ih izdelkov po meri<\/h3>\n<p>Slano ara\u0161idovo maslo je vsestranska izbira za tiste, ki i\u0161\u010dejo slano alternativo sladkim razli\u010dicam. Njegov edinstven okus izbolj\u0161a prigrizke in kuhanje, zaradi \u010desar je popoln za namaze, pomake in omake. Zadovoljujemo nara\u0161\u010dajo\u010de povpra\u0161evanje po okusnih in visokokakovostnih mo\u017enostih, hkrati pa nudimo popolno prilagoditev va\u0161im potrebam.<\/p>\n<p>Kot va\u0161 zanesljiv partner OEM in zasebnih blagovnih znamk nudimo visokokakovostne, prilagodljive mo\u017enosti z globalnimi izvoznimi zmogljivostmi, ki zagotavljajo odli\u010dnost v vsakem kozarcu.<\/p>\n<a href=\"mailto:globepeanut@gmail.com\" class=\"button primary is-primary is-medium\"  >\n    <span>Pi\u0161ite nam<\/span>\n  <\/a>","protected":false},"excerpt":{"rendered":"<table width=\"564\">\n<tbody>\n<tr>\n<td width=\"113\"><strong>Ime izdelka<\/strong><\/td>\n<td width=\"402\">Slano ara\u0161idovo maslo<\/td>\n<\/tr>\n<tr>\n<td width=\"113\"><strong>Sestavine<\/strong><\/td>\n<td width=\"402\">Izbrana jedrca ara\u0161idov, sol<\/td>\n<\/tr>\n<tr>\n<td width=\"113\"><strong>Specifikacije<\/strong><\/td>\n<td width=\"402\">227gx24, 340gx12, 375gx12, 500gx12, 510gx12, 1kgx12, 10kgx1, 20kgx1, 220kgx1<\/td>\n<\/tr>\n<tr>\n<td width=\"113\"><strong>Obrazec za pakiranje<\/strong><\/td>\n<td width=\"402\">Kozarec, vedro, paket Doy Pack, vre\u010dka, karton, plo\u010devinka, sod, plo\u010devinka, steklenica itd.<\/td>\n<\/tr>\n<tr>\n<td width=\"113\"><strong>\u010cas dostave<\/strong><\/td>\n<td width=\"402\">7~20 dni po naro\u010dilu<\/td>\n<\/tr>\n<tr>\n<td width=\"113\"><strong>MOQ<\/strong><\/td>\n<td width=\"402\">Ena tona<\/td>\n<\/tr>\n<tr>\n<td width=\"113\"><strong>Vzorec<\/strong><\/td>\n<td width=\"402\">Na voljo brezpla\u010den vzorec<\/td>\n<\/tr>\n<tr>\n<td width=\"113\"><strong>OEM<\/strong><\/td>\n<td width=\"402\">Oznaka kupca sprejeta<\/td>\n<\/tr>\n<\/tbody>\n<\/table>","protected":false},"featured_media":1968,"comment_status":"open","ping_status":"closed","template":"","meta":[],"product_cat":[15],"product_tag":[],"class_list":{"0":"post-1393","1":"product","2":"type-product","3":"status-publish","4":"has-post-thumbnail","6":"product_cat-peanut-butter","8":"first","9":"instock","10":"shipping-taxable","11":"product-type-simple"},"yoast_head":"<!-- This site is optimized with the Yoast SEO plugin v24.9 - https:\/\/yoast.com\/wordpress\/plugins\/seo\/ -->\n<title>Salty Peanut Butter China Exporter OEM - Peanut Butter Factory<\/title>\n<meta name=\"description\" content=\"Discover premium salty peanut butter OEM service. Your trusted private label manufacturer. Enjoy customizable production, various packaging.\" \/>\n<meta name=\"robots\" content=\"index, follow, max-snippet:-1, max-image-preview:large, max-video-preview:-1\" \/>\n<link rel=\"canonical\" href=\"https:\/\/www.peanutoem.com\/sl\/manufacturer\/salty-peanut-butter\/\" \/>\n<meta property=\"og:locale\" content=\"sl_SI\" \/>\n<meta property=\"og:type\" content=\"article\" \/>\n<meta property=\"og:title\" content=\"Salty Peanut Butter China Exporter OEM - Peanut Butter Factory\" \/>\n<meta property=\"og:description\" content=\"Discover premium salty peanut butter OEM service. Your trusted private label manufacturer. Enjoy customizable production, various packaging.\" \/>\n<meta property=\"og:url\" content=\"https:\/\/www.peanutoem.com\/sl\/manufacturer\/salty-peanut-butter\/\" \/>\n<meta property=\"og:site_name\" content=\"Peanut Butter Factory\" \/>\n<meta property=\"article:modified_time\" content=\"2024-10-09T12:10:08+00:00\" \/>\n<meta property=\"og:image\" content=\"https:\/\/www.peanutoem.com\/wp-content\/uploads\/2023\/06\/200g-seasalt-peanut-butter-1-scaled.webp\" \/>\n\t<meta property=\"og:image:width\" content=\"2560\" \/>\n\t<meta property=\"og:image:height\" content=\"1152\" \/>\n\t<meta property=\"og:image:type\" content=\"image\/webp\" \/>\n<meta name=\"twitter:card\" content=\"summary_large_image\" \/>\n<meta name=\"twitter:label1\" content=\"Est. reading time\" \/>\n\t<meta name=\"twitter:data1\" content=\"3 minute\" \/>\n<script type=\"application\/ld+json\" class=\"yoast-schema-graph\">{\"@context\":\"https:\/\/schema.org\",\"@graph\":[{\"@type\":\"WebPage\",\"@id\":\"https:\/\/www.peanutoem.com\/manufacturer\/salty-peanut-butter\/\",\"url\":\"https:\/\/www.peanutoem.com\/manufacturer\/salty-peanut-butter\/\",\"name\":\"Salty Peanut Butter China Exporter OEM - Peanut Butter Factory\",\"isPartOf\":{\"@id\":\"https:\/\/www.peanutoem.com\/#website\"},\"primaryImageOfPage\":{\"@id\":\"https:\/\/www.peanutoem.com\/manufacturer\/salty-peanut-butter\/#primaryimage\"},\"image\":{\"@id\":\"https:\/\/www.peanutoem.com\/manufacturer\/salty-peanut-butter\/#primaryimage\"},\"thumbnailUrl\":\"https:\/\/www.peanutoem.com\/wp-content\/uploads\/2023\/06\/200g-seasalt-peanut-butter-1-scaled.webp\",\"datePublished\":\"2023-06-08T07:38:38+00:00\",\"dateModified\":\"2024-10-09T12:10:08+00:00\",\"description\":\"Discover premium salty peanut butter OEM service. Your trusted private label manufacturer. Enjoy customizable production, various packaging.\",\"breadcrumb\":{\"@id\":\"https:\/\/www.peanutoem.com\/manufacturer\/salty-peanut-butter\/#breadcrumb\"},\"inLanguage\":\"sl-SI\",\"potentialAction\":[{\"@type\":\"ReadAction\",\"target\":[\"https:\/\/www.peanutoem.com\/manufacturer\/salty-peanut-butter\/\"]}]},{\"@type\":\"ImageObject\",\"inLanguage\":\"sl-SI\",\"@id\":\"https:\/\/www.peanutoem.com\/manufacturer\/salty-peanut-butter\/#primaryimage\",\"url\":\"https:\/\/www.peanutoem.com\/wp-content\/uploads\/2023\/06\/200g-seasalt-peanut-butter-1-scaled.webp\",\"contentUrl\":\"https:\/\/www.peanutoem.com\/wp-content\/uploads\/2023\/06\/200g-seasalt-peanut-butter-1-scaled.webp\",\"width\":2560,\"height\":1152,\"caption\":\"200g seasalt peanut butter\"},{\"@type\":\"BreadcrumbList\",\"@id\":\"https:\/\/www.peanutoem.com\/manufacturer\/salty-peanut-butter\/#breadcrumb\",\"itemListElement\":[{\"@type\":\"ListItem\",\"position\":1,\"name\":\"Home\",\"item\":\"https:\/\/www.peanutoem.com\/\"},{\"@type\":\"ListItem\",\"position\":2,\"name\":\"Products\",\"item\":\"https:\/\/www.peanutoem.com\/shop\/\"},{\"@type\":\"ListItem\",\"position\":3,\"name\":\"Salty Peanut Butter\"}]},{\"@type\":\"WebSite\",\"@id\":\"https:\/\/www.peanutoem.com\/#website\",\"url\":\"https:\/\/www.peanutoem.com\/\",\"name\":\"Peanut Butter Factory\",\"description\":\"Peanut Butter Manufacturer and Roast Peanut OEM Factory | Peanut Private Label China Supplier\",\"publisher\":{\"@id\":\"https:\/\/www.peanutoem.com\/#organization\"},\"alternateName\":\"Peanut Butter OEM and Wholesale\",\"potentialAction\":[{\"@type\":\"SearchAction\",\"target\":{\"@type\":\"EntryPoint\",\"urlTemplate\":\"https:\/\/www.peanutoem.com\/?s={search_term_string}\"},\"query-input\":{\"@type\":\"PropertyValueSpecification\",\"valueRequired\":true,\"valueName\":\"search_term_string\"}}],\"inLanguage\":\"sl-SI\"},{\"@type\":\"Organization\",\"@id\":\"https:\/\/www.peanutoem.com\/#organization\",\"name\":\"Peanut Butter Factory\",\"alternateName\":\"JuFeng Group\",\"url\":\"https:\/\/www.peanutoem.com\/\",\"logo\":{\"@type\":\"ImageObject\",\"inLanguage\":\"sl-SI\",\"@id\":\"https:\/\/www.peanutoem.com\/#\/schema\/logo\/image\/\",\"url\":\"https:\/\/www.peanutoem.com\/wp-content\/uploads\/2024\/09\/JUFENG-LOGO.png\",\"contentUrl\":\"https:\/\/www.peanutoem.com\/wp-content\/uploads\/2024\/09\/JUFENG-LOGO.png\",\"width\":600,\"height\":170,\"caption\":\"Peanut Butter Factory\"},\"image\":{\"@id\":\"https:\/\/www.peanutoem.com\/#\/schema\/logo\/image\/\"}}]}<\/script>\n<!-- \/ Yoast SEO plugin. -->","yoast_head_json":{"title":"Salty Peanut Butter China Exporter OEM - Peanut Butter Factory","description":"Discover premium salty peanut butter OEM service. Your trusted private label manufacturer. Enjoy customizable production, various packaging.","robots":{"index":"index","follow":"follow","max-snippet":"max-snippet:-1","max-image-preview":"max-image-preview:large","max-video-preview":"max-video-preview:-1"},"canonical":"https:\/\/www.peanutoem.com\/sl\/manufacturer\/salty-peanut-butter\/","og_locale":"sl_SI","og_type":"article","og_title":"Salty Peanut Butter China Exporter OEM - Peanut Butter Factory","og_description":"Discover premium salty peanut butter OEM service. Your trusted private label manufacturer. Enjoy customizable production, various packaging.","og_url":"https:\/\/www.peanutoem.com\/sl\/manufacturer\/salty-peanut-butter\/","og_site_name":"Peanut Butter Factory","article_modified_time":"2024-10-09T12:10:08+00:00","og_image":[{"width":2560,"height":1152,"url":"https:\/\/www.peanutoem.com\/wp-content\/uploads\/2023\/06\/200g-seasalt-peanut-butter-1-scaled.webp","type":"image\/webp"}],"twitter_card":"summary_large_image","twitter_misc":{"Est. reading time":"3 minute"},"schema":{"@context":"https:\/\/schema.org","@graph":[{"@type":"WebPage","@id":"https:\/\/www.peanutoem.com\/manufacturer\/salty-peanut-butter\/","url":"https:\/\/www.peanutoem.com\/manufacturer\/salty-peanut-butter\/","name":"Salty Peanut Butter China Exporter OEM - Peanut Butter Factory","isPartOf":{"@id":"https:\/\/www.peanutoem.com\/#website"},"primaryImageOfPage":{"@id":"https:\/\/www.peanutoem.com\/manufacturer\/salty-peanut-butter\/#primaryimage"},"image":{"@id":"https:\/\/www.peanutoem.com\/manufacturer\/salty-peanut-butter\/#primaryimage"},"thumbnailUrl":"https:\/\/www.peanutoem.com\/wp-content\/uploads\/2023\/06\/200g-seasalt-peanut-butter-1-scaled.webp","datePublished":"2023-06-08T07:38:38+00:00","dateModified":"2024-10-09T12:10:08+00:00","description":"Discover premium salty peanut butter OEM service. Your trusted private label manufacturer. Enjoy customizable production, various packaging.","breadcrumb":{"@id":"https:\/\/www.peanutoem.com\/manufacturer\/salty-peanut-butter\/#breadcrumb"},"inLanguage":"sl-SI","potentialAction":[{"@type":"ReadAction","target":["https:\/\/www.peanutoem.com\/manufacturer\/salty-peanut-butter\/"]}]},{"@type":"ImageObject","inLanguage":"sl-SI","@id":"https:\/\/www.peanutoem.com\/manufacturer\/salty-peanut-butter\/#primaryimage","url":"https:\/\/www.peanutoem.com\/wp-content\/uploads\/2023\/06\/200g-seasalt-peanut-butter-1-scaled.webp","contentUrl":"https:\/\/www.peanutoem.com\/wp-content\/uploads\/2023\/06\/200g-seasalt-peanut-butter-1-scaled.webp","width":2560,"height":1152,"caption":"200g seasalt peanut butter"},{"@type":"BreadcrumbList","@id":"https:\/\/www.peanutoem.com\/manufacturer\/salty-peanut-butter\/#breadcrumb","itemListElement":[{"@type":"ListItem","position":1,"name":"Home","item":"https:\/\/www.peanutoem.com\/"},{"@type":"ListItem","position":2,"name":"Products","item":"https:\/\/www.peanutoem.com\/shop\/"},{"@type":"ListItem","position":3,"name":"Salty Peanut Butter"}]},{"@type":"WebSite","@id":"https:\/\/www.peanutoem.com\/#website","url":"https:\/\/www.peanutoem.com\/","name":"Peanut Butter Factory","description":"Peanut Butter Manufacturer and Roast Peanut OEM Factory | Peanut Private Label China Supplier","publisher":{"@id":"https:\/\/www.peanutoem.com\/#organization"},"alternateName":"Peanut Butter OEM and Wholesale","potentialAction":[{"@type":"SearchAction","target":{"@type":"EntryPoint","urlTemplate":"https:\/\/www.peanutoem.com\/?s={search_term_string}"},"query-input":{"@type":"PropertyValueSpecification","valueRequired":true,"valueName":"search_term_string"}}],"inLanguage":"sl-SI"},{"@type":"Organization","@id":"https:\/\/www.peanutoem.com\/#organization","name":"Peanut Butter Factory","alternateName":"JuFeng Group","url":"https:\/\/www.peanutoem.com\/","logo":{"@type":"ImageObject","inLanguage":"sl-SI","@id":"https:\/\/www.peanutoem.com\/#\/schema\/logo\/image\/","url":"https:\/\/www.peanutoem.com\/wp-content\/uploads\/2024\/09\/JUFENG-LOGO.png","contentUrl":"https:\/\/www.peanutoem.com\/wp-content\/uploads\/2024\/09\/JUFENG-LOGO.png","width":600,"height":170,"caption":"Peanut Butter Factory"},"image":{"@id":"https:\/\/www.peanutoem.com\/#\/schema\/logo\/image\/"}}]}},"_links":{"self":[{"href":"https:\/\/www.peanutoem.com\/sl\/wp-json\/wp\/v2\/product\/1393","targetHints":{"allow":["GET"]}}],"collection":[{"href":"https:\/\/www.peanutoem.com\/sl\/wp-json\/wp\/v2\/product"}],"about":[{"href":"https:\/\/www.peanutoem.com\/sl\/wp-json\/wp\/v2\/types\/product"}],"replies":[{"embeddable":true,"href":"https:\/\/www.peanutoem.com\/sl\/wp-json\/wp\/v2\/comments?post=1393"}],"wp:featuredmedia":[{"embeddable":true,"href":"https:\/\/www.peanutoem.com\/sl\/wp-json\/wp\/v2\/media\/1968"}],"wp:attachment":[{"href":"https:\/\/www.peanutoem.com\/sl\/wp-json\/wp\/v2\/media?parent=1393"}],"wp:term":[{"taxonomy":"product_cat","embeddable":true,"href":"https:\/\/www.peanutoem.com\/sl\/wp-json\/wp\/v2\/product_cat?post=1393"},{"taxonomy":"product_tag","embeddable":true,"href":"https:\/\/www.peanutoem.com\/sl\/wp-json\/wp\/v2\/product_tag?post=1393"}],"curies":[{"name":"wp","href":"https:\/\/api.w.org\/{rel}","templated":true}]}}