{"id":1543,"date":"2024-09-02T13:37:15","date_gmt":"2024-09-02T13:37:15","guid":{"rendered":"https:\/\/www.peanutoem.com\/?post_type=product&#038;p=1543"},"modified":"2024-09-28T06:03:37","modified_gmt":"2024-09-28T06:03:37","slug":"pure-peanut-butter","status":"publish","type":"product","link":"https:\/\/www.peanutoem.com\/sl\/manufacturer\/pure-peanut-butter\/","title":{"rendered":"\u010cisto ara\u0161idovo maslo"},"content":{"rendered":"<h3>\u010cisto ara\u0161idovo maslo \u2013 vodilni ponudnik OEM in proizvajalec zasebnih blagovnih znamk<\/h3>\n<p>Specializirani smo za proizvodnjo in dobavo \u010distega ara\u0161idovega masla kot zaupanja vreden ponudnik OEM, zasebni proizvajalec in izvoznik. Na\u0161i izdelki so izdelani iz ara\u0161idov 100%, kar zagotavlja neprimerljivo kakovost in pristnost za va\u0161o blagovno znamko. Z naprednimi proizvodnimi zmogljivostmi in globalnimi certifikati prilagajamo na\u0161e re\u0161itve ara\u0161idovega masla va\u0161im posebnim zahtevam.<\/p>\n<h3>Kaj je \u010disto ara\u0161idovo maslo?<\/h3>\n<p><strong>\u010dista <a href=\"https:\/\/www.peanutoem.com\/sl\/Wholesale\/peanut-butter\/\" target=\"_blank\" rel=\"noopener\">ara\u0161idovo maslo<\/a><\/strong> je izdelan iz 100% <a href=\"https:\/\/en.wikipedia.org\/wiki\/Peanut\" target=\"_blank\" rel=\"noopener\">ara\u0161idi<\/a>, brez dodanih sladkorjev, olj ali konzervansov. Ponuja naraven, nepredelan okus, ki privla\u010di potro\u0161nike, ki se zavedajo zdravja. Ta vrsta ara\u0161idovega masla ohranja bogat okus in naravna olja iz ara\u0161idov, zaradi \u010desar je priljubljena izbira za tiste, ki i\u0161\u010dejo \u010diste izdelke.<\/p>\n<h3>Kak\u0161na so druga imena za \u010disto ara\u0161idovo maslo?<\/h3>\n<p>Poznan je tudi pod razli\u010dnimi imeni po regijah in panogah. Nekatera najpogostej\u0161a alternativna imena vklju\u010dujejo:<\/p>\n<ul>\n<li><strong>Naravno ara\u0161idovo maslo<\/strong><\/li>\n<li><strong>Nesladkano ara\u0161idovo maslo<\/strong><\/li>\n<li><strong>Ara\u0161idovo maslo brez dodatkov<\/strong><\/li>\n<li><strong>100% ara\u0161idovo maslo<\/strong><\/li>\n<\/ul>\n<p>Ta imena poudarjajo odsotnost dodatnih sestavin in poudarjajo \u010distost izdelka.<\/p>\n<h3>Zakaj izbrati nas za svojega dobavitelja?<\/h3>\n<p>Kot vodilni ponudnik OEM in proizvajalec zasebnih blagovnih znamk nudimo:<\/p>\n<ul>\n<li><strong>Visokokakovostni izdelki:<\/strong> Na\u0161e \u010disto ara\u0161idovo maslo vsebuje 100% izbranih ara\u0161idov, brez dodanih sladkorjev, olj ali konzervansov.<\/li>\n<li><strong>Prilagodljive re\u0161itve:<\/strong> Ponujamo prilagodljive mo\u017enosti pakiranja, vklju\u010dno s kozarci, plo\u010devinkami in vedri, v razli\u010dnih velikostih, da zadostimo zahtevam trga.<\/li>\n<li><strong>Globalno <a href=\"https:\/\/www.peanutoem.com\/sl\/certificate\/\" target=\"_blank\" rel=\"noopener\">Certifikati<\/a>:<\/strong> Na\u0161i certifikati, vklju\u010dno s HACCP, BRCGS, Halal in Kosher, zagotavljajo varnost izdelkov in vrhunsko kakovost.<\/li>\n<li><strong>Velika proizvodna zmogljivost:<\/strong> U\u010dinkovito lahko obravnavamo tako majhna kot velika naro\u010dila, pri \u010demer poskrbimo za razli\u010dne potrebe strank.<\/li>\n<li><strong>Strokovno znanje na podro\u010dju svetovnega izvoza:<\/strong> Imamo bogate izku\u0161nje pri dobavi visokokakovostnega ara\u0161idovega masla strankam po vsem svetu.<\/li>\n<\/ul>\n<h3>Pogosta vpra\u0161anja o na\u0161i poslovni vlogi proizvajalca in veleprodaje<\/h3>\n<ol>\n<li><strong>Zakaj ste vodilni ponudnik OEM v industriji ara\u0161idovega masla?<\/strong><br \/>\nProizvajamo ara\u0161idovo maslo za blagovne znamke pod njihovo blagovno znamko, kar zagotavlja prilagojene re\u0161itve izdelkov.<\/li>\n<li><strong>Ali ponujate storitve trgovske znamke?<\/strong><br \/>\nDa, specializirani smo za prilagodljive re\u0161itve zasebnih blagovnih znamk, ki vam pomagajo pri ustvarjanju ara\u0161idovega masla va\u0161e blagovne znamke.<\/li>\n<li><strong>Katere sestavine uporabljate?<\/strong><br \/>\nNa\u0161e \u010disto ara\u0161idovo maslo je sestavljeno iz 100% izbranih ara\u0161idov, brez dodanih sladkorjev, olj ali konzervansov.<\/li>\n<li><strong>Kako lahko prilagodim svojo embala\u017eo?<\/strong><br \/>\nIzbirate lahko med razli\u010dnimi mo\u017enostmi in velikostmi pakiranja, prilagojenimi va\u0161im potrebam, od maloprodaje do razsutega tovora.<\/li>\n<li><strong>Kak\u0161na je najmanj\u0161a koli\u010dina naro\u010dila (MOQ)?<\/strong><br \/>\nMOQ je ena tona, kar zagotavlja prilagodljivost za mala in velika podjetja.<\/li>\n<li><strong>Po \u010dem va\u0161e \u010disto ara\u0161idovo maslo izstopa?<\/strong><br \/>\nNa\u0161a zavezanost kakovosti, globalni certifikati in prilagojene re\u0161itve zasebnih blagovnih znamk nas razlikujejo od konkurentov.<\/li>\n<li><strong>Koliko \u010dasa traja obdelava naro\u010dila?<\/strong><br \/>\nDobavni roki so od 7 do 20 dni, odvisno od velikosti naro\u010dila in zahtev glede pakiranja.<\/li>\n<li><strong>Ali lahko zahtevam vzorce pred oddajo naro\u010dila?<\/strong><br \/>\nDa, ponujamo brezpla\u010dne vzorce na\u0161ega \u010distega ara\u0161idovega masla za oceno kakovosti pred oddajo velikega naro\u010dila.<\/li>\n<li><strong>Ali izva\u017eate globalno?<\/strong><br \/>\nVsekakor! Imamo izku\u0161nje z izvozom visokokakovostnega \u010distega ara\u0161idovega masla strankam po vsem svetu.<\/li>\n<\/ol>\n<h3>Zakaj \u010disto ara\u0161idovo maslo?<\/h3>\n<p>\u010cisto ara\u0161idovo maslo je najbolj\u0161a izbira za potro\u0161nike, ki se zavedajo zdravja in i\u0161\u010dejo naraven izdelek brez dodatkov. Je bogato z beljakovinami, zdravimi ma\u0161\u010dobami in bistvenimi hranili, zaradi \u010desar je vsestranska sestavina v kuhinjah po vsem svetu. Ker se potro\u0161niki bolj osredoto\u010dajo na \u010diste etikete, povpra\u0161evanje po izdelkih na osnovi ara\u0161idov 100% \u0161e naprej nara\u0161\u010da.<\/p>\n<p>Zagotavljamo, da na\u0161e \u010disto ara\u0161idovo maslo izpolnjuje te zahteve in zagotavlja izdelek, ki je \u010dim bli\u017eje naravi, hkrati pa je popolnoma prilagodljiv potrebam va\u0161e blagovne znamke. Ne glede na to, ali \u017eelite raz\u0161iriti ponudbo svoje blagovne znamke ali vstopiti na nove trge, imamo zmogljivost, strokovno znanje in certifikate, da to uresni\u010dimo.<\/p>\n<a href=\"mailto:globepeanut@gmail.com\" class=\"button primary is-primary is-medium\"  >\n    <span>Pi\u0161ite nam<\/span>\n  <\/a>","protected":false},"excerpt":{"rendered":"<table width=\"564\">\n<tbody>\n<tr>\n<td width=\"113\"><strong>Ime izdelka<\/strong><\/td>\n<td width=\"402\">\u010cisto ara\u0161idovo maslo<\/td>\n<\/tr>\n<tr>\n<td width=\"113\"><strong>Sestavine<\/strong><\/td>\n<td width=\"402\">Izbrano ara\u0161idovo maslo<\/td>\n<\/tr>\n<tr>\n<td width=\"113\"><strong>Specifikacije<\/strong><\/td>\n<td width=\"402\">10kgx1, 20kgx1, 22kgx1220kgx1<\/td>\n<\/tr>\n<tr>\n<td width=\"113\"><strong>Obrazec za pakiranje<\/strong><\/td>\n<td width=\"402\">Kozarec, vedro, vre\u010dka, karton, sod, steklenica itd<\/td>\n<\/tr>\n<tr>\n<td width=\"113\"><strong>\u010cas dostave<\/strong><\/td>\n<td width=\"402\">7~20 dni po naro\u010dilu<\/td>\n<\/tr>\n<tr>\n<td width=\"113\"><strong>MOQ<\/strong><\/td>\n<td width=\"402\">Ena tona<\/td>\n<\/tr>\n<tr>\n<td width=\"113\"><strong>Vzorec<\/strong><\/td>\n<td width=\"402\">Na voljo brezpla\u010den vzorec<\/td>\n<\/tr>\n<tr>\n<td width=\"113\"><strong>OEM<\/strong><\/td>\n<td width=\"402\">Oznaka kupca sprejeta<\/td>\n<\/tr>\n<\/tbody>\n<\/table>","protected":false},"featured_media":1659,"comment_status":"open","ping_status":"closed","template":"","meta":[],"product_cat":[15],"product_tag":[],"class_list":{"0":"post-1543","1":"product","2":"type-product","3":"status-publish","4":"has-post-thumbnail","6":"product_cat-peanut-butter","8":"first","9":"instock","10":"shipping-taxable","11":"product-type-simple"},"yoast_head":"<!-- This site is optimized with the Yoast SEO plugin v24.9 - https:\/\/yoast.com\/wordpress\/plugins\/seo\/ -->\n<title>Pure Peanut Butter OEM Producer - Peanut Butter Factory<\/title>\n<meta name=\"description\" content=\"As a top OEM manufacturer and exporter, we supply pure peanut butter made from 100% peanuts. Customizable private label solutions for your business needs.\" \/>\n<meta name=\"robots\" content=\"index, follow, max-snippet:-1, max-image-preview:large, max-video-preview:-1\" \/>\n<link rel=\"canonical\" href=\"https:\/\/www.peanutoem.com\/sl\/manufacturer\/pure-peanut-butter\/\" \/>\n<meta property=\"og:locale\" content=\"sl_SI\" \/>\n<meta property=\"og:type\" content=\"article\" \/>\n<meta property=\"og:title\" content=\"Pure Peanut Butter OEM Producer - Peanut Butter Factory\" \/>\n<meta property=\"og:description\" content=\"As a top OEM manufacturer and exporter, we supply pure peanut butter made from 100% peanuts. Customizable private label solutions for your business needs.\" \/>\n<meta property=\"og:url\" content=\"https:\/\/www.peanutoem.com\/sl\/manufacturer\/pure-peanut-butter\/\" \/>\n<meta property=\"og:site_name\" content=\"Peanut Butter Factory\" \/>\n<meta property=\"article:modified_time\" content=\"2024-09-28T06:03:37+00:00\" \/>\n<meta property=\"og:image\" content=\"https:\/\/www.peanutoem.com\/wp-content\/uploads\/2024\/09\/Pure-Peanut-Butter-OEM-Supplier.webp\" \/>\n\t<meta property=\"og:image:width\" content=\"1000\" \/>\n\t<meta property=\"og:image:height\" content=\"1000\" \/>\n\t<meta property=\"og:image:type\" content=\"image\/webp\" \/>\n<meta name=\"twitter:card\" content=\"summary_large_image\" \/>\n<meta name=\"twitter:label1\" content=\"Est. reading time\" \/>\n\t<meta name=\"twitter:data1\" content=\"3 minute\" \/>\n<script type=\"application\/ld+json\" class=\"yoast-schema-graph\">{\"@context\":\"https:\/\/schema.org\",\"@graph\":[{\"@type\":\"WebPage\",\"@id\":\"https:\/\/www.peanutoem.com\/manufacturer\/pure-peanut-butter\/\",\"url\":\"https:\/\/www.peanutoem.com\/manufacturer\/pure-peanut-butter\/\",\"name\":\"Pure Peanut Butter OEM Producer - Peanut Butter Factory\",\"isPartOf\":{\"@id\":\"https:\/\/www.peanutoem.com\/#website\"},\"primaryImageOfPage\":{\"@id\":\"https:\/\/www.peanutoem.com\/manufacturer\/pure-peanut-butter\/#primaryimage\"},\"image\":{\"@id\":\"https:\/\/www.peanutoem.com\/manufacturer\/pure-peanut-butter\/#primaryimage\"},\"thumbnailUrl\":\"https:\/\/www.peanutoem.com\/wp-content\/uploads\/2024\/09\/Pure-Peanut-Butter-OEM-Supplier.webp\",\"datePublished\":\"2024-09-02T13:37:15+00:00\",\"dateModified\":\"2024-09-28T06:03:37+00:00\",\"description\":\"As a top OEM manufacturer and exporter, we supply pure peanut butter made from 100% peanuts. Customizable private label solutions for your business needs.\",\"breadcrumb\":{\"@id\":\"https:\/\/www.peanutoem.com\/manufacturer\/pure-peanut-butter\/#breadcrumb\"},\"inLanguage\":\"sl-SI\",\"potentialAction\":[{\"@type\":\"ReadAction\",\"target\":[\"https:\/\/www.peanutoem.com\/manufacturer\/pure-peanut-butter\/\"]}]},{\"@type\":\"ImageObject\",\"inLanguage\":\"sl-SI\",\"@id\":\"https:\/\/www.peanutoem.com\/manufacturer\/pure-peanut-butter\/#primaryimage\",\"url\":\"https:\/\/www.peanutoem.com\/wp-content\/uploads\/2024\/09\/Pure-Peanut-Butter-OEM-Supplier.webp\",\"contentUrl\":\"https:\/\/www.peanutoem.com\/wp-content\/uploads\/2024\/09\/Pure-Peanut-Butter-OEM-Supplier.webp\",\"width\":1000,\"height\":1000,\"caption\":\"Pure Peanut Butter OEM Supplier\"},{\"@type\":\"BreadcrumbList\",\"@id\":\"https:\/\/www.peanutoem.com\/manufacturer\/pure-peanut-butter\/#breadcrumb\",\"itemListElement\":[{\"@type\":\"ListItem\",\"position\":1,\"name\":\"Home\",\"item\":\"https:\/\/www.peanutoem.com\/\"},{\"@type\":\"ListItem\",\"position\":2,\"name\":\"Products\",\"item\":\"https:\/\/www.peanutoem.com\/shop\/\"},{\"@type\":\"ListItem\",\"position\":3,\"name\":\"Pure Peanut Butter\"}]},{\"@type\":\"WebSite\",\"@id\":\"https:\/\/www.peanutoem.com\/#website\",\"url\":\"https:\/\/www.peanutoem.com\/\",\"name\":\"Peanut Butter Factory\",\"description\":\"Peanut Butter Manufacturer and Roast Peanut OEM Factory | Peanut Private Label China Supplier\",\"publisher\":{\"@id\":\"https:\/\/www.peanutoem.com\/#organization\"},\"alternateName\":\"Peanut Butter OEM and Wholesale\",\"potentialAction\":[{\"@type\":\"SearchAction\",\"target\":{\"@type\":\"EntryPoint\",\"urlTemplate\":\"https:\/\/www.peanutoem.com\/?s={search_term_string}\"},\"query-input\":{\"@type\":\"PropertyValueSpecification\",\"valueRequired\":true,\"valueName\":\"search_term_string\"}}],\"inLanguage\":\"sl-SI\"},{\"@type\":\"Organization\",\"@id\":\"https:\/\/www.peanutoem.com\/#organization\",\"name\":\"Peanut Butter Factory\",\"alternateName\":\"JuFeng Group\",\"url\":\"https:\/\/www.peanutoem.com\/\",\"logo\":{\"@type\":\"ImageObject\",\"inLanguage\":\"sl-SI\",\"@id\":\"https:\/\/www.peanutoem.com\/#\/schema\/logo\/image\/\",\"url\":\"https:\/\/www.peanutoem.com\/wp-content\/uploads\/2024\/09\/JUFENG-LOGO.png\",\"contentUrl\":\"https:\/\/www.peanutoem.com\/wp-content\/uploads\/2024\/09\/JUFENG-LOGO.png\",\"width\":600,\"height\":170,\"caption\":\"Peanut Butter Factory\"},\"image\":{\"@id\":\"https:\/\/www.peanutoem.com\/#\/schema\/logo\/image\/\"}}]}<\/script>\n<!-- \/ Yoast SEO plugin. -->","yoast_head_json":{"title":"Pure Peanut Butter OEM Producer - Peanut Butter Factory","description":"As a top OEM manufacturer and exporter, we supply pure peanut butter made from 100% peanuts. Customizable private label solutions for your business needs.","robots":{"index":"index","follow":"follow","max-snippet":"max-snippet:-1","max-image-preview":"max-image-preview:large","max-video-preview":"max-video-preview:-1"},"canonical":"https:\/\/www.peanutoem.com\/sl\/manufacturer\/pure-peanut-butter\/","og_locale":"sl_SI","og_type":"article","og_title":"Pure Peanut Butter OEM Producer - Peanut Butter Factory","og_description":"As a top OEM manufacturer and exporter, we supply pure peanut butter made from 100% peanuts. Customizable private label solutions for your business needs.","og_url":"https:\/\/www.peanutoem.com\/sl\/manufacturer\/pure-peanut-butter\/","og_site_name":"Peanut Butter Factory","article_modified_time":"2024-09-28T06:03:37+00:00","og_image":[{"width":1000,"height":1000,"url":"https:\/\/www.peanutoem.com\/wp-content\/uploads\/2024\/09\/Pure-Peanut-Butter-OEM-Supplier.webp","type":"image\/webp"}],"twitter_card":"summary_large_image","twitter_misc":{"Est. reading time":"3 minute"},"schema":{"@context":"https:\/\/schema.org","@graph":[{"@type":"WebPage","@id":"https:\/\/www.peanutoem.com\/manufacturer\/pure-peanut-butter\/","url":"https:\/\/www.peanutoem.com\/manufacturer\/pure-peanut-butter\/","name":"Pure Peanut Butter OEM Producer - Peanut Butter Factory","isPartOf":{"@id":"https:\/\/www.peanutoem.com\/#website"},"primaryImageOfPage":{"@id":"https:\/\/www.peanutoem.com\/manufacturer\/pure-peanut-butter\/#primaryimage"},"image":{"@id":"https:\/\/www.peanutoem.com\/manufacturer\/pure-peanut-butter\/#primaryimage"},"thumbnailUrl":"https:\/\/www.peanutoem.com\/wp-content\/uploads\/2024\/09\/Pure-Peanut-Butter-OEM-Supplier.webp","datePublished":"2024-09-02T13:37:15+00:00","dateModified":"2024-09-28T06:03:37+00:00","description":"As a top OEM manufacturer and exporter, we supply pure peanut butter made from 100% peanuts. Customizable private label solutions for your business needs.","breadcrumb":{"@id":"https:\/\/www.peanutoem.com\/manufacturer\/pure-peanut-butter\/#breadcrumb"},"inLanguage":"sl-SI","potentialAction":[{"@type":"ReadAction","target":["https:\/\/www.peanutoem.com\/manufacturer\/pure-peanut-butter\/"]}]},{"@type":"ImageObject","inLanguage":"sl-SI","@id":"https:\/\/www.peanutoem.com\/manufacturer\/pure-peanut-butter\/#primaryimage","url":"https:\/\/www.peanutoem.com\/wp-content\/uploads\/2024\/09\/Pure-Peanut-Butter-OEM-Supplier.webp","contentUrl":"https:\/\/www.peanutoem.com\/wp-content\/uploads\/2024\/09\/Pure-Peanut-Butter-OEM-Supplier.webp","width":1000,"height":1000,"caption":"Pure Peanut Butter OEM Supplier"},{"@type":"BreadcrumbList","@id":"https:\/\/www.peanutoem.com\/manufacturer\/pure-peanut-butter\/#breadcrumb","itemListElement":[{"@type":"ListItem","position":1,"name":"Home","item":"https:\/\/www.peanutoem.com\/"},{"@type":"ListItem","position":2,"name":"Products","item":"https:\/\/www.peanutoem.com\/shop\/"},{"@type":"ListItem","position":3,"name":"Pure Peanut Butter"}]},{"@type":"WebSite","@id":"https:\/\/www.peanutoem.com\/#website","url":"https:\/\/www.peanutoem.com\/","name":"Peanut Butter Factory","description":"Peanut Butter Manufacturer and Roast Peanut OEM Factory | Peanut Private Label China Supplier","publisher":{"@id":"https:\/\/www.peanutoem.com\/#organization"},"alternateName":"Peanut Butter OEM and Wholesale","potentialAction":[{"@type":"SearchAction","target":{"@type":"EntryPoint","urlTemplate":"https:\/\/www.peanutoem.com\/?s={search_term_string}"},"query-input":{"@type":"PropertyValueSpecification","valueRequired":true,"valueName":"search_term_string"}}],"inLanguage":"sl-SI"},{"@type":"Organization","@id":"https:\/\/www.peanutoem.com\/#organization","name":"Peanut Butter Factory","alternateName":"JuFeng Group","url":"https:\/\/www.peanutoem.com\/","logo":{"@type":"ImageObject","inLanguage":"sl-SI","@id":"https:\/\/www.peanutoem.com\/#\/schema\/logo\/image\/","url":"https:\/\/www.peanutoem.com\/wp-content\/uploads\/2024\/09\/JUFENG-LOGO.png","contentUrl":"https:\/\/www.peanutoem.com\/wp-content\/uploads\/2024\/09\/JUFENG-LOGO.png","width":600,"height":170,"caption":"Peanut Butter Factory"},"image":{"@id":"https:\/\/www.peanutoem.com\/#\/schema\/logo\/image\/"}}]}},"_links":{"self":[{"href":"https:\/\/www.peanutoem.com\/sl\/wp-json\/wp\/v2\/product\/1543","targetHints":{"allow":["GET"]}}],"collection":[{"href":"https:\/\/www.peanutoem.com\/sl\/wp-json\/wp\/v2\/product"}],"about":[{"href":"https:\/\/www.peanutoem.com\/sl\/wp-json\/wp\/v2\/types\/product"}],"replies":[{"embeddable":true,"href":"https:\/\/www.peanutoem.com\/sl\/wp-json\/wp\/v2\/comments?post=1543"}],"wp:featuredmedia":[{"embeddable":true,"href":"https:\/\/www.peanutoem.com\/sl\/wp-json\/wp\/v2\/media\/1659"}],"wp:attachment":[{"href":"https:\/\/www.peanutoem.com\/sl\/wp-json\/wp\/v2\/media?parent=1543"}],"wp:term":[{"taxonomy":"product_cat","embeddable":true,"href":"https:\/\/www.peanutoem.com\/sl\/wp-json\/wp\/v2\/product_cat?post=1543"},{"taxonomy":"product_tag","embeddable":true,"href":"https:\/\/www.peanutoem.com\/sl\/wp-json\/wp\/v2\/product_tag?post=1543"}],"curies":[{"name":"wp","href":"https:\/\/api.w.org\/{rel}","templated":true}]}}