{"id":1545,"date":"2024-09-02T13:38:22","date_gmt":"2024-09-02T13:38:22","guid":{"rendered":"https:\/\/www.peanutoem.com\/?post_type=product&#038;p=1545"},"modified":"2024-09-28T05:39:23","modified_gmt":"2024-09-28T05:39:23","slug":"stabilized-peanut-butter","status":"publish","type":"product","link":"https:\/\/www.peanutoem.com\/sl\/manufacturer\/stabilized-peanut-butter\/","title":{"rendered":"Stabilizirano ara\u0161idovo maslo"},"content":{"rendered":"<h3>Kaj je stabilizirano ara\u0161idovo maslo?<\/h3>\n<p>Stabilizirano <a href=\"https:\/\/www.peanutoem.com\/sl\/Wholesale\/peanut-butter\/\" target=\"_blank\" rel=\"noopener\">ara\u0161idovo maslo<\/a> je posebej oblikovana <a href=\"https:\/\/en.wikipedia.org\/wiki\/Peanut\" target=\"_blank\" rel=\"noopener\">ara\u0161idi<\/a> maslo, ki s\u010dasoma ohrani svojo svilnato, kremasto strukturo brez lo\u010devanja olja in vode, do katerega pride s\u010dasoma. Za razliko od obi\u010dajnega naravnega ara\u0161idovega masla, ki se obi\u010dajno naravno lo\u010di v plasti ara\u0161idovega olja na vrhu in trdne ara\u0161idove drobtine na dnu, je stabilizirano ara\u0161idovo maslo pametno zme\u0161ano z naravnimi stabilizatorji, kot so rastlinska olja ali emulgatorji, da se zagotovi enotna tekstura. Zaradi te funkcije je najbolj\u0161a izbira za potro\u0161nike, ki i\u0161\u010dejo udobje, saj ni potrebe po dodatnih postopkih, kot je me\u0161anje pred uporabo. Stabilizirano ara\u0161idovo maslo je priljubljeno zaradi svoje nespremenljive kakovosti in dolgega roka uporabnosti, obo\u017eujejo pa ga ne le doma\u010di uporabniki, ampak se pogosto uporablja tudi v prehrambeni industriji.<\/p>\n<h3>Kaj so druga imena?<\/h3>\n<p>Stabilizirano ara\u0161idovo maslo se lahko imenuje z razli\u010dnimi imeni, vklju\u010dno z:<\/p>\n<ul>\n<li>Kremni ara\u0161idov namaz<\/li>\n<li>Kremasto stabilizirano ara\u0161idovo maslo<\/li>\n<li>Emulgirano ara\u0161idovo maslo<\/li>\n<li>Homogeno ali homogenizirano ara\u0161idovo maslo<\/li>\n<li>Dolgo obstojen ara\u0161idov namaz<\/li>\n<li>Ara\u0161idovo maslo brez me\u0161anja<\/li>\n<li>Ara\u0161idovo maslo brez lo\u010devanja<\/li>\n<li>Predelano ara\u0161idovo maslo<\/li>\n<li>Ara\u0161idovo maslo, stabilno v skladi\u0161\u010du<\/li>\n<li>Gladko namazano ara\u0161idovo maslo<\/li>\n<li>Gladko ara\u0161idovo maslo, stabilno na policah<\/li>\n<\/ul>\n<h3><strong>Vro\u010de teme o stabiliziranem ara\u0161idovem maslu<\/strong><\/h3>\n<ol>\n<li><strong> Prednosti: <\/strong>Stabilizirano ara\u0161idovo maslo ponuja ve\u010d prednosti, vklju\u010dno z enotno teksturo, ki ne zahteva me\u0161anja, in dalj\u0161im rokom uporabnosti. Idealen je za uporabo v receptih in kot namaz, kjer je konsistentna tekstura klju\u010dnega pomena.<\/li>\n<li><strong> Uporaba v proizvodnji hrane:\u00a0<\/strong>Zaradi svoje stabilnosti se pogosto uporablja v proizvodnji hrane. Slu\u017ei kot sestavina v razli\u010dnih izdelkih, kot so prigrizki, omake in pekovski izdelki, kjer sta doslednost in kakovost bistvenega pomena.<\/li>\n<li><strong> Preference in trendi potro\u0161nikov: <\/strong>Potro\u0161niki vse bolj dajejo prednost stabiliziranemu ara\u0161idovemu maslu zaradi njegove priro\u010dnosti in zanesljivosti. Ker spremembe \u017eivljenjskega sloga vodijo k bolj zasedenim urnikom, postajajo izdelki, ki omogo\u010dajo enostavno shranjevanje in pripravo, vse bolj priljubljeni.<\/li>\n<li><strong> Prehranski vidiki: <\/strong>Stabilizirano ara\u0161idovo maslo ohranja svoj prehranski profil, hkrati pa ponuja stabilen in dosleden izdelek. Zagotavlja bistvena hranila, kot so beljakovine, zdrave ma\u0161\u010dobe in vitamini, zaradi \u010desar je zdrava izbira za razli\u010dne diete.<\/li>\n<\/ol>\n<h3><strong>Zakaj izbrati nas za svojega dobavitelja?<\/strong><\/h3>\n<ol>\n<li><strong>Zakaj ste najbolj\u0161a izbira za storitve OEM stabiliziranega ara\u0161idovega masla?<\/strong><br \/>\nZagotavljamo prilagojene re\u0161itve, visokokakovostne izdelke in obse\u017eno strokovno znanje na podro\u010dju globalne proizvodnje in izvoza.<\/li>\n<li><strong>Ali lahko prilagodite teksturo, konsistenco in formulacije?<\/strong><br \/>\nDa, lahko prilagodimo teksturo in razvijemo edinstvene formulacije, da izpolnimo va\u0161e posebne zahteve in \u017eelje potro\u0161nikov.<\/li>\n<li><strong>Katere mo\u017enosti pakiranja so na voljo?<\/strong><br \/>\nPonujamo razli\u010dne prilagodljive formate embala\u017ee, vklju\u010dno s kozarci, vre\u010dkami in posodami za razsuti tovor, prilagojene potrebam va\u0161e blagovne znamke.<\/li>\n<li><strong>Ali je na voljo v ekolo\u0161kih mo\u017enostih?<\/strong><br \/>\nVsekakor! Nudimo stabilizirano ara\u0161idovo maslo, izdelano iz organskih ara\u0161idov in naravnih sestavin.<\/li>\n<li><strong>Kako zagotavljate kakovost?<\/strong><br \/>\nNa\u0161i strogi postopki nadzora kakovosti in certifikati, kot so HACCP, BRCGS in Kosher, zagotavljajo, da vsaka serija izpolnjuje najvi\u0161je standarde.<\/li>\n<li><strong>Kak\u0161ni so va\u0161i dobavni roki za proizvodnjo in po\u0161iljanje?<\/strong><br \/>\nDobavni roki se razlikujejo glede na koli\u010dino naro\u010dila in destinacijo, vendar zagotavljamo u\u010dinkovito proizvodnjo in pravo\u010dasne dostave, obi\u010dajno v nekaj tednih.<\/li>\n<li><strong>Ali skrbite za mednarodni izvoz?<\/strong><br \/>\nDa, upravljamo vse vidike globalnega po\u0161iljanja in skladnosti, da zagotovimo nemoteno dostavo.<\/li>\n<li><strong>Kak\u0161ne certifikate imate?<\/strong><br \/>\nNa\u0161e stabilizirano ara\u0161idovo maslo je certificirano po HACCP, ko\u0161er, halal, BRCGS in drugih ustreznih standardih, kar zagotavlja varnost in kakovost izdelkov.<\/li>\n<li><strong>Ali lahko zahtevamo vzorce, preden oddamo celotno naro\u010dilo?<\/strong><br \/>\nDa, nudimo vzor\u010dne serije za testiranje, s \u010dimer zagotovimo, da izpolnjuje va\u0161a pri\u010dakovanja pred ve\u010djo obveznostjo.<\/li>\n<\/ol>\n<h3><strong>Dejstva o stabiliziranem ara\u0161idovem maslu\u00a0<\/strong><\/h3>\n<ol>\n<li><strong>Brez lo\u010devanja:<\/strong> Stabilizirano ara\u0161idovo maslo se ne lo\u010di na olje in trdne delce, kar zagotavlja dosledno teksturo skozi ves rok uporabnosti.<\/li>\n<li><strong>Podalj\u0161an rok uporabnosti:<\/strong> V primerjavi s tradicionalnim ara\u0161idovim maslom ima dalj\u0161i rok trajanja, kar zmanj\u0161uje potrebo po pogostih ponovnih nakupih in odpadkih.<\/li>\n<li><strong>Udobje:<\/strong> Idealno za uporabo v razli\u010dnih aplikacijah, kjer je stabilna, mazljiva konsistenca klju\u010dnega pomena, na primer pri proizvodnji hrane in maloprodajnih izdelkih.<\/li>\n<li><strong>Zadr\u017eevanje hranil:<\/strong> Kljub svoji stabilnosti ohranja prehranske prednosti ara\u0161idov, vklju\u010dno z beljakovinami, zdravimi ma\u0161\u010dobami in bistvenimi vitamini.<\/li>\n<li><strong>Vsestranska uporaba:<\/strong> Primerno za vrsto izdelkov, od namazov in prigrizkov do osnov sestavin v predelani hrani.<\/li>\n<\/ol>\n<a href=\"mailto:globepeanut@gmail.com\" class=\"button primary is-primary is-medium\"  >\n    <span>Pi\u0161ite nam<\/span>\n  <\/a>","protected":false},"excerpt":{"rendered":"<table width=\"564\">\n<tbody>\n<tr>\n<td width=\"113\"><strong>Ime izdelka<\/strong><\/td>\n<td width=\"402\">Stabilizirano ara\u0161idovo maslo<\/td>\n<\/tr>\n<tr>\n<td width=\"113\"><strong>Specifikacije<\/strong><\/td>\n<td width=\"402\">10kgx1, 20kgx1, 22kgx1<\/td>\n<\/tr>\n<tr>\n<td width=\"113\"><strong>Obrazec za pakiranje<\/strong><\/td>\n<td width=\"402\">Kozarec, vedro, paket Doy Pack, vre\u010dka, karton, plo\u010devinka, sod, plo\u010devinka, steklenica itd.<\/td>\n<\/tr>\n<tr>\n<td width=\"113\"><strong>\u010cas dostave<\/strong><\/td>\n<td width=\"402\">7~20 dni po naro\u010dilu<\/td>\n<\/tr>\n<tr>\n<td width=\"113\"><strong>MOQ<\/strong><\/td>\n<td width=\"402\">Ena tona<\/td>\n<\/tr>\n<tr>\n<td width=\"113\"><strong>Vzorec<\/strong><\/td>\n<td width=\"402\">Na voljo brezpla\u010den vzorec<\/td>\n<\/tr>\n<tr>\n<td width=\"113\"><strong>OEM<\/strong><\/td>\n<td width=\"402\">Oznaka kupca sprejeta<\/td>\n<\/tr>\n<\/tbody>\n<\/table>","protected":false},"featured_media":1692,"comment_status":"open","ping_status":"closed","template":"","meta":[],"product_cat":[15],"product_tag":[],"class_list":{"0":"post-1545","1":"product","2":"type-product","3":"status-publish","4":"has-post-thumbnail","6":"product_cat-peanut-butter","8":"first","9":"instock","10":"shipping-taxable","11":"product-type-simple"},"yoast_head":"<!-- This site is optimized with the Yoast SEO plugin v24.9 - https:\/\/yoast.com\/wordpress\/plugins\/seo\/ -->\n<title>Stabilized Peanut Butter China Producer - Peanut Butter Factory<\/title>\n<meta name=\"description\" content=\"Leading stabilized peanut butter OEM private label manufacturer and exporter. High-quality and packaging customized to meet global market demands.\" \/>\n<meta name=\"robots\" content=\"index, follow, max-snippet:-1, max-image-preview:large, max-video-preview:-1\" \/>\n<link rel=\"canonical\" href=\"https:\/\/www.peanutoem.com\/sl\/manufacturer\/stabilized-peanut-butter\/\" \/>\n<meta property=\"og:locale\" content=\"sl_SI\" \/>\n<meta property=\"og:type\" content=\"article\" \/>\n<meta property=\"og:title\" content=\"Stabilized Peanut Butter China Producer - Peanut Butter Factory\" \/>\n<meta property=\"og:description\" content=\"Leading stabilized peanut butter OEM private label manufacturer and exporter. High-quality and packaging customized to meet global market demands.\" \/>\n<meta property=\"og:url\" content=\"https:\/\/www.peanutoem.com\/sl\/manufacturer\/stabilized-peanut-butter\/\" \/>\n<meta property=\"og:site_name\" content=\"Peanut Butter Factory\" \/>\n<meta property=\"article:modified_time\" content=\"2024-09-28T05:39:23+00:00\" \/>\n<meta property=\"og:image\" content=\"https:\/\/www.peanutoem.com\/wp-content\/uploads\/2024\/09\/Stabilized-Peanut-Butter-in-Jar.webp\" \/>\n\t<meta property=\"og:image:width\" content=\"1000\" \/>\n\t<meta property=\"og:image:height\" content=\"1000\" \/>\n\t<meta property=\"og:image:type\" content=\"image\/webp\" \/>\n<meta name=\"twitter:card\" content=\"summary_large_image\" \/>\n<meta name=\"twitter:label1\" content=\"Est. reading time\" \/>\n\t<meta name=\"twitter:data1\" content=\"4 minute\" \/>\n<script type=\"application\/ld+json\" class=\"yoast-schema-graph\">{\"@context\":\"https:\/\/schema.org\",\"@graph\":[{\"@type\":\"WebPage\",\"@id\":\"https:\/\/www.peanutoem.com\/manufacturer\/stabilized-peanut-butter\/\",\"url\":\"https:\/\/www.peanutoem.com\/manufacturer\/stabilized-peanut-butter\/\",\"name\":\"Stabilized Peanut Butter China Producer - Peanut Butter Factory\",\"isPartOf\":{\"@id\":\"https:\/\/www.peanutoem.com\/#website\"},\"primaryImageOfPage\":{\"@id\":\"https:\/\/www.peanutoem.com\/manufacturer\/stabilized-peanut-butter\/#primaryimage\"},\"image\":{\"@id\":\"https:\/\/www.peanutoem.com\/manufacturer\/stabilized-peanut-butter\/#primaryimage\"},\"thumbnailUrl\":\"https:\/\/www.peanutoem.com\/wp-content\/uploads\/2024\/09\/Stabilized-Peanut-Butter-in-Jar.webp\",\"datePublished\":\"2024-09-02T13:38:22+00:00\",\"dateModified\":\"2024-09-28T05:39:23+00:00\",\"description\":\"Leading stabilized peanut butter OEM private label manufacturer and exporter. High-quality and packaging customized to meet global market demands.\",\"breadcrumb\":{\"@id\":\"https:\/\/www.peanutoem.com\/manufacturer\/stabilized-peanut-butter\/#breadcrumb\"},\"inLanguage\":\"sl-SI\",\"potentialAction\":[{\"@type\":\"ReadAction\",\"target\":[\"https:\/\/www.peanutoem.com\/manufacturer\/stabilized-peanut-butter\/\"]}]},{\"@type\":\"ImageObject\",\"inLanguage\":\"sl-SI\",\"@id\":\"https:\/\/www.peanutoem.com\/manufacturer\/stabilized-peanut-butter\/#primaryimage\",\"url\":\"https:\/\/www.peanutoem.com\/wp-content\/uploads\/2024\/09\/Stabilized-Peanut-Butter-in-Jar.webp\",\"contentUrl\":\"https:\/\/www.peanutoem.com\/wp-content\/uploads\/2024\/09\/Stabilized-Peanut-Butter-in-Jar.webp\",\"width\":1000,\"height\":1000,\"caption\":\"Stabilized Peanut Butter in Jar\"},{\"@type\":\"BreadcrumbList\",\"@id\":\"https:\/\/www.peanutoem.com\/manufacturer\/stabilized-peanut-butter\/#breadcrumb\",\"itemListElement\":[{\"@type\":\"ListItem\",\"position\":1,\"name\":\"Home\",\"item\":\"https:\/\/www.peanutoem.com\/\"},{\"@type\":\"ListItem\",\"position\":2,\"name\":\"Products\",\"item\":\"https:\/\/www.peanutoem.com\/shop\/\"},{\"@type\":\"ListItem\",\"position\":3,\"name\":\"Stabilized Peanut Butter\"}]},{\"@type\":\"WebSite\",\"@id\":\"https:\/\/www.peanutoem.com\/#website\",\"url\":\"https:\/\/www.peanutoem.com\/\",\"name\":\"Peanut Butter Factory\",\"description\":\"Peanut Butter Manufacturer and Roast Peanut OEM Factory | Peanut Private Label China Supplier\",\"publisher\":{\"@id\":\"https:\/\/www.peanutoem.com\/#organization\"},\"alternateName\":\"Peanut Butter OEM and Wholesale\",\"potentialAction\":[{\"@type\":\"SearchAction\",\"target\":{\"@type\":\"EntryPoint\",\"urlTemplate\":\"https:\/\/www.peanutoem.com\/?s={search_term_string}\"},\"query-input\":{\"@type\":\"PropertyValueSpecification\",\"valueRequired\":true,\"valueName\":\"search_term_string\"}}],\"inLanguage\":\"sl-SI\"},{\"@type\":\"Organization\",\"@id\":\"https:\/\/www.peanutoem.com\/#organization\",\"name\":\"Peanut Butter Factory\",\"alternateName\":\"JuFeng Group\",\"url\":\"https:\/\/www.peanutoem.com\/\",\"logo\":{\"@type\":\"ImageObject\",\"inLanguage\":\"sl-SI\",\"@id\":\"https:\/\/www.peanutoem.com\/#\/schema\/logo\/image\/\",\"url\":\"https:\/\/www.peanutoem.com\/wp-content\/uploads\/2024\/09\/JUFENG-LOGO.png\",\"contentUrl\":\"https:\/\/www.peanutoem.com\/wp-content\/uploads\/2024\/09\/JUFENG-LOGO.png\",\"width\":600,\"height\":170,\"caption\":\"Peanut Butter Factory\"},\"image\":{\"@id\":\"https:\/\/www.peanutoem.com\/#\/schema\/logo\/image\/\"}}]}<\/script>\n<!-- \/ Yoast SEO plugin. -->","yoast_head_json":{"title":"Stabilized Peanut Butter China Producer - Peanut Butter Factory","description":"Leading stabilized peanut butter OEM private label manufacturer and exporter. High-quality and packaging customized to meet global market demands.","robots":{"index":"index","follow":"follow","max-snippet":"max-snippet:-1","max-image-preview":"max-image-preview:large","max-video-preview":"max-video-preview:-1"},"canonical":"https:\/\/www.peanutoem.com\/sl\/manufacturer\/stabilized-peanut-butter\/","og_locale":"sl_SI","og_type":"article","og_title":"Stabilized Peanut Butter China Producer - Peanut Butter Factory","og_description":"Leading stabilized peanut butter OEM private label manufacturer and exporter. High-quality and packaging customized to meet global market demands.","og_url":"https:\/\/www.peanutoem.com\/sl\/manufacturer\/stabilized-peanut-butter\/","og_site_name":"Peanut Butter Factory","article_modified_time":"2024-09-28T05:39:23+00:00","og_image":[{"width":1000,"height":1000,"url":"https:\/\/www.peanutoem.com\/wp-content\/uploads\/2024\/09\/Stabilized-Peanut-Butter-in-Jar.webp","type":"image\/webp"}],"twitter_card":"summary_large_image","twitter_misc":{"Est. reading time":"4 minute"},"schema":{"@context":"https:\/\/schema.org","@graph":[{"@type":"WebPage","@id":"https:\/\/www.peanutoem.com\/manufacturer\/stabilized-peanut-butter\/","url":"https:\/\/www.peanutoem.com\/manufacturer\/stabilized-peanut-butter\/","name":"Stabilized Peanut Butter China Producer - Peanut Butter Factory","isPartOf":{"@id":"https:\/\/www.peanutoem.com\/#website"},"primaryImageOfPage":{"@id":"https:\/\/www.peanutoem.com\/manufacturer\/stabilized-peanut-butter\/#primaryimage"},"image":{"@id":"https:\/\/www.peanutoem.com\/manufacturer\/stabilized-peanut-butter\/#primaryimage"},"thumbnailUrl":"https:\/\/www.peanutoem.com\/wp-content\/uploads\/2024\/09\/Stabilized-Peanut-Butter-in-Jar.webp","datePublished":"2024-09-02T13:38:22+00:00","dateModified":"2024-09-28T05:39:23+00:00","description":"Leading stabilized peanut butter OEM private label manufacturer and exporter. High-quality and packaging customized to meet global market demands.","breadcrumb":{"@id":"https:\/\/www.peanutoem.com\/manufacturer\/stabilized-peanut-butter\/#breadcrumb"},"inLanguage":"sl-SI","potentialAction":[{"@type":"ReadAction","target":["https:\/\/www.peanutoem.com\/manufacturer\/stabilized-peanut-butter\/"]}]},{"@type":"ImageObject","inLanguage":"sl-SI","@id":"https:\/\/www.peanutoem.com\/manufacturer\/stabilized-peanut-butter\/#primaryimage","url":"https:\/\/www.peanutoem.com\/wp-content\/uploads\/2024\/09\/Stabilized-Peanut-Butter-in-Jar.webp","contentUrl":"https:\/\/www.peanutoem.com\/wp-content\/uploads\/2024\/09\/Stabilized-Peanut-Butter-in-Jar.webp","width":1000,"height":1000,"caption":"Stabilized Peanut Butter in Jar"},{"@type":"BreadcrumbList","@id":"https:\/\/www.peanutoem.com\/manufacturer\/stabilized-peanut-butter\/#breadcrumb","itemListElement":[{"@type":"ListItem","position":1,"name":"Home","item":"https:\/\/www.peanutoem.com\/"},{"@type":"ListItem","position":2,"name":"Products","item":"https:\/\/www.peanutoem.com\/shop\/"},{"@type":"ListItem","position":3,"name":"Stabilized Peanut Butter"}]},{"@type":"WebSite","@id":"https:\/\/www.peanutoem.com\/#website","url":"https:\/\/www.peanutoem.com\/","name":"Peanut Butter Factory","description":"Peanut Butter Manufacturer and Roast Peanut OEM Factory | Peanut Private Label China Supplier","publisher":{"@id":"https:\/\/www.peanutoem.com\/#organization"},"alternateName":"Peanut Butter OEM and Wholesale","potentialAction":[{"@type":"SearchAction","target":{"@type":"EntryPoint","urlTemplate":"https:\/\/www.peanutoem.com\/?s={search_term_string}"},"query-input":{"@type":"PropertyValueSpecification","valueRequired":true,"valueName":"search_term_string"}}],"inLanguage":"sl-SI"},{"@type":"Organization","@id":"https:\/\/www.peanutoem.com\/#organization","name":"Peanut Butter Factory","alternateName":"JuFeng Group","url":"https:\/\/www.peanutoem.com\/","logo":{"@type":"ImageObject","inLanguage":"sl-SI","@id":"https:\/\/www.peanutoem.com\/#\/schema\/logo\/image\/","url":"https:\/\/www.peanutoem.com\/wp-content\/uploads\/2024\/09\/JUFENG-LOGO.png","contentUrl":"https:\/\/www.peanutoem.com\/wp-content\/uploads\/2024\/09\/JUFENG-LOGO.png","width":600,"height":170,"caption":"Peanut Butter Factory"},"image":{"@id":"https:\/\/www.peanutoem.com\/#\/schema\/logo\/image\/"}}]}},"_links":{"self":[{"href":"https:\/\/www.peanutoem.com\/sl\/wp-json\/wp\/v2\/product\/1545","targetHints":{"allow":["GET"]}}],"collection":[{"href":"https:\/\/www.peanutoem.com\/sl\/wp-json\/wp\/v2\/product"}],"about":[{"href":"https:\/\/www.peanutoem.com\/sl\/wp-json\/wp\/v2\/types\/product"}],"replies":[{"embeddable":true,"href":"https:\/\/www.peanutoem.com\/sl\/wp-json\/wp\/v2\/comments?post=1545"}],"wp:featuredmedia":[{"embeddable":true,"href":"https:\/\/www.peanutoem.com\/sl\/wp-json\/wp\/v2\/media\/1692"}],"wp:attachment":[{"href":"https:\/\/www.peanutoem.com\/sl\/wp-json\/wp\/v2\/media?parent=1545"}],"wp:term":[{"taxonomy":"product_cat","embeddable":true,"href":"https:\/\/www.peanutoem.com\/sl\/wp-json\/wp\/v2\/product_cat?post=1545"},{"taxonomy":"product_tag","embeddable":true,"href":"https:\/\/www.peanutoem.com\/sl\/wp-json\/wp\/v2\/product_tag?post=1545"}],"curies":[{"name":"wp","href":"https:\/\/api.w.org\/{rel}","templated":true}]}}