{"id":1553,"date":"2024-09-02T13:58:23","date_gmt":"2024-09-02T13:58:23","guid":{"rendered":"https:\/\/www.peanutoem.com\/?post_type=product&#038;p=1553"},"modified":"2024-09-24T15:21:33","modified_gmt":"2024-09-24T15:21:33","slug":"roasted-peanut-kernels","status":"publish","type":"product","link":"https:\/\/www.peanutoem.com\/sl\/manufacturer\/roasted-peanut-kernels\/","title":{"rendered":"Pra\u017eena ara\u0161idna jedrca"},"content":{"rendered":"<h3>Kaj so pra\u017eena jedrca ara\u0161idov?<\/h3>\n<p>Pra\u017eena ara\u0161idna jedrca so u\u017eitni del lupine ara\u0161idov, ki je bil skrbno pra\u017een. Postopek pra\u017eenja mo\u010dno okrepi okus in okus ara\u0161idov. Ara\u0161idom daje privla\u010dno aromo po ore\u0161\u010dkih in hrustljavo teksturo, zaradi \u010desar so priljubljena izbira prigrizkov in nepogre\u0161ljiva sestavina \u0161tevilnih jedi. Ta pra\u017eena jedrca ara\u0161idov imajo \u0161irok spekter uporabe, od klasi\u010dne izdelave ara\u0161idovega masla do kreativnih kombinacij v pe\u010denih prigrizkih in bonbonih, do dodajanja edinstvenega okusa slanim jedem.<\/p>\n<h3>Kak\u0161na so druga imena za pra\u017eena jedrca ara\u0161idov?<\/h3>\n<p>Pra\u017eena ara\u0161idova jedrca se v\u010dasih imenujejo alternativna imena, odvisno od regije ali njihove uporabe. Pogosta imena vklju\u010dujejo:<\/p>\n<ul>\n<li><strong>Pra\u017eeni ara\u0161idi<\/strong> (uporablja se v nekaterih dr\u017eavah)<\/li>\n<li><strong>Suhi pra\u017eeni ara\u0161idi<\/strong><\/li>\n<li><strong>Pra\u017eeni ara\u0161idi<\/strong><\/li>\n<li><strong>Pra\u017eena jedrca orehov<\/strong><\/li>\n<\/ul>\n<p>Te razli\u010dice poudarjajo enak okusen, vsestranski izdelek iz pra\u017eenih ara\u0161idov, prilagojen razli\u010dnim industrijam in okusom.<\/p>\n<h3>Zakaj izbrati nas kot svojega dobavitelja za OEM pra\u017eenih ara\u0161idov?<\/h3>\n<p>Izbira <strong>Kitajska skupina JuFeng<\/strong> pomeni partnerstvo z enim najbolj zaupanja vrednih dobaviteljev pra\u017eenih ara\u0161idovih jedrc in proizvajalcev zasebnih blagovnih znamk v industriji. Tukaj izstopamo:<\/p>\n<ul>\n<li><strong>Najsodobnej\u0161a proizvodnja<\/strong>: Z dvema naprednima proizvodnima linijama, uvo\u017eenima iz ZDA, dosledno dobavljamo visokokakovostna pra\u017eena jedrca ara\u0161idov v velikem obsegu.<\/li>\n<li><strong>Prilagodljive re\u0161itve OEM<\/strong>: Ponujamo prilagodljive storitve proizvajalcev originalne opreme in zasebnih blagovnih znamk, ki strankam omogo\u010dajo prilagoditev specifikacij izdelkov, embala\u017ee in drugega za izpolnjevanje posebnih potreb trga.<\/li>\n<li><strong>Certifikati in skladnost<\/strong>: Na\u0161i izdelki ustrezajo svetovnim standardom varnosti in kakovosti, certificirani s certifikati BRC, HACCP, Kosher, Halal in EU Organic.<\/li>\n<li><strong>Zaupanja vreden izvoznik<\/strong>: Kot vodilni izvoznik smo vzpostavili partnerstva z velikimi supermarketi in blagovnimi znamkami hrane po vsem svetu.<\/li>\n<li><strong>Strokovno znanje o dobavni verigi<\/strong>: Od predelave do skladi\u0161\u010denja zagotavljamo pravo\u010dasno dostavo in nadzor kakovosti z na\u0161imi lastnozgrajenimi napravami za nadzor temperature.<\/li>\n<\/ul>\n<h3>Vro\u010de teme o pra\u017eenih ara\u0161idovih jedrcih<\/h3>\n<ul>\n<li><strong>Trajnost pri gojenju ara\u0161idov<\/strong>: Pra\u017eena ara\u0161idna jedrca imajo tako kot drugi izdelki iz ara\u0161idov majhen vpliv na okolje v primerjavi z drugimi ore\u0161\u010dki, zaradi \u010desar so okolju prijazna izbira za proizvajalce hrane.<\/li>\n<li><strong>Zdravstvene koristi<\/strong>: Pra\u017eeni ara\u0161idi so bogati z beljakovinami, zdravimi ma\u0161\u010dobami in vlakninami, zato potro\u0161nikom ponujajo hranljivo mo\u017enost prigrizka.<\/li>\n<li><strong>Inovacije pri predelavi ara\u0161idov<\/strong>: Industrija ara\u0161idov se nenehno razvija z novimi tehnikami pra\u017eenja, ki izbolj\u0161ajo okus in hkrati ohranijo hranilne snovi.<\/li>\n<\/ul>\n<h3>Izbira nas in dejstva o pra\u017eenih ara\u0161idovih jedrcih<\/h3>\n<p><strong>1. Zakaj je China JuFeng Group vodilni dobavitelj pra\u017eenih ara\u0161idovih jedrc?<\/strong><br \/>\nZdru\u017eujemo vrhunsko tehnologijo, bogate izku\u0161nje in vrhunsko prilagajanje izdelkov, da na svetovne trge dostavimo visokokakovostna pra\u017eena jedrca ara\u0161idov.<\/p>\n<p><strong>2. Ali ponujate storitve zasebne blagovne znamke za pra\u017eena jedrca ara\u0161idov?<\/strong><br \/>\nDa, ponujamo prilagodljive re\u0161itve zasebnih blagovnih znamk, ki vam omogo\u010dajo, da prilagodite embala\u017eo izdelka, blagovno znamko in specifikacije jedra, da bodo ustrezale potrebam va\u0161e blagovne znamke.<\/p>\n<p><strong>3. Ali lahko pri vas naro\u010dim pra\u017eena ara\u0161idova jedrca v rinfuzi?<\/strong><br \/>\nVsekakor ponujamo mo\u017enosti nakupa v razsutem stanju za podjetja vseh velikosti, vklju\u010dno s trgovci na drobno, veletrgovci in proizvajalci hrane.<\/p>\n<p><strong>4. Kak\u0161ne certifikate imajo va\u0161a pra\u017eena jedrca ara\u0161idov?<\/strong><br \/>\nNa\u0161i izdelki ustrezajo strogim mednarodnim standardom in certifikatom, vklju\u010dno s HACCP, BRC, Kosher, Halal in EU Organic.<\/p>\n<p><strong>5. Kako zagotavljate kakovost svojih pra\u017eenih ara\u0161idov?<\/strong><br \/>\nImamo namenski interni laboratorij za izvajanje temeljitega testiranja, ki zagotavlja, da vsaka serija ustreza visokim senzori\u010dnim, fizikalnim, kemi\u010dnim in mikrobnim standardom.<\/p>\n<p><strong>6. Ali lahko prilagodite stopnjo pra\u017eenosti ara\u0161idovih jedrc?<\/strong><br \/>\nDa, nudimo prilagodljive stopnje pra\u017eenja (svetlo, srednje ali temno pe\u010deno) glede na \u017eelje strank in zahteve trga.<\/p>\n<p><strong>7. Kako so va\u0161a pra\u017eena ara\u0161idova jedrca shranjena, da ohranijo sve\u017eino?<\/strong><br \/>\nNa\u0161a jedrca so shranjena v prostorih z nadzorovano temperaturo, ki prepre\u010dujejo kvarjenje in ohranjajo celovitost izdelka med po\u0161iljanjem in rokovanjem.<\/p>\n<p><strong>8. Ali izva\u017eate pra\u017eena jedrca ara\u0161idov v tujino?<\/strong><br \/>\nDa, smo izku\u0161en izvoznik z globalno mre\u017eo, ki dobavlja pra\u017eena jedrca ara\u0161idov na razli\u010dne trge na razli\u010dnih celinah.<\/p>\n<p><strong>9. Ali so va\u0161a pra\u017eena ara\u0161idova jedrca primerna za uporabo pri proizvodnji ara\u0161idovega masla?<\/strong><br \/>\nVsekakor so na\u0161a pra\u017eena jedrca ara\u0161idov idealna za uporabo pri proizvodnji ara\u0161idovega masla, saj ponujajo vrhunski okus in teksturo.<\/p>","protected":false},"excerpt":{"rendered":"<p>Smo proizvajalec in dobavitelj pra\u017eenih ara\u0161idov na Kitajskem<\/p>\n<p>\u2013 MOQ: 1 tona<br \/>\n\u2013 Ponujena storitev OEM\/ODM<br \/>\n\u2013 Na voljo brezpla\u010den vzorec<br \/>\n\u2013 Sprejmite prilagajanje (specifikacije, barva, velikosti, embala\u017ea, dizajn itd.)<\/p>\n<p>\u010ce \u017eelite dobiti pra\u017eena ara\u0161idna jedrca, stopite v stik z nami.<\/p>","protected":false},"featured_media":1697,"comment_status":"open","ping_status":"closed","template":"","meta":[],"product_cat":[37],"product_tag":[],"class_list":{"0":"post-1553","1":"product","2":"type-product","3":"status-publish","4":"has-post-thumbnail","6":"product_cat-roasted-peanut","8":"first","9":"instock","10":"featured","11":"shipping-taxable","12":"product-type-simple"},"yoast_head":"<!-- This site is optimized with the Yoast SEO plugin v24.9 - https:\/\/yoast.com\/wordpress\/plugins\/seo\/ -->\n<title>Roasted Peanut Kernels - Peanut Butter Factory<\/title>\n<meta name=\"description\" content=\"Premium Roasted Peanut Kernels OEM supplier, private label manufacturer, and exporter. Choose us for superior quality and customizable options.\" \/>\n<meta name=\"robots\" content=\"index, follow, max-snippet:-1, max-image-preview:large, max-video-preview:-1\" \/>\n<link rel=\"canonical\" href=\"https:\/\/www.peanutoem.com\/sl\/manufacturer\/roasted-peanut-kernels\/\" \/>\n<meta property=\"og:locale\" content=\"sl_SI\" \/>\n<meta property=\"og:type\" content=\"article\" \/>\n<meta property=\"og:title\" content=\"Roasted Peanut Kernels - Peanut Butter Factory\" \/>\n<meta property=\"og:description\" content=\"Premium Roasted Peanut Kernels OEM supplier, private label manufacturer, and exporter. Choose us for superior quality and customizable options.\" \/>\n<meta property=\"og:url\" content=\"https:\/\/www.peanutoem.com\/sl\/manufacturer\/roasted-peanut-kernels\/\" \/>\n<meta property=\"og:site_name\" content=\"Peanut Butter Factory\" \/>\n<meta property=\"article:modified_time\" content=\"2024-09-24T15:21:33+00:00\" \/>\n<meta property=\"og:image\" content=\"https:\/\/www.peanutoem.com\/wp-content\/uploads\/2024\/09\/Roasted-Peanut-Kernels-on-plate-scaled.webp\" \/>\n\t<meta property=\"og:image:width\" content=\"2560\" \/>\n\t<meta property=\"og:image:height\" content=\"1707\" \/>\n\t<meta property=\"og:image:type\" content=\"image\/webp\" \/>\n<meta name=\"twitter:card\" content=\"summary_large_image\" \/>\n<meta name=\"twitter:label1\" content=\"Est. reading time\" \/>\n\t<meta name=\"twitter:data1\" content=\"3 minute\" \/>\n<script type=\"application\/ld+json\" class=\"yoast-schema-graph\">{\"@context\":\"https:\/\/schema.org\",\"@graph\":[{\"@type\":\"WebPage\",\"@id\":\"https:\/\/www.peanutoem.com\/manufacturer\/roasted-peanut-kernels\/\",\"url\":\"https:\/\/www.peanutoem.com\/manufacturer\/roasted-peanut-kernels\/\",\"name\":\"Roasted Peanut Kernels - Peanut Butter Factory\",\"isPartOf\":{\"@id\":\"https:\/\/www.peanutoem.com\/#website\"},\"primaryImageOfPage\":{\"@id\":\"https:\/\/www.peanutoem.com\/manufacturer\/roasted-peanut-kernels\/#primaryimage\"},\"image\":{\"@id\":\"https:\/\/www.peanutoem.com\/manufacturer\/roasted-peanut-kernels\/#primaryimage\"},\"thumbnailUrl\":\"https:\/\/www.peanutoem.com\/wp-content\/uploads\/2024\/09\/Roasted-Peanut-Kernels-on-plate-scaled.webp\",\"datePublished\":\"2024-09-02T13:58:23+00:00\",\"dateModified\":\"2024-09-24T15:21:33+00:00\",\"description\":\"Premium Roasted Peanut Kernels OEM supplier, private label manufacturer, and exporter. Choose us for superior quality and customizable options.\",\"breadcrumb\":{\"@id\":\"https:\/\/www.peanutoem.com\/manufacturer\/roasted-peanut-kernels\/#breadcrumb\"},\"inLanguage\":\"sl-SI\",\"potentialAction\":[{\"@type\":\"ReadAction\",\"target\":[\"https:\/\/www.peanutoem.com\/manufacturer\/roasted-peanut-kernels\/\"]}]},{\"@type\":\"ImageObject\",\"inLanguage\":\"sl-SI\",\"@id\":\"https:\/\/www.peanutoem.com\/manufacturer\/roasted-peanut-kernels\/#primaryimage\",\"url\":\"https:\/\/www.peanutoem.com\/wp-content\/uploads\/2024\/09\/Roasted-Peanut-Kernels-on-plate-scaled.webp\",\"contentUrl\":\"https:\/\/www.peanutoem.com\/wp-content\/uploads\/2024\/09\/Roasted-Peanut-Kernels-on-plate-scaled.webp\",\"width\":2560,\"height\":1707,\"caption\":\"Roasted Peanut Kernels on plate\"},{\"@type\":\"BreadcrumbList\",\"@id\":\"https:\/\/www.peanutoem.com\/manufacturer\/roasted-peanut-kernels\/#breadcrumb\",\"itemListElement\":[{\"@type\":\"ListItem\",\"position\":1,\"name\":\"Home\",\"item\":\"https:\/\/www.peanutoem.com\/\"},{\"@type\":\"ListItem\",\"position\":2,\"name\":\"Products\",\"item\":\"https:\/\/www.peanutoem.com\/shop\/\"},{\"@type\":\"ListItem\",\"position\":3,\"name\":\"Roasted Peanut Kernels\"}]},{\"@type\":\"WebSite\",\"@id\":\"https:\/\/www.peanutoem.com\/#website\",\"url\":\"https:\/\/www.peanutoem.com\/\",\"name\":\"Peanut Butter Factory\",\"description\":\"Peanut Butter Manufacturer and Roast Peanut OEM Factory | Peanut Private Label China Supplier\",\"publisher\":{\"@id\":\"https:\/\/www.peanutoem.com\/#organization\"},\"alternateName\":\"Peanut Butter OEM and Wholesale\",\"potentialAction\":[{\"@type\":\"SearchAction\",\"target\":{\"@type\":\"EntryPoint\",\"urlTemplate\":\"https:\/\/www.peanutoem.com\/?s={search_term_string}\"},\"query-input\":{\"@type\":\"PropertyValueSpecification\",\"valueRequired\":true,\"valueName\":\"search_term_string\"}}],\"inLanguage\":\"sl-SI\"},{\"@type\":\"Organization\",\"@id\":\"https:\/\/www.peanutoem.com\/#organization\",\"name\":\"Peanut Butter Factory\",\"alternateName\":\"JuFeng Group\",\"url\":\"https:\/\/www.peanutoem.com\/\",\"logo\":{\"@type\":\"ImageObject\",\"inLanguage\":\"sl-SI\",\"@id\":\"https:\/\/www.peanutoem.com\/#\/schema\/logo\/image\/\",\"url\":\"https:\/\/www.peanutoem.com\/wp-content\/uploads\/2024\/09\/JUFENG-LOGO.png\",\"contentUrl\":\"https:\/\/www.peanutoem.com\/wp-content\/uploads\/2024\/09\/JUFENG-LOGO.png\",\"width\":600,\"height\":170,\"caption\":\"Peanut Butter Factory\"},\"image\":{\"@id\":\"https:\/\/www.peanutoem.com\/#\/schema\/logo\/image\/\"}}]}<\/script>\n<!-- \/ Yoast SEO plugin. -->","yoast_head_json":{"title":"Roasted Peanut Kernels - Peanut Butter Factory","description":"Premium Roasted Peanut Kernels OEM supplier, private label manufacturer, and exporter. Choose us for superior quality and customizable options.","robots":{"index":"index","follow":"follow","max-snippet":"max-snippet:-1","max-image-preview":"max-image-preview:large","max-video-preview":"max-video-preview:-1"},"canonical":"https:\/\/www.peanutoem.com\/sl\/manufacturer\/roasted-peanut-kernels\/","og_locale":"sl_SI","og_type":"article","og_title":"Roasted Peanut Kernels - Peanut Butter Factory","og_description":"Premium Roasted Peanut Kernels OEM supplier, private label manufacturer, and exporter. Choose us for superior quality and customizable options.","og_url":"https:\/\/www.peanutoem.com\/sl\/manufacturer\/roasted-peanut-kernels\/","og_site_name":"Peanut Butter Factory","article_modified_time":"2024-09-24T15:21:33+00:00","og_image":[{"width":2560,"height":1707,"url":"https:\/\/www.peanutoem.com\/wp-content\/uploads\/2024\/09\/Roasted-Peanut-Kernels-on-plate-scaled.webp","type":"image\/webp"}],"twitter_card":"summary_large_image","twitter_misc":{"Est. reading time":"3 minute"},"schema":{"@context":"https:\/\/schema.org","@graph":[{"@type":"WebPage","@id":"https:\/\/www.peanutoem.com\/manufacturer\/roasted-peanut-kernels\/","url":"https:\/\/www.peanutoem.com\/manufacturer\/roasted-peanut-kernels\/","name":"Roasted Peanut Kernels - Peanut Butter Factory","isPartOf":{"@id":"https:\/\/www.peanutoem.com\/#website"},"primaryImageOfPage":{"@id":"https:\/\/www.peanutoem.com\/manufacturer\/roasted-peanut-kernels\/#primaryimage"},"image":{"@id":"https:\/\/www.peanutoem.com\/manufacturer\/roasted-peanut-kernels\/#primaryimage"},"thumbnailUrl":"https:\/\/www.peanutoem.com\/wp-content\/uploads\/2024\/09\/Roasted-Peanut-Kernels-on-plate-scaled.webp","datePublished":"2024-09-02T13:58:23+00:00","dateModified":"2024-09-24T15:21:33+00:00","description":"Premium Roasted Peanut Kernels OEM supplier, private label manufacturer, and exporter. Choose us for superior quality and customizable options.","breadcrumb":{"@id":"https:\/\/www.peanutoem.com\/manufacturer\/roasted-peanut-kernels\/#breadcrumb"},"inLanguage":"sl-SI","potentialAction":[{"@type":"ReadAction","target":["https:\/\/www.peanutoem.com\/manufacturer\/roasted-peanut-kernels\/"]}]},{"@type":"ImageObject","inLanguage":"sl-SI","@id":"https:\/\/www.peanutoem.com\/manufacturer\/roasted-peanut-kernels\/#primaryimage","url":"https:\/\/www.peanutoem.com\/wp-content\/uploads\/2024\/09\/Roasted-Peanut-Kernels-on-plate-scaled.webp","contentUrl":"https:\/\/www.peanutoem.com\/wp-content\/uploads\/2024\/09\/Roasted-Peanut-Kernels-on-plate-scaled.webp","width":2560,"height":1707,"caption":"Roasted Peanut Kernels on plate"},{"@type":"BreadcrumbList","@id":"https:\/\/www.peanutoem.com\/manufacturer\/roasted-peanut-kernels\/#breadcrumb","itemListElement":[{"@type":"ListItem","position":1,"name":"Home","item":"https:\/\/www.peanutoem.com\/"},{"@type":"ListItem","position":2,"name":"Products","item":"https:\/\/www.peanutoem.com\/shop\/"},{"@type":"ListItem","position":3,"name":"Roasted Peanut Kernels"}]},{"@type":"WebSite","@id":"https:\/\/www.peanutoem.com\/#website","url":"https:\/\/www.peanutoem.com\/","name":"Peanut Butter Factory","description":"Peanut Butter Manufacturer and Roast Peanut OEM Factory | Peanut Private Label China Supplier","publisher":{"@id":"https:\/\/www.peanutoem.com\/#organization"},"alternateName":"Peanut Butter OEM and Wholesale","potentialAction":[{"@type":"SearchAction","target":{"@type":"EntryPoint","urlTemplate":"https:\/\/www.peanutoem.com\/?s={search_term_string}"},"query-input":{"@type":"PropertyValueSpecification","valueRequired":true,"valueName":"search_term_string"}}],"inLanguage":"sl-SI"},{"@type":"Organization","@id":"https:\/\/www.peanutoem.com\/#organization","name":"Peanut Butter Factory","alternateName":"JuFeng Group","url":"https:\/\/www.peanutoem.com\/","logo":{"@type":"ImageObject","inLanguage":"sl-SI","@id":"https:\/\/www.peanutoem.com\/#\/schema\/logo\/image\/","url":"https:\/\/www.peanutoem.com\/wp-content\/uploads\/2024\/09\/JUFENG-LOGO.png","contentUrl":"https:\/\/www.peanutoem.com\/wp-content\/uploads\/2024\/09\/JUFENG-LOGO.png","width":600,"height":170,"caption":"Peanut Butter Factory"},"image":{"@id":"https:\/\/www.peanutoem.com\/#\/schema\/logo\/image\/"}}]}},"_links":{"self":[{"href":"https:\/\/www.peanutoem.com\/sl\/wp-json\/wp\/v2\/product\/1553","targetHints":{"allow":["GET"]}}],"collection":[{"href":"https:\/\/www.peanutoem.com\/sl\/wp-json\/wp\/v2\/product"}],"about":[{"href":"https:\/\/www.peanutoem.com\/sl\/wp-json\/wp\/v2\/types\/product"}],"replies":[{"embeddable":true,"href":"https:\/\/www.peanutoem.com\/sl\/wp-json\/wp\/v2\/comments?post=1553"}],"wp:featuredmedia":[{"embeddable":true,"href":"https:\/\/www.peanutoem.com\/sl\/wp-json\/wp\/v2\/media\/1697"}],"wp:attachment":[{"href":"https:\/\/www.peanutoem.com\/sl\/wp-json\/wp\/v2\/media?parent=1553"}],"wp:term":[{"taxonomy":"product_cat","embeddable":true,"href":"https:\/\/www.peanutoem.com\/sl\/wp-json\/wp\/v2\/product_cat?post=1553"},{"taxonomy":"product_tag","embeddable":true,"href":"https:\/\/www.peanutoem.com\/sl\/wp-json\/wp\/v2\/product_tag?post=1553"}],"curies":[{"name":"wp","href":"https:\/\/api.w.org\/{rel}","templated":true}]}}