{"id":1554,"date":"2024-09-02T13:59:01","date_gmt":"2024-09-02T13:59:01","guid":{"rendered":"https:\/\/www.peanutoem.com\/?post_type=product&#038;p=1554"},"modified":"2024-09-28T05:11:42","modified_gmt":"2024-09-28T05:11:42","slug":"roasted-blanched-peanut","status":"publish","type":"product","link":"https:\/\/www.peanutoem.com\/sl\/manufacturer\/roasted-blanched-peanut\/","title":{"rendered":"Pra\u017eeni blan\u0161irani ara\u0161idi"},"content":{"rendered":"<h3><strong>Kaj so pra\u017eeni blan\u0161irani ara\u0161idi?<\/strong><\/h3>\n<p>Pra\u017eeni blan\u0161irani ara\u0161idi so podvr\u017eeni posebnemu dvostopenjskemu postopku. Najprej se surovi ara\u0161idi blan\u0161irajo, kar vklju\u010duje odstranitev zunanje ovojnice s segrevanjem in ne\u017enimi mehanskimi sredstvi. Nato so pra\u017eeni do popolnosti, kar ima za posledico bogat okus po ore\u0161\u010dkih in hrustljavo teksturo. Ti ara\u0161idi so idealni za razli\u010dne namene, vklju\u010dno s proizvodnjo prigrizkov, sla\u0161\u010dic, proizvodnjo ara\u0161idovega masla in kot sestavine v slanih jedeh.<\/p>\n<p>Poleg tega blan\u0161irani pra\u017eeni ara\u0161idi nudijo dodatno prednost \u010distega in gladkega videza. Zaradi te kakovosti so zelo za\u017eeleni za izdelke, kjer sta vizualna privla\u010dnost in enotnost klju\u010dnega pomena.<\/p>\n<h3><strong>Kak\u0161na so druga imena za pra\u017eene blan\u0161irane ara\u0161ide?<\/strong><\/h3>\n<p>Pra\u017eeni blan\u0161irani ara\u0161idi se lahko imenujejo z ve\u010d imeni, odvisno od regionalnih preferenc ali uporabe v industriji:<\/p>\n<ul>\n<li>Pra\u017eeni ara\u0161idi brez ko\u017ee<\/li>\n<li>Blan\u0161irani in pra\u017eeni ara\u0161idi<\/li>\n<li>Pra\u017eeni beli ara\u0161idi<\/li>\n<li>Blan\u0161irani ara\u0161idi<\/li>\n<li>Blan\u0161irana jedrca ara\u0161idov<\/li>\n<li>Ara\u0161idi, celi, blan\u0161irani, pra\u017eeni<\/li>\n<\/ul>\n<p>Ta imena odra\u017eajo postopek priprave, kjer se lupine ara\u0161idov odstranijo pred pra\u017eenjem, kar povzro\u010di gladek in privla\u010den kon\u010dni izdelek.<\/p>\n<h3><img loading=\"lazy\" decoding=\"async\" class=\"alignnone wp-image-1702 size-full\" src=\"https:\/\/www.peanutoem.com\/wp-content\/uploads\/2024\/09\/Whole-Roasted-Blanched-Peanut-.webp\" alt=\"Celi pra\u017eeni blan\u0161irani ara\u0161idi\" width=\"1000\" height=\"1000\" srcset=\"https:\/\/www.peanutoem.com\/wp-content\/uploads\/2024\/09\/Whole-Roasted-Blanched-Peanut-.webp 1000w, https:\/\/www.peanutoem.com\/wp-content\/uploads\/2024\/09\/Whole-Roasted-Blanched-Peanut--300x300.webp 300w, https:\/\/www.peanutoem.com\/wp-content\/uploads\/2024\/09\/Whole-Roasted-Blanched-Peanut--150x150.webp 150w, https:\/\/www.peanutoem.com\/wp-content\/uploads\/2024\/09\/Whole-Roasted-Blanched-Peanut--768x768.webp 768w, https:\/\/www.peanutoem.com\/wp-content\/uploads\/2024\/09\/Whole-Roasted-Blanched-Peanut--12x12.webp 12w, https:\/\/www.peanutoem.com\/wp-content\/uploads\/2024\/09\/Whole-Roasted-Blanched-Peanut--600x600.webp 600w, https:\/\/www.peanutoem.com\/wp-content\/uploads\/2024\/09\/Whole-Roasted-Blanched-Peanut--100x100.webp 100w\" sizes=\"auto, (max-width: 1000px) 100vw, 1000px\" \/><\/h3>\n<h3><strong>Zakaj izbrati nas kot dobavitelja OEM za pra\u017eene blan\u0161irane ara\u0161ide?<\/strong><\/h3>\n<p>Smo vodilni na trgu proizvodnje pra\u017eenih blan\u0161iranih ara\u0161idov, saj ponujamo cele pra\u017eene blan\u0161irane ara\u0161ide in polovice pra\u017eenih blan\u0161iranih ara\u0161idov. Evo zakaj smo va\u0161 najbolj\u0161i partner:<\/p>\n<ul>\n<li><strong>Strokovno znanje in izku\u0161nje na podro\u010dju re\u0161itev OEM<\/strong>: Z na\u0161imi naprednimi proizvodnimi zmogljivostmi nudimo prilagojene storitve OEM, ki izpolnjujejo va\u0161e specifikacije izdelkov, od ravni pra\u017eenja do zahtev glede pakiranja.<\/li>\n<li><strong>Proizvodnja pod lastno blagovno znamko<\/strong>: Specializirani smo za proizvodnjo zasebnih blagovnih znamk, kar blagovnim znamkam omogo\u010da, da izkoristijo na\u0161e strokovno znanje in izku\u0161nje pri razvoju lastnih posebnih izdelkov.<\/li>\n<li><strong>Globalne izvozne zmogljivosti<\/strong>: Kot izku\u0161en izvoznik strankam po vsem svetu nudimo u\u010dinkovito logistiko in dosledno kakovost.<\/li>\n<li><strong>Certificirano zagotavljanje kakovosti<\/strong>: Na\u0161i izdelki so certificirani po standardih HACCP, BRCGS, Halal, Kosher in EU Organic, kar zagotavlja skladnost z globalnimi predpisi o varnosti hrane in kakovosti.<\/li>\n<li><strong>Trajnost in zanesljivost<\/strong>: Prednost dajemo trajnostnim proizvodnim metodam in vzdr\u017eujemo mo\u010dno zanesljivost dobavne verige, da zadovoljimo potrebe na\u0161ih strank po vsem svetu.<\/li>\n<\/ul>\n<h3><strong>Vro\u010de teme o pra\u017eenih blan\u0161iranih ara\u0161idah<\/strong><\/h3>\n<ul>\n<li><strong>Celo proti polovicam<\/strong>: Za proizvajalce je klju\u010dnega pomena razumevanje primerov uporabe pra\u017eenih blan\u0161iranih celih ara\u0161idov v primerjavi s pra\u017eenimi blan\u0161iranimi polovicami ara\u0161idov. Celi ara\u0161idi se pogosto uporabljajo v vrhunskih prigrizkih, medtem ko so polovice prednostne za proizvodnjo hrane, peko in ara\u0161idovo maslo.<\/li>\n<li><strong>Zdravstvene koristi pra\u017eenih blan\u0161iranih ara\u0161idov<\/strong>: Blan\u0161irani ara\u0161idi ohranjajo \u0161tevilne prehranske prednosti surovih ara\u0161idov, vklju\u010dno z beljakovinami, zdravimi ma\u0161\u010dobami ter bistvenimi vitamini in minerali, zaradi \u010desar so pametna izbira za potro\u0161nike, ki se zavedajo zdravja.<\/li>\n<li><strong>Nara\u0161\u010dajo\u010de povpra\u0161evanje po \u010distih sestavinah<\/strong>: Ker vse ve\u010d potro\u0161nikov i\u0161\u010de izdelke z minimalno obdelavo, so pra\u017eeni blan\u0161irani ara\u0161idi odli\u010dna izbira sestavin za prigrizke in prehrambene izdelke, ki se tr\u017eijo kot \u00bbclean-label\u00ab.<\/li>\n<li><strong>Trajnost ara\u0161idov in vpliv na okolje<\/strong>: V primerjavi z drugimi ore\u0161\u010dki ara\u0161idi, vklju\u010dno z blan\u0161iranimi sortami, potrebujejo manj virov za pridelavo, zaradi \u010desar so trajnostna izbira za \u017eivilska podjetja, ki \u017eelijo zmanj\u0161ati svoj okoljski odtis.<\/li>\n<\/ul>\n<h3><strong>Pogosta vpra\u0161anja o na\u0161i vlogi proizvajalca pra\u017eenih blan\u0161iranih ara\u0161idov<\/strong><\/h3>\n<ol>\n<li><strong>Kak\u0161ne so prednosti blan\u0161iranih ara\u0161idov?<\/strong><br \/>\nBlan\u0161iranim ara\u0161idom je odstranjena lupina, kar zagotavlja \u010distej\u0161i videz in konsistentno teksturo, idealno za prigrizke in vizualno usmerjene izdelke.<\/li>\n<li><strong>Ali ponujate mo\u017enosti zasebnih blagovnih znamk?<\/strong><br \/>\nDa, specializirani smo za proizvodnjo zasebnih blagovnih znamk s popolno prilagoditvijo embala\u017ee in specifikacij va\u0161e blagovne znamke.<\/li>\n<li><strong>Ali lahko prilagodim stopnjo pra\u017eenja?<\/strong><br \/>\nVsekakor! Ponujamo mo\u017enosti pra\u017eenja od svetlega do temnega, prilagojene va\u0161im \u017eeljam in potrebam trga.<\/li>\n<li><strong>Kako ohranjate sve\u017eino?<\/strong><br \/>\nAra\u0161ide hranimo v prostorih z nadzorovano temperaturo, da zagotovimo, da med skladi\u0161\u010denjem in transportom ostanejo sve\u017ei in kakovostni.<\/li>\n<li><strong>Ali izva\u017eate globalno?<\/strong><br \/>\nDa, imamo bogate izku\u0161nje z izvozom pra\u017eenih blan\u0161iranih ara\u0161idov na razli\u010dne mednarodne trge z u\u010dinkovito logistiko.<\/li>\n<li><strong>Kak\u0161en je rok trajanja va\u0161ih ara\u0161idov?<\/strong><br \/>\nNa\u0161i pra\u017eeni blan\u0161irani ara\u0161idi so zdr\u017eljivi od 12 do 18 mesecev, \u010de so pravilno shranjeni, kar zagotavlja trajno sve\u017eino in okus.<\/li>\n<li><strong>Kak\u0161ne so obi\u010dajne uporabe pra\u017eenih blan\u0161iranih ara\u0161idov?<\/strong><br \/>\nPriljubljeni so v prigrizkih, sla\u0161\u010dicah, ara\u0161idovem maslu ter kot sestavine slanih in pekovskih izdelkov.<\/li>\n<li><strong>Kak\u0161ni so pra\u017eeni blan\u0161irani ara\u0161idi v primerjavi z drugimi sortami?<\/strong><br \/>\nPra\u017eeni blan\u0161irani ara\u0161idi imajo bolj gladek in \u010dist videz, ker jim je odstranjena lupina. Zaradi te kakovosti so popolni za vrhunske izdelke, ki potrebujejo dosledno teksturo.<\/li>\n<\/ol>\n<div class=\"flex max-w-full flex-col flex-grow\">\n<div class=\"min-h-8 text-message flex w-full flex-col items-end gap-2 whitespace-normal break-words [.text-message+&amp;]:mt-5\" dir=\"auto\" data-message-author-role=\"assistant\" data-message-id=\"31ea6229-78d6-4c3f-8f61-fea9e8392c9b\">\n<div class=\"flex w-full flex-col gap-1 empty:hidden first:pt-[3px]\">\n<div class=\"markdown prose w-full break-words dark:prose-invert dark\">\n<a href=\"mailto:globepeanut@gmail.com\" class=\"button primary is-primary is-medium\"  >\n    <span>Pi\u0161ite nam<\/span>\n  <\/a>\n\n<\/div>\n<\/div>\n<\/div>\n<\/div>\n<div class=\"mb-2 flex gap-3 empty:hidden -ml-2\">\n<div class=\"items-center justify-start rounded-xl p-1 flex\"><\/div>\n<\/div>","protected":false},"excerpt":{"rendered":"<p>Smo proizvajalec in dobavitelj pra\u017eenih blan\u0161iranih ara\u0161idov na Kitajskem<\/p>\n<p>\u2013 MOQ: 1 tona<br \/>\n\u2013 Ponujena storitev OEM\/ODM<br \/>\n\u2013 Na voljo brezpla\u010den vzorec<br \/>\n\u2013 Sprejmite prilagajanje (specifikacije, velikosti, barva, dizajn itd.)<br \/>\n\u2013 Vrsta: pra\u017eeni ara\u0161idi celi, pra\u017eeni ara\u0161idi na polovici<\/p>\n<p>\u010ce \u017eelite izvedeti cene pra\u017eenih blan\u0161iranih ara\u0161idov, stopite v stik z nami.<\/p>","protected":false},"featured_media":1701,"comment_status":"open","ping_status":"closed","template":"","meta":[],"product_cat":[37],"product_tag":[],"class_list":{"0":"post-1554","1":"product","2":"type-product","3":"status-publish","4":"has-post-thumbnail","6":"product_cat-roasted-peanut","8":"first","9":"instock","10":"shipping-taxable","11":"product-type-simple"},"yoast_head":"<!-- This site is optimized with the Yoast SEO plugin v24.9 - https:\/\/yoast.com\/wordpress\/plugins\/seo\/ -->\n<title>Roasted Blanched Peanut China Wholesaler - Peanut Butter Factory<\/title>\n<meta name=\"description\" content=\"High-quality Roasted Blanched Peanut OEM supplier, private label manufacturer, and exporter. Choose us for customizable solutions and global expertise.\" \/>\n<meta name=\"robots\" content=\"index, follow, max-snippet:-1, max-image-preview:large, max-video-preview:-1\" \/>\n<link rel=\"canonical\" href=\"https:\/\/www.peanutoem.com\/sl\/manufacturer\/roasted-blanched-peanut\/\" \/>\n<meta property=\"og:locale\" content=\"sl_SI\" \/>\n<meta property=\"og:type\" content=\"article\" \/>\n<meta property=\"og:title\" content=\"Roasted Blanched Peanut China Wholesaler - Peanut Butter Factory\" \/>\n<meta property=\"og:description\" content=\"High-quality Roasted Blanched Peanut OEM supplier, private label manufacturer, and exporter. Choose us for customizable solutions and global expertise.\" \/>\n<meta property=\"og:url\" content=\"https:\/\/www.peanutoem.com\/sl\/manufacturer\/roasted-blanched-peanut\/\" \/>\n<meta property=\"og:site_name\" content=\"Peanut Butter Factory\" \/>\n<meta property=\"article:modified_time\" content=\"2024-09-28T05:11:42+00:00\" \/>\n<meta property=\"og:image\" content=\"https:\/\/www.peanutoem.com\/wp-content\/uploads\/2024\/09\/Whole-Roast-Blanched-Peanut-.webp\" \/>\n\t<meta property=\"og:image:width\" content=\"1000\" \/>\n\t<meta property=\"og:image:height\" content=\"1000\" \/>\n\t<meta property=\"og:image:type\" content=\"image\/webp\" \/>\n<meta name=\"twitter:card\" content=\"summary_large_image\" \/>\n<meta name=\"twitter:label1\" content=\"Est. reading time\" \/>\n\t<meta name=\"twitter:data1\" content=\"4 minute\" \/>\n<script type=\"application\/ld+json\" class=\"yoast-schema-graph\">{\"@context\":\"https:\/\/schema.org\",\"@graph\":[{\"@type\":\"WebPage\",\"@id\":\"https:\/\/www.peanutoem.com\/manufacturer\/roasted-blanched-peanut\/\",\"url\":\"https:\/\/www.peanutoem.com\/manufacturer\/roasted-blanched-peanut\/\",\"name\":\"Roasted Blanched Peanut China Wholesaler - Peanut Butter Factory\",\"isPartOf\":{\"@id\":\"https:\/\/www.peanutoem.com\/#website\"},\"primaryImageOfPage\":{\"@id\":\"https:\/\/www.peanutoem.com\/manufacturer\/roasted-blanched-peanut\/#primaryimage\"},\"image\":{\"@id\":\"https:\/\/www.peanutoem.com\/manufacturer\/roasted-blanched-peanut\/#primaryimage\"},\"thumbnailUrl\":\"https:\/\/www.peanutoem.com\/wp-content\/uploads\/2024\/09\/Whole-Roast-Blanched-Peanut-.webp\",\"datePublished\":\"2024-09-02T13:59:01+00:00\",\"dateModified\":\"2024-09-28T05:11:42+00:00\",\"description\":\"High-quality Roasted Blanched Peanut OEM supplier, private label manufacturer, and exporter. Choose us for customizable solutions and global expertise.\",\"breadcrumb\":{\"@id\":\"https:\/\/www.peanutoem.com\/manufacturer\/roasted-blanched-peanut\/#breadcrumb\"},\"inLanguage\":\"sl-SI\",\"potentialAction\":[{\"@type\":\"ReadAction\",\"target\":[\"https:\/\/www.peanutoem.com\/manufacturer\/roasted-blanched-peanut\/\"]}]},{\"@type\":\"ImageObject\",\"inLanguage\":\"sl-SI\",\"@id\":\"https:\/\/www.peanutoem.com\/manufacturer\/roasted-blanched-peanut\/#primaryimage\",\"url\":\"https:\/\/www.peanutoem.com\/wp-content\/uploads\/2024\/09\/Whole-Roast-Blanched-Peanut-.webp\",\"contentUrl\":\"https:\/\/www.peanutoem.com\/wp-content\/uploads\/2024\/09\/Whole-Roast-Blanched-Peanut-.webp\",\"width\":1000,\"height\":1000,\"caption\":\"Whole Roast Blanched Peanut\"},{\"@type\":\"BreadcrumbList\",\"@id\":\"https:\/\/www.peanutoem.com\/manufacturer\/roasted-blanched-peanut\/#breadcrumb\",\"itemListElement\":[{\"@type\":\"ListItem\",\"position\":1,\"name\":\"Home\",\"item\":\"https:\/\/www.peanutoem.com\/\"},{\"@type\":\"ListItem\",\"position\":2,\"name\":\"Products\",\"item\":\"https:\/\/www.peanutoem.com\/shop\/\"},{\"@type\":\"ListItem\",\"position\":3,\"name\":\"Roasted Blanched Peanut\"}]},{\"@type\":\"WebSite\",\"@id\":\"https:\/\/www.peanutoem.com\/#website\",\"url\":\"https:\/\/www.peanutoem.com\/\",\"name\":\"Peanut Butter Factory\",\"description\":\"Peanut Butter Manufacturer and Roast Peanut OEM Factory | Peanut Private Label China Supplier\",\"publisher\":{\"@id\":\"https:\/\/www.peanutoem.com\/#organization\"},\"alternateName\":\"Peanut Butter OEM and Wholesale\",\"potentialAction\":[{\"@type\":\"SearchAction\",\"target\":{\"@type\":\"EntryPoint\",\"urlTemplate\":\"https:\/\/www.peanutoem.com\/?s={search_term_string}\"},\"query-input\":{\"@type\":\"PropertyValueSpecification\",\"valueRequired\":true,\"valueName\":\"search_term_string\"}}],\"inLanguage\":\"sl-SI\"},{\"@type\":\"Organization\",\"@id\":\"https:\/\/www.peanutoem.com\/#organization\",\"name\":\"Peanut Butter Factory\",\"alternateName\":\"JuFeng Group\",\"url\":\"https:\/\/www.peanutoem.com\/\",\"logo\":{\"@type\":\"ImageObject\",\"inLanguage\":\"sl-SI\",\"@id\":\"https:\/\/www.peanutoem.com\/#\/schema\/logo\/image\/\",\"url\":\"https:\/\/www.peanutoem.com\/wp-content\/uploads\/2024\/09\/JUFENG-LOGO.png\",\"contentUrl\":\"https:\/\/www.peanutoem.com\/wp-content\/uploads\/2024\/09\/JUFENG-LOGO.png\",\"width\":600,\"height\":170,\"caption\":\"Peanut Butter Factory\"},\"image\":{\"@id\":\"https:\/\/www.peanutoem.com\/#\/schema\/logo\/image\/\"}}]}<\/script>\n<!-- \/ Yoast SEO plugin. -->","yoast_head_json":{"title":"Roasted Blanched Peanut China Wholesaler - Peanut Butter Factory","description":"High-quality Roasted Blanched Peanut OEM supplier, private label manufacturer, and exporter. Choose us for customizable solutions and global expertise.","robots":{"index":"index","follow":"follow","max-snippet":"max-snippet:-1","max-image-preview":"max-image-preview:large","max-video-preview":"max-video-preview:-1"},"canonical":"https:\/\/www.peanutoem.com\/sl\/manufacturer\/roasted-blanched-peanut\/","og_locale":"sl_SI","og_type":"article","og_title":"Roasted Blanched Peanut China Wholesaler - Peanut Butter Factory","og_description":"High-quality Roasted Blanched Peanut OEM supplier, private label manufacturer, and exporter. Choose us for customizable solutions and global expertise.","og_url":"https:\/\/www.peanutoem.com\/sl\/manufacturer\/roasted-blanched-peanut\/","og_site_name":"Peanut Butter Factory","article_modified_time":"2024-09-28T05:11:42+00:00","og_image":[{"width":1000,"height":1000,"url":"https:\/\/www.peanutoem.com\/wp-content\/uploads\/2024\/09\/Whole-Roast-Blanched-Peanut-.webp","type":"image\/webp"}],"twitter_card":"summary_large_image","twitter_misc":{"Est. reading time":"4 minute"},"schema":{"@context":"https:\/\/schema.org","@graph":[{"@type":"WebPage","@id":"https:\/\/www.peanutoem.com\/manufacturer\/roasted-blanched-peanut\/","url":"https:\/\/www.peanutoem.com\/manufacturer\/roasted-blanched-peanut\/","name":"Roasted Blanched Peanut China Wholesaler - Peanut Butter Factory","isPartOf":{"@id":"https:\/\/www.peanutoem.com\/#website"},"primaryImageOfPage":{"@id":"https:\/\/www.peanutoem.com\/manufacturer\/roasted-blanched-peanut\/#primaryimage"},"image":{"@id":"https:\/\/www.peanutoem.com\/manufacturer\/roasted-blanched-peanut\/#primaryimage"},"thumbnailUrl":"https:\/\/www.peanutoem.com\/wp-content\/uploads\/2024\/09\/Whole-Roast-Blanched-Peanut-.webp","datePublished":"2024-09-02T13:59:01+00:00","dateModified":"2024-09-28T05:11:42+00:00","description":"High-quality Roasted Blanched Peanut OEM supplier, private label manufacturer, and exporter. Choose us for customizable solutions and global expertise.","breadcrumb":{"@id":"https:\/\/www.peanutoem.com\/manufacturer\/roasted-blanched-peanut\/#breadcrumb"},"inLanguage":"sl-SI","potentialAction":[{"@type":"ReadAction","target":["https:\/\/www.peanutoem.com\/manufacturer\/roasted-blanched-peanut\/"]}]},{"@type":"ImageObject","inLanguage":"sl-SI","@id":"https:\/\/www.peanutoem.com\/manufacturer\/roasted-blanched-peanut\/#primaryimage","url":"https:\/\/www.peanutoem.com\/wp-content\/uploads\/2024\/09\/Whole-Roast-Blanched-Peanut-.webp","contentUrl":"https:\/\/www.peanutoem.com\/wp-content\/uploads\/2024\/09\/Whole-Roast-Blanched-Peanut-.webp","width":1000,"height":1000,"caption":"Whole Roast Blanched Peanut"},{"@type":"BreadcrumbList","@id":"https:\/\/www.peanutoem.com\/manufacturer\/roasted-blanched-peanut\/#breadcrumb","itemListElement":[{"@type":"ListItem","position":1,"name":"Home","item":"https:\/\/www.peanutoem.com\/"},{"@type":"ListItem","position":2,"name":"Products","item":"https:\/\/www.peanutoem.com\/shop\/"},{"@type":"ListItem","position":3,"name":"Roasted Blanched Peanut"}]},{"@type":"WebSite","@id":"https:\/\/www.peanutoem.com\/#website","url":"https:\/\/www.peanutoem.com\/","name":"Peanut Butter Factory","description":"Peanut Butter Manufacturer and Roast Peanut OEM Factory | Peanut Private Label China Supplier","publisher":{"@id":"https:\/\/www.peanutoem.com\/#organization"},"alternateName":"Peanut Butter OEM and Wholesale","potentialAction":[{"@type":"SearchAction","target":{"@type":"EntryPoint","urlTemplate":"https:\/\/www.peanutoem.com\/?s={search_term_string}"},"query-input":{"@type":"PropertyValueSpecification","valueRequired":true,"valueName":"search_term_string"}}],"inLanguage":"sl-SI"},{"@type":"Organization","@id":"https:\/\/www.peanutoem.com\/#organization","name":"Peanut Butter Factory","alternateName":"JuFeng Group","url":"https:\/\/www.peanutoem.com\/","logo":{"@type":"ImageObject","inLanguage":"sl-SI","@id":"https:\/\/www.peanutoem.com\/#\/schema\/logo\/image\/","url":"https:\/\/www.peanutoem.com\/wp-content\/uploads\/2024\/09\/JUFENG-LOGO.png","contentUrl":"https:\/\/www.peanutoem.com\/wp-content\/uploads\/2024\/09\/JUFENG-LOGO.png","width":600,"height":170,"caption":"Peanut Butter Factory"},"image":{"@id":"https:\/\/www.peanutoem.com\/#\/schema\/logo\/image\/"}}]}},"_links":{"self":[{"href":"https:\/\/www.peanutoem.com\/sl\/wp-json\/wp\/v2\/product\/1554","targetHints":{"allow":["GET"]}}],"collection":[{"href":"https:\/\/www.peanutoem.com\/sl\/wp-json\/wp\/v2\/product"}],"about":[{"href":"https:\/\/www.peanutoem.com\/sl\/wp-json\/wp\/v2\/types\/product"}],"replies":[{"embeddable":true,"href":"https:\/\/www.peanutoem.com\/sl\/wp-json\/wp\/v2\/comments?post=1554"}],"wp:featuredmedia":[{"embeddable":true,"href":"https:\/\/www.peanutoem.com\/sl\/wp-json\/wp\/v2\/media\/1701"}],"wp:attachment":[{"href":"https:\/\/www.peanutoem.com\/sl\/wp-json\/wp\/v2\/media?parent=1554"}],"wp:term":[{"taxonomy":"product_cat","embeddable":true,"href":"https:\/\/www.peanutoem.com\/sl\/wp-json\/wp\/v2\/product_cat?post=1554"},{"taxonomy":"product_tag","embeddable":true,"href":"https:\/\/www.peanutoem.com\/sl\/wp-json\/wp\/v2\/product_tag?post=1554"}],"curies":[{"name":"wp","href":"https:\/\/api.w.org\/{rel}","templated":true}]}}