{"id":1555,"date":"2024-09-02T14:00:33","date_gmt":"2024-09-02T14:00:33","guid":{"rendered":"https:\/\/www.peanutoem.com\/?post_type=product&#038;p=1555"},"modified":"2024-09-28T04:44:51","modified_gmt":"2024-09-28T04:44:51","slug":"roasted-peanut-kernels-in-split","status":"publish","type":"product","link":"https:\/\/www.peanutoem.com\/sl\/manufacturer\/roasted-peanut-kernels-in-split\/","title":{"rendered":"Pra\u017eena ara\u0161idova jedrca v Splitu | Narezana pra\u017eena ara\u0161idna jedrca"},"content":{"rendered":"<h3>Kaj so pra\u017eena jedrca ara\u0161idov v Splitu?<\/h3>\n<p>Pra\u017eena ara\u0161idna jedrca v Splitu ali imenovana pra\u017eena ara\u0161idna jedrca so ara\u0161idi, ki so bili skrbno pra\u017eeni do popolnosti in nato previdno razpolovljeni. Znani so po svoji bogati aromi, hrustljavem okusu in \u0161iroki uporabi v prigrizkih, pekovskih izdelkih in raznovrstni hrani. Postopek pra\u017eenja ne izbolj\u0161a le naravnega okusa ara\u0161idov, temve\u010d jih naredi tudi idealno izbiro za proizvajalce hrane, znamke prigrizkov in potro\u0161nike, ki sledijo bolj zdravi prehrani.<\/p>\n<h3>Alternativna imena za pra\u017eena ara\u0161idna jedrca v Splitu<\/h3>\n<p>Pra\u017eena ara\u0161idova jedrca v Splitu imenujejo tudi druga imena, odvisno od regije ali trga, vklju\u010dno z:<\/p>\n<ul>\n<li>Razdeljeni pra\u017eeni ara\u0161idi<\/li>\n<li>Polovice pra\u017eenih ara\u0161idov<\/li>\n<li>Razdrobljena pra\u017eena ara\u0161idna jedrca<\/li>\n<li>Peanut Splits<\/li>\n<\/ul>\n<h3>Ustrezne vro\u010de teme<\/h3>\n<ol>\n<li><strong>Zdravstvene koristi pra\u017eenih ara\u0161idovih jedrc<\/strong>: Pra\u017eena ara\u0161idna jedrca so bogat vir beljakovin, zdravih ma\u0161\u010dob in esencialnih vitaminov. Slu\u017eijo za hranljiv prigrizek ali sestavino v razli\u010dnih izdelkih, osredoto\u010denih na zdravje.<\/li>\n<li><strong>Nara\u0161\u010dajo\u010de povpra\u0161evanje po prigrizkih na osnovi ara\u0161idov:<\/strong> Pra\u017eena ara\u0161idna jedrca v razcepljeni obliki postajajo vse bolj priljubljena zaradi pove\u010danega povpra\u0161evanja po zdravih prigrizkih.<\/li>\n<li><strong>Varnost hrane in nadzor kakovosti pri predelavi ara\u0161idov:<\/strong> Ohranjanje visokih standardov proizvodnje in ravnanja je klju\u010dnega pomena za celovitost izdelkov in skladnost s predpisi o varnosti hrane.<\/li>\n<li><strong>Izdelki zasebne blagovne znamke ara\u0161idov:<\/strong> \u0160tevilne blagovne znamke izberejo na\u0161e storitve zasebnih blagovnih znamk, da ponudijo vrhunska narezana pra\u017eena ara\u0161idna jedrca pod lastno blagovno znamko.<\/li>\n<\/ol>\n<p><img loading=\"lazy\" decoding=\"async\" class=\"alignnone wp-image-1720 size-large\" src=\"https:\/\/www.peanutoem.com\/wp-content\/uploads\/2024\/09\/Roasted-Peanut-Power-in-Carton-1024x908.webp\" alt=\"Mo\u010d pra\u017eenih ara\u0161idov v kartonu\" width=\"1020\" height=\"904\" srcset=\"https:\/\/www.peanutoem.com\/wp-content\/uploads\/2024\/09\/Roasted-Peanut-Power-in-Carton-1024x908.webp 1024w, https:\/\/www.peanutoem.com\/wp-content\/uploads\/2024\/09\/Roasted-Peanut-Power-in-Carton-300x266.webp 300w, https:\/\/www.peanutoem.com\/wp-content\/uploads\/2024\/09\/Roasted-Peanut-Power-in-Carton-768x681.webp 768w, https:\/\/www.peanutoem.com\/wp-content\/uploads\/2024\/09\/Roasted-Peanut-Power-in-Carton-1536x1362.webp 1536w, https:\/\/www.peanutoem.com\/wp-content\/uploads\/2024\/09\/Roasted-Peanut-Power-in-Carton-2048x1816.webp 2048w, https:\/\/www.peanutoem.com\/wp-content\/uploads\/2024\/09\/Roasted-Peanut-Power-in-Carton-14x12.webp 14w, https:\/\/www.peanutoem.com\/wp-content\/uploads\/2024\/09\/Roasted-Peanut-Power-in-Carton-600x532.webp 600w\" sizes=\"auto, (max-width: 1020px) 100vw, 1020px\" \/><\/p>\n<hr \/>\n<h3>Zakaj izbrati nas kot dobavitelja narezanih pra\u017eenih ara\u0161idov?<\/h3>\n<p>Smo zaupanja vreden dobavitelj pra\u017eenih ara\u0161idov jedrc v Splitu iz ve\u010d prepri\u010dljivih razlogov:<\/p>\n<ul>\n<li><strong>Napredne proizvodne zmogljivosti:<\/strong> Na\u0161a tovarna uporablja vrhunske ameri\u0161ke proizvodne linije za vrhunske postopke pra\u017eenja in rezanja.<\/li>\n<li><strong>Strogo zagotavljanje kakovosti:<\/strong> V na\u0161em laboratoriju izvajamo obse\u017ene teste, da zagotovimo, da vsaka serija ustreza svetovnim standardom.<\/li>\n<li><strong>Globalni certifikati:<\/strong> Na\u0161a pra\u017eena jedrca ara\u0161idov so certificirana s strani HACCP, BRCGS, Kosher, Halal in EU Organic za kakovost in varnost.<\/li>\n<li><strong>Zanesljiva dobavna veriga:<\/strong> Na\u0161e veliko skladi\u0161\u010de s konstantno temperaturo zagotavlja kakovost izdelkov in stabilnost dobave skozi vse leto.<\/li>\n<li><strong>Storitve po meri:<\/strong> Ponujamo re\u0161itve zasebnih blagovnih znamk, prilagojene posebnim potrebam blagovnih znamk in uvoznikov po vsem svetu.<\/li>\n<li><strong>Trajnostni razvoj:<\/strong> Osredoto\u010deni smo na trajnostne prakse in sodelujemo s priznanimi verigami supermarketov za skupno blaginjo.<\/li>\n<\/ul>\n<h3>Vpra\u0161anja in odgovori o narezanih pra\u017eenih ara\u0161idovih jedrcih<\/h3>\n<p><strong>V: Zakaj ste vodilni dobavitelj pra\u017eenih ara\u0161idovih jedrc v Splitu?<\/strong><br \/>\n<strong>A:<\/strong> Na\u0161e napredne proizvodne zmogljivosti, strogo zagotavljanje kakovosti in globalni certifikati zagotavljajo, da dosledno zagotavljamo visokokakovostne izdelke.<\/p>\n<p><strong>V: Ali lahko prilagodim embala\u017eo pod svojo blagovno znamko?<\/strong><br \/>\n<strong>A:<\/strong> Da, nudimo storitve zasebnih blagovnih znamk, ki omogo\u010dajo popolno prilagoditev embala\u017ee in blagovne znamke, da ustrezajo va\u0161im potrebam trga.<\/p>\n<p><strong>V: Kak\u0161ne certifikate imajo va\u0161a pra\u017eena jedrca ara\u0161idov?<\/strong><br \/>\n<strong>A:<\/strong> Na\u0161i izdelki so certificirani po HACCP, BRC, Halal, Kosher, EU Organic in drugih svetovnih standardih, kar zagotavlja kakovost in varnost.<\/p>\n<p><strong>V: Kako zagotavljate sve\u017eino in kakovost?<\/strong><br \/>\n<strong>A:<\/strong> Na\u0161e veliko skladi\u0161\u010de s konstantno temperaturo vzdr\u017euje optimalne pogoje ter ohranja sve\u017eino in kakovost do dostave.<\/p>\n<p><strong>V: Ali zagotavljate mno\u017ei\u010dna naro\u010dila za mednarodne po\u0161iljke?<\/strong><br \/>\n<strong>A:<\/strong> Da, specializirani smo za mno\u017ei\u010dna naro\u010dila in mednarodne po\u0161iljke, s \u010dimer zagotavljamo brezhibno dobavno verigo za globalne stranke.<\/p>\n<p><strong>V: Kak\u0161ne so prednosti izbire pra\u017eenih ara\u0161idovih jedrc v razdrobljeni obliki?<\/strong><br \/>\n<strong>A:<\/strong> Razdrobljena pra\u017eena ara\u0161idna jedrca ponujajo izdelek, pripravljen za uporabo, z izbolj\u0161anim okusom in teksturo, idealen za prigrizke in okraske.<\/p>\n<p><strong>V: Ali va\u0161a pra\u017eena ara\u0161idna jedrca vsebujejo dodatke?<\/strong><br \/>\n<strong>A:<\/strong> Ne, na\u0161a pra\u017eena jedrca ara\u0161idov so brez dodatkov in konzervansov, kar zagotavlja naraven izdelek.<\/p>\n<p><strong>V: Ali lahko zahtevam dolo\u010dene stopnje pra\u017eenja?<\/strong><br \/>\n<strong>A:<\/strong> Da, ravni pra\u017eenja lahko prilagodimo va\u0161im zahtevam, ne glede na to, ali imate raje svetlo, srednje ali temno pe\u010denje.<\/p>\n<p><strong>V: Kako lahko zahtevam vzorec?<\/strong><br \/>\n<strong>A:<\/strong> <a href=\"mailto:globepeanut@gmail.com\" target=\"_blank\" rel=\"noopener\">Kontakt <\/a>na\u0161a prodajna ekipa zahteva vzorec in se pogovori o va\u0161ih posebnih potrebah.<\/p>\n<p><strong>V: Na katere trge dobavljate?<\/strong><br \/>\n<strong>A:<\/strong> Z mo\u010dnimi industrijskimi partnerstvi dobavljamo pra\u017eena jedrca ara\u0161idov na razli\u010dne trge po vsem svetu, vklju\u010dno s Severno Ameriko, Evropo, Azijo in Bli\u017enjim vzhodom.<\/p>\n<a href=\"mailto:globepeanut@gmail.com\" class=\"button primary is-primary is-medium\"  >\n    <span>Pi\u0161ite nam<\/span>\n  <\/a>","protected":false},"excerpt":{"rendered":"<p>Smo proizvajalec in dobavitelj narezanih pra\u017eenih ara\u0161idov jedrc na Kitajskem<\/p>\n<p>\u2013 MOQ: 1 tona<br \/>\n\u2013 Ponujena storitev OEM\/ODM<br \/>\n\u2013 Na voljo brezpla\u010den vzorec<br \/>\n\u2013 Sprejmite prilagajanje (specifikacije, velikosti, barva, dizajn itd.)<br \/>\n\u2013 Specifikacije (3-5 mre\u017e, 4-7 mre\u017e, 5-8 mre\u017e, 6-10 mre\u017e, 8-14 mre\u017e ali kot va\u0161a zahteva)<\/p>\n<p>\u010ce \u017eelite dobiti pra\u017eena ara\u0161idova jedrca v razdelku ali narezana pra\u017eena ara\u0161idova jedrca, stopite v stik z nami.<\/p>","protected":false},"featured_media":1712,"comment_status":"open","ping_status":"closed","template":"","meta":[],"product_cat":[37],"product_tag":[],"class_list":{"0":"post-1555","1":"product","2":"type-product","3":"status-publish","4":"has-post-thumbnail","6":"product_cat-roasted-peanut","8":"first","9":"instock","10":"shipping-taxable","11":"product-type-simple"},"yoast_head":"<!-- This site is optimized with the Yoast SEO plugin v24.9 - https:\/\/yoast.com\/wordpress\/plugins\/seo\/ -->\n<title>Roasted Peanut Kernels in Split | Sliced Roasted Peanut Kernels - Peanut Butter Factory<\/title>\n<meta name=\"description\" content=\"We are leading OEM manufacturer, supplier, and exporter of high-quality Roasted Peanut Kernels in Split. Private label services and global brands partner.\" \/>\n<meta name=\"robots\" content=\"index, follow, max-snippet:-1, max-image-preview:large, max-video-preview:-1\" \/>\n<link rel=\"canonical\" href=\"https:\/\/www.peanutoem.com\/sl\/manufacturer\/roasted-peanut-kernels-in-split\/\" \/>\n<meta property=\"og:locale\" content=\"sl_SI\" \/>\n<meta property=\"og:type\" content=\"article\" \/>\n<meta property=\"og:title\" content=\"Roasted Peanut Kernels in Split | Sliced Roasted Peanut Kernels - Peanut Butter Factory\" \/>\n<meta property=\"og:description\" content=\"We are leading OEM manufacturer, supplier, and exporter of high-quality Roasted Peanut Kernels in Split. Private label services and global brands partner.\" \/>\n<meta property=\"og:url\" content=\"https:\/\/www.peanutoem.com\/sl\/manufacturer\/roasted-peanut-kernels-in-split\/\" \/>\n<meta property=\"og:site_name\" content=\"Peanut Butter Factory\" \/>\n<meta property=\"article:modified_time\" content=\"2024-09-28T04:44:51+00:00\" \/>\n<meta property=\"og:image\" content=\"https:\/\/www.peanutoem.com\/wp-content\/uploads\/2024\/09\/4-6mm-roasted-peanut-kernels-scaled.webp\" \/>\n\t<meta property=\"og:image:width\" content=\"1920\" \/>\n\t<meta property=\"og:image:height\" content=\"2560\" \/>\n\t<meta property=\"og:image:type\" content=\"image\/webp\" \/>\n<meta name=\"twitter:card\" content=\"summary_large_image\" \/>\n<meta name=\"twitter:label1\" content=\"Est. reading time\" \/>\n\t<meta name=\"twitter:data1\" content=\"4 minute\" \/>\n<script type=\"application\/ld+json\" class=\"yoast-schema-graph\">{\"@context\":\"https:\/\/schema.org\",\"@graph\":[{\"@type\":\"WebPage\",\"@id\":\"https:\/\/www.peanutoem.com\/manufacturer\/roasted-peanut-kernels-in-split\/\",\"url\":\"https:\/\/www.peanutoem.com\/manufacturer\/roasted-peanut-kernels-in-split\/\",\"name\":\"Roasted Peanut Kernels in Split | Sliced Roasted Peanut Kernels - Peanut Butter Factory\",\"isPartOf\":{\"@id\":\"https:\/\/www.peanutoem.com\/#website\"},\"primaryImageOfPage\":{\"@id\":\"https:\/\/www.peanutoem.com\/manufacturer\/roasted-peanut-kernels-in-split\/#primaryimage\"},\"image\":{\"@id\":\"https:\/\/www.peanutoem.com\/manufacturer\/roasted-peanut-kernels-in-split\/#primaryimage\"},\"thumbnailUrl\":\"https:\/\/www.peanutoem.com\/wp-content\/uploads\/2024\/09\/4-6mm-roasted-peanut-kernels-scaled.webp\",\"datePublished\":\"2024-09-02T14:00:33+00:00\",\"dateModified\":\"2024-09-28T04:44:51+00:00\",\"description\":\"We are leading OEM manufacturer, supplier, and exporter of high-quality Roasted Peanut Kernels in Split. Private label services and global brands partner.\",\"breadcrumb\":{\"@id\":\"https:\/\/www.peanutoem.com\/manufacturer\/roasted-peanut-kernels-in-split\/#breadcrumb\"},\"inLanguage\":\"sl-SI\",\"potentialAction\":[{\"@type\":\"ReadAction\",\"target\":[\"https:\/\/www.peanutoem.com\/manufacturer\/roasted-peanut-kernels-in-split\/\"]}]},{\"@type\":\"ImageObject\",\"inLanguage\":\"sl-SI\",\"@id\":\"https:\/\/www.peanutoem.com\/manufacturer\/roasted-peanut-kernels-in-split\/#primaryimage\",\"url\":\"https:\/\/www.peanutoem.com\/wp-content\/uploads\/2024\/09\/4-6mm-roasted-peanut-kernels-scaled.webp\",\"contentUrl\":\"https:\/\/www.peanutoem.com\/wp-content\/uploads\/2024\/09\/4-6mm-roasted-peanut-kernels-scaled.webp\",\"width\":1920,\"height\":2560,\"caption\":\"4-6mm roasted peanut kernels\"},{\"@type\":\"BreadcrumbList\",\"@id\":\"https:\/\/www.peanutoem.com\/manufacturer\/roasted-peanut-kernels-in-split\/#breadcrumb\",\"itemListElement\":[{\"@type\":\"ListItem\",\"position\":1,\"name\":\"Home\",\"item\":\"https:\/\/www.peanutoem.com\/\"},{\"@type\":\"ListItem\",\"position\":2,\"name\":\"Products\",\"item\":\"https:\/\/www.peanutoem.com\/shop\/\"},{\"@type\":\"ListItem\",\"position\":3,\"name\":\"Roasted Peanut Kernels in Split | Sliced Roasted Peanut Kernels\"}]},{\"@type\":\"WebSite\",\"@id\":\"https:\/\/www.peanutoem.com\/#website\",\"url\":\"https:\/\/www.peanutoem.com\/\",\"name\":\"Peanut Butter Factory\",\"description\":\"Peanut Butter Manufacturer and Roast Peanut OEM Factory | Peanut Private Label China Supplier\",\"publisher\":{\"@id\":\"https:\/\/www.peanutoem.com\/#organization\"},\"alternateName\":\"Peanut Butter OEM and Wholesale\",\"potentialAction\":[{\"@type\":\"SearchAction\",\"target\":{\"@type\":\"EntryPoint\",\"urlTemplate\":\"https:\/\/www.peanutoem.com\/?s={search_term_string}\"},\"query-input\":{\"@type\":\"PropertyValueSpecification\",\"valueRequired\":true,\"valueName\":\"search_term_string\"}}],\"inLanguage\":\"sl-SI\"},{\"@type\":\"Organization\",\"@id\":\"https:\/\/www.peanutoem.com\/#organization\",\"name\":\"Peanut Butter Factory\",\"alternateName\":\"JuFeng Group\",\"url\":\"https:\/\/www.peanutoem.com\/\",\"logo\":{\"@type\":\"ImageObject\",\"inLanguage\":\"sl-SI\",\"@id\":\"https:\/\/www.peanutoem.com\/#\/schema\/logo\/image\/\",\"url\":\"https:\/\/www.peanutoem.com\/wp-content\/uploads\/2024\/09\/JUFENG-LOGO.png\",\"contentUrl\":\"https:\/\/www.peanutoem.com\/wp-content\/uploads\/2024\/09\/JUFENG-LOGO.png\",\"width\":600,\"height\":170,\"caption\":\"Peanut Butter Factory\"},\"image\":{\"@id\":\"https:\/\/www.peanutoem.com\/#\/schema\/logo\/image\/\"}}]}<\/script>\n<!-- \/ Yoast SEO plugin. -->","yoast_head_json":{"title":"Roasted Peanut Kernels in Split | Sliced Roasted Peanut Kernels - Peanut Butter Factory","description":"We are leading OEM manufacturer, supplier, and exporter of high-quality Roasted Peanut Kernels in Split. Private label services and global brands partner.","robots":{"index":"index","follow":"follow","max-snippet":"max-snippet:-1","max-image-preview":"max-image-preview:large","max-video-preview":"max-video-preview:-1"},"canonical":"https:\/\/www.peanutoem.com\/sl\/manufacturer\/roasted-peanut-kernels-in-split\/","og_locale":"sl_SI","og_type":"article","og_title":"Roasted Peanut Kernels in Split | Sliced Roasted Peanut Kernels - Peanut Butter Factory","og_description":"We are leading OEM manufacturer, supplier, and exporter of high-quality Roasted Peanut Kernels in Split. Private label services and global brands partner.","og_url":"https:\/\/www.peanutoem.com\/sl\/manufacturer\/roasted-peanut-kernels-in-split\/","og_site_name":"Peanut Butter Factory","article_modified_time":"2024-09-28T04:44:51+00:00","og_image":[{"width":1920,"height":2560,"url":"https:\/\/www.peanutoem.com\/wp-content\/uploads\/2024\/09\/4-6mm-roasted-peanut-kernels-scaled.webp","type":"image\/webp"}],"twitter_card":"summary_large_image","twitter_misc":{"Est. reading time":"4 minute"},"schema":{"@context":"https:\/\/schema.org","@graph":[{"@type":"WebPage","@id":"https:\/\/www.peanutoem.com\/manufacturer\/roasted-peanut-kernels-in-split\/","url":"https:\/\/www.peanutoem.com\/manufacturer\/roasted-peanut-kernels-in-split\/","name":"Roasted Peanut Kernels in Split | Sliced Roasted Peanut Kernels - Peanut Butter Factory","isPartOf":{"@id":"https:\/\/www.peanutoem.com\/#website"},"primaryImageOfPage":{"@id":"https:\/\/www.peanutoem.com\/manufacturer\/roasted-peanut-kernels-in-split\/#primaryimage"},"image":{"@id":"https:\/\/www.peanutoem.com\/manufacturer\/roasted-peanut-kernels-in-split\/#primaryimage"},"thumbnailUrl":"https:\/\/www.peanutoem.com\/wp-content\/uploads\/2024\/09\/4-6mm-roasted-peanut-kernels-scaled.webp","datePublished":"2024-09-02T14:00:33+00:00","dateModified":"2024-09-28T04:44:51+00:00","description":"We are leading OEM manufacturer, supplier, and exporter of high-quality Roasted Peanut Kernels in Split. Private label services and global brands partner.","breadcrumb":{"@id":"https:\/\/www.peanutoem.com\/manufacturer\/roasted-peanut-kernels-in-split\/#breadcrumb"},"inLanguage":"sl-SI","potentialAction":[{"@type":"ReadAction","target":["https:\/\/www.peanutoem.com\/manufacturer\/roasted-peanut-kernels-in-split\/"]}]},{"@type":"ImageObject","inLanguage":"sl-SI","@id":"https:\/\/www.peanutoem.com\/manufacturer\/roasted-peanut-kernels-in-split\/#primaryimage","url":"https:\/\/www.peanutoem.com\/wp-content\/uploads\/2024\/09\/4-6mm-roasted-peanut-kernels-scaled.webp","contentUrl":"https:\/\/www.peanutoem.com\/wp-content\/uploads\/2024\/09\/4-6mm-roasted-peanut-kernels-scaled.webp","width":1920,"height":2560,"caption":"4-6mm roasted peanut kernels"},{"@type":"BreadcrumbList","@id":"https:\/\/www.peanutoem.com\/manufacturer\/roasted-peanut-kernels-in-split\/#breadcrumb","itemListElement":[{"@type":"ListItem","position":1,"name":"Home","item":"https:\/\/www.peanutoem.com\/"},{"@type":"ListItem","position":2,"name":"Products","item":"https:\/\/www.peanutoem.com\/shop\/"},{"@type":"ListItem","position":3,"name":"Roasted Peanut Kernels in Split | Sliced Roasted Peanut Kernels"}]},{"@type":"WebSite","@id":"https:\/\/www.peanutoem.com\/#website","url":"https:\/\/www.peanutoem.com\/","name":"Peanut Butter Factory","description":"Peanut Butter Manufacturer and Roast Peanut OEM Factory | Peanut Private Label China Supplier","publisher":{"@id":"https:\/\/www.peanutoem.com\/#organization"},"alternateName":"Peanut Butter OEM and Wholesale","potentialAction":[{"@type":"SearchAction","target":{"@type":"EntryPoint","urlTemplate":"https:\/\/www.peanutoem.com\/?s={search_term_string}"},"query-input":{"@type":"PropertyValueSpecification","valueRequired":true,"valueName":"search_term_string"}}],"inLanguage":"sl-SI"},{"@type":"Organization","@id":"https:\/\/www.peanutoem.com\/#organization","name":"Peanut Butter Factory","alternateName":"JuFeng Group","url":"https:\/\/www.peanutoem.com\/","logo":{"@type":"ImageObject","inLanguage":"sl-SI","@id":"https:\/\/www.peanutoem.com\/#\/schema\/logo\/image\/","url":"https:\/\/www.peanutoem.com\/wp-content\/uploads\/2024\/09\/JUFENG-LOGO.png","contentUrl":"https:\/\/www.peanutoem.com\/wp-content\/uploads\/2024\/09\/JUFENG-LOGO.png","width":600,"height":170,"caption":"Peanut Butter Factory"},"image":{"@id":"https:\/\/www.peanutoem.com\/#\/schema\/logo\/image\/"}}]}},"_links":{"self":[{"href":"https:\/\/www.peanutoem.com\/sl\/wp-json\/wp\/v2\/product\/1555","targetHints":{"allow":["GET"]}}],"collection":[{"href":"https:\/\/www.peanutoem.com\/sl\/wp-json\/wp\/v2\/product"}],"about":[{"href":"https:\/\/www.peanutoem.com\/sl\/wp-json\/wp\/v2\/types\/product"}],"replies":[{"embeddable":true,"href":"https:\/\/www.peanutoem.com\/sl\/wp-json\/wp\/v2\/comments?post=1555"}],"wp:featuredmedia":[{"embeddable":true,"href":"https:\/\/www.peanutoem.com\/sl\/wp-json\/wp\/v2\/media\/1712"}],"wp:attachment":[{"href":"https:\/\/www.peanutoem.com\/sl\/wp-json\/wp\/v2\/media?parent=1555"}],"wp:term":[{"taxonomy":"product_cat","embeddable":true,"href":"https:\/\/www.peanutoem.com\/sl\/wp-json\/wp\/v2\/product_cat?post=1555"},{"taxonomy":"product_tag","embeddable":true,"href":"https:\/\/www.peanutoem.com\/sl\/wp-json\/wp\/v2\/product_tag?post=1555"}],"curies":[{"name":"wp","href":"https:\/\/api.w.org\/{rel}","templated":true}]}}