{"id":1556,"date":"2024-09-02T14:00:57","date_gmt":"2024-09-02T14:00:57","guid":{"rendered":"https:\/\/www.peanutoem.com\/?post_type=product&#038;p=1556"},"modified":"2024-09-28T04:23:49","modified_gmt":"2024-09-28T04:23:49","slug":"roasted-peanut-powder","status":"publish","type":"product","link":"https:\/\/www.peanutoem.com\/sl\/manufacturer\/roasted-peanut-powder\/","title":{"rendered":"Pra\u017eeni ara\u0161idi v prahu"},"content":{"rendered":"<h3>Kaj je pra\u017eeni ara\u0161idi v prahu?<\/h3>\n<p>Pra\u017eeni ara\u0161idi v prahu so narejeni s finim mletjem ara\u0161idov in izbolj\u0161anjem njihovega naravnega okusa z <a href=\"https:\/\/en.wikipedia.org\/wiki\/Roasting\" target=\"_blank\" rel=\"noopener\">pra\u017eenje<\/a> postopek. Ta vsestranska sestavina je priljubljena v \u017eivilski industriji, saj slu\u017ei kot vrhunska komponenta v ara\u0161idovih prigrizkih, pekovskih izdelkih, omakah in beljakovinskih pra\u0161kih. Postopek pra\u017eenja bistveno izbolj\u0161a aromo ara\u0161idov po ore\u0161\u010dkih, zaradi \u010desar so najprimernej\u0161i material za proizvajalce hrane, ki i\u0161\u010dejo bogat okus ara\u0161idov. Njegova pra\u0161kasta oblika omogo\u010da enostavno vklju\u010ditev v razli\u010dne recepte, kar daje \u017eivilom bogat okus brez potrebe po dodatni vodi.<\/p>\n<h3><img loading=\"lazy\" decoding=\"async\" class=\"alignnone wp-image-1719 size-full\" src=\"https:\/\/www.peanutoem.com\/wp-content\/uploads\/2024\/09\/Roasted-Peanut-Powder-in-Pouch.webp\" alt=\"Pra\u017eeni ara\u0161idi v prahu v vre\u010dki\" width=\"912\" height=\"1128\" srcset=\"https:\/\/www.peanutoem.com\/wp-content\/uploads\/2024\/09\/Roasted-Peanut-Powder-in-Pouch.webp 912w, https:\/\/www.peanutoem.com\/wp-content\/uploads\/2024\/09\/Roasted-Peanut-Powder-in-Pouch-243x300.webp 243w, https:\/\/www.peanutoem.com\/wp-content\/uploads\/2024\/09\/Roasted-Peanut-Powder-in-Pouch-828x1024.webp 828w, https:\/\/www.peanutoem.com\/wp-content\/uploads\/2024\/09\/Roasted-Peanut-Powder-in-Pouch-768x950.webp 768w, https:\/\/www.peanutoem.com\/wp-content\/uploads\/2024\/09\/Roasted-Peanut-Powder-in-Pouch-10x12.webp 10w, https:\/\/www.peanutoem.com\/wp-content\/uploads\/2024\/09\/Roasted-Peanut-Powder-in-Pouch-600x742.webp 600w\" sizes=\"auto, (max-width: 912px) 100vw, 912px\" \/><\/h3>\n<h3>Alternativna imena za pra\u017eene ara\u0161ide v prahu<\/h3>\n<p>Pra\u017eeni ara\u0161idi v prahu so na trgu poznani pod razli\u010dnimi imeni. Nekatere obi\u010dajne alternative vklju\u010dujejo:<\/p>\n<ul>\n<li>Ara\u0161idova moka<\/li>\n<li>Pra\u017eeni mleti ara\u0161idi v prahu<\/li>\n<li>Ara\u0161idov obrok<\/li>\n<li>Prah iz pra\u017eenih ara\u0161idov<\/li>\n<li>Razma\u0161\u010deni ara\u0161idi v prahu<\/li>\n<\/ul>\n<div class=\"group\/conversation-turn relative flex w-full min-w-0 flex-col agent-turn\">\n<div class=\"flex-col gap-1 md:gap-3\">\n<h3>Ustrezne vro\u010de teme o pra\u017eenih ara\u0161idah v prahu<\/h3>\n<ul>\n<li data-pm-slice=\"0 0 []\"><strong>Aplikacije za peko brez glutena:<\/strong> Ve\u010d pekov uporablja pra\u017eene ara\u0161ide v prahu kot nadomestek za moko v receptih brez glutena, s \u010dimer izbolj\u0161a okus in hranilno vrednost.<\/li>\n<li><strong>Zdravstvene koristi:<\/strong> Potro\u0161niki, ki se zavedajo zdravja, menijo, da so pra\u017eeni ara\u0161idi v prahu privla\u010dni zaradi visoke vsebnosti beljakovin, vlaknin in zdravih ma\u0161\u010dob.<\/li>\n<li><strong>Nara\u0161\u010dajo\u010de povpra\u0161evanje po rastlinskih beljakovinah:<\/strong> Ko rastlinska prehrana raste, pra\u017eeni ara\u0161idi v prahu postanejo priljubljen vir beljakovin za vegane in vegetarijance.<\/li>\n<li><strong>Aplikacije za peko brez glutena:<\/strong> Peki vse pogosteje izbirajo pra\u017eene ara\u0161ide v prahu kot nadomestek za moko v brezglutenskih receptih, kar izbolj\u0161a okus in hranilno vrednost.<\/li>\n<li><strong>Inovativne uporabe v \u017eivilski industriji:<\/strong> Ta vsestranska sestavina izbolj\u0161a okus in teksturo razli\u010dnih izdelkov, od energijskih plo\u0161\u010dic do omak.<\/li>\n<li><strong>Prilo\u017enosti zasebnih blagovnih znamk:<\/strong> \u0160tevilne blagovne znamke se odlo\u010dajo za izdelke zasebne blagovne znamke ara\u0161idov, ki ponujajo prilagojene re\u0161itve pra\u017eenih ara\u0161idov v prahu z nami kot zaupanja vrednim partnerjem OEM.<\/li>\n<\/ul>\n<h3 class=\"flex max-w-full flex-col flex-grow\"><span style=\"font-size: 20.16px;\">Kot zaupanja vreden vodja v industriji predelave ara\u0161idov ponujamo vrhunske pra\u017eene ara\u0161ide v prahu za razli\u010dne namene. Tukaj izstopamo:<\/span><\/h3>\n<ul>\n<li><strong>Najsodobnej\u0161a proizvodnja:<\/strong> Na\u0161e napredne proizvodne linije zagotavljajo visoko kakovost pra\u017eenih ara\u0161idov v prahu s konstantno velikostjo delcev in okusom.<\/li>\n<li><strong>Prilagojene re\u0161itve:<\/strong> Kot proizvajalec originalne opreme zagotavljamo storitve zasebnih blagovnih znamk, prilagojene stopnje pra\u017eenja in prilagodljive mo\u017enosti pakiranja, ki ustrezajo va\u0161im edinstvenim potrebam.<\/li>\n<li><strong>Strog nadzor kakovosti:<\/strong> S strogim senzori\u010dnim, kemi\u010dnim in mikrobnim testiranjem v na\u0161ih najsodobnej\u0161ih laboratorijih vzdr\u017eujemo najvi\u0161je standarde izdelkov.<\/li>\n<li><strong>Certifikati in skladnost:<\/strong> Na\u0161i certifikati \u2013 BRCGS, HACCP, Halal, Kosher in EU Organic \u2013 potrjujejo, da upo\u0161tevamo stroge standarde kakovosti in varnosti.<\/li>\n<li><strong>Globalno strokovno znanje o izvozu:<\/strong> Z bogatimi izku\u0161njami v mednarodni logistiki zagotavljamo nemoten in zanesljiv izvozni proces na trge po vsem svetu.<\/li>\n<li><strong>Trajnostna zaveza:<\/strong> Prednost dajemo trajnostnemu pridobivanju in okolju prijaznim proizvodnim praksam, s \u010dimer prispevamo k bolj\u0161i prihodnosti industrije ara\u0161idov.<\/li>\n<\/ul>\n<h3>Zakaj izbrati nas?<\/h3>\n<ul>\n<li><strong>Najbolj\u0161a izbira:<\/strong> Zaradi na\u0161e vrhunske tehnologije, mo\u017enosti prilagajanja in globalnih certifikatov smo vodilni dobavitelj.<\/li>\n<li><strong>Pakiranje po meri:<\/strong> Ponujamo storitve zasebnih blagovnih znamk za prilagajanje va\u0161e embala\u017ee in blagovne znamke va\u0161im zahtevam.<\/li>\n<li><strong>Zagotavljanje sve\u017eine:<\/strong> Na\u0161i skladi\u0161\u010dni prostori z nadzorovano temperaturo ohranjajo sve\u017eino izdelkov med skladi\u0161\u010denjem in po\u0161iljanjem.<\/li>\n<li><strong>Stopnje pra\u017eenja:<\/strong> U\u017eivajte v prilagodljivih stopnjah pra\u017eenja od svetle do temne, oblikovanih tako, da ustrezajo va\u0161im okusom.<\/li>\n<li><strong>Mno\u017ei\u010dna naro\u010dila:<\/strong> Stopite v stik z na\u0161o prodajno ekipo, da se preprosto pogovorite in izpolnite va\u0161e potrebe po mno\u017ei\u010dnih naro\u010dilih.<\/li>\n<li><strong>Industrijske aplikacije:<\/strong> Na\u0161 pra\u017eeni ara\u0161idi v prahu so priljubljeni pri peki, izdelavi prigrizkov, beljakovinskih dodatkov, omak in arom.<\/li>\n<li><strong>Brez glutena:<\/strong> Naravno brez glutena je odli\u010dna izbira za prehranske izdelke brez glutena.<\/li>\n<li><strong>Vzorci na voljo:<\/strong> Bodo\u010dim strankam nudimo vzorce za oceno kakovosti in primernosti na\u0161ega izdelka.<\/li>\n<li><strong>Globalni doseg:<\/strong> Izva\u017eamo na trge v Severni Ameriki, Evropi, Aziji in na Bli\u017enjem vzhodu, kar zagotavlja mo\u010dno mednarodno dobavno mre\u017eo.<\/li>\n<\/ul>\n<a href=\"mailto:globepeanut@gmail.com\" class=\"button primary is-primary is-medium\"  >\n    <span>Pi\u0161ite nam<\/span>\n  <\/a>\n\n<\/div>\n<\/div>","protected":false},"excerpt":{"rendered":"<p>Smo proizvajalec in dobavitelj pra\u017eenih ara\u0161idov v prahu na Kitajskem<\/p>\n<p>\u2013 MOQ: 1 tona<br \/>\n\u2013 Ponujena storitev OEM\/ODM<br \/>\n\u2013 Na voljo brezpla\u010den vzorec<br \/>\n\u2013 Sprejmite prilagajanje (specifikacije, velikosti, barva, dizajn itd.)<br \/>\n\u2013 Specifikacije (14 mesh manj\u0161ih ali kot va\u0161a zahteva)<\/p>\n<p>\u010ce \u017eelite dobiti pra\u017eene ara\u0161ide v prahu, stopite v stik z nami.<\/p>","protected":false},"featured_media":1714,"comment_status":"open","ping_status":"closed","template":"","meta":[],"product_cat":[37],"product_tag":[],"class_list":{"0":"post-1556","1":"product","2":"type-product","3":"status-publish","4":"has-post-thumbnail","6":"product_cat-roasted-peanut","8":"first","9":"instock","10":"shipping-taxable","11":"product-type-simple"},"yoast_head":"<!-- This site is optimized with the Yoast SEO plugin v24.9 - https:\/\/yoast.com\/wordpress\/plugins\/seo\/ -->\n<title>Roasted Peanut Powder Manufacturer - Peanut Butter Factory<\/title>\n<meta name=\"description\" content=\"We are a top OEM, private label manufacturer, and exporter of premium Roasted Peanut Powder, offering quality solutions globally.\" \/>\n<meta name=\"robots\" content=\"index, follow, max-snippet:-1, max-image-preview:large, max-video-preview:-1\" \/>\n<link rel=\"canonical\" href=\"https:\/\/www.peanutoem.com\/sl\/manufacturer\/roasted-peanut-powder\/\" \/>\n<meta property=\"og:locale\" content=\"sl_SI\" \/>\n<meta property=\"og:type\" content=\"article\" \/>\n<meta property=\"og:title\" content=\"Roasted Peanut Powder Manufacturer - Peanut Butter Factory\" \/>\n<meta property=\"og:description\" content=\"We are a top OEM, private label manufacturer, and exporter of premium Roasted Peanut Powder, offering quality solutions globally.\" \/>\n<meta property=\"og:url\" content=\"https:\/\/www.peanutoem.com\/sl\/manufacturer\/roasted-peanut-powder\/\" \/>\n<meta property=\"og:site_name\" content=\"Peanut Butter Factory\" \/>\n<meta property=\"article:modified_time\" content=\"2024-09-28T04:23:49+00:00\" \/>\n<meta property=\"og:image\" content=\"https:\/\/www.peanutoem.com\/wp-content\/uploads\/2024\/09\/Roasted-Peanut-Powder.webp\" \/>\n\t<meta property=\"og:image:width\" content=\"551\" \/>\n\t<meta property=\"og:image:height\" content=\"472\" \/>\n\t<meta property=\"og:image:type\" content=\"image\/webp\" \/>\n<meta name=\"twitter:card\" content=\"summary_large_image\" \/>\n<meta name=\"twitter:label1\" content=\"Est. reading time\" \/>\n\t<meta name=\"twitter:data1\" content=\"3 minute\" \/>\n<script type=\"application\/ld+json\" class=\"yoast-schema-graph\">{\"@context\":\"https:\/\/schema.org\",\"@graph\":[{\"@type\":\"WebPage\",\"@id\":\"https:\/\/www.peanutoem.com\/manufacturer\/roasted-peanut-powder\/\",\"url\":\"https:\/\/www.peanutoem.com\/manufacturer\/roasted-peanut-powder\/\",\"name\":\"Roasted Peanut Powder Manufacturer - Peanut Butter Factory\",\"isPartOf\":{\"@id\":\"https:\/\/www.peanutoem.com\/#website\"},\"primaryImageOfPage\":{\"@id\":\"https:\/\/www.peanutoem.com\/manufacturer\/roasted-peanut-powder\/#primaryimage\"},\"image\":{\"@id\":\"https:\/\/www.peanutoem.com\/manufacturer\/roasted-peanut-powder\/#primaryimage\"},\"thumbnailUrl\":\"https:\/\/www.peanutoem.com\/wp-content\/uploads\/2024\/09\/Roasted-Peanut-Powder.webp\",\"datePublished\":\"2024-09-02T14:00:57+00:00\",\"dateModified\":\"2024-09-28T04:23:49+00:00\",\"description\":\"We are a top OEM, private label manufacturer, and exporter of premium Roasted Peanut Powder, offering quality solutions globally.\",\"breadcrumb\":{\"@id\":\"https:\/\/www.peanutoem.com\/manufacturer\/roasted-peanut-powder\/#breadcrumb\"},\"inLanguage\":\"sl-SI\",\"potentialAction\":[{\"@type\":\"ReadAction\",\"target\":[\"https:\/\/www.peanutoem.com\/manufacturer\/roasted-peanut-powder\/\"]}]},{\"@type\":\"ImageObject\",\"inLanguage\":\"sl-SI\",\"@id\":\"https:\/\/www.peanutoem.com\/manufacturer\/roasted-peanut-powder\/#primaryimage\",\"url\":\"https:\/\/www.peanutoem.com\/wp-content\/uploads\/2024\/09\/Roasted-Peanut-Powder.webp\",\"contentUrl\":\"https:\/\/www.peanutoem.com\/wp-content\/uploads\/2024\/09\/Roasted-Peanut-Powder.webp\",\"width\":551,\"height\":472,\"caption\":\"Roasted Peanut Powder\"},{\"@type\":\"BreadcrumbList\",\"@id\":\"https:\/\/www.peanutoem.com\/manufacturer\/roasted-peanut-powder\/#breadcrumb\",\"itemListElement\":[{\"@type\":\"ListItem\",\"position\":1,\"name\":\"Home\",\"item\":\"https:\/\/www.peanutoem.com\/\"},{\"@type\":\"ListItem\",\"position\":2,\"name\":\"Products\",\"item\":\"https:\/\/www.peanutoem.com\/shop\/\"},{\"@type\":\"ListItem\",\"position\":3,\"name\":\"Roasted Peanut Powder\"}]},{\"@type\":\"WebSite\",\"@id\":\"https:\/\/www.peanutoem.com\/#website\",\"url\":\"https:\/\/www.peanutoem.com\/\",\"name\":\"Peanut Butter Factory\",\"description\":\"Peanut Butter Manufacturer and Roast Peanut OEM Factory | Peanut Private Label China Supplier\",\"publisher\":{\"@id\":\"https:\/\/www.peanutoem.com\/#organization\"},\"alternateName\":\"Peanut Butter OEM and Wholesale\",\"potentialAction\":[{\"@type\":\"SearchAction\",\"target\":{\"@type\":\"EntryPoint\",\"urlTemplate\":\"https:\/\/www.peanutoem.com\/?s={search_term_string}\"},\"query-input\":{\"@type\":\"PropertyValueSpecification\",\"valueRequired\":true,\"valueName\":\"search_term_string\"}}],\"inLanguage\":\"sl-SI\"},{\"@type\":\"Organization\",\"@id\":\"https:\/\/www.peanutoem.com\/#organization\",\"name\":\"Peanut Butter Factory\",\"alternateName\":\"JuFeng Group\",\"url\":\"https:\/\/www.peanutoem.com\/\",\"logo\":{\"@type\":\"ImageObject\",\"inLanguage\":\"sl-SI\",\"@id\":\"https:\/\/www.peanutoem.com\/#\/schema\/logo\/image\/\",\"url\":\"https:\/\/www.peanutoem.com\/wp-content\/uploads\/2024\/09\/JUFENG-LOGO.png\",\"contentUrl\":\"https:\/\/www.peanutoem.com\/wp-content\/uploads\/2024\/09\/JUFENG-LOGO.png\",\"width\":600,\"height\":170,\"caption\":\"Peanut Butter Factory\"},\"image\":{\"@id\":\"https:\/\/www.peanutoem.com\/#\/schema\/logo\/image\/\"}}]}<\/script>\n<!-- \/ Yoast SEO plugin. -->","yoast_head_json":{"title":"Roasted Peanut Powder Manufacturer - Peanut Butter Factory","description":"We are a top OEM, private label manufacturer, and exporter of premium Roasted Peanut Powder, offering quality solutions globally.","robots":{"index":"index","follow":"follow","max-snippet":"max-snippet:-1","max-image-preview":"max-image-preview:large","max-video-preview":"max-video-preview:-1"},"canonical":"https:\/\/www.peanutoem.com\/sl\/manufacturer\/roasted-peanut-powder\/","og_locale":"sl_SI","og_type":"article","og_title":"Roasted Peanut Powder Manufacturer - Peanut Butter Factory","og_description":"We are a top OEM, private label manufacturer, and exporter of premium Roasted Peanut Powder, offering quality solutions globally.","og_url":"https:\/\/www.peanutoem.com\/sl\/manufacturer\/roasted-peanut-powder\/","og_site_name":"Peanut Butter Factory","article_modified_time":"2024-09-28T04:23:49+00:00","og_image":[{"width":551,"height":472,"url":"https:\/\/www.peanutoem.com\/wp-content\/uploads\/2024\/09\/Roasted-Peanut-Powder.webp","type":"image\/webp"}],"twitter_card":"summary_large_image","twitter_misc":{"Est. reading time":"3 minute"},"schema":{"@context":"https:\/\/schema.org","@graph":[{"@type":"WebPage","@id":"https:\/\/www.peanutoem.com\/manufacturer\/roasted-peanut-powder\/","url":"https:\/\/www.peanutoem.com\/manufacturer\/roasted-peanut-powder\/","name":"Roasted Peanut Powder Manufacturer - Peanut Butter Factory","isPartOf":{"@id":"https:\/\/www.peanutoem.com\/#website"},"primaryImageOfPage":{"@id":"https:\/\/www.peanutoem.com\/manufacturer\/roasted-peanut-powder\/#primaryimage"},"image":{"@id":"https:\/\/www.peanutoem.com\/manufacturer\/roasted-peanut-powder\/#primaryimage"},"thumbnailUrl":"https:\/\/www.peanutoem.com\/wp-content\/uploads\/2024\/09\/Roasted-Peanut-Powder.webp","datePublished":"2024-09-02T14:00:57+00:00","dateModified":"2024-09-28T04:23:49+00:00","description":"We are a top OEM, private label manufacturer, and exporter of premium Roasted Peanut Powder, offering quality solutions globally.","breadcrumb":{"@id":"https:\/\/www.peanutoem.com\/manufacturer\/roasted-peanut-powder\/#breadcrumb"},"inLanguage":"sl-SI","potentialAction":[{"@type":"ReadAction","target":["https:\/\/www.peanutoem.com\/manufacturer\/roasted-peanut-powder\/"]}]},{"@type":"ImageObject","inLanguage":"sl-SI","@id":"https:\/\/www.peanutoem.com\/manufacturer\/roasted-peanut-powder\/#primaryimage","url":"https:\/\/www.peanutoem.com\/wp-content\/uploads\/2024\/09\/Roasted-Peanut-Powder.webp","contentUrl":"https:\/\/www.peanutoem.com\/wp-content\/uploads\/2024\/09\/Roasted-Peanut-Powder.webp","width":551,"height":472,"caption":"Roasted Peanut Powder"},{"@type":"BreadcrumbList","@id":"https:\/\/www.peanutoem.com\/manufacturer\/roasted-peanut-powder\/#breadcrumb","itemListElement":[{"@type":"ListItem","position":1,"name":"Home","item":"https:\/\/www.peanutoem.com\/"},{"@type":"ListItem","position":2,"name":"Products","item":"https:\/\/www.peanutoem.com\/shop\/"},{"@type":"ListItem","position":3,"name":"Roasted Peanut Powder"}]},{"@type":"WebSite","@id":"https:\/\/www.peanutoem.com\/#website","url":"https:\/\/www.peanutoem.com\/","name":"Peanut Butter Factory","description":"Peanut Butter Manufacturer and Roast Peanut OEM Factory | Peanut Private Label China Supplier","publisher":{"@id":"https:\/\/www.peanutoem.com\/#organization"},"alternateName":"Peanut Butter OEM and Wholesale","potentialAction":[{"@type":"SearchAction","target":{"@type":"EntryPoint","urlTemplate":"https:\/\/www.peanutoem.com\/?s={search_term_string}"},"query-input":{"@type":"PropertyValueSpecification","valueRequired":true,"valueName":"search_term_string"}}],"inLanguage":"sl-SI"},{"@type":"Organization","@id":"https:\/\/www.peanutoem.com\/#organization","name":"Peanut Butter Factory","alternateName":"JuFeng Group","url":"https:\/\/www.peanutoem.com\/","logo":{"@type":"ImageObject","inLanguage":"sl-SI","@id":"https:\/\/www.peanutoem.com\/#\/schema\/logo\/image\/","url":"https:\/\/www.peanutoem.com\/wp-content\/uploads\/2024\/09\/JUFENG-LOGO.png","contentUrl":"https:\/\/www.peanutoem.com\/wp-content\/uploads\/2024\/09\/JUFENG-LOGO.png","width":600,"height":170,"caption":"Peanut Butter Factory"},"image":{"@id":"https:\/\/www.peanutoem.com\/#\/schema\/logo\/image\/"}}]}},"_links":{"self":[{"href":"https:\/\/www.peanutoem.com\/sl\/wp-json\/wp\/v2\/product\/1556","targetHints":{"allow":["GET"]}}],"collection":[{"href":"https:\/\/www.peanutoem.com\/sl\/wp-json\/wp\/v2\/product"}],"about":[{"href":"https:\/\/www.peanutoem.com\/sl\/wp-json\/wp\/v2\/types\/product"}],"replies":[{"embeddable":true,"href":"https:\/\/www.peanutoem.com\/sl\/wp-json\/wp\/v2\/comments?post=1556"}],"wp:featuredmedia":[{"embeddable":true,"href":"https:\/\/www.peanutoem.com\/sl\/wp-json\/wp\/v2\/media\/1714"}],"wp:attachment":[{"href":"https:\/\/www.peanutoem.com\/sl\/wp-json\/wp\/v2\/media?parent=1556"}],"wp:term":[{"taxonomy":"product_cat","embeddable":true,"href":"https:\/\/www.peanutoem.com\/sl\/wp-json\/wp\/v2\/product_cat?post=1556"},{"taxonomy":"product_tag","embeddable":true,"href":"https:\/\/www.peanutoem.com\/sl\/wp-json\/wp\/v2\/product_tag?post=1556"}],"curies":[{"name":"wp","href":"https:\/\/api.w.org\/{rel}","templated":true}]}}