{"id":1637,"date":"2024-09-10T12:28:30","date_gmt":"2024-09-10T12:28:30","guid":{"rendered":"https:\/\/www.peanutoem.com\/?post_type=product&#038;p=1637"},"modified":"2024-10-06T09:58:03","modified_gmt":"2024-10-06T09:58:03","slug":"spicy-peanut-butter","status":"publish","type":"product","link":"https:\/\/www.peanutoem.com\/sl\/manufacturer\/spicy-peanut-butter\/","title":{"rendered":"Za\u010dinjeno ara\u0161idovo maslo"},"content":{"rendered":"<h3>Kaj je za\u010dinjeno ara\u0161idovo maslo?<\/h3>\n<p>Za\u010dinjeno ara\u0161idovo maslo je okusen pridih tradicionalnega ara\u0161idovega masla, ki zdru\u017euje kremasto ali hrustljavo teksturo ara\u0161idov z vro\u010dino za\u010dimb, kot so <a href=\"https:\/\/en.wikipedia.org\/wiki\/Chili\" target=\"_blank\" rel=\"noopener\">\u010dili<\/a>, papriko ali kajensko papriko. Popoln je za tiste, ki u\u017eivajo v me\u0161anju sladkih in pikantnih okusov ter dodajo razburjenje prigrizkom, sendvi\u010dem in receptom. Ne glede na to, ali se uporablja kot pomaka, namaz ali sestavina, za\u010dinjeno ara\u0161idovo maslo postaja priljubljena izbira med kulinari\u010dnimi navdu\u0161enci.<\/p>\n<p><img loading=\"lazy\" decoding=\"async\" class=\"alignnone wp-image-1675 size-full\" src=\"https:\/\/www.peanutoem.com\/wp-content\/uploads\/2024\/09\/Spicy-Peanut-Butter-on-Table.webp\" alt=\"Za\u010dinjeno ara\u0161idovo maslo na mizi\" width=\"912\" height=\"1144\" srcset=\"https:\/\/www.peanutoem.com\/wp-content\/uploads\/2024\/09\/Spicy-Peanut-Butter-on-Table.webp 912w, https:\/\/www.peanutoem.com\/wp-content\/uploads\/2024\/09\/Spicy-Peanut-Butter-on-Table-239x300.webp 239w, https:\/\/www.peanutoem.com\/wp-content\/uploads\/2024\/09\/Spicy-Peanut-Butter-on-Table-816x1024.webp 816w, https:\/\/www.peanutoem.com\/wp-content\/uploads\/2024\/09\/Spicy-Peanut-Butter-on-Table-768x963.webp 768w, https:\/\/www.peanutoem.com\/wp-content\/uploads\/2024\/09\/Spicy-Peanut-Butter-on-Table-10x12.webp 10w, https:\/\/www.peanutoem.com\/wp-content\/uploads\/2024\/09\/Spicy-Peanut-Butter-on-Table-600x753.webp 600w\" sizes=\"auto, (max-width: 912px) 100vw, 912px\" \/><\/p>\n<h3>Kak\u0161na so druga imena za za\u010dinjeno ara\u0161idovo maslo?<\/h3>\n<p>Za\u010dinjeno ara\u0161idovo maslo ima lahko razli\u010dna imena, odvisno od regije in profilov okusa. Ta imena poudarjajo toplotno komponento, zaradi \u010desar svetovni potro\u0161niki la\u017eje razumejo njeno edinstveno privla\u010dnost. Nekatera alternativna imena vklju\u010dujejo:<\/p>\n<ul>\n<li>Vro\u010de ara\u0161idovo maslo<\/li>\n<li>Ara\u0161idovo maslo, prepojeno s \u010dilijem<\/li>\n<li>Ognjen namaz iz ara\u0161idovega masla<\/li>\n<li>Pikantno maslo iz orehov<\/li>\n<li>Za\u010dinjen namaz iz ara\u0161idov<\/li>\n<\/ul>\n<p><span style=\"font-size: 20.16px;\">Vro\u010de teme<\/span><\/p>\n<ul>\n<li><strong>Raziskovanje receptov za pikantno ara\u0161idovo maslo<\/strong><br \/>\nZa\u010dinjeno ara\u0161idovo maslo je ustvarjalna sila v kuhinji, ki ne slu\u017ei le kot okusna omaka, temve\u010d blesti tudi v razli\u010dnih jedeh. Azijskemu ocvrtemu krompir\u010dku doda peko\u010d okus, izbolj\u0161a okus ocvrte hrane in mesa na \u017earu ter deluje kot marinada, ki sestavinam napolni \u010dudovita presene\u010denja. Od ostrega toasta za zajtrk do slanih rezancev za ve\u010derjo, vsaka jed iz\u017eareva edinstven \u010dar zahvaljujo\u010d tej sestavini.<\/li>\n<li><strong>Zdravstvene koristi za okusom<\/strong><br \/>\nTa slasten namaz je tudi prava zakladnica hranil. Njegova visoka vsebnost beljakovin in zdravih ma\u0161\u010dob napaja telo, medtem ko kapsaicin stimulira okus in pomaga pri prebavi. Poleg tega podpira metabolizem in zdravje srca ter u\u010dinkovito zdru\u017euje okus in dobro po\u010dutje.<\/li>\n<li><strong>Vklju\u010devanje v dnevne obroke<\/strong><br \/>\nVklju\u010ditev za\u010dinjenega ara\u0161idovega masla v va\u0161o dnevno prehrano je enostavna in prijetna. Slu\u017ei kot popoln partner za toast za zajtrk, doda okus popoldanskim smutijem in popestri burrito za ve\u010derjo ter vsakemu obroku prinese sve\u017e pridih.<\/li>\n<li><strong>Globalni trend v vzponu<\/strong><br \/>\nPikantno ara\u0161idovo maslo hitro postaja \u010dezmejna zvezda. Ko se okusi gostov diverzificirajo, presega regionalne meje in o\u010dara obo\u017eevalce po vsem svetu. Ta namaz je vodilni v raziskovanju okusov, saj privablja pustolovske jedce, \u017eeljne poskusiti nekaj novega.<\/li>\n<\/ul>\n<hr \/>\n<h3>Pogosta vpra\u0161anja o za\u010dinjenem ara\u0161idovem maslu<\/h3>\n<ol>\n<li><strong>Zakaj izbrati nas za va\u0161e potrebe po za\u010dinjenem ara\u0161idovem maslu?<\/strong><br \/>\nPonujamo celovite storitve OEM s popolnimi mo\u017enostmi prilagajanja, s \u010dimer zagotavljamo, da je vsak izdelek popolnoma usklajen z vizijo va\u0161e znamke in zahtevami trga.<\/li>\n<li><strong>Ali lahko prilagodite stopnjo pikantnosti in ustvarite lastni\u0161ko formulo?<\/strong><br \/>\nVsekakor! Pikantnost lahko prilagodimo od blage do zelo peko\u010de in razvijemo edinstvene formulacije izklju\u010dno za va\u0161o blagovno znamko.<\/li>\n<li><strong>Kak\u0161ne mo\u017enosti pakiranja in certificiranja ponujate?<\/strong><br \/>\nPonujamo \u0161iroko paleto re\u0161itev za pakiranje \u2013 kozarce, steklenice, kartone, sode, vedra, vre\u010dke za stiskanje in posode za razsuti tovor \u2013 vse je mogo\u010de prilagoditi va\u0161i blagovni znamki. Poleg tega imamo certifikate, kot so HACCP, ko\u0161er, halal in BRCGS, ki zagotavljajo, da na\u0161i izdelki izpolnjujejo mednarodne standarde.<\/li>\n<li><strong>Ali ponujate organsko za\u010dinjeno ara\u0161idovo maslo in vzor\u010dne serije?<\/strong><br \/>\nDa, proizvajamo za\u010dinjeno ara\u0161idovo maslo z ekolo\u0161kim certifikatom EU, narejeno iz naravnih sestavin za potro\u0161nike, ki se zavedajo zdravja. Poleg tega ponujamo vzor\u010dne serije, tako da lahko preizkusite izdelek, preden oddate veliko naro\u010dilo.<\/li>\n<li><strong>Kako zagotavljate kakovost in kak\u0161ni so va\u0161i dobavni roki?<\/strong><br \/>\nNa\u0161e strogo testiranje v na\u0161em lastnem laboratoriju v kombinaciji z u\u010dinkovito logistiko zagotavlja dosledno kakovost. Zagotavljamo tudi hiter \u010das izvedbe glede na koli\u010dino naro\u010dila in destinacijo.<\/li>\n<li><strong>Ali izva\u017eate globalno?<\/strong><br \/>\nDa, imamo bogate izku\u0161nje z izvozom po vsem svetu, urejanjem vseh potrebnih dokumentov in predpisov, da zagotovimo nemoteno dostavo.<\/li>\n<\/ol>\n<hr \/>\n<h3><img loading=\"lazy\" decoding=\"async\" class=\"alignnone wp-image-1677 size-full\" src=\"https:\/\/www.peanutoem.com\/wp-content\/uploads\/2024\/09\/Spicy-Peanut-Butter-Spread-on-Food.webp\" alt=\"Za\u010dinjen namaz ara\u0161idovega masla na hrano\" width=\"896\" height=\"1152\" srcset=\"https:\/\/www.peanutoem.com\/wp-content\/uploads\/2024\/09\/Spicy-Peanut-Butter-Spread-on-Food.webp 896w, https:\/\/www.peanutoem.com\/wp-content\/uploads\/2024\/09\/Spicy-Peanut-Butter-Spread-on-Food-233x300.webp 233w, https:\/\/www.peanutoem.com\/wp-content\/uploads\/2024\/09\/Spicy-Peanut-Butter-Spread-on-Food-796x1024.webp 796w, https:\/\/www.peanutoem.com\/wp-content\/uploads\/2024\/09\/Spicy-Peanut-Butter-Spread-on-Food-768x987.webp 768w, https:\/\/www.peanutoem.com\/wp-content\/uploads\/2024\/09\/Spicy-Peanut-Butter-Spread-on-Food-9x12.webp 9w, https:\/\/www.peanutoem.com\/wp-content\/uploads\/2024\/09\/Spicy-Peanut-Butter-Spread-on-Food-600x771.webp 600w\" sizes=\"auto, (max-width: 896px) 100vw, 896px\" \/><\/h3>\n<a href=\"mailto:globepeanut@gmail.com\" class=\"button primary is-primary is-medium\"  >\n    <span>Pi\u0161ite nam<\/span>\n  <\/a>","protected":false},"excerpt":{"rendered":"<table width=\"564\">\n<tbody>\n<tr>\n<td width=\"113\"><strong>Ime izdelka<\/strong><\/td>\n<td width=\"402\">Za\u010dinjeno ara\u0161idovo maslo<\/td>\n<\/tr>\n<tr>\n<td width=\"113\"><strong>Specifikacije<\/strong><\/td>\n<td width=\"402\">200gx36, 227gx24, 340gx12, 375gx12, 500gx12, 510gx12, 1kgx12, 10kgx1, 20kgx1, 220kgx1<\/td>\n<\/tr>\n<tr>\n<td width=\"113\"><strong>Obrazec za pakiranje<\/strong><\/td>\n<td width=\"402\">Kozarec, vedro, paket Doy Pack, vre\u010dka, karton, plo\u010devinka, sod, plo\u010devinka, steklenica itd.<\/td>\n<\/tr>\n<tr>\n<td width=\"113\"><strong>\u010cas dostave<\/strong><\/td>\n<td width=\"402\">7~20 dni po naro\u010dilu<\/td>\n<\/tr>\n<tr>\n<td width=\"113\"><strong>MOQ<\/strong><\/td>\n<td width=\"402\">Ena tona<\/td>\n<\/tr>\n<tr>\n<td width=\"113\"><strong>Vzorec<\/strong><\/td>\n<td width=\"402\">Na voljo brezpla\u010den vzorec<\/td>\n<\/tr>\n<tr>\n<td width=\"113\"><strong>OEM<\/strong><\/td>\n<td width=\"402\">Oznaka kupca sprejeta<\/td>\n<\/tr>\n<\/tbody>\n<\/table>","protected":false},"featured_media":1668,"comment_status":"open","ping_status":"closed","template":"","meta":[],"product_cat":[15],"product_tag":[],"class_list":{"0":"post-1637","1":"product","2":"type-product","3":"status-publish","4":"has-post-thumbnail","6":"product_cat-peanut-butter","8":"first","9":"instock","10":"shipping-taxable","11":"product-type-simple"},"yoast_head":"<!-- This site is optimized with the Yoast SEO plugin v24.9 - https:\/\/yoast.com\/wordpress\/plugins\/seo\/ -->\n<title>Spicy Peanut Butter China Manufacturer OEM - Peanut Butter Factory<\/title>\n<meta name=\"description\" content=\"Leading spicy peanut butter OEM private label manufacturer and exporter. Order your premium quality, custom-made spicy peanut butter.\" \/>\n<meta name=\"robots\" content=\"index, follow, max-snippet:-1, max-image-preview:large, max-video-preview:-1\" \/>\n<link rel=\"canonical\" href=\"https:\/\/www.peanutoem.com\/sl\/manufacturer\/spicy-peanut-butter\/\" \/>\n<meta property=\"og:locale\" content=\"sl_SI\" \/>\n<meta property=\"og:type\" content=\"article\" \/>\n<meta property=\"og:title\" content=\"Spicy Peanut Butter China Manufacturer OEM - Peanut Butter Factory\" \/>\n<meta property=\"og:description\" content=\"Leading spicy peanut butter OEM private label manufacturer and exporter. Order your premium quality, custom-made spicy peanut butter.\" \/>\n<meta property=\"og:url\" content=\"https:\/\/www.peanutoem.com\/sl\/manufacturer\/spicy-peanut-butter\/\" \/>\n<meta property=\"og:site_name\" content=\"Peanut Butter Factory\" \/>\n<meta property=\"article:modified_time\" content=\"2024-10-06T09:58:03+00:00\" \/>\n<meta property=\"og:image\" content=\"https:\/\/www.peanutoem.com\/wp-content\/uploads\/2024\/09\/Spicy-Peanut-Butter.webp\" \/>\n\t<meta property=\"og:image:width\" content=\"1000\" \/>\n\t<meta property=\"og:image:height\" content=\"1000\" \/>\n\t<meta property=\"og:image:type\" content=\"image\/webp\" \/>\n<meta name=\"twitter:card\" content=\"summary_large_image\" \/>\n<meta name=\"twitter:label1\" content=\"Est. reading time\" \/>\n\t<meta name=\"twitter:data1\" content=\"4 minute\" \/>\n<script type=\"application\/ld+json\" class=\"yoast-schema-graph\">{\"@context\":\"https:\/\/schema.org\",\"@graph\":[{\"@type\":\"WebPage\",\"@id\":\"https:\/\/www.peanutoem.com\/manufacturer\/spicy-peanut-butter\/\",\"url\":\"https:\/\/www.peanutoem.com\/manufacturer\/spicy-peanut-butter\/\",\"name\":\"Spicy Peanut Butter China Manufacturer OEM - Peanut Butter Factory\",\"isPartOf\":{\"@id\":\"https:\/\/www.peanutoem.com\/#website\"},\"primaryImageOfPage\":{\"@id\":\"https:\/\/www.peanutoem.com\/manufacturer\/spicy-peanut-butter\/#primaryimage\"},\"image\":{\"@id\":\"https:\/\/www.peanutoem.com\/manufacturer\/spicy-peanut-butter\/#primaryimage\"},\"thumbnailUrl\":\"https:\/\/www.peanutoem.com\/wp-content\/uploads\/2024\/09\/Spicy-Peanut-Butter.webp\",\"datePublished\":\"2024-09-10T12:28:30+00:00\",\"dateModified\":\"2024-10-06T09:58:03+00:00\",\"description\":\"Leading spicy peanut butter OEM private label manufacturer and exporter. Order your premium quality, custom-made spicy peanut butter.\",\"breadcrumb\":{\"@id\":\"https:\/\/www.peanutoem.com\/manufacturer\/spicy-peanut-butter\/#breadcrumb\"},\"inLanguage\":\"sl-SI\",\"potentialAction\":[{\"@type\":\"ReadAction\",\"target\":[\"https:\/\/www.peanutoem.com\/manufacturer\/spicy-peanut-butter\/\"]}]},{\"@type\":\"ImageObject\",\"inLanguage\":\"sl-SI\",\"@id\":\"https:\/\/www.peanutoem.com\/manufacturer\/spicy-peanut-butter\/#primaryimage\",\"url\":\"https:\/\/www.peanutoem.com\/wp-content\/uploads\/2024\/09\/Spicy-Peanut-Butter.webp\",\"contentUrl\":\"https:\/\/www.peanutoem.com\/wp-content\/uploads\/2024\/09\/Spicy-Peanut-Butter.webp\",\"width\":1000,\"height\":1000,\"caption\":\"Spicy Peanut Butter\"},{\"@type\":\"BreadcrumbList\",\"@id\":\"https:\/\/www.peanutoem.com\/manufacturer\/spicy-peanut-butter\/#breadcrumb\",\"itemListElement\":[{\"@type\":\"ListItem\",\"position\":1,\"name\":\"Home\",\"item\":\"https:\/\/www.peanutoem.com\/\"},{\"@type\":\"ListItem\",\"position\":2,\"name\":\"Products\",\"item\":\"https:\/\/www.peanutoem.com\/shop\/\"},{\"@type\":\"ListItem\",\"position\":3,\"name\":\"Spicy Peanut Butter\"}]},{\"@type\":\"WebSite\",\"@id\":\"https:\/\/www.peanutoem.com\/#website\",\"url\":\"https:\/\/www.peanutoem.com\/\",\"name\":\"Peanut Butter Factory\",\"description\":\"Peanut Butter Manufacturer and Roast Peanut OEM Factory | Peanut Private Label China Supplier\",\"publisher\":{\"@id\":\"https:\/\/www.peanutoem.com\/#organization\"},\"alternateName\":\"Peanut Butter OEM and Wholesale\",\"potentialAction\":[{\"@type\":\"SearchAction\",\"target\":{\"@type\":\"EntryPoint\",\"urlTemplate\":\"https:\/\/www.peanutoem.com\/?s={search_term_string}\"},\"query-input\":{\"@type\":\"PropertyValueSpecification\",\"valueRequired\":true,\"valueName\":\"search_term_string\"}}],\"inLanguage\":\"sl-SI\"},{\"@type\":\"Organization\",\"@id\":\"https:\/\/www.peanutoem.com\/#organization\",\"name\":\"Peanut Butter Factory\",\"alternateName\":\"JuFeng Group\",\"url\":\"https:\/\/www.peanutoem.com\/\",\"logo\":{\"@type\":\"ImageObject\",\"inLanguage\":\"sl-SI\",\"@id\":\"https:\/\/www.peanutoem.com\/#\/schema\/logo\/image\/\",\"url\":\"https:\/\/www.peanutoem.com\/wp-content\/uploads\/2024\/09\/JUFENG-LOGO.png\",\"contentUrl\":\"https:\/\/www.peanutoem.com\/wp-content\/uploads\/2024\/09\/JUFENG-LOGO.png\",\"width\":600,\"height\":170,\"caption\":\"Peanut Butter Factory\"},\"image\":{\"@id\":\"https:\/\/www.peanutoem.com\/#\/schema\/logo\/image\/\"}}]}<\/script>\n<!-- \/ Yoast SEO plugin. -->","yoast_head_json":{"title":"Spicy Peanut Butter China Manufacturer OEM - Peanut Butter Factory","description":"Leading spicy peanut butter OEM private label manufacturer and exporter. Order your premium quality, custom-made spicy peanut butter.","robots":{"index":"index","follow":"follow","max-snippet":"max-snippet:-1","max-image-preview":"max-image-preview:large","max-video-preview":"max-video-preview:-1"},"canonical":"https:\/\/www.peanutoem.com\/sl\/manufacturer\/spicy-peanut-butter\/","og_locale":"sl_SI","og_type":"article","og_title":"Spicy Peanut Butter China Manufacturer OEM - Peanut Butter Factory","og_description":"Leading spicy peanut butter OEM private label manufacturer and exporter. Order your premium quality, custom-made spicy peanut butter.","og_url":"https:\/\/www.peanutoem.com\/sl\/manufacturer\/spicy-peanut-butter\/","og_site_name":"Peanut Butter Factory","article_modified_time":"2024-10-06T09:58:03+00:00","og_image":[{"width":1000,"height":1000,"url":"https:\/\/www.peanutoem.com\/wp-content\/uploads\/2024\/09\/Spicy-Peanut-Butter.webp","type":"image\/webp"}],"twitter_card":"summary_large_image","twitter_misc":{"Est. reading time":"4 minute"},"schema":{"@context":"https:\/\/schema.org","@graph":[{"@type":"WebPage","@id":"https:\/\/www.peanutoem.com\/manufacturer\/spicy-peanut-butter\/","url":"https:\/\/www.peanutoem.com\/manufacturer\/spicy-peanut-butter\/","name":"Spicy Peanut Butter China Manufacturer OEM - Peanut Butter Factory","isPartOf":{"@id":"https:\/\/www.peanutoem.com\/#website"},"primaryImageOfPage":{"@id":"https:\/\/www.peanutoem.com\/manufacturer\/spicy-peanut-butter\/#primaryimage"},"image":{"@id":"https:\/\/www.peanutoem.com\/manufacturer\/spicy-peanut-butter\/#primaryimage"},"thumbnailUrl":"https:\/\/www.peanutoem.com\/wp-content\/uploads\/2024\/09\/Spicy-Peanut-Butter.webp","datePublished":"2024-09-10T12:28:30+00:00","dateModified":"2024-10-06T09:58:03+00:00","description":"Leading spicy peanut butter OEM private label manufacturer and exporter. Order your premium quality, custom-made spicy peanut butter.","breadcrumb":{"@id":"https:\/\/www.peanutoem.com\/manufacturer\/spicy-peanut-butter\/#breadcrumb"},"inLanguage":"sl-SI","potentialAction":[{"@type":"ReadAction","target":["https:\/\/www.peanutoem.com\/manufacturer\/spicy-peanut-butter\/"]}]},{"@type":"ImageObject","inLanguage":"sl-SI","@id":"https:\/\/www.peanutoem.com\/manufacturer\/spicy-peanut-butter\/#primaryimage","url":"https:\/\/www.peanutoem.com\/wp-content\/uploads\/2024\/09\/Spicy-Peanut-Butter.webp","contentUrl":"https:\/\/www.peanutoem.com\/wp-content\/uploads\/2024\/09\/Spicy-Peanut-Butter.webp","width":1000,"height":1000,"caption":"Spicy Peanut Butter"},{"@type":"BreadcrumbList","@id":"https:\/\/www.peanutoem.com\/manufacturer\/spicy-peanut-butter\/#breadcrumb","itemListElement":[{"@type":"ListItem","position":1,"name":"Home","item":"https:\/\/www.peanutoem.com\/"},{"@type":"ListItem","position":2,"name":"Products","item":"https:\/\/www.peanutoem.com\/shop\/"},{"@type":"ListItem","position":3,"name":"Spicy Peanut Butter"}]},{"@type":"WebSite","@id":"https:\/\/www.peanutoem.com\/#website","url":"https:\/\/www.peanutoem.com\/","name":"Peanut Butter Factory","description":"Peanut Butter Manufacturer and Roast Peanut OEM Factory | Peanut Private Label China Supplier","publisher":{"@id":"https:\/\/www.peanutoem.com\/#organization"},"alternateName":"Peanut Butter OEM and Wholesale","potentialAction":[{"@type":"SearchAction","target":{"@type":"EntryPoint","urlTemplate":"https:\/\/www.peanutoem.com\/?s={search_term_string}"},"query-input":{"@type":"PropertyValueSpecification","valueRequired":true,"valueName":"search_term_string"}}],"inLanguage":"sl-SI"},{"@type":"Organization","@id":"https:\/\/www.peanutoem.com\/#organization","name":"Peanut Butter Factory","alternateName":"JuFeng Group","url":"https:\/\/www.peanutoem.com\/","logo":{"@type":"ImageObject","inLanguage":"sl-SI","@id":"https:\/\/www.peanutoem.com\/#\/schema\/logo\/image\/","url":"https:\/\/www.peanutoem.com\/wp-content\/uploads\/2024\/09\/JUFENG-LOGO.png","contentUrl":"https:\/\/www.peanutoem.com\/wp-content\/uploads\/2024\/09\/JUFENG-LOGO.png","width":600,"height":170,"caption":"Peanut Butter Factory"},"image":{"@id":"https:\/\/www.peanutoem.com\/#\/schema\/logo\/image\/"}}]}},"_links":{"self":[{"href":"https:\/\/www.peanutoem.com\/sl\/wp-json\/wp\/v2\/product\/1637","targetHints":{"allow":["GET"]}}],"collection":[{"href":"https:\/\/www.peanutoem.com\/sl\/wp-json\/wp\/v2\/product"}],"about":[{"href":"https:\/\/www.peanutoem.com\/sl\/wp-json\/wp\/v2\/types\/product"}],"replies":[{"embeddable":true,"href":"https:\/\/www.peanutoem.com\/sl\/wp-json\/wp\/v2\/comments?post=1637"}],"wp:featuredmedia":[{"embeddable":true,"href":"https:\/\/www.peanutoem.com\/sl\/wp-json\/wp\/v2\/media\/1668"}],"wp:attachment":[{"href":"https:\/\/www.peanutoem.com\/sl\/wp-json\/wp\/v2\/media?parent=1637"}],"wp:term":[{"taxonomy":"product_cat","embeddable":true,"href":"https:\/\/www.peanutoem.com\/sl\/wp-json\/wp\/v2\/product_cat?post=1637"},{"taxonomy":"product_tag","embeddable":true,"href":"https:\/\/www.peanutoem.com\/sl\/wp-json\/wp\/v2\/product_tag?post=1637"}],"curies":[{"name":"wp","href":"https:\/\/api.w.org\/{rel}","templated":true}]}}