{"id":1638,"date":"2024-09-10T12:30:11","date_gmt":"2024-09-10T12:30:11","guid":{"rendered":"https:\/\/www.peanutoem.com\/?post_type=product&#038;p=1638"},"modified":"2024-10-06T09:55:00","modified_gmt":"2024-10-06T09:55:00","slug":"chocolate-peanut-butter","status":"publish","type":"product","link":"https:\/\/www.peanutoem.com\/sl\/manufacturer\/chocolate-peanut-butter\/","title":{"rendered":"\u010cokoladno ara\u0161idovo maslo"},"content":{"rendered":"<h3>Kaj je \u010dokoladno ara\u0161idovo maslo?<\/h3>\n<p>\u010cokoladno ara\u0161idovo maslo je okusna me\u0161anica kremastega ara\u0161idovega masla in bogatega <a href=\"https:\/\/en.wikipedia.org\/wiki\/Chocolate\" target=\"_blank\" rel=\"noopener\">\u010dokolada<\/a>, ki ustvarja sladko-slan namaz, ki pritegne \u0161irok spekter okusnih preferenc. Ta prijetna me\u0161anica je popolna za mazanje na kruh, uporabo v sladicah ali preprosto u\u017eivanje po \u017eli\u010dkah. Kombinacija ara\u0161idov in \u010dokolade ponuja uravnote\u017eeno poslastico, ki zadovolji tako navdu\u0161ence nad maslom iz orehov kot ljubitelje \u010dokolade.<\/p>\n<h3>Kak\u0161na so druga imena za \u010dokolado v ara\u0161idovem maslu?<\/h3>\n<p>\u010cokoladno ara\u0161idovo maslo se pogosto imenuje z razli\u010dnimi imeni glede na njegov okus in uporabo. Nekatera alternativna imena vklju\u010dujejo:<\/p>\n<ul>\n<li>Ara\u0161idovo maslo z okusom \u010dokolade<\/li>\n<li>Namaz iz kakavovega ara\u0161idovega masla<\/li>\n<li>Kakavovo ara\u0161idovo maslo<\/li>\n<li>\u010coko-ara\u0161idov namaz<\/li>\n<li>Ara\u0161idovo maslo s \u010dokolado<\/li>\n<li>\u010cokoladni namaz z orehi<\/li>\n<li>Ara\u0161idovo maslo, prepojeno s \u010dokolado<\/li>\n<li>\u010cokoladni namaz z orehi<\/li>\n<\/ul>\n<p>Ta imena poudarjajo \u010dudovito me\u0161anico \u010dokolade in ara\u0161idovega masla, zaradi \u010desar je privla\u010dna za potro\u0161nike na razli\u010dnih trgih.<\/p>\n<h3><img loading=\"lazy\" decoding=\"async\" class=\"alignnone wp-image-1682 size-full\" src=\"https:\/\/www.peanutoem.com\/wp-content\/uploads\/2024\/09\/Chocolate-Peanut-Butter-on-Bread.webp\" alt=\"\u010cokoladno ara\u0161idovo maslo na kruhu\" width=\"912\" height=\"1144\" srcset=\"https:\/\/www.peanutoem.com\/wp-content\/uploads\/2024\/09\/Chocolate-Peanut-Butter-on-Bread.webp 912w, https:\/\/www.peanutoem.com\/wp-content\/uploads\/2024\/09\/Chocolate-Peanut-Butter-on-Bread-239x300.webp 239w, https:\/\/www.peanutoem.com\/wp-content\/uploads\/2024\/09\/Chocolate-Peanut-Butter-on-Bread-816x1024.webp 816w, https:\/\/www.peanutoem.com\/wp-content\/uploads\/2024\/09\/Chocolate-Peanut-Butter-on-Bread-768x963.webp 768w, https:\/\/www.peanutoem.com\/wp-content\/uploads\/2024\/09\/Chocolate-Peanut-Butter-on-Bread-10x12.webp 10w, https:\/\/www.peanutoem.com\/wp-content\/uploads\/2024\/09\/Chocolate-Peanut-Butter-on-Bread-600x753.webp 600w\" sizes=\"auto, (max-width: 912px) 100vw, 912px\" \/><\/h3>\n<h3>Zakaj izbrati nas kot partnerskega dobavitelja?<\/h3>\n<p>Smo vodilni OEM zasebni proizvajalec in izvoznik \u010dokoladnega ara\u0161idovega masla.<\/p>\n<ul>\n<li><strong>Strokovno znanje za prilagajanje:<\/strong> Nudimo popolnoma prilagojene formulacije, ki ustrezajo va\u0161im specifi\u010dnim zahtevam glede okusa, teksture in pakiranja.<\/li>\n<li><strong>Premium sestavine:<\/strong> Z uporabo samo najbolj\u0161ih ara\u0161idov in \u010dokolade.<\/li>\n<li><strong>Napredna proizvodnja:<\/strong> Na\u0161i najsodobnej\u0161i obrati so opremljeni z najsodobnej\u0161imi proizvodnimi linijami iz ZDA, ki zagotavljajo dosledno kakovost in u\u010dinkovitost v vsaki seriji.<\/li>\n<li><strong>Certifikati in zagotavljanje kakovosti:<\/strong> Imamo razli\u010dne certifikate, vklju\u010dno z BRCGS, Kosher, Halal in HACCP, ki zagotavljajo skladnost z mednarodnimi standardi varnosti in kakovosti.<\/li>\n<li><strong>Globalna distribucija:<\/strong> Z bogatimi izku\u0161njami v mednarodni trgovini izva\u017eamo \u010dokoladno ara\u0161idovo maslo na trge po vsem svetu, kar zagotavlja nemoteno logistiko in pravo\u010dasne dostave.<\/li>\n<\/ul>\n<h3>Vro\u010de teme<\/h3>\n<div class=\"group\/conversation-turn relative flex w-full min-w-0 flex-col agent-turn\">\n<div class=\"flex-col gap-1 md:gap-3\">\n<div class=\"flex max-w-full flex-col flex-grow\">\n<div class=\"min-h-8 text-message flex w-full flex-col items-end gap-2 whitespace-normal break-words [.text-message+&amp;]:mt-5\" dir=\"auto\" data-message-author-role=\"assistant\" data-message-id=\"61c5f9c1-377c-4081-b461-888734723e68\">\n<div class=\"flex w-full flex-col gap-1 empty:hidden first:pt-[3px]\">\n<div class=\"markdown prose w-full break-words dark:prose-invert dark\">\n<ul>\n<li><span style=\"color: #282828;\"><strong>V sladicah<\/strong><\/span><br \/>\n<span style=\"color: #282828;\">Ara\u0161idovo maslo s \u010dokolado je vsestranska sestavina, ki ob\u010dutno izbolj\u0161a kakovost in okus sladic, kot so torte, browniji in sladoledi. Zaradi svoje kremaste teksture in bogatega okusa je odli\u010den spremljevalec pekovskih izdelkov in sla\u0161\u010dic.<\/span><\/li>\n<li><span style=\"color: #282828;\"><strong>Zdravstvene koristi<\/strong><\/span><br \/>\n<span style=\"color: #282828;\">Poleg neustavljive okusnosti je ta namaz bogat z beljakovinami, zdravimi ma\u0161\u010dobami in vlakninami, ki zagotavljajo prehransko podporo telesu. Ko je izdelan s temno \u010dokolado, doda antioksidativne lastnosti, kar daje izdelku zdravo privla\u010dnost, ki pritegne potro\u0161nike, ki se zavedajo zdravja.<\/span><\/li>\n<li><span style=\"color: #282828;\"><strong>Globalna priljubljenost<\/strong><\/span><br \/>\n<span style=\"color: #282828;\">Ker potro\u0161niki vedno bolj i\u0161\u010dejo prigrizke, ki zadovoljijo njihove brbon\u010dice in so hkrati hranljivi, je \u010dokoladno ara\u0161idovo maslo pridobilo izjemno priljubljenost na svetovnem trgu. Uspe\u0161no zdru\u017euje okus in hranljivost ter si prislu\u017ei vsesplo\u0161no ob\u010dudovanje tako otrok kot odraslih.<\/span><\/li>\n<li><span style=\"color: #282828;\"><strong>Ustvarjalne uporabe<\/strong><\/span><br \/>\n<span style=\"color: #282828;\">Poleg tradicionalnih kombinacij, kot so toast ali sendvi\u010di, lahko to sestavino kreativno vklju\u010dite v smutije, energijske plo\u0161\u010dice ali uporabite kot nadev za pecivo. Njegova edinstvena prilagodljivost okusa mu omogo\u010da, da zasije v sladkih in slanih jedeh, zaradi \u010desar je stalnica v \u0161tevilnih doma\u010dih kuhinjah.<\/span><\/li>\n<\/ul>\n<\/div>\n<\/div>\n<\/div>\n<\/div>\n<\/div>\n<\/div>\n<hr \/>\n<h3><img loading=\"lazy\" decoding=\"async\" class=\"alignnone wp-image-1683 size-full\" src=\"https:\/\/www.peanutoem.com\/wp-content\/uploads\/2024\/09\/Chocolate-Peanut-Butter-Served.webp\" alt=\"Postre\u017eemo \u010dokoladno ara\u0161idovo maslo\" width=\"896\" height=\"1152\" srcset=\"https:\/\/www.peanutoem.com\/wp-content\/uploads\/2024\/09\/Chocolate-Peanut-Butter-Served.webp 896w, https:\/\/www.peanutoem.com\/wp-content\/uploads\/2024\/09\/Chocolate-Peanut-Butter-Served-233x300.webp 233w, https:\/\/www.peanutoem.com\/wp-content\/uploads\/2024\/09\/Chocolate-Peanut-Butter-Served-796x1024.webp 796w, https:\/\/www.peanutoem.com\/wp-content\/uploads\/2024\/09\/Chocolate-Peanut-Butter-Served-768x987.webp 768w, https:\/\/www.peanutoem.com\/wp-content\/uploads\/2024\/09\/Chocolate-Peanut-Butter-Served-9x12.webp 9w, https:\/\/www.peanutoem.com\/wp-content\/uploads\/2024\/09\/Chocolate-Peanut-Butter-Served-600x771.webp 600w\" sizes=\"auto, (max-width: 896px) 100vw, 896px\" \/><\/h3>\n<h3>Pogosta vpra\u0161anja o \u010dokoladnem ara\u0161idovem maslu<\/h3>\n<ol>\n<li><strong>Kaj je va\u0161a glavna konkuren\u010dna prednost kot vodilni proizvajalec originalne opreme?<\/strong><br \/>\nIzstopamo, ker ponujamo raznolike storitve prilagajanja, izbiramo visokokakovostne sestavine in uporabljamo napredno proizvodno tehnologijo. To zagotavlja, da je vsaka serija ara\u0161idovega masla odli\u010dna na trgu in izpolnjuje edinstvene potrebe na\u0161ih strank.<\/li>\n<li><strong>Ali lahko prilagodite razmerje med \u010dokolado in ara\u0161idi glede na moje zahteve in ustvarite formulo po meri za mojo blagovno znamko?<\/strong><br \/>\nVsekakor! Ponujamo obse\u017ene storitve prilagajanja okusa, da vam pomagamo najti popolno ravnovesje med \u010dokolado in ara\u0161idi, hkrati pa razvijamo edinstveno formulo, ki pove\u010duje konkuren\u010dnost va\u0161e blagovne znamke na trgu.<\/li>\n<li><strong>Kak\u0161ne mo\u017enosti pakiranja ponujate?<\/strong><br \/>\nPonujamo razli\u010dne re\u0161itve za pakiranje, vklju\u010dno z elegantnimi kozarci, priro\u010dnimi vre\u010dkami za stiskanje in posodami za razsuti tovor, primernimi za skladi\u0161\u010denje velikih koli\u010din. Vso embala\u017eo je mogo\u010de personalizirati, da odra\u017ea identiteto va\u0161e blagovne znamke in tr\u017eno strategijo.<\/li>\n<li><strong>Ali ponujate bio \u010dokoladno ara\u0161idovo maslo in kako zagotavljate kakovost izdelkov?<\/strong><br \/>\nDa, izdelujemo ara\u0161idovo maslo z ekolo\u0161kim certifikatom EU, izdelano iz sestavin, ki izpolnjujejo ekolo\u0161ke standarde. Poleg tega smo vzpostavili strog sistem vodenja kakovosti, vklju\u010dno s testiranjem v lastnem laboratoriju, da zagotovimo, da vsaka serija ustreza najvi\u0161jim standardom okusa, teksture in varnosti.<\/li>\n<li><strong>Ali lahko pred velikim naro\u010dilom zahtevam vzorce za poku\u0161ino in ali podpirate svetovni izvoz?<\/strong><br \/>\nVsekakor! Z veseljem vam zagotovimo vzor\u010dne serije za va\u0161o oceno pred popolno proizvodnjo. Poleg tega imamo bogate izku\u0161nje pri svetovnem izvozu, kar zagotavlja, da va\u0161i izdelki varno in pravo\u010dasno prispejo po vsem svetu.<\/li>\n<\/ol>\n<a href=\"mailto:globepeanut@gmail.com\" class=\"button primary is-primary is-medium\"  >\n    <span>Pi\u0161ite nam<\/span>\n  <\/a>","protected":false},"excerpt":{"rendered":"<table width=\"564\">\n<tbody>\n<tr>\n<td width=\"113\"><strong>Ime izdelka<\/strong><\/td>\n<td width=\"402\">\u010cokoladno ara\u0161idovo maslo<\/td>\n<\/tr>\n<tr>\n<td width=\"113\"><strong>Specifikacije<\/strong><\/td>\n<td width=\"402\">200gx36, 227gx24, 340gx12, 375gx12, 500gx12, 510gx12, 1kgx12, 10kgx1, 20kgx1, 220kgx1<\/td>\n<\/tr>\n<tr>\n<td width=\"113\"><strong>Obrazec za pakiranje<\/strong><\/td>\n<td width=\"402\">Kozarec, vedro, paket Doy Pack, vre\u010dka, karton, plo\u010devinka, sod, plo\u010devinka, steklenica itd.<\/td>\n<\/tr>\n<tr>\n<td width=\"113\"><strong>\u010cas dostave<\/strong><\/td>\n<td width=\"402\">7~20 dni po naro\u010dilu<\/td>\n<\/tr>\n<tr>\n<td width=\"113\"><strong>MOQ<\/strong><\/td>\n<td width=\"402\">Ena tona<\/td>\n<\/tr>\n<tr>\n<td width=\"113\"><strong>Vzorec<\/strong><\/td>\n<td width=\"402\">Na voljo brezpla\u010den vzorec<\/td>\n<\/tr>\n<tr>\n<td width=\"113\"><strong>OEM<\/strong><\/td>\n<td width=\"402\">Oznaka kupca sprejeta<\/td>\n<\/tr>\n<\/tbody>\n<\/table>\n<p>&nbsp;<\/p>","protected":false},"featured_media":1671,"comment_status":"open","ping_status":"closed","template":"","meta":[],"product_cat":[15],"product_tag":[],"class_list":{"0":"post-1638","1":"product","2":"type-product","3":"status-publish","4":"has-post-thumbnail","6":"product_cat-peanut-butter","8":"first","9":"instock","10":"shipping-taxable","11":"product-type-simple"},"yoast_head":"<!-- This site is optimized with the Yoast SEO plugin v24.9 - https:\/\/yoast.com\/wordpress\/plugins\/seo\/ -->\n<title>Chocolate Peanut Butter Manufacturer OEM - China Peanut Butter Factory<\/title>\n<meta name=\"description\" content=\"Leading chocolate peanut butter OEM private label manufacturer and exporter. Discover premium, customized chocolate peanut butter from us.\" \/>\n<meta name=\"robots\" content=\"index, follow, max-snippet:-1, max-image-preview:large, max-video-preview:-1\" \/>\n<link rel=\"canonical\" href=\"https:\/\/www.peanutoem.com\/sl\/manufacturer\/chocolate-peanut-butter\/\" \/>\n<meta property=\"og:locale\" content=\"sl_SI\" \/>\n<meta property=\"og:type\" content=\"article\" \/>\n<meta property=\"og:title\" content=\"Chocolate Peanut Butter Manufacturer OEM - China Peanut Butter Factory\" \/>\n<meta property=\"og:description\" content=\"Leading chocolate peanut butter OEM private label manufacturer and exporter. Discover premium, customized chocolate peanut butter from us.\" \/>\n<meta property=\"og:url\" content=\"https:\/\/www.peanutoem.com\/sl\/manufacturer\/chocolate-peanut-butter\/\" \/>\n<meta property=\"og:site_name\" content=\"Peanut Butter Factory\" \/>\n<meta property=\"article:modified_time\" content=\"2024-10-06T09:55:00+00:00\" \/>\n<meta property=\"og:image\" content=\"https:\/\/www.peanutoem.com\/wp-content\/uploads\/2024\/09\/Peanut-Butter-Chocolate-Flavor.webp\" \/>\n\t<meta property=\"og:image:width\" content=\"819\" \/>\n\t<meta property=\"og:image:height\" content=\"975\" \/>\n\t<meta property=\"og:image:type\" content=\"image\/webp\" \/>\n<meta name=\"twitter:card\" content=\"summary_large_image\" \/>\n<meta name=\"twitter:label1\" content=\"Est. reading time\" \/>\n\t<meta name=\"twitter:data1\" content=\"4 minute\" \/>\n<script type=\"application\/ld+json\" class=\"yoast-schema-graph\">{\"@context\":\"https:\/\/schema.org\",\"@graph\":[{\"@type\":\"WebPage\",\"@id\":\"https:\/\/www.peanutoem.com\/manufacturer\/chocolate-peanut-butter\/\",\"url\":\"https:\/\/www.peanutoem.com\/manufacturer\/chocolate-peanut-butter\/\",\"name\":\"Chocolate Peanut Butter Manufacturer OEM - China Peanut Butter Factory\",\"isPartOf\":{\"@id\":\"https:\/\/www.peanutoem.com\/#website\"},\"primaryImageOfPage\":{\"@id\":\"https:\/\/www.peanutoem.com\/manufacturer\/chocolate-peanut-butter\/#primaryimage\"},\"image\":{\"@id\":\"https:\/\/www.peanutoem.com\/manufacturer\/chocolate-peanut-butter\/#primaryimage\"},\"thumbnailUrl\":\"https:\/\/www.peanutoem.com\/wp-content\/uploads\/2024\/09\/Peanut-Butter-Chocolate-Flavor.webp\",\"datePublished\":\"2024-09-10T12:30:11+00:00\",\"dateModified\":\"2024-10-06T09:55:00+00:00\",\"description\":\"Leading chocolate peanut butter OEM private label manufacturer and exporter. Discover premium, customized chocolate peanut butter from us.\",\"breadcrumb\":{\"@id\":\"https:\/\/www.peanutoem.com\/manufacturer\/chocolate-peanut-butter\/#breadcrumb\"},\"inLanguage\":\"sl-SI\",\"potentialAction\":[{\"@type\":\"ReadAction\",\"target\":[\"https:\/\/www.peanutoem.com\/manufacturer\/chocolate-peanut-butter\/\"]}]},{\"@type\":\"ImageObject\",\"inLanguage\":\"sl-SI\",\"@id\":\"https:\/\/www.peanutoem.com\/manufacturer\/chocolate-peanut-butter\/#primaryimage\",\"url\":\"https:\/\/www.peanutoem.com\/wp-content\/uploads\/2024\/09\/Peanut-Butter-Chocolate-Flavor.webp\",\"contentUrl\":\"https:\/\/www.peanutoem.com\/wp-content\/uploads\/2024\/09\/Peanut-Butter-Chocolate-Flavor.webp\",\"width\":819,\"height\":975,\"caption\":\"Peanut Butter Chocolate Flavor\"},{\"@type\":\"BreadcrumbList\",\"@id\":\"https:\/\/www.peanutoem.com\/manufacturer\/chocolate-peanut-butter\/#breadcrumb\",\"itemListElement\":[{\"@type\":\"ListItem\",\"position\":1,\"name\":\"Home\",\"item\":\"https:\/\/www.peanutoem.com\/\"},{\"@type\":\"ListItem\",\"position\":2,\"name\":\"Products\",\"item\":\"https:\/\/www.peanutoem.com\/shop\/\"},{\"@type\":\"ListItem\",\"position\":3,\"name\":\"Chocolate Peanut Butter\"}]},{\"@type\":\"WebSite\",\"@id\":\"https:\/\/www.peanutoem.com\/#website\",\"url\":\"https:\/\/www.peanutoem.com\/\",\"name\":\"Peanut Butter Factory\",\"description\":\"Peanut Butter Manufacturer and Roast Peanut OEM Factory | Peanut Private Label China Supplier\",\"publisher\":{\"@id\":\"https:\/\/www.peanutoem.com\/#organization\"},\"alternateName\":\"Peanut Butter OEM and Wholesale\",\"potentialAction\":[{\"@type\":\"SearchAction\",\"target\":{\"@type\":\"EntryPoint\",\"urlTemplate\":\"https:\/\/www.peanutoem.com\/?s={search_term_string}\"},\"query-input\":{\"@type\":\"PropertyValueSpecification\",\"valueRequired\":true,\"valueName\":\"search_term_string\"}}],\"inLanguage\":\"sl-SI\"},{\"@type\":\"Organization\",\"@id\":\"https:\/\/www.peanutoem.com\/#organization\",\"name\":\"Peanut Butter Factory\",\"alternateName\":\"JuFeng Group\",\"url\":\"https:\/\/www.peanutoem.com\/\",\"logo\":{\"@type\":\"ImageObject\",\"inLanguage\":\"sl-SI\",\"@id\":\"https:\/\/www.peanutoem.com\/#\/schema\/logo\/image\/\",\"url\":\"https:\/\/www.peanutoem.com\/wp-content\/uploads\/2024\/09\/JUFENG-LOGO.png\",\"contentUrl\":\"https:\/\/www.peanutoem.com\/wp-content\/uploads\/2024\/09\/JUFENG-LOGO.png\",\"width\":600,\"height\":170,\"caption\":\"Peanut Butter Factory\"},\"image\":{\"@id\":\"https:\/\/www.peanutoem.com\/#\/schema\/logo\/image\/\"}}]}<\/script>\n<!-- \/ Yoast SEO plugin. -->","yoast_head_json":{"title":"Chocolate Peanut Butter Manufacturer OEM - China Peanut Butter Factory","description":"Leading chocolate peanut butter OEM private label manufacturer and exporter. Discover premium, customized chocolate peanut butter from us.","robots":{"index":"index","follow":"follow","max-snippet":"max-snippet:-1","max-image-preview":"max-image-preview:large","max-video-preview":"max-video-preview:-1"},"canonical":"https:\/\/www.peanutoem.com\/sl\/manufacturer\/chocolate-peanut-butter\/","og_locale":"sl_SI","og_type":"article","og_title":"Chocolate Peanut Butter Manufacturer OEM - China Peanut Butter Factory","og_description":"Leading chocolate peanut butter OEM private label manufacturer and exporter. Discover premium, customized chocolate peanut butter from us.","og_url":"https:\/\/www.peanutoem.com\/sl\/manufacturer\/chocolate-peanut-butter\/","og_site_name":"Peanut Butter Factory","article_modified_time":"2024-10-06T09:55:00+00:00","og_image":[{"width":819,"height":975,"url":"https:\/\/www.peanutoem.com\/wp-content\/uploads\/2024\/09\/Peanut-Butter-Chocolate-Flavor.webp","type":"image\/webp"}],"twitter_card":"summary_large_image","twitter_misc":{"Est. reading time":"4 minute"},"schema":{"@context":"https:\/\/schema.org","@graph":[{"@type":"WebPage","@id":"https:\/\/www.peanutoem.com\/manufacturer\/chocolate-peanut-butter\/","url":"https:\/\/www.peanutoem.com\/manufacturer\/chocolate-peanut-butter\/","name":"Chocolate Peanut Butter Manufacturer OEM - China Peanut Butter Factory","isPartOf":{"@id":"https:\/\/www.peanutoem.com\/#website"},"primaryImageOfPage":{"@id":"https:\/\/www.peanutoem.com\/manufacturer\/chocolate-peanut-butter\/#primaryimage"},"image":{"@id":"https:\/\/www.peanutoem.com\/manufacturer\/chocolate-peanut-butter\/#primaryimage"},"thumbnailUrl":"https:\/\/www.peanutoem.com\/wp-content\/uploads\/2024\/09\/Peanut-Butter-Chocolate-Flavor.webp","datePublished":"2024-09-10T12:30:11+00:00","dateModified":"2024-10-06T09:55:00+00:00","description":"Leading chocolate peanut butter OEM private label manufacturer and exporter. Discover premium, customized chocolate peanut butter from us.","breadcrumb":{"@id":"https:\/\/www.peanutoem.com\/manufacturer\/chocolate-peanut-butter\/#breadcrumb"},"inLanguage":"sl-SI","potentialAction":[{"@type":"ReadAction","target":["https:\/\/www.peanutoem.com\/manufacturer\/chocolate-peanut-butter\/"]}]},{"@type":"ImageObject","inLanguage":"sl-SI","@id":"https:\/\/www.peanutoem.com\/manufacturer\/chocolate-peanut-butter\/#primaryimage","url":"https:\/\/www.peanutoem.com\/wp-content\/uploads\/2024\/09\/Peanut-Butter-Chocolate-Flavor.webp","contentUrl":"https:\/\/www.peanutoem.com\/wp-content\/uploads\/2024\/09\/Peanut-Butter-Chocolate-Flavor.webp","width":819,"height":975,"caption":"Peanut Butter Chocolate Flavor"},{"@type":"BreadcrumbList","@id":"https:\/\/www.peanutoem.com\/manufacturer\/chocolate-peanut-butter\/#breadcrumb","itemListElement":[{"@type":"ListItem","position":1,"name":"Home","item":"https:\/\/www.peanutoem.com\/"},{"@type":"ListItem","position":2,"name":"Products","item":"https:\/\/www.peanutoem.com\/shop\/"},{"@type":"ListItem","position":3,"name":"Chocolate Peanut Butter"}]},{"@type":"WebSite","@id":"https:\/\/www.peanutoem.com\/#website","url":"https:\/\/www.peanutoem.com\/","name":"Peanut Butter Factory","description":"Peanut Butter Manufacturer and Roast Peanut OEM Factory | Peanut Private Label China Supplier","publisher":{"@id":"https:\/\/www.peanutoem.com\/#organization"},"alternateName":"Peanut Butter OEM and Wholesale","potentialAction":[{"@type":"SearchAction","target":{"@type":"EntryPoint","urlTemplate":"https:\/\/www.peanutoem.com\/?s={search_term_string}"},"query-input":{"@type":"PropertyValueSpecification","valueRequired":true,"valueName":"search_term_string"}}],"inLanguage":"sl-SI"},{"@type":"Organization","@id":"https:\/\/www.peanutoem.com\/#organization","name":"Peanut Butter Factory","alternateName":"JuFeng Group","url":"https:\/\/www.peanutoem.com\/","logo":{"@type":"ImageObject","inLanguage":"sl-SI","@id":"https:\/\/www.peanutoem.com\/#\/schema\/logo\/image\/","url":"https:\/\/www.peanutoem.com\/wp-content\/uploads\/2024\/09\/JUFENG-LOGO.png","contentUrl":"https:\/\/www.peanutoem.com\/wp-content\/uploads\/2024\/09\/JUFENG-LOGO.png","width":600,"height":170,"caption":"Peanut Butter Factory"},"image":{"@id":"https:\/\/www.peanutoem.com\/#\/schema\/logo\/image\/"}}]}},"_links":{"self":[{"href":"https:\/\/www.peanutoem.com\/sl\/wp-json\/wp\/v2\/product\/1638","targetHints":{"allow":["GET"]}}],"collection":[{"href":"https:\/\/www.peanutoem.com\/sl\/wp-json\/wp\/v2\/product"}],"about":[{"href":"https:\/\/www.peanutoem.com\/sl\/wp-json\/wp\/v2\/types\/product"}],"replies":[{"embeddable":true,"href":"https:\/\/www.peanutoem.com\/sl\/wp-json\/wp\/v2\/comments?post=1638"}],"wp:featuredmedia":[{"embeddable":true,"href":"https:\/\/www.peanutoem.com\/sl\/wp-json\/wp\/v2\/media\/1671"}],"wp:attachment":[{"href":"https:\/\/www.peanutoem.com\/sl\/wp-json\/wp\/v2\/media?parent=1638"}],"wp:term":[{"taxonomy":"product_cat","embeddable":true,"href":"https:\/\/www.peanutoem.com\/sl\/wp-json\/wp\/v2\/product_cat?post=1638"},{"taxonomy":"product_tag","embeddable":true,"href":"https:\/\/www.peanutoem.com\/sl\/wp-json\/wp\/v2\/product_tag?post=1638"}],"curies":[{"name":"wp","href":"https:\/\/api.w.org\/{rel}","templated":true}]}}