{"id":1393,"date":"2023-06-08T07:38:38","date_gmt":"2023-06-08T07:38:38","guid":{"rendered":"https:\/\/www.peanutoem.com\/?post_type=product&#038;p=1393"},"modified":"2024-10-09T12:10:08","modified_gmt":"2024-10-09T12:10:08","slug":"salty-peanut-butter","status":"publish","type":"product","link":"https:\/\/www.peanutoem.com\/sq\/manufacturer\/salty-peanut-butter\/","title":{"rendered":"Gjalp\u00eb kikiriku i kripur"},"content":{"rendered":"<h3>Ofruesi kryesor OEM &amp; Prodhuesi Private Label i Salty <a href=\"https:\/\/www.peanutoem.com\/sq\/Wholesale\/peanut-butter\/\" target=\"_blank\" rel=\"noopener\">Gjalp\u00eb kikiriku<\/a><\/h3>\n<p>Ne ofrojm\u00eb me krenari gjalp\u00eb kikiriku t\u00eb kripur premium si nj\u00eb ofrues i besuar OEM, prodhues privat etiket\u00eb dhe eksportues global. Krijuar me nj\u00eb ekuilib\u00ebr t\u00eb p\u00ebrsosur t\u00eb kikirik\u00ebve t\u00eb pjekur dhe <a href=\"https:\/\/en.wikipedia.org\/wiki\/Salt\" target=\"_blank\" rel=\"noopener\">krip\u00eb<\/a>, jep nj\u00eb arom\u00eb t\u00eb k\u00ebndshme ideale p\u00ebr ushqime dhe gatim. Zgjidhjet tona t\u00eb prodhimit plot\u00ebsisht t\u00eb personalizueshme u mund\u00ebsojn\u00eb markave t\u00eb krijojn\u00eb variacione unike me paketim fleksib\u00ebl dhe madh\u00ebsi porosie.<\/p>\n<h3>\u00c7far\u00eb \u00ebsht\u00eb gjalpi i kripur i kikirikut?<\/h3>\n<p>Gjalpi i kripur i kikirikut \u00ebsht\u00eb nj\u00eb variant i shijsh\u00ebm i gjalpit tradicional t\u00eb kikirikut, duke ofruar nj\u00eb kthes\u00eb t\u00eb k\u00ebndshme me krip\u00eb t\u00eb shtuar. Ky lloj gjalpi kikiriku u b\u00ebn thirrje konsumator\u00ebve q\u00eb k\u00ebrkojn\u00eb nj\u00eb opsion m\u00eb t\u00eb guximsh\u00ebm dhe m\u00eb pak t\u00eb \u00ebmb\u00ebl. Kripa rrit arr\u00eb natyrale t\u00eb kikirik\u00ebve, duke e b\u00ebr\u00eb at\u00eb nj\u00eb t\u00eb preferuar p\u00ebr receta t\u00eb shijshme, p\u00ebrhapje dhe ushqime t\u00eb lehta.<\/p>\n<p><img loading=\"lazy\" decoding=\"async\" class=\"alignnone wp-image-1970 size-large\" src=\"https:\/\/www.peanutoem.com\/wp-content\/uploads\/2023\/06\/Seasalt-Peanut-Butter-200g-1-1024x461.webp\" alt=\"Krip\u00eb deti Gjalp\u00eb Kikiriku 200 gr\" width=\"1020\" height=\"459\" srcset=\"https:\/\/www.peanutoem.com\/wp-content\/uploads\/2023\/06\/Seasalt-Peanut-Butter-200g-1-1024x461.webp 1024w, https:\/\/www.peanutoem.com\/wp-content\/uploads\/2023\/06\/Seasalt-Peanut-Butter-200g-1-300x135.webp 300w, https:\/\/www.peanutoem.com\/wp-content\/uploads\/2023\/06\/Seasalt-Peanut-Butter-200g-1-768x346.webp 768w, https:\/\/www.peanutoem.com\/wp-content\/uploads\/2023\/06\/Seasalt-Peanut-Butter-200g-1-1536x691.webp 1536w, https:\/\/www.peanutoem.com\/wp-content\/uploads\/2023\/06\/Seasalt-Peanut-Butter-200g-1-2048x922.webp 2048w, https:\/\/www.peanutoem.com\/wp-content\/uploads\/2023\/06\/Seasalt-Peanut-Butter-200g-1-18x8.webp 18w, https:\/\/www.peanutoem.com\/wp-content\/uploads\/2023\/06\/Seasalt-Peanut-Butter-200g-1-600x270.webp 600w\" sizes=\"auto, (max-width: 1020px) 100vw, 1020px\" \/><\/p>\n<h3>Cilat jan\u00eb emrat e tjer\u00eb?<\/h3>\n<p>Gjalpi i kripur i kikirikut mund t\u00eb quhet gjithashtu:<\/p>\n<ul>\n<li><strong>Gjalp\u00eb kikiriku i shijsh\u00ebm<\/strong><\/li>\n<li><strong>Gjalp\u00eb kikiriku t\u00eb kripur<\/strong><\/li>\n<li><strong>Gjalp\u00eb kikiriku me krip\u00eb<\/strong><\/li>\n<li><strong>Gjalp\u00eb kikiriku i mbushur me krip\u00eb<\/strong><\/li>\n<\/ul>\n<p>K\u00ebta emra theksojn\u00eb elementin e ve\u00e7ant\u00eb t\u00eb shijsh\u00ebm q\u00eb e b\u00ebn gjalpin e kripur t\u00eb kikirikut nj\u00eb produkt unik dhe popullor.<\/p>\n<h3>Pse t\u00eb na zgjidhni si furnizuesin tuaj?<\/h3>\n<p>Si nj\u00eb ofrues i besuar OEM dhe prodhues i etiketave private, ne ofrojm\u00eb:<\/p>\n<ul>\n<li><strong>Gjalp\u00eb kikiriku i kripur i personalizuesh\u00ebm<\/strong>: Produkte t\u00eb p\u00ebrshtatura p\u00ebr t&#039;u lidhur me mark\u00ebn tuaj.<\/li>\n<li><strong>Globale <a href=\"https:\/\/www.peanutoem.com\/sq\/certificate\/\" target=\"_blank\" rel=\"noopener\">Certifikatat<\/a><\/strong>: Standardet tona p\u00ebrfshijn\u00eb HACCP, BRCGS, Halal, Kosher dhe EU Organic, duke siguruar cil\u00ebsi t\u00eb lart\u00eb.<\/li>\n<li><strong>Opsione t\u00eb gjithanshme t\u00eb paketimit<\/strong>: Ne prodhojm\u00eb madh\u00ebsi t\u00eb ndryshme, nga kavanoza me pakic\u00eb deri te kontejner\u00ebt me shumic\u00eb.<\/li>\n<li><strong>Ekspertiza Globale e Eksportit<\/strong>: Ne furnizojm\u00eb me besueshm\u00ebri tregjet nd\u00ebrkomb\u00ebtare.<\/li>\n<\/ul>\n<h3>Pyetjet e shpeshta rreth gjalpit t\u00eb kikirikut me krip\u00eb<\/h3>\n<ol>\n<li><strong>\u00c7far\u00eb e ve\u00e7on gjalpin tuaj t\u00eb kripur t\u00eb kikirikut?<\/strong><br \/>\nNe ofrojm\u00eb gjalp\u00eb kikiriku premium dhe t\u00eb q\u00ebndruesh\u00ebm me krip\u00eb me opsione t\u00eb personalizueshme p\u00ebr prodhimin e etiket\u00ebs private.<\/li>\n<li><strong>\u00c7far\u00eb p\u00ebrb\u00ebr\u00ebsish p\u00ebrdorni?<\/strong><br \/>\nGjalpi yn\u00eb i kripur i kikirikut p\u00ebrmban kikirik\u00eb t\u00eb pjekur me cil\u00ebsi t\u00eb lart\u00eb dhe krip\u00eb t\u00eb matur sakt\u00ebsisht, pa aditiv\u00eb.<\/li>\n<li><strong>A mund ta rregulloj p\u00ebrmbajtjen e krip\u00ebs?<\/strong><br \/>\nPo, ne ofrojm\u00eb fleksibilitet n\u00eb nivelet e krip\u00ebs p\u00ebr t&#039;iu p\u00ebrshtatur profilit t\u00eb shijes s\u00eb mark\u00ebs suaj.<\/li>\n<li><strong>Cilat opsione paketimi jan\u00eb n\u00eb dispozicion?<\/strong><br \/>\nNe ofrojm\u00eb kavanoza, kova dhe thas\u00eb n\u00eb madh\u00ebsi t\u00eb p\u00ebrshtatshme p\u00ebr shp\u00ebrndarjen me pakic\u00eb dhe me shumic\u00eb.<\/li>\n<li><strong>Sa zgjat koha e dor\u00ebzimit?<\/strong><br \/>\nDor\u00ebzimi zakonisht varion nga 7 deri n\u00eb 20 dit\u00eb, n\u00eb var\u00ebsi t\u00eb madh\u00ebsis\u00eb s\u00eb porosis\u00eb dhe specifikimeve.<\/li>\n<li><strong>A ofroni sh\u00ebrbime t\u00eb etiket\u00ebs private?<\/strong><br \/>\nPo, ne jemi t\u00eb specializuar n\u00eb sh\u00ebrbimet e etiket\u00ebs private me personalizim t\u00eb plot\u00eb p\u00ebr mark\u00ebn dhe paketimin.<\/li>\n<li><strong>Cila \u00ebsht\u00eb sasia minimale e porosis\u00eb (MOQ)?<\/strong><br \/>\nMOQ yn\u00eb \u00ebsht\u00eb nj\u00eb ton, q\u00eb strehon si bizneset e m\u00ebdha ashtu edhe ato m\u00eb t\u00eb vogla.<\/li>\n<\/ol>\n<h3>Zbuloni shkatht\u00ebsin\u00eb e produkteve tona t\u00eb personalizueshme<\/h3>\n<p>Gjalpi i kripur i kikirikut \u00ebsht\u00eb nj\u00eb zgjedhje e gjithanshme p\u00ebr ata q\u00eb k\u00ebrkojn\u00eb nj\u00eb alternativ\u00eb t\u00eb shijshme ndaj varieteteve t\u00eb \u00ebmbla. Shija e saj unike p\u00ebrmir\u00ebson snacking dhe gatim, duke e b\u00ebr\u00eb at\u00eb t\u00eb p\u00ebrsosur p\u00ebr p\u00ebrhapje, zhytje dhe salca. Ne plot\u00ebsojm\u00eb k\u00ebrkes\u00ebn n\u00eb rritje p\u00ebr opsione t\u00eb shijshme dhe me cil\u00ebsi t\u00eb lart\u00eb, nd\u00ebrsa ofrojm\u00eb personalizim t\u00eb plot\u00eb p\u00ebr t&#039;iu p\u00ebrshtatur nevojave tuaja.<\/p>\n<p>Si partneri juaj i besuesh\u00ebm OEM dhe i etiket\u00ebs private, ne ofrojm\u00eb opsione me cil\u00ebsi t\u00eb lart\u00eb, t\u00eb personalizueshme me aft\u00ebsi globale t\u00eb eksportit, duke siguruar p\u00ebrsosm\u00ebri n\u00eb \u00e7do kavanoz.<\/p>\n<a href=\"mailto:globepeanut@gmail.com\" class=\"button primary is-primary is-medium\"  >\n    <span>Na d\u00ebrgoni me email<\/span>\n  <\/a>","protected":false},"excerpt":{"rendered":"<table width=\"564\">\n<tbody>\n<tr>\n<td width=\"113\"><strong>Emri i produktit<\/strong><\/td>\n<td width=\"402\">Gjalp\u00eb kikiriku i kripur<\/td>\n<\/tr>\n<tr>\n<td width=\"113\"><strong>P\u00ebrb\u00ebr\u00ebsit<\/strong><\/td>\n<td width=\"402\">Kokrrat e zgjedhura t\u00eb kikirikut, krip\u00eb<\/td>\n<\/tr>\n<tr>\n<td width=\"113\"><strong>Specifikimet<\/strong><\/td>\n<td width=\"402\">227gx24, 340gx12, 375gx12, 500gx12, 510gx12, 1kgx12, 10kgx1, 20kgx1, 220kgx1<\/td>\n<\/tr>\n<tr>\n<td width=\"113\"><strong>Formulari i paketimit<\/strong><\/td>\n<td width=\"402\">Kavanoz, kov\u00eb, paket\u00eb doy, qese, karton, kana\u00e7e, fu\u00e7i, kana\u00e7e, shishe, etj.<\/td>\n<\/tr>\n<tr>\n<td width=\"113\"><strong>Koha e dor\u00ebzimit<\/strong><\/td>\n<td width=\"402\">7-20 dit\u00eb pas porosis\u00eb<\/td>\n<\/tr>\n<tr>\n<td width=\"113\"><strong>MOQ<\/strong><\/td>\n<td width=\"402\">Nj\u00eb ton<\/td>\n<\/tr>\n<tr>\n<td width=\"113\"><strong>Mostra<\/strong><\/td>\n<td width=\"402\">Mostra falas n\u00eb dispozicion<\/td>\n<\/tr>\n<tr>\n<td width=\"113\"><strong>OEM<\/strong><\/td>\n<td width=\"402\">Etiketa e bler\u00ebsit pranohet<\/td>\n<\/tr>\n<\/tbody>\n<\/table>","protected":false},"featured_media":1968,"comment_status":"open","ping_status":"closed","template":"","meta":[],"product_cat":[15],"product_tag":[],"class_list":{"0":"post-1393","1":"product","2":"type-product","3":"status-publish","4":"has-post-thumbnail","6":"product_cat-peanut-butter","8":"first","9":"instock","10":"shipping-taxable","11":"product-type-simple"},"yoast_head":"<!-- This site is optimized with the Yoast SEO plugin v24.9 - https:\/\/yoast.com\/wordpress\/plugins\/seo\/ -->\n<title>Salty Peanut Butter China Exporter OEM - Peanut Butter Factory<\/title>\n<meta name=\"description\" content=\"Discover premium salty peanut butter OEM service. Your trusted private label manufacturer. Enjoy customizable production, various packaging.\" \/>\n<meta name=\"robots\" content=\"index, follow, max-snippet:-1, max-image-preview:large, max-video-preview:-1\" \/>\n<link rel=\"canonical\" href=\"https:\/\/www.peanutoem.com\/sq\/manufacturer\/salty-peanut-butter\/\" \/>\n<meta property=\"og:locale\" content=\"sq_AL\" \/>\n<meta property=\"og:type\" content=\"article\" \/>\n<meta property=\"og:title\" content=\"Salty Peanut Butter China Exporter OEM - Peanut Butter Factory\" \/>\n<meta property=\"og:description\" content=\"Discover premium salty peanut butter OEM service. Your trusted private label manufacturer. Enjoy customizable production, various packaging.\" \/>\n<meta property=\"og:url\" content=\"https:\/\/www.peanutoem.com\/sq\/manufacturer\/salty-peanut-butter\/\" \/>\n<meta property=\"og:site_name\" content=\"Peanut Butter Factory\" \/>\n<meta property=\"article:modified_time\" content=\"2024-10-09T12:10:08+00:00\" \/>\n<meta property=\"og:image\" content=\"https:\/\/www.peanutoem.com\/wp-content\/uploads\/2023\/06\/200g-seasalt-peanut-butter-1-scaled.webp\" \/>\n\t<meta property=\"og:image:width\" content=\"2560\" \/>\n\t<meta property=\"og:image:height\" content=\"1152\" \/>\n\t<meta property=\"og:image:type\" content=\"image\/webp\" \/>\n<meta name=\"twitter:card\" content=\"summary_large_image\" \/>\n<meta name=\"twitter:label1\" content=\"Est. reading time\" \/>\n\t<meta name=\"twitter:data1\" content=\"3 minuta\" \/>\n<script type=\"application\/ld+json\" class=\"yoast-schema-graph\">{\"@context\":\"https:\/\/schema.org\",\"@graph\":[{\"@type\":\"WebPage\",\"@id\":\"https:\/\/www.peanutoem.com\/manufacturer\/salty-peanut-butter\/\",\"url\":\"https:\/\/www.peanutoem.com\/manufacturer\/salty-peanut-butter\/\",\"name\":\"Salty Peanut Butter China Exporter OEM - Peanut Butter Factory\",\"isPartOf\":{\"@id\":\"https:\/\/www.peanutoem.com\/#website\"},\"primaryImageOfPage\":{\"@id\":\"https:\/\/www.peanutoem.com\/manufacturer\/salty-peanut-butter\/#primaryimage\"},\"image\":{\"@id\":\"https:\/\/www.peanutoem.com\/manufacturer\/salty-peanut-butter\/#primaryimage\"},\"thumbnailUrl\":\"https:\/\/www.peanutoem.com\/wp-content\/uploads\/2023\/06\/200g-seasalt-peanut-butter-1-scaled.webp\",\"datePublished\":\"2023-06-08T07:38:38+00:00\",\"dateModified\":\"2024-10-09T12:10:08+00:00\",\"description\":\"Discover premium salty peanut butter OEM service. Your trusted private label manufacturer. Enjoy customizable production, various packaging.\",\"breadcrumb\":{\"@id\":\"https:\/\/www.peanutoem.com\/manufacturer\/salty-peanut-butter\/#breadcrumb\"},\"inLanguage\":\"sq\",\"potentialAction\":[{\"@type\":\"ReadAction\",\"target\":[\"https:\/\/www.peanutoem.com\/manufacturer\/salty-peanut-butter\/\"]}]},{\"@type\":\"ImageObject\",\"inLanguage\":\"sq\",\"@id\":\"https:\/\/www.peanutoem.com\/manufacturer\/salty-peanut-butter\/#primaryimage\",\"url\":\"https:\/\/www.peanutoem.com\/wp-content\/uploads\/2023\/06\/200g-seasalt-peanut-butter-1-scaled.webp\",\"contentUrl\":\"https:\/\/www.peanutoem.com\/wp-content\/uploads\/2023\/06\/200g-seasalt-peanut-butter-1-scaled.webp\",\"width\":2560,\"height\":1152,\"caption\":\"200g seasalt peanut butter\"},{\"@type\":\"BreadcrumbList\",\"@id\":\"https:\/\/www.peanutoem.com\/manufacturer\/salty-peanut-butter\/#breadcrumb\",\"itemListElement\":[{\"@type\":\"ListItem\",\"position\":1,\"name\":\"Home\",\"item\":\"https:\/\/www.peanutoem.com\/\"},{\"@type\":\"ListItem\",\"position\":2,\"name\":\"Products\",\"item\":\"https:\/\/www.peanutoem.com\/shop\/\"},{\"@type\":\"ListItem\",\"position\":3,\"name\":\"Salty Peanut Butter\"}]},{\"@type\":\"WebSite\",\"@id\":\"https:\/\/www.peanutoem.com\/#website\",\"url\":\"https:\/\/www.peanutoem.com\/\",\"name\":\"Peanut Butter Factory\",\"description\":\"Peanut Butter Manufacturer and Roast Peanut OEM Factory | Peanut Private Label China Supplier\",\"publisher\":{\"@id\":\"https:\/\/www.peanutoem.com\/#organization\"},\"alternateName\":\"Peanut Butter OEM and Wholesale\",\"potentialAction\":[{\"@type\":\"SearchAction\",\"target\":{\"@type\":\"EntryPoint\",\"urlTemplate\":\"https:\/\/www.peanutoem.com\/?s={search_term_string}\"},\"query-input\":{\"@type\":\"PropertyValueSpecification\",\"valueRequired\":true,\"valueName\":\"search_term_string\"}}],\"inLanguage\":\"sq\"},{\"@type\":\"Organization\",\"@id\":\"https:\/\/www.peanutoem.com\/#organization\",\"name\":\"Peanut Butter Factory\",\"alternateName\":\"JuFeng Group\",\"url\":\"https:\/\/www.peanutoem.com\/\",\"logo\":{\"@type\":\"ImageObject\",\"inLanguage\":\"sq\",\"@id\":\"https:\/\/www.peanutoem.com\/#\/schema\/logo\/image\/\",\"url\":\"https:\/\/www.peanutoem.com\/wp-content\/uploads\/2024\/09\/JUFENG-LOGO.png\",\"contentUrl\":\"https:\/\/www.peanutoem.com\/wp-content\/uploads\/2024\/09\/JUFENG-LOGO.png\",\"width\":600,\"height\":170,\"caption\":\"Peanut Butter Factory\"},\"image\":{\"@id\":\"https:\/\/www.peanutoem.com\/#\/schema\/logo\/image\/\"}}]}<\/script>\n<!-- \/ Yoast SEO plugin. -->","yoast_head_json":{"title":"Salty Peanut Butter China Exporter OEM - Peanut Butter Factory","description":"Discover premium salty peanut butter OEM service. Your trusted private label manufacturer. Enjoy customizable production, various packaging.","robots":{"index":"index","follow":"follow","max-snippet":"max-snippet:-1","max-image-preview":"max-image-preview:large","max-video-preview":"max-video-preview:-1"},"canonical":"https:\/\/www.peanutoem.com\/sq\/manufacturer\/salty-peanut-butter\/","og_locale":"sq_AL","og_type":"article","og_title":"Salty Peanut Butter China Exporter OEM - Peanut Butter Factory","og_description":"Discover premium salty peanut butter OEM service. Your trusted private label manufacturer. Enjoy customizable production, various packaging.","og_url":"https:\/\/www.peanutoem.com\/sq\/manufacturer\/salty-peanut-butter\/","og_site_name":"Peanut Butter Factory","article_modified_time":"2024-10-09T12:10:08+00:00","og_image":[{"width":2560,"height":1152,"url":"https:\/\/www.peanutoem.com\/wp-content\/uploads\/2023\/06\/200g-seasalt-peanut-butter-1-scaled.webp","type":"image\/webp"}],"twitter_card":"summary_large_image","twitter_misc":{"Est. reading time":"3 minuta"},"schema":{"@context":"https:\/\/schema.org","@graph":[{"@type":"WebPage","@id":"https:\/\/www.peanutoem.com\/manufacturer\/salty-peanut-butter\/","url":"https:\/\/www.peanutoem.com\/manufacturer\/salty-peanut-butter\/","name":"Salty Peanut Butter China Exporter OEM - Peanut Butter Factory","isPartOf":{"@id":"https:\/\/www.peanutoem.com\/#website"},"primaryImageOfPage":{"@id":"https:\/\/www.peanutoem.com\/manufacturer\/salty-peanut-butter\/#primaryimage"},"image":{"@id":"https:\/\/www.peanutoem.com\/manufacturer\/salty-peanut-butter\/#primaryimage"},"thumbnailUrl":"https:\/\/www.peanutoem.com\/wp-content\/uploads\/2023\/06\/200g-seasalt-peanut-butter-1-scaled.webp","datePublished":"2023-06-08T07:38:38+00:00","dateModified":"2024-10-09T12:10:08+00:00","description":"Discover premium salty peanut butter OEM service. Your trusted private label manufacturer. Enjoy customizable production, various packaging.","breadcrumb":{"@id":"https:\/\/www.peanutoem.com\/manufacturer\/salty-peanut-butter\/#breadcrumb"},"inLanguage":"sq","potentialAction":[{"@type":"ReadAction","target":["https:\/\/www.peanutoem.com\/manufacturer\/salty-peanut-butter\/"]}]},{"@type":"ImageObject","inLanguage":"sq","@id":"https:\/\/www.peanutoem.com\/manufacturer\/salty-peanut-butter\/#primaryimage","url":"https:\/\/www.peanutoem.com\/wp-content\/uploads\/2023\/06\/200g-seasalt-peanut-butter-1-scaled.webp","contentUrl":"https:\/\/www.peanutoem.com\/wp-content\/uploads\/2023\/06\/200g-seasalt-peanut-butter-1-scaled.webp","width":2560,"height":1152,"caption":"200g seasalt peanut butter"},{"@type":"BreadcrumbList","@id":"https:\/\/www.peanutoem.com\/manufacturer\/salty-peanut-butter\/#breadcrumb","itemListElement":[{"@type":"ListItem","position":1,"name":"Home","item":"https:\/\/www.peanutoem.com\/"},{"@type":"ListItem","position":2,"name":"Products","item":"https:\/\/www.peanutoem.com\/shop\/"},{"@type":"ListItem","position":3,"name":"Salty Peanut Butter"}]},{"@type":"WebSite","@id":"https:\/\/www.peanutoem.com\/#website","url":"https:\/\/www.peanutoem.com\/","name":"Peanut Butter Factory","description":"Peanut Butter Manufacturer and Roast Peanut OEM Factory | Peanut Private Label China Supplier","publisher":{"@id":"https:\/\/www.peanutoem.com\/#organization"},"alternateName":"Peanut Butter OEM and Wholesale","potentialAction":[{"@type":"SearchAction","target":{"@type":"EntryPoint","urlTemplate":"https:\/\/www.peanutoem.com\/?s={search_term_string}"},"query-input":{"@type":"PropertyValueSpecification","valueRequired":true,"valueName":"search_term_string"}}],"inLanguage":"sq"},{"@type":"Organization","@id":"https:\/\/www.peanutoem.com\/#organization","name":"Peanut Butter Factory","alternateName":"JuFeng Group","url":"https:\/\/www.peanutoem.com\/","logo":{"@type":"ImageObject","inLanguage":"sq","@id":"https:\/\/www.peanutoem.com\/#\/schema\/logo\/image\/","url":"https:\/\/www.peanutoem.com\/wp-content\/uploads\/2024\/09\/JUFENG-LOGO.png","contentUrl":"https:\/\/www.peanutoem.com\/wp-content\/uploads\/2024\/09\/JUFENG-LOGO.png","width":600,"height":170,"caption":"Peanut Butter Factory"},"image":{"@id":"https:\/\/www.peanutoem.com\/#\/schema\/logo\/image\/"}}]}},"_links":{"self":[{"href":"https:\/\/www.peanutoem.com\/sq\/wp-json\/wp\/v2\/product\/1393","targetHints":{"allow":["GET"]}}],"collection":[{"href":"https:\/\/www.peanutoem.com\/sq\/wp-json\/wp\/v2\/product"}],"about":[{"href":"https:\/\/www.peanutoem.com\/sq\/wp-json\/wp\/v2\/types\/product"}],"replies":[{"embeddable":true,"href":"https:\/\/www.peanutoem.com\/sq\/wp-json\/wp\/v2\/comments?post=1393"}],"wp:featuredmedia":[{"embeddable":true,"href":"https:\/\/www.peanutoem.com\/sq\/wp-json\/wp\/v2\/media\/1968"}],"wp:attachment":[{"href":"https:\/\/www.peanutoem.com\/sq\/wp-json\/wp\/v2\/media?parent=1393"}],"wp:term":[{"taxonomy":"product_cat","embeddable":true,"href":"https:\/\/www.peanutoem.com\/sq\/wp-json\/wp\/v2\/product_cat?post=1393"},{"taxonomy":"product_tag","embeddable":true,"href":"https:\/\/www.peanutoem.com\/sq\/wp-json\/wp\/v2\/product_tag?post=1393"}],"curies":[{"name":"wp","href":"https:\/\/api.w.org\/{rel}","templated":true}]}}