{"id":1402,"date":"2023-06-08T08:15:42","date_gmt":"2023-06-08T08:15:42","guid":{"rendered":"https:\/\/www.peanutoem.com\/?post_type=product&#038;p=1402"},"modified":"2024-09-28T06:53:33","modified_gmt":"2024-09-28T06:53:33","slug":"crunchy-peanut-butter","status":"publish","type":"product","link":"https:\/\/www.peanutoem.com\/sq\/manufacturer\/crunchy-peanut-butter\/","title":{"rendered":"Gjalp\u00eb kikiriku krokant | Gjalp\u00eb Kikiriku Crunchy me porosi"},"content":{"rendered":"<h3>krokante <a href=\"https:\/\/www.peanutoem.com\/sq\/Wholesale\/peanut-butter\/\" target=\"_blank\" rel=\"noopener\">Gjalp\u00eb kikiriku<\/a> \u2013 Prodhuesi Premium OEM Private Label<\/h3>\n<p>Ne jemi krenar\u00eb q\u00eb jemi prodhuesi, eksportuesi dhe furnizuesi kryesor i etiketave private OEM t\u00eb gjalpit t\u00eb kikirikut krokant me cil\u00ebsi t\u00eb lart\u00eb, i cili ofron nj\u00eb struktur\u00eb t\u00eb k\u00ebnaqshme, perfekte si p\u00ebr p\u00ebrdorim me pakic\u00eb ashtu edhe p\u00ebr industrial. Aft\u00ebsit\u00eb tona prodhuese, t\u00eb kombinuara me opsione t\u00eb personalizueshme, na lejojn\u00eb t\u00eb plot\u00ebsojm\u00eb nevojat unike t\u00eb markave n\u00eb mbar\u00eb bot\u00ebn.<\/p>\n<h3>Prodhimi i avancuar dhe <a href=\"https:\/\/www.peanutoem.com\/sq\/certificate\/\" target=\"_blank\" rel=\"noopener\">Certifikatat<\/a><\/h3>\n<p>Objektet tona moderne jan\u00eb t\u00eb pajisura p\u00ebr t\u00eb trajtuar prodhimin n\u00eb shkall\u00eb t\u00eb gjer\u00eb duke ruajtur kontroll t\u00eb rrept\u00eb t\u00eb cil\u00ebsis\u00eb. Me \u00e7ertifikime t\u00eb tilla si HACCP, BRCGS, Halal, Kosher dhe EU Organic, ne sigurojm\u00eb q\u00eb gjalpi yn\u00eb krokan i kikirikut t&#039;i p\u00ebrmbahet standardeve m\u00eb t\u00eb larta globale. Kjo na b\u00ebn partnerin e preferuar p\u00ebr bizneset q\u00eb k\u00ebrkojn\u00eb zgjidhje t\u00eb besueshme OEM dhe etiketa private.<\/p>\n<h3>\u00c7far\u00eb \u00ebsht\u00eb Gjalpi i Kikirikut Crunchy?<\/h3>\n<p>Gjalpi i kikirikut krokant p\u00ebrmban kokrriza t\u00eb vogla kikiriku, duke siguruar nj\u00eb kafshim me tekstur\u00eb dhe nj\u00eb arom\u00eb t\u00eb pasur kikiriku. Kjo shum\u00ebllojshm\u00ebri \u00ebsht\u00eb e p\u00ebrkryer p\u00ebr konsumator\u00ebt q\u00eb shijojn\u00eb nj\u00eb p\u00ebrvoj\u00eb m\u00eb t\u00eb konsiderueshme t\u00eb gjalpit t\u00eb kikirikut n\u00eb krahasim me opsionet e l\u00ebmuara ose kremoze. Gjalpi yn\u00eb i kikirikut t\u00eb llojit kokrriz\u00eb \u00ebsht\u00eb prodhuar duke p\u00ebrdorur kikirik\u00ebt m\u00eb t\u00eb mir\u00eb, duke siguruar q\u00ebndrueshm\u00ebri n\u00eb \u00e7do kavanoz.<\/p>\n<p>Gjalpi i kikirikut krokant mund t\u00eb quhet edhe me disa emra t\u00eb tjer\u00eb, n\u00eb var\u00ebsi t\u00eb rajonit ose preferenc\u00ebs s\u00eb marketingut. Disa emra alternativ\u00eb p\u00ebrfshijn\u00eb:<\/p>\n<ol>\n<li><strong>Gjalp\u00eb kikiriku i trash\u00eb<\/strong> \u2013 Ky \u00ebsht\u00eb nj\u00eb term i zakonsh\u00ebm, ve\u00e7an\u00ebrisht n\u00eb SHBA, q\u00eb i referohet t\u00eb nj\u00ebjt\u00ebs varietet me tekstur\u00eb.<\/li>\n<li><strong>Gjalp\u00eb kikiriku t\u00eb llojit kokrriz\u00eb<\/strong> \u2013 Duke p\u00ebrshkruar struktur\u00ebn e tij t\u00eb grimcuar, e p\u00ebrdorur shpesh n\u00eb nj\u00eb kontekst m\u00eb teknik ose industrial.<\/li>\n<li><strong>Gjalp\u00eb kikiriku me tekstur\u00eb<\/strong> \u2013 Theksimi i tekstur\u00ebs s\u00eb copave t\u00eb kikirikut.<\/li>\n<li><strong>Gjalp\u00eb kikiriku me arra<\/strong> \u2013 Ndonj\u00ebher\u00eb p\u00ebrdoret p\u00ebr t\u00eb theksuar copat e kikirikut brenda p\u00ebrhapjes.<\/li>\n<\/ol>\n<p>K\u00ebta emra shpesh jan\u00eb t\u00eb k\u00ebmbyesh\u00ebm dhe p\u00ebrcjellin iden\u00eb se gjalpi i kikirikut p\u00ebrmban copa ose kokrriza t\u00eb vogla kikiriku.<\/p>\n<h3>Zgjidhje t\u00eb personalizuara me etiketa private p\u00ebr gjalpin e kikirikut krokant<\/h3>\n<p>Si nj\u00eb prodhues i shquar OEM, ne ofrojm\u00eb sh\u00ebrbime t\u00eb p\u00ebrshtatura t\u00eb etiket\u00ebs private p\u00ebr gjalpin e kikirikut krokant. Pavar\u00ebsisht n\u00ebse keni nevoj\u00eb p\u00ebr paketim unik ose p\u00ebrmasa specifike, ne ofrojm\u00eb opsione fleksib\u00ebl p\u00ebr t&#039;iu p\u00ebrshtatur nevojave t\u00eb mark\u00ebs suaj. Ekipi yn\u00eb punon ngusht\u00eb me ju p\u00ebr t\u00eb zhvilluar nj\u00eb produkt q\u00eb p\u00ebrputhet me identitetin tuaj t\u00eb mark\u00ebs dhe k\u00ebrkesat e tregut.<\/p>\n<h3>Eksportues dhe Furnizues global i gjalpit t\u00eb kikirikut t\u00eb tipit kokrriz\u00eb<\/h3>\n<p>Me nj\u00eb rrjet t\u00eb gjer\u00eb eksporti, ne u sh\u00ebrbejm\u00eb klient\u00ebve globalisht, duke na b\u00ebr\u00eb nj\u00eb eksportues dhe furnizues t\u00eb besuesh\u00ebm t\u00eb gjalpit t\u00eb kikirikut t\u00eb llojit kokrriz\u00eb. Logjistika jon\u00eb efikase siguron dor\u00ebzim n\u00eb koh\u00eb, pavar\u00ebsisht n\u00ebse keni nevoj\u00eb p\u00ebr tufa t\u00eb vogla apo porosi me shumic\u00eb. Ne e kuptojm\u00eb r\u00ebnd\u00ebsin\u00eb e q\u00ebndrueshm\u00ebris\u00eb dhe besueshm\u00ebris\u00eb n\u00eb tregjet nd\u00ebrkomb\u00ebtare.<\/p>\n<h3>Pse Na zgjidhni ne?<\/h3>\n<ul>\n<li><strong>Kapaciteti i gjer\u00eb prodhues<\/strong>: Prodhim n\u00eb shkall\u00eb t\u00eb gjer\u00eb i p\u00ebrshtatur p\u00ebr mark\u00ebn tuaj<\/li>\n<li><strong>Globale <a href=\"https:\/\/www.peanutoem.com\/sq\/certificate\/\" target=\"_blank\" rel=\"noopener\">Certifikatat<\/a><\/strong>: P\u00ebrfshir\u00eb HACCP, BRCGS, Halal, Kosher, dhe m\u00eb shum\u00eb<\/li>\n<li><strong>Opsione fleksib\u00ebl OEM dhe etiketa private<\/strong>: I personalizuesh\u00ebm sipas specifikave tuaja<\/li>\n<li><strong>Eksportues dhe Furnizues i Besuar<\/strong>: Sh\u00ebrbyer tregjet n\u00eb mbar\u00eb bot\u00ebn me cil\u00ebsi t\u00eb q\u00ebndrueshme<\/li>\n<\/ul>\n<p>Ne jemi t\u00eb gatsh\u00ebm t\u00eb ofrojm\u00eb m\u00eb t\u00eb mir\u00ebn n\u00eb gjalpin e kikirikut krokant p\u00ebrmes zgjidhjeve tona fleksib\u00ebl OEM dhe etiketa private. Na lejoni t&#039;ju ndihmojm\u00eb t&#039;u sjellni klient\u00ebve tuaj gjalp\u00eb kikiriku premium, t\u00eb llojit kokrriz\u00eb, me fokus n\u00eb cil\u00ebsin\u00eb dhe personalizimin.<\/p>\n<a href=\"mailto:globepeanut@gmail.com\" class=\"button primary is-primary is-medium\"  >\n    <span>Na d\u00ebrgoni me email<\/span>\n  <\/a>","protected":false},"excerpt":{"rendered":"<table width=\"564\">\n<tbody>\n<tr>\n<td width=\"113\"><strong>Emri i produktit<\/strong><\/td>\n<td width=\"402\">Gjalp\u00eb kikiriku krokant<\/td>\n<\/tr>\n<tr>\n<td width=\"113\"><strong>P\u00ebrb\u00ebr\u00ebsit<\/strong><\/td>\n<td width=\"402\">B\u00ebrthama t\u00eb zgjedhura t\u00eb kikirikut, sheqer t\u00eb bardh\u00eb, vaj vegjetal t\u00eb hidrogjenizuar, krip\u00eb<\/td>\n<\/tr>\n<tr>\n<td width=\"113\"><strong>Specifikimet<\/strong><\/td>\n<td width=\"402\">200gx36, 227gx24, 340gx12, 375gx12, 500gx12, 510gx12, 1kgx12, 10kgx1, 20kgx1, 220kgx1<\/td>\n<\/tr>\n<tr>\n<td width=\"113\"><strong>Formulari i paketimit<\/strong><\/td>\n<td width=\"402\">Kavanoz, kov\u00eb, paket\u00eb doy, qese, karton, kana\u00e7e, fu\u00e7i, kana\u00e7e, shishe, etj.<\/td>\n<\/tr>\n<tr>\n<td width=\"113\"><strong>Koha e dor\u00ebzimit<\/strong><\/td>\n<td width=\"402\">7-20 dit\u00eb pas porosis\u00eb<\/td>\n<\/tr>\n<tr>\n<td width=\"113\"><strong>MOQ<\/strong><\/td>\n<td width=\"402\">Nj\u00eb ton<\/td>\n<\/tr>\n<tr>\n<td width=\"113\"><strong>Mostra<\/strong><\/td>\n<td width=\"402\">Mostra falas n\u00eb dispozicion<\/td>\n<\/tr>\n<tr>\n<td width=\"113\"><strong>OEM<\/strong><\/td>\n<td width=\"402\">Etiketa e bler\u00ebsit pranohet<\/td>\n<\/tr>\n<\/tbody>\n<\/table>","protected":false},"featured_media":1652,"comment_status":"open","ping_status":"closed","template":"","meta":[],"product_cat":[15],"product_tag":[],"class_list":{"0":"post-1402","1":"product","2":"type-product","3":"status-publish","4":"has-post-thumbnail","6":"product_cat-peanut-butter","8":"first","9":"instock","10":"featured","11":"shipping-taxable","12":"product-type-simple"},"yoast_head":"<!-- This site is optimized with the Yoast SEO plugin v24.9 - https:\/\/yoast.com\/wordpress\/plugins\/seo\/ -->\n<title>Crunchy Peanut Butter | Custom Crunchy Peanut Butter OEM - Peanut Butter Factory<\/title>\n<meta name=\"description\" content=\"As a leading private label manufacturer, Our crunchy peanut butter is made with delightful granule texture and customizable packaging.\" \/>\n<meta name=\"robots\" content=\"index, follow, max-snippet:-1, max-image-preview:large, max-video-preview:-1\" \/>\n<link rel=\"canonical\" href=\"https:\/\/www.peanutoem.com\/sq\/manufacturer\/crunchy-peanut-butter\/\" \/>\n<meta property=\"og:locale\" content=\"sq_AL\" \/>\n<meta property=\"og:type\" content=\"article\" \/>\n<meta property=\"og:title\" content=\"Crunchy Peanut Butter | Custom Crunchy Peanut Butter OEM - Peanut Butter Factory\" \/>\n<meta property=\"og:description\" content=\"As a leading private label manufacturer, Our crunchy peanut butter is made with delightful granule texture and customizable packaging.\" \/>\n<meta property=\"og:url\" content=\"https:\/\/www.peanutoem.com\/sq\/manufacturer\/crunchy-peanut-butter\/\" \/>\n<meta property=\"og:site_name\" content=\"Peanut Butter Factory\" \/>\n<meta property=\"article:modified_time\" content=\"2024-09-28T06:53:33+00:00\" \/>\n<meta property=\"og:image\" content=\"https:\/\/www.peanutoem.com\/wp-content\/uploads\/2023\/06\/Crunchy-Type-Peanut-Butter-340g.webp\" \/>\n\t<meta property=\"og:image:width\" content=\"1000\" \/>\n\t<meta property=\"og:image:height\" content=\"1000\" \/>\n\t<meta property=\"og:image:type\" content=\"image\/webp\" \/>\n<meta name=\"twitter:card\" content=\"summary_large_image\" \/>\n<meta name=\"twitter:label1\" content=\"Est. reading time\" \/>\n\t<meta name=\"twitter:data1\" content=\"3 minuta\" \/>\n<script type=\"application\/ld+json\" class=\"yoast-schema-graph\">{\"@context\":\"https:\/\/schema.org\",\"@graph\":[{\"@type\":\"WebPage\",\"@id\":\"https:\/\/www.peanutoem.com\/manufacturer\/crunchy-peanut-butter\/\",\"url\":\"https:\/\/www.peanutoem.com\/manufacturer\/crunchy-peanut-butter\/\",\"name\":\"Crunchy Peanut Butter | Custom Crunchy Peanut Butter OEM - Peanut Butter Factory\",\"isPartOf\":{\"@id\":\"https:\/\/www.peanutoem.com\/#website\"},\"primaryImageOfPage\":{\"@id\":\"https:\/\/www.peanutoem.com\/manufacturer\/crunchy-peanut-butter\/#primaryimage\"},\"image\":{\"@id\":\"https:\/\/www.peanutoem.com\/manufacturer\/crunchy-peanut-butter\/#primaryimage\"},\"thumbnailUrl\":\"https:\/\/www.peanutoem.com\/wp-content\/uploads\/2023\/06\/Crunchy-Type-Peanut-Butter-340g.webp\",\"datePublished\":\"2023-06-08T08:15:42+00:00\",\"dateModified\":\"2024-09-28T06:53:33+00:00\",\"description\":\"As a leading private label manufacturer, Our crunchy peanut butter is made with delightful granule texture and customizable packaging.\",\"breadcrumb\":{\"@id\":\"https:\/\/www.peanutoem.com\/manufacturer\/crunchy-peanut-butter\/#breadcrumb\"},\"inLanguage\":\"sq\",\"potentialAction\":[{\"@type\":\"ReadAction\",\"target\":[\"https:\/\/www.peanutoem.com\/manufacturer\/crunchy-peanut-butter\/\"]}]},{\"@type\":\"ImageObject\",\"inLanguage\":\"sq\",\"@id\":\"https:\/\/www.peanutoem.com\/manufacturer\/crunchy-peanut-butter\/#primaryimage\",\"url\":\"https:\/\/www.peanutoem.com\/wp-content\/uploads\/2023\/06\/Crunchy-Type-Peanut-Butter-340g.webp\",\"contentUrl\":\"https:\/\/www.peanutoem.com\/wp-content\/uploads\/2023\/06\/Crunchy-Type-Peanut-Butter-340g.webp\",\"width\":1000,\"height\":1000,\"caption\":\"Crunchy Type Peanut Butter 340g\"},{\"@type\":\"BreadcrumbList\",\"@id\":\"https:\/\/www.peanutoem.com\/manufacturer\/crunchy-peanut-butter\/#breadcrumb\",\"itemListElement\":[{\"@type\":\"ListItem\",\"position\":1,\"name\":\"Home\",\"item\":\"https:\/\/www.peanutoem.com\/\"},{\"@type\":\"ListItem\",\"position\":2,\"name\":\"Products\",\"item\":\"https:\/\/www.peanutoem.com\/shop\/\"},{\"@type\":\"ListItem\",\"position\":3,\"name\":\"Crunchy Peanut Butter | Custom Crunchy Peanut Butter\"}]},{\"@type\":\"WebSite\",\"@id\":\"https:\/\/www.peanutoem.com\/#website\",\"url\":\"https:\/\/www.peanutoem.com\/\",\"name\":\"Peanut Butter Factory\",\"description\":\"Peanut Butter Manufacturer and Roast Peanut OEM Factory | Peanut Private Label China Supplier\",\"publisher\":{\"@id\":\"https:\/\/www.peanutoem.com\/#organization\"},\"alternateName\":\"Peanut Butter OEM and Wholesale\",\"potentialAction\":[{\"@type\":\"SearchAction\",\"target\":{\"@type\":\"EntryPoint\",\"urlTemplate\":\"https:\/\/www.peanutoem.com\/?s={search_term_string}\"},\"query-input\":{\"@type\":\"PropertyValueSpecification\",\"valueRequired\":true,\"valueName\":\"search_term_string\"}}],\"inLanguage\":\"sq\"},{\"@type\":\"Organization\",\"@id\":\"https:\/\/www.peanutoem.com\/#organization\",\"name\":\"Peanut Butter Factory\",\"alternateName\":\"JuFeng Group\",\"url\":\"https:\/\/www.peanutoem.com\/\",\"logo\":{\"@type\":\"ImageObject\",\"inLanguage\":\"sq\",\"@id\":\"https:\/\/www.peanutoem.com\/#\/schema\/logo\/image\/\",\"url\":\"https:\/\/www.peanutoem.com\/wp-content\/uploads\/2024\/09\/JUFENG-LOGO.png\",\"contentUrl\":\"https:\/\/www.peanutoem.com\/wp-content\/uploads\/2024\/09\/JUFENG-LOGO.png\",\"width\":600,\"height\":170,\"caption\":\"Peanut Butter Factory\"},\"image\":{\"@id\":\"https:\/\/www.peanutoem.com\/#\/schema\/logo\/image\/\"}}]}<\/script>\n<!-- \/ Yoast SEO plugin. -->","yoast_head_json":{"title":"Crunchy Peanut Butter | Custom Crunchy Peanut Butter OEM - Peanut Butter Factory","description":"As a leading private label manufacturer, Our crunchy peanut butter is made with delightful granule texture and customizable packaging.","robots":{"index":"index","follow":"follow","max-snippet":"max-snippet:-1","max-image-preview":"max-image-preview:large","max-video-preview":"max-video-preview:-1"},"canonical":"https:\/\/www.peanutoem.com\/sq\/manufacturer\/crunchy-peanut-butter\/","og_locale":"sq_AL","og_type":"article","og_title":"Crunchy Peanut Butter | Custom Crunchy Peanut Butter OEM - Peanut Butter Factory","og_description":"As a leading private label manufacturer, Our crunchy peanut butter is made with delightful granule texture and customizable packaging.","og_url":"https:\/\/www.peanutoem.com\/sq\/manufacturer\/crunchy-peanut-butter\/","og_site_name":"Peanut Butter Factory","article_modified_time":"2024-09-28T06:53:33+00:00","og_image":[{"width":1000,"height":1000,"url":"https:\/\/www.peanutoem.com\/wp-content\/uploads\/2023\/06\/Crunchy-Type-Peanut-Butter-340g.webp","type":"image\/webp"}],"twitter_card":"summary_large_image","twitter_misc":{"Est. reading time":"3 minuta"},"schema":{"@context":"https:\/\/schema.org","@graph":[{"@type":"WebPage","@id":"https:\/\/www.peanutoem.com\/manufacturer\/crunchy-peanut-butter\/","url":"https:\/\/www.peanutoem.com\/manufacturer\/crunchy-peanut-butter\/","name":"Crunchy Peanut Butter | Custom Crunchy Peanut Butter OEM - Peanut Butter Factory","isPartOf":{"@id":"https:\/\/www.peanutoem.com\/#website"},"primaryImageOfPage":{"@id":"https:\/\/www.peanutoem.com\/manufacturer\/crunchy-peanut-butter\/#primaryimage"},"image":{"@id":"https:\/\/www.peanutoem.com\/manufacturer\/crunchy-peanut-butter\/#primaryimage"},"thumbnailUrl":"https:\/\/www.peanutoem.com\/wp-content\/uploads\/2023\/06\/Crunchy-Type-Peanut-Butter-340g.webp","datePublished":"2023-06-08T08:15:42+00:00","dateModified":"2024-09-28T06:53:33+00:00","description":"As a leading private label manufacturer, Our crunchy peanut butter is made with delightful granule texture and customizable packaging.","breadcrumb":{"@id":"https:\/\/www.peanutoem.com\/manufacturer\/crunchy-peanut-butter\/#breadcrumb"},"inLanguage":"sq","potentialAction":[{"@type":"ReadAction","target":["https:\/\/www.peanutoem.com\/manufacturer\/crunchy-peanut-butter\/"]}]},{"@type":"ImageObject","inLanguage":"sq","@id":"https:\/\/www.peanutoem.com\/manufacturer\/crunchy-peanut-butter\/#primaryimage","url":"https:\/\/www.peanutoem.com\/wp-content\/uploads\/2023\/06\/Crunchy-Type-Peanut-Butter-340g.webp","contentUrl":"https:\/\/www.peanutoem.com\/wp-content\/uploads\/2023\/06\/Crunchy-Type-Peanut-Butter-340g.webp","width":1000,"height":1000,"caption":"Crunchy Type Peanut Butter 340g"},{"@type":"BreadcrumbList","@id":"https:\/\/www.peanutoem.com\/manufacturer\/crunchy-peanut-butter\/#breadcrumb","itemListElement":[{"@type":"ListItem","position":1,"name":"Home","item":"https:\/\/www.peanutoem.com\/"},{"@type":"ListItem","position":2,"name":"Products","item":"https:\/\/www.peanutoem.com\/shop\/"},{"@type":"ListItem","position":3,"name":"Crunchy Peanut Butter | Custom Crunchy Peanut Butter"}]},{"@type":"WebSite","@id":"https:\/\/www.peanutoem.com\/#website","url":"https:\/\/www.peanutoem.com\/","name":"Peanut Butter Factory","description":"Peanut Butter Manufacturer and Roast Peanut OEM Factory | Peanut Private Label China Supplier","publisher":{"@id":"https:\/\/www.peanutoem.com\/#organization"},"alternateName":"Peanut Butter OEM and Wholesale","potentialAction":[{"@type":"SearchAction","target":{"@type":"EntryPoint","urlTemplate":"https:\/\/www.peanutoem.com\/?s={search_term_string}"},"query-input":{"@type":"PropertyValueSpecification","valueRequired":true,"valueName":"search_term_string"}}],"inLanguage":"sq"},{"@type":"Organization","@id":"https:\/\/www.peanutoem.com\/#organization","name":"Peanut Butter Factory","alternateName":"JuFeng Group","url":"https:\/\/www.peanutoem.com\/","logo":{"@type":"ImageObject","inLanguage":"sq","@id":"https:\/\/www.peanutoem.com\/#\/schema\/logo\/image\/","url":"https:\/\/www.peanutoem.com\/wp-content\/uploads\/2024\/09\/JUFENG-LOGO.png","contentUrl":"https:\/\/www.peanutoem.com\/wp-content\/uploads\/2024\/09\/JUFENG-LOGO.png","width":600,"height":170,"caption":"Peanut Butter Factory"},"image":{"@id":"https:\/\/www.peanutoem.com\/#\/schema\/logo\/image\/"}}]}},"_links":{"self":[{"href":"https:\/\/www.peanutoem.com\/sq\/wp-json\/wp\/v2\/product\/1402","targetHints":{"allow":["GET"]}}],"collection":[{"href":"https:\/\/www.peanutoem.com\/sq\/wp-json\/wp\/v2\/product"}],"about":[{"href":"https:\/\/www.peanutoem.com\/sq\/wp-json\/wp\/v2\/types\/product"}],"replies":[{"embeddable":true,"href":"https:\/\/www.peanutoem.com\/sq\/wp-json\/wp\/v2\/comments?post=1402"}],"wp:featuredmedia":[{"embeddable":true,"href":"https:\/\/www.peanutoem.com\/sq\/wp-json\/wp\/v2\/media\/1652"}],"wp:attachment":[{"href":"https:\/\/www.peanutoem.com\/sq\/wp-json\/wp\/v2\/media?parent=1402"}],"wp:term":[{"taxonomy":"product_cat","embeddable":true,"href":"https:\/\/www.peanutoem.com\/sq\/wp-json\/wp\/v2\/product_cat?post=1402"},{"taxonomy":"product_tag","embeddable":true,"href":"https:\/\/www.peanutoem.com\/sq\/wp-json\/wp\/v2\/product_tag?post=1402"}],"curies":[{"name":"wp","href":"https:\/\/api.w.org\/{rel}","templated":true}]}}