{"id":1543,"date":"2024-09-02T13:37:15","date_gmt":"2024-09-02T13:37:15","guid":{"rendered":"https:\/\/www.peanutoem.com\/?post_type=product&#038;p=1543"},"modified":"2024-09-28T06:03:37","modified_gmt":"2024-09-28T06:03:37","slug":"pure-peanut-butter","status":"publish","type":"product","link":"https:\/\/www.peanutoem.com\/sq\/manufacturer\/pure-peanut-butter\/","title":{"rendered":"Gjalp\u00eb kikiriku i past\u00ebr"},"content":{"rendered":"<h3>Gjalp\u00eb kikiriku i past\u00ebr \u2013 Ofruesi kryesor i OEM &amp; Prodhuesi i etiketave private<\/h3>\n<p>Ne jemi te specializuar n\u00eb prodhimin dhe furnizimin e gjalpit t\u00eb past\u00ebr t\u00eb kikirikut si nj\u00eb ofrues i besuesh\u00ebm OEM, prodhues dhe eksportues i etiket\u00ebs private. Produktet tona jan\u00eb b\u00ebr\u00eb me kikirik\u00eb 100%, duke ofruar cil\u00ebsi dhe autenticitet t\u00eb pakrahasuesh\u00ebm p\u00ebr mark\u00ebn tuaj. Me aft\u00ebsi t\u00eb avancuara prodhimi dhe certifikime globale, ne i p\u00ebrshtatim zgjidhjet tona t\u00eb gjalpit t\u00eb kikirikut p\u00ebr k\u00ebrkesat tuaja specifike.<\/p>\n<h3>\u00c7far\u00eb \u00ebsht\u00eb gjalpi i past\u00ebr i kikirikut?<\/h3>\n<p><strong>I past\u00ebr <a href=\"https:\/\/www.peanutoem.com\/sq\/Wholesale\/peanut-butter\/\" target=\"_blank\" rel=\"noopener\">gjalp\u00eb kikiriku<\/a><\/strong> \u00ebsht\u00eb b\u00ebr\u00eb nga 100% <a href=\"https:\/\/en.wikipedia.org\/wiki\/Peanut\" target=\"_blank\" rel=\"noopener\">kikirik\u00ebt<\/a>, pa asnj\u00eb sheqer, vaj ose konservues t\u00eb shtuar. Ofron nj\u00eb shije natyrale, t\u00eb pap\u00ebrpunuar q\u00eb t\u00ebrheq konsumator\u00ebt e nd\u00ebrgjegjsh\u00ebm p\u00ebr sh\u00ebndetin. Ky lloj gjalpi i kikirikut ruan arom\u00ebn e pasur dhe vajrat natyral\u00eb nga kikirik\u00ebt, duke e b\u00ebr\u00eb at\u00eb nj\u00eb zgjedhje popullore p\u00ebr ata q\u00eb k\u00ebrkojn\u00eb produkte me etiketa t\u00eb pastra.<\/p>\n<h3>Cilat jan\u00eb emrat e tjer\u00eb p\u00ebr gjalpin e past\u00ebr t\u00eb kikirikut?<\/h3>\n<p>Gjithashtu njihet me emra t\u00eb ndrysh\u00ebm n\u00ebp\u00ebr rajone dhe industri. Disa nga emrat alternativ\u00eb m\u00eb t\u00eb zakonsh\u00ebm p\u00ebrfshijn\u00eb:<\/p>\n<ul>\n<li><strong>Gjalp\u00eb kikiriku natyral<\/strong><\/li>\n<li><strong>Gjalp\u00eb kikiriku pa sheqer<\/strong><\/li>\n<li><strong>Gjalp\u00eb kikiriku pa shtesa<\/strong><\/li>\n<li><strong>100% gjalp\u00eb kikiriku<\/strong><\/li>\n<\/ul>\n<p>K\u00ebta emra theksojn\u00eb munges\u00ebn e p\u00ebrb\u00ebr\u00ebsve shtes\u00eb, duke theksuar past\u00ebrtin\u00eb e produktit.<\/p>\n<h3>Pse t\u00eb na zgjidhni si furnizuesin tuaj?<\/h3>\n<p>Si ofrues kryesor OEM dhe prodhues privat etiketash, ne ofrojm\u00eb:<\/p>\n<ul>\n<li><strong>Produkte me cil\u00ebsi t\u00eb lart\u00eb:<\/strong> Gjalpi yn\u00eb i past\u00ebr i kikirikut p\u00ebrmban kikirik\u00eb t\u00eb zgjedhur 100%, pa sheqerna, vajra ose konservues t\u00eb shtuar.<\/li>\n<li><strong>Zgjidhje t\u00eb personalizueshme:<\/strong> Ne ofrojm\u00eb opsione fleksib\u00ebl paketimi, duke p\u00ebrfshir\u00eb kavanoza, teneqe dhe kova, n\u00eb madh\u00ebsi t\u00eb ndryshme p\u00ebr t\u00eb p\u00ebrmbushur k\u00ebrkesat e tregut.<\/li>\n<li><strong>Globale <a href=\"https:\/\/www.peanutoem.com\/sq\/certificate\/\" target=\"_blank\" rel=\"noopener\">Certifikatat<\/a>:<\/strong> Certifikatat tona, duke p\u00ebrfshir\u00eb HACCP, BRCGS, Halal dhe Kosher, sigurojn\u00eb sigurin\u00eb e produktit dhe cil\u00ebsin\u00eb premium.<\/li>\n<li><strong>Kapaciteti i madh prodhues:<\/strong> Ne mund t\u00eb trajtojm\u00eb n\u00eb m\u00ebnyr\u00eb efikase porosit\u00eb e vogla dhe ato me shumic\u00eb, duke plot\u00ebsuar nevojat e ndryshme t\u00eb klient\u00ebve.<\/li>\n<li><strong>Ekspertiza n\u00eb Eksportet Globale:<\/strong> Ne kemi p\u00ebrvoj\u00eb t\u00eb gjer\u00eb n\u00eb shp\u00ebrndarjen e gjalpit t\u00eb kikirikut me cil\u00ebsi t\u00eb lart\u00eb p\u00ebr klient\u00ebt n\u00eb mbar\u00eb bot\u00ebn.<\/li>\n<\/ul>\n<h3>FAQ rreth rolit ton\u00eb t\u00eb biznesit si prodhues dhe shit\u00ebs me shumic\u00eb<\/h3>\n<ol>\n<li><strong>Pse jeni nj\u00eb ofrues kryesor OEM n\u00eb industrin\u00eb e gjalpit t\u00eb kikirikut?<\/strong><br \/>\nNe prodhojm\u00eb gjalp\u00eb kikiriku p\u00ebr markat n\u00ebn etiket\u00ebn e tyre, duke siguruar zgjidhje t\u00eb personalizuara t\u00eb produkteve.<\/li>\n<li><strong>A ofroni sh\u00ebrbime t\u00eb etiket\u00ebs private?<\/strong><br \/>\nPo, ne jemi t\u00eb specializuar n\u00eb zgjidhje fleksib\u00ebl t\u00eb etiketave private p\u00ebr t&#039;ju ndihmuar t\u00eb krijoni gjalpin e kikirikut tuaj t\u00eb mark\u00ebs.<\/li>\n<li><strong>\u00c7far\u00eb p\u00ebrb\u00ebr\u00ebsish p\u00ebrdorni?<\/strong><br \/>\nGjalpi yn\u00eb i past\u00ebr i kikirikut p\u00ebrb\u00ebhet nga kikirik\u00eb t\u00eb zgjedhur 100%, pa asnj\u00eb sheqer, vaj ose konservues t\u00eb shtuar.<\/li>\n<li><strong>Si mund ta personalizoj paketimin tim?<\/strong><br \/>\nJu mund t\u00eb zgjidhni nga opsionet dhe madh\u00ebsit\u00eb e ndryshme t\u00eb paketimit, t\u00eb p\u00ebrshtatura p\u00ebr nevojat tuaja, nga shitja me pakic\u00eb n\u00eb mas\u00eb.<\/li>\n<li><strong>Cila \u00ebsht\u00eb sasia minimale e porosis\u00eb (MOQ)?<\/strong><br \/>\nMOQ \u00ebsht\u00eb nj\u00eb ton, duke siguruar fleksibilitet p\u00ebr bizneset e vogla dhe t\u00eb m\u00ebdha.<\/li>\n<li><strong>\u00c7far\u00eb e b\u00ebn t\u00eb dallohet gjalpi juaj i past\u00ebr i kikirikut?<\/strong><br \/>\nAngazhimi yn\u00eb p\u00ebr cil\u00ebsin\u00eb, certifikatat globale dhe zgjidhjet e p\u00ebrshtatura t\u00eb etiketave private na dallojn\u00eb nga konkurrent\u00ebt.<\/li>\n<li><strong>Sa koh\u00eb duhet p\u00ebr t\u00eb p\u00ebrpunuar nj\u00eb porosi?<\/strong><br \/>\nKoh\u00ebt e dor\u00ebzimit variojn\u00eb nga 7 deri n\u00eb 20 dit\u00eb, n\u00eb var\u00ebsi t\u00eb madh\u00ebsis\u00eb s\u00eb porosis\u00eb dhe k\u00ebrkesave t\u00eb paketimit.<\/li>\n<li><strong>A mund t\u00eb k\u00ebrkoj mostra p\u00ebrpara se t\u00eb b\u00ebj nj\u00eb porosi?<\/strong><br \/>\nPo, ne ofrojm\u00eb mostra falas t\u00eb gjalpit ton\u00eb t\u00eb past\u00ebr t\u00eb kikirikut p\u00ebr vler\u00ebsimin e cil\u00ebsis\u00eb p\u00ebrpara se t\u00eb b\u00ebjm\u00eb nj\u00eb porosi me shumic\u00eb.<\/li>\n<li><strong>A eksportoni globalisht?<\/strong><br \/>\nAbsolutisht! Ne kemi p\u00ebrvoj\u00eb n\u00eb eksportimin e gjalpit t\u00eb past\u00ebr t\u00eb kikirikut me cil\u00ebsi t\u00eb lart\u00eb p\u00ebr klient\u00ebt n\u00eb mbar\u00eb bot\u00ebn.<\/li>\n<\/ol>\n<h3>Pse gjalp\u00eb kikiriku i past\u00ebr?<\/h3>\n<p>Gjalpi i past\u00ebr i kikirikut \u00ebsht\u00eb opsioni m\u00eb i mir\u00eb p\u00ebr konsumator\u00ebt me kujdes sh\u00ebndet\u00ebsor q\u00eb k\u00ebrkojn\u00eb nj\u00eb produkt natyral pa aditiv\u00eb. \u00cbsht\u00eb i pasur me proteina, yndyrna t\u00eb sh\u00ebndetshme dhe l\u00ebnd\u00eb ushqyese thelb\u00ebsore, duke e b\u00ebr\u00eb at\u00eb nj\u00eb p\u00ebrb\u00ebr\u00ebs t\u00eb gjithansh\u00ebm n\u00eb kuzhinat n\u00eb mbar\u00eb bot\u00ebn. Nd\u00ebrsa konsumator\u00ebt fokusohen m\u00eb shum\u00eb n\u00eb etiketat e pastra, k\u00ebrkesa p\u00ebr produkte me baz\u00eb kikiriku 100% vazhdon t\u00eb rritet.<\/p>\n<p>Ne sigurojm\u00eb q\u00eb gjalpi yn\u00eb i past\u00ebr i kikirikut t\u00eb plot\u00ebsoj\u00eb k\u00ebto k\u00ebrkesa, duke ofruar nj\u00eb produkt q\u00eb \u00ebsht\u00eb sa m\u00eb af\u00ebr natyr\u00ebs, nd\u00ebrsa \u00ebsht\u00eb plot\u00ebsisht i personalizuesh\u00ebm p\u00ebr nevojat e mark\u00ebs suaj. Pavar\u00ebsisht n\u00ebse po k\u00ebrkoni t\u00eb zgjeroni ofertat e mark\u00ebs tuaj ose t\u00eb hyni n\u00eb tregje t\u00eb reja, ne kemi kapacitetin, ekspertiz\u00ebn dhe certifikatat p\u00ebr ta realizuar at\u00eb.<\/p>\n<a href=\"mailto:globepeanut@gmail.com\" class=\"button primary is-primary is-medium\"  >\n    <span>Na d\u00ebrgoni me email<\/span>\n  <\/a>","protected":false},"excerpt":{"rendered":"<table width=\"564\">\n<tbody>\n<tr>\n<td width=\"113\"><strong>Emri i produktit<\/strong><\/td>\n<td width=\"402\">Gjalp\u00eb kikiriku i past\u00ebr<\/td>\n<\/tr>\n<tr>\n<td width=\"113\"><strong>P\u00ebrb\u00ebr\u00ebsit<\/strong><\/td>\n<td width=\"402\">Gjalp\u00eb kikiriku t\u00eb zgjedhur<\/td>\n<\/tr>\n<tr>\n<td width=\"113\"><strong>Specifikimet<\/strong><\/td>\n<td width=\"402\">10 kgx1, 20 kgx1, 22 kgx1,220 kgx1<\/td>\n<\/tr>\n<tr>\n<td width=\"113\"><strong>Formulari i paketimit<\/strong><\/td>\n<td width=\"402\">Kavanoz, kov\u00eb, qese, karton, fu\u00e7i, shishe etj<\/td>\n<\/tr>\n<tr>\n<td width=\"113\"><strong>Koha e dor\u00ebzimit<\/strong><\/td>\n<td width=\"402\">7-20 dit\u00eb pas porosis\u00eb<\/td>\n<\/tr>\n<tr>\n<td width=\"113\"><strong>MOQ<\/strong><\/td>\n<td width=\"402\">Nj\u00eb ton<\/td>\n<\/tr>\n<tr>\n<td width=\"113\"><strong>Mostra<\/strong><\/td>\n<td width=\"402\">Mostra falas n\u00eb dispozicion<\/td>\n<\/tr>\n<tr>\n<td width=\"113\"><strong>OEM<\/strong><\/td>\n<td width=\"402\">Etiketa e bler\u00ebsit pranohet<\/td>\n<\/tr>\n<\/tbody>\n<\/table>","protected":false},"featured_media":1659,"comment_status":"open","ping_status":"closed","template":"","meta":[],"product_cat":[15],"product_tag":[],"class_list":{"0":"post-1543","1":"product","2":"type-product","3":"status-publish","4":"has-post-thumbnail","6":"product_cat-peanut-butter","8":"first","9":"instock","10":"shipping-taxable","11":"product-type-simple"},"yoast_head":"<!-- This site is optimized with the Yoast SEO plugin v24.9 - https:\/\/yoast.com\/wordpress\/plugins\/seo\/ -->\n<title>Pure Peanut Butter OEM Producer - Peanut Butter Factory<\/title>\n<meta name=\"description\" content=\"As a top OEM manufacturer and exporter, we supply pure peanut butter made from 100% peanuts. Customizable private label solutions for your business needs.\" \/>\n<meta name=\"robots\" content=\"index, follow, max-snippet:-1, max-image-preview:large, max-video-preview:-1\" \/>\n<link rel=\"canonical\" href=\"https:\/\/www.peanutoem.com\/sq\/manufacturer\/pure-peanut-butter\/\" \/>\n<meta property=\"og:locale\" content=\"sq_AL\" \/>\n<meta property=\"og:type\" content=\"article\" \/>\n<meta property=\"og:title\" content=\"Pure Peanut Butter OEM Producer - Peanut Butter Factory\" \/>\n<meta property=\"og:description\" content=\"As a top OEM manufacturer and exporter, we supply pure peanut butter made from 100% peanuts. Customizable private label solutions for your business needs.\" \/>\n<meta property=\"og:url\" content=\"https:\/\/www.peanutoem.com\/sq\/manufacturer\/pure-peanut-butter\/\" \/>\n<meta property=\"og:site_name\" content=\"Peanut Butter Factory\" \/>\n<meta property=\"article:modified_time\" content=\"2024-09-28T06:03:37+00:00\" \/>\n<meta property=\"og:image\" content=\"https:\/\/www.peanutoem.com\/wp-content\/uploads\/2024\/09\/Pure-Peanut-Butter-OEM-Supplier.webp\" \/>\n\t<meta property=\"og:image:width\" content=\"1000\" \/>\n\t<meta property=\"og:image:height\" content=\"1000\" \/>\n\t<meta property=\"og:image:type\" content=\"image\/webp\" \/>\n<meta name=\"twitter:card\" content=\"summary_large_image\" \/>\n<meta name=\"twitter:label1\" content=\"Est. reading time\" \/>\n\t<meta name=\"twitter:data1\" content=\"3 minuta\" \/>\n<script type=\"application\/ld+json\" class=\"yoast-schema-graph\">{\"@context\":\"https:\/\/schema.org\",\"@graph\":[{\"@type\":\"WebPage\",\"@id\":\"https:\/\/www.peanutoem.com\/manufacturer\/pure-peanut-butter\/\",\"url\":\"https:\/\/www.peanutoem.com\/manufacturer\/pure-peanut-butter\/\",\"name\":\"Pure Peanut Butter OEM Producer - Peanut Butter Factory\",\"isPartOf\":{\"@id\":\"https:\/\/www.peanutoem.com\/#website\"},\"primaryImageOfPage\":{\"@id\":\"https:\/\/www.peanutoem.com\/manufacturer\/pure-peanut-butter\/#primaryimage\"},\"image\":{\"@id\":\"https:\/\/www.peanutoem.com\/manufacturer\/pure-peanut-butter\/#primaryimage\"},\"thumbnailUrl\":\"https:\/\/www.peanutoem.com\/wp-content\/uploads\/2024\/09\/Pure-Peanut-Butter-OEM-Supplier.webp\",\"datePublished\":\"2024-09-02T13:37:15+00:00\",\"dateModified\":\"2024-09-28T06:03:37+00:00\",\"description\":\"As a top OEM manufacturer and exporter, we supply pure peanut butter made from 100% peanuts. Customizable private label solutions for your business needs.\",\"breadcrumb\":{\"@id\":\"https:\/\/www.peanutoem.com\/manufacturer\/pure-peanut-butter\/#breadcrumb\"},\"inLanguage\":\"sq\",\"potentialAction\":[{\"@type\":\"ReadAction\",\"target\":[\"https:\/\/www.peanutoem.com\/manufacturer\/pure-peanut-butter\/\"]}]},{\"@type\":\"ImageObject\",\"inLanguage\":\"sq\",\"@id\":\"https:\/\/www.peanutoem.com\/manufacturer\/pure-peanut-butter\/#primaryimage\",\"url\":\"https:\/\/www.peanutoem.com\/wp-content\/uploads\/2024\/09\/Pure-Peanut-Butter-OEM-Supplier.webp\",\"contentUrl\":\"https:\/\/www.peanutoem.com\/wp-content\/uploads\/2024\/09\/Pure-Peanut-Butter-OEM-Supplier.webp\",\"width\":1000,\"height\":1000,\"caption\":\"Pure Peanut Butter OEM Supplier\"},{\"@type\":\"BreadcrumbList\",\"@id\":\"https:\/\/www.peanutoem.com\/manufacturer\/pure-peanut-butter\/#breadcrumb\",\"itemListElement\":[{\"@type\":\"ListItem\",\"position\":1,\"name\":\"Home\",\"item\":\"https:\/\/www.peanutoem.com\/\"},{\"@type\":\"ListItem\",\"position\":2,\"name\":\"Products\",\"item\":\"https:\/\/www.peanutoem.com\/shop\/\"},{\"@type\":\"ListItem\",\"position\":3,\"name\":\"Pure Peanut Butter\"}]},{\"@type\":\"WebSite\",\"@id\":\"https:\/\/www.peanutoem.com\/#website\",\"url\":\"https:\/\/www.peanutoem.com\/\",\"name\":\"Peanut Butter Factory\",\"description\":\"Peanut Butter Manufacturer and Roast Peanut OEM Factory | Peanut Private Label China Supplier\",\"publisher\":{\"@id\":\"https:\/\/www.peanutoem.com\/#organization\"},\"alternateName\":\"Peanut Butter OEM and Wholesale\",\"potentialAction\":[{\"@type\":\"SearchAction\",\"target\":{\"@type\":\"EntryPoint\",\"urlTemplate\":\"https:\/\/www.peanutoem.com\/?s={search_term_string}\"},\"query-input\":{\"@type\":\"PropertyValueSpecification\",\"valueRequired\":true,\"valueName\":\"search_term_string\"}}],\"inLanguage\":\"sq\"},{\"@type\":\"Organization\",\"@id\":\"https:\/\/www.peanutoem.com\/#organization\",\"name\":\"Peanut Butter Factory\",\"alternateName\":\"JuFeng Group\",\"url\":\"https:\/\/www.peanutoem.com\/\",\"logo\":{\"@type\":\"ImageObject\",\"inLanguage\":\"sq\",\"@id\":\"https:\/\/www.peanutoem.com\/#\/schema\/logo\/image\/\",\"url\":\"https:\/\/www.peanutoem.com\/wp-content\/uploads\/2024\/09\/JUFENG-LOGO.png\",\"contentUrl\":\"https:\/\/www.peanutoem.com\/wp-content\/uploads\/2024\/09\/JUFENG-LOGO.png\",\"width\":600,\"height\":170,\"caption\":\"Peanut Butter Factory\"},\"image\":{\"@id\":\"https:\/\/www.peanutoem.com\/#\/schema\/logo\/image\/\"}}]}<\/script>\n<!-- \/ Yoast SEO plugin. -->","yoast_head_json":{"title":"Pure Peanut Butter OEM Producer - Peanut Butter Factory","description":"As a top OEM manufacturer and exporter, we supply pure peanut butter made from 100% peanuts. Customizable private label solutions for your business needs.","robots":{"index":"index","follow":"follow","max-snippet":"max-snippet:-1","max-image-preview":"max-image-preview:large","max-video-preview":"max-video-preview:-1"},"canonical":"https:\/\/www.peanutoem.com\/sq\/manufacturer\/pure-peanut-butter\/","og_locale":"sq_AL","og_type":"article","og_title":"Pure Peanut Butter OEM Producer - Peanut Butter Factory","og_description":"As a top OEM manufacturer and exporter, we supply pure peanut butter made from 100% peanuts. Customizable private label solutions for your business needs.","og_url":"https:\/\/www.peanutoem.com\/sq\/manufacturer\/pure-peanut-butter\/","og_site_name":"Peanut Butter Factory","article_modified_time":"2024-09-28T06:03:37+00:00","og_image":[{"width":1000,"height":1000,"url":"https:\/\/www.peanutoem.com\/wp-content\/uploads\/2024\/09\/Pure-Peanut-Butter-OEM-Supplier.webp","type":"image\/webp"}],"twitter_card":"summary_large_image","twitter_misc":{"Est. reading time":"3 minuta"},"schema":{"@context":"https:\/\/schema.org","@graph":[{"@type":"WebPage","@id":"https:\/\/www.peanutoem.com\/manufacturer\/pure-peanut-butter\/","url":"https:\/\/www.peanutoem.com\/manufacturer\/pure-peanut-butter\/","name":"Pure Peanut Butter OEM Producer - Peanut Butter Factory","isPartOf":{"@id":"https:\/\/www.peanutoem.com\/#website"},"primaryImageOfPage":{"@id":"https:\/\/www.peanutoem.com\/manufacturer\/pure-peanut-butter\/#primaryimage"},"image":{"@id":"https:\/\/www.peanutoem.com\/manufacturer\/pure-peanut-butter\/#primaryimage"},"thumbnailUrl":"https:\/\/www.peanutoem.com\/wp-content\/uploads\/2024\/09\/Pure-Peanut-Butter-OEM-Supplier.webp","datePublished":"2024-09-02T13:37:15+00:00","dateModified":"2024-09-28T06:03:37+00:00","description":"As a top OEM manufacturer and exporter, we supply pure peanut butter made from 100% peanuts. Customizable private label solutions for your business needs.","breadcrumb":{"@id":"https:\/\/www.peanutoem.com\/manufacturer\/pure-peanut-butter\/#breadcrumb"},"inLanguage":"sq","potentialAction":[{"@type":"ReadAction","target":["https:\/\/www.peanutoem.com\/manufacturer\/pure-peanut-butter\/"]}]},{"@type":"ImageObject","inLanguage":"sq","@id":"https:\/\/www.peanutoem.com\/manufacturer\/pure-peanut-butter\/#primaryimage","url":"https:\/\/www.peanutoem.com\/wp-content\/uploads\/2024\/09\/Pure-Peanut-Butter-OEM-Supplier.webp","contentUrl":"https:\/\/www.peanutoem.com\/wp-content\/uploads\/2024\/09\/Pure-Peanut-Butter-OEM-Supplier.webp","width":1000,"height":1000,"caption":"Pure Peanut Butter OEM Supplier"},{"@type":"BreadcrumbList","@id":"https:\/\/www.peanutoem.com\/manufacturer\/pure-peanut-butter\/#breadcrumb","itemListElement":[{"@type":"ListItem","position":1,"name":"Home","item":"https:\/\/www.peanutoem.com\/"},{"@type":"ListItem","position":2,"name":"Products","item":"https:\/\/www.peanutoem.com\/shop\/"},{"@type":"ListItem","position":3,"name":"Pure Peanut Butter"}]},{"@type":"WebSite","@id":"https:\/\/www.peanutoem.com\/#website","url":"https:\/\/www.peanutoem.com\/","name":"Peanut Butter Factory","description":"Peanut Butter Manufacturer and Roast Peanut OEM Factory | Peanut Private Label China Supplier","publisher":{"@id":"https:\/\/www.peanutoem.com\/#organization"},"alternateName":"Peanut Butter OEM and Wholesale","potentialAction":[{"@type":"SearchAction","target":{"@type":"EntryPoint","urlTemplate":"https:\/\/www.peanutoem.com\/?s={search_term_string}"},"query-input":{"@type":"PropertyValueSpecification","valueRequired":true,"valueName":"search_term_string"}}],"inLanguage":"sq"},{"@type":"Organization","@id":"https:\/\/www.peanutoem.com\/#organization","name":"Peanut Butter Factory","alternateName":"JuFeng Group","url":"https:\/\/www.peanutoem.com\/","logo":{"@type":"ImageObject","inLanguage":"sq","@id":"https:\/\/www.peanutoem.com\/#\/schema\/logo\/image\/","url":"https:\/\/www.peanutoem.com\/wp-content\/uploads\/2024\/09\/JUFENG-LOGO.png","contentUrl":"https:\/\/www.peanutoem.com\/wp-content\/uploads\/2024\/09\/JUFENG-LOGO.png","width":600,"height":170,"caption":"Peanut Butter Factory"},"image":{"@id":"https:\/\/www.peanutoem.com\/#\/schema\/logo\/image\/"}}]}},"_links":{"self":[{"href":"https:\/\/www.peanutoem.com\/sq\/wp-json\/wp\/v2\/product\/1543","targetHints":{"allow":["GET"]}}],"collection":[{"href":"https:\/\/www.peanutoem.com\/sq\/wp-json\/wp\/v2\/product"}],"about":[{"href":"https:\/\/www.peanutoem.com\/sq\/wp-json\/wp\/v2\/types\/product"}],"replies":[{"embeddable":true,"href":"https:\/\/www.peanutoem.com\/sq\/wp-json\/wp\/v2\/comments?post=1543"}],"wp:featuredmedia":[{"embeddable":true,"href":"https:\/\/www.peanutoem.com\/sq\/wp-json\/wp\/v2\/media\/1659"}],"wp:attachment":[{"href":"https:\/\/www.peanutoem.com\/sq\/wp-json\/wp\/v2\/media?parent=1543"}],"wp:term":[{"taxonomy":"product_cat","embeddable":true,"href":"https:\/\/www.peanutoem.com\/sq\/wp-json\/wp\/v2\/product_cat?post=1543"},{"taxonomy":"product_tag","embeddable":true,"href":"https:\/\/www.peanutoem.com\/sq\/wp-json\/wp\/v2\/product_tag?post=1543"}],"curies":[{"name":"wp","href":"https:\/\/api.w.org\/{rel}","templated":true}]}}