{"id":1553,"date":"2024-09-02T13:58:23","date_gmt":"2024-09-02T13:58:23","guid":{"rendered":"https:\/\/www.peanutoem.com\/?post_type=product&#038;p=1553"},"modified":"2024-09-24T15:21:33","modified_gmt":"2024-09-24T15:21:33","slug":"roasted-peanut-kernels","status":"publish","type":"product","link":"https:\/\/www.peanutoem.com\/sq\/manufacturer\/roasted-peanut-kernels\/","title":{"rendered":"B\u00ebrthamat e kikirikut t\u00eb pjekur"},"content":{"rendered":"<h3>\u00c7far\u00eb jan\u00eb kokrrat e kikirikut t\u00eb pjekur?<\/h3>\n<p>Kokrrat e kikirikut t\u00eb pjekur jan\u00eb pjesa e ngr\u00ebnshme e l\u00ebvozhg\u00ebs s\u00eb kikirikut q\u00eb \u00ebsht\u00eb pjekur me kujdes. Procesi i pjekjes rrit shum\u00eb shijen dhe shijen e kikirik\u00ebve. Ai u jep kikirik\u00ebve nj\u00eb arom\u00eb t\u00ebrheq\u00ebse t\u00eb arrave dhe nj\u00eb struktur\u00eb krokante, duke i b\u00ebr\u00eb ata nj\u00eb zgjedhje popullore rosti\u00e7eri dhe nj\u00eb p\u00ebrb\u00ebr\u00ebs t\u00eb domosdosh\u00ebm n\u00eb shum\u00eb ushqime. K\u00ebto kokrra t\u00eb pjekura t\u00eb kikirikut kan\u00eb nj\u00eb gam\u00eb t\u00eb gjer\u00eb p\u00ebrdorimesh, nga p\u00ebrgatitja klasike e gjalpit t\u00eb kikirikut deri te kombinimet kreative n\u00eb ushqimet e pjekura dhe karamele, p\u00ebr t&#039;i shtuar nj\u00eb shije unike pjatave t\u00eb shijshme.<\/p>\n<h3>Cilat jan\u00eb emrat e tjer\u00eb p\u00ebr b\u00ebrthamat e kikirikut t\u00eb pjekur?<\/h3>\n<p>Kokrrat e kikirikut t\u00eb pjekur ndonj\u00ebher\u00eb p\u00ebrmenden me emra alternativ\u00eb n\u00eb var\u00ebsi t\u00eb rajonit ose aplikimit t\u00eb tyre. Emrat e zakonsh\u00ebm p\u00ebrfshijn\u00eb:<\/p>\n<ul>\n<li><strong>Kikirik\u00eb t\u00eb pjekur<\/strong> (p\u00ebrdoret n\u00eb vende t\u00eb caktuara)<\/li>\n<li><strong>Kikirik\u00eb t\u00eb that\u00eb t\u00eb pjekur<\/strong><\/li>\n<li><strong>Kikirik\u00eb t\u00eb thekur<\/strong><\/li>\n<li><strong>B\u00ebrthamat e arrave t\u00eb pjekura<\/strong><\/li>\n<\/ul>\n<p>K\u00ebto variacione theksojn\u00eb t\u00eb nj\u00ebjtin produkt t\u00eb shijsh\u00ebm dhe t\u00eb gjithansh\u00ebm t\u00eb b\u00ebr\u00eb nga kikirik\u00eb t\u00eb pjekur, t\u00eb p\u00ebrshtatur p\u00ebr industri dhe shije t\u00eb ndryshme.<\/p>\n<h3>Pse t\u00eb na zgjidhni si furnizuesin tuaj OEM t\u00eb b\u00ebrthamave t\u00eb kikirikut t\u00eb pjekur?<\/h3>\n<p>Zgjedhja <strong>Grupi i Kin\u00ebs JuFeng<\/strong> do t\u00eb thot\u00eb partneritet me nj\u00eb nga furnizuesit m\u00eb t\u00eb besuesh\u00ebm t\u00eb b\u00ebrtham\u00ebs s\u00eb kikirikut t\u00eb pjekur dhe prodhuesit privat\u00eb t\u00eb etiketave. Ja pse ne dallojm\u00eb:<\/p>\n<ul>\n<li><strong>Prodhimi m\u00eb i fundit<\/strong>: Me dy linja prodhimi t\u00eb avancuara t\u00eb importuara nga SHBA, ne ofrojm\u00eb n\u00eb shkall\u00eb t\u00eb gjer\u00eb kokrra kikiriku t\u00eb pjekur vazhdimisht me cil\u00ebsi t\u00eb lart\u00eb.<\/li>\n<li><strong>Zgjidhje OEM t\u00eb personalizueshme<\/strong>: Ne ofrojm\u00eb sh\u00ebrbime fleksib\u00ebl OEM dhe etiketa private, duke i lejuar klient\u00ebt t\u00eb personalizojn\u00eb specifikimet e produktit, paketimin dhe m\u00eb shum\u00eb p\u00ebr t\u00eb p\u00ebrmbushur nevojat specifike t\u00eb tregut.<\/li>\n<li><strong>Certifikatat dhe Pajtueshm\u00ebria<\/strong>: Produktet tona plot\u00ebsojn\u00eb standardet globale t\u00eb siguris\u00eb dhe cil\u00ebsis\u00eb, t\u00eb \u00e7ertifikuara nga certifikatat BRC, HACCP, Kosher, Halal dhe BE Organic.<\/li>\n<li><strong>Eksportues i besuar<\/strong>: Si nj\u00eb eksportues kryesor, ne kemi krijuar partneritete me supermarketet kryesore dhe markat e ushqimit n\u00eb mbar\u00eb bot\u00ebn.<\/li>\n<li><strong>Ekspertiza e Zinxhirit Furnizues<\/strong>: Nga p\u00ebrpunimi n\u00eb magazinim, ne sigurojm\u00eb dor\u00ebzim n\u00eb koh\u00eb dhe kontroll t\u00eb cil\u00ebsis\u00eb me pajisjet tona t\u00eb nd\u00ebrtuara vet\u00eb t\u00eb kontrolluara nga temperatura.<\/li>\n<\/ul>\n<h3>Tema t\u00eb nxehta rreth b\u00ebrthamave t\u00eb kikirikut t\u00eb pjekur<\/h3>\n<ul>\n<li><strong>Q\u00ebndrueshm\u00ebria n\u00eb Bujq\u00ebsin\u00eb e Kikirikut<\/strong>: Kokrrat e pjekura t\u00eb kikirikut, si produktet e tjera t\u00eb kikirikut, kan\u00eb nj\u00eb ndikim t\u00eb ul\u00ebt mjedisor n\u00eb krahasim me arrat e tjera, duke i b\u00ebr\u00eb ato nj\u00eb zgjedhje miq\u00ebsore me mjedisin p\u00ebr prodhuesit e ushqimeve.<\/li>\n<li><strong>P\u00ebrfitimet sh\u00ebndet\u00ebsore<\/strong>: Kikirik\u00ebt e pjekur jan\u00eb t\u00eb pasur me proteina, yndyrna t\u00eb sh\u00ebndetshme dhe fibra, duke u ofruar konsumator\u00ebve nj\u00eb mund\u00ebsi ushqimi t\u00eb mir\u00eb.<\/li>\n<li><strong>Inovacione n\u00eb p\u00ebrpunimin e kikirikut<\/strong>: Industria e kikirikut po evoluon vazhdimisht me teknika t\u00eb reja pjekjeje q\u00eb p\u00ebrmir\u00ebsojn\u00eb shijen duke ruajtur l\u00ebnd\u00ebt ushqyese.<\/li>\n<\/ul>\n<h3>Zgjedhja e nesh dhe fakte rreth b\u00ebrthamave t\u00eb kikirikut t\u00eb pjekur<\/h3>\n<p><strong>1. \u00c7far\u00eb e b\u00ebn China JuFeng Group nj\u00eb furnizues kryesor t\u00eb kokrrave t\u00eb kikirikut t\u00eb pjekur?<\/strong><br \/>\nNe kombinojm\u00eb teknologjin\u00eb m\u00eb t\u00eb fundit, p\u00ebrvoj\u00ebn e madhe dhe personalizimin superior t\u00eb produktit p\u00ebr t\u00eb ofruar kokrra kikiriku t\u00eb pjekur me cil\u00ebsi t\u00eb lart\u00eb n\u00eb tregjet globale.<\/p>\n<p><strong>2. A ofroni sh\u00ebrbime t\u00eb etiket\u00ebs private p\u00ebr kokrrat e kikirikut t\u00eb pjekur?<\/strong><br \/>\nPo, ne ofrojm\u00eb zgjidhje fleksib\u00ebl t\u00eb etiketave private, duke ju lejuar t\u00eb p\u00ebrshtatni specifikimet e paketimit, mark\u00ebs dhe b\u00ebrtham\u00ebs s\u00eb produktit p\u00ebr t&#039;iu p\u00ebrshtatur nevojave t\u00eb mark\u00ebs suaj.<\/p>\n<p><strong>3. A mund t\u00eb porosis nga ju kokrra kikiriku t\u00eb pjekur me shumic\u00eb?<\/strong><br \/>\nAbsolutisht, ne ofrojm\u00eb opsione t\u00eb blerjeve me shumic\u00eb p\u00ebr t&#039;u kujdesur p\u00ebr bizneset e t\u00eb gjitha madh\u00ebsive, duke p\u00ebrfshir\u00eb shit\u00ebsit me pakic\u00eb, shit\u00ebsit me shumic\u00eb dhe prodhuesit e ushqimit.<\/p>\n<p><strong>4. \u00c7far\u00eb v\u00ebrtetimesh kan\u00eb kokrrat e kikirikut tuaj t\u00eb pjekur?<\/strong><br \/>\nProduktet tona plot\u00ebsojn\u00eb standardet dhe \u00e7ertifikatat strikte nd\u00ebrkomb\u00ebtare duke p\u00ebrfshir\u00eb HACCP, BRC, Kosher, Halal dhe EU Organic.<\/p>\n<p><strong>5. Si e siguroni cil\u00ebsin\u00eb e kokrrave t\u00eb kikirikut tuaj t\u00eb pjekur?<\/strong><br \/>\nNe kemi nj\u00eb laborator t\u00eb dedikuar t\u00eb brendsh\u00ebm p\u00ebr t\u00eb kryer testime t\u00eb plota, duke siguruar q\u00eb \u00e7do grup t\u00eb plot\u00ebsoj\u00eb standardet e larta ndijore, fizike, kimike dhe mikrobike.<\/p>\n<p><strong>6. A mund ta personalizoni nivelin e pjekjes s\u00eb kokrrave t\u00eb kikirikut?<\/strong><br \/>\nPo, ne ofrojm\u00eb nivele pjekjeje t\u00eb personalizueshme (pjekje e leht\u00eb, mesatare ose e err\u00ebt) bazuar n\u00eb preferencat e klient\u00ebve dhe k\u00ebrkesat e tregut.<\/p>\n<p><strong>7. Si ruhen kokrrat e kikirikut tuaj t\u00eb pjekur p\u00ebr t\u00eb ruajtur freskin\u00eb?<\/strong><br \/>\nB\u00ebrthamat tona ruhen n\u00eb ambiente t\u00eb kontrolluara nga temperatura q\u00eb parandalojn\u00eb prishjen dhe ruajn\u00eb integritetin e produktit gjat\u00eb transportit dhe trajtimit.<\/p>\n<p><strong>8. A eksportoni kokrra kikiriku t\u00eb pjekur nd\u00ebrkomb\u00ebtarisht?<\/strong><br \/>\nPo, ne jemi nj\u00eb eksportues me p\u00ebrvoj\u00eb me nj\u00eb rrjet global, duke furnizuar kokrra kikiriku t\u00eb pjekur n\u00eb nj\u00eb s\u00ebr\u00eb tregjesh n\u00ebp\u00ebr kontinente t\u00eb ndryshme.<\/p>\n<p><strong>9. A jan\u00eb kokrrat tuaja t\u00eb pjekura t\u00eb kikirikut t\u00eb p\u00ebrshtatshme p\u00ebr t&#039;u p\u00ebrdorur n\u00eb prodhimin e gjalpit t\u00eb kikirikut?<\/strong><br \/>\nAbsolutisht, kokrrat tona t\u00eb pjekura t\u00eb kikirikut jan\u00eb ideale p\u00ebr t&#039;u p\u00ebrdorur n\u00eb prodhimin e gjalpit t\u00eb kikirikut, duke ofruar shije dhe cil\u00ebsi superiore.<\/p>","protected":false},"excerpt":{"rendered":"<p>Ne jemi prodhues dhe furnizues t\u00eb b\u00ebrthamave t\u00eb kikirikut t\u00eb pjekur n\u00eb Kin\u00eb<\/p>\n<p>- MOQ: 1 ton<br \/>\n\u2013 Ofrohet sh\u00ebrbim OEM\/ODM<br \/>\n- Mostra falas n\u00eb dispozicion<br \/>\n- Pranoni personalizimin (specifikimet, ngjyra, madh\u00ebsit\u00eb, paketimi, dizajni, etj.)<\/p>\n<p>N\u00ebse d\u00ebshironi t\u00eb merrni b\u00ebrthamat e kikirikut t\u00eb pjekur, ju lutemi na kontaktoni.<\/p>","protected":false},"featured_media":1697,"comment_status":"open","ping_status":"closed","template":"","meta":[],"product_cat":[37],"product_tag":[],"class_list":{"0":"post-1553","1":"product","2":"type-product","3":"status-publish","4":"has-post-thumbnail","6":"product_cat-roasted-peanut","8":"first","9":"instock","10":"featured","11":"shipping-taxable","12":"product-type-simple"},"yoast_head":"<!-- This site is optimized with the Yoast SEO plugin v24.9 - https:\/\/yoast.com\/wordpress\/plugins\/seo\/ -->\n<title>Roasted Peanut Kernels - Peanut Butter Factory<\/title>\n<meta name=\"description\" content=\"Premium Roasted Peanut Kernels OEM supplier, private label manufacturer, and exporter. Choose us for superior quality and customizable options.\" \/>\n<meta name=\"robots\" content=\"index, follow, max-snippet:-1, max-image-preview:large, max-video-preview:-1\" \/>\n<link rel=\"canonical\" href=\"https:\/\/www.peanutoem.com\/sq\/manufacturer\/roasted-peanut-kernels\/\" \/>\n<meta property=\"og:locale\" content=\"sq_AL\" \/>\n<meta property=\"og:type\" content=\"article\" \/>\n<meta property=\"og:title\" content=\"Roasted Peanut Kernels - Peanut Butter Factory\" \/>\n<meta property=\"og:description\" content=\"Premium Roasted Peanut Kernels OEM supplier, private label manufacturer, and exporter. Choose us for superior quality and customizable options.\" \/>\n<meta property=\"og:url\" content=\"https:\/\/www.peanutoem.com\/sq\/manufacturer\/roasted-peanut-kernels\/\" \/>\n<meta property=\"og:site_name\" content=\"Peanut Butter Factory\" \/>\n<meta property=\"article:modified_time\" content=\"2024-09-24T15:21:33+00:00\" \/>\n<meta property=\"og:image\" content=\"https:\/\/www.peanutoem.com\/wp-content\/uploads\/2024\/09\/Roasted-Peanut-Kernels-on-plate-scaled.webp\" \/>\n\t<meta property=\"og:image:width\" content=\"2560\" \/>\n\t<meta property=\"og:image:height\" content=\"1707\" \/>\n\t<meta property=\"og:image:type\" content=\"image\/webp\" \/>\n<meta name=\"twitter:card\" content=\"summary_large_image\" \/>\n<meta name=\"twitter:label1\" content=\"Est. reading time\" \/>\n\t<meta name=\"twitter:data1\" content=\"3 minuta\" \/>\n<script type=\"application\/ld+json\" class=\"yoast-schema-graph\">{\"@context\":\"https:\/\/schema.org\",\"@graph\":[{\"@type\":\"WebPage\",\"@id\":\"https:\/\/www.peanutoem.com\/manufacturer\/roasted-peanut-kernels\/\",\"url\":\"https:\/\/www.peanutoem.com\/manufacturer\/roasted-peanut-kernels\/\",\"name\":\"Roasted Peanut Kernels - Peanut Butter Factory\",\"isPartOf\":{\"@id\":\"https:\/\/www.peanutoem.com\/#website\"},\"primaryImageOfPage\":{\"@id\":\"https:\/\/www.peanutoem.com\/manufacturer\/roasted-peanut-kernels\/#primaryimage\"},\"image\":{\"@id\":\"https:\/\/www.peanutoem.com\/manufacturer\/roasted-peanut-kernels\/#primaryimage\"},\"thumbnailUrl\":\"https:\/\/www.peanutoem.com\/wp-content\/uploads\/2024\/09\/Roasted-Peanut-Kernels-on-plate-scaled.webp\",\"datePublished\":\"2024-09-02T13:58:23+00:00\",\"dateModified\":\"2024-09-24T15:21:33+00:00\",\"description\":\"Premium Roasted Peanut Kernels OEM supplier, private label manufacturer, and exporter. Choose us for superior quality and customizable options.\",\"breadcrumb\":{\"@id\":\"https:\/\/www.peanutoem.com\/manufacturer\/roasted-peanut-kernels\/#breadcrumb\"},\"inLanguage\":\"sq\",\"potentialAction\":[{\"@type\":\"ReadAction\",\"target\":[\"https:\/\/www.peanutoem.com\/manufacturer\/roasted-peanut-kernels\/\"]}]},{\"@type\":\"ImageObject\",\"inLanguage\":\"sq\",\"@id\":\"https:\/\/www.peanutoem.com\/manufacturer\/roasted-peanut-kernels\/#primaryimage\",\"url\":\"https:\/\/www.peanutoem.com\/wp-content\/uploads\/2024\/09\/Roasted-Peanut-Kernels-on-plate-scaled.webp\",\"contentUrl\":\"https:\/\/www.peanutoem.com\/wp-content\/uploads\/2024\/09\/Roasted-Peanut-Kernels-on-plate-scaled.webp\",\"width\":2560,\"height\":1707,\"caption\":\"Roasted Peanut Kernels on plate\"},{\"@type\":\"BreadcrumbList\",\"@id\":\"https:\/\/www.peanutoem.com\/manufacturer\/roasted-peanut-kernels\/#breadcrumb\",\"itemListElement\":[{\"@type\":\"ListItem\",\"position\":1,\"name\":\"Home\",\"item\":\"https:\/\/www.peanutoem.com\/\"},{\"@type\":\"ListItem\",\"position\":2,\"name\":\"Products\",\"item\":\"https:\/\/www.peanutoem.com\/shop\/\"},{\"@type\":\"ListItem\",\"position\":3,\"name\":\"Roasted Peanut Kernels\"}]},{\"@type\":\"WebSite\",\"@id\":\"https:\/\/www.peanutoem.com\/#website\",\"url\":\"https:\/\/www.peanutoem.com\/\",\"name\":\"Peanut Butter Factory\",\"description\":\"Peanut Butter Manufacturer and Roast Peanut OEM Factory | Peanut Private Label China Supplier\",\"publisher\":{\"@id\":\"https:\/\/www.peanutoem.com\/#organization\"},\"alternateName\":\"Peanut Butter OEM and Wholesale\",\"potentialAction\":[{\"@type\":\"SearchAction\",\"target\":{\"@type\":\"EntryPoint\",\"urlTemplate\":\"https:\/\/www.peanutoem.com\/?s={search_term_string}\"},\"query-input\":{\"@type\":\"PropertyValueSpecification\",\"valueRequired\":true,\"valueName\":\"search_term_string\"}}],\"inLanguage\":\"sq\"},{\"@type\":\"Organization\",\"@id\":\"https:\/\/www.peanutoem.com\/#organization\",\"name\":\"Peanut Butter Factory\",\"alternateName\":\"JuFeng Group\",\"url\":\"https:\/\/www.peanutoem.com\/\",\"logo\":{\"@type\":\"ImageObject\",\"inLanguage\":\"sq\",\"@id\":\"https:\/\/www.peanutoem.com\/#\/schema\/logo\/image\/\",\"url\":\"https:\/\/www.peanutoem.com\/wp-content\/uploads\/2024\/09\/JUFENG-LOGO.png\",\"contentUrl\":\"https:\/\/www.peanutoem.com\/wp-content\/uploads\/2024\/09\/JUFENG-LOGO.png\",\"width\":600,\"height\":170,\"caption\":\"Peanut Butter Factory\"},\"image\":{\"@id\":\"https:\/\/www.peanutoem.com\/#\/schema\/logo\/image\/\"}}]}<\/script>\n<!-- \/ Yoast SEO plugin. -->","yoast_head_json":{"title":"Roasted Peanut Kernels - Peanut Butter Factory","description":"Premium Roasted Peanut Kernels OEM supplier, private label manufacturer, and exporter. Choose us for superior quality and customizable options.","robots":{"index":"index","follow":"follow","max-snippet":"max-snippet:-1","max-image-preview":"max-image-preview:large","max-video-preview":"max-video-preview:-1"},"canonical":"https:\/\/www.peanutoem.com\/sq\/manufacturer\/roasted-peanut-kernels\/","og_locale":"sq_AL","og_type":"article","og_title":"Roasted Peanut Kernels - Peanut Butter Factory","og_description":"Premium Roasted Peanut Kernels OEM supplier, private label manufacturer, and exporter. Choose us for superior quality and customizable options.","og_url":"https:\/\/www.peanutoem.com\/sq\/manufacturer\/roasted-peanut-kernels\/","og_site_name":"Peanut Butter Factory","article_modified_time":"2024-09-24T15:21:33+00:00","og_image":[{"width":2560,"height":1707,"url":"https:\/\/www.peanutoem.com\/wp-content\/uploads\/2024\/09\/Roasted-Peanut-Kernels-on-plate-scaled.webp","type":"image\/webp"}],"twitter_card":"summary_large_image","twitter_misc":{"Est. reading time":"3 minuta"},"schema":{"@context":"https:\/\/schema.org","@graph":[{"@type":"WebPage","@id":"https:\/\/www.peanutoem.com\/manufacturer\/roasted-peanut-kernels\/","url":"https:\/\/www.peanutoem.com\/manufacturer\/roasted-peanut-kernels\/","name":"Roasted Peanut Kernels - Peanut Butter Factory","isPartOf":{"@id":"https:\/\/www.peanutoem.com\/#website"},"primaryImageOfPage":{"@id":"https:\/\/www.peanutoem.com\/manufacturer\/roasted-peanut-kernels\/#primaryimage"},"image":{"@id":"https:\/\/www.peanutoem.com\/manufacturer\/roasted-peanut-kernels\/#primaryimage"},"thumbnailUrl":"https:\/\/www.peanutoem.com\/wp-content\/uploads\/2024\/09\/Roasted-Peanut-Kernels-on-plate-scaled.webp","datePublished":"2024-09-02T13:58:23+00:00","dateModified":"2024-09-24T15:21:33+00:00","description":"Premium Roasted Peanut Kernels OEM supplier, private label manufacturer, and exporter. Choose us for superior quality and customizable options.","breadcrumb":{"@id":"https:\/\/www.peanutoem.com\/manufacturer\/roasted-peanut-kernels\/#breadcrumb"},"inLanguage":"sq","potentialAction":[{"@type":"ReadAction","target":["https:\/\/www.peanutoem.com\/manufacturer\/roasted-peanut-kernels\/"]}]},{"@type":"ImageObject","inLanguage":"sq","@id":"https:\/\/www.peanutoem.com\/manufacturer\/roasted-peanut-kernels\/#primaryimage","url":"https:\/\/www.peanutoem.com\/wp-content\/uploads\/2024\/09\/Roasted-Peanut-Kernels-on-plate-scaled.webp","contentUrl":"https:\/\/www.peanutoem.com\/wp-content\/uploads\/2024\/09\/Roasted-Peanut-Kernels-on-plate-scaled.webp","width":2560,"height":1707,"caption":"Roasted Peanut Kernels on plate"},{"@type":"BreadcrumbList","@id":"https:\/\/www.peanutoem.com\/manufacturer\/roasted-peanut-kernels\/#breadcrumb","itemListElement":[{"@type":"ListItem","position":1,"name":"Home","item":"https:\/\/www.peanutoem.com\/"},{"@type":"ListItem","position":2,"name":"Products","item":"https:\/\/www.peanutoem.com\/shop\/"},{"@type":"ListItem","position":3,"name":"Roasted Peanut Kernels"}]},{"@type":"WebSite","@id":"https:\/\/www.peanutoem.com\/#website","url":"https:\/\/www.peanutoem.com\/","name":"Peanut Butter Factory","description":"Peanut Butter Manufacturer and Roast Peanut OEM Factory | Peanut Private Label China Supplier","publisher":{"@id":"https:\/\/www.peanutoem.com\/#organization"},"alternateName":"Peanut Butter OEM and Wholesale","potentialAction":[{"@type":"SearchAction","target":{"@type":"EntryPoint","urlTemplate":"https:\/\/www.peanutoem.com\/?s={search_term_string}"},"query-input":{"@type":"PropertyValueSpecification","valueRequired":true,"valueName":"search_term_string"}}],"inLanguage":"sq"},{"@type":"Organization","@id":"https:\/\/www.peanutoem.com\/#organization","name":"Peanut Butter Factory","alternateName":"JuFeng Group","url":"https:\/\/www.peanutoem.com\/","logo":{"@type":"ImageObject","inLanguage":"sq","@id":"https:\/\/www.peanutoem.com\/#\/schema\/logo\/image\/","url":"https:\/\/www.peanutoem.com\/wp-content\/uploads\/2024\/09\/JUFENG-LOGO.png","contentUrl":"https:\/\/www.peanutoem.com\/wp-content\/uploads\/2024\/09\/JUFENG-LOGO.png","width":600,"height":170,"caption":"Peanut Butter Factory"},"image":{"@id":"https:\/\/www.peanutoem.com\/#\/schema\/logo\/image\/"}}]}},"_links":{"self":[{"href":"https:\/\/www.peanutoem.com\/sq\/wp-json\/wp\/v2\/product\/1553","targetHints":{"allow":["GET"]}}],"collection":[{"href":"https:\/\/www.peanutoem.com\/sq\/wp-json\/wp\/v2\/product"}],"about":[{"href":"https:\/\/www.peanutoem.com\/sq\/wp-json\/wp\/v2\/types\/product"}],"replies":[{"embeddable":true,"href":"https:\/\/www.peanutoem.com\/sq\/wp-json\/wp\/v2\/comments?post=1553"}],"wp:featuredmedia":[{"embeddable":true,"href":"https:\/\/www.peanutoem.com\/sq\/wp-json\/wp\/v2\/media\/1697"}],"wp:attachment":[{"href":"https:\/\/www.peanutoem.com\/sq\/wp-json\/wp\/v2\/media?parent=1553"}],"wp:term":[{"taxonomy":"product_cat","embeddable":true,"href":"https:\/\/www.peanutoem.com\/sq\/wp-json\/wp\/v2\/product_cat?post=1553"},{"taxonomy":"product_tag","embeddable":true,"href":"https:\/\/www.peanutoem.com\/sq\/wp-json\/wp\/v2\/product_tag?post=1553"}],"curies":[{"name":"wp","href":"https:\/\/api.w.org\/{rel}","templated":true}]}}