{"id":1554,"date":"2024-09-02T13:59:01","date_gmt":"2024-09-02T13:59:01","guid":{"rendered":"https:\/\/www.peanutoem.com\/?post_type=product&#038;p=1554"},"modified":"2024-09-28T05:11:42","modified_gmt":"2024-09-28T05:11:42","slug":"roasted-blanched-peanut","status":"publish","type":"product","link":"https:\/\/www.peanutoem.com\/sq\/manufacturer\/roasted-blanched-peanut\/","title":{"rendered":"Kikiriku i pjekur i zbardhur"},"content":{"rendered":"<h3><strong>\u00c7far\u00eb \u00ebsht\u00eb Kikiriku i pjekur i zbardhur?<\/strong><\/h3>\n<p>Kikiriku i pjekur i zbardhur i n\u00ebnshtrohet nj\u00eb procesi specifik me dy hapa. S\u00eb pari, kikirik\u00ebt e pap\u00ebrpunuar zbardhen, gj\u00eb q\u00eb p\u00ebrfshin heqjen e l\u00ebkur\u00ebs s\u00eb jashtme p\u00ebrmes ngrohjes dhe mjeteve t\u00eb buta mekanike. M\u00eb pas, ato piqen n\u00eb p\u00ebrsosm\u00ebri, duke rezultuar n\u00eb nj\u00eb arom\u00eb t\u00eb pasur, me arra dhe nj\u00eb struktur\u00eb krokante. K\u00ebta kikirik\u00eb jan\u00eb ideal\u00eb p\u00ebr p\u00ebrdorime t\u00eb ndryshme, duke p\u00ebrfshir\u00eb prodhimin e ushqimeve, \u00ebmb\u00eblsirat, prodhimin e gjalpit t\u00eb kikirikut dhe si p\u00ebrb\u00ebr\u00ebs n\u00eb pjatat e shijshme.<\/p>\n<p>P\u00ebr m\u00eb tep\u00ebr, kikirik\u00ebt e pjekur t\u00eb zbardhur ofrojn\u00eb p\u00ebrfitimin shtes\u00eb t\u00eb nj\u00eb pamjeje t\u00eb past\u00ebr dhe t\u00eb l\u00ebmuar. Kjo cil\u00ebsi i b\u00ebn ato shum\u00eb t\u00eb d\u00ebshirueshme p\u00ebr produkte ku t\u00ebrheqja vizuale dhe uniformiteti jan\u00eb vendimtare.<\/p>\n<h3><strong>Cilat jan\u00eb emrat e tjer\u00eb p\u00ebr kikirik\u00ebt e pjekur t\u00eb zier?<\/strong><\/h3>\n<p>Kikirik\u00ebt e pjekur t\u00eb pjekur mund t\u00eb quhen me disa emra, n\u00eb var\u00ebsi t\u00eb preferencave rajonale ose p\u00ebrdorimit t\u00eb industris\u00eb:<\/p>\n<ul>\n<li>Kikirik\u00eb t\u00eb pjekur pa l\u00ebkur\u00eb<\/li>\n<li>Kikirik\u00eb t\u00eb zbardhur dhe t\u00eb thekur<\/li>\n<li>Kikirik\u00eb t\u00eb bardh\u00eb t\u00eb pjekur<\/li>\n<li>Kikirik\u00eb t\u00eb zbardhur<\/li>\n<li>B\u00ebrthama kikiriku t\u00eb zbardhura<\/li>\n<li>Kikirik\u00eb t\u00eb plot\u00eb t\u00eb zbardhur t\u00eb pjekur<\/li>\n<\/ul>\n<p>K\u00ebta emra pasqyrojn\u00eb procesin e p\u00ebrgatitjes, ku l\u00ebkurat e kikirikut hiqen para pjekjes, duke rezultuar n\u00eb nj\u00eb produkt p\u00ebrfundimtar t\u00eb but\u00eb dhe t\u00ebrheq\u00ebs.<\/p>\n<h3><img loading=\"lazy\" decoding=\"async\" class=\"alignnone wp-image-1702 size-full\" src=\"https:\/\/www.peanutoem.com\/wp-content\/uploads\/2024\/09\/Whole-Roasted-Blanched-Peanut-.webp\" alt=\"Kikiriku i plot\u00eb i pjekur i zbardhur\" width=\"1000\" height=\"1000\" srcset=\"https:\/\/www.peanutoem.com\/wp-content\/uploads\/2024\/09\/Whole-Roasted-Blanched-Peanut-.webp 1000w, https:\/\/www.peanutoem.com\/wp-content\/uploads\/2024\/09\/Whole-Roasted-Blanched-Peanut--300x300.webp 300w, https:\/\/www.peanutoem.com\/wp-content\/uploads\/2024\/09\/Whole-Roasted-Blanched-Peanut--150x150.webp 150w, https:\/\/www.peanutoem.com\/wp-content\/uploads\/2024\/09\/Whole-Roasted-Blanched-Peanut--768x768.webp 768w, https:\/\/www.peanutoem.com\/wp-content\/uploads\/2024\/09\/Whole-Roasted-Blanched-Peanut--12x12.webp 12w, https:\/\/www.peanutoem.com\/wp-content\/uploads\/2024\/09\/Whole-Roasted-Blanched-Peanut--600x600.webp 600w, https:\/\/www.peanutoem.com\/wp-content\/uploads\/2024\/09\/Whole-Roasted-Blanched-Peanut--100x100.webp 100w\" sizes=\"auto, (max-width: 1000px) 100vw, 1000px\" \/><\/h3>\n<h3><strong>Pse t\u00eb na zgjidhni si furnizuesin tuaj OEM t\u00eb Kikirikut t\u00eb Blan\u00e7uar t\u00eb pjekur?<\/strong><\/h3>\n<p>Ne udh\u00ebheqim tregun n\u00eb prodhimin e kikirikut t\u00eb zbardhur t\u00eb pjekur, duke ofruar si gjysma t\u00eb kikirikut t\u00eb zbardhur t\u00eb pjekur t\u00eb pjekur dhe gjysma t\u00eb kikirikut t\u00eb zbardhur t\u00eb pjekur. Ja pse ne jemi partneri juaj m\u00eb i mir\u00eb:<\/p>\n<ul>\n<li><strong>Ekspertiz\u00eb n\u00eb zgjidhjet OEM<\/strong>: Me aft\u00ebsit\u00eb tona t\u00eb avancuara t\u00eb prodhimit, ne ofrojm\u00eb sh\u00ebrbime t\u00eb p\u00ebrshtatura OEM q\u00eb plot\u00ebsojn\u00eb specifikimet e produktit tuaj, nga nivelet e pjekjes deri te k\u00ebrkesat e paketimit.<\/li>\n<li><strong>Prodhim Etiketa Private<\/strong>: Ne jemi t\u00eb specializuar n\u00eb prodhimin e etiketave private, duke u mund\u00ebsuar markave t\u00eb p\u00ebrdorin ekspertiz\u00ebn ton\u00eb nd\u00ebrsa zhvillojn\u00eb produktet e tyre t\u00eb ve\u00e7anta.<\/li>\n<li><strong>Aft\u00ebsit\u00eb globale t\u00eb eksportit<\/strong>: Si nj\u00eb eksportues me p\u00ebrvoj\u00eb, ne u sh\u00ebrbejm\u00eb klient\u00ebve n\u00eb t\u00eb gjith\u00eb globin me logjistik\u00eb efikase dhe cil\u00ebsi t\u00eb q\u00ebndrueshme.<\/li>\n<li><strong>Sigurimi i \u00c7ertifikuar i Cil\u00ebsis\u00eb<\/strong>: Produktet tona jan\u00eb t\u00eb \u00e7ertifikuara sipas standardeve HACCP, BRCGS, Halal, Kosher dhe organike t\u00eb BE-s\u00eb, duke siguruar p\u00ebrputhshm\u00ebri me rregulloret globale t\u00eb siguris\u00eb dhe cil\u00ebsis\u00eb s\u00eb ushqimit.<\/li>\n<li><strong>Q\u00ebndrueshm\u00ebria &amp; Besueshm\u00ebria<\/strong>: Ne i japim p\u00ebrpar\u00ebsi metodave t\u00eb q\u00ebndrueshme t\u00eb prodhimit dhe mbajm\u00eb besueshm\u00ebri t\u00eb fort\u00eb t\u00eb zinxhirit t\u00eb furnizimit p\u00ebr t\u00eb p\u00ebrmbushur nevojat e klient\u00ebve tan\u00eb n\u00eb mbar\u00eb bot\u00ebn.<\/li>\n<\/ul>\n<h3><strong>Tema t\u00eb nxehta rreth kikirik\u00ebve t\u00eb pjekur t\u00eb zier<\/strong><\/h3>\n<ul>\n<li><strong>E t\u00ebr\u00eb kundrejt gjysmave<\/strong>: Kuptimi i rasteve t\u00eb p\u00ebrdorimit p\u00ebr gjysmat e kikirikut t\u00eb zbardhur t\u00eb pjekur kundrejt gjysmave t\u00eb kikirikut t\u00eb zbardhur t\u00eb pjekur \u00ebsht\u00eb thelb\u00ebsor p\u00ebr prodhuesit. Kikirik\u00ebt e plot\u00eb p\u00ebrdoren shpesh n\u00eb produkte ushqimore premium, nd\u00ebrsa gjysmat preferohen p\u00ebr prodhimin e ushqimit, pjekjen dhe gjalpin e kikirikut.<\/li>\n<li><strong>P\u00ebrfitimet sh\u00ebndet\u00ebsore t\u00eb kikirik\u00ebve t\u00eb pjekur t\u00eb zier<\/strong>: Kikirik\u00ebt e zbardhur ruajn\u00eb shum\u00eb nga p\u00ebrfitimet ushqyese t\u00eb kikirik\u00ebve t\u00eb pap\u00ebrpunuar, duke p\u00ebrfshir\u00eb proteinat, yndyrnat e sh\u00ebndetshme dhe vitaminat dhe mineralet thelb\u00ebsore, duke i b\u00ebr\u00eb ata nj\u00eb zgjedhje t\u00eb zgjuar p\u00ebr konsumator\u00ebt e nd\u00ebrgjegjsh\u00ebm p\u00ebr sh\u00ebndetin.<\/li>\n<li><strong>K\u00ebrkesa n\u00eb rritje p\u00ebr p\u00ebrb\u00ebr\u00ebs t\u00eb etiket\u00ebs s\u00eb past\u00ebr<\/strong>: Nd\u00ebrsa m\u00eb shum\u00eb konsumator\u00eb k\u00ebrkojn\u00eb produkte me p\u00ebrpunim minimal, kikirik\u00ebt e pjekur t\u00eb zbardhur jan\u00eb nj\u00eb zgjedhje e shk\u00eblqyer e p\u00ebrb\u00ebr\u00ebsve p\u00ebr ushqimet dhe produktet ushqimore t\u00eb tregtuara si &quot;etiket\u00eb t\u00eb past\u00ebr&quot;.<\/li>\n<li><strong>Q\u00ebndrueshm\u00ebria e kikirikut dhe ndikimi n\u00eb mjedis<\/strong>: Krahasuar me arrat e tjera, kikirik\u00ebt, duke p\u00ebrfshir\u00eb varietetet e zbardhura, k\u00ebrkojn\u00eb m\u00eb pak burime p\u00ebr t&#039;u rritur, duke i b\u00ebr\u00eb ato nj\u00eb zgjedhje t\u00eb q\u00ebndrueshme p\u00ebr kompanit\u00eb ushqimore q\u00eb k\u00ebrkojn\u00eb t\u00eb reduktojn\u00eb gjurm\u00ebt e tyre mjedisore.<\/li>\n<\/ul>\n<h3><strong>Pyetjet e shpeshta rreth rolit ton\u00eb si prodhues kikirik\u00ebsh t\u00eb pjekur t\u00eb zier<\/strong><\/h3>\n<ol>\n<li><strong>Cilat jan\u00eb p\u00ebrfitimet e kikirik\u00ebve t\u00eb zbardhur?<\/strong><br \/>\nKikirik\u00ebt e zbardhur i kan\u00eb hequr l\u00ebkurat, duke ofruar nj\u00eb pamje m\u00eb t\u00eb past\u00ebr dhe struktur\u00eb t\u00eb q\u00ebndrueshme, ideale p\u00ebr ushqime t\u00eb lehta dhe produkte t\u00eb drejtuara nga vizualiteti.<\/li>\n<li><strong>A ofroni opsione t\u00eb etiket\u00ebs private?<\/strong><br \/>\nPo, ne jemi t\u00eb specializuar n\u00eb prodhimin e etiketave private me personalizim t\u00eb plot\u00eb p\u00ebr paketimin dhe specifikimet e mark\u00ebs suaj.<\/li>\n<li><strong>A mund ta personalizoj nivelin e pjekjes?<\/strong><br \/>\nAbsolutisht! Ne ofrojm\u00eb opsione pjekjeje nga drita n\u00eb err\u00ebsir\u00eb, t\u00eb p\u00ebrshtatura p\u00ebr preferencat tuaja dhe nevojat e tregut.<\/li>\n<li><strong>Si e ruani freskin\u00eb?<\/strong><br \/>\nNe i ruajm\u00eb kikirik\u00ebt n\u00eb ambiente t\u00eb kontrolluara nga temperatura p\u00ebr t&#039;u siguruar q\u00eb ato t\u00eb mbeten t\u00eb fresk\u00ebta dhe me cil\u00ebsi t\u00eb lart\u00eb gjat\u00eb ruajtjes dhe transportit.<\/li>\n<li><strong>A eksportoni globalisht?<\/strong><br \/>\nPo, ne kemi p\u00ebrvoj\u00eb t\u00eb gjer\u00eb n\u00eb eksportimin e kikirik\u00ebve t\u00eb zier t\u00eb pjekur n\u00eb tregje t\u00eb ndryshme nd\u00ebrkomb\u00ebtare me logjistik\u00eb efikase.<\/li>\n<li><strong>Cila \u00ebsht\u00eb afati i ruajtjes s\u00eb kikirik\u00ebve tuaj?<\/strong><br \/>\nKikirik\u00ebt tan\u00eb t\u00eb pjekur zgjasin 12 deri n\u00eb 18 muaj kur ruhen si\u00e7 duhet, duke siguruar freski dhe shije t\u00eb q\u00ebndrueshme.<\/li>\n<li><strong>Cilat jan\u00eb p\u00ebrdorimet e zakonshme p\u00ebr kikirik\u00ebt e pjekur t\u00eb zier?<\/strong><br \/>\nAto jan\u00eb t\u00eb njohura n\u00eb ushqimet e snack, \u00ebmb\u00eblsirat, gjalpin e kikirikut dhe si p\u00ebrb\u00ebr\u00ebs n\u00eb produktet e shijshme dhe t\u00eb pjekura.<\/li>\n<li><strong>Si krahasohen kikirik\u00ebt e pjekur t\u00eb zbardhur me varietetet e tjera?<\/strong><br \/>\nKikirik\u00ebt e pjekur t\u00eb zbardhur kan\u00eb nj\u00eb pamje m\u00eb t\u00eb but\u00eb dhe m\u00eb t\u00eb past\u00ebr, sepse l\u00ebkura e tyre hiqet. Kjo cil\u00ebsi i b\u00ebn ato t\u00eb p\u00ebrsosura p\u00ebr produkte premium q\u00eb kan\u00eb nevoj\u00eb p\u00ebr tekstur\u00eb t\u00eb q\u00ebndrueshme.<\/li>\n<\/ol>\n<div class=\"flex max-w-full flex-col flex-grow\">\n<div class=\"min-h-8 text-message flex w-full flex-col items-end gap-2 whitespace-normal break-words [.text-message+&amp;]:mt-5\" dir=\"auto\" data-message-author-role=\"assistant\" data-message-id=\"31ea6229-78d6-4c3f-8f61-fea9e8392c9b\">\n<div class=\"flex w-full flex-col gap-1 empty:hidden first:pt-[3px]\">\n<div class=\"markdown prose w-full break-words dark:prose-invert dark\">\n<a href=\"mailto:globepeanut@gmail.com\" class=\"button primary is-primary is-medium\"  >\n    <span>Na d\u00ebrgoni me email<\/span>\n  <\/a>\n\n<\/div>\n<\/div>\n<\/div>\n<\/div>\n<div class=\"mb-2 flex gap-3 empty:hidden -ml-2\">\n<div class=\"items-center justify-start rounded-xl p-1 flex\"><\/div>\n<\/div>","protected":false},"excerpt":{"rendered":"<p>Ne jemi Prodhuesi dhe Furnizuesi i Kikirikut t\u00eb Blan\u00e7uar t\u00eb pjekur n\u00eb Kin\u00eb<\/p>\n<p>- MOQ: 1 ton<br \/>\n\u2013 Ofrohet sh\u00ebrbim OEM\/ODM<br \/>\n- Mostra falas n\u00eb dispozicion<br \/>\n- Pranoni personalizimin (specifikimet, madh\u00ebsit\u00eb, ngjyra, dizajni, etj.)<br \/>\n\u2013 Lloji: Kikiriku i pjekur i plot\u00eb, Gjysma e Kikirikut t\u00eb pjekur<\/p>\n<p>N\u00ebse d\u00ebshironi t\u00eb merrni \u00e7mimet e Kikirikut t\u00eb Blan\u00e7uar t\u00eb pjekur, ju lutemi na kontaktoni.<\/p>","protected":false},"featured_media":1701,"comment_status":"open","ping_status":"closed","template":"","meta":[],"product_cat":[37],"product_tag":[],"class_list":{"0":"post-1554","1":"product","2":"type-product","3":"status-publish","4":"has-post-thumbnail","6":"product_cat-roasted-peanut","8":"first","9":"instock","10":"shipping-taxable","11":"product-type-simple"},"yoast_head":"<!-- This site is optimized with the Yoast SEO plugin v24.9 - https:\/\/yoast.com\/wordpress\/plugins\/seo\/ -->\n<title>Roasted Blanched Peanut China Wholesaler - Peanut Butter Factory<\/title>\n<meta name=\"description\" content=\"High-quality Roasted Blanched Peanut OEM supplier, private label manufacturer, and exporter. Choose us for customizable solutions and global expertise.\" \/>\n<meta name=\"robots\" content=\"index, follow, max-snippet:-1, max-image-preview:large, max-video-preview:-1\" \/>\n<link rel=\"canonical\" href=\"https:\/\/www.peanutoem.com\/sq\/manufacturer\/roasted-blanched-peanut\/\" \/>\n<meta property=\"og:locale\" content=\"sq_AL\" \/>\n<meta property=\"og:type\" content=\"article\" \/>\n<meta property=\"og:title\" content=\"Roasted Blanched Peanut China Wholesaler - Peanut Butter Factory\" \/>\n<meta property=\"og:description\" content=\"High-quality Roasted Blanched Peanut OEM supplier, private label manufacturer, and exporter. Choose us for customizable solutions and global expertise.\" \/>\n<meta property=\"og:url\" content=\"https:\/\/www.peanutoem.com\/sq\/manufacturer\/roasted-blanched-peanut\/\" \/>\n<meta property=\"og:site_name\" content=\"Peanut Butter Factory\" \/>\n<meta property=\"article:modified_time\" content=\"2024-09-28T05:11:42+00:00\" \/>\n<meta property=\"og:image\" content=\"https:\/\/www.peanutoem.com\/wp-content\/uploads\/2024\/09\/Whole-Roast-Blanched-Peanut-.webp\" \/>\n\t<meta property=\"og:image:width\" content=\"1000\" \/>\n\t<meta property=\"og:image:height\" content=\"1000\" \/>\n\t<meta property=\"og:image:type\" content=\"image\/webp\" \/>\n<meta name=\"twitter:card\" content=\"summary_large_image\" \/>\n<meta name=\"twitter:label1\" content=\"Est. reading time\" \/>\n\t<meta name=\"twitter:data1\" content=\"4 minuta\" \/>\n<script type=\"application\/ld+json\" class=\"yoast-schema-graph\">{\"@context\":\"https:\/\/schema.org\",\"@graph\":[{\"@type\":\"WebPage\",\"@id\":\"https:\/\/www.peanutoem.com\/manufacturer\/roasted-blanched-peanut\/\",\"url\":\"https:\/\/www.peanutoem.com\/manufacturer\/roasted-blanched-peanut\/\",\"name\":\"Roasted Blanched Peanut China Wholesaler - Peanut Butter Factory\",\"isPartOf\":{\"@id\":\"https:\/\/www.peanutoem.com\/#website\"},\"primaryImageOfPage\":{\"@id\":\"https:\/\/www.peanutoem.com\/manufacturer\/roasted-blanched-peanut\/#primaryimage\"},\"image\":{\"@id\":\"https:\/\/www.peanutoem.com\/manufacturer\/roasted-blanched-peanut\/#primaryimage\"},\"thumbnailUrl\":\"https:\/\/www.peanutoem.com\/wp-content\/uploads\/2024\/09\/Whole-Roast-Blanched-Peanut-.webp\",\"datePublished\":\"2024-09-02T13:59:01+00:00\",\"dateModified\":\"2024-09-28T05:11:42+00:00\",\"description\":\"High-quality Roasted Blanched Peanut OEM supplier, private label manufacturer, and exporter. Choose us for customizable solutions and global expertise.\",\"breadcrumb\":{\"@id\":\"https:\/\/www.peanutoem.com\/manufacturer\/roasted-blanched-peanut\/#breadcrumb\"},\"inLanguage\":\"sq\",\"potentialAction\":[{\"@type\":\"ReadAction\",\"target\":[\"https:\/\/www.peanutoem.com\/manufacturer\/roasted-blanched-peanut\/\"]}]},{\"@type\":\"ImageObject\",\"inLanguage\":\"sq\",\"@id\":\"https:\/\/www.peanutoem.com\/manufacturer\/roasted-blanched-peanut\/#primaryimage\",\"url\":\"https:\/\/www.peanutoem.com\/wp-content\/uploads\/2024\/09\/Whole-Roast-Blanched-Peanut-.webp\",\"contentUrl\":\"https:\/\/www.peanutoem.com\/wp-content\/uploads\/2024\/09\/Whole-Roast-Blanched-Peanut-.webp\",\"width\":1000,\"height\":1000,\"caption\":\"Whole Roast Blanched Peanut\"},{\"@type\":\"BreadcrumbList\",\"@id\":\"https:\/\/www.peanutoem.com\/manufacturer\/roasted-blanched-peanut\/#breadcrumb\",\"itemListElement\":[{\"@type\":\"ListItem\",\"position\":1,\"name\":\"Home\",\"item\":\"https:\/\/www.peanutoem.com\/\"},{\"@type\":\"ListItem\",\"position\":2,\"name\":\"Products\",\"item\":\"https:\/\/www.peanutoem.com\/shop\/\"},{\"@type\":\"ListItem\",\"position\":3,\"name\":\"Roasted Blanched Peanut\"}]},{\"@type\":\"WebSite\",\"@id\":\"https:\/\/www.peanutoem.com\/#website\",\"url\":\"https:\/\/www.peanutoem.com\/\",\"name\":\"Peanut Butter Factory\",\"description\":\"Peanut Butter Manufacturer and Roast Peanut OEM Factory | Peanut Private Label China Supplier\",\"publisher\":{\"@id\":\"https:\/\/www.peanutoem.com\/#organization\"},\"alternateName\":\"Peanut Butter OEM and Wholesale\",\"potentialAction\":[{\"@type\":\"SearchAction\",\"target\":{\"@type\":\"EntryPoint\",\"urlTemplate\":\"https:\/\/www.peanutoem.com\/?s={search_term_string}\"},\"query-input\":{\"@type\":\"PropertyValueSpecification\",\"valueRequired\":true,\"valueName\":\"search_term_string\"}}],\"inLanguage\":\"sq\"},{\"@type\":\"Organization\",\"@id\":\"https:\/\/www.peanutoem.com\/#organization\",\"name\":\"Peanut Butter Factory\",\"alternateName\":\"JuFeng Group\",\"url\":\"https:\/\/www.peanutoem.com\/\",\"logo\":{\"@type\":\"ImageObject\",\"inLanguage\":\"sq\",\"@id\":\"https:\/\/www.peanutoem.com\/#\/schema\/logo\/image\/\",\"url\":\"https:\/\/www.peanutoem.com\/wp-content\/uploads\/2024\/09\/JUFENG-LOGO.png\",\"contentUrl\":\"https:\/\/www.peanutoem.com\/wp-content\/uploads\/2024\/09\/JUFENG-LOGO.png\",\"width\":600,\"height\":170,\"caption\":\"Peanut Butter Factory\"},\"image\":{\"@id\":\"https:\/\/www.peanutoem.com\/#\/schema\/logo\/image\/\"}}]}<\/script>\n<!-- \/ Yoast SEO plugin. -->","yoast_head_json":{"title":"Roasted Blanched Peanut China Wholesaler - Peanut Butter Factory","description":"High-quality Roasted Blanched Peanut OEM supplier, private label manufacturer, and exporter. Choose us for customizable solutions and global expertise.","robots":{"index":"index","follow":"follow","max-snippet":"max-snippet:-1","max-image-preview":"max-image-preview:large","max-video-preview":"max-video-preview:-1"},"canonical":"https:\/\/www.peanutoem.com\/sq\/manufacturer\/roasted-blanched-peanut\/","og_locale":"sq_AL","og_type":"article","og_title":"Roasted Blanched Peanut China Wholesaler - Peanut Butter Factory","og_description":"High-quality Roasted Blanched Peanut OEM supplier, private label manufacturer, and exporter. Choose us for customizable solutions and global expertise.","og_url":"https:\/\/www.peanutoem.com\/sq\/manufacturer\/roasted-blanched-peanut\/","og_site_name":"Peanut Butter Factory","article_modified_time":"2024-09-28T05:11:42+00:00","og_image":[{"width":1000,"height":1000,"url":"https:\/\/www.peanutoem.com\/wp-content\/uploads\/2024\/09\/Whole-Roast-Blanched-Peanut-.webp","type":"image\/webp"}],"twitter_card":"summary_large_image","twitter_misc":{"Est. reading time":"4 minuta"},"schema":{"@context":"https:\/\/schema.org","@graph":[{"@type":"WebPage","@id":"https:\/\/www.peanutoem.com\/manufacturer\/roasted-blanched-peanut\/","url":"https:\/\/www.peanutoem.com\/manufacturer\/roasted-blanched-peanut\/","name":"Roasted Blanched Peanut China Wholesaler - Peanut Butter Factory","isPartOf":{"@id":"https:\/\/www.peanutoem.com\/#website"},"primaryImageOfPage":{"@id":"https:\/\/www.peanutoem.com\/manufacturer\/roasted-blanched-peanut\/#primaryimage"},"image":{"@id":"https:\/\/www.peanutoem.com\/manufacturer\/roasted-blanched-peanut\/#primaryimage"},"thumbnailUrl":"https:\/\/www.peanutoem.com\/wp-content\/uploads\/2024\/09\/Whole-Roast-Blanched-Peanut-.webp","datePublished":"2024-09-02T13:59:01+00:00","dateModified":"2024-09-28T05:11:42+00:00","description":"High-quality Roasted Blanched Peanut OEM supplier, private label manufacturer, and exporter. Choose us for customizable solutions and global expertise.","breadcrumb":{"@id":"https:\/\/www.peanutoem.com\/manufacturer\/roasted-blanched-peanut\/#breadcrumb"},"inLanguage":"sq","potentialAction":[{"@type":"ReadAction","target":["https:\/\/www.peanutoem.com\/manufacturer\/roasted-blanched-peanut\/"]}]},{"@type":"ImageObject","inLanguage":"sq","@id":"https:\/\/www.peanutoem.com\/manufacturer\/roasted-blanched-peanut\/#primaryimage","url":"https:\/\/www.peanutoem.com\/wp-content\/uploads\/2024\/09\/Whole-Roast-Blanched-Peanut-.webp","contentUrl":"https:\/\/www.peanutoem.com\/wp-content\/uploads\/2024\/09\/Whole-Roast-Blanched-Peanut-.webp","width":1000,"height":1000,"caption":"Whole Roast Blanched Peanut"},{"@type":"BreadcrumbList","@id":"https:\/\/www.peanutoem.com\/manufacturer\/roasted-blanched-peanut\/#breadcrumb","itemListElement":[{"@type":"ListItem","position":1,"name":"Home","item":"https:\/\/www.peanutoem.com\/"},{"@type":"ListItem","position":2,"name":"Products","item":"https:\/\/www.peanutoem.com\/shop\/"},{"@type":"ListItem","position":3,"name":"Roasted Blanched Peanut"}]},{"@type":"WebSite","@id":"https:\/\/www.peanutoem.com\/#website","url":"https:\/\/www.peanutoem.com\/","name":"Peanut Butter Factory","description":"Peanut Butter Manufacturer and Roast Peanut OEM Factory | Peanut Private Label China Supplier","publisher":{"@id":"https:\/\/www.peanutoem.com\/#organization"},"alternateName":"Peanut Butter OEM and Wholesale","potentialAction":[{"@type":"SearchAction","target":{"@type":"EntryPoint","urlTemplate":"https:\/\/www.peanutoem.com\/?s={search_term_string}"},"query-input":{"@type":"PropertyValueSpecification","valueRequired":true,"valueName":"search_term_string"}}],"inLanguage":"sq"},{"@type":"Organization","@id":"https:\/\/www.peanutoem.com\/#organization","name":"Peanut Butter Factory","alternateName":"JuFeng Group","url":"https:\/\/www.peanutoem.com\/","logo":{"@type":"ImageObject","inLanguage":"sq","@id":"https:\/\/www.peanutoem.com\/#\/schema\/logo\/image\/","url":"https:\/\/www.peanutoem.com\/wp-content\/uploads\/2024\/09\/JUFENG-LOGO.png","contentUrl":"https:\/\/www.peanutoem.com\/wp-content\/uploads\/2024\/09\/JUFENG-LOGO.png","width":600,"height":170,"caption":"Peanut Butter Factory"},"image":{"@id":"https:\/\/www.peanutoem.com\/#\/schema\/logo\/image\/"}}]}},"_links":{"self":[{"href":"https:\/\/www.peanutoem.com\/sq\/wp-json\/wp\/v2\/product\/1554","targetHints":{"allow":["GET"]}}],"collection":[{"href":"https:\/\/www.peanutoem.com\/sq\/wp-json\/wp\/v2\/product"}],"about":[{"href":"https:\/\/www.peanutoem.com\/sq\/wp-json\/wp\/v2\/types\/product"}],"replies":[{"embeddable":true,"href":"https:\/\/www.peanutoem.com\/sq\/wp-json\/wp\/v2\/comments?post=1554"}],"wp:featuredmedia":[{"embeddable":true,"href":"https:\/\/www.peanutoem.com\/sq\/wp-json\/wp\/v2\/media\/1701"}],"wp:attachment":[{"href":"https:\/\/www.peanutoem.com\/sq\/wp-json\/wp\/v2\/media?parent=1554"}],"wp:term":[{"taxonomy":"product_cat","embeddable":true,"href":"https:\/\/www.peanutoem.com\/sq\/wp-json\/wp\/v2\/product_cat?post=1554"},{"taxonomy":"product_tag","embeddable":true,"href":"https:\/\/www.peanutoem.com\/sq\/wp-json\/wp\/v2\/product_tag?post=1554"}],"curies":[{"name":"wp","href":"https:\/\/api.w.org\/{rel}","templated":true}]}}