{"id":1555,"date":"2024-09-02T14:00:33","date_gmt":"2024-09-02T14:00:33","guid":{"rendered":"https:\/\/www.peanutoem.com\/?post_type=product&#038;p=1555"},"modified":"2024-09-28T04:44:51","modified_gmt":"2024-09-28T04:44:51","slug":"roasted-peanut-kernels-in-split","status":"publish","type":"product","link":"https:\/\/www.peanutoem.com\/sq\/manufacturer\/roasted-peanut-kernels-in-split\/","title":{"rendered":"B\u00ebrthama kikiriku t\u00eb pjekur n\u00eb Split | Kokrrat e kikirikut t\u00eb pjekur n\u00eb feta"},"content":{"rendered":"<h3>Cilat jan\u00eb b\u00ebrthamat e pjekura t\u00eb kikirikut n\u00eb Split?<\/h3>\n<p>Kokrrat e pjekura t\u00eb kikirikut n\u00eb Split ose t\u00eb quajtura kokrrat e kikirikut t\u00eb pjekura t\u00eb ndara, jan\u00eb kikirik\u00eb q\u00eb jan\u00eb pjekur me kujdes n\u00eb p\u00ebrsosm\u00ebri dhe m\u00eb pas jan\u00eb ndar\u00eb me kujdes n\u00eb gjysm\u00eb. Ata njihen p\u00ebr arom\u00ebn e tyre t\u00eb pasur, shijen krokante dhe aplikimin e gjer\u00eb n\u00eb ushqime, ushqime t\u00eb pjekura dhe ushqime t\u00eb ndryshme. Procesi i pjekjes jo vet\u00ebm q\u00eb rrit shijen natyrale t\u00eb kikirik\u00ebve, por gjithashtu i b\u00ebn ata nj\u00eb zgjedhje ideale p\u00ebr prodhuesit e ushqimeve, markat e ushqimeve dhe konsumator\u00ebt q\u00eb ndjekin nj\u00eb diet\u00eb m\u00eb t\u00eb sh\u00ebndetshme.<\/p>\n<h3>Emra alternativ\u00eb p\u00ebr b\u00ebrthamat e kikirikut t\u00eb pjekur n\u00eb Split<\/h3>\n<p>B\u00ebrthamat e kikirikut t\u00eb pjekur n\u00eb Split p\u00ebrmenden edhe me emra t\u00eb tjer\u00eb n\u00eb var\u00ebsi t\u00eb rajonit ose tregut, duke p\u00ebrfshir\u00eb:<\/p>\n<ul>\n<li>Kikirik\u00eb t\u00eb pjekur t\u00eb ndar\u00eb<\/li>\n<li>Gjysmat e kikirikut t\u00eb pjekur<\/li>\n<li>B\u00ebrthamat e kikirikut t\u00eb pjekur t\u00eb ndar\u00eb<\/li>\n<li>Ndarje kikiriku<\/li>\n<\/ul>\n<h3>Temat e nxehta p\u00ebrkat\u00ebse<\/h3>\n<ol>\n<li><strong>P\u00ebrfitimet sh\u00ebndet\u00ebsore t\u00eb b\u00ebrthamave t\u00eb kikirikut t\u00eb pjekur<\/strong>: Kokrrat e kikirikut t\u00eb pjekur jan\u00eb nj\u00eb burim i pasur proteinash, yndyrash t\u00eb sh\u00ebndetshme dhe vitaminave thelb\u00ebsore. Ato p\u00ebrb\u00ebjn\u00eb nj\u00eb rosti\u00e7eri ushqyese ose p\u00ebrb\u00ebr\u00ebs n\u00eb produkte t\u00eb ndryshme t\u00eb p\u00ebrqendruara te sh\u00ebndeti.<\/li>\n<li><strong>K\u00ebrkesa n\u00eb rritje p\u00ebr ushqime me baz\u00eb kikiriku:<\/strong> Kokrrat e kikirikut t\u00eb pjekur n\u00eb form\u00eb t\u00eb ndar\u00eb po fitojn\u00eb popullaritet p\u00ebr shkak t\u00eb rritjes s\u00eb k\u00ebrkes\u00ebs p\u00ebr ushqime t\u00eb sh\u00ebndetshme.<\/li>\n<li><strong>Siguria e ushqimit dhe kontrolli i cil\u00ebsis\u00eb n\u00eb p\u00ebrpunimin e kikirikut:<\/strong> Ruajtja e standardeve t\u00eb larta t\u00eb prodhimit dhe trajtimit \u00ebsht\u00eb thelb\u00ebsore p\u00ebr integritetin e produktit dhe pajtueshm\u00ebrin\u00eb me rregulloret e siguris\u00eb ushqimore.<\/li>\n<li><strong>Produktet e kikirikut me etiket\u00eb private:<\/strong> Shum\u00eb marka zgjedhin sh\u00ebrbimet tona t\u00eb etiket\u00ebs private p\u00ebr t\u00eb ofruar kokrra kikiriku t\u00eb pjekur premium n\u00eb feta n\u00ebn mark\u00ebn e tyre.<\/li>\n<\/ol>\n<p><img loading=\"lazy\" decoding=\"async\" class=\"alignnone wp-image-1720 size-large\" src=\"https:\/\/www.peanutoem.com\/wp-content\/uploads\/2024\/09\/Roasted-Peanut-Power-in-Carton-1024x908.webp\" alt=\"Fuqia e Kikirikut t\u00eb pjekur n\u00eb Kartoni\" width=\"1020\" height=\"904\" srcset=\"https:\/\/www.peanutoem.com\/wp-content\/uploads\/2024\/09\/Roasted-Peanut-Power-in-Carton-1024x908.webp 1024w, https:\/\/www.peanutoem.com\/wp-content\/uploads\/2024\/09\/Roasted-Peanut-Power-in-Carton-300x266.webp 300w, https:\/\/www.peanutoem.com\/wp-content\/uploads\/2024\/09\/Roasted-Peanut-Power-in-Carton-768x681.webp 768w, https:\/\/www.peanutoem.com\/wp-content\/uploads\/2024\/09\/Roasted-Peanut-Power-in-Carton-1536x1362.webp 1536w, https:\/\/www.peanutoem.com\/wp-content\/uploads\/2024\/09\/Roasted-Peanut-Power-in-Carton-2048x1816.webp 2048w, https:\/\/www.peanutoem.com\/wp-content\/uploads\/2024\/09\/Roasted-Peanut-Power-in-Carton-14x12.webp 14w, https:\/\/www.peanutoem.com\/wp-content\/uploads\/2024\/09\/Roasted-Peanut-Power-in-Carton-600x532.webp 600w\" sizes=\"auto, (max-width: 1020px) 100vw, 1020px\" \/><\/p>\n<hr \/>\n<h3>Pse t\u00eb na zgjidhni si furnizuesin tuaj t\u00eb b\u00ebrthamave t\u00eb kikirikut t\u00eb pjekur n\u00eb feta?<\/h3>\n<p>Ne jemi nj\u00eb furnizues i besuesh\u00ebm i b\u00ebrthamave t\u00eb kikirikut t\u00eb pjekur n\u00eb Split p\u00ebr disa arsye bind\u00ebse:<\/p>\n<ul>\n<li><strong>Pajisjet e avancuara t\u00eb prodhimit:<\/strong> Fabrika jon\u00eb p\u00ebrdor linja prodhimi m\u00eb t\u00eb avancuara n\u00eb SHBA p\u00ebr proceset e pjekjes dhe prerjes s\u00eb nivelit t\u00eb lart\u00eb.<\/li>\n<li><strong>Sigurimi i rrept\u00eb i cil\u00ebsis\u00eb:<\/strong> Ne kryejm\u00eb teste gjith\u00ebp\u00ebrfshir\u00ebse n\u00eb laboratorin ton\u00eb p\u00ebr t\u00eb siguruar q\u00eb secila grup plot\u00ebson standardet globale.<\/li>\n<li><strong>Certifikatat globale:<\/strong> Kokrrat tona t\u00eb kikirikut t\u00eb pjekur jan\u00eb t\u00eb certifikuara nga HACCP, BRCGS, Kosher, Halal dhe EU Organic p\u00ebr cil\u00ebsi dhe siguri.<\/li>\n<li><strong>Zinxhiri i besuesh\u00ebm i furnizimit:<\/strong> Magazina jon\u00eb e madhe me temperatur\u00eb konstante garanton cil\u00ebsin\u00eb e produktit dhe stabilitetin e furnizimit gjat\u00eb gjith\u00eb vitit.<\/li>\n<li><strong>Sh\u00ebrbime t\u00eb personalizuara:<\/strong> Ne ofrojm\u00eb zgjidhje t\u00eb etiketave private t\u00eb p\u00ebrshtatura p\u00ebr t\u00eb p\u00ebrmbushur nevojat specifike t\u00eb markave dhe importuesve globalisht.<\/li>\n<li><strong>Zhvillimi i Q\u00ebndruesh\u00ebm:<\/strong> Ne fokusohemi n\u00eb praktikat e q\u00ebndrueshme dhe bashk\u00ebpunojm\u00eb me zinxhir\u00ebt e njohur t\u00eb supermarketeve p\u00ebr prosperitet t\u00eb nd\u00ebrsjell\u00eb.<\/li>\n<\/ul>\n<h3>Pyetje dhe p\u00ebrgjigje rreth b\u00ebrthamave t\u00eb kikirikut t\u00eb pjekur n\u00eb feta<\/h3>\n<p><strong>Pyetje: \u00c7far\u00eb ju b\u00ebn nj\u00eb furnizues kryesor t\u00eb kokrrave t\u00eb kikirikut t\u00eb pjekur n\u00eb ndarje?<\/strong><br \/>\n<strong>A:<\/strong> Objektet tona t\u00eb p\u00ebrparuara t\u00eb prodhimit, sigurimi rigoroz i cil\u00ebsis\u00eb dhe certifikatat globale sigurojn\u00eb q\u00eb ne t\u00eb ofrojm\u00eb produkte vazhdimisht me cil\u00ebsi t\u00eb lart\u00eb.<\/p>\n<p><strong>Pyetje: A mund ta personalizoj paketimin n\u00ebn mark\u00ebn time?<\/strong><br \/>\n<strong>A:<\/strong> Po, ne ofrojm\u00eb sh\u00ebrbime t\u00eb etiket\u00ebs private, duke lejuar personalizimin e plot\u00eb t\u00eb paketimit dhe mark\u00ebs p\u00ebr t\u00eb p\u00ebrmbushur nevojat tuaja t\u00eb tregut.<\/p>\n<p><strong>Pyetje: \u00c7far\u00eb v\u00ebrtetimesh kan\u00eb kokrrat e kikirikut tuaj t\u00eb pjekur?<\/strong><br \/>\n<strong>A:<\/strong> Produktet tona jan\u00eb t\u00eb certifikuara nga HACCP, BRC, Halal, Kosher, EU Organic dhe standarde t\u00eb tjera globale, duke garantuar cil\u00ebsi dhe siguri.<\/p>\n<p><strong>Pyetje: Si e siguroni freskin\u00eb dhe cil\u00ebsin\u00eb?<\/strong><br \/>\n<strong>A:<\/strong> Objekti yn\u00eb i madh i magazinimit n\u00eb temperatur\u00eb konstante ruan kushte optimale, duke ruajtur freskin\u00eb dhe cil\u00ebsin\u00eb deri n\u00eb dor\u00ebzim.<\/p>\n<p><strong>Pyetje: A jepni porosi me shumic\u00eb p\u00ebr d\u00ebrges\u00eb nd\u00ebrkomb\u00ebtare?<\/strong><br \/>\n<strong>A:<\/strong> Po, ne jemi t\u00eb specializuar n\u00eb porosit\u00eb me shumic\u00eb dhe d\u00ebrgesat nd\u00ebrkomb\u00ebtare, duke siguruar nj\u00eb zinxhir furnizimi pa probleme p\u00ebr klient\u00ebt global\u00eb.<\/p>\n<p><strong>Pyetje: Cilat jan\u00eb p\u00ebrfitimet e zgjedhjes s\u00eb kokrrave t\u00eb kikirikut t\u00eb pjekur n\u00eb form\u00eb t\u00eb ndar\u00eb?<\/strong><br \/>\n<strong>A:<\/strong> Kokrrat e kikirikut t\u00eb pjekur t\u00eb ndar\u00eb ofrojn\u00eb nj\u00eb produkt t\u00eb gatsh\u00ebm p\u00ebr p\u00ebrdorim me shije dhe tekstur\u00eb t\u00eb p\u00ebrmir\u00ebsuar, ideale p\u00ebr snack dhe garnitur\u00eb.<\/p>\n<p><strong>Pyetje: A ka aditiv\u00eb n\u00eb kokrrat e kikirikut tuaj t\u00eb pjekur?<\/strong><br \/>\n<strong>A:<\/strong> Jo, kokrrat tona t\u00eb pjekura t\u00eb kikirikut jan\u00eb pa aditiv\u00eb dhe konservues, duke siguruar nj\u00eb produkt natyral.<\/p>\n<p><strong>Pyetje: A mund t\u00eb k\u00ebrkoj nivele specifike pjekjeje?<\/strong><br \/>\n<strong>A:<\/strong> Po, ne mund t&#039;i personalizojm\u00eb nivelet e pjekjes sipas specifikave tuaja, pavar\u00ebsisht n\u00ebse preferoni pjekje t\u00eb lehta, mesatare ose t\u00eb err\u00ebta.<\/p>\n<p><strong>Pyetje: Si mund t\u00eb k\u00ebrkoj nj\u00eb most\u00ebr?<\/strong><br \/>\n<strong>A:<\/strong> <a href=\"mailto:globepeanut@gmail.com\" target=\"_blank\" rel=\"noopener\">Kontaktoni <\/a>ekipi yn\u00eb i shitjeve p\u00ebr t\u00eb k\u00ebrkuar nj\u00eb most\u00ebr dhe p\u00ebr t\u00eb diskutuar nevojat tuaja specifike.<\/p>\n<p><strong>Pyetje: N\u00eb cilat tregje furnizoheni?<\/strong><br \/>\n<strong>A:<\/strong> Ne furnizojm\u00eb kokrra kikiriku t\u00eb pjekur n\u00eb tregje t\u00eb ndryshme globalisht, duke p\u00ebrfshir\u00eb Amerik\u00ebn e Veriut, Evrop\u00ebn, Azin\u00eb dhe Lindjen e Mesme, me partneritete t\u00eb forta n\u00eb industri.<\/p>\n<a href=\"mailto:globepeanut@gmail.com\" class=\"button primary is-primary is-medium\"  >\n    <span>Na d\u00ebrgoni me email<\/span>\n  <\/a>","protected":false},"excerpt":{"rendered":"<p>Ne jemi prodhues dhe furnizues t\u00eb b\u00ebrthamave t\u00eb kikirikut t\u00eb pjekur me feta n\u00eb Kin\u00eb<\/p>\n<p>- MOQ: 1 ton<br \/>\n\u2013 Ofrohet sh\u00ebrbim OEM\/ODM<br \/>\n- Mostra falas n\u00eb dispozicion<br \/>\n- Pranoni personalizimin (specifikimet, madh\u00ebsit\u00eb, ngjyra, dizajni, etj.)<br \/>\n- Specifikimet (rrjeta 3-5, 4-7 rrjet\u00eb, 5-8 rrjet\u00eb, 6-10 rrjet\u00eb, 8-14 rrjet\u00eb ose sipas k\u00ebrkes\u00ebs tuaj)<\/p>\n<p>N\u00ebse d\u00ebshironi t\u00eb merrni b\u00ebrthama kikiriku t\u00eb pjekur n\u00eb Split ose b\u00ebrthama kikiriku t\u00eb pjekur n\u00eb feta, ju lutemi na kontaktoni.<\/p>","protected":false},"featured_media":1712,"comment_status":"open","ping_status":"closed","template":"","meta":[],"product_cat":[37],"product_tag":[],"class_list":{"0":"post-1555","1":"product","2":"type-product","3":"status-publish","4":"has-post-thumbnail","6":"product_cat-roasted-peanut","8":"first","9":"instock","10":"shipping-taxable","11":"product-type-simple"},"yoast_head":"<!-- This site is optimized with the Yoast SEO plugin v24.9 - https:\/\/yoast.com\/wordpress\/plugins\/seo\/ -->\n<title>Roasted Peanut Kernels in Split | Sliced Roasted Peanut Kernels - Peanut Butter Factory<\/title>\n<meta name=\"description\" content=\"We are leading OEM manufacturer, supplier, and exporter of high-quality Roasted Peanut Kernels in Split. Private label services and global brands partner.\" \/>\n<meta name=\"robots\" content=\"index, follow, max-snippet:-1, max-image-preview:large, max-video-preview:-1\" \/>\n<link rel=\"canonical\" href=\"https:\/\/www.peanutoem.com\/sq\/manufacturer\/roasted-peanut-kernels-in-split\/\" \/>\n<meta property=\"og:locale\" content=\"sq_AL\" \/>\n<meta property=\"og:type\" content=\"article\" \/>\n<meta property=\"og:title\" content=\"Roasted Peanut Kernels in Split | Sliced Roasted Peanut Kernels - Peanut Butter Factory\" \/>\n<meta property=\"og:description\" content=\"We are leading OEM manufacturer, supplier, and exporter of high-quality Roasted Peanut Kernels in Split. Private label services and global brands partner.\" \/>\n<meta property=\"og:url\" content=\"https:\/\/www.peanutoem.com\/sq\/manufacturer\/roasted-peanut-kernels-in-split\/\" \/>\n<meta property=\"og:site_name\" content=\"Peanut Butter Factory\" \/>\n<meta property=\"article:modified_time\" content=\"2024-09-28T04:44:51+00:00\" \/>\n<meta property=\"og:image\" content=\"https:\/\/www.peanutoem.com\/wp-content\/uploads\/2024\/09\/4-6mm-roasted-peanut-kernels-scaled.webp\" \/>\n\t<meta property=\"og:image:width\" content=\"1920\" \/>\n\t<meta property=\"og:image:height\" content=\"2560\" \/>\n\t<meta property=\"og:image:type\" content=\"image\/webp\" \/>\n<meta name=\"twitter:card\" content=\"summary_large_image\" \/>\n<meta name=\"twitter:label1\" content=\"Est. reading time\" \/>\n\t<meta name=\"twitter:data1\" content=\"4 minuta\" \/>\n<script type=\"application\/ld+json\" class=\"yoast-schema-graph\">{\"@context\":\"https:\/\/schema.org\",\"@graph\":[{\"@type\":\"WebPage\",\"@id\":\"https:\/\/www.peanutoem.com\/manufacturer\/roasted-peanut-kernels-in-split\/\",\"url\":\"https:\/\/www.peanutoem.com\/manufacturer\/roasted-peanut-kernels-in-split\/\",\"name\":\"Roasted Peanut Kernels in Split | Sliced Roasted Peanut Kernels - Peanut Butter Factory\",\"isPartOf\":{\"@id\":\"https:\/\/www.peanutoem.com\/#website\"},\"primaryImageOfPage\":{\"@id\":\"https:\/\/www.peanutoem.com\/manufacturer\/roasted-peanut-kernels-in-split\/#primaryimage\"},\"image\":{\"@id\":\"https:\/\/www.peanutoem.com\/manufacturer\/roasted-peanut-kernels-in-split\/#primaryimage\"},\"thumbnailUrl\":\"https:\/\/www.peanutoem.com\/wp-content\/uploads\/2024\/09\/4-6mm-roasted-peanut-kernels-scaled.webp\",\"datePublished\":\"2024-09-02T14:00:33+00:00\",\"dateModified\":\"2024-09-28T04:44:51+00:00\",\"description\":\"We are leading OEM manufacturer, supplier, and exporter of high-quality Roasted Peanut Kernels in Split. Private label services and global brands partner.\",\"breadcrumb\":{\"@id\":\"https:\/\/www.peanutoem.com\/manufacturer\/roasted-peanut-kernels-in-split\/#breadcrumb\"},\"inLanguage\":\"sq\",\"potentialAction\":[{\"@type\":\"ReadAction\",\"target\":[\"https:\/\/www.peanutoem.com\/manufacturer\/roasted-peanut-kernels-in-split\/\"]}]},{\"@type\":\"ImageObject\",\"inLanguage\":\"sq\",\"@id\":\"https:\/\/www.peanutoem.com\/manufacturer\/roasted-peanut-kernels-in-split\/#primaryimage\",\"url\":\"https:\/\/www.peanutoem.com\/wp-content\/uploads\/2024\/09\/4-6mm-roasted-peanut-kernels-scaled.webp\",\"contentUrl\":\"https:\/\/www.peanutoem.com\/wp-content\/uploads\/2024\/09\/4-6mm-roasted-peanut-kernels-scaled.webp\",\"width\":1920,\"height\":2560,\"caption\":\"4-6mm roasted peanut kernels\"},{\"@type\":\"BreadcrumbList\",\"@id\":\"https:\/\/www.peanutoem.com\/manufacturer\/roasted-peanut-kernels-in-split\/#breadcrumb\",\"itemListElement\":[{\"@type\":\"ListItem\",\"position\":1,\"name\":\"Home\",\"item\":\"https:\/\/www.peanutoem.com\/\"},{\"@type\":\"ListItem\",\"position\":2,\"name\":\"Products\",\"item\":\"https:\/\/www.peanutoem.com\/shop\/\"},{\"@type\":\"ListItem\",\"position\":3,\"name\":\"Roasted Peanut Kernels in Split | Sliced Roasted Peanut Kernels\"}]},{\"@type\":\"WebSite\",\"@id\":\"https:\/\/www.peanutoem.com\/#website\",\"url\":\"https:\/\/www.peanutoem.com\/\",\"name\":\"Peanut Butter Factory\",\"description\":\"Peanut Butter Manufacturer and Roast Peanut OEM Factory | Peanut Private Label China Supplier\",\"publisher\":{\"@id\":\"https:\/\/www.peanutoem.com\/#organization\"},\"alternateName\":\"Peanut Butter OEM and Wholesale\",\"potentialAction\":[{\"@type\":\"SearchAction\",\"target\":{\"@type\":\"EntryPoint\",\"urlTemplate\":\"https:\/\/www.peanutoem.com\/?s={search_term_string}\"},\"query-input\":{\"@type\":\"PropertyValueSpecification\",\"valueRequired\":true,\"valueName\":\"search_term_string\"}}],\"inLanguage\":\"sq\"},{\"@type\":\"Organization\",\"@id\":\"https:\/\/www.peanutoem.com\/#organization\",\"name\":\"Peanut Butter Factory\",\"alternateName\":\"JuFeng Group\",\"url\":\"https:\/\/www.peanutoem.com\/\",\"logo\":{\"@type\":\"ImageObject\",\"inLanguage\":\"sq\",\"@id\":\"https:\/\/www.peanutoem.com\/#\/schema\/logo\/image\/\",\"url\":\"https:\/\/www.peanutoem.com\/wp-content\/uploads\/2024\/09\/JUFENG-LOGO.png\",\"contentUrl\":\"https:\/\/www.peanutoem.com\/wp-content\/uploads\/2024\/09\/JUFENG-LOGO.png\",\"width\":600,\"height\":170,\"caption\":\"Peanut Butter Factory\"},\"image\":{\"@id\":\"https:\/\/www.peanutoem.com\/#\/schema\/logo\/image\/\"}}]}<\/script>\n<!-- \/ Yoast SEO plugin. -->","yoast_head_json":{"title":"Roasted Peanut Kernels in Split | Sliced Roasted Peanut Kernels - Peanut Butter Factory","description":"We are leading OEM manufacturer, supplier, and exporter of high-quality Roasted Peanut Kernels in Split. Private label services and global brands partner.","robots":{"index":"index","follow":"follow","max-snippet":"max-snippet:-1","max-image-preview":"max-image-preview:large","max-video-preview":"max-video-preview:-1"},"canonical":"https:\/\/www.peanutoem.com\/sq\/manufacturer\/roasted-peanut-kernels-in-split\/","og_locale":"sq_AL","og_type":"article","og_title":"Roasted Peanut Kernels in Split | Sliced Roasted Peanut Kernels - Peanut Butter Factory","og_description":"We are leading OEM manufacturer, supplier, and exporter of high-quality Roasted Peanut Kernels in Split. Private label services and global brands partner.","og_url":"https:\/\/www.peanutoem.com\/sq\/manufacturer\/roasted-peanut-kernels-in-split\/","og_site_name":"Peanut Butter Factory","article_modified_time":"2024-09-28T04:44:51+00:00","og_image":[{"width":1920,"height":2560,"url":"https:\/\/www.peanutoem.com\/wp-content\/uploads\/2024\/09\/4-6mm-roasted-peanut-kernels-scaled.webp","type":"image\/webp"}],"twitter_card":"summary_large_image","twitter_misc":{"Est. reading time":"4 minuta"},"schema":{"@context":"https:\/\/schema.org","@graph":[{"@type":"WebPage","@id":"https:\/\/www.peanutoem.com\/manufacturer\/roasted-peanut-kernels-in-split\/","url":"https:\/\/www.peanutoem.com\/manufacturer\/roasted-peanut-kernels-in-split\/","name":"Roasted Peanut Kernels in Split | Sliced Roasted Peanut Kernels - Peanut Butter Factory","isPartOf":{"@id":"https:\/\/www.peanutoem.com\/#website"},"primaryImageOfPage":{"@id":"https:\/\/www.peanutoem.com\/manufacturer\/roasted-peanut-kernels-in-split\/#primaryimage"},"image":{"@id":"https:\/\/www.peanutoem.com\/manufacturer\/roasted-peanut-kernels-in-split\/#primaryimage"},"thumbnailUrl":"https:\/\/www.peanutoem.com\/wp-content\/uploads\/2024\/09\/4-6mm-roasted-peanut-kernels-scaled.webp","datePublished":"2024-09-02T14:00:33+00:00","dateModified":"2024-09-28T04:44:51+00:00","description":"We are leading OEM manufacturer, supplier, and exporter of high-quality Roasted Peanut Kernels in Split. Private label services and global brands partner.","breadcrumb":{"@id":"https:\/\/www.peanutoem.com\/manufacturer\/roasted-peanut-kernels-in-split\/#breadcrumb"},"inLanguage":"sq","potentialAction":[{"@type":"ReadAction","target":["https:\/\/www.peanutoem.com\/manufacturer\/roasted-peanut-kernels-in-split\/"]}]},{"@type":"ImageObject","inLanguage":"sq","@id":"https:\/\/www.peanutoem.com\/manufacturer\/roasted-peanut-kernels-in-split\/#primaryimage","url":"https:\/\/www.peanutoem.com\/wp-content\/uploads\/2024\/09\/4-6mm-roasted-peanut-kernels-scaled.webp","contentUrl":"https:\/\/www.peanutoem.com\/wp-content\/uploads\/2024\/09\/4-6mm-roasted-peanut-kernels-scaled.webp","width":1920,"height":2560,"caption":"4-6mm roasted peanut kernels"},{"@type":"BreadcrumbList","@id":"https:\/\/www.peanutoem.com\/manufacturer\/roasted-peanut-kernels-in-split\/#breadcrumb","itemListElement":[{"@type":"ListItem","position":1,"name":"Home","item":"https:\/\/www.peanutoem.com\/"},{"@type":"ListItem","position":2,"name":"Products","item":"https:\/\/www.peanutoem.com\/shop\/"},{"@type":"ListItem","position":3,"name":"Roasted Peanut Kernels in Split | Sliced Roasted Peanut Kernels"}]},{"@type":"WebSite","@id":"https:\/\/www.peanutoem.com\/#website","url":"https:\/\/www.peanutoem.com\/","name":"Peanut Butter Factory","description":"Peanut Butter Manufacturer and Roast Peanut OEM Factory | Peanut Private Label China Supplier","publisher":{"@id":"https:\/\/www.peanutoem.com\/#organization"},"alternateName":"Peanut Butter OEM and Wholesale","potentialAction":[{"@type":"SearchAction","target":{"@type":"EntryPoint","urlTemplate":"https:\/\/www.peanutoem.com\/?s={search_term_string}"},"query-input":{"@type":"PropertyValueSpecification","valueRequired":true,"valueName":"search_term_string"}}],"inLanguage":"sq"},{"@type":"Organization","@id":"https:\/\/www.peanutoem.com\/#organization","name":"Peanut Butter Factory","alternateName":"JuFeng Group","url":"https:\/\/www.peanutoem.com\/","logo":{"@type":"ImageObject","inLanguage":"sq","@id":"https:\/\/www.peanutoem.com\/#\/schema\/logo\/image\/","url":"https:\/\/www.peanutoem.com\/wp-content\/uploads\/2024\/09\/JUFENG-LOGO.png","contentUrl":"https:\/\/www.peanutoem.com\/wp-content\/uploads\/2024\/09\/JUFENG-LOGO.png","width":600,"height":170,"caption":"Peanut Butter Factory"},"image":{"@id":"https:\/\/www.peanutoem.com\/#\/schema\/logo\/image\/"}}]}},"_links":{"self":[{"href":"https:\/\/www.peanutoem.com\/sq\/wp-json\/wp\/v2\/product\/1555","targetHints":{"allow":["GET"]}}],"collection":[{"href":"https:\/\/www.peanutoem.com\/sq\/wp-json\/wp\/v2\/product"}],"about":[{"href":"https:\/\/www.peanutoem.com\/sq\/wp-json\/wp\/v2\/types\/product"}],"replies":[{"embeddable":true,"href":"https:\/\/www.peanutoem.com\/sq\/wp-json\/wp\/v2\/comments?post=1555"}],"wp:featuredmedia":[{"embeddable":true,"href":"https:\/\/www.peanutoem.com\/sq\/wp-json\/wp\/v2\/media\/1712"}],"wp:attachment":[{"href":"https:\/\/www.peanutoem.com\/sq\/wp-json\/wp\/v2\/media?parent=1555"}],"wp:term":[{"taxonomy":"product_cat","embeddable":true,"href":"https:\/\/www.peanutoem.com\/sq\/wp-json\/wp\/v2\/product_cat?post=1555"},{"taxonomy":"product_tag","embeddable":true,"href":"https:\/\/www.peanutoem.com\/sq\/wp-json\/wp\/v2\/product_tag?post=1555"}],"curies":[{"name":"wp","href":"https:\/\/api.w.org\/{rel}","templated":true}]}}