{"id":1556,"date":"2024-09-02T14:00:57","date_gmt":"2024-09-02T14:00:57","guid":{"rendered":"https:\/\/www.peanutoem.com\/?post_type=product&#038;p=1556"},"modified":"2024-09-28T04:23:49","modified_gmt":"2024-09-28T04:23:49","slug":"roasted-peanut-powder","status":"publish","type":"product","link":"https:\/\/www.peanutoem.com\/sq\/manufacturer\/roasted-peanut-powder\/","title":{"rendered":"Pluhur kikiriku i pjekur"},"content":{"rendered":"<h3>\u00c7far\u00eb \u00ebsht\u00eb pluhuri i kikirikut t\u00eb pjekur?<\/h3>\n<p>Pluhuri i kikirikut i pjekur b\u00ebhet duke bluar im\u00ebt kikirik\u00eb dhe duke rritur shijen e tyre natyrale p\u00ebrmes nj\u00eb <a href=\"https:\/\/en.wikipedia.org\/wiki\/Roasting\" target=\"_blank\" rel=\"noopener\">pjekje<\/a> procesi. Ky p\u00ebrb\u00ebr\u00ebs i gjithansh\u00ebm \u00ebsht\u00eb i popullarizuar n\u00eb industrin\u00eb ushqimore, duke sh\u00ebrbyer si nj\u00eb komponent premium n\u00eb ushqimet e kikirikut, produktet e pjekura, salcat dhe pluhurat e proteinave. Procesi i pjekjes rrit ndjesh\u00ebm arom\u00ebn e arrave t\u00eb kikirik\u00ebve, duke i b\u00ebr\u00eb ata nj\u00eb material t\u00eb preferuar p\u00ebr prodhuesit e ushqimit q\u00eb k\u00ebrkojn\u00eb nj\u00eb shije t\u00eb pasur kikiriku. Forma e tij pluhur e b\u00ebn t\u00eb leht\u00eb p\u00ebrfshirjen n\u00eb nj\u00eb shum\u00ebllojshm\u00ebri recetash, duke sjell\u00eb shije t\u00eb pasur n\u00eb ushqime pa pasur nevoj\u00eb p\u00ebr uj\u00eb shtes\u00eb.<\/p>\n<h3><img loading=\"lazy\" decoding=\"async\" class=\"alignnone wp-image-1719 size-full\" src=\"https:\/\/www.peanutoem.com\/wp-content\/uploads\/2024\/09\/Roasted-Peanut-Powder-in-Pouch.webp\" alt=\"Pluhur kikiriku i pjekur n\u00eb qese\" width=\"912\" height=\"1128\" srcset=\"https:\/\/www.peanutoem.com\/wp-content\/uploads\/2024\/09\/Roasted-Peanut-Powder-in-Pouch.webp 912w, https:\/\/www.peanutoem.com\/wp-content\/uploads\/2024\/09\/Roasted-Peanut-Powder-in-Pouch-243x300.webp 243w, https:\/\/www.peanutoem.com\/wp-content\/uploads\/2024\/09\/Roasted-Peanut-Powder-in-Pouch-828x1024.webp 828w, https:\/\/www.peanutoem.com\/wp-content\/uploads\/2024\/09\/Roasted-Peanut-Powder-in-Pouch-768x950.webp 768w, https:\/\/www.peanutoem.com\/wp-content\/uploads\/2024\/09\/Roasted-Peanut-Powder-in-Pouch-10x12.webp 10w, https:\/\/www.peanutoem.com\/wp-content\/uploads\/2024\/09\/Roasted-Peanut-Powder-in-Pouch-600x742.webp 600w\" sizes=\"auto, (max-width: 912px) 100vw, 912px\" \/><\/h3>\n<h3>Emra alternativ\u00eb p\u00ebr pluhur kikiriku t\u00eb pjekur<\/h3>\n<p>Pluhuri i kikirikut i pjekur njihet n\u00eb treg me emra t\u00eb ndrysh\u00ebm. Disa alternativa t\u00eb zakonshme p\u00ebrfshijn\u00eb:<\/p>\n<ul>\n<li>Miell Kikiriku<\/li>\n<li>Pluhur kikiriku i grir\u00eb i pjekur<\/li>\n<li>Vakt i kikirikut<\/li>\n<li>Pluhur kikiriku i pjekur<\/li>\n<li>Pluhur kikiriku i ndyr\u00eb<\/li>\n<\/ul>\n<div class=\"group\/conversation-turn relative flex w-full min-w-0 flex-col agent-turn\">\n<div class=\"flex-col gap-1 md:gap-3\">\n<h3>Tema t\u00eb nxehta p\u00ebrkat\u00ebse rreth pluhurit t\u00eb kikirikut t\u00eb pjekur<\/h3>\n<ul>\n<li data-pm-slice=\"0 0 []\"><strong>Aplikimet e pjekjes pa gluten:<\/strong> M\u00eb shum\u00eb furrtar\u00eb po p\u00ebrdorin pluhur kikiriku t\u00eb pjekur si z\u00ebvend\u00ebsues t\u00eb miellit n\u00eb recetat pa gluten, duke rritur shijen dhe ushqimin.<\/li>\n<li><strong>P\u00ebrfitimet sh\u00ebndet\u00ebsore:<\/strong> Konsumator\u00ebt e kujdessh\u00ebm ndaj sh\u00ebndetit e shohin pluhurin e pjekur t\u00eb kikirikut t\u00ebrheq\u00ebs p\u00ebr shkak t\u00eb p\u00ebrmbajtjes s\u00eb lart\u00eb t\u00eb proteinave, fibrave dhe yndyr\u00ebs s\u00eb sh\u00ebndetshme.<\/li>\n<li><strong>K\u00ebrkesa n\u00eb rritje p\u00ebr proteina me baz\u00eb bimore:<\/strong> Nd\u00ebrsa dietat me baz\u00eb bimore rriten, pluhuri i kikirikut t\u00eb pjekur b\u00ebhet nj\u00eb burim i preferuar proteinash p\u00ebr vegan\u00ebt dhe vegjetarian\u00ebt.<\/li>\n<li><strong>Aplikimet e pjekjes pa gluten:<\/strong> Buk\u00ebpjek\u00ebsit zgjedhin gjithnj\u00eb e m\u00eb shum\u00eb pluhurin e kikirikut t\u00eb pjekur si z\u00ebvend\u00ebsues t\u00eb miellit n\u00eb recetat pa gluten, duke rritur shijen dhe ushqimin.<\/li>\n<li><strong>P\u00ebrdorime inovative n\u00eb industrin\u00eb ushqimore:<\/strong> Ky p\u00ebrb\u00ebr\u00ebs i gjithansh\u00ebm rrit shijen dhe struktur\u00ebn e produkteve t\u00eb ndryshme, nga shufrat e energjis\u00eb deri te salcat.<\/li>\n<li><strong>Mund\u00ebsit\u00eb e etiket\u00ebs private:<\/strong> Shum\u00eb marka po zgjedhin produkte t\u00eb kikirikut me etiket\u00eb private, duke ofruar zgjidhje t\u00eb personalizuara t\u00eb pluhurit t\u00eb kikirikut t\u00eb pjekur me ne si nj\u00eb partner i besuar OEM.<\/li>\n<\/ul>\n<h3 class=\"flex max-w-full flex-col flex-grow\"><span style=\"font-size: 20.16px;\">Si nj\u00eb lider i besuesh\u00ebm n\u00eb industrin\u00eb e p\u00ebrpunimit t\u00eb kikirikut, ne ofrojm\u00eb pluhur kikiriku t\u00eb pjekur premium p\u00ebr aplikime t\u00eb ndryshme. Ja si dallojm\u00eb:<\/span><\/h3>\n<ul>\n<li><strong>Prodhimi m\u00eb i fundit:<\/strong> Linjat tona t\u00eb avancuara t\u00eb prodhimit sigurojn\u00eb pluhur kikiriku t\u00eb pjekur me cil\u00ebsi t\u00eb lart\u00eb me madh\u00ebsi dhe shije t\u00eb q\u00ebndrueshme t\u00eb grimcave.<\/li>\n<li><strong>Zgjidhje t\u00eb personalizuara:<\/strong> Si prodhues OEM, ne ofrojm\u00eb sh\u00ebrbime me etiketa private, nivele pjekjeje t\u00eb p\u00ebrshtatura dhe opsione fleksib\u00ebl paketimi p\u00ebr t\u00eb p\u00ebrmbushur nevojat tuaja unike.<\/li>\n<li><strong>Kontroll i rrept\u00eb i cil\u00ebsis\u00eb:<\/strong> Ne mbajm\u00eb standardet m\u00eb t\u00eb larta t\u00eb produktit p\u00ebrmes testeve rigoroze ndijore, kimike dhe mikrobike n\u00eb laborator\u00ebt tan\u00eb m\u00eb t\u00eb fundit.<\/li>\n<li><strong>Certifikatat dhe pajtueshm\u00ebria:<\/strong> Certifikatat tona\u2014BRCGS, HACCP, Halal, Kosher dhe EU Organic\u2014v\u00ebrtetojn\u00eb se ne i p\u00ebrmbahemi standardeve strikte t\u00eb cil\u00ebsis\u00eb dhe siguris\u00eb.<\/li>\n<li><strong>Ekspertiza Globale e Eksportit:<\/strong> Me p\u00ebrvoj\u00eb t\u00eb gjer\u00eb n\u00eb logjistik\u00ebn nd\u00ebrkomb\u00ebtare, ne garantojm\u00eb nj\u00eb proces t\u00eb qet\u00eb dhe t\u00eb besuesh\u00ebm eksporti n\u00eb tregjet n\u00eb mbar\u00eb bot\u00ebn.<\/li>\n<li><strong>Angazhimi p\u00ebr q\u00ebndrueshm\u00ebri:<\/strong> Ne i japim p\u00ebrpar\u00ebsi praktikave t\u00eb prodhimit t\u00eb q\u00ebndruesh\u00ebm dhe miq\u00ebsore me mjedisin, duke kontribuar n\u00eb nj\u00eb t\u00eb ardhme m\u00eb t\u00eb mir\u00eb p\u00ebr industrin\u00eb e kikirikut.<\/li>\n<\/ul>\n<h3>Pse Na zgjidhni ne?<\/h3>\n<ul>\n<li><strong>Zgjedhja kryesore:<\/strong> Teknologjia jon\u00eb e fundit, opsionet e personalizimit dhe certifikatat globale na b\u00ebjn\u00eb nj\u00eb furnizues kryesor.<\/li>\n<li><strong>Paketimi me porosi:<\/strong> Ne ofrojm\u00eb sh\u00ebrbime t\u00eb etiket\u00ebs private p\u00ebr t\u00eb p\u00ebrshtatur paketimin dhe mark\u00ebn tuaj sipas specifikave tuaja.<\/li>\n<li><strong>Sigurimi i freskis\u00eb:<\/strong> Objektet tona t\u00eb magazinimit t\u00eb kontrolluar nga temperatura ruajn\u00eb freskin\u00eb e produktit gjat\u00eb ruajtjes dhe d\u00ebrges\u00ebs.<\/li>\n<li><strong>Nivelet e pjekjes:<\/strong> Shijoni nivele pjekjeje t\u00eb personalizueshme nga drita n\u00eb err\u00ebsir\u00eb, t\u00eb krijuara p\u00ebr t&#039;iu p\u00ebrshtatur preferencave tuaja t\u00eb shijes.<\/li>\n<li><strong>Porosit\u00eb me shumic\u00eb:<\/strong> Kontaktoni ekipin ton\u00eb t\u00eb shitjeve p\u00ebr t\u00eb diskutuar dhe p\u00ebrmbushur me leht\u00ebsi nevojat tuaja p\u00ebr porosin\u00eb me shumic\u00eb.<\/li>\n<li><strong>Aplikimet n\u00eb industri:<\/strong> Pluhuri yn\u00eb i kikirikut t\u00eb pjekur \u00ebsht\u00eb i popullarizuar n\u00eb pjekje, n\u00eb prodhimin e ushqimeve, suplemente proteinike, salca dhe aromatizues.<\/li>\n<li><strong>Pa gluten:<\/strong> Natyrisht pa gluten, \u00ebsht\u00eb nj\u00eb zgjedhje e shk\u00eblqyer p\u00ebr produktet ushqimore pa gluten.<\/li>\n<li><strong>Mostrat e disponueshme:<\/strong> Ne ofrojm\u00eb mostra p\u00ebr klient\u00ebt e mundsh\u00ebm p\u00ebr t\u00eb vler\u00ebsuar cil\u00ebsin\u00eb dhe p\u00ebrshtatshm\u00ebrin\u00eb e produktit ton\u00eb.<\/li>\n<li><strong>Arritja globale:<\/strong> Ne eksportojm\u00eb n\u00eb tregjet n\u00eb Amerik\u00ebn e Veriut, Evrop\u00eb, Azi dhe Lindjen e Mesme, duke siguruar nj\u00eb rrjet t\u00eb fuqish\u00ebm furnizimi nd\u00ebrkomb\u00ebtar.<\/li>\n<\/ul>\n<a href=\"mailto:globepeanut@gmail.com\" class=\"button primary is-primary is-medium\"  >\n    <span>Na d\u00ebrgoni me email<\/span>\n  <\/a>\n\n<\/div>\n<\/div>","protected":false},"excerpt":{"rendered":"<p>Ne jemi Prodhues dhe Furnizues i Pluhurit t\u00eb Kikirikut t\u00eb pjekur n\u00eb Kin\u00eb<\/p>\n<p>- MOQ: 1 ton<br \/>\n\u2013 Ofrohet sh\u00ebrbim OEM\/ODM<br \/>\n- Mostra falas n\u00eb dispozicion<br \/>\n- Pranoni personalizimin (specifikimet, madh\u00ebsit\u00eb, ngjyra, dizajni, etj.)<br \/>\n- Specifikimet (14 rrjet\u00eb m\u00eb t\u00eb vogla, ose sipas k\u00ebrkes\u00ebs tuaj)<\/p>\n<p>N\u00ebse d\u00ebshironi t\u00eb merrni pluhur kikiriku t\u00eb pjekur, ju lutemi na kontaktoni.<\/p>","protected":false},"featured_media":1714,"comment_status":"open","ping_status":"closed","template":"","meta":[],"product_cat":[37],"product_tag":[],"class_list":{"0":"post-1556","1":"product","2":"type-product","3":"status-publish","4":"has-post-thumbnail","6":"product_cat-roasted-peanut","8":"first","9":"instock","10":"shipping-taxable","11":"product-type-simple"},"yoast_head":"<!-- This site is optimized with the Yoast SEO plugin v24.9 - https:\/\/yoast.com\/wordpress\/plugins\/seo\/ -->\n<title>Roasted Peanut Powder Manufacturer - Peanut Butter Factory<\/title>\n<meta name=\"description\" content=\"We are a top OEM, private label manufacturer, and exporter of premium Roasted Peanut Powder, offering quality solutions globally.\" \/>\n<meta name=\"robots\" content=\"index, follow, max-snippet:-1, max-image-preview:large, max-video-preview:-1\" \/>\n<link rel=\"canonical\" href=\"https:\/\/www.peanutoem.com\/sq\/manufacturer\/roasted-peanut-powder\/\" \/>\n<meta property=\"og:locale\" content=\"sq_AL\" \/>\n<meta property=\"og:type\" content=\"article\" \/>\n<meta property=\"og:title\" content=\"Roasted Peanut Powder Manufacturer - Peanut Butter Factory\" \/>\n<meta property=\"og:description\" content=\"We are a top OEM, private label manufacturer, and exporter of premium Roasted Peanut Powder, offering quality solutions globally.\" \/>\n<meta property=\"og:url\" content=\"https:\/\/www.peanutoem.com\/sq\/manufacturer\/roasted-peanut-powder\/\" \/>\n<meta property=\"og:site_name\" content=\"Peanut Butter Factory\" \/>\n<meta property=\"article:modified_time\" content=\"2024-09-28T04:23:49+00:00\" \/>\n<meta property=\"og:image\" content=\"https:\/\/www.peanutoem.com\/wp-content\/uploads\/2024\/09\/Roasted-Peanut-Powder.webp\" \/>\n\t<meta property=\"og:image:width\" content=\"551\" \/>\n\t<meta property=\"og:image:height\" content=\"472\" \/>\n\t<meta property=\"og:image:type\" content=\"image\/webp\" \/>\n<meta name=\"twitter:card\" content=\"summary_large_image\" \/>\n<meta name=\"twitter:label1\" content=\"Est. reading time\" \/>\n\t<meta name=\"twitter:data1\" content=\"3 minuta\" \/>\n<script type=\"application\/ld+json\" class=\"yoast-schema-graph\">{\"@context\":\"https:\/\/schema.org\",\"@graph\":[{\"@type\":\"WebPage\",\"@id\":\"https:\/\/www.peanutoem.com\/manufacturer\/roasted-peanut-powder\/\",\"url\":\"https:\/\/www.peanutoem.com\/manufacturer\/roasted-peanut-powder\/\",\"name\":\"Roasted Peanut Powder Manufacturer - Peanut Butter Factory\",\"isPartOf\":{\"@id\":\"https:\/\/www.peanutoem.com\/#website\"},\"primaryImageOfPage\":{\"@id\":\"https:\/\/www.peanutoem.com\/manufacturer\/roasted-peanut-powder\/#primaryimage\"},\"image\":{\"@id\":\"https:\/\/www.peanutoem.com\/manufacturer\/roasted-peanut-powder\/#primaryimage\"},\"thumbnailUrl\":\"https:\/\/www.peanutoem.com\/wp-content\/uploads\/2024\/09\/Roasted-Peanut-Powder.webp\",\"datePublished\":\"2024-09-02T14:00:57+00:00\",\"dateModified\":\"2024-09-28T04:23:49+00:00\",\"description\":\"We are a top OEM, private label manufacturer, and exporter of premium Roasted Peanut Powder, offering quality solutions globally.\",\"breadcrumb\":{\"@id\":\"https:\/\/www.peanutoem.com\/manufacturer\/roasted-peanut-powder\/#breadcrumb\"},\"inLanguage\":\"sq\",\"potentialAction\":[{\"@type\":\"ReadAction\",\"target\":[\"https:\/\/www.peanutoem.com\/manufacturer\/roasted-peanut-powder\/\"]}]},{\"@type\":\"ImageObject\",\"inLanguage\":\"sq\",\"@id\":\"https:\/\/www.peanutoem.com\/manufacturer\/roasted-peanut-powder\/#primaryimage\",\"url\":\"https:\/\/www.peanutoem.com\/wp-content\/uploads\/2024\/09\/Roasted-Peanut-Powder.webp\",\"contentUrl\":\"https:\/\/www.peanutoem.com\/wp-content\/uploads\/2024\/09\/Roasted-Peanut-Powder.webp\",\"width\":551,\"height\":472,\"caption\":\"Roasted Peanut Powder\"},{\"@type\":\"BreadcrumbList\",\"@id\":\"https:\/\/www.peanutoem.com\/manufacturer\/roasted-peanut-powder\/#breadcrumb\",\"itemListElement\":[{\"@type\":\"ListItem\",\"position\":1,\"name\":\"Home\",\"item\":\"https:\/\/www.peanutoem.com\/\"},{\"@type\":\"ListItem\",\"position\":2,\"name\":\"Products\",\"item\":\"https:\/\/www.peanutoem.com\/shop\/\"},{\"@type\":\"ListItem\",\"position\":3,\"name\":\"Roasted Peanut Powder\"}]},{\"@type\":\"WebSite\",\"@id\":\"https:\/\/www.peanutoem.com\/#website\",\"url\":\"https:\/\/www.peanutoem.com\/\",\"name\":\"Peanut Butter Factory\",\"description\":\"Peanut Butter Manufacturer and Roast Peanut OEM Factory | Peanut Private Label China Supplier\",\"publisher\":{\"@id\":\"https:\/\/www.peanutoem.com\/#organization\"},\"alternateName\":\"Peanut Butter OEM and Wholesale\",\"potentialAction\":[{\"@type\":\"SearchAction\",\"target\":{\"@type\":\"EntryPoint\",\"urlTemplate\":\"https:\/\/www.peanutoem.com\/?s={search_term_string}\"},\"query-input\":{\"@type\":\"PropertyValueSpecification\",\"valueRequired\":true,\"valueName\":\"search_term_string\"}}],\"inLanguage\":\"sq\"},{\"@type\":\"Organization\",\"@id\":\"https:\/\/www.peanutoem.com\/#organization\",\"name\":\"Peanut Butter Factory\",\"alternateName\":\"JuFeng Group\",\"url\":\"https:\/\/www.peanutoem.com\/\",\"logo\":{\"@type\":\"ImageObject\",\"inLanguage\":\"sq\",\"@id\":\"https:\/\/www.peanutoem.com\/#\/schema\/logo\/image\/\",\"url\":\"https:\/\/www.peanutoem.com\/wp-content\/uploads\/2024\/09\/JUFENG-LOGO.png\",\"contentUrl\":\"https:\/\/www.peanutoem.com\/wp-content\/uploads\/2024\/09\/JUFENG-LOGO.png\",\"width\":600,\"height\":170,\"caption\":\"Peanut Butter Factory\"},\"image\":{\"@id\":\"https:\/\/www.peanutoem.com\/#\/schema\/logo\/image\/\"}}]}<\/script>\n<!-- \/ Yoast SEO plugin. -->","yoast_head_json":{"title":"Roasted Peanut Powder Manufacturer - Peanut Butter Factory","description":"We are a top OEM, private label manufacturer, and exporter of premium Roasted Peanut Powder, offering quality solutions globally.","robots":{"index":"index","follow":"follow","max-snippet":"max-snippet:-1","max-image-preview":"max-image-preview:large","max-video-preview":"max-video-preview:-1"},"canonical":"https:\/\/www.peanutoem.com\/sq\/manufacturer\/roasted-peanut-powder\/","og_locale":"sq_AL","og_type":"article","og_title":"Roasted Peanut Powder Manufacturer - Peanut Butter Factory","og_description":"We are a top OEM, private label manufacturer, and exporter of premium Roasted Peanut Powder, offering quality solutions globally.","og_url":"https:\/\/www.peanutoem.com\/sq\/manufacturer\/roasted-peanut-powder\/","og_site_name":"Peanut Butter Factory","article_modified_time":"2024-09-28T04:23:49+00:00","og_image":[{"width":551,"height":472,"url":"https:\/\/www.peanutoem.com\/wp-content\/uploads\/2024\/09\/Roasted-Peanut-Powder.webp","type":"image\/webp"}],"twitter_card":"summary_large_image","twitter_misc":{"Est. reading time":"3 minuta"},"schema":{"@context":"https:\/\/schema.org","@graph":[{"@type":"WebPage","@id":"https:\/\/www.peanutoem.com\/manufacturer\/roasted-peanut-powder\/","url":"https:\/\/www.peanutoem.com\/manufacturer\/roasted-peanut-powder\/","name":"Roasted Peanut Powder Manufacturer - Peanut Butter Factory","isPartOf":{"@id":"https:\/\/www.peanutoem.com\/#website"},"primaryImageOfPage":{"@id":"https:\/\/www.peanutoem.com\/manufacturer\/roasted-peanut-powder\/#primaryimage"},"image":{"@id":"https:\/\/www.peanutoem.com\/manufacturer\/roasted-peanut-powder\/#primaryimage"},"thumbnailUrl":"https:\/\/www.peanutoem.com\/wp-content\/uploads\/2024\/09\/Roasted-Peanut-Powder.webp","datePublished":"2024-09-02T14:00:57+00:00","dateModified":"2024-09-28T04:23:49+00:00","description":"We are a top OEM, private label manufacturer, and exporter of premium Roasted Peanut Powder, offering quality solutions globally.","breadcrumb":{"@id":"https:\/\/www.peanutoem.com\/manufacturer\/roasted-peanut-powder\/#breadcrumb"},"inLanguage":"sq","potentialAction":[{"@type":"ReadAction","target":["https:\/\/www.peanutoem.com\/manufacturer\/roasted-peanut-powder\/"]}]},{"@type":"ImageObject","inLanguage":"sq","@id":"https:\/\/www.peanutoem.com\/manufacturer\/roasted-peanut-powder\/#primaryimage","url":"https:\/\/www.peanutoem.com\/wp-content\/uploads\/2024\/09\/Roasted-Peanut-Powder.webp","contentUrl":"https:\/\/www.peanutoem.com\/wp-content\/uploads\/2024\/09\/Roasted-Peanut-Powder.webp","width":551,"height":472,"caption":"Roasted Peanut Powder"},{"@type":"BreadcrumbList","@id":"https:\/\/www.peanutoem.com\/manufacturer\/roasted-peanut-powder\/#breadcrumb","itemListElement":[{"@type":"ListItem","position":1,"name":"Home","item":"https:\/\/www.peanutoem.com\/"},{"@type":"ListItem","position":2,"name":"Products","item":"https:\/\/www.peanutoem.com\/shop\/"},{"@type":"ListItem","position":3,"name":"Roasted Peanut Powder"}]},{"@type":"WebSite","@id":"https:\/\/www.peanutoem.com\/#website","url":"https:\/\/www.peanutoem.com\/","name":"Peanut Butter Factory","description":"Peanut Butter Manufacturer and Roast Peanut OEM Factory | Peanut Private Label China Supplier","publisher":{"@id":"https:\/\/www.peanutoem.com\/#organization"},"alternateName":"Peanut Butter OEM and Wholesale","potentialAction":[{"@type":"SearchAction","target":{"@type":"EntryPoint","urlTemplate":"https:\/\/www.peanutoem.com\/?s={search_term_string}"},"query-input":{"@type":"PropertyValueSpecification","valueRequired":true,"valueName":"search_term_string"}}],"inLanguage":"sq"},{"@type":"Organization","@id":"https:\/\/www.peanutoem.com\/#organization","name":"Peanut Butter Factory","alternateName":"JuFeng Group","url":"https:\/\/www.peanutoem.com\/","logo":{"@type":"ImageObject","inLanguage":"sq","@id":"https:\/\/www.peanutoem.com\/#\/schema\/logo\/image\/","url":"https:\/\/www.peanutoem.com\/wp-content\/uploads\/2024\/09\/JUFENG-LOGO.png","contentUrl":"https:\/\/www.peanutoem.com\/wp-content\/uploads\/2024\/09\/JUFENG-LOGO.png","width":600,"height":170,"caption":"Peanut Butter Factory"},"image":{"@id":"https:\/\/www.peanutoem.com\/#\/schema\/logo\/image\/"}}]}},"_links":{"self":[{"href":"https:\/\/www.peanutoem.com\/sq\/wp-json\/wp\/v2\/product\/1556","targetHints":{"allow":["GET"]}}],"collection":[{"href":"https:\/\/www.peanutoem.com\/sq\/wp-json\/wp\/v2\/product"}],"about":[{"href":"https:\/\/www.peanutoem.com\/sq\/wp-json\/wp\/v2\/types\/product"}],"replies":[{"embeddable":true,"href":"https:\/\/www.peanutoem.com\/sq\/wp-json\/wp\/v2\/comments?post=1556"}],"wp:featuredmedia":[{"embeddable":true,"href":"https:\/\/www.peanutoem.com\/sq\/wp-json\/wp\/v2\/media\/1714"}],"wp:attachment":[{"href":"https:\/\/www.peanutoem.com\/sq\/wp-json\/wp\/v2\/media?parent=1556"}],"wp:term":[{"taxonomy":"product_cat","embeddable":true,"href":"https:\/\/www.peanutoem.com\/sq\/wp-json\/wp\/v2\/product_cat?post=1556"},{"taxonomy":"product_tag","embeddable":true,"href":"https:\/\/www.peanutoem.com\/sq\/wp-json\/wp\/v2\/product_tag?post=1556"}],"curies":[{"name":"wp","href":"https:\/\/api.w.org\/{rel}","templated":true}]}}