{"id":1637,"date":"2024-09-10T12:28:30","date_gmt":"2024-09-10T12:28:30","guid":{"rendered":"https:\/\/www.peanutoem.com\/?post_type=product&#038;p=1637"},"modified":"2024-10-06T09:58:03","modified_gmt":"2024-10-06T09:58:03","slug":"spicy-peanut-butter","status":"publish","type":"product","link":"https:\/\/www.peanutoem.com\/sq\/manufacturer\/spicy-peanut-butter\/","title":{"rendered":"Gjalp\u00eb kikiriku pikant"},"content":{"rendered":"<h3>\u00c7far\u00eb \u00ebsht\u00eb gjalpi i kikirikut pikant?<\/h3>\n<p>Gjalpi i kikirikut pikant \u00ebsht\u00eb nj\u00eb ndryshim i shijsh\u00ebm i gjalpit tradicional t\u00eb kikirikut, duke kombinuar struktur\u00ebn kremoze ose krokante t\u00eb kikirikut me nj\u00eb goditje t\u00eb nxeht\u00ebsis\u00eb nga er\u00ebza si p.sh. <a href=\"https:\/\/en.wikipedia.org\/wiki\/Chili\" target=\"_blank\" rel=\"noopener\">djeg\u00ebs<\/a>, piper i kuq ose i kuq. \u00cbsht\u00eb perfekt p\u00ebr ata q\u00eb p\u00eblqejn\u00eb p\u00ebrzierjen e shijeve t\u00eb \u00ebmbla dhe pikante, duke i shtuar emocionet ushqimeve, sandui\u00e7eve dhe recetave. Pavar\u00ebsisht n\u00ebse p\u00ebrdoret si zhytje, lyerje apo p\u00ebrb\u00ebr\u00ebs, gjalpi pikant i kikirikut po b\u00ebhet nj\u00eb zgjedhje popullore n\u00eb mesin e entuziast\u00ebve t\u00eb ushqimit.<\/p>\n<p><img loading=\"lazy\" decoding=\"async\" class=\"alignnone wp-image-1675 size-full\" src=\"https:\/\/www.peanutoem.com\/wp-content\/uploads\/2024\/09\/Spicy-Peanut-Butter-on-Table.webp\" alt=\"Gjalp\u00eb kikiriku pikant n\u00eb tryez\u00eb\" width=\"912\" height=\"1144\" srcset=\"https:\/\/www.peanutoem.com\/wp-content\/uploads\/2024\/09\/Spicy-Peanut-Butter-on-Table.webp 912w, https:\/\/www.peanutoem.com\/wp-content\/uploads\/2024\/09\/Spicy-Peanut-Butter-on-Table-239x300.webp 239w, https:\/\/www.peanutoem.com\/wp-content\/uploads\/2024\/09\/Spicy-Peanut-Butter-on-Table-816x1024.webp 816w, https:\/\/www.peanutoem.com\/wp-content\/uploads\/2024\/09\/Spicy-Peanut-Butter-on-Table-768x963.webp 768w, https:\/\/www.peanutoem.com\/wp-content\/uploads\/2024\/09\/Spicy-Peanut-Butter-on-Table-10x12.webp 10w, https:\/\/www.peanutoem.com\/wp-content\/uploads\/2024\/09\/Spicy-Peanut-Butter-on-Table-600x753.webp 600w\" sizes=\"auto, (max-width: 912px) 100vw, 912px\" \/><\/p>\n<h3>Cilat jan\u00eb emrat e tjer\u00eb p\u00ebr gjalpin e kikirikut pikant?<\/h3>\n<p>Gjalpi i kikirikut pikant mund t\u00eb shkoj\u00eb me emra t\u00eb ndrysh\u00ebm n\u00eb var\u00ebsi t\u00eb rajonit dhe profileve t\u00eb shijes. K\u00ebta emra theksojn\u00eb komponentin e nxeht\u00ebsis\u00eb, duke e b\u00ebr\u00eb m\u00eb t\u00eb leht\u00eb p\u00ebr konsumator\u00ebt global\u00eb t\u00eb kuptojn\u00eb t\u00ebrheqjen e tij unike. Disa emra alternativ\u00eb p\u00ebrfshijn\u00eb:<\/p>\n<ul>\n<li>Gjalp\u00eb kikiriku t\u00eb nxeht\u00eb<\/li>\n<li>Gjalp\u00eb kikiriku i mbushur me djeg\u00ebs<\/li>\n<li>P\u00ebrhapja me gjalp\u00eb kikiriku t\u00eb zjarrt\u00eb<\/li>\n<li>Gjalp\u00eb arra pikante<\/li>\n<li>P\u00ebrhapja e kikirikut me er\u00ebza<\/li>\n<\/ul>\n<p><span style=\"font-size: 20.16px;\">Temat e nxehta<\/span><\/p>\n<ul>\n<li><strong>Eksplorimi i recetave pikante t\u00eb gjalpit t\u00eb kikirikut<\/strong><br \/>\nGjalpi i kikirikut pikant \u00ebsht\u00eb nj\u00eb fuqi kreative n\u00eb kuzhin\u00eb, q\u00eb sh\u00ebrben jo vet\u00ebm si nj\u00eb salc\u00eb me shije, por edhe shk\u00eblqen n\u00eb pjata t\u00eb ndryshme. I shton nj\u00eb goditje t\u00eb zjarrt\u00eb t\u00eb skuqurave aziatike, p\u00ebrmir\u00ebson shijen e ushqimeve t\u00eb skuqura dhe mishit t\u00eb pjekur n\u00eb skar\u00eb dhe vepron si nj\u00eb marinad\u00eb q\u00eb mbush p\u00ebrb\u00ebr\u00ebsit me surpriza t\u00eb k\u00ebndshme. Nga tosti i shijsh\u00ebm n\u00eb m\u00ebngjes deri tek pet\u00eb e shijshme n\u00eb dark\u00eb, \u00e7do pjat\u00eb rrezaton bukuri unike fal\u00eb k\u00ebtij p\u00ebrb\u00ebr\u00ebsi.<\/li>\n<li><strong>P\u00ebrfitimet sh\u00ebndet\u00ebsore pas shijes<\/strong><br \/>\nKy p\u00ebrhapje e shijshme \u00ebsht\u00eb gjithashtu nj\u00eb thesar i t\u00eb ushqyerit. Proteinat e tij t\u00eb larta dhe yndyrnat e sh\u00ebndetshme ushqejn\u00eb trupin, nd\u00ebrsa kapsaicina stimulon qiellz\u00ebn dhe ndihmon tretjen. P\u00ebr m\u00eb tep\u00ebr, ai mb\u00ebshtet metabolizmin dhe sh\u00ebndetin e zemr\u00ebs, duke kombinuar n\u00eb m\u00ebnyr\u00eb efektive shijen dhe mir\u00ebqenien.<\/li>\n<li><strong>P\u00ebrfshirja e tij n\u00eb vaktet e p\u00ebrditshme<\/strong><br \/>\nIntegrimi i gjalpit pikant t\u00eb kikirikut n\u00eb diet\u00ebn tuaj t\u00eb p\u00ebrditshme \u00ebsht\u00eb i leht\u00eb dhe i k\u00ebndsh\u00ebm. Sh\u00ebrben si partneri i p\u00ebrsosur p\u00ebr tostin e m\u00ebngjesit, i shton shije smoothieve t\u00eb pasdites dhe p\u00ebrmir\u00ebson burritot e dark\u00ebs, duke sjell\u00eb nj\u00eb ndryshim t\u00eb fresk\u00ebt n\u00eb \u00e7do vakt.<\/li>\n<li><strong>Nj\u00eb trend global n\u00eb rritje<\/strong><br \/>\nGjalpi i kikirikut pikant po shfaqet me shpejt\u00ebsi si nj\u00eb yll nd\u00ebrkufitar. Nd\u00ebrsa shijet e darkuesve diversifikohen, ajo i kap\u00ebrcen kufijt\u00eb rajonal\u00eb, duke magjepsur fansat n\u00eb mbar\u00eb bot\u00ebn. Kjo p\u00ebrhapje \u00e7on rrug\u00ebn n\u00eb eksplorimin e shijes, duke t\u00ebrhequr ngr\u00ebn\u00ebsit aventurier\u00eb t\u00eb etur p\u00ebr t\u00eb provuar di\u00e7ka t\u00eb re.<\/li>\n<\/ul>\n<hr \/>\n<h3>FAQ p\u00ebr gjalpin e kikirikut pikant<\/h3>\n<ol>\n<li><strong>Pse t\u00eb na zgjidhni p\u00ebr nevojat tuaja pikante p\u00ebr gjalpin e kikirikut?<\/strong><br \/>\nNe ofrojm\u00eb sh\u00ebrbime gjith\u00ebp\u00ebrfshir\u00ebse OEM me opsione t\u00eb plota personalizimi, duke siguruar q\u00eb \u00e7do produkt t\u00eb p\u00ebrputhet n\u00eb m\u00ebnyr\u00eb t\u00eb p\u00ebrsosur me vizionin e mark\u00ebs suaj dhe k\u00ebrkesat e tregut.<\/li>\n<li><strong>A mund t\u00eb rregulloni nivelin e pikasis\u00eb dhe t\u00eb krijoni nj\u00eb formul\u00eb t\u00eb pronarit?<\/strong><br \/>\nAbsolutisht! Ne mund t\u00eb p\u00ebrshtasim pikante nga e buta n\u00eb at\u00eb tep\u00ebr t\u00eb nxeht\u00eb dhe t\u00eb zhvillojm\u00eb formulime unike ekskluzivisht p\u00ebr mark\u00ebn tuaj.<\/li>\n<li><strong>\u00c7far\u00eb opsionesh paketimi dhe certifikimi ofroni?<\/strong><br \/>\nNe ofrojm\u00eb nj\u00eb gam\u00eb t\u00eb gjer\u00eb zgjidhjesh paketimi - kavanoza, shishe, kartona, fu\u00e7i, kova, qese shtrydh\u00ebse dhe kontejner\u00eb me shumic\u00eb - t\u00eb gjitha t\u00eb personalizueshme p\u00ebr t&#039;iu p\u00ebrshtatur mark\u00ebs suaj. P\u00ebr m\u00eb tep\u00ebr, ne mbajm\u00eb \u00e7ertifikata si HACCP, Kosher, Halal dhe BRCGS, duke siguruar q\u00eb produktet tona t\u00eb p\u00ebrmbushin standardet nd\u00ebrkomb\u00ebtare.<\/li>\n<li><strong>A ofroni gjalp\u00eb kikiriku me er\u00ebza organike dhe grupe mostrash?<\/strong><br \/>\nPo, ne prodhojm\u00eb gjalp\u00eb kikiriku pikant t\u00eb certifikuar organik t\u00eb BE-s\u00eb, t\u00eb b\u00ebr\u00eb me p\u00ebrb\u00ebr\u00ebs natyral\u00eb p\u00ebr konsumator\u00ebt e nd\u00ebrgjegjsh\u00ebm p\u00ebr sh\u00ebndetin. Plus, ne ofrojm\u00eb grupe mostrash n\u00eb m\u00ebnyr\u00eb q\u00eb t\u00eb mund ta testoni produktin p\u00ebrpara se t\u00eb b\u00ebni nj\u00eb porosi t\u00eb madhe.<\/li>\n<li><strong>Si e siguroni cil\u00ebsin\u00eb dhe cilat jan\u00eb periudhat tuaja?<\/strong><br \/>\nTestimi yn\u00eb rigoroz n\u00eb laboratorin ton\u00eb t\u00eb brendsh\u00ebm, i kombinuar me logjistik\u00ebn efikase, garanton cil\u00ebsi t\u00eb q\u00ebndrueshme. Ne gjithashtu sigurojm\u00eb koh\u00eb t\u00eb shpejta t\u00eb kthimit bazuar n\u00eb v\u00ebllimin e porosis\u00eb dhe destinacionin.<\/li>\n<li><strong>A eksportoni globalisht?<\/strong><br \/>\nPo, ne kemi p\u00ebrvoj\u00eb t\u00eb gjer\u00eb n\u00eb eksportimin global, duke menaxhuar t\u00eb gjitha dokumentet dhe rregulloret e nevojshme p\u00ebr t\u00eb siguruar shp\u00ebrndarje t\u00eb qet\u00eb.<\/li>\n<\/ol>\n<hr \/>\n<h3><img loading=\"lazy\" decoding=\"async\" class=\"alignnone wp-image-1677 size-full\" src=\"https:\/\/www.peanutoem.com\/wp-content\/uploads\/2024\/09\/Spicy-Peanut-Butter-Spread-on-Food.webp\" alt=\"Gjalp\u00eb kikiriku pikant i p\u00ebrhapur n\u00eb ushqim\" width=\"896\" height=\"1152\" srcset=\"https:\/\/www.peanutoem.com\/wp-content\/uploads\/2024\/09\/Spicy-Peanut-Butter-Spread-on-Food.webp 896w, https:\/\/www.peanutoem.com\/wp-content\/uploads\/2024\/09\/Spicy-Peanut-Butter-Spread-on-Food-233x300.webp 233w, https:\/\/www.peanutoem.com\/wp-content\/uploads\/2024\/09\/Spicy-Peanut-Butter-Spread-on-Food-796x1024.webp 796w, https:\/\/www.peanutoem.com\/wp-content\/uploads\/2024\/09\/Spicy-Peanut-Butter-Spread-on-Food-768x987.webp 768w, https:\/\/www.peanutoem.com\/wp-content\/uploads\/2024\/09\/Spicy-Peanut-Butter-Spread-on-Food-9x12.webp 9w, https:\/\/www.peanutoem.com\/wp-content\/uploads\/2024\/09\/Spicy-Peanut-Butter-Spread-on-Food-600x771.webp 600w\" sizes=\"auto, (max-width: 896px) 100vw, 896px\" \/><\/h3>\n<a href=\"mailto:globepeanut@gmail.com\" class=\"button primary is-primary is-medium\"  >\n    <span>Na d\u00ebrgoni me email<\/span>\n  <\/a>","protected":false},"excerpt":{"rendered":"<table width=\"564\">\n<tbody>\n<tr>\n<td width=\"113\"><strong>Emri i produktit<\/strong><\/td>\n<td width=\"402\">Gjalp\u00eb kikiriku pikant<\/td>\n<\/tr>\n<tr>\n<td width=\"113\"><strong>Specifikimet<\/strong><\/td>\n<td width=\"402\">200gx36, 227gx24, 340gx12, 375gx12, 500gx12, 510gx12, 1kgx12, 10kgx1, 20kgx1, 220kgx1<\/td>\n<\/tr>\n<tr>\n<td width=\"113\"><strong>Formulari i paketimit<\/strong><\/td>\n<td width=\"402\">Kavanoz, kov\u00eb, paket\u00eb doy, qese, karton, kana\u00e7e, fu\u00e7i, kana\u00e7e, shishe, etj.<\/td>\n<\/tr>\n<tr>\n<td width=\"113\"><strong>Koha e dor\u00ebzimit<\/strong><\/td>\n<td width=\"402\">7-20 dit\u00eb pas porosis\u00eb<\/td>\n<\/tr>\n<tr>\n<td width=\"113\"><strong>MOQ<\/strong><\/td>\n<td width=\"402\">Nj\u00eb ton<\/td>\n<\/tr>\n<tr>\n<td width=\"113\"><strong>Mostra<\/strong><\/td>\n<td width=\"402\">Mostra falas n\u00eb dispozicion<\/td>\n<\/tr>\n<tr>\n<td width=\"113\"><strong>OEM<\/strong><\/td>\n<td width=\"402\">Etiketa e bler\u00ebsit pranohet<\/td>\n<\/tr>\n<\/tbody>\n<\/table>","protected":false},"featured_media":1668,"comment_status":"open","ping_status":"closed","template":"","meta":[],"product_cat":[15],"product_tag":[],"class_list":{"0":"post-1637","1":"product","2":"type-product","3":"status-publish","4":"has-post-thumbnail","6":"product_cat-peanut-butter","8":"first","9":"instock","10":"shipping-taxable","11":"product-type-simple"},"yoast_head":"<!-- This site is optimized with the Yoast SEO plugin v24.9 - https:\/\/yoast.com\/wordpress\/plugins\/seo\/ -->\n<title>Spicy Peanut Butter China Manufacturer OEM - Peanut Butter Factory<\/title>\n<meta name=\"description\" content=\"Leading spicy peanut butter OEM private label manufacturer and exporter. Order your premium quality, custom-made spicy peanut butter.\" \/>\n<meta name=\"robots\" content=\"index, follow, max-snippet:-1, max-image-preview:large, max-video-preview:-1\" \/>\n<link rel=\"canonical\" href=\"https:\/\/www.peanutoem.com\/sq\/manufacturer\/spicy-peanut-butter\/\" \/>\n<meta property=\"og:locale\" content=\"sq_AL\" \/>\n<meta property=\"og:type\" content=\"article\" \/>\n<meta property=\"og:title\" content=\"Spicy Peanut Butter China Manufacturer OEM - Peanut Butter Factory\" \/>\n<meta property=\"og:description\" content=\"Leading spicy peanut butter OEM private label manufacturer and exporter. Order your premium quality, custom-made spicy peanut butter.\" \/>\n<meta property=\"og:url\" content=\"https:\/\/www.peanutoem.com\/sq\/manufacturer\/spicy-peanut-butter\/\" \/>\n<meta property=\"og:site_name\" content=\"Peanut Butter Factory\" \/>\n<meta property=\"article:modified_time\" content=\"2024-10-06T09:58:03+00:00\" \/>\n<meta property=\"og:image\" content=\"https:\/\/www.peanutoem.com\/wp-content\/uploads\/2024\/09\/Spicy-Peanut-Butter.webp\" \/>\n\t<meta property=\"og:image:width\" content=\"1000\" \/>\n\t<meta property=\"og:image:height\" content=\"1000\" \/>\n\t<meta property=\"og:image:type\" content=\"image\/webp\" \/>\n<meta name=\"twitter:card\" content=\"summary_large_image\" \/>\n<meta name=\"twitter:label1\" content=\"Est. reading time\" \/>\n\t<meta name=\"twitter:data1\" content=\"4 minuta\" \/>\n<script type=\"application\/ld+json\" class=\"yoast-schema-graph\">{\"@context\":\"https:\/\/schema.org\",\"@graph\":[{\"@type\":\"WebPage\",\"@id\":\"https:\/\/www.peanutoem.com\/manufacturer\/spicy-peanut-butter\/\",\"url\":\"https:\/\/www.peanutoem.com\/manufacturer\/spicy-peanut-butter\/\",\"name\":\"Spicy Peanut Butter China Manufacturer OEM - Peanut Butter Factory\",\"isPartOf\":{\"@id\":\"https:\/\/www.peanutoem.com\/#website\"},\"primaryImageOfPage\":{\"@id\":\"https:\/\/www.peanutoem.com\/manufacturer\/spicy-peanut-butter\/#primaryimage\"},\"image\":{\"@id\":\"https:\/\/www.peanutoem.com\/manufacturer\/spicy-peanut-butter\/#primaryimage\"},\"thumbnailUrl\":\"https:\/\/www.peanutoem.com\/wp-content\/uploads\/2024\/09\/Spicy-Peanut-Butter.webp\",\"datePublished\":\"2024-09-10T12:28:30+00:00\",\"dateModified\":\"2024-10-06T09:58:03+00:00\",\"description\":\"Leading spicy peanut butter OEM private label manufacturer and exporter. Order your premium quality, custom-made spicy peanut butter.\",\"breadcrumb\":{\"@id\":\"https:\/\/www.peanutoem.com\/manufacturer\/spicy-peanut-butter\/#breadcrumb\"},\"inLanguage\":\"sq\",\"potentialAction\":[{\"@type\":\"ReadAction\",\"target\":[\"https:\/\/www.peanutoem.com\/manufacturer\/spicy-peanut-butter\/\"]}]},{\"@type\":\"ImageObject\",\"inLanguage\":\"sq\",\"@id\":\"https:\/\/www.peanutoem.com\/manufacturer\/spicy-peanut-butter\/#primaryimage\",\"url\":\"https:\/\/www.peanutoem.com\/wp-content\/uploads\/2024\/09\/Spicy-Peanut-Butter.webp\",\"contentUrl\":\"https:\/\/www.peanutoem.com\/wp-content\/uploads\/2024\/09\/Spicy-Peanut-Butter.webp\",\"width\":1000,\"height\":1000,\"caption\":\"Spicy Peanut Butter\"},{\"@type\":\"BreadcrumbList\",\"@id\":\"https:\/\/www.peanutoem.com\/manufacturer\/spicy-peanut-butter\/#breadcrumb\",\"itemListElement\":[{\"@type\":\"ListItem\",\"position\":1,\"name\":\"Home\",\"item\":\"https:\/\/www.peanutoem.com\/\"},{\"@type\":\"ListItem\",\"position\":2,\"name\":\"Products\",\"item\":\"https:\/\/www.peanutoem.com\/shop\/\"},{\"@type\":\"ListItem\",\"position\":3,\"name\":\"Spicy Peanut Butter\"}]},{\"@type\":\"WebSite\",\"@id\":\"https:\/\/www.peanutoem.com\/#website\",\"url\":\"https:\/\/www.peanutoem.com\/\",\"name\":\"Peanut Butter Factory\",\"description\":\"Peanut Butter Manufacturer and Roast Peanut OEM Factory | Peanut Private Label China Supplier\",\"publisher\":{\"@id\":\"https:\/\/www.peanutoem.com\/#organization\"},\"alternateName\":\"Peanut Butter OEM and Wholesale\",\"potentialAction\":[{\"@type\":\"SearchAction\",\"target\":{\"@type\":\"EntryPoint\",\"urlTemplate\":\"https:\/\/www.peanutoem.com\/?s={search_term_string}\"},\"query-input\":{\"@type\":\"PropertyValueSpecification\",\"valueRequired\":true,\"valueName\":\"search_term_string\"}}],\"inLanguage\":\"sq\"},{\"@type\":\"Organization\",\"@id\":\"https:\/\/www.peanutoem.com\/#organization\",\"name\":\"Peanut Butter Factory\",\"alternateName\":\"JuFeng Group\",\"url\":\"https:\/\/www.peanutoem.com\/\",\"logo\":{\"@type\":\"ImageObject\",\"inLanguage\":\"sq\",\"@id\":\"https:\/\/www.peanutoem.com\/#\/schema\/logo\/image\/\",\"url\":\"https:\/\/www.peanutoem.com\/wp-content\/uploads\/2024\/09\/JUFENG-LOGO.png\",\"contentUrl\":\"https:\/\/www.peanutoem.com\/wp-content\/uploads\/2024\/09\/JUFENG-LOGO.png\",\"width\":600,\"height\":170,\"caption\":\"Peanut Butter Factory\"},\"image\":{\"@id\":\"https:\/\/www.peanutoem.com\/#\/schema\/logo\/image\/\"}}]}<\/script>\n<!-- \/ Yoast SEO plugin. -->","yoast_head_json":{"title":"Spicy Peanut Butter China Manufacturer OEM - Peanut Butter Factory","description":"Leading spicy peanut butter OEM private label manufacturer and exporter. Order your premium quality, custom-made spicy peanut butter.","robots":{"index":"index","follow":"follow","max-snippet":"max-snippet:-1","max-image-preview":"max-image-preview:large","max-video-preview":"max-video-preview:-1"},"canonical":"https:\/\/www.peanutoem.com\/sq\/manufacturer\/spicy-peanut-butter\/","og_locale":"sq_AL","og_type":"article","og_title":"Spicy Peanut Butter China Manufacturer OEM - Peanut Butter Factory","og_description":"Leading spicy peanut butter OEM private label manufacturer and exporter. Order your premium quality, custom-made spicy peanut butter.","og_url":"https:\/\/www.peanutoem.com\/sq\/manufacturer\/spicy-peanut-butter\/","og_site_name":"Peanut Butter Factory","article_modified_time":"2024-10-06T09:58:03+00:00","og_image":[{"width":1000,"height":1000,"url":"https:\/\/www.peanutoem.com\/wp-content\/uploads\/2024\/09\/Spicy-Peanut-Butter.webp","type":"image\/webp"}],"twitter_card":"summary_large_image","twitter_misc":{"Est. reading time":"4 minuta"},"schema":{"@context":"https:\/\/schema.org","@graph":[{"@type":"WebPage","@id":"https:\/\/www.peanutoem.com\/manufacturer\/spicy-peanut-butter\/","url":"https:\/\/www.peanutoem.com\/manufacturer\/spicy-peanut-butter\/","name":"Spicy Peanut Butter China Manufacturer OEM - Peanut Butter Factory","isPartOf":{"@id":"https:\/\/www.peanutoem.com\/#website"},"primaryImageOfPage":{"@id":"https:\/\/www.peanutoem.com\/manufacturer\/spicy-peanut-butter\/#primaryimage"},"image":{"@id":"https:\/\/www.peanutoem.com\/manufacturer\/spicy-peanut-butter\/#primaryimage"},"thumbnailUrl":"https:\/\/www.peanutoem.com\/wp-content\/uploads\/2024\/09\/Spicy-Peanut-Butter.webp","datePublished":"2024-09-10T12:28:30+00:00","dateModified":"2024-10-06T09:58:03+00:00","description":"Leading spicy peanut butter OEM private label manufacturer and exporter. Order your premium quality, custom-made spicy peanut butter.","breadcrumb":{"@id":"https:\/\/www.peanutoem.com\/manufacturer\/spicy-peanut-butter\/#breadcrumb"},"inLanguage":"sq","potentialAction":[{"@type":"ReadAction","target":["https:\/\/www.peanutoem.com\/manufacturer\/spicy-peanut-butter\/"]}]},{"@type":"ImageObject","inLanguage":"sq","@id":"https:\/\/www.peanutoem.com\/manufacturer\/spicy-peanut-butter\/#primaryimage","url":"https:\/\/www.peanutoem.com\/wp-content\/uploads\/2024\/09\/Spicy-Peanut-Butter.webp","contentUrl":"https:\/\/www.peanutoem.com\/wp-content\/uploads\/2024\/09\/Spicy-Peanut-Butter.webp","width":1000,"height":1000,"caption":"Spicy Peanut Butter"},{"@type":"BreadcrumbList","@id":"https:\/\/www.peanutoem.com\/manufacturer\/spicy-peanut-butter\/#breadcrumb","itemListElement":[{"@type":"ListItem","position":1,"name":"Home","item":"https:\/\/www.peanutoem.com\/"},{"@type":"ListItem","position":2,"name":"Products","item":"https:\/\/www.peanutoem.com\/shop\/"},{"@type":"ListItem","position":3,"name":"Spicy Peanut Butter"}]},{"@type":"WebSite","@id":"https:\/\/www.peanutoem.com\/#website","url":"https:\/\/www.peanutoem.com\/","name":"Peanut Butter Factory","description":"Peanut Butter Manufacturer and Roast Peanut OEM Factory | Peanut Private Label China Supplier","publisher":{"@id":"https:\/\/www.peanutoem.com\/#organization"},"alternateName":"Peanut Butter OEM and Wholesale","potentialAction":[{"@type":"SearchAction","target":{"@type":"EntryPoint","urlTemplate":"https:\/\/www.peanutoem.com\/?s={search_term_string}"},"query-input":{"@type":"PropertyValueSpecification","valueRequired":true,"valueName":"search_term_string"}}],"inLanguage":"sq"},{"@type":"Organization","@id":"https:\/\/www.peanutoem.com\/#organization","name":"Peanut Butter Factory","alternateName":"JuFeng Group","url":"https:\/\/www.peanutoem.com\/","logo":{"@type":"ImageObject","inLanguage":"sq","@id":"https:\/\/www.peanutoem.com\/#\/schema\/logo\/image\/","url":"https:\/\/www.peanutoem.com\/wp-content\/uploads\/2024\/09\/JUFENG-LOGO.png","contentUrl":"https:\/\/www.peanutoem.com\/wp-content\/uploads\/2024\/09\/JUFENG-LOGO.png","width":600,"height":170,"caption":"Peanut Butter Factory"},"image":{"@id":"https:\/\/www.peanutoem.com\/#\/schema\/logo\/image\/"}}]}},"_links":{"self":[{"href":"https:\/\/www.peanutoem.com\/sq\/wp-json\/wp\/v2\/product\/1637","targetHints":{"allow":["GET"]}}],"collection":[{"href":"https:\/\/www.peanutoem.com\/sq\/wp-json\/wp\/v2\/product"}],"about":[{"href":"https:\/\/www.peanutoem.com\/sq\/wp-json\/wp\/v2\/types\/product"}],"replies":[{"embeddable":true,"href":"https:\/\/www.peanutoem.com\/sq\/wp-json\/wp\/v2\/comments?post=1637"}],"wp:featuredmedia":[{"embeddable":true,"href":"https:\/\/www.peanutoem.com\/sq\/wp-json\/wp\/v2\/media\/1668"}],"wp:attachment":[{"href":"https:\/\/www.peanutoem.com\/sq\/wp-json\/wp\/v2\/media?parent=1637"}],"wp:term":[{"taxonomy":"product_cat","embeddable":true,"href":"https:\/\/www.peanutoem.com\/sq\/wp-json\/wp\/v2\/product_cat?post=1637"},{"taxonomy":"product_tag","embeddable":true,"href":"https:\/\/www.peanutoem.com\/sq\/wp-json\/wp\/v2\/product_tag?post=1637"}],"curies":[{"name":"wp","href":"https:\/\/api.w.org\/{rel}","templated":true}]}}