{"id":1638,"date":"2024-09-10T12:30:11","date_gmt":"2024-09-10T12:30:11","guid":{"rendered":"https:\/\/www.peanutoem.com\/?post_type=product&#038;p=1638"},"modified":"2024-10-06T09:55:00","modified_gmt":"2024-10-06T09:55:00","slug":"chocolate-peanut-butter","status":"publish","type":"product","link":"https:\/\/www.peanutoem.com\/sq\/manufacturer\/chocolate-peanut-butter\/","title":{"rendered":"Gjalp\u00eb kikiriku me \u00e7okollat\u00eb"},"content":{"rendered":"<h3>\u00c7far\u00eb \u00ebsht\u00eb gjalpi i kikirikut me \u00e7okollat\u00eb?<\/h3>\n<p>Gjalpi i kikirikut me \u00e7okollat\u00eb \u00ebsht\u00eb nj\u00eb bashkim i shijsh\u00ebm i gjalpit t\u00eb kikirikut kremoz dhe i pasur <a href=\"https:\/\/en.wikipedia.org\/wiki\/Chocolate\" target=\"_blank\" rel=\"noopener\">\u00e7okollat\u00eb<\/a>, duke krijuar nj\u00eb p\u00ebrhapje t\u00eb \u00ebmb\u00ebl dhe t\u00eb shijshme q\u00eb apelon p\u00ebr nj\u00eb gam\u00eb t\u00eb gjer\u00eb preferencash shijesh. Kjo p\u00ebrzierje e k\u00ebndshme \u00ebsht\u00eb e p\u00ebrkryer p\u00ebr t&#039;u p\u00ebrhapur n\u00eb buk\u00eb, p\u00ebr t&#039;u p\u00ebrdorur n\u00eb \u00ebmb\u00eblsira ose thjesht p\u00ebr t&#039;u shijuar me lug\u00eb. Kombinimi i kikirik\u00ebve dhe \u00e7okollat\u00ebs ofron nj\u00eb trajtim t\u00eb ekuilibruar q\u00eb k\u00ebnaq si entuziast\u00ebt e gjalpit t\u00eb arrave ashtu edhe adhuruesit e \u00e7okollat\u00ebs.<\/p>\n<h3>Cilat jan\u00eb emrat e tjer\u00eb t\u00eb \u00e7okollat\u00ebs n\u00eb gjalp\u00eb kikiriku?<\/h3>\n<p>Gjalpi i kikirikut me \u00e7okollat\u00eb shpesh p\u00ebrmendet me emra t\u00eb ndrysh\u00ebm bazuar n\u00eb shijen dhe p\u00ebrdorimin e tij. Disa emra alternativ\u00eb p\u00ebrfshijn\u00eb:<\/p>\n<ul>\n<li>Gjalp\u00eb kikiriku me shije \u00e7okollate<\/li>\n<li>P\u00ebrhapja me gjalp\u00eb kikiriku me kakao<\/li>\n<li>Gjalp\u00eb kikiriku kakao<\/li>\n<li>P\u00ebrhapja me \u00e7oko-kikirik\u00eb<\/li>\n<li>Gjalp\u00eb kikiriku me \u00e7okollat\u00eb<\/li>\n<li>P\u00ebrhapja me \u00e7okollat\u00eb me arra<\/li>\n<li>Gjalp\u00eb kikiriku i mbushur me \u00e7okollat\u00eb<\/li>\n<li>P\u00ebrhapja me \u00e7okollat\u00eb me arra<\/li>\n<\/ul>\n<p>K\u00ebta emra nxjerrin n\u00eb pah p\u00ebrzierjen e lezetshme t\u00eb \u00e7okollat\u00ebs dhe gjalpit t\u00eb kikirikut, duke e b\u00ebr\u00eb at\u00eb t\u00ebrheq\u00ebs p\u00ebr konsumator\u00ebt n\u00ebp\u00ebr tregje t\u00eb ndryshme.<\/p>\n<h3><img loading=\"lazy\" decoding=\"async\" class=\"alignnone wp-image-1682 size-full\" src=\"https:\/\/www.peanutoem.com\/wp-content\/uploads\/2024\/09\/Chocolate-Peanut-Butter-on-Bread.webp\" alt=\"Gjalp\u00eb kikiriku me \u00e7okollat\u00eb mbi buk\u00eb\" width=\"912\" height=\"1144\" srcset=\"https:\/\/www.peanutoem.com\/wp-content\/uploads\/2024\/09\/Chocolate-Peanut-Butter-on-Bread.webp 912w, https:\/\/www.peanutoem.com\/wp-content\/uploads\/2024\/09\/Chocolate-Peanut-Butter-on-Bread-239x300.webp 239w, https:\/\/www.peanutoem.com\/wp-content\/uploads\/2024\/09\/Chocolate-Peanut-Butter-on-Bread-816x1024.webp 816w, https:\/\/www.peanutoem.com\/wp-content\/uploads\/2024\/09\/Chocolate-Peanut-Butter-on-Bread-768x963.webp 768w, https:\/\/www.peanutoem.com\/wp-content\/uploads\/2024\/09\/Chocolate-Peanut-Butter-on-Bread-10x12.webp 10w, https:\/\/www.peanutoem.com\/wp-content\/uploads\/2024\/09\/Chocolate-Peanut-Butter-on-Bread-600x753.webp 600w\" sizes=\"auto, (max-width: 912px) 100vw, 912px\" \/><\/h3>\n<h3>Pse t\u00eb na zgjidhni si furnizues partneri juaj?<\/h3>\n<p>Ne jemi prodhuesi dhe eksportuesi kryesor i etiket\u00ebs private OEM t\u00eb gjalpit t\u00eb kikirikut me \u00e7okollat\u00eb.<\/p>\n<ul>\n<li><strong>Ekspertiza e personalizimit:<\/strong> Ne ofrojm\u00eb formulime plot\u00ebsisht t\u00eb personalizuara p\u00ebr t&#039;iu p\u00ebrshtatur shijes, tekstur\u00ebs dhe k\u00ebrkesave tuaja specifike t\u00eb paketimit.<\/li>\n<li><strong>P\u00ebrb\u00ebr\u00ebsit premium:<\/strong> Duke p\u00ebrdorur vet\u00ebm kikirik\u00eb dhe \u00e7okollat\u00eb t\u00eb cil\u00ebsis\u00eb m\u00eb t\u00eb mir\u00eb.<\/li>\n<li><strong>Prodhimi i avancuar:<\/strong> Objektet tona moderne jan\u00eb t\u00eb pajisura me linja prodhimi m\u00eb t\u00eb avancuara nga SHBA, duke siguruar cil\u00ebsi dhe efikasitet t\u00eb q\u00ebndruesh\u00ebm n\u00eb \u00e7do grup.<\/li>\n<li><strong>Certifikatat dhe Sigurimi i Cil\u00ebsis\u00eb:<\/strong> Ne mbajm\u00eb nj\u00eb s\u00ebr\u00eb certifikimesh, duke p\u00ebrfshir\u00eb BRCGS, Kosher, Halal dhe HACCP, duke garantuar p\u00ebrputhjen me standardet nd\u00ebrkomb\u00ebtare t\u00eb siguris\u00eb dhe cil\u00ebsis\u00eb.<\/li>\n<li><strong>Shp\u00ebrndarja globale:<\/strong> Me p\u00ebrvoj\u00eb t\u00eb madhe n\u00eb tregtin\u00eb nd\u00ebrkomb\u00ebtare, ne eksportojm\u00eb gjalp\u00eb kikiriku me \u00e7okollat\u00eb n\u00eb tregjet anemban\u00eb bot\u00ebs, duke siguruar logjistik\u00eb t\u00eb qet\u00eb dhe d\u00ebrgesa n\u00eb koh\u00eb.<\/li>\n<\/ul>\n<h3>Temat e nxehta<\/h3>\n<div class=\"group\/conversation-turn relative flex w-full min-w-0 flex-col agent-turn\">\n<div class=\"flex-col gap-1 md:gap-3\">\n<div class=\"flex max-w-full flex-col flex-grow\">\n<div class=\"min-h-8 text-message flex w-full flex-col items-end gap-2 whitespace-normal break-words [.text-message+&amp;]:mt-5\" dir=\"auto\" data-message-author-role=\"assistant\" data-message-id=\"61c5f9c1-377c-4081-b461-888734723e68\">\n<div class=\"flex w-full flex-col gap-1 empty:hidden first:pt-[3px]\">\n<div class=\"markdown prose w-full break-words dark:prose-invert dark\">\n<ul>\n<li><span style=\"color: #282828;\"><strong>N\u00eb \u00ebmb\u00eblsirat<\/strong><\/span><br \/>\n<span style=\"color: #282828;\">Gjalpi i kikirikut me \u00e7okollat\u00eb sh\u00ebrben si nj\u00eb p\u00ebrb\u00ebr\u00ebs i gjithansh\u00ebm q\u00eb p\u00ebrmir\u00ebson ndjesh\u00ebm cil\u00ebsin\u00eb dhe shijen e \u00ebmb\u00eblsirave si \u00ebmb\u00eblsirat, brunies dhe akulloret. Struktura e tij kremoze dhe shija e pasur e b\u00ebjn\u00eb at\u00eb nj\u00eb shoq\u00ebrues t\u00eb shk\u00eblqyesh\u00ebm p\u00ebr produktet e pjekura dhe \u00ebmb\u00eblsirat.<\/span><\/li>\n<li><span style=\"color: #282828;\"><strong>P\u00ebrfitimet sh\u00ebndet\u00ebsore<\/strong><\/span><br \/>\n<span style=\"color: #282828;\">P\u00ebrve\u00e7 shijes s\u00eb tij t\u00eb parezistueshme, ky krem \u00ebsht\u00eb i pasur me proteina, yndyrna t\u00eb sh\u00ebndetshme dhe fibra, duke ofruar mb\u00ebshtetje ushqyese p\u00ebr trupin. Kur p\u00ebrpunohet me \u00e7okollat\u00eb t\u00eb zez\u00eb, ajo shton vetit\u00eb antioksiduese, duke i dh\u00ebn\u00eb produktit nj\u00eb t\u00ebrheqje t\u00eb sh\u00ebndetshme q\u00eb t\u00ebrheq konsumator\u00ebt e nd\u00ebrgjegjsh\u00ebm p\u00ebr sh\u00ebndetin.<\/span><\/li>\n<li><span style=\"color: #282828;\"><strong>Popullariteti Global<\/strong><\/span><br \/>\n<span style=\"color: #282828;\">Nd\u00ebrsa konsumator\u00ebt k\u00ebrkojn\u00eb gjithnj\u00eb e m\u00eb shum\u00eb ushqime q\u00eb k\u00ebnaqin sythat e tyre t\u00eb shijes duke qen\u00eb gjithashtu ushqyese, gjalpi i kikirikut me \u00e7okollat\u00eb ka fituar popullaritet t\u00eb jasht\u00ebzakonsh\u00ebm n\u00eb tregun global. Ai kombinon me sukses shijen dhe ushqimin, duke fituar admirim t\u00eb gjer\u00eb si nga f\u00ebmij\u00ebt ashtu edhe nga t\u00eb rriturit.<\/span><\/li>\n<li><span style=\"color: #282828;\"><strong>P\u00ebrdorime Kreative<\/strong><\/span><br \/>\n<span style=\"color: #282828;\">P\u00ebrtej \u00e7ifteve tradicionale si buk\u00eb e thekur ose sandui\u00e7e, ky p\u00ebrb\u00ebr\u00ebs mund t\u00eb p\u00ebrfshihet n\u00eb m\u00ebnyr\u00eb krijuese n\u00eb smoothie, bare energjie ose t\u00eb p\u00ebrdoret si mbushje p\u00ebr pasta. P\u00ebrshtatshm\u00ebria e tij unike e shijes e lejon at\u00eb t\u00eb shk\u00eblqej\u00eb si n\u00eb pjatat e \u00ebmbla ashtu edhe n\u00eb t\u00eb shijshme, duke e b\u00ebr\u00eb at\u00eb nj\u00eb element kryesor n\u00eb shum\u00eb kuzhina sht\u00ebpiake.<\/span><\/li>\n<\/ul>\n<\/div>\n<\/div>\n<\/div>\n<\/div>\n<\/div>\n<\/div>\n<hr \/>\n<h3><img loading=\"lazy\" decoding=\"async\" class=\"alignnone wp-image-1683 size-full\" src=\"https:\/\/www.peanutoem.com\/wp-content\/uploads\/2024\/09\/Chocolate-Peanut-Butter-Served.webp\" alt=\"Gjalp\u00eb kikiriku me \u00e7okollat\u00eb t\u00eb servirur\" width=\"896\" height=\"1152\" srcset=\"https:\/\/www.peanutoem.com\/wp-content\/uploads\/2024\/09\/Chocolate-Peanut-Butter-Served.webp 896w, https:\/\/www.peanutoem.com\/wp-content\/uploads\/2024\/09\/Chocolate-Peanut-Butter-Served-233x300.webp 233w, https:\/\/www.peanutoem.com\/wp-content\/uploads\/2024\/09\/Chocolate-Peanut-Butter-Served-796x1024.webp 796w, https:\/\/www.peanutoem.com\/wp-content\/uploads\/2024\/09\/Chocolate-Peanut-Butter-Served-768x987.webp 768w, https:\/\/www.peanutoem.com\/wp-content\/uploads\/2024\/09\/Chocolate-Peanut-Butter-Served-9x12.webp 9w, https:\/\/www.peanutoem.com\/wp-content\/uploads\/2024\/09\/Chocolate-Peanut-Butter-Served-600x771.webp 600w\" sizes=\"auto, (max-width: 896px) 100vw, 896px\" \/><\/h3>\n<h3>Pyetje t\u00eb shpeshta p\u00ebr gjalpin e kikirikut me \u00e7okollat\u00eb<\/h3>\n<ol>\n<li><strong>Si nj\u00eb prodhues kryesor OEM, cili \u00ebsht\u00eb avantazhi juaj kryesor konkurrues?<\/strong><br \/>\nNe dallojm\u00eb sepse ofrojm\u00eb sh\u00ebrbime t\u00eb ndryshme personalizimi, zgjedhim p\u00ebrb\u00ebr\u00ebs me cil\u00ebsi t\u00eb lart\u00eb dhe p\u00ebrdorim teknologjin\u00eb e p\u00ebrparuar t\u00eb prodhimit. Kjo siguron q\u00eb \u00e7do grup i gjalpit t\u00eb kikirikut shk\u00eblqen n\u00eb treg dhe plot\u00ebson nevojat unike t\u00eb klient\u00ebve tan\u00eb.<\/li>\n<li><strong>A mund ta rregulloni raportin \u00e7okollat\u00eb ndaj kikirikut sipas specifikimeve t\u00eb mia dhe t\u00eb krijoni nj\u00eb formul\u00eb t\u00eb personalizuar p\u00ebr mark\u00ebn time?<\/strong><br \/>\nAbsolutisht! Ne ofrojm\u00eb sh\u00ebrbime gjith\u00ebp\u00ebrfshir\u00ebse t\u00eb personalizimit t\u00eb shijes p\u00ebr t&#039;ju ndihmuar t\u00eb gjeni ekuilibrin e p\u00ebrsosur midis \u00e7okollat\u00ebs dhe kikirik\u00ebve, duke zhvilluar gjithashtu nj\u00eb formul\u00eb unike q\u00eb rrit konkurrueshm\u00ebrin\u00eb e mark\u00ebs suaj n\u00eb treg.<\/li>\n<li><strong>\u00c7far\u00eb opsionesh paketimi ofroni?<\/strong><br \/>\nNe ofrojm\u00eb nj\u00eb shum\u00ebllojshm\u00ebri zgjidhjesh paketimi, duke p\u00ebrfshir\u00eb kavanoza elegante, qese t\u00eb p\u00ebrshtatshme p\u00ebr shtrydhje dhe kontejner\u00eb me shumic\u00eb t\u00eb p\u00ebrshtatshme p\u00ebr ruajtje n\u00eb shkall\u00eb t\u00eb gjer\u00eb. T\u00eb gjitha paketimet mund t\u00eb personalizohen p\u00ebr t\u00eb pasqyruar identitetin dhe strategjin\u00eb e marketingut t\u00eb mark\u00ebs suaj.<\/li>\n<li><strong>A ofroni gjalp\u00eb kikiriku me \u00e7okollat\u00eb organike dhe si e siguroni cil\u00ebsin\u00eb e produktit?<\/strong><br \/>\nPo, ne prodhojm\u00eb gjalp\u00eb kikiriku t\u00eb certifikuar organik t\u00eb BE-s\u00eb, i b\u00ebr\u00eb me p\u00ebrb\u00ebr\u00ebs q\u00eb plot\u00ebsojn\u00eb standardet organike. P\u00ebr m\u00eb tep\u00ebr, ne kemi krijuar nj\u00eb sistem rigoroz t\u00eb menaxhimit t\u00eb cil\u00ebsis\u00eb, duke p\u00ebrfshir\u00eb testimin laboratorik t\u00eb brendsh\u00ebm, p\u00ebr t\u00eb siguruar q\u00eb \u00e7do grup t\u00eb plot\u00ebsoj\u00eb standardet m\u00eb t\u00eb larta t\u00eb shijes, struktur\u00ebs dhe siguris\u00eb.<\/li>\n<li><strong>A mund t\u00eb k\u00ebrkoj mostra p\u00ebr degustim p\u00ebrpara se t\u00eb b\u00ebj nj\u00eb porosi t\u00eb madhe dhe a mb\u00ebshtetni eksportet globale?<\/strong><br \/>\nSigurisht! Ne jemi t\u00eb lumtur t\u00eb ofrojm\u00eb grupe mostrash p\u00ebr vler\u00ebsimin tuaj p\u00ebrpara prodhimit t\u00eb plot\u00eb. P\u00ebr m\u00eb tep\u00ebr, ne kemi p\u00ebrvoj\u00eb t\u00eb gjer\u00eb n\u00eb eksportet globale, duke siguruar q\u00eb produktet tuaja t\u00eb arrijn\u00eb t\u00eb sigurta dhe n\u00eb koh\u00eb n\u00eb mbar\u00eb bot\u00ebn.<\/li>\n<\/ol>\n<a href=\"mailto:globepeanut@gmail.com\" class=\"button primary is-primary is-medium\"  >\n    <span>Na d\u00ebrgoni me email<\/span>\n  <\/a>","protected":false},"excerpt":{"rendered":"<table width=\"564\">\n<tbody>\n<tr>\n<td width=\"113\"><strong>Emri i produktit<\/strong><\/td>\n<td width=\"402\">Gjalp\u00eb kikiriku me \u00e7okollat\u00eb<\/td>\n<\/tr>\n<tr>\n<td width=\"113\"><strong>Specifikimet<\/strong><\/td>\n<td width=\"402\">200gx36, 227gx24, 340gx12, 375gx12, 500gx12, 510gx12, 1kgx12, 10kgx1, 20kgx1, 220kgx1<\/td>\n<\/tr>\n<tr>\n<td width=\"113\"><strong>Formulari i paketimit<\/strong><\/td>\n<td width=\"402\">Kavanoz, kov\u00eb, paket\u00eb doy, qese, karton, kana\u00e7e, fu\u00e7i, kana\u00e7e, shishe, etj.<\/td>\n<\/tr>\n<tr>\n<td width=\"113\"><strong>Koha e dor\u00ebzimit<\/strong><\/td>\n<td width=\"402\">7-20 dit\u00eb pas porosis\u00eb<\/td>\n<\/tr>\n<tr>\n<td width=\"113\"><strong>MOQ<\/strong><\/td>\n<td width=\"402\">Nj\u00eb ton<\/td>\n<\/tr>\n<tr>\n<td width=\"113\"><strong>Mostra<\/strong><\/td>\n<td width=\"402\">Mostra falas n\u00eb dispozicion<\/td>\n<\/tr>\n<tr>\n<td width=\"113\"><strong>OEM<\/strong><\/td>\n<td width=\"402\">Etiketa e bler\u00ebsit pranohet<\/td>\n<\/tr>\n<\/tbody>\n<\/table>\n<p>&nbsp;<\/p>","protected":false},"featured_media":1671,"comment_status":"open","ping_status":"closed","template":"","meta":[],"product_cat":[15],"product_tag":[],"class_list":{"0":"post-1638","1":"product","2":"type-product","3":"status-publish","4":"has-post-thumbnail","6":"product_cat-peanut-butter","8":"first","9":"instock","10":"shipping-taxable","11":"product-type-simple"},"yoast_head":"<!-- This site is optimized with the Yoast SEO plugin v24.9 - https:\/\/yoast.com\/wordpress\/plugins\/seo\/ -->\n<title>Chocolate Peanut Butter Manufacturer OEM - China Peanut Butter Factory<\/title>\n<meta name=\"description\" content=\"Leading chocolate peanut butter OEM private label manufacturer and exporter. Discover premium, customized chocolate peanut butter from us.\" \/>\n<meta name=\"robots\" content=\"index, follow, max-snippet:-1, max-image-preview:large, max-video-preview:-1\" \/>\n<link rel=\"canonical\" href=\"https:\/\/www.peanutoem.com\/sq\/manufacturer\/chocolate-peanut-butter\/\" \/>\n<meta property=\"og:locale\" content=\"sq_AL\" \/>\n<meta property=\"og:type\" content=\"article\" \/>\n<meta property=\"og:title\" content=\"Chocolate Peanut Butter Manufacturer OEM - China Peanut Butter Factory\" \/>\n<meta property=\"og:description\" content=\"Leading chocolate peanut butter OEM private label manufacturer and exporter. Discover premium, customized chocolate peanut butter from us.\" \/>\n<meta property=\"og:url\" content=\"https:\/\/www.peanutoem.com\/sq\/manufacturer\/chocolate-peanut-butter\/\" \/>\n<meta property=\"og:site_name\" content=\"Peanut Butter Factory\" \/>\n<meta property=\"article:modified_time\" content=\"2024-10-06T09:55:00+00:00\" \/>\n<meta property=\"og:image\" content=\"https:\/\/www.peanutoem.com\/wp-content\/uploads\/2024\/09\/Peanut-Butter-Chocolate-Flavor.webp\" \/>\n\t<meta property=\"og:image:width\" content=\"819\" \/>\n\t<meta property=\"og:image:height\" content=\"975\" \/>\n\t<meta property=\"og:image:type\" content=\"image\/webp\" \/>\n<meta name=\"twitter:card\" content=\"summary_large_image\" \/>\n<meta name=\"twitter:label1\" content=\"Est. reading time\" \/>\n\t<meta name=\"twitter:data1\" content=\"4 minuta\" \/>\n<script type=\"application\/ld+json\" class=\"yoast-schema-graph\">{\"@context\":\"https:\/\/schema.org\",\"@graph\":[{\"@type\":\"WebPage\",\"@id\":\"https:\/\/www.peanutoem.com\/manufacturer\/chocolate-peanut-butter\/\",\"url\":\"https:\/\/www.peanutoem.com\/manufacturer\/chocolate-peanut-butter\/\",\"name\":\"Chocolate Peanut Butter Manufacturer OEM - China Peanut Butter Factory\",\"isPartOf\":{\"@id\":\"https:\/\/www.peanutoem.com\/#website\"},\"primaryImageOfPage\":{\"@id\":\"https:\/\/www.peanutoem.com\/manufacturer\/chocolate-peanut-butter\/#primaryimage\"},\"image\":{\"@id\":\"https:\/\/www.peanutoem.com\/manufacturer\/chocolate-peanut-butter\/#primaryimage\"},\"thumbnailUrl\":\"https:\/\/www.peanutoem.com\/wp-content\/uploads\/2024\/09\/Peanut-Butter-Chocolate-Flavor.webp\",\"datePublished\":\"2024-09-10T12:30:11+00:00\",\"dateModified\":\"2024-10-06T09:55:00+00:00\",\"description\":\"Leading chocolate peanut butter OEM private label manufacturer and exporter. Discover premium, customized chocolate peanut butter from us.\",\"breadcrumb\":{\"@id\":\"https:\/\/www.peanutoem.com\/manufacturer\/chocolate-peanut-butter\/#breadcrumb\"},\"inLanguage\":\"sq\",\"potentialAction\":[{\"@type\":\"ReadAction\",\"target\":[\"https:\/\/www.peanutoem.com\/manufacturer\/chocolate-peanut-butter\/\"]}]},{\"@type\":\"ImageObject\",\"inLanguage\":\"sq\",\"@id\":\"https:\/\/www.peanutoem.com\/manufacturer\/chocolate-peanut-butter\/#primaryimage\",\"url\":\"https:\/\/www.peanutoem.com\/wp-content\/uploads\/2024\/09\/Peanut-Butter-Chocolate-Flavor.webp\",\"contentUrl\":\"https:\/\/www.peanutoem.com\/wp-content\/uploads\/2024\/09\/Peanut-Butter-Chocolate-Flavor.webp\",\"width\":819,\"height\":975,\"caption\":\"Peanut Butter Chocolate Flavor\"},{\"@type\":\"BreadcrumbList\",\"@id\":\"https:\/\/www.peanutoem.com\/manufacturer\/chocolate-peanut-butter\/#breadcrumb\",\"itemListElement\":[{\"@type\":\"ListItem\",\"position\":1,\"name\":\"Home\",\"item\":\"https:\/\/www.peanutoem.com\/\"},{\"@type\":\"ListItem\",\"position\":2,\"name\":\"Products\",\"item\":\"https:\/\/www.peanutoem.com\/shop\/\"},{\"@type\":\"ListItem\",\"position\":3,\"name\":\"Chocolate Peanut Butter\"}]},{\"@type\":\"WebSite\",\"@id\":\"https:\/\/www.peanutoem.com\/#website\",\"url\":\"https:\/\/www.peanutoem.com\/\",\"name\":\"Peanut Butter Factory\",\"description\":\"Peanut Butter Manufacturer and Roast Peanut OEM Factory | Peanut Private Label China Supplier\",\"publisher\":{\"@id\":\"https:\/\/www.peanutoem.com\/#organization\"},\"alternateName\":\"Peanut Butter OEM and Wholesale\",\"potentialAction\":[{\"@type\":\"SearchAction\",\"target\":{\"@type\":\"EntryPoint\",\"urlTemplate\":\"https:\/\/www.peanutoem.com\/?s={search_term_string}\"},\"query-input\":{\"@type\":\"PropertyValueSpecification\",\"valueRequired\":true,\"valueName\":\"search_term_string\"}}],\"inLanguage\":\"sq\"},{\"@type\":\"Organization\",\"@id\":\"https:\/\/www.peanutoem.com\/#organization\",\"name\":\"Peanut Butter Factory\",\"alternateName\":\"JuFeng Group\",\"url\":\"https:\/\/www.peanutoem.com\/\",\"logo\":{\"@type\":\"ImageObject\",\"inLanguage\":\"sq\",\"@id\":\"https:\/\/www.peanutoem.com\/#\/schema\/logo\/image\/\",\"url\":\"https:\/\/www.peanutoem.com\/wp-content\/uploads\/2024\/09\/JUFENG-LOGO.png\",\"contentUrl\":\"https:\/\/www.peanutoem.com\/wp-content\/uploads\/2024\/09\/JUFENG-LOGO.png\",\"width\":600,\"height\":170,\"caption\":\"Peanut Butter Factory\"},\"image\":{\"@id\":\"https:\/\/www.peanutoem.com\/#\/schema\/logo\/image\/\"}}]}<\/script>\n<!-- \/ Yoast SEO plugin. -->","yoast_head_json":{"title":"Chocolate Peanut Butter Manufacturer OEM - China Peanut Butter Factory","description":"Leading chocolate peanut butter OEM private label manufacturer and exporter. Discover premium, customized chocolate peanut butter from us.","robots":{"index":"index","follow":"follow","max-snippet":"max-snippet:-1","max-image-preview":"max-image-preview:large","max-video-preview":"max-video-preview:-1"},"canonical":"https:\/\/www.peanutoem.com\/sq\/manufacturer\/chocolate-peanut-butter\/","og_locale":"sq_AL","og_type":"article","og_title":"Chocolate Peanut Butter Manufacturer OEM - China Peanut Butter Factory","og_description":"Leading chocolate peanut butter OEM private label manufacturer and exporter. Discover premium, customized chocolate peanut butter from us.","og_url":"https:\/\/www.peanutoem.com\/sq\/manufacturer\/chocolate-peanut-butter\/","og_site_name":"Peanut Butter Factory","article_modified_time":"2024-10-06T09:55:00+00:00","og_image":[{"width":819,"height":975,"url":"https:\/\/www.peanutoem.com\/wp-content\/uploads\/2024\/09\/Peanut-Butter-Chocolate-Flavor.webp","type":"image\/webp"}],"twitter_card":"summary_large_image","twitter_misc":{"Est. reading time":"4 minuta"},"schema":{"@context":"https:\/\/schema.org","@graph":[{"@type":"WebPage","@id":"https:\/\/www.peanutoem.com\/manufacturer\/chocolate-peanut-butter\/","url":"https:\/\/www.peanutoem.com\/manufacturer\/chocolate-peanut-butter\/","name":"Chocolate Peanut Butter Manufacturer OEM - China Peanut Butter Factory","isPartOf":{"@id":"https:\/\/www.peanutoem.com\/#website"},"primaryImageOfPage":{"@id":"https:\/\/www.peanutoem.com\/manufacturer\/chocolate-peanut-butter\/#primaryimage"},"image":{"@id":"https:\/\/www.peanutoem.com\/manufacturer\/chocolate-peanut-butter\/#primaryimage"},"thumbnailUrl":"https:\/\/www.peanutoem.com\/wp-content\/uploads\/2024\/09\/Peanut-Butter-Chocolate-Flavor.webp","datePublished":"2024-09-10T12:30:11+00:00","dateModified":"2024-10-06T09:55:00+00:00","description":"Leading chocolate peanut butter OEM private label manufacturer and exporter. Discover premium, customized chocolate peanut butter from us.","breadcrumb":{"@id":"https:\/\/www.peanutoem.com\/manufacturer\/chocolate-peanut-butter\/#breadcrumb"},"inLanguage":"sq","potentialAction":[{"@type":"ReadAction","target":["https:\/\/www.peanutoem.com\/manufacturer\/chocolate-peanut-butter\/"]}]},{"@type":"ImageObject","inLanguage":"sq","@id":"https:\/\/www.peanutoem.com\/manufacturer\/chocolate-peanut-butter\/#primaryimage","url":"https:\/\/www.peanutoem.com\/wp-content\/uploads\/2024\/09\/Peanut-Butter-Chocolate-Flavor.webp","contentUrl":"https:\/\/www.peanutoem.com\/wp-content\/uploads\/2024\/09\/Peanut-Butter-Chocolate-Flavor.webp","width":819,"height":975,"caption":"Peanut Butter Chocolate Flavor"},{"@type":"BreadcrumbList","@id":"https:\/\/www.peanutoem.com\/manufacturer\/chocolate-peanut-butter\/#breadcrumb","itemListElement":[{"@type":"ListItem","position":1,"name":"Home","item":"https:\/\/www.peanutoem.com\/"},{"@type":"ListItem","position":2,"name":"Products","item":"https:\/\/www.peanutoem.com\/shop\/"},{"@type":"ListItem","position":3,"name":"Chocolate Peanut Butter"}]},{"@type":"WebSite","@id":"https:\/\/www.peanutoem.com\/#website","url":"https:\/\/www.peanutoem.com\/","name":"Peanut Butter Factory","description":"Peanut Butter Manufacturer and Roast Peanut OEM Factory | Peanut Private Label China Supplier","publisher":{"@id":"https:\/\/www.peanutoem.com\/#organization"},"alternateName":"Peanut Butter OEM and Wholesale","potentialAction":[{"@type":"SearchAction","target":{"@type":"EntryPoint","urlTemplate":"https:\/\/www.peanutoem.com\/?s={search_term_string}"},"query-input":{"@type":"PropertyValueSpecification","valueRequired":true,"valueName":"search_term_string"}}],"inLanguage":"sq"},{"@type":"Organization","@id":"https:\/\/www.peanutoem.com\/#organization","name":"Peanut Butter Factory","alternateName":"JuFeng Group","url":"https:\/\/www.peanutoem.com\/","logo":{"@type":"ImageObject","inLanguage":"sq","@id":"https:\/\/www.peanutoem.com\/#\/schema\/logo\/image\/","url":"https:\/\/www.peanutoem.com\/wp-content\/uploads\/2024\/09\/JUFENG-LOGO.png","contentUrl":"https:\/\/www.peanutoem.com\/wp-content\/uploads\/2024\/09\/JUFENG-LOGO.png","width":600,"height":170,"caption":"Peanut Butter Factory"},"image":{"@id":"https:\/\/www.peanutoem.com\/#\/schema\/logo\/image\/"}}]}},"_links":{"self":[{"href":"https:\/\/www.peanutoem.com\/sq\/wp-json\/wp\/v2\/product\/1638","targetHints":{"allow":["GET"]}}],"collection":[{"href":"https:\/\/www.peanutoem.com\/sq\/wp-json\/wp\/v2\/product"}],"about":[{"href":"https:\/\/www.peanutoem.com\/sq\/wp-json\/wp\/v2\/types\/product"}],"replies":[{"embeddable":true,"href":"https:\/\/www.peanutoem.com\/sq\/wp-json\/wp\/v2\/comments?post=1638"}],"wp:featuredmedia":[{"embeddable":true,"href":"https:\/\/www.peanutoem.com\/sq\/wp-json\/wp\/v2\/media\/1671"}],"wp:attachment":[{"href":"https:\/\/www.peanutoem.com\/sq\/wp-json\/wp\/v2\/media?parent=1638"}],"wp:term":[{"taxonomy":"product_cat","embeddable":true,"href":"https:\/\/www.peanutoem.com\/sq\/wp-json\/wp\/v2\/product_cat?post=1638"},{"taxonomy":"product_tag","embeddable":true,"href":"https:\/\/www.peanutoem.com\/sq\/wp-json\/wp\/v2\/product_tag?post=1638"}],"curies":[{"name":"wp","href":"https:\/\/api.w.org\/{rel}","templated":true}]}}