{"id":1393,"date":"2023-06-08T07:38:38","date_gmt":"2023-06-08T07:38:38","guid":{"rendered":"https:\/\/www.peanutoem.com\/?post_type=product&#038;p=1393"},"modified":"2024-10-09T12:10:08","modified_gmt":"2024-10-09T12:10:08","slug":"salty-peanut-butter","status":"publish","type":"product","link":"https:\/\/www.peanutoem.com\/sv\/manufacturer\/salty-peanut-butter\/","title":{"rendered":"Salt jordn\u00f6tssm\u00f6r"},"content":{"rendered":"<h3>Ledande OEM-leverant\u00f6r &amp; Private Label Tillverkare av Salty <a href=\"https:\/\/www.peanutoem.com\/sv\/Wholesale\/peanut-butter\/\" target=\"_blank\" rel=\"noopener\">Jordn\u00f6tssm\u00f6r<\/a><\/h3>\n<p>Vi erbjuder stolt premium salt jordn\u00f6tssm\u00f6r som en p\u00e5litlig OEM-leverant\u00f6r, tillverkare av egna m\u00e4rken och global export\u00f6r. Tillverkad med en perfekt balans av rostade jordn\u00f6tter och <a href=\"https:\/\/en.wikipedia.org\/wiki\/Salt\" target=\"_blank\" rel=\"noopener\">salt<\/a>, den ger en v\u00e4lsmakande smak som \u00e4r idealisk f\u00f6r snacks och matlagning. V\u00e5ra helt anpassningsbara produktionsl\u00f6sningar g\u00f6r det m\u00f6jligt f\u00f6r varum\u00e4rken att skapa unika variationer med flexibla f\u00f6rpackningar och orderstorlekar.<\/p>\n<h3>Vad \u00e4r salt jordn\u00f6tssm\u00f6r?<\/h3>\n<p>Salt jordn\u00f6tssm\u00f6r \u00e4r en smakrik variant av traditionellt jordn\u00f6tssm\u00f6r, som erbjuder en v\u00e4lsmakande twist med tillsatt salt. Denna typ av jordn\u00f6tssm\u00f6r tilltalar konsumenter som letar efter ett dj\u00e4rvare, mindre s\u00f6tt alternativ. Saltet f\u00f6rst\u00e4rker jordn\u00f6tternas naturliga n\u00f6tighet, vilket g\u00f6r det till en favorit f\u00f6r salta recept, p\u00e5l\u00e4gg och snacks.<\/p>\n<p><img loading=\"lazy\" decoding=\"async\" class=\"alignnone wp-image-1970 size-large\" src=\"https:\/\/www.peanutoem.com\/wp-content\/uploads\/2023\/06\/Seasalt-Peanut-Butter-200g-1-1024x461.webp\" alt=\"Seasalt Jordn\u00f6tssm\u00f6r 200g\" width=\"1020\" height=\"459\" srcset=\"https:\/\/www.peanutoem.com\/wp-content\/uploads\/2023\/06\/Seasalt-Peanut-Butter-200g-1-1024x461.webp 1024w, https:\/\/www.peanutoem.com\/wp-content\/uploads\/2023\/06\/Seasalt-Peanut-Butter-200g-1-300x135.webp 300w, https:\/\/www.peanutoem.com\/wp-content\/uploads\/2023\/06\/Seasalt-Peanut-Butter-200g-1-768x346.webp 768w, https:\/\/www.peanutoem.com\/wp-content\/uploads\/2023\/06\/Seasalt-Peanut-Butter-200g-1-1536x691.webp 1536w, https:\/\/www.peanutoem.com\/wp-content\/uploads\/2023\/06\/Seasalt-Peanut-Butter-200g-1-2048x922.webp 2048w, https:\/\/www.peanutoem.com\/wp-content\/uploads\/2023\/06\/Seasalt-Peanut-Butter-200g-1-18x8.webp 18w, https:\/\/www.peanutoem.com\/wp-content\/uploads\/2023\/06\/Seasalt-Peanut-Butter-200g-1-600x270.webp 600w\" sizes=\"auto, (max-width: 1020px) 100vw, 1020px\" \/><\/p>\n<h3>Vad \u00e4r andra namn?<\/h3>\n<p>Salt jordn\u00f6tssm\u00f6r kan ocks\u00e5 kallas:<\/p>\n<ul>\n<li><strong>Smakfullt jordn\u00f6tssm\u00f6r<\/strong><\/li>\n<li><strong>Saltat jordn\u00f6tssm\u00f6r<\/strong><\/li>\n<li><strong>Jordn\u00f6tssm\u00f6r med salt<\/strong><\/li>\n<li><strong>Saltinfunderat jordn\u00f6tssm\u00f6r<\/strong><\/li>\n<\/ul>\n<p>Dessa namn betonar det distinkta salta elementet som g\u00f6r salt jordn\u00f6tssm\u00f6r till en unik och popul\u00e4r produkt.<\/p>\n<h3>Varf\u00f6r v\u00e4lja oss som din leverant\u00f6r?<\/h3>\n<p>Som en p\u00e5litlig OEM-leverant\u00f6r och privata m\u00e4rkestillverkare erbjuder vi:<\/p>\n<ul>\n<li><strong>Anpassningsbart salt jordn\u00f6tssm\u00f6r<\/strong>: Skr\u00e4ddarsydda produkter f\u00f6r att passa ditt varum\u00e4rke.<\/li>\n<li><strong>Global <a href=\"https:\/\/www.peanutoem.com\/sv\/certificate\/\" target=\"_blank\" rel=\"noopener\">Certifieringar<\/a><\/strong>: V\u00e5ra standarder inkluderar HACCP, BRCGS, Halal, Kosher och EU Organic, vilket s\u00e4kerst\u00e4ller h\u00f6gsta kvalitet.<\/li>\n<li><strong>M\u00e5ngsidiga f\u00f6rpackningsalternativ<\/strong>: Vi tillverkar olika storlekar, fr\u00e5n butiksburkar till bulkbeh\u00e5llare.<\/li>\n<li><strong>Global exportexpertis<\/strong>: Vi levererar tillf\u00f6rlitligt till internationella marknader.<\/li>\n<\/ul>\n<h3>Vanliga fr\u00e5gor om jordn\u00f6tssm\u00f6r med salt<\/h3>\n<ol>\n<li><strong>Vad skiljer ditt salta jordn\u00f6tssm\u00f6r \u00e5t?<\/strong><br \/>\nVi levererar premium, konsekvent jordn\u00f6tssm\u00f6r med salt med anpassningsbara alternativ f\u00f6r produktion av egna m\u00e4rken.<\/li>\n<li><strong>Vilka ingredienser anv\u00e4nder du?<\/strong><br \/>\nV\u00e5rt salta jordn\u00f6tssm\u00f6r inneh\u00e5ller h\u00f6gkvalitativa rostade jordn\u00f6tter och exakt uppm\u00e4tt salt, utan tillsatser.<\/li>\n<li><strong>Kan jag justera salthalten?<\/strong><br \/>\nJa, vi erbjuder flexibilitet i saltniv\u00e5er f\u00f6r att matcha ditt varum\u00e4rkes smakprofil.<\/li>\n<li><strong>Vilka f\u00f6rpackningsalternativ finns tillg\u00e4ngliga?<\/strong><br \/>\nVi tillhandah\u00e5ller burkar, hinkar och p\u00e5sar i storlekar som \u00e4r l\u00e4mpliga f\u00f6r b\u00e5de detaljhandel och bulkdistribution.<\/li>\n<li><strong>Hur l\u00e5ng \u00e4r leveranstiden?<\/strong><br \/>\nLeveransen varierar vanligtvis fr\u00e5n 7 till 20 dagar, beroende p\u00e5 orderstorlek och specifikationer.<\/li>\n<li><strong>Erbjuder ni private label-tj\u00e4nster?<\/strong><br \/>\nJa, vi \u00e4r specialiserade p\u00e5 private label-tj\u00e4nster med full anpassning f\u00f6r varum\u00e4rke och f\u00f6rpackning.<\/li>\n<li><strong>Vad \u00e4r den minsta best\u00e4llningskvantiteten (MOQ)?<\/strong><br \/>\nV\u00e5r MOQ \u00e4r ett ton och rymmer b\u00e5de stora och mindre f\u00f6retag.<\/li>\n<\/ol>\n<h3>Uppt\u00e4ck m\u00e5ngsidigheten hos v\u00e5ra anpassningsbara produkter<\/h3>\n<p>Salt jordn\u00f6tssm\u00f6r \u00e4r ett m\u00e5ngsidigt val f\u00f6r dem som s\u00f6ker ett v\u00e4lsmakande alternativ till s\u00f6ta varianter. Dess unika smak f\u00f6rb\u00e4ttrar mellanm\u00e5l och matlagning, vilket g\u00f6r den perfekt f\u00f6r p\u00e5l\u00e4gg, dipp och s\u00e5ser. Vi m\u00f6ter den \u00f6kande efterfr\u00e5gan p\u00e5 smakrika, h\u00f6gkvalitativa alternativ samtidigt som vi erbjuder full anpassning f\u00f6r att passa dina behov.<\/p>\n<p>Som din p\u00e5litliga OEM- och private label-partner levererar vi h\u00f6gkvalitativa, anpassningsbara alternativ med globala exportm\u00f6jligheter, vilket s\u00e4kerst\u00e4ller excellens i varje burk.<\/p>\n<a href=\"mailto:globepeanut@gmail.com\" class=\"button primary is-primary is-medium\"  >\n    <span>Maila oss<\/span>\n  <\/a>","protected":false},"excerpt":{"rendered":"<table width=\"564\">\n<tbody>\n<tr>\n<td width=\"113\"><strong>Produktnamn<\/strong><\/td>\n<td width=\"402\">Salt jordn\u00f6tssm\u00f6r<\/td>\n<\/tr>\n<tr>\n<td width=\"113\"><strong>Ingredienser<\/strong><\/td>\n<td width=\"402\">Utvalda jordn\u00f6tsk\u00e4rnor, salt<\/td>\n<\/tr>\n<tr>\n<td width=\"113\"><strong>Specifikationer<\/strong><\/td>\n<td width=\"402\">227gx24, 340gx12, 375gx12, 500gx12, 510gx12, 1kgx12, 10kgx1, 20kgx1, 220kgx1<\/td>\n<\/tr>\n<tr>\n<td width=\"113\"><strong>F\u00f6rpackningsformul\u00e4r<\/strong><\/td>\n<td width=\"402\">Burk, hink, doypack, v\u00e4ska, kartong, pl\u00e5t, fat, burk, flaska, etc<\/td>\n<\/tr>\n<tr>\n<td width=\"113\"><strong>Leveranstid<\/strong><\/td>\n<td width=\"402\">7 ~ 20 dagar efter best\u00e4llning<\/td>\n<\/tr>\n<tr>\n<td width=\"113\"><strong>MOQ<\/strong><\/td>\n<td width=\"402\">Ett ton<\/td>\n<\/tr>\n<tr>\n<td width=\"113\"><strong>Prov<\/strong><\/td>\n<td width=\"402\">Gratis prov tillg\u00e4ngligt<\/td>\n<\/tr>\n<tr>\n<td width=\"113\"><strong>OEM<\/strong><\/td>\n<td width=\"402\">K\u00f6parens etikett accepteras<\/td>\n<\/tr>\n<\/tbody>\n<\/table>","protected":false},"featured_media":1968,"comment_status":"open","ping_status":"closed","template":"","meta":[],"product_cat":[15],"product_tag":[],"class_list":{"0":"post-1393","1":"product","2":"type-product","3":"status-publish","4":"has-post-thumbnail","6":"product_cat-peanut-butter","8":"first","9":"instock","10":"shipping-taxable","11":"product-type-simple"},"yoast_head":"<!-- This site is optimized with the Yoast SEO plugin v24.9 - https:\/\/yoast.com\/wordpress\/plugins\/seo\/ -->\n<title>Salty Peanut Butter China Exporter OEM - Peanut Butter Factory<\/title>\n<meta name=\"description\" content=\"Discover premium salty peanut butter OEM service. Your trusted private label manufacturer. Enjoy customizable production, various packaging.\" \/>\n<meta name=\"robots\" content=\"index, follow, max-snippet:-1, max-image-preview:large, max-video-preview:-1\" \/>\n<link rel=\"canonical\" href=\"https:\/\/www.peanutoem.com\/sv\/manufacturer\/salty-peanut-butter\/\" \/>\n<meta property=\"og:locale\" content=\"sv_SE\" \/>\n<meta property=\"og:type\" content=\"article\" \/>\n<meta property=\"og:title\" content=\"Salty Peanut Butter China Exporter OEM - Peanut Butter Factory\" \/>\n<meta property=\"og:description\" content=\"Discover premium salty peanut butter OEM service. Your trusted private label manufacturer. Enjoy customizable production, various packaging.\" \/>\n<meta property=\"og:url\" content=\"https:\/\/www.peanutoem.com\/sv\/manufacturer\/salty-peanut-butter\/\" \/>\n<meta property=\"og:site_name\" content=\"Peanut Butter Factory\" \/>\n<meta property=\"article:modified_time\" content=\"2024-10-09T12:10:08+00:00\" \/>\n<meta property=\"og:image\" content=\"https:\/\/www.peanutoem.com\/wp-content\/uploads\/2023\/06\/200g-seasalt-peanut-butter-1-scaled.webp\" \/>\n\t<meta property=\"og:image:width\" content=\"2560\" \/>\n\t<meta property=\"og:image:height\" content=\"1152\" \/>\n\t<meta property=\"og:image:type\" content=\"image\/webp\" \/>\n<meta name=\"twitter:card\" content=\"summary_large_image\" \/>\n<meta name=\"twitter:label1\" content=\"Ber\u00e4knad l\u00e4stid\" \/>\n\t<meta name=\"twitter:data1\" content=\"3 minuter\" \/>\n<script type=\"application\/ld+json\" class=\"yoast-schema-graph\">{\"@context\":\"https:\/\/schema.org\",\"@graph\":[{\"@type\":\"WebPage\",\"@id\":\"https:\/\/www.peanutoem.com\/manufacturer\/salty-peanut-butter\/\",\"url\":\"https:\/\/www.peanutoem.com\/manufacturer\/salty-peanut-butter\/\",\"name\":\"Salty Peanut Butter China Exporter OEM - Peanut Butter Factory\",\"isPartOf\":{\"@id\":\"https:\/\/www.peanutoem.com\/#website\"},\"primaryImageOfPage\":{\"@id\":\"https:\/\/www.peanutoem.com\/manufacturer\/salty-peanut-butter\/#primaryimage\"},\"image\":{\"@id\":\"https:\/\/www.peanutoem.com\/manufacturer\/salty-peanut-butter\/#primaryimage\"},\"thumbnailUrl\":\"https:\/\/www.peanutoem.com\/wp-content\/uploads\/2023\/06\/200g-seasalt-peanut-butter-1-scaled.webp\",\"datePublished\":\"2023-06-08T07:38:38+00:00\",\"dateModified\":\"2024-10-09T12:10:08+00:00\",\"description\":\"Discover premium salty peanut butter OEM service. Your trusted private label manufacturer. Enjoy customizable production, various packaging.\",\"breadcrumb\":{\"@id\":\"https:\/\/www.peanutoem.com\/manufacturer\/salty-peanut-butter\/#breadcrumb\"},\"inLanguage\":\"sv-SE\",\"potentialAction\":[{\"@type\":\"ReadAction\",\"target\":[\"https:\/\/www.peanutoem.com\/manufacturer\/salty-peanut-butter\/\"]}]},{\"@type\":\"ImageObject\",\"inLanguage\":\"sv-SE\",\"@id\":\"https:\/\/www.peanutoem.com\/manufacturer\/salty-peanut-butter\/#primaryimage\",\"url\":\"https:\/\/www.peanutoem.com\/wp-content\/uploads\/2023\/06\/200g-seasalt-peanut-butter-1-scaled.webp\",\"contentUrl\":\"https:\/\/www.peanutoem.com\/wp-content\/uploads\/2023\/06\/200g-seasalt-peanut-butter-1-scaled.webp\",\"width\":2560,\"height\":1152,\"caption\":\"200g seasalt peanut butter\"},{\"@type\":\"BreadcrumbList\",\"@id\":\"https:\/\/www.peanutoem.com\/manufacturer\/salty-peanut-butter\/#breadcrumb\",\"itemListElement\":[{\"@type\":\"ListItem\",\"position\":1,\"name\":\"Home\",\"item\":\"https:\/\/www.peanutoem.com\/\"},{\"@type\":\"ListItem\",\"position\":2,\"name\":\"Products\",\"item\":\"https:\/\/www.peanutoem.com\/shop\/\"},{\"@type\":\"ListItem\",\"position\":3,\"name\":\"Salty Peanut Butter\"}]},{\"@type\":\"WebSite\",\"@id\":\"https:\/\/www.peanutoem.com\/#website\",\"url\":\"https:\/\/www.peanutoem.com\/\",\"name\":\"Peanut Butter Factory\",\"description\":\"Peanut Butter Manufacturer and Roast Peanut OEM Factory | Peanut Private Label China Supplier\",\"publisher\":{\"@id\":\"https:\/\/www.peanutoem.com\/#organization\"},\"alternateName\":\"Peanut Butter OEM and Wholesale\",\"potentialAction\":[{\"@type\":\"SearchAction\",\"target\":{\"@type\":\"EntryPoint\",\"urlTemplate\":\"https:\/\/www.peanutoem.com\/?s={search_term_string}\"},\"query-input\":{\"@type\":\"PropertyValueSpecification\",\"valueRequired\":true,\"valueName\":\"search_term_string\"}}],\"inLanguage\":\"sv-SE\"},{\"@type\":\"Organization\",\"@id\":\"https:\/\/www.peanutoem.com\/#organization\",\"name\":\"Peanut Butter Factory\",\"alternateName\":\"JuFeng Group\",\"url\":\"https:\/\/www.peanutoem.com\/\",\"logo\":{\"@type\":\"ImageObject\",\"inLanguage\":\"sv-SE\",\"@id\":\"https:\/\/www.peanutoem.com\/#\/schema\/logo\/image\/\",\"url\":\"https:\/\/www.peanutoem.com\/wp-content\/uploads\/2024\/09\/JUFENG-LOGO.png\",\"contentUrl\":\"https:\/\/www.peanutoem.com\/wp-content\/uploads\/2024\/09\/JUFENG-LOGO.png\",\"width\":600,\"height\":170,\"caption\":\"Peanut Butter Factory\"},\"image\":{\"@id\":\"https:\/\/www.peanutoem.com\/#\/schema\/logo\/image\/\"}}]}<\/script>\n<!-- \/ Yoast SEO plugin. -->","yoast_head_json":{"title":"Salty Peanut Butter China Exporter OEM - Peanut Butter Factory","description":"Discover premium salty peanut butter OEM service. Your trusted private label manufacturer. Enjoy customizable production, various packaging.","robots":{"index":"index","follow":"follow","max-snippet":"max-snippet:-1","max-image-preview":"max-image-preview:large","max-video-preview":"max-video-preview:-1"},"canonical":"https:\/\/www.peanutoem.com\/sv\/manufacturer\/salty-peanut-butter\/","og_locale":"sv_SE","og_type":"article","og_title":"Salty Peanut Butter China Exporter OEM - Peanut Butter Factory","og_description":"Discover premium salty peanut butter OEM service. Your trusted private label manufacturer. Enjoy customizable production, various packaging.","og_url":"https:\/\/www.peanutoem.com\/sv\/manufacturer\/salty-peanut-butter\/","og_site_name":"Peanut Butter Factory","article_modified_time":"2024-10-09T12:10:08+00:00","og_image":[{"width":2560,"height":1152,"url":"https:\/\/www.peanutoem.com\/wp-content\/uploads\/2023\/06\/200g-seasalt-peanut-butter-1-scaled.webp","type":"image\/webp"}],"twitter_card":"summary_large_image","twitter_misc":{"Ber\u00e4knad l\u00e4stid":"3 minuter"},"schema":{"@context":"https:\/\/schema.org","@graph":[{"@type":"WebPage","@id":"https:\/\/www.peanutoem.com\/manufacturer\/salty-peanut-butter\/","url":"https:\/\/www.peanutoem.com\/manufacturer\/salty-peanut-butter\/","name":"Salty Peanut Butter China Exporter OEM - Peanut Butter Factory","isPartOf":{"@id":"https:\/\/www.peanutoem.com\/#website"},"primaryImageOfPage":{"@id":"https:\/\/www.peanutoem.com\/manufacturer\/salty-peanut-butter\/#primaryimage"},"image":{"@id":"https:\/\/www.peanutoem.com\/manufacturer\/salty-peanut-butter\/#primaryimage"},"thumbnailUrl":"https:\/\/www.peanutoem.com\/wp-content\/uploads\/2023\/06\/200g-seasalt-peanut-butter-1-scaled.webp","datePublished":"2023-06-08T07:38:38+00:00","dateModified":"2024-10-09T12:10:08+00:00","description":"Discover premium salty peanut butter OEM service. Your trusted private label manufacturer. Enjoy customizable production, various packaging.","breadcrumb":{"@id":"https:\/\/www.peanutoem.com\/manufacturer\/salty-peanut-butter\/#breadcrumb"},"inLanguage":"sv-SE","potentialAction":[{"@type":"ReadAction","target":["https:\/\/www.peanutoem.com\/manufacturer\/salty-peanut-butter\/"]}]},{"@type":"ImageObject","inLanguage":"sv-SE","@id":"https:\/\/www.peanutoem.com\/manufacturer\/salty-peanut-butter\/#primaryimage","url":"https:\/\/www.peanutoem.com\/wp-content\/uploads\/2023\/06\/200g-seasalt-peanut-butter-1-scaled.webp","contentUrl":"https:\/\/www.peanutoem.com\/wp-content\/uploads\/2023\/06\/200g-seasalt-peanut-butter-1-scaled.webp","width":2560,"height":1152,"caption":"200g seasalt peanut butter"},{"@type":"BreadcrumbList","@id":"https:\/\/www.peanutoem.com\/manufacturer\/salty-peanut-butter\/#breadcrumb","itemListElement":[{"@type":"ListItem","position":1,"name":"Home","item":"https:\/\/www.peanutoem.com\/"},{"@type":"ListItem","position":2,"name":"Products","item":"https:\/\/www.peanutoem.com\/shop\/"},{"@type":"ListItem","position":3,"name":"Salty Peanut Butter"}]},{"@type":"WebSite","@id":"https:\/\/www.peanutoem.com\/#website","url":"https:\/\/www.peanutoem.com\/","name":"Peanut Butter Factory","description":"Peanut Butter Manufacturer and Roast Peanut OEM Factory | Peanut Private Label China Supplier","publisher":{"@id":"https:\/\/www.peanutoem.com\/#organization"},"alternateName":"Peanut Butter OEM and Wholesale","potentialAction":[{"@type":"SearchAction","target":{"@type":"EntryPoint","urlTemplate":"https:\/\/www.peanutoem.com\/?s={search_term_string}"},"query-input":{"@type":"PropertyValueSpecification","valueRequired":true,"valueName":"search_term_string"}}],"inLanguage":"sv-SE"},{"@type":"Organization","@id":"https:\/\/www.peanutoem.com\/#organization","name":"Peanut Butter Factory","alternateName":"JuFeng Group","url":"https:\/\/www.peanutoem.com\/","logo":{"@type":"ImageObject","inLanguage":"sv-SE","@id":"https:\/\/www.peanutoem.com\/#\/schema\/logo\/image\/","url":"https:\/\/www.peanutoem.com\/wp-content\/uploads\/2024\/09\/JUFENG-LOGO.png","contentUrl":"https:\/\/www.peanutoem.com\/wp-content\/uploads\/2024\/09\/JUFENG-LOGO.png","width":600,"height":170,"caption":"Peanut Butter Factory"},"image":{"@id":"https:\/\/www.peanutoem.com\/#\/schema\/logo\/image\/"}}]}},"_links":{"self":[{"href":"https:\/\/www.peanutoem.com\/sv\/wp-json\/wp\/v2\/product\/1393","targetHints":{"allow":["GET"]}}],"collection":[{"href":"https:\/\/www.peanutoem.com\/sv\/wp-json\/wp\/v2\/product"}],"about":[{"href":"https:\/\/www.peanutoem.com\/sv\/wp-json\/wp\/v2\/types\/product"}],"replies":[{"embeddable":true,"href":"https:\/\/www.peanutoem.com\/sv\/wp-json\/wp\/v2\/comments?post=1393"}],"wp:featuredmedia":[{"embeddable":true,"href":"https:\/\/www.peanutoem.com\/sv\/wp-json\/wp\/v2\/media\/1968"}],"wp:attachment":[{"href":"https:\/\/www.peanutoem.com\/sv\/wp-json\/wp\/v2\/media?parent=1393"}],"wp:term":[{"taxonomy":"product_cat","embeddable":true,"href":"https:\/\/www.peanutoem.com\/sv\/wp-json\/wp\/v2\/product_cat?post=1393"},{"taxonomy":"product_tag","embeddable":true,"href":"https:\/\/www.peanutoem.com\/sv\/wp-json\/wp\/v2\/product_tag?post=1393"}],"curies":[{"name":"wp","href":"https:\/\/api.w.org\/{rel}","templated":true}]}}