{"id":1402,"date":"2023-06-08T08:15:42","date_gmt":"2023-06-08T08:15:42","guid":{"rendered":"https:\/\/www.peanutoem.com\/?post_type=product&#038;p=1402"},"modified":"2024-09-28T06:53:33","modified_gmt":"2024-09-28T06:53:33","slug":"crunchy-peanut-butter","status":"publish","type":"product","link":"https:\/\/www.peanutoem.com\/sv\/manufacturer\/crunchy-peanut-butter\/","title":{"rendered":"Knasigt jordn\u00f6tssm\u00f6r | Anpassat crunchy jordn\u00f6tssm\u00f6r"},"content":{"rendered":"<h3>Knaprig <a href=\"https:\/\/www.peanutoem.com\/sv\/Wholesale\/peanut-butter\/\" target=\"_blank\" rel=\"noopener\">Jordn\u00f6tssm\u00f6r<\/a> \u2013 Premium OEM Private Label Manufacturer<\/h3>\n<p>Vi \u00e4r stolta \u00f6ver att vara en ledande OEM-tillverkare, export\u00f6r och leverant\u00f6r av krispigt jordn\u00f6tssm\u00f6r av h\u00f6g kvalitet, som erbjuder en tillfredsst\u00e4llande konsistens, perfekt f\u00f6r b\u00e5de detaljhandel och industriell anv\u00e4ndning. V\u00e5ra tillverkningsm\u00f6jligheter, i kombination med anpassningsbara alternativ, g\u00f6r att vi kan m\u00f6ta de unika behoven hos varum\u00e4rken \u00f6ver hela v\u00e4rlden.<\/p>\n<h3>Avancerad produktion &amp; <a href=\"https:\/\/www.peanutoem.com\/sv\/certificate\/\" target=\"_blank\" rel=\"noopener\">Certifieringar<\/a><\/h3>\n<p>V\u00e5ra moderna anl\u00e4ggningar \u00e4r utrustade f\u00f6r att hantera storskalig produktion med bibeh\u00e5llen strikt kvalitetskontroll. Med certifieringar som HACCP, BRCGS, Halal, Kosher och EU Organic s\u00e4kerst\u00e4ller vi att v\u00e5rt knapriga jordn\u00f6tssm\u00f6r f\u00f6ljer de h\u00f6gsta globala standarderna. Detta g\u00f6r oss till den f\u00f6redragna partnern f\u00f6r f\u00f6retag som s\u00f6ker p\u00e5litliga OEM- och egna m\u00e4rkesl\u00f6sningar.<\/p>\n<h3>Vad \u00e4r crunchy jordn\u00f6tssm\u00f6r?<\/h3>\n<p>Knasigt jordn\u00f6tssm\u00f6r inneh\u00e5ller sm\u00e5 jordn\u00f6tsgranulat, vilket ger en texturerad tugga och en rik jordn\u00f6tssmak. Denna sort \u00e4r perfekt f\u00f6r konsumenter som tycker om en mer omfattande jordn\u00f6tssm\u00f6rupplevelse j\u00e4mf\u00f6rt med sl\u00e4ta eller kr\u00e4miga alternativ. V\u00e5rt jordn\u00f6tssm\u00f6r av granulat \u00e4r tillverkat av de finaste jordn\u00f6tterna, vilket s\u00e4kerst\u00e4ller konsistens i varje burk.<\/p>\n<p>Crunchy jordn\u00f6tssm\u00f6r kan ocks\u00e5 h\u00e4nvisas till med n\u00e5gra andra namn, beroende p\u00e5 region eller marknadsf\u00f6ringspreferens. N\u00e5gra alternativa namn inkluderar:<\/p>\n<ol>\n<li><strong>Klumpigt jordn\u00f6tssm\u00f6r<\/strong> \u2013 Det h\u00e4r \u00e4r en vanlig term, s\u00e4rskilt i USA, som syftar p\u00e5 samma texturerade sort.<\/li>\n<li><strong>Jordn\u00f6tssm\u00f6r av granulattyp<\/strong> \u2013 Beskriver dess granulerade textur, som ofta anv\u00e4nds i ett mer tekniskt eller industriellt sammanhang.<\/li>\n<li><strong>Strukturerat jordn\u00f6tssm\u00f6r<\/strong> \u2013 Framh\u00e4ver strukturen p\u00e5 jordn\u00f6tsbitarna.<\/li>\n<li><strong>N\u00f6tigt jordn\u00f6tssm\u00f6r<\/strong> \u2013 Anv\u00e4nds ibland f\u00f6r att framh\u00e4va jordn\u00f6tsbitarna i p\u00e5l\u00e4gget.<\/li>\n<\/ol>\n<p>Dessa namn \u00e4r ofta utbytbara och f\u00f6rmedlar tanken att jordn\u00f6tssm\u00f6ret inneh\u00e5ller sm\u00e5 jordn\u00f6tsbitar eller granulat.<\/p>\n<h3>Skr\u00e4ddarsydda Private Label-l\u00f6sningar f\u00f6r knaprigt jordn\u00f6tssm\u00f6r<\/h3>\n<p>Som en framst\u00e5ende OEM-tillverkare erbjuder vi skr\u00e4ddarsydda privata m\u00e4rkestj\u00e4nster f\u00f6r knaprigt jordn\u00f6tssm\u00f6r. Oavsett om du beh\u00f6ver unika f\u00f6rpackningar eller specifika storlekar, erbjuder vi flexibla alternativ f\u00f6r att passa ditt varum\u00e4rkes behov. V\u00e5rt team arbetar n\u00e4ra dig f\u00f6r att utveckla en produkt som \u00f6verensst\u00e4mmer med din varum\u00e4rkesidentitet och marknadskrav.<\/p>\n<h3>Global export\u00f6r och leverant\u00f6r av jordn\u00f6tssm\u00f6r av granulattyp<\/h3>\n<p>Med ett brett exportn\u00e4tverk betj\u00e4nar vi kunder globalt, vilket g\u00f6r oss till en p\u00e5litlig export\u00f6r och leverant\u00f6r av jordn\u00f6tssm\u00f6r av granulat. V\u00e5r effektiva logistik s\u00e4kerst\u00e4ller snabb leverans, oavsett om du beh\u00f6ver sm\u00e5 partier eller massbest\u00e4llningar. Vi f\u00f6rst\u00e5r vikten av konsekvens och tillf\u00f6rlitlighet p\u00e5 internationella marknader.<\/p>\n<h3>Varf\u00f6r v\u00e4lja oss?<\/h3>\n<ul>\n<li><strong>Omfattande produktionskapacitet<\/strong>: Storskalig produktion skr\u00e4ddarsydd efter ditt varum\u00e4rke<\/li>\n<li><strong>Global <a href=\"https:\/\/www.peanutoem.com\/sv\/certificate\/\" target=\"_blank\" rel=\"noopener\">Certifieringar<\/a><\/strong>: Inklusive HACCP, BRCGS, Halal, Kosher och mer<\/li>\n<li><strong>Flexibla OEM &amp; Private Label-alternativ<\/strong>: Anpassningsbar efter dina specifikationer<\/li>\n<li><strong>P\u00e5litlig export\u00f6r och leverant\u00f6r<\/strong>: Betj\u00e4nar marknader \u00f6ver hela v\u00e4rlden med j\u00e4mn kvalitet<\/li>\n<\/ul>\n<p>Vi st\u00e5r redo att tillhandah\u00e5lla det b\u00e4sta inom knaprigt jordn\u00f6tssm\u00f6r genom v\u00e5ra flexibla OEM- och egna m\u00e4rkesl\u00f6sningar. L\u00e5t oss hj\u00e4lpa dig att ge f\u00f6rstklassigt jordn\u00f6tssm\u00f6r av granulattyp till dina kunder, med fokus p\u00e5 kvalitet och anpassning.<\/p>\n<a href=\"mailto:globepeanut@gmail.com\" class=\"button primary is-primary is-medium\"  >\n    <span>Maila oss<\/span>\n  <\/a>","protected":false},"excerpt":{"rendered":"<table width=\"564\">\n<tbody>\n<tr>\n<td width=\"113\"><strong>Produktnamn<\/strong><\/td>\n<td width=\"402\">Knasigt jordn\u00f6tssm\u00f6r<\/td>\n<\/tr>\n<tr>\n<td width=\"113\"><strong>Ingredienser<\/strong><\/td>\n<td width=\"402\">Utvalda jordn\u00f6tsk\u00e4rnor, vitt socker, hydrerad vegetabilisk olja, salt<\/td>\n<\/tr>\n<tr>\n<td width=\"113\"><strong>Specifikationer<\/strong><\/td>\n<td width=\"402\">200gx36, 227gx24, 340gx12, 375gx12, 500gx12, 510gx12, 1kgx12, 10kgx1, 20kgx1, 220kgx1<\/td>\n<\/tr>\n<tr>\n<td width=\"113\"><strong>F\u00f6rpackningsformul\u00e4r<\/strong><\/td>\n<td width=\"402\">Burk, hink, doypack, v\u00e4ska, kartong, pl\u00e5t, fat, burk, flaska, etc<\/td>\n<\/tr>\n<tr>\n<td width=\"113\"><strong>Leveranstid<\/strong><\/td>\n<td width=\"402\">7 ~ 20 dagar efter best\u00e4llning<\/td>\n<\/tr>\n<tr>\n<td width=\"113\"><strong>MOQ<\/strong><\/td>\n<td width=\"402\">Ett ton<\/td>\n<\/tr>\n<tr>\n<td width=\"113\"><strong>Prov<\/strong><\/td>\n<td width=\"402\">Gratis prov tillg\u00e4ngligt<\/td>\n<\/tr>\n<tr>\n<td width=\"113\"><strong>OEM<\/strong><\/td>\n<td width=\"402\">K\u00f6parens etikett accepteras<\/td>\n<\/tr>\n<\/tbody>\n<\/table>","protected":false},"featured_media":1652,"comment_status":"open","ping_status":"closed","template":"","meta":[],"product_cat":[15],"product_tag":[],"class_list":{"0":"post-1402","1":"product","2":"type-product","3":"status-publish","4":"has-post-thumbnail","6":"product_cat-peanut-butter","8":"first","9":"instock","10":"featured","11":"shipping-taxable","12":"product-type-simple"},"yoast_head":"<!-- This site is optimized with the Yoast SEO plugin v24.9 - https:\/\/yoast.com\/wordpress\/plugins\/seo\/ -->\n<title>Crunchy Peanut Butter | Custom Crunchy Peanut Butter OEM - Peanut Butter Factory<\/title>\n<meta name=\"description\" content=\"As a leading private label manufacturer, Our crunchy peanut butter is made with delightful granule texture and customizable packaging.\" \/>\n<meta name=\"robots\" content=\"index, follow, max-snippet:-1, max-image-preview:large, max-video-preview:-1\" \/>\n<link rel=\"canonical\" href=\"https:\/\/www.peanutoem.com\/sv\/manufacturer\/crunchy-peanut-butter\/\" \/>\n<meta property=\"og:locale\" content=\"sv_SE\" \/>\n<meta property=\"og:type\" content=\"article\" \/>\n<meta property=\"og:title\" content=\"Crunchy Peanut Butter | Custom Crunchy Peanut Butter OEM - Peanut Butter Factory\" \/>\n<meta property=\"og:description\" content=\"As a leading private label manufacturer, Our crunchy peanut butter is made with delightful granule texture and customizable packaging.\" \/>\n<meta property=\"og:url\" content=\"https:\/\/www.peanutoem.com\/sv\/manufacturer\/crunchy-peanut-butter\/\" \/>\n<meta property=\"og:site_name\" content=\"Peanut Butter Factory\" \/>\n<meta property=\"article:modified_time\" content=\"2024-09-28T06:53:33+00:00\" \/>\n<meta property=\"og:image\" content=\"https:\/\/www.peanutoem.com\/wp-content\/uploads\/2023\/06\/Crunchy-Type-Peanut-Butter-340g.webp\" \/>\n\t<meta property=\"og:image:width\" content=\"1000\" \/>\n\t<meta property=\"og:image:height\" content=\"1000\" \/>\n\t<meta property=\"og:image:type\" content=\"image\/webp\" \/>\n<meta name=\"twitter:card\" content=\"summary_large_image\" \/>\n<meta name=\"twitter:label1\" content=\"Ber\u00e4knad l\u00e4stid\" \/>\n\t<meta name=\"twitter:data1\" content=\"3 minuter\" \/>\n<script type=\"application\/ld+json\" class=\"yoast-schema-graph\">{\"@context\":\"https:\/\/schema.org\",\"@graph\":[{\"@type\":\"WebPage\",\"@id\":\"https:\/\/www.peanutoem.com\/manufacturer\/crunchy-peanut-butter\/\",\"url\":\"https:\/\/www.peanutoem.com\/manufacturer\/crunchy-peanut-butter\/\",\"name\":\"Crunchy Peanut Butter | Custom Crunchy Peanut Butter OEM - Peanut Butter Factory\",\"isPartOf\":{\"@id\":\"https:\/\/www.peanutoem.com\/#website\"},\"primaryImageOfPage\":{\"@id\":\"https:\/\/www.peanutoem.com\/manufacturer\/crunchy-peanut-butter\/#primaryimage\"},\"image\":{\"@id\":\"https:\/\/www.peanutoem.com\/manufacturer\/crunchy-peanut-butter\/#primaryimage\"},\"thumbnailUrl\":\"https:\/\/www.peanutoem.com\/wp-content\/uploads\/2023\/06\/Crunchy-Type-Peanut-Butter-340g.webp\",\"datePublished\":\"2023-06-08T08:15:42+00:00\",\"dateModified\":\"2024-09-28T06:53:33+00:00\",\"description\":\"As a leading private label manufacturer, Our crunchy peanut butter is made with delightful granule texture and customizable packaging.\",\"breadcrumb\":{\"@id\":\"https:\/\/www.peanutoem.com\/manufacturer\/crunchy-peanut-butter\/#breadcrumb\"},\"inLanguage\":\"sv-SE\",\"potentialAction\":[{\"@type\":\"ReadAction\",\"target\":[\"https:\/\/www.peanutoem.com\/manufacturer\/crunchy-peanut-butter\/\"]}]},{\"@type\":\"ImageObject\",\"inLanguage\":\"sv-SE\",\"@id\":\"https:\/\/www.peanutoem.com\/manufacturer\/crunchy-peanut-butter\/#primaryimage\",\"url\":\"https:\/\/www.peanutoem.com\/wp-content\/uploads\/2023\/06\/Crunchy-Type-Peanut-Butter-340g.webp\",\"contentUrl\":\"https:\/\/www.peanutoem.com\/wp-content\/uploads\/2023\/06\/Crunchy-Type-Peanut-Butter-340g.webp\",\"width\":1000,\"height\":1000,\"caption\":\"Crunchy Type Peanut Butter 340g\"},{\"@type\":\"BreadcrumbList\",\"@id\":\"https:\/\/www.peanutoem.com\/manufacturer\/crunchy-peanut-butter\/#breadcrumb\",\"itemListElement\":[{\"@type\":\"ListItem\",\"position\":1,\"name\":\"Home\",\"item\":\"https:\/\/www.peanutoem.com\/\"},{\"@type\":\"ListItem\",\"position\":2,\"name\":\"Products\",\"item\":\"https:\/\/www.peanutoem.com\/shop\/\"},{\"@type\":\"ListItem\",\"position\":3,\"name\":\"Crunchy Peanut Butter | Custom Crunchy Peanut Butter\"}]},{\"@type\":\"WebSite\",\"@id\":\"https:\/\/www.peanutoem.com\/#website\",\"url\":\"https:\/\/www.peanutoem.com\/\",\"name\":\"Peanut Butter Factory\",\"description\":\"Peanut Butter Manufacturer and Roast Peanut OEM Factory | Peanut Private Label China Supplier\",\"publisher\":{\"@id\":\"https:\/\/www.peanutoem.com\/#organization\"},\"alternateName\":\"Peanut Butter OEM and Wholesale\",\"potentialAction\":[{\"@type\":\"SearchAction\",\"target\":{\"@type\":\"EntryPoint\",\"urlTemplate\":\"https:\/\/www.peanutoem.com\/?s={search_term_string}\"},\"query-input\":{\"@type\":\"PropertyValueSpecification\",\"valueRequired\":true,\"valueName\":\"search_term_string\"}}],\"inLanguage\":\"sv-SE\"},{\"@type\":\"Organization\",\"@id\":\"https:\/\/www.peanutoem.com\/#organization\",\"name\":\"Peanut Butter Factory\",\"alternateName\":\"JuFeng Group\",\"url\":\"https:\/\/www.peanutoem.com\/\",\"logo\":{\"@type\":\"ImageObject\",\"inLanguage\":\"sv-SE\",\"@id\":\"https:\/\/www.peanutoem.com\/#\/schema\/logo\/image\/\",\"url\":\"https:\/\/www.peanutoem.com\/wp-content\/uploads\/2024\/09\/JUFENG-LOGO.png\",\"contentUrl\":\"https:\/\/www.peanutoem.com\/wp-content\/uploads\/2024\/09\/JUFENG-LOGO.png\",\"width\":600,\"height\":170,\"caption\":\"Peanut Butter Factory\"},\"image\":{\"@id\":\"https:\/\/www.peanutoem.com\/#\/schema\/logo\/image\/\"}}]}<\/script>\n<!-- \/ Yoast SEO plugin. -->","yoast_head_json":{"title":"Crunchy Peanut Butter | Custom Crunchy Peanut Butter OEM - Peanut Butter Factory","description":"As a leading private label manufacturer, Our crunchy peanut butter is made with delightful granule texture and customizable packaging.","robots":{"index":"index","follow":"follow","max-snippet":"max-snippet:-1","max-image-preview":"max-image-preview:large","max-video-preview":"max-video-preview:-1"},"canonical":"https:\/\/www.peanutoem.com\/sv\/manufacturer\/crunchy-peanut-butter\/","og_locale":"sv_SE","og_type":"article","og_title":"Crunchy Peanut Butter | Custom Crunchy Peanut Butter OEM - Peanut Butter Factory","og_description":"As a leading private label manufacturer, Our crunchy peanut butter is made with delightful granule texture and customizable packaging.","og_url":"https:\/\/www.peanutoem.com\/sv\/manufacturer\/crunchy-peanut-butter\/","og_site_name":"Peanut Butter Factory","article_modified_time":"2024-09-28T06:53:33+00:00","og_image":[{"width":1000,"height":1000,"url":"https:\/\/www.peanutoem.com\/wp-content\/uploads\/2023\/06\/Crunchy-Type-Peanut-Butter-340g.webp","type":"image\/webp"}],"twitter_card":"summary_large_image","twitter_misc":{"Ber\u00e4knad l\u00e4stid":"3 minuter"},"schema":{"@context":"https:\/\/schema.org","@graph":[{"@type":"WebPage","@id":"https:\/\/www.peanutoem.com\/manufacturer\/crunchy-peanut-butter\/","url":"https:\/\/www.peanutoem.com\/manufacturer\/crunchy-peanut-butter\/","name":"Crunchy Peanut Butter | Custom Crunchy Peanut Butter OEM - Peanut Butter Factory","isPartOf":{"@id":"https:\/\/www.peanutoem.com\/#website"},"primaryImageOfPage":{"@id":"https:\/\/www.peanutoem.com\/manufacturer\/crunchy-peanut-butter\/#primaryimage"},"image":{"@id":"https:\/\/www.peanutoem.com\/manufacturer\/crunchy-peanut-butter\/#primaryimage"},"thumbnailUrl":"https:\/\/www.peanutoem.com\/wp-content\/uploads\/2023\/06\/Crunchy-Type-Peanut-Butter-340g.webp","datePublished":"2023-06-08T08:15:42+00:00","dateModified":"2024-09-28T06:53:33+00:00","description":"As a leading private label manufacturer, Our crunchy peanut butter is made with delightful granule texture and customizable packaging.","breadcrumb":{"@id":"https:\/\/www.peanutoem.com\/manufacturer\/crunchy-peanut-butter\/#breadcrumb"},"inLanguage":"sv-SE","potentialAction":[{"@type":"ReadAction","target":["https:\/\/www.peanutoem.com\/manufacturer\/crunchy-peanut-butter\/"]}]},{"@type":"ImageObject","inLanguage":"sv-SE","@id":"https:\/\/www.peanutoem.com\/manufacturer\/crunchy-peanut-butter\/#primaryimage","url":"https:\/\/www.peanutoem.com\/wp-content\/uploads\/2023\/06\/Crunchy-Type-Peanut-Butter-340g.webp","contentUrl":"https:\/\/www.peanutoem.com\/wp-content\/uploads\/2023\/06\/Crunchy-Type-Peanut-Butter-340g.webp","width":1000,"height":1000,"caption":"Crunchy Type Peanut Butter 340g"},{"@type":"BreadcrumbList","@id":"https:\/\/www.peanutoem.com\/manufacturer\/crunchy-peanut-butter\/#breadcrumb","itemListElement":[{"@type":"ListItem","position":1,"name":"Home","item":"https:\/\/www.peanutoem.com\/"},{"@type":"ListItem","position":2,"name":"Products","item":"https:\/\/www.peanutoem.com\/shop\/"},{"@type":"ListItem","position":3,"name":"Crunchy Peanut Butter | Custom Crunchy Peanut Butter"}]},{"@type":"WebSite","@id":"https:\/\/www.peanutoem.com\/#website","url":"https:\/\/www.peanutoem.com\/","name":"Peanut Butter Factory","description":"Peanut Butter Manufacturer and Roast Peanut OEM Factory | Peanut Private Label China Supplier","publisher":{"@id":"https:\/\/www.peanutoem.com\/#organization"},"alternateName":"Peanut Butter OEM and Wholesale","potentialAction":[{"@type":"SearchAction","target":{"@type":"EntryPoint","urlTemplate":"https:\/\/www.peanutoem.com\/?s={search_term_string}"},"query-input":{"@type":"PropertyValueSpecification","valueRequired":true,"valueName":"search_term_string"}}],"inLanguage":"sv-SE"},{"@type":"Organization","@id":"https:\/\/www.peanutoem.com\/#organization","name":"Peanut Butter Factory","alternateName":"JuFeng Group","url":"https:\/\/www.peanutoem.com\/","logo":{"@type":"ImageObject","inLanguage":"sv-SE","@id":"https:\/\/www.peanutoem.com\/#\/schema\/logo\/image\/","url":"https:\/\/www.peanutoem.com\/wp-content\/uploads\/2024\/09\/JUFENG-LOGO.png","contentUrl":"https:\/\/www.peanutoem.com\/wp-content\/uploads\/2024\/09\/JUFENG-LOGO.png","width":600,"height":170,"caption":"Peanut Butter Factory"},"image":{"@id":"https:\/\/www.peanutoem.com\/#\/schema\/logo\/image\/"}}]}},"_links":{"self":[{"href":"https:\/\/www.peanutoem.com\/sv\/wp-json\/wp\/v2\/product\/1402","targetHints":{"allow":["GET"]}}],"collection":[{"href":"https:\/\/www.peanutoem.com\/sv\/wp-json\/wp\/v2\/product"}],"about":[{"href":"https:\/\/www.peanutoem.com\/sv\/wp-json\/wp\/v2\/types\/product"}],"replies":[{"embeddable":true,"href":"https:\/\/www.peanutoem.com\/sv\/wp-json\/wp\/v2\/comments?post=1402"}],"wp:featuredmedia":[{"embeddable":true,"href":"https:\/\/www.peanutoem.com\/sv\/wp-json\/wp\/v2\/media\/1652"}],"wp:attachment":[{"href":"https:\/\/www.peanutoem.com\/sv\/wp-json\/wp\/v2\/media?parent=1402"}],"wp:term":[{"taxonomy":"product_cat","embeddable":true,"href":"https:\/\/www.peanutoem.com\/sv\/wp-json\/wp\/v2\/product_cat?post=1402"},{"taxonomy":"product_tag","embeddable":true,"href":"https:\/\/www.peanutoem.com\/sv\/wp-json\/wp\/v2\/product_tag?post=1402"}],"curies":[{"name":"wp","href":"https:\/\/api.w.org\/{rel}","templated":true}]}}