{"id":1543,"date":"2024-09-02T13:37:15","date_gmt":"2024-09-02T13:37:15","guid":{"rendered":"https:\/\/www.peanutoem.com\/?post_type=product&#038;p=1543"},"modified":"2024-09-28T06:03:37","modified_gmt":"2024-09-28T06:03:37","slug":"pure-peanut-butter","status":"publish","type":"product","link":"https:\/\/www.peanutoem.com\/sv\/manufacturer\/pure-peanut-butter\/","title":{"rendered":"Rent jordn\u00f6tssm\u00f6r"},"content":{"rendered":"<h3>Rent jordn\u00f6tssm\u00f6r \u2013 ledande OEM-leverant\u00f6r och privat m\u00e4rkestillverkare<\/h3>\n<p>Vi \u00e4r specialiserade p\u00e5 att producera och leverera rent jordn\u00f6tssm\u00f6r som en p\u00e5litlig OEM-leverant\u00f6r, tillverkare av egna m\u00e4rken och export\u00f6r. V\u00e5ra produkter \u00e4r gjorda med 100% jordn\u00f6tter, vilket ger o\u00f6vertr\u00e4ffad kvalitet och \u00e4kthet f\u00f6r ditt varum\u00e4rke. Med avancerad produktionskapacitet och globala certifieringar skr\u00e4ddarsyr vi v\u00e5ra jordn\u00f6tssm\u00f6rsl\u00f6sningar efter dina specifika krav.<\/p>\n<h3>Vad \u00e4r rent jordn\u00f6tssm\u00f6r?<\/h3>\n<p><strong>Ren <a href=\"https:\/\/www.peanutoem.com\/sv\/Wholesale\/peanut-butter\/\" target=\"_blank\" rel=\"noopener\">jordn\u00f6tssm\u00f6r<\/a><\/strong> \u00e4r gjord av 100% <a href=\"https:\/\/en.wikipedia.org\/wiki\/Peanut\" target=\"_blank\" rel=\"noopener\">jordn\u00f6tter<\/a>, utan tillsatta sockerarter, oljor eller konserveringsmedel. Den erbjuder en naturlig, obearbetad smak som tilltalar h\u00e4lsomedvetna konsumenter. Den h\u00e4r typen av jordn\u00f6tssm\u00f6r beh\u00e5ller den rika smaken och de naturliga oljorna fr\u00e5n jordn\u00f6tterna, vilket g\u00f6r det till ett popul\u00e4rt val f\u00f6r dem som s\u00f6ker rena produkter.<\/p>\n<h3>Vilka \u00e4r andra namn f\u00f6r rent jordn\u00f6tssm\u00f6r?<\/h3>\n<p>Det \u00e4r ocks\u00e5 k\u00e4nt under olika namn \u00f6ver regioner och branscher. N\u00e5gra av de vanligaste alternativa namnen inkluderar:<\/p>\n<ul>\n<li><strong>Naturligt jordn\u00f6tssm\u00f6r<\/strong><\/li>\n<li><strong>Os\u00f6tat jordn\u00f6tssm\u00f6r<\/strong><\/li>\n<li><strong>Jordn\u00f6tssm\u00f6r utan tillsats<\/strong><\/li>\n<li><strong>100% jordn\u00f6tssm\u00f6r<\/strong><\/li>\n<\/ul>\n<p>Dessa namn betonar fr\u00e5nvaron av ytterligare ingredienser, vilket framh\u00e4ver produktens renhet.<\/p>\n<h3>Varf\u00f6r v\u00e4lja oss som din leverant\u00f6r?<\/h3>\n<p>Som en ledande OEM-leverant\u00f6r och privata m\u00e4rkestillverkare erbjuder vi:<\/p>\n<ul>\n<li><strong>H\u00f6gkvalitativa produkter:<\/strong> V\u00e5rt rena jordn\u00f6tssm\u00f6r inneh\u00e5ller 100% utvalda jordn\u00f6tter, fria fr\u00e5n tillsatta sockerarter, oljor eller konserveringsmedel.<\/li>\n<li><strong>Anpassningsbara l\u00f6sningar:<\/strong> Vi erbjuder flexibla f\u00f6rpackningsalternativ, inklusive burkar, burkar och hinkar, i olika storlekar f\u00f6r att m\u00f6ta marknadens krav.<\/li>\n<li><strong>Global <a href=\"https:\/\/www.peanutoem.com\/sv\/certificate\/\" target=\"_blank\" rel=\"noopener\">Certifieringar<\/a>:<\/strong> V\u00e5ra certifieringar, inklusive HACCP, BRCGS, Halal och Kosher, garanterar produkts\u00e4kerhet och premiumkvalitet.<\/li>\n<li><strong>Stor produktionskapacitet:<\/strong> Vi kan effektivt hantera b\u00e5de sm\u00e5 och bulkorder, tillgodose olika kundbehov.<\/li>\n<li><strong>Expertis inom global export:<\/strong> Vi har l\u00e5ng erfarenhet av att leverera jordn\u00f6tssm\u00f6r av h\u00f6g kvalitet till kunder \u00f6ver hela v\u00e4rlden.<\/li>\n<\/ul>\n<h3>Vanliga fr\u00e5gor om v\u00e5r aff\u00e4rsroll som producent och grossist<\/h3>\n<ol>\n<li><strong>Varf\u00f6r \u00e4r du en ledande OEM-leverant\u00f6r inom jordn\u00f6tssm\u00f6rsindustrin?<\/strong><br \/>\nVi tillverkar jordn\u00f6tssm\u00f6r f\u00f6r varum\u00e4rken under deras egen etikett, vilket s\u00e4kerst\u00e4ller kundanpassade produktl\u00f6sningar.<\/li>\n<li><strong>Erbjuder ni private label-tj\u00e4nster?<\/strong><br \/>\nJa, vi \u00e4r specialiserade p\u00e5 flexibla egna m\u00e4rkesvaror f\u00f6r att hj\u00e4lpa dig skapa ditt m\u00e4rkesjordn\u00f6tssm\u00f6r.<\/li>\n<li><strong>Vilka ingredienser anv\u00e4nder du?<\/strong><br \/>\nV\u00e5rt rena jordn\u00f6tssm\u00f6r best\u00e5r av 100% utvalda jordn\u00f6tter, utan n\u00e5gra tillsatta sockerarter, oljor eller konserveringsmedel.<\/li>\n<li><strong>Hur kan jag anpassa min f\u00f6rpackning?<\/strong><br \/>\nDu kan v\u00e4lja mellan olika f\u00f6rpackningsalternativ och storlekar, skr\u00e4ddarsydda efter dina behov fr\u00e5n detaljhandel till bulk.<\/li>\n<li><strong>Vad \u00e4r den minsta best\u00e4llningskvantiteten (MOQ)?<\/strong><br \/>\nMOQ \u00e4r ett ton, vilket ger flexibilitet f\u00f6r b\u00e5de sm\u00e5 och stora f\u00f6retag.<\/li>\n<li><strong>Vad f\u00e5r ditt rena jordn\u00f6tssm\u00f6r att sticka ut?<\/strong><br \/>\nV\u00e5rt engagemang f\u00f6r kvalitet, globala certifieringar och skr\u00e4ddarsydda egna m\u00e4rkesvaror skiljer oss fr\u00e5n konkurrenterna.<\/li>\n<li><strong>Hur l\u00e5ng tid tar det att behandla en best\u00e4llning?<\/strong><br \/>\nLeveranstider varierar fr\u00e5n 7 till 20 dagar, beroende p\u00e5 orderstorlek och f\u00f6rpackningskrav.<\/li>\n<li><strong>Kan jag beg\u00e4ra prover innan jag l\u00e4gger en best\u00e4llning?<\/strong><br \/>\nJa, vi erbjuder gratisprover av v\u00e5rt rena jordn\u00f6tssm\u00f6r f\u00f6r kvalitetsutv\u00e4rdering innan du l\u00e4gger en bulkorder.<\/li>\n<li><strong>Exporterar du globalt?<\/strong><br \/>\nAbsolut! Vi har erfarenhet av att exportera h\u00f6gkvalitativt rent jordn\u00f6tssm\u00f6r till kunder \u00f6ver hela v\u00e4rlden.<\/li>\n<\/ol>\n<h3>Varf\u00f6r rent jordn\u00f6tssm\u00f6r?<\/h3>\n<p>Rent jordn\u00f6tssm\u00f6r \u00e4r det b\u00e4sta alternativet f\u00f6r h\u00e4lsomedvetna konsumenter som s\u00f6ker en naturlig produkt utan tillsatser. Den \u00e4r rik p\u00e5 protein, h\u00e4lsosamma fetter och viktiga n\u00e4rings\u00e4mnen, vilket g\u00f6r den till en m\u00e5ngsidig ingrediens i k\u00f6k \u00f6ver hela v\u00e4rlden. N\u00e4r konsumenterna blir mer fokuserade p\u00e5 rena etiketter forts\u00e4tter efterfr\u00e5gan p\u00e5 100% jordn\u00f6tsbaserade produkter att \u00f6ka.<\/p>\n<p>Vi ser till att v\u00e5rt rena jordn\u00f6tssm\u00f6r uppfyller dessa krav, och tillhandah\u00e5ller en produkt som ligger s\u00e5 n\u00e4ra naturen som m\u00f6jligt samtidigt som den \u00e4r helt anpassningsbar efter ditt varum\u00e4rkes behov. Oavsett om du vill ut\u00f6ka ditt varum\u00e4rkes erbjudanden eller g\u00e5 in p\u00e5 nya marknader har vi kapaciteten, expertis och certifieringar f\u00f6r att f\u00e5 det att h\u00e4nda.<\/p>\n<a href=\"mailto:globepeanut@gmail.com\" class=\"button primary is-primary is-medium\"  >\n    <span>Maila oss<\/span>\n  <\/a>","protected":false},"excerpt":{"rendered":"<table width=\"564\">\n<tbody>\n<tr>\n<td width=\"113\"><strong>Produktnamn<\/strong><\/td>\n<td width=\"402\">Rent jordn\u00f6tssm\u00f6r<\/td>\n<\/tr>\n<tr>\n<td width=\"113\"><strong>Ingredienser<\/strong><\/td>\n<td width=\"402\">Utvalt jordn\u00f6tssm\u00f6r<\/td>\n<\/tr>\n<tr>\n<td width=\"113\"><strong>Specifikationer<\/strong><\/td>\n<td width=\"402\">10kgx1, 20kgx1, 22kgx1,220kgx1<\/td>\n<\/tr>\n<tr>\n<td width=\"113\"><strong>F\u00f6rpackningsformul\u00e4r<\/strong><\/td>\n<td width=\"402\">Burk, hink, v\u00e4ska, kartong, fat, flaska, etc<\/td>\n<\/tr>\n<tr>\n<td width=\"113\"><strong>Leveranstid<\/strong><\/td>\n<td width=\"402\">7 ~ 20 dagar efter best\u00e4llning<\/td>\n<\/tr>\n<tr>\n<td width=\"113\"><strong>MOQ<\/strong><\/td>\n<td width=\"402\">Ett ton<\/td>\n<\/tr>\n<tr>\n<td width=\"113\"><strong>Prov<\/strong><\/td>\n<td width=\"402\">Gratis prov tillg\u00e4ngligt<\/td>\n<\/tr>\n<tr>\n<td width=\"113\"><strong>OEM<\/strong><\/td>\n<td width=\"402\">K\u00f6parens etikett accepteras<\/td>\n<\/tr>\n<\/tbody>\n<\/table>","protected":false},"featured_media":1659,"comment_status":"open","ping_status":"closed","template":"","meta":[],"product_cat":[15],"product_tag":[],"class_list":{"0":"post-1543","1":"product","2":"type-product","3":"status-publish","4":"has-post-thumbnail","6":"product_cat-peanut-butter","8":"first","9":"instock","10":"shipping-taxable","11":"product-type-simple"},"yoast_head":"<!-- This site is optimized with the Yoast SEO plugin v24.9 - https:\/\/yoast.com\/wordpress\/plugins\/seo\/ -->\n<title>Pure Peanut Butter OEM Producer - Peanut Butter Factory<\/title>\n<meta name=\"description\" content=\"As a top OEM manufacturer and exporter, we supply pure peanut butter made from 100% peanuts. Customizable private label solutions for your business needs.\" \/>\n<meta name=\"robots\" content=\"index, follow, max-snippet:-1, max-image-preview:large, max-video-preview:-1\" \/>\n<link rel=\"canonical\" href=\"https:\/\/www.peanutoem.com\/sv\/manufacturer\/pure-peanut-butter\/\" \/>\n<meta property=\"og:locale\" content=\"sv_SE\" \/>\n<meta property=\"og:type\" content=\"article\" \/>\n<meta property=\"og:title\" content=\"Pure Peanut Butter OEM Producer - Peanut Butter Factory\" \/>\n<meta property=\"og:description\" content=\"As a top OEM manufacturer and exporter, we supply pure peanut butter made from 100% peanuts. Customizable private label solutions for your business needs.\" \/>\n<meta property=\"og:url\" content=\"https:\/\/www.peanutoem.com\/sv\/manufacturer\/pure-peanut-butter\/\" \/>\n<meta property=\"og:site_name\" content=\"Peanut Butter Factory\" \/>\n<meta property=\"article:modified_time\" content=\"2024-09-28T06:03:37+00:00\" \/>\n<meta property=\"og:image\" content=\"https:\/\/www.peanutoem.com\/wp-content\/uploads\/2024\/09\/Pure-Peanut-Butter-OEM-Supplier.webp\" \/>\n\t<meta property=\"og:image:width\" content=\"1000\" \/>\n\t<meta property=\"og:image:height\" content=\"1000\" \/>\n\t<meta property=\"og:image:type\" content=\"image\/webp\" \/>\n<meta name=\"twitter:card\" content=\"summary_large_image\" \/>\n<meta name=\"twitter:label1\" content=\"Ber\u00e4knad l\u00e4stid\" \/>\n\t<meta name=\"twitter:data1\" content=\"3 minuter\" \/>\n<script type=\"application\/ld+json\" class=\"yoast-schema-graph\">{\"@context\":\"https:\/\/schema.org\",\"@graph\":[{\"@type\":\"WebPage\",\"@id\":\"https:\/\/www.peanutoem.com\/manufacturer\/pure-peanut-butter\/\",\"url\":\"https:\/\/www.peanutoem.com\/manufacturer\/pure-peanut-butter\/\",\"name\":\"Pure Peanut Butter OEM Producer - Peanut Butter Factory\",\"isPartOf\":{\"@id\":\"https:\/\/www.peanutoem.com\/#website\"},\"primaryImageOfPage\":{\"@id\":\"https:\/\/www.peanutoem.com\/manufacturer\/pure-peanut-butter\/#primaryimage\"},\"image\":{\"@id\":\"https:\/\/www.peanutoem.com\/manufacturer\/pure-peanut-butter\/#primaryimage\"},\"thumbnailUrl\":\"https:\/\/www.peanutoem.com\/wp-content\/uploads\/2024\/09\/Pure-Peanut-Butter-OEM-Supplier.webp\",\"datePublished\":\"2024-09-02T13:37:15+00:00\",\"dateModified\":\"2024-09-28T06:03:37+00:00\",\"description\":\"As a top OEM manufacturer and exporter, we supply pure peanut butter made from 100% peanuts. Customizable private label solutions for your business needs.\",\"breadcrumb\":{\"@id\":\"https:\/\/www.peanutoem.com\/manufacturer\/pure-peanut-butter\/#breadcrumb\"},\"inLanguage\":\"sv-SE\",\"potentialAction\":[{\"@type\":\"ReadAction\",\"target\":[\"https:\/\/www.peanutoem.com\/manufacturer\/pure-peanut-butter\/\"]}]},{\"@type\":\"ImageObject\",\"inLanguage\":\"sv-SE\",\"@id\":\"https:\/\/www.peanutoem.com\/manufacturer\/pure-peanut-butter\/#primaryimage\",\"url\":\"https:\/\/www.peanutoem.com\/wp-content\/uploads\/2024\/09\/Pure-Peanut-Butter-OEM-Supplier.webp\",\"contentUrl\":\"https:\/\/www.peanutoem.com\/wp-content\/uploads\/2024\/09\/Pure-Peanut-Butter-OEM-Supplier.webp\",\"width\":1000,\"height\":1000,\"caption\":\"Pure Peanut Butter OEM Supplier\"},{\"@type\":\"BreadcrumbList\",\"@id\":\"https:\/\/www.peanutoem.com\/manufacturer\/pure-peanut-butter\/#breadcrumb\",\"itemListElement\":[{\"@type\":\"ListItem\",\"position\":1,\"name\":\"Home\",\"item\":\"https:\/\/www.peanutoem.com\/\"},{\"@type\":\"ListItem\",\"position\":2,\"name\":\"Products\",\"item\":\"https:\/\/www.peanutoem.com\/shop\/\"},{\"@type\":\"ListItem\",\"position\":3,\"name\":\"Pure Peanut Butter\"}]},{\"@type\":\"WebSite\",\"@id\":\"https:\/\/www.peanutoem.com\/#website\",\"url\":\"https:\/\/www.peanutoem.com\/\",\"name\":\"Peanut Butter Factory\",\"description\":\"Peanut Butter Manufacturer and Roast Peanut OEM Factory | Peanut Private Label China Supplier\",\"publisher\":{\"@id\":\"https:\/\/www.peanutoem.com\/#organization\"},\"alternateName\":\"Peanut Butter OEM and Wholesale\",\"potentialAction\":[{\"@type\":\"SearchAction\",\"target\":{\"@type\":\"EntryPoint\",\"urlTemplate\":\"https:\/\/www.peanutoem.com\/?s={search_term_string}\"},\"query-input\":{\"@type\":\"PropertyValueSpecification\",\"valueRequired\":true,\"valueName\":\"search_term_string\"}}],\"inLanguage\":\"sv-SE\"},{\"@type\":\"Organization\",\"@id\":\"https:\/\/www.peanutoem.com\/#organization\",\"name\":\"Peanut Butter Factory\",\"alternateName\":\"JuFeng Group\",\"url\":\"https:\/\/www.peanutoem.com\/\",\"logo\":{\"@type\":\"ImageObject\",\"inLanguage\":\"sv-SE\",\"@id\":\"https:\/\/www.peanutoem.com\/#\/schema\/logo\/image\/\",\"url\":\"https:\/\/www.peanutoem.com\/wp-content\/uploads\/2024\/09\/JUFENG-LOGO.png\",\"contentUrl\":\"https:\/\/www.peanutoem.com\/wp-content\/uploads\/2024\/09\/JUFENG-LOGO.png\",\"width\":600,\"height\":170,\"caption\":\"Peanut Butter Factory\"},\"image\":{\"@id\":\"https:\/\/www.peanutoem.com\/#\/schema\/logo\/image\/\"}}]}<\/script>\n<!-- \/ Yoast SEO plugin. -->","yoast_head_json":{"title":"Pure Peanut Butter OEM Producer - Peanut Butter Factory","description":"As a top OEM manufacturer and exporter, we supply pure peanut butter made from 100% peanuts. Customizable private label solutions for your business needs.","robots":{"index":"index","follow":"follow","max-snippet":"max-snippet:-1","max-image-preview":"max-image-preview:large","max-video-preview":"max-video-preview:-1"},"canonical":"https:\/\/www.peanutoem.com\/sv\/manufacturer\/pure-peanut-butter\/","og_locale":"sv_SE","og_type":"article","og_title":"Pure Peanut Butter OEM Producer - Peanut Butter Factory","og_description":"As a top OEM manufacturer and exporter, we supply pure peanut butter made from 100% peanuts. Customizable private label solutions for your business needs.","og_url":"https:\/\/www.peanutoem.com\/sv\/manufacturer\/pure-peanut-butter\/","og_site_name":"Peanut Butter Factory","article_modified_time":"2024-09-28T06:03:37+00:00","og_image":[{"width":1000,"height":1000,"url":"https:\/\/www.peanutoem.com\/wp-content\/uploads\/2024\/09\/Pure-Peanut-Butter-OEM-Supplier.webp","type":"image\/webp"}],"twitter_card":"summary_large_image","twitter_misc":{"Ber\u00e4knad l\u00e4stid":"3 minuter"},"schema":{"@context":"https:\/\/schema.org","@graph":[{"@type":"WebPage","@id":"https:\/\/www.peanutoem.com\/manufacturer\/pure-peanut-butter\/","url":"https:\/\/www.peanutoem.com\/manufacturer\/pure-peanut-butter\/","name":"Pure Peanut Butter OEM Producer - Peanut Butter Factory","isPartOf":{"@id":"https:\/\/www.peanutoem.com\/#website"},"primaryImageOfPage":{"@id":"https:\/\/www.peanutoem.com\/manufacturer\/pure-peanut-butter\/#primaryimage"},"image":{"@id":"https:\/\/www.peanutoem.com\/manufacturer\/pure-peanut-butter\/#primaryimage"},"thumbnailUrl":"https:\/\/www.peanutoem.com\/wp-content\/uploads\/2024\/09\/Pure-Peanut-Butter-OEM-Supplier.webp","datePublished":"2024-09-02T13:37:15+00:00","dateModified":"2024-09-28T06:03:37+00:00","description":"As a top OEM manufacturer and exporter, we supply pure peanut butter made from 100% peanuts. Customizable private label solutions for your business needs.","breadcrumb":{"@id":"https:\/\/www.peanutoem.com\/manufacturer\/pure-peanut-butter\/#breadcrumb"},"inLanguage":"sv-SE","potentialAction":[{"@type":"ReadAction","target":["https:\/\/www.peanutoem.com\/manufacturer\/pure-peanut-butter\/"]}]},{"@type":"ImageObject","inLanguage":"sv-SE","@id":"https:\/\/www.peanutoem.com\/manufacturer\/pure-peanut-butter\/#primaryimage","url":"https:\/\/www.peanutoem.com\/wp-content\/uploads\/2024\/09\/Pure-Peanut-Butter-OEM-Supplier.webp","contentUrl":"https:\/\/www.peanutoem.com\/wp-content\/uploads\/2024\/09\/Pure-Peanut-Butter-OEM-Supplier.webp","width":1000,"height":1000,"caption":"Pure Peanut Butter OEM Supplier"},{"@type":"BreadcrumbList","@id":"https:\/\/www.peanutoem.com\/manufacturer\/pure-peanut-butter\/#breadcrumb","itemListElement":[{"@type":"ListItem","position":1,"name":"Home","item":"https:\/\/www.peanutoem.com\/"},{"@type":"ListItem","position":2,"name":"Products","item":"https:\/\/www.peanutoem.com\/shop\/"},{"@type":"ListItem","position":3,"name":"Pure Peanut Butter"}]},{"@type":"WebSite","@id":"https:\/\/www.peanutoem.com\/#website","url":"https:\/\/www.peanutoem.com\/","name":"Peanut Butter Factory","description":"Peanut Butter Manufacturer and Roast Peanut OEM Factory | Peanut Private Label China Supplier","publisher":{"@id":"https:\/\/www.peanutoem.com\/#organization"},"alternateName":"Peanut Butter OEM and Wholesale","potentialAction":[{"@type":"SearchAction","target":{"@type":"EntryPoint","urlTemplate":"https:\/\/www.peanutoem.com\/?s={search_term_string}"},"query-input":{"@type":"PropertyValueSpecification","valueRequired":true,"valueName":"search_term_string"}}],"inLanguage":"sv-SE"},{"@type":"Organization","@id":"https:\/\/www.peanutoem.com\/#organization","name":"Peanut Butter Factory","alternateName":"JuFeng Group","url":"https:\/\/www.peanutoem.com\/","logo":{"@type":"ImageObject","inLanguage":"sv-SE","@id":"https:\/\/www.peanutoem.com\/#\/schema\/logo\/image\/","url":"https:\/\/www.peanutoem.com\/wp-content\/uploads\/2024\/09\/JUFENG-LOGO.png","contentUrl":"https:\/\/www.peanutoem.com\/wp-content\/uploads\/2024\/09\/JUFENG-LOGO.png","width":600,"height":170,"caption":"Peanut Butter Factory"},"image":{"@id":"https:\/\/www.peanutoem.com\/#\/schema\/logo\/image\/"}}]}},"_links":{"self":[{"href":"https:\/\/www.peanutoem.com\/sv\/wp-json\/wp\/v2\/product\/1543","targetHints":{"allow":["GET"]}}],"collection":[{"href":"https:\/\/www.peanutoem.com\/sv\/wp-json\/wp\/v2\/product"}],"about":[{"href":"https:\/\/www.peanutoem.com\/sv\/wp-json\/wp\/v2\/types\/product"}],"replies":[{"embeddable":true,"href":"https:\/\/www.peanutoem.com\/sv\/wp-json\/wp\/v2\/comments?post=1543"}],"wp:featuredmedia":[{"embeddable":true,"href":"https:\/\/www.peanutoem.com\/sv\/wp-json\/wp\/v2\/media\/1659"}],"wp:attachment":[{"href":"https:\/\/www.peanutoem.com\/sv\/wp-json\/wp\/v2\/media?parent=1543"}],"wp:term":[{"taxonomy":"product_cat","embeddable":true,"href":"https:\/\/www.peanutoem.com\/sv\/wp-json\/wp\/v2\/product_cat?post=1543"},{"taxonomy":"product_tag","embeddable":true,"href":"https:\/\/www.peanutoem.com\/sv\/wp-json\/wp\/v2\/product_tag?post=1543"}],"curies":[{"name":"wp","href":"https:\/\/api.w.org\/{rel}","templated":true}]}}