{"id":1545,"date":"2024-09-02T13:38:22","date_gmt":"2024-09-02T13:38:22","guid":{"rendered":"https:\/\/www.peanutoem.com\/?post_type=product&#038;p=1545"},"modified":"2024-09-28T05:39:23","modified_gmt":"2024-09-28T05:39:23","slug":"stabilized-peanut-butter","status":"publish","type":"product","link":"https:\/\/www.peanutoem.com\/sv\/manufacturer\/stabilized-peanut-butter\/","title":{"rendered":"Stabiliserat jordn\u00f6tssm\u00f6r"},"content":{"rendered":"<h3>Vad \u00e4r stabiliserat jordn\u00f6tssm\u00f6r?<\/h3>\n<p>Stabiliserad <a href=\"https:\/\/www.peanutoem.com\/sv\/Wholesale\/peanut-butter\/\" target=\"_blank\" rel=\"noopener\">jordn\u00f6tssm\u00f6r<\/a> \u00e4r en speciellt formulerad <a href=\"https:\/\/en.wikipedia.org\/wiki\/Peanut\" target=\"_blank\" rel=\"noopener\">jordn\u00f6t<\/a> sm\u00f6r som bibeh\u00e5ller sin silkeslena, kr\u00e4miga konsistens \u00f6ver tid utan den olje-vattenseparation som uppst\u00e5r \u00f6ver tiden. Till skillnad fr\u00e5n vanligt naturligt jordn\u00f6tssm\u00f6r, som tenderar att separeras naturligt i lager av jordn\u00f6tsolja p\u00e5 toppen och fasta jordn\u00f6tssmulor p\u00e5 botten, blandas stabiliserat jordn\u00f6tssm\u00f6r skickligt med naturliga stabilisatorer, s\u00e5som vegetabiliska oljor eller emulgeringsmedel, f\u00f6r att s\u00e4kerst\u00e4lla en enhetlig konsistens. Denna funktion g\u00f6r den till ett toppval f\u00f6r konsumenter som s\u00f6ker bekv\u00e4mlighet, eftersom det inte finns n\u00e5got behov av ytterligare operationer som omr\u00f6rning f\u00f6re anv\u00e4ndning. Stabiliserat jordn\u00f6tssm\u00f6r \u00e4r popul\u00e4rt f\u00f6r sin j\u00e4mna kvalitet och l\u00e5nga h\u00e5llbarhet, och \u00e4r inte bara \u00e4lskat av hemanv\u00e4ndare, utan anv\u00e4nds ocks\u00e5 flitigt i livsmedelsindustrin.<\/p>\n<h3>Vad \u00e4r andra namn?<\/h3>\n<p>Stabiliserat jordn\u00f6tssm\u00f6r kan h\u00e4nvisas till med olika namn, inklusive:<\/p>\n<ul>\n<li>Kr\u00e4migt jordn\u00f6tsp\u00e5l\u00e4gg<\/li>\n<li>Kr\u00e4migt stabiliserat jordn\u00f6tssm\u00f6r<\/li>\n<li>Emulgerat jordn\u00f6tssm\u00f6r<\/li>\n<li>Homogent eller homogeniserat jordn\u00f6tssm\u00f6r<\/li>\n<li>L\u00e5ngvarigt jordn\u00f6tsp\u00e5l\u00e4gg<\/li>\n<li>No-Stir jordn\u00f6tssm\u00f6r<\/li>\n<li>Icke-separerande jordn\u00f6tssm\u00f6r<\/li>\n<li>Bearbetat jordn\u00f6tssm\u00f6r<\/li>\n<li>H\u00e5llfast jordn\u00f6tssm\u00f6r<\/li>\n<li>J\u00e4mnt utspritt jordn\u00f6tssm\u00f6r<\/li>\n<li>Smidigt lagringsstabilt jordn\u00f6tssm\u00f6r<\/li>\n<\/ul>\n<h3><strong>Heta \u00e4mnen om stabiliserat jordn\u00f6tssm\u00f6r<\/strong><\/h3>\n<ol>\n<li><strong> F\u00f6rdelar: <\/strong>Stabiliserat jordn\u00f6tssm\u00f6r erbjuder flera f\u00f6rdelar, inklusive en enhetlig konsistens som inte kr\u00e4ver omr\u00f6rning och l\u00e4ngre h\u00e5llbarhet. Den \u00e4r idealisk f\u00f6r anv\u00e4ndning i recept och som p\u00e5l\u00e4gg d\u00e4r konsekvent konsistens \u00e4r avg\u00f6rande.<\/li>\n<li><strong> Till\u00e4mpningar inom livsmedelstillverkning:\u00a0<\/strong>P\u00e5 grund av dess stabilitet anv\u00e4nds den i stor utstr\u00e4ckning inom livsmedelstillverkning. Den fungerar som ingrediens i olika produkter, s\u00e5som snackbarer, s\u00e5ser och bakverk, d\u00e4r konsistens och kvalitet \u00e4r avg\u00f6rande.<\/li>\n<li><strong> Konsumentpreferenser och trender: <\/strong>Konsumenter f\u00f6redrar allt mer stabiliserat jordn\u00f6tssm\u00f6r f\u00f6r dess bekv\u00e4mlighet och tillf\u00f6rlitlighet. Eftersom livsstilsf\u00f6r\u00e4ndringar leder till mer hektiska scheman, blir produkter som erbjuder problemfri f\u00f6rvaring och f\u00f6rberedelser allt popul\u00e4rare.<\/li>\n<li><strong> N\u00e4ringsm\u00e4ssiga aspekter: <\/strong>Stabiliserat jordn\u00f6tssm\u00f6r bibeh\u00e5ller sin n\u00e4ringsprofil samtidigt som det erbjuder en stabil, konsekvent produkt. Det ger viktiga n\u00e4rings\u00e4mnen som protein, h\u00e4lsosamma fetter och vitaminer, vilket g\u00f6r det till ett h\u00e4lsosamt val f\u00f6r olika dieter.<\/li>\n<\/ol>\n<h3><strong>Varf\u00f6r v\u00e4lja oss som din leverant\u00f6r?<\/strong><\/h3>\n<ol>\n<li><strong>Varf\u00f6r \u00e4r du det b\u00e4sta valet f\u00f6r OEM-tj\u00e4nster f\u00f6r stabiliserat jordn\u00f6tssm\u00f6r?<\/strong><br \/>\nVi tillhandah\u00e5ller skr\u00e4ddarsydda l\u00f6sningar, h\u00f6gkvalitativa produkter och omfattande expertis inom global tillverkning och export.<\/li>\n<li><strong>Kan du justera konsistensen, konsistensen och formuleringarna?<\/strong><br \/>\nJa, vi kan anpassa texturen och utveckla unika formuleringar f\u00f6r att m\u00f6ta dina specifika krav och konsumentpreferenser.<\/li>\n<li><strong>Vilka f\u00f6rpackningsalternativ finns tillg\u00e4ngliga?<\/strong><br \/>\nVi erbjuder olika anpassningsbara f\u00f6rpackningsformat, inklusive burkar, p\u00e5sar och bulkbeh\u00e5llare, skr\u00e4ddarsydda f\u00f6r att passa ditt varum\u00e4rkes behov.<\/li>\n<li><strong>Finns det i ekologiska alternativ?<\/strong><br \/>\nAbsolut! Vi tillhandah\u00e5ller stabiliserat jordn\u00f6tssm\u00f6r gjort med ekologiska jordn\u00f6tter och naturliga ingredienser.<\/li>\n<li><strong>Hur s\u00e4kerst\u00e4ller du kvaliteten?<\/strong><br \/>\nV\u00e5ra rigor\u00f6sa kvalitetskontrollprocesser och certifieringar, som HACCP, BRCGS och Kosher, garanterar att varje batch uppfyller de h\u00f6gsta standarderna.<\/li>\n<li><strong>Vad \u00e4r dina ledtider f\u00f6r produktion och frakt?<\/strong><br \/>\nLedtiderna varierar beroende p\u00e5 ordervolym och destination, men vi s\u00e4kerst\u00e4ller effektiv produktion och snabba leveranser, vanligtvis inom n\u00e5gra veckor.<\/li>\n<li><strong>Hanterar du internationell export?<\/strong><br \/>\nJa, vi hanterar alla aspekter av global frakt och efterlevnad f\u00f6r att s\u00e4kerst\u00e4lla smidig leverans.<\/li>\n<li><strong>Vilka certifieringar har du?<\/strong><br \/>\nV\u00e5rt stabiliserade jordn\u00f6tssm\u00f6r \u00e4r certifierat enligt HACCP, Kosher, Halal, BRCGS och andra relevanta standarder, vilket s\u00e4kerst\u00e4ller produkts\u00e4kerhet och kvalitet.<\/li>\n<li><strong>Kan vi beg\u00e4ra prover innan vi l\u00e4gger en fullst\u00e4ndig best\u00e4llning?<\/strong><br \/>\nJa, vi tillhandah\u00e5ller provpartier f\u00f6r testning, f\u00f6r att s\u00e4kerst\u00e4lla att det uppfyller dina f\u00f6rv\u00e4ntningar innan ett st\u00f6rre \u00e5tagande.<\/li>\n<\/ol>\n<h3><strong>Fakta om stabiliserat jordn\u00f6tssm\u00f6r\u00a0<\/strong><\/h3>\n<ol>\n<li><strong>Ingen separation:<\/strong> Stabiliserat jordn\u00f6tssm\u00f6r separeras inte i olja och fasta \u00e4mnen, vilket s\u00e4kerst\u00e4ller en konsekvent textur under hela h\u00e5llbarheten.<\/li>\n<li><strong>F\u00f6rl\u00e4ngd h\u00e5llbarhet:<\/strong> Den har en l\u00e4ngre h\u00e5llbarhet j\u00e4mf\u00f6rt med traditionellt jordn\u00f6tssm\u00f6r, vilket minskar behovet av frekventa \u00e5terk\u00f6p och avfall.<\/li>\n<li><strong>Bekv\u00e4mlighet:<\/strong> Idealisk f\u00f6r anv\u00e4ndning i en m\u00e4ngd olika applikationer d\u00e4r en stabil, bredbar konsistens \u00e4r avg\u00f6rande, s\u00e5som i livsmedelstillverkning och detaljhandelsprodukter.<\/li>\n<li><strong>N\u00e4ringsretention:<\/strong> Trots sin stabilitet beh\u00e5ller den de n\u00e4ringsm\u00e4ssiga f\u00f6rdelarna med jordn\u00f6tter, inklusive protein, h\u00e4lsosamma fetter och viktiga vitaminer.<\/li>\n<li><strong>M\u00e5ngsidig anv\u00e4ndning:<\/strong> L\u00e4mplig f\u00f6r en rad produkter, fr\u00e5n p\u00e5l\u00e4gg och snacks till ingrediensbaser i processade livsmedel.<\/li>\n<\/ol>\n<a href=\"mailto:globepeanut@gmail.com\" class=\"button primary is-primary is-medium\"  >\n    <span>Maila oss<\/span>\n  <\/a>","protected":false},"excerpt":{"rendered":"<table width=\"564\">\n<tbody>\n<tr>\n<td width=\"113\"><strong>Produktnamn<\/strong><\/td>\n<td width=\"402\">Stabiliserat jordn\u00f6tssm\u00f6r<\/td>\n<\/tr>\n<tr>\n<td width=\"113\"><strong>Specifikationer<\/strong><\/td>\n<td width=\"402\">10kgx1, 20kgx1, 22kgx1<\/td>\n<\/tr>\n<tr>\n<td width=\"113\"><strong>F\u00f6rpackningsformul\u00e4r<\/strong><\/td>\n<td width=\"402\">Burk, hink, doypack, v\u00e4ska, kartong, pl\u00e5t, fat, burk, flaska, etc<\/td>\n<\/tr>\n<tr>\n<td width=\"113\"><strong>Leveranstid<\/strong><\/td>\n<td width=\"402\">7 ~ 20 dagar efter best\u00e4llning<\/td>\n<\/tr>\n<tr>\n<td width=\"113\"><strong>MOQ<\/strong><\/td>\n<td width=\"402\">Ett ton<\/td>\n<\/tr>\n<tr>\n<td width=\"113\"><strong>Prov<\/strong><\/td>\n<td width=\"402\">Gratis prov tillg\u00e4ngligt<\/td>\n<\/tr>\n<tr>\n<td width=\"113\"><strong>OEM<\/strong><\/td>\n<td width=\"402\">K\u00f6parens etikett accepteras<\/td>\n<\/tr>\n<\/tbody>\n<\/table>","protected":false},"featured_media":1692,"comment_status":"open","ping_status":"closed","template":"","meta":[],"product_cat":[15],"product_tag":[],"class_list":{"0":"post-1545","1":"product","2":"type-product","3":"status-publish","4":"has-post-thumbnail","6":"product_cat-peanut-butter","8":"first","9":"instock","10":"shipping-taxable","11":"product-type-simple"},"yoast_head":"<!-- This site is optimized with the Yoast SEO plugin v24.9 - https:\/\/yoast.com\/wordpress\/plugins\/seo\/ -->\n<title>Stabilized Peanut Butter China Producer - Peanut Butter Factory<\/title>\n<meta name=\"description\" content=\"Leading stabilized peanut butter OEM private label manufacturer and exporter. High-quality and packaging customized to meet global market demands.\" \/>\n<meta name=\"robots\" content=\"index, follow, max-snippet:-1, max-image-preview:large, max-video-preview:-1\" \/>\n<link rel=\"canonical\" href=\"https:\/\/www.peanutoem.com\/sv\/manufacturer\/stabilized-peanut-butter\/\" \/>\n<meta property=\"og:locale\" content=\"sv_SE\" \/>\n<meta property=\"og:type\" content=\"article\" \/>\n<meta property=\"og:title\" content=\"Stabilized Peanut Butter China Producer - Peanut Butter Factory\" \/>\n<meta property=\"og:description\" content=\"Leading stabilized peanut butter OEM private label manufacturer and exporter. High-quality and packaging customized to meet global market demands.\" \/>\n<meta property=\"og:url\" content=\"https:\/\/www.peanutoem.com\/sv\/manufacturer\/stabilized-peanut-butter\/\" \/>\n<meta property=\"og:site_name\" content=\"Peanut Butter Factory\" \/>\n<meta property=\"article:modified_time\" content=\"2024-09-28T05:39:23+00:00\" \/>\n<meta property=\"og:image\" content=\"https:\/\/www.peanutoem.com\/wp-content\/uploads\/2024\/09\/Stabilized-Peanut-Butter-in-Jar.webp\" \/>\n\t<meta property=\"og:image:width\" content=\"1000\" \/>\n\t<meta property=\"og:image:height\" content=\"1000\" \/>\n\t<meta property=\"og:image:type\" content=\"image\/webp\" \/>\n<meta name=\"twitter:card\" content=\"summary_large_image\" \/>\n<meta name=\"twitter:label1\" content=\"Ber\u00e4knad l\u00e4stid\" \/>\n\t<meta name=\"twitter:data1\" content=\"4 minuter\" \/>\n<script type=\"application\/ld+json\" class=\"yoast-schema-graph\">{\"@context\":\"https:\/\/schema.org\",\"@graph\":[{\"@type\":\"WebPage\",\"@id\":\"https:\/\/www.peanutoem.com\/manufacturer\/stabilized-peanut-butter\/\",\"url\":\"https:\/\/www.peanutoem.com\/manufacturer\/stabilized-peanut-butter\/\",\"name\":\"Stabilized Peanut Butter China Producer - Peanut Butter Factory\",\"isPartOf\":{\"@id\":\"https:\/\/www.peanutoem.com\/#website\"},\"primaryImageOfPage\":{\"@id\":\"https:\/\/www.peanutoem.com\/manufacturer\/stabilized-peanut-butter\/#primaryimage\"},\"image\":{\"@id\":\"https:\/\/www.peanutoem.com\/manufacturer\/stabilized-peanut-butter\/#primaryimage\"},\"thumbnailUrl\":\"https:\/\/www.peanutoem.com\/wp-content\/uploads\/2024\/09\/Stabilized-Peanut-Butter-in-Jar.webp\",\"datePublished\":\"2024-09-02T13:38:22+00:00\",\"dateModified\":\"2024-09-28T05:39:23+00:00\",\"description\":\"Leading stabilized peanut butter OEM private label manufacturer and exporter. High-quality and packaging customized to meet global market demands.\",\"breadcrumb\":{\"@id\":\"https:\/\/www.peanutoem.com\/manufacturer\/stabilized-peanut-butter\/#breadcrumb\"},\"inLanguage\":\"sv-SE\",\"potentialAction\":[{\"@type\":\"ReadAction\",\"target\":[\"https:\/\/www.peanutoem.com\/manufacturer\/stabilized-peanut-butter\/\"]}]},{\"@type\":\"ImageObject\",\"inLanguage\":\"sv-SE\",\"@id\":\"https:\/\/www.peanutoem.com\/manufacturer\/stabilized-peanut-butter\/#primaryimage\",\"url\":\"https:\/\/www.peanutoem.com\/wp-content\/uploads\/2024\/09\/Stabilized-Peanut-Butter-in-Jar.webp\",\"contentUrl\":\"https:\/\/www.peanutoem.com\/wp-content\/uploads\/2024\/09\/Stabilized-Peanut-Butter-in-Jar.webp\",\"width\":1000,\"height\":1000,\"caption\":\"Stabilized Peanut Butter in Jar\"},{\"@type\":\"BreadcrumbList\",\"@id\":\"https:\/\/www.peanutoem.com\/manufacturer\/stabilized-peanut-butter\/#breadcrumb\",\"itemListElement\":[{\"@type\":\"ListItem\",\"position\":1,\"name\":\"Home\",\"item\":\"https:\/\/www.peanutoem.com\/\"},{\"@type\":\"ListItem\",\"position\":2,\"name\":\"Products\",\"item\":\"https:\/\/www.peanutoem.com\/shop\/\"},{\"@type\":\"ListItem\",\"position\":3,\"name\":\"Stabilized Peanut Butter\"}]},{\"@type\":\"WebSite\",\"@id\":\"https:\/\/www.peanutoem.com\/#website\",\"url\":\"https:\/\/www.peanutoem.com\/\",\"name\":\"Peanut Butter Factory\",\"description\":\"Peanut Butter Manufacturer and Roast Peanut OEM Factory | Peanut Private Label China Supplier\",\"publisher\":{\"@id\":\"https:\/\/www.peanutoem.com\/#organization\"},\"alternateName\":\"Peanut Butter OEM and Wholesale\",\"potentialAction\":[{\"@type\":\"SearchAction\",\"target\":{\"@type\":\"EntryPoint\",\"urlTemplate\":\"https:\/\/www.peanutoem.com\/?s={search_term_string}\"},\"query-input\":{\"@type\":\"PropertyValueSpecification\",\"valueRequired\":true,\"valueName\":\"search_term_string\"}}],\"inLanguage\":\"sv-SE\"},{\"@type\":\"Organization\",\"@id\":\"https:\/\/www.peanutoem.com\/#organization\",\"name\":\"Peanut Butter Factory\",\"alternateName\":\"JuFeng Group\",\"url\":\"https:\/\/www.peanutoem.com\/\",\"logo\":{\"@type\":\"ImageObject\",\"inLanguage\":\"sv-SE\",\"@id\":\"https:\/\/www.peanutoem.com\/#\/schema\/logo\/image\/\",\"url\":\"https:\/\/www.peanutoem.com\/wp-content\/uploads\/2024\/09\/JUFENG-LOGO.png\",\"contentUrl\":\"https:\/\/www.peanutoem.com\/wp-content\/uploads\/2024\/09\/JUFENG-LOGO.png\",\"width\":600,\"height\":170,\"caption\":\"Peanut Butter Factory\"},\"image\":{\"@id\":\"https:\/\/www.peanutoem.com\/#\/schema\/logo\/image\/\"}}]}<\/script>\n<!-- \/ Yoast SEO plugin. -->","yoast_head_json":{"title":"Stabilized Peanut Butter China Producer - Peanut Butter Factory","description":"Leading stabilized peanut butter OEM private label manufacturer and exporter. High-quality and packaging customized to meet global market demands.","robots":{"index":"index","follow":"follow","max-snippet":"max-snippet:-1","max-image-preview":"max-image-preview:large","max-video-preview":"max-video-preview:-1"},"canonical":"https:\/\/www.peanutoem.com\/sv\/manufacturer\/stabilized-peanut-butter\/","og_locale":"sv_SE","og_type":"article","og_title":"Stabilized Peanut Butter China Producer - Peanut Butter Factory","og_description":"Leading stabilized peanut butter OEM private label manufacturer and exporter. High-quality and packaging customized to meet global market demands.","og_url":"https:\/\/www.peanutoem.com\/sv\/manufacturer\/stabilized-peanut-butter\/","og_site_name":"Peanut Butter Factory","article_modified_time":"2024-09-28T05:39:23+00:00","og_image":[{"width":1000,"height":1000,"url":"https:\/\/www.peanutoem.com\/wp-content\/uploads\/2024\/09\/Stabilized-Peanut-Butter-in-Jar.webp","type":"image\/webp"}],"twitter_card":"summary_large_image","twitter_misc":{"Ber\u00e4knad l\u00e4stid":"4 minuter"},"schema":{"@context":"https:\/\/schema.org","@graph":[{"@type":"WebPage","@id":"https:\/\/www.peanutoem.com\/manufacturer\/stabilized-peanut-butter\/","url":"https:\/\/www.peanutoem.com\/manufacturer\/stabilized-peanut-butter\/","name":"Stabilized Peanut Butter China Producer - Peanut Butter Factory","isPartOf":{"@id":"https:\/\/www.peanutoem.com\/#website"},"primaryImageOfPage":{"@id":"https:\/\/www.peanutoem.com\/manufacturer\/stabilized-peanut-butter\/#primaryimage"},"image":{"@id":"https:\/\/www.peanutoem.com\/manufacturer\/stabilized-peanut-butter\/#primaryimage"},"thumbnailUrl":"https:\/\/www.peanutoem.com\/wp-content\/uploads\/2024\/09\/Stabilized-Peanut-Butter-in-Jar.webp","datePublished":"2024-09-02T13:38:22+00:00","dateModified":"2024-09-28T05:39:23+00:00","description":"Leading stabilized peanut butter OEM private label manufacturer and exporter. High-quality and packaging customized to meet global market demands.","breadcrumb":{"@id":"https:\/\/www.peanutoem.com\/manufacturer\/stabilized-peanut-butter\/#breadcrumb"},"inLanguage":"sv-SE","potentialAction":[{"@type":"ReadAction","target":["https:\/\/www.peanutoem.com\/manufacturer\/stabilized-peanut-butter\/"]}]},{"@type":"ImageObject","inLanguage":"sv-SE","@id":"https:\/\/www.peanutoem.com\/manufacturer\/stabilized-peanut-butter\/#primaryimage","url":"https:\/\/www.peanutoem.com\/wp-content\/uploads\/2024\/09\/Stabilized-Peanut-Butter-in-Jar.webp","contentUrl":"https:\/\/www.peanutoem.com\/wp-content\/uploads\/2024\/09\/Stabilized-Peanut-Butter-in-Jar.webp","width":1000,"height":1000,"caption":"Stabilized Peanut Butter in Jar"},{"@type":"BreadcrumbList","@id":"https:\/\/www.peanutoem.com\/manufacturer\/stabilized-peanut-butter\/#breadcrumb","itemListElement":[{"@type":"ListItem","position":1,"name":"Home","item":"https:\/\/www.peanutoem.com\/"},{"@type":"ListItem","position":2,"name":"Products","item":"https:\/\/www.peanutoem.com\/shop\/"},{"@type":"ListItem","position":3,"name":"Stabilized Peanut Butter"}]},{"@type":"WebSite","@id":"https:\/\/www.peanutoem.com\/#website","url":"https:\/\/www.peanutoem.com\/","name":"Peanut Butter Factory","description":"Peanut Butter Manufacturer and Roast Peanut OEM Factory | Peanut Private Label China Supplier","publisher":{"@id":"https:\/\/www.peanutoem.com\/#organization"},"alternateName":"Peanut Butter OEM and Wholesale","potentialAction":[{"@type":"SearchAction","target":{"@type":"EntryPoint","urlTemplate":"https:\/\/www.peanutoem.com\/?s={search_term_string}"},"query-input":{"@type":"PropertyValueSpecification","valueRequired":true,"valueName":"search_term_string"}}],"inLanguage":"sv-SE"},{"@type":"Organization","@id":"https:\/\/www.peanutoem.com\/#organization","name":"Peanut Butter Factory","alternateName":"JuFeng Group","url":"https:\/\/www.peanutoem.com\/","logo":{"@type":"ImageObject","inLanguage":"sv-SE","@id":"https:\/\/www.peanutoem.com\/#\/schema\/logo\/image\/","url":"https:\/\/www.peanutoem.com\/wp-content\/uploads\/2024\/09\/JUFENG-LOGO.png","contentUrl":"https:\/\/www.peanutoem.com\/wp-content\/uploads\/2024\/09\/JUFENG-LOGO.png","width":600,"height":170,"caption":"Peanut Butter Factory"},"image":{"@id":"https:\/\/www.peanutoem.com\/#\/schema\/logo\/image\/"}}]}},"_links":{"self":[{"href":"https:\/\/www.peanutoem.com\/sv\/wp-json\/wp\/v2\/product\/1545","targetHints":{"allow":["GET"]}}],"collection":[{"href":"https:\/\/www.peanutoem.com\/sv\/wp-json\/wp\/v2\/product"}],"about":[{"href":"https:\/\/www.peanutoem.com\/sv\/wp-json\/wp\/v2\/types\/product"}],"replies":[{"embeddable":true,"href":"https:\/\/www.peanutoem.com\/sv\/wp-json\/wp\/v2\/comments?post=1545"}],"wp:featuredmedia":[{"embeddable":true,"href":"https:\/\/www.peanutoem.com\/sv\/wp-json\/wp\/v2\/media\/1692"}],"wp:attachment":[{"href":"https:\/\/www.peanutoem.com\/sv\/wp-json\/wp\/v2\/media?parent=1545"}],"wp:term":[{"taxonomy":"product_cat","embeddable":true,"href":"https:\/\/www.peanutoem.com\/sv\/wp-json\/wp\/v2\/product_cat?post=1545"},{"taxonomy":"product_tag","embeddable":true,"href":"https:\/\/www.peanutoem.com\/sv\/wp-json\/wp\/v2\/product_tag?post=1545"}],"curies":[{"name":"wp","href":"https:\/\/api.w.org\/{rel}","templated":true}]}}