{"id":1553,"date":"2024-09-02T13:58:23","date_gmt":"2024-09-02T13:58:23","guid":{"rendered":"https:\/\/www.peanutoem.com\/?post_type=product&#038;p=1553"},"modified":"2024-09-24T15:21:33","modified_gmt":"2024-09-24T15:21:33","slug":"roasted-peanut-kernels","status":"publish","type":"product","link":"https:\/\/www.peanutoem.com\/sv\/manufacturer\/roasted-peanut-kernels\/","title":{"rendered":"Rostade jordn\u00f6tsk\u00e4rnor"},"content":{"rendered":"<h3>Vad \u00e4r rostade jordn\u00f6tsk\u00e4rnor?<\/h3>\n<p>Rostade jordn\u00f6tsk\u00e4rnor \u00e4r den \u00e4tbara delen av jordn\u00f6tsskalet som noggrant har rostats. Rostningsprocessen f\u00f6rh\u00f6jer smaken och smaken av jordn\u00f6tter avsev\u00e4rt. Det ger jordn\u00f6tter en attraktiv n\u00f6tdoft och en krispig konsistens, vilket g\u00f6r dem till ett popul\u00e4rt mellanm\u00e5l och en oumb\u00e4rlig ingrediens i m\u00e5nga livsmedel. Dessa rostade jordn\u00f6tsk\u00e4rnor har ett brett anv\u00e4ndningsomr\u00e5de, fr\u00e5n klassisk jordn\u00f6tssm\u00f6rtillverkning till kreativa kombinationer i bakade snacks och godis, till att l\u00e4gga till en unik smak till salta r\u00e4tter.<\/p>\n<h3>Vilka \u00e4r andra namn f\u00f6r rostade jordn\u00f6tsk\u00e4rnor?<\/h3>\n<p>Rostade jordn\u00f6tsk\u00e4rnor h\u00e4nvisas ibland till med alternativa namn beroende p\u00e5 region eller deras till\u00e4mpning. Vanliga namn inkluderar:<\/p>\n<ul>\n<li><strong>Rostade jordn\u00f6tter<\/strong> (anv\u00e4nds i vissa l\u00e4nder)<\/li>\n<li><strong>Torrrostade jordn\u00f6tter<\/strong><\/li>\n<li><strong>Rostade jordn\u00f6tter<\/strong><\/li>\n<li><strong>Rostade n\u00f6tk\u00e4rnor<\/strong><\/li>\n<\/ul>\n<p>Dessa varianter betonar samma l\u00e4ckra, m\u00e5ngsidiga produkt gjord av rostade jordn\u00f6tter, skr\u00e4ddarsydd f\u00f6r olika branscher och smaker.<\/p>\n<h3>Varf\u00f6r v\u00e4lja oss som OEM-leverant\u00f6r av rostade jordn\u00f6tsk\u00e4rnor?<\/h3>\n<p>Att v\u00e4lja <strong>Kina JuFeng Group<\/strong> inneb\u00e4r att samarbeta med en av branschens mest p\u00e5litliga leverant\u00f6rer av rostade jordn\u00f6tsk\u00e4rnor och tillverkare av egna m\u00e4rken. H\u00e4r \u00e4r anledningen till att vi sticker ut:<\/p>\n<ul>\n<li><strong>State-of-the-art produktion<\/strong>: Med tv\u00e5 avancerade produktionslinjer importerade fr\u00e5n USA, levererar vi konsekvent h\u00f6gkvalitativa rostade jordn\u00f6tsk\u00e4rnor i stor skala.<\/li>\n<li><strong>Anpassningsbara OEM-l\u00f6sningar<\/strong>: Vi erbjuder flexibla OEM- och privata m\u00e4rkestj\u00e4nster, s\u00e5 att kunder kan anpassa produktspecifikationer, f\u00f6rpackningar och mer f\u00f6r att m\u00f6ta specifika marknadsbehov.<\/li>\n<li><strong>Certifieringar och efterlevnad<\/strong>: V\u00e5ra produkter uppfyller globala s\u00e4kerhets- och kvalitetsstandarder, certifierade av BRC, HACCP, Kosher, Halal och EU Organic-certifieringar.<\/li>\n<li><strong>P\u00e5litlig export\u00f6r<\/strong>: Som en ledande export\u00f6r har vi etablerat partnerskap med stora stormarknader och livsmedelsvarum\u00e4rken \u00f6ver hela v\u00e4rlden.<\/li>\n<li><strong>Supply Chain expertis<\/strong>: Fr\u00e5n bearbetning till lagring s\u00e4kerst\u00e4ller vi snabb leverans och kvalitetskontroll med v\u00e5ra egenbyggda temperaturkontrollerade anl\u00e4ggningar.<\/li>\n<\/ul>\n<h3>Heta \u00e4mnen om rostade jordn\u00f6tsk\u00e4rnor<\/h3>\n<ul>\n<li><strong>H\u00e5llbarhet i jordn\u00f6tsodling<\/strong>: Rostade jordn\u00f6tsk\u00e4rnor, liksom andra jordn\u00f6tsprodukter, har l\u00e5g milj\u00f6p\u00e5verkan j\u00e4mf\u00f6rt med andra n\u00f6tter, vilket g\u00f6r dem till ett milj\u00f6v\u00e4nligt val f\u00f6r livsmedelstillverkare.<\/li>\n<li><strong>H\u00e4lsof\u00f6rdelar<\/strong>: Rostade jordn\u00f6tter \u00e4r rika p\u00e5 protein, h\u00e4lsosamma fetter och fibrer, vilket erbjuder konsumenterna ett n\u00e4ringsrikt mellanm\u00e5l.<\/li>\n<li><strong>Innovationer inom jordn\u00f6tsbearbetning<\/strong>: Jordn\u00f6tsindustrin utvecklas st\u00e4ndigt med nya rostningsmetoder som f\u00f6rb\u00e4ttrar smaken samtidigt som n\u00e4rings\u00e4mnen bevaras.<\/li>\n<\/ul>\n<h3>Att v\u00e4lja oss och fakta om rostade jordn\u00f6tsk\u00e4rnor<\/h3>\n<p><strong>1. Vad g\u00f6r China JuFeng Group till en ledande leverant\u00f6r av rostade jordn\u00f6tsk\u00e4rnor?<\/strong><br \/>\nVi kombinerar banbrytande teknologi, stor erfarenhet och \u00f6verl\u00e4gsen produktanpassning f\u00f6r att leverera h\u00f6gkvalitativa rostade jordn\u00f6tsk\u00e4rnor till globala marknader.<\/p>\n<p><strong>2. Erbjuder ni private label-tj\u00e4nster f\u00f6r rostade jordn\u00f6tsk\u00e4rnor?<\/strong><br \/>\nJa, vi tillhandah\u00e5ller flexibla egna m\u00e4rkesvaror, s\u00e5 att du kan skr\u00e4ddarsy produktf\u00f6rpackningen, varum\u00e4rket och k\u00e4rnspecifikationerna f\u00f6r att passa ditt varum\u00e4rkes behov.<\/p>\n<p><strong>3. Kan jag best\u00e4lla rostade jordn\u00f6tsk\u00e4rnor i l\u00f6svikt fr\u00e5n dig?<\/strong><br \/>\nAbsolut, vi erbjuder bulkink\u00f6psalternativ f\u00f6r att tillgodose f\u00f6retag av alla storlekar, inklusive \u00e5terf\u00f6rs\u00e4ljare, grossister och livsmedelstillverkare.<\/p>\n<p><strong>4. Vilka certifieringar har dina rostade jordn\u00f6tsk\u00e4rnor?<\/strong><br \/>\nV\u00e5ra produkter uppfyller strikta internationella standarder och certifieringar inklusive HACCP, BRC, Kosher, Halal och EU Organic.<\/p>\n<p><strong>5. Hur s\u00e4kerst\u00e4ller du kvaliteten p\u00e5 dina rostade jordn\u00f6tsk\u00e4rnor?<\/strong><br \/>\nVi har ett dedikerat internt labb f\u00f6r att utf\u00f6ra grundliga tester, vilket s\u00e4kerst\u00e4ller att varje batch uppfyller h\u00f6ga sensoriska, fysikaliska, kemiska och mikrobiella standarder.<\/p>\n<p><strong>6. Kan du anpassa stekniv\u00e5n p\u00e5 jordn\u00f6tsk\u00e4rnor?<\/strong><br \/>\nJa, vi erbjuder anpassningsbara rostningsniv\u00e5er (ljus, medium eller m\u00f6rk rost) baserat p\u00e5 kundernas preferenser och marknadens krav.<\/p>\n<p><strong>7. Hur f\u00f6rvaras dina rostade jordn\u00f6tsk\u00e4rnor f\u00f6r att beh\u00e5lla fr\u00e4sch\u00f6ren?<\/strong><br \/>\nV\u00e5ra k\u00e4rnor lagras i temperaturkontrollerade anl\u00e4ggningar som f\u00f6rhindrar f\u00f6rst\u00f6relse och bibeh\u00e5ller produktens integritet under frakt och hantering.<\/p>\n<p><strong>8. Exporterar du rostade jordn\u00f6tsk\u00e4rnor internationellt?<\/strong><br \/>\nJa, vi \u00e4r en erfaren export\u00f6r med ett globalt n\u00e4tverk som levererar rostade jordn\u00f6tsk\u00e4rnor till en m\u00e4ngd olika marknader \u00f6ver olika kontinenter.<\/p>\n<p><strong>9. \u00c4r dina rostade jordn\u00f6tsk\u00e4rnor l\u00e4mpliga att anv\u00e4nda i jordn\u00f6tssm\u00f6rstillverkning?<\/strong><br \/>\nAbsolut, v\u00e5ra rostade jordn\u00f6tsk\u00e4rnor \u00e4r idealiska f\u00f6r anv\u00e4ndning i jordn\u00f6tssm\u00f6rtillverkning, och erbjuder \u00f6verl\u00e4gsen smak och konsistens.<\/p>","protected":false},"excerpt":{"rendered":"<p>Vi \u00e4r tillverkare och leverant\u00f6r av rostade jordn\u00f6tsk\u00e4rnor i Kina<\/p>\n<p>\u2013 MOQ: 1 ton<br \/>\n\u2013 OEM\/ODM-tj\u00e4nst erbjuds<br \/>\n- Gratis prov tillg\u00e4ngligt<br \/>\n\u2013 Acceptera anpassning (specifikationer, f\u00e4rg, storlekar, f\u00f6rpackning, design, etc.)<\/p>\n<p>Om du vill skaffa Rostade jordn\u00f6tsk\u00e4rnor, v\u00e4nligen kontakta oss.<\/p>","protected":false},"featured_media":1697,"comment_status":"open","ping_status":"closed","template":"","meta":[],"product_cat":[37],"product_tag":[],"class_list":{"0":"post-1553","1":"product","2":"type-product","3":"status-publish","4":"has-post-thumbnail","6":"product_cat-roasted-peanut","8":"first","9":"instock","10":"featured","11":"shipping-taxable","12":"product-type-simple"},"yoast_head":"<!-- This site is optimized with the Yoast SEO plugin v24.9 - https:\/\/yoast.com\/wordpress\/plugins\/seo\/ -->\n<title>Roasted Peanut Kernels - Peanut Butter Factory<\/title>\n<meta name=\"description\" content=\"Premium Roasted Peanut Kernels OEM supplier, private label manufacturer, and exporter. Choose us for superior quality and customizable options.\" \/>\n<meta name=\"robots\" content=\"index, follow, max-snippet:-1, max-image-preview:large, max-video-preview:-1\" \/>\n<link rel=\"canonical\" href=\"https:\/\/www.peanutoem.com\/sv\/manufacturer\/roasted-peanut-kernels\/\" \/>\n<meta property=\"og:locale\" content=\"sv_SE\" \/>\n<meta property=\"og:type\" content=\"article\" \/>\n<meta property=\"og:title\" content=\"Roasted Peanut Kernels - Peanut Butter Factory\" \/>\n<meta property=\"og:description\" content=\"Premium Roasted Peanut Kernels OEM supplier, private label manufacturer, and exporter. Choose us for superior quality and customizable options.\" \/>\n<meta property=\"og:url\" content=\"https:\/\/www.peanutoem.com\/sv\/manufacturer\/roasted-peanut-kernels\/\" \/>\n<meta property=\"og:site_name\" content=\"Peanut Butter Factory\" \/>\n<meta property=\"article:modified_time\" content=\"2024-09-24T15:21:33+00:00\" \/>\n<meta property=\"og:image\" content=\"https:\/\/www.peanutoem.com\/wp-content\/uploads\/2024\/09\/Roasted-Peanut-Kernels-on-plate-scaled.webp\" \/>\n\t<meta property=\"og:image:width\" content=\"2560\" \/>\n\t<meta property=\"og:image:height\" content=\"1707\" \/>\n\t<meta property=\"og:image:type\" content=\"image\/webp\" \/>\n<meta name=\"twitter:card\" content=\"summary_large_image\" \/>\n<meta name=\"twitter:label1\" content=\"Ber\u00e4knad l\u00e4stid\" \/>\n\t<meta name=\"twitter:data1\" content=\"3 minuter\" \/>\n<script type=\"application\/ld+json\" class=\"yoast-schema-graph\">{\"@context\":\"https:\/\/schema.org\",\"@graph\":[{\"@type\":\"WebPage\",\"@id\":\"https:\/\/www.peanutoem.com\/manufacturer\/roasted-peanut-kernels\/\",\"url\":\"https:\/\/www.peanutoem.com\/manufacturer\/roasted-peanut-kernels\/\",\"name\":\"Roasted Peanut Kernels - Peanut Butter Factory\",\"isPartOf\":{\"@id\":\"https:\/\/www.peanutoem.com\/#website\"},\"primaryImageOfPage\":{\"@id\":\"https:\/\/www.peanutoem.com\/manufacturer\/roasted-peanut-kernels\/#primaryimage\"},\"image\":{\"@id\":\"https:\/\/www.peanutoem.com\/manufacturer\/roasted-peanut-kernels\/#primaryimage\"},\"thumbnailUrl\":\"https:\/\/www.peanutoem.com\/wp-content\/uploads\/2024\/09\/Roasted-Peanut-Kernels-on-plate-scaled.webp\",\"datePublished\":\"2024-09-02T13:58:23+00:00\",\"dateModified\":\"2024-09-24T15:21:33+00:00\",\"description\":\"Premium Roasted Peanut Kernels OEM supplier, private label manufacturer, and exporter. Choose us for superior quality and customizable options.\",\"breadcrumb\":{\"@id\":\"https:\/\/www.peanutoem.com\/manufacturer\/roasted-peanut-kernels\/#breadcrumb\"},\"inLanguage\":\"sv-SE\",\"potentialAction\":[{\"@type\":\"ReadAction\",\"target\":[\"https:\/\/www.peanutoem.com\/manufacturer\/roasted-peanut-kernels\/\"]}]},{\"@type\":\"ImageObject\",\"inLanguage\":\"sv-SE\",\"@id\":\"https:\/\/www.peanutoem.com\/manufacturer\/roasted-peanut-kernels\/#primaryimage\",\"url\":\"https:\/\/www.peanutoem.com\/wp-content\/uploads\/2024\/09\/Roasted-Peanut-Kernels-on-plate-scaled.webp\",\"contentUrl\":\"https:\/\/www.peanutoem.com\/wp-content\/uploads\/2024\/09\/Roasted-Peanut-Kernels-on-plate-scaled.webp\",\"width\":2560,\"height\":1707,\"caption\":\"Roasted Peanut Kernels on plate\"},{\"@type\":\"BreadcrumbList\",\"@id\":\"https:\/\/www.peanutoem.com\/manufacturer\/roasted-peanut-kernels\/#breadcrumb\",\"itemListElement\":[{\"@type\":\"ListItem\",\"position\":1,\"name\":\"Home\",\"item\":\"https:\/\/www.peanutoem.com\/\"},{\"@type\":\"ListItem\",\"position\":2,\"name\":\"Products\",\"item\":\"https:\/\/www.peanutoem.com\/shop\/\"},{\"@type\":\"ListItem\",\"position\":3,\"name\":\"Roasted Peanut Kernels\"}]},{\"@type\":\"WebSite\",\"@id\":\"https:\/\/www.peanutoem.com\/#website\",\"url\":\"https:\/\/www.peanutoem.com\/\",\"name\":\"Peanut Butter Factory\",\"description\":\"Peanut Butter Manufacturer and Roast Peanut OEM Factory | Peanut Private Label China Supplier\",\"publisher\":{\"@id\":\"https:\/\/www.peanutoem.com\/#organization\"},\"alternateName\":\"Peanut Butter OEM and Wholesale\",\"potentialAction\":[{\"@type\":\"SearchAction\",\"target\":{\"@type\":\"EntryPoint\",\"urlTemplate\":\"https:\/\/www.peanutoem.com\/?s={search_term_string}\"},\"query-input\":{\"@type\":\"PropertyValueSpecification\",\"valueRequired\":true,\"valueName\":\"search_term_string\"}}],\"inLanguage\":\"sv-SE\"},{\"@type\":\"Organization\",\"@id\":\"https:\/\/www.peanutoem.com\/#organization\",\"name\":\"Peanut Butter Factory\",\"alternateName\":\"JuFeng Group\",\"url\":\"https:\/\/www.peanutoem.com\/\",\"logo\":{\"@type\":\"ImageObject\",\"inLanguage\":\"sv-SE\",\"@id\":\"https:\/\/www.peanutoem.com\/#\/schema\/logo\/image\/\",\"url\":\"https:\/\/www.peanutoem.com\/wp-content\/uploads\/2024\/09\/JUFENG-LOGO.png\",\"contentUrl\":\"https:\/\/www.peanutoem.com\/wp-content\/uploads\/2024\/09\/JUFENG-LOGO.png\",\"width\":600,\"height\":170,\"caption\":\"Peanut Butter Factory\"},\"image\":{\"@id\":\"https:\/\/www.peanutoem.com\/#\/schema\/logo\/image\/\"}}]}<\/script>\n<!-- \/ Yoast SEO plugin. -->","yoast_head_json":{"title":"Roasted Peanut Kernels - Peanut Butter Factory","description":"Premium Roasted Peanut Kernels OEM supplier, private label manufacturer, and exporter. Choose us for superior quality and customizable options.","robots":{"index":"index","follow":"follow","max-snippet":"max-snippet:-1","max-image-preview":"max-image-preview:large","max-video-preview":"max-video-preview:-1"},"canonical":"https:\/\/www.peanutoem.com\/sv\/manufacturer\/roasted-peanut-kernels\/","og_locale":"sv_SE","og_type":"article","og_title":"Roasted Peanut Kernels - Peanut Butter Factory","og_description":"Premium Roasted Peanut Kernels OEM supplier, private label manufacturer, and exporter. Choose us for superior quality and customizable options.","og_url":"https:\/\/www.peanutoem.com\/sv\/manufacturer\/roasted-peanut-kernels\/","og_site_name":"Peanut Butter Factory","article_modified_time":"2024-09-24T15:21:33+00:00","og_image":[{"width":2560,"height":1707,"url":"https:\/\/www.peanutoem.com\/wp-content\/uploads\/2024\/09\/Roasted-Peanut-Kernels-on-plate-scaled.webp","type":"image\/webp"}],"twitter_card":"summary_large_image","twitter_misc":{"Ber\u00e4knad l\u00e4stid":"3 minuter"},"schema":{"@context":"https:\/\/schema.org","@graph":[{"@type":"WebPage","@id":"https:\/\/www.peanutoem.com\/manufacturer\/roasted-peanut-kernels\/","url":"https:\/\/www.peanutoem.com\/manufacturer\/roasted-peanut-kernels\/","name":"Roasted Peanut Kernels - Peanut Butter Factory","isPartOf":{"@id":"https:\/\/www.peanutoem.com\/#website"},"primaryImageOfPage":{"@id":"https:\/\/www.peanutoem.com\/manufacturer\/roasted-peanut-kernels\/#primaryimage"},"image":{"@id":"https:\/\/www.peanutoem.com\/manufacturer\/roasted-peanut-kernels\/#primaryimage"},"thumbnailUrl":"https:\/\/www.peanutoem.com\/wp-content\/uploads\/2024\/09\/Roasted-Peanut-Kernels-on-plate-scaled.webp","datePublished":"2024-09-02T13:58:23+00:00","dateModified":"2024-09-24T15:21:33+00:00","description":"Premium Roasted Peanut Kernels OEM supplier, private label manufacturer, and exporter. Choose us for superior quality and customizable options.","breadcrumb":{"@id":"https:\/\/www.peanutoem.com\/manufacturer\/roasted-peanut-kernels\/#breadcrumb"},"inLanguage":"sv-SE","potentialAction":[{"@type":"ReadAction","target":["https:\/\/www.peanutoem.com\/manufacturer\/roasted-peanut-kernels\/"]}]},{"@type":"ImageObject","inLanguage":"sv-SE","@id":"https:\/\/www.peanutoem.com\/manufacturer\/roasted-peanut-kernels\/#primaryimage","url":"https:\/\/www.peanutoem.com\/wp-content\/uploads\/2024\/09\/Roasted-Peanut-Kernels-on-plate-scaled.webp","contentUrl":"https:\/\/www.peanutoem.com\/wp-content\/uploads\/2024\/09\/Roasted-Peanut-Kernels-on-plate-scaled.webp","width":2560,"height":1707,"caption":"Roasted Peanut Kernels on plate"},{"@type":"BreadcrumbList","@id":"https:\/\/www.peanutoem.com\/manufacturer\/roasted-peanut-kernels\/#breadcrumb","itemListElement":[{"@type":"ListItem","position":1,"name":"Home","item":"https:\/\/www.peanutoem.com\/"},{"@type":"ListItem","position":2,"name":"Products","item":"https:\/\/www.peanutoem.com\/shop\/"},{"@type":"ListItem","position":3,"name":"Roasted Peanut Kernels"}]},{"@type":"WebSite","@id":"https:\/\/www.peanutoem.com\/#website","url":"https:\/\/www.peanutoem.com\/","name":"Peanut Butter Factory","description":"Peanut Butter Manufacturer and Roast Peanut OEM Factory | Peanut Private Label China Supplier","publisher":{"@id":"https:\/\/www.peanutoem.com\/#organization"},"alternateName":"Peanut Butter OEM and Wholesale","potentialAction":[{"@type":"SearchAction","target":{"@type":"EntryPoint","urlTemplate":"https:\/\/www.peanutoem.com\/?s={search_term_string}"},"query-input":{"@type":"PropertyValueSpecification","valueRequired":true,"valueName":"search_term_string"}}],"inLanguage":"sv-SE"},{"@type":"Organization","@id":"https:\/\/www.peanutoem.com\/#organization","name":"Peanut Butter Factory","alternateName":"JuFeng Group","url":"https:\/\/www.peanutoem.com\/","logo":{"@type":"ImageObject","inLanguage":"sv-SE","@id":"https:\/\/www.peanutoem.com\/#\/schema\/logo\/image\/","url":"https:\/\/www.peanutoem.com\/wp-content\/uploads\/2024\/09\/JUFENG-LOGO.png","contentUrl":"https:\/\/www.peanutoem.com\/wp-content\/uploads\/2024\/09\/JUFENG-LOGO.png","width":600,"height":170,"caption":"Peanut Butter Factory"},"image":{"@id":"https:\/\/www.peanutoem.com\/#\/schema\/logo\/image\/"}}]}},"_links":{"self":[{"href":"https:\/\/www.peanutoem.com\/sv\/wp-json\/wp\/v2\/product\/1553","targetHints":{"allow":["GET"]}}],"collection":[{"href":"https:\/\/www.peanutoem.com\/sv\/wp-json\/wp\/v2\/product"}],"about":[{"href":"https:\/\/www.peanutoem.com\/sv\/wp-json\/wp\/v2\/types\/product"}],"replies":[{"embeddable":true,"href":"https:\/\/www.peanutoem.com\/sv\/wp-json\/wp\/v2\/comments?post=1553"}],"wp:featuredmedia":[{"embeddable":true,"href":"https:\/\/www.peanutoem.com\/sv\/wp-json\/wp\/v2\/media\/1697"}],"wp:attachment":[{"href":"https:\/\/www.peanutoem.com\/sv\/wp-json\/wp\/v2\/media?parent=1553"}],"wp:term":[{"taxonomy":"product_cat","embeddable":true,"href":"https:\/\/www.peanutoem.com\/sv\/wp-json\/wp\/v2\/product_cat?post=1553"},{"taxonomy":"product_tag","embeddable":true,"href":"https:\/\/www.peanutoem.com\/sv\/wp-json\/wp\/v2\/product_tag?post=1553"}],"curies":[{"name":"wp","href":"https:\/\/api.w.org\/{rel}","templated":true}]}}