{"id":1554,"date":"2024-09-02T13:59:01","date_gmt":"2024-09-02T13:59:01","guid":{"rendered":"https:\/\/www.peanutoem.com\/?post_type=product&#038;p=1554"},"modified":"2024-09-28T05:11:42","modified_gmt":"2024-09-28T05:11:42","slug":"roasted-blanched-peanut","status":"publish","type":"product","link":"https:\/\/www.peanutoem.com\/sv\/manufacturer\/roasted-blanched-peanut\/","title":{"rendered":"Rostade blancherade jordn\u00f6tter"},"content":{"rendered":"<h3><strong>Vad \u00e4r rostade blancherade jordn\u00f6tter?<\/strong><\/h3>\n<p>Rostade blancherade jordn\u00f6tter genomg\u00e5r en specifik process i tv\u00e5 steg. F\u00f6rst blancheras de r\u00e5a jordn\u00f6tterna, vilket inneb\u00e4r att det yttre skalet avl\u00e4gsnas genom uppv\u00e4rmning och skonsamma mekaniska metoder. D\u00e4refter rostas de till perfektion, vilket resulterar i en rik, n\u00f6taktig smak och krispig konsistens. Dessa jordn\u00f6tter \u00e4r idealiska f\u00f6r olika applikationer, inklusive snackstillverkning, konfektyr, jordn\u00f6tssm\u00f6rtillverkning och som ingredienser i salta r\u00e4tter.<\/p>\n<p>Dessutom erbjuder blancherade rostade jordn\u00f6tter den extra f\u00f6rdelen av ett rent, smidigt utseende. Denna kvalitet g\u00f6r dem mycket \u00f6nskv\u00e4rda f\u00f6r produkter d\u00e4r visuell attraktion och enhetlighet \u00e4r avg\u00f6rande.<\/p>\n<h3><strong>Vilka \u00e4r andra namn f\u00f6r rostade blancherade jordn\u00f6tter?<\/strong><\/h3>\n<p>Rostade blancherade jordn\u00f6tter kan h\u00e4nvisas till med flera namn, beroende p\u00e5 regionala preferenser eller industrianv\u00e4ndning:<\/p>\n<ul>\n<li>Rostade jordn\u00f6tter utan skinn<\/li>\n<li>Blancherade och rostade jordn\u00f6tter<\/li>\n<li>Rostade vita jordn\u00f6tter<\/li>\n<li>Blancherade jordn\u00f6tter<\/li>\n<li>Blancherade jordn\u00f6tsk\u00e4rnor<\/li>\n<li>Jordn\u00f6tter Hela blancherade Rostade<\/li>\n<\/ul>\n<p>Dessa namn \u00e5terspeglar beredningsprocessen, d\u00e4r jordn\u00f6tsskalen tas bort innan de rostas, vilket resulterar i en sl\u00e4t och tilltalande slutprodukt.<\/p>\n<h3><img loading=\"lazy\" decoding=\"async\" class=\"alignnone wp-image-1702 size-full\" src=\"https:\/\/www.peanutoem.com\/wp-content\/uploads\/2024\/09\/Whole-Roasted-Blanched-Peanut-.webp\" alt=\"Helrostade blancherade jordn\u00f6tter\" width=\"1000\" height=\"1000\" srcset=\"https:\/\/www.peanutoem.com\/wp-content\/uploads\/2024\/09\/Whole-Roasted-Blanched-Peanut-.webp 1000w, https:\/\/www.peanutoem.com\/wp-content\/uploads\/2024\/09\/Whole-Roasted-Blanched-Peanut--300x300.webp 300w, https:\/\/www.peanutoem.com\/wp-content\/uploads\/2024\/09\/Whole-Roasted-Blanched-Peanut--150x150.webp 150w, https:\/\/www.peanutoem.com\/wp-content\/uploads\/2024\/09\/Whole-Roasted-Blanched-Peanut--768x768.webp 768w, https:\/\/www.peanutoem.com\/wp-content\/uploads\/2024\/09\/Whole-Roasted-Blanched-Peanut--12x12.webp 12w, https:\/\/www.peanutoem.com\/wp-content\/uploads\/2024\/09\/Whole-Roasted-Blanched-Peanut--600x600.webp 600w, https:\/\/www.peanutoem.com\/wp-content\/uploads\/2024\/09\/Whole-Roasted-Blanched-Peanut--100x100.webp 100w\" sizes=\"auto, (max-width: 1000px) 100vw, 1000px\" \/><\/h3>\n<h3><strong>Varf\u00f6r v\u00e4lja oss som OEM-leverant\u00f6r av rostade blancherade jordn\u00f6tter?<\/strong><\/h3>\n<p>Vi \u00e4r marknadsledande inom produktion av rostade blancherade jordn\u00f6tter, och erbjuder b\u00e5de rostade blancherade jordn\u00f6tter hela och rostade blancherade jordn\u00f6tshalvor. H\u00e4r \u00e4r varf\u00f6r vi \u00e4r din b\u00e4sta partner:<\/p>\n<ul>\n<li><strong>Expertis inom OEM-l\u00f6sningar<\/strong>: Med v\u00e5ra avancerade produktionsm\u00f6jligheter erbjuder vi skr\u00e4ddarsydda OEM-tj\u00e4nster som uppfyller dina produktspecifikationer, fr\u00e5n rostningsniv\u00e5er till f\u00f6rpackningskrav.<\/li>\n<li><strong>Private Label Manufacturing<\/strong>: Vi \u00e4r specialiserade p\u00e5 tillverkning av egna m\u00e4rken, vilket g\u00f6r att varum\u00e4rken kan dra nytta av v\u00e5r expertis samtidigt som de utvecklar sina egna distinkta produkter.<\/li>\n<li><strong>Globala exportm\u00f6jligheter<\/strong>: Som en erfaren export\u00f6r betj\u00e4nar vi kunder \u00f6ver hela v\u00e4rlden med effektiv logistik och j\u00e4mn kvalitet.<\/li>\n<li><strong>Certifierad kvalitetss\u00e4kring<\/strong>: V\u00e5ra produkter \u00e4r certifierade enligt HACCP, BRCGS, Halal, Kosher och EU Organic standarder, vilket s\u00e4kerst\u00e4ller \u00f6verensst\u00e4mmelse med globala livsmedelss\u00e4kerhets- och kvalitetsbest\u00e4mmelser.<\/li>\n<li><strong>H\u00e5llbarhet &amp; p\u00e5litlighet<\/strong>: Vi prioriterar h\u00e5llbara produktionsmetoder och uppr\u00e4tth\u00e5ller en stark leveranskedjas tillf\u00f6rlitlighet f\u00f6r att m\u00f6ta behoven hos v\u00e5ra kunder runt om i v\u00e4rlden.<\/li>\n<\/ul>\n<h3><strong>Heta \u00e4mnen om rostade blancherade jordn\u00f6tter<\/strong><\/h3>\n<ul>\n<li><strong>Hel vs. halvor<\/strong>: Att f\u00f6rst\u00e5 anv\u00e4ndningsfallen f\u00f6r rostade blancherade jordn\u00f6tshalvor \u00e4r avg\u00f6rande f\u00f6r tillverkare. Hela jordn\u00f6tter anv\u00e4nds ofta i premium snacksprodukter, medan halvor \u00e4r att f\u00f6redra f\u00f6r livsmedelsproduktion, bakning och jordn\u00f6tssm\u00f6r.<\/li>\n<li><strong>H\u00e4lsof\u00f6rdelar med rostade blancherade jordn\u00f6tter<\/strong>: Blancherade jordn\u00f6tter beh\u00e5ller m\u00e5nga av de n\u00e4ringsm\u00e4ssiga f\u00f6rdelarna med r\u00e5a jordn\u00f6tter, inklusive protein, h\u00e4lsosamma fetter och viktiga vitaminer och mineraler, vilket g\u00f6r dem till ett smart val f\u00f6r h\u00e4lsomedvetna konsumenter.<\/li>\n<li><strong>\u00d6kande efterfr\u00e5gan p\u00e5 Clean-Label-ingredienser<\/strong>: Eftersom fler konsumenter s\u00f6ker efter produkter med minimal bearbetning, \u00e4r rostade blancherade jordn\u00f6tter ett utm\u00e4rkt ingrediensval f\u00f6r snacks och livsmedelsprodukter som marknadsf\u00f6rs som &quot;clean-label&quot;.<\/li>\n<li><strong>Jordn\u00f6tters h\u00e5llbarhet och milj\u00f6p\u00e5verkan<\/strong>: J\u00e4mf\u00f6rt med andra n\u00f6tter kr\u00e4ver jordn\u00f6tter, inklusive blancherade sorter, f\u00e4rre resurser f\u00f6r att v\u00e4xa, vilket g\u00f6r dem till ett h\u00e5llbart val f\u00f6r livsmedelsf\u00f6retag som vill minska sitt milj\u00f6avtryck.<\/li>\n<\/ul>\n<h3><strong>Vanliga fr\u00e5gor om v\u00e5r roll som tillverkare av rostade blancherade jordn\u00f6tter<\/strong><\/h3>\n<ol>\n<li><strong>Vilka \u00e4r f\u00f6rdelarna med blancherade jordn\u00f6tter?<\/strong><br \/>\nBlancherade jordn\u00f6tter har tagit bort skal, vilket ger ett renare utseende och konsistent konsistens, perfekt f\u00f6r snacks och visuellt drivna produkter.<\/li>\n<li><strong>Tillhandah\u00e5ller du private label-alternativ?<\/strong><br \/>\nJa, vi \u00e4r specialiserade p\u00e5 tillverkning av egna m\u00e4rken med fullst\u00e4ndig anpassning till ditt varum\u00e4rkes f\u00f6rpackning och specifikationer.<\/li>\n<li><strong>Kan jag anpassa stekningsniv\u00e5n?<\/strong><br \/>\nAbsolut! Vi erbjuder rostningsalternativ fr\u00e5n ljus till m\u00f6rk, skr\u00e4ddarsydda efter dina preferenser och marknadens behov.<\/li>\n<li><strong>Hur beh\u00e5ller du fr\u00e4sch\u00f6ren?<\/strong><br \/>\nVi lagrar jordn\u00f6tter i temperaturkontrollerade lokaler f\u00f6r att s\u00e4kerst\u00e4lla att de f\u00f6rblir f\u00e4rska och av h\u00f6g kvalitet under lagring och transport.<\/li>\n<li><strong>Exporterar du globalt?<\/strong><br \/>\nJa, vi har l\u00e5ng erfarenhet av att exportera rostade blancherade jordn\u00f6tter till olika internationella marknader med effektiv logistik.<\/li>\n<li><strong>Vad \u00e4r h\u00e5llbarheten p\u00e5 dina jordn\u00f6tter?<\/strong><br \/>\nV\u00e5ra rostade blancherade jordn\u00f6tter h\u00e5ller 12 till 18 m\u00e5nader n\u00e4r de f\u00f6rvaras p\u00e5 r\u00e4tt s\u00e4tt, vilket s\u00e4kerst\u00e4ller best\u00e5ende fr\u00e4sch\u00f6r och smak.<\/li>\n<li><strong>Vilka \u00e4r vanliga anv\u00e4ndningsomr\u00e5den f\u00f6r rostade blancherade jordn\u00f6tter?<\/strong><br \/>\nDe \u00e4r popul\u00e4ra i snacks, konfektyrer, jordn\u00f6tssm\u00f6r och som ingredienser i salta och bakverk.<\/li>\n<li><strong>Hur st\u00e5r sig rostade blancherade jordn\u00f6tter j\u00e4mf\u00f6rt med andra sorter?<\/strong><br \/>\nRostade blancherade jordn\u00f6tter har ett j\u00e4mnare, renare utseende eftersom deras skal tas bort. Denna kvalitet g\u00f6r dem perfekta f\u00f6r premiumprodukter som beh\u00f6ver konsekvent textur.<\/li>\n<\/ol>\n<div class=\"flex max-w-full flex-col flex-grow\">\n<div class=\"min-h-8 text-message flex w-full flex-col items-end gap-2 whitespace-normal break-words [.text-message+&amp;]:mt-5\" dir=\"auto\" data-message-author-role=\"assistant\" data-message-id=\"31ea6229-78d6-4c3f-8f61-fea9e8392c9b\">\n<div class=\"flex w-full flex-col gap-1 empty:hidden first:pt-[3px]\">\n<div class=\"markdown prose w-full break-words dark:prose-invert dark\">\n<a href=\"mailto:globepeanut@gmail.com\" class=\"button primary is-primary is-medium\"  >\n    <span>Maila oss<\/span>\n  <\/a>\n\n<\/div>\n<\/div>\n<\/div>\n<\/div>\n<div class=\"mb-2 flex gap-3 empty:hidden -ml-2\">\n<div class=\"items-center justify-start rounded-xl p-1 flex\"><\/div>\n<\/div>","protected":false},"excerpt":{"rendered":"<p>Vi \u00e4r tillverkare och leverant\u00f6r av rostade blancherade jordn\u00f6tter i Kina<\/p>\n<p>\u2013 MOQ: 1 ton<br \/>\n\u2013 OEM\/ODM-tj\u00e4nst erbjuds<br \/>\n- Gratis prov tillg\u00e4ngligt<br \/>\n\u2013 Acceptera anpassning (specifikationer, storlekar, f\u00e4rg, design, etc.)<br \/>\n\u2013 Typ: Rostade jordn\u00f6tter Hela, Rostade jordn\u00f6tshalva<\/p>\n<p>Om du vill f\u00e5 priser p\u00e5 Rostade Blanched Peanut, v\u00e4nligen kontakta oss.<\/p>","protected":false},"featured_media":1701,"comment_status":"open","ping_status":"closed","template":"","meta":[],"product_cat":[37],"product_tag":[],"class_list":{"0":"post-1554","1":"product","2":"type-product","3":"status-publish","4":"has-post-thumbnail","6":"product_cat-roasted-peanut","8":"first","9":"instock","10":"shipping-taxable","11":"product-type-simple"},"yoast_head":"<!-- This site is optimized with the Yoast SEO plugin v24.9 - https:\/\/yoast.com\/wordpress\/plugins\/seo\/ -->\n<title>Roasted Blanched Peanut China Wholesaler - Peanut Butter Factory<\/title>\n<meta name=\"description\" content=\"High-quality Roasted Blanched Peanut OEM supplier, private label manufacturer, and exporter. Choose us for customizable solutions and global expertise.\" \/>\n<meta name=\"robots\" content=\"index, follow, max-snippet:-1, max-image-preview:large, max-video-preview:-1\" \/>\n<link rel=\"canonical\" href=\"https:\/\/www.peanutoem.com\/sv\/manufacturer\/roasted-blanched-peanut\/\" \/>\n<meta property=\"og:locale\" content=\"sv_SE\" \/>\n<meta property=\"og:type\" content=\"article\" \/>\n<meta property=\"og:title\" content=\"Roasted Blanched Peanut China Wholesaler - Peanut Butter Factory\" \/>\n<meta property=\"og:description\" content=\"High-quality Roasted Blanched Peanut OEM supplier, private label manufacturer, and exporter. Choose us for customizable solutions and global expertise.\" \/>\n<meta property=\"og:url\" content=\"https:\/\/www.peanutoem.com\/sv\/manufacturer\/roasted-blanched-peanut\/\" \/>\n<meta property=\"og:site_name\" content=\"Peanut Butter Factory\" \/>\n<meta property=\"article:modified_time\" content=\"2024-09-28T05:11:42+00:00\" \/>\n<meta property=\"og:image\" content=\"https:\/\/www.peanutoem.com\/wp-content\/uploads\/2024\/09\/Whole-Roast-Blanched-Peanut-.webp\" \/>\n\t<meta property=\"og:image:width\" content=\"1000\" \/>\n\t<meta property=\"og:image:height\" content=\"1000\" \/>\n\t<meta property=\"og:image:type\" content=\"image\/webp\" \/>\n<meta name=\"twitter:card\" content=\"summary_large_image\" \/>\n<meta name=\"twitter:label1\" content=\"Ber\u00e4knad l\u00e4stid\" \/>\n\t<meta name=\"twitter:data1\" content=\"4 minuter\" \/>\n<script type=\"application\/ld+json\" class=\"yoast-schema-graph\">{\"@context\":\"https:\/\/schema.org\",\"@graph\":[{\"@type\":\"WebPage\",\"@id\":\"https:\/\/www.peanutoem.com\/manufacturer\/roasted-blanched-peanut\/\",\"url\":\"https:\/\/www.peanutoem.com\/manufacturer\/roasted-blanched-peanut\/\",\"name\":\"Roasted Blanched Peanut China Wholesaler - Peanut Butter Factory\",\"isPartOf\":{\"@id\":\"https:\/\/www.peanutoem.com\/#website\"},\"primaryImageOfPage\":{\"@id\":\"https:\/\/www.peanutoem.com\/manufacturer\/roasted-blanched-peanut\/#primaryimage\"},\"image\":{\"@id\":\"https:\/\/www.peanutoem.com\/manufacturer\/roasted-blanched-peanut\/#primaryimage\"},\"thumbnailUrl\":\"https:\/\/www.peanutoem.com\/wp-content\/uploads\/2024\/09\/Whole-Roast-Blanched-Peanut-.webp\",\"datePublished\":\"2024-09-02T13:59:01+00:00\",\"dateModified\":\"2024-09-28T05:11:42+00:00\",\"description\":\"High-quality Roasted Blanched Peanut OEM supplier, private label manufacturer, and exporter. Choose us for customizable solutions and global expertise.\",\"breadcrumb\":{\"@id\":\"https:\/\/www.peanutoem.com\/manufacturer\/roasted-blanched-peanut\/#breadcrumb\"},\"inLanguage\":\"sv-SE\",\"potentialAction\":[{\"@type\":\"ReadAction\",\"target\":[\"https:\/\/www.peanutoem.com\/manufacturer\/roasted-blanched-peanut\/\"]}]},{\"@type\":\"ImageObject\",\"inLanguage\":\"sv-SE\",\"@id\":\"https:\/\/www.peanutoem.com\/manufacturer\/roasted-blanched-peanut\/#primaryimage\",\"url\":\"https:\/\/www.peanutoem.com\/wp-content\/uploads\/2024\/09\/Whole-Roast-Blanched-Peanut-.webp\",\"contentUrl\":\"https:\/\/www.peanutoem.com\/wp-content\/uploads\/2024\/09\/Whole-Roast-Blanched-Peanut-.webp\",\"width\":1000,\"height\":1000,\"caption\":\"Whole Roast Blanched Peanut\"},{\"@type\":\"BreadcrumbList\",\"@id\":\"https:\/\/www.peanutoem.com\/manufacturer\/roasted-blanched-peanut\/#breadcrumb\",\"itemListElement\":[{\"@type\":\"ListItem\",\"position\":1,\"name\":\"Home\",\"item\":\"https:\/\/www.peanutoem.com\/\"},{\"@type\":\"ListItem\",\"position\":2,\"name\":\"Products\",\"item\":\"https:\/\/www.peanutoem.com\/shop\/\"},{\"@type\":\"ListItem\",\"position\":3,\"name\":\"Roasted Blanched Peanut\"}]},{\"@type\":\"WebSite\",\"@id\":\"https:\/\/www.peanutoem.com\/#website\",\"url\":\"https:\/\/www.peanutoem.com\/\",\"name\":\"Peanut Butter Factory\",\"description\":\"Peanut Butter Manufacturer and Roast Peanut OEM Factory | Peanut Private Label China Supplier\",\"publisher\":{\"@id\":\"https:\/\/www.peanutoem.com\/#organization\"},\"alternateName\":\"Peanut Butter OEM and Wholesale\",\"potentialAction\":[{\"@type\":\"SearchAction\",\"target\":{\"@type\":\"EntryPoint\",\"urlTemplate\":\"https:\/\/www.peanutoem.com\/?s={search_term_string}\"},\"query-input\":{\"@type\":\"PropertyValueSpecification\",\"valueRequired\":true,\"valueName\":\"search_term_string\"}}],\"inLanguage\":\"sv-SE\"},{\"@type\":\"Organization\",\"@id\":\"https:\/\/www.peanutoem.com\/#organization\",\"name\":\"Peanut Butter Factory\",\"alternateName\":\"JuFeng Group\",\"url\":\"https:\/\/www.peanutoem.com\/\",\"logo\":{\"@type\":\"ImageObject\",\"inLanguage\":\"sv-SE\",\"@id\":\"https:\/\/www.peanutoem.com\/#\/schema\/logo\/image\/\",\"url\":\"https:\/\/www.peanutoem.com\/wp-content\/uploads\/2024\/09\/JUFENG-LOGO.png\",\"contentUrl\":\"https:\/\/www.peanutoem.com\/wp-content\/uploads\/2024\/09\/JUFENG-LOGO.png\",\"width\":600,\"height\":170,\"caption\":\"Peanut Butter Factory\"},\"image\":{\"@id\":\"https:\/\/www.peanutoem.com\/#\/schema\/logo\/image\/\"}}]}<\/script>\n<!-- \/ Yoast SEO plugin. -->","yoast_head_json":{"title":"Roasted Blanched Peanut China Wholesaler - Peanut Butter Factory","description":"High-quality Roasted Blanched Peanut OEM supplier, private label manufacturer, and exporter. Choose us for customizable solutions and global expertise.","robots":{"index":"index","follow":"follow","max-snippet":"max-snippet:-1","max-image-preview":"max-image-preview:large","max-video-preview":"max-video-preview:-1"},"canonical":"https:\/\/www.peanutoem.com\/sv\/manufacturer\/roasted-blanched-peanut\/","og_locale":"sv_SE","og_type":"article","og_title":"Roasted Blanched Peanut China Wholesaler - Peanut Butter Factory","og_description":"High-quality Roasted Blanched Peanut OEM supplier, private label manufacturer, and exporter. Choose us for customizable solutions and global expertise.","og_url":"https:\/\/www.peanutoem.com\/sv\/manufacturer\/roasted-blanched-peanut\/","og_site_name":"Peanut Butter Factory","article_modified_time":"2024-09-28T05:11:42+00:00","og_image":[{"width":1000,"height":1000,"url":"https:\/\/www.peanutoem.com\/wp-content\/uploads\/2024\/09\/Whole-Roast-Blanched-Peanut-.webp","type":"image\/webp"}],"twitter_card":"summary_large_image","twitter_misc":{"Ber\u00e4knad l\u00e4stid":"4 minuter"},"schema":{"@context":"https:\/\/schema.org","@graph":[{"@type":"WebPage","@id":"https:\/\/www.peanutoem.com\/manufacturer\/roasted-blanched-peanut\/","url":"https:\/\/www.peanutoem.com\/manufacturer\/roasted-blanched-peanut\/","name":"Roasted Blanched Peanut China Wholesaler - Peanut Butter Factory","isPartOf":{"@id":"https:\/\/www.peanutoem.com\/#website"},"primaryImageOfPage":{"@id":"https:\/\/www.peanutoem.com\/manufacturer\/roasted-blanched-peanut\/#primaryimage"},"image":{"@id":"https:\/\/www.peanutoem.com\/manufacturer\/roasted-blanched-peanut\/#primaryimage"},"thumbnailUrl":"https:\/\/www.peanutoem.com\/wp-content\/uploads\/2024\/09\/Whole-Roast-Blanched-Peanut-.webp","datePublished":"2024-09-02T13:59:01+00:00","dateModified":"2024-09-28T05:11:42+00:00","description":"High-quality Roasted Blanched Peanut OEM supplier, private label manufacturer, and exporter. Choose us for customizable solutions and global expertise.","breadcrumb":{"@id":"https:\/\/www.peanutoem.com\/manufacturer\/roasted-blanched-peanut\/#breadcrumb"},"inLanguage":"sv-SE","potentialAction":[{"@type":"ReadAction","target":["https:\/\/www.peanutoem.com\/manufacturer\/roasted-blanched-peanut\/"]}]},{"@type":"ImageObject","inLanguage":"sv-SE","@id":"https:\/\/www.peanutoem.com\/manufacturer\/roasted-blanched-peanut\/#primaryimage","url":"https:\/\/www.peanutoem.com\/wp-content\/uploads\/2024\/09\/Whole-Roast-Blanched-Peanut-.webp","contentUrl":"https:\/\/www.peanutoem.com\/wp-content\/uploads\/2024\/09\/Whole-Roast-Blanched-Peanut-.webp","width":1000,"height":1000,"caption":"Whole Roast Blanched Peanut"},{"@type":"BreadcrumbList","@id":"https:\/\/www.peanutoem.com\/manufacturer\/roasted-blanched-peanut\/#breadcrumb","itemListElement":[{"@type":"ListItem","position":1,"name":"Home","item":"https:\/\/www.peanutoem.com\/"},{"@type":"ListItem","position":2,"name":"Products","item":"https:\/\/www.peanutoem.com\/shop\/"},{"@type":"ListItem","position":3,"name":"Roasted Blanched Peanut"}]},{"@type":"WebSite","@id":"https:\/\/www.peanutoem.com\/#website","url":"https:\/\/www.peanutoem.com\/","name":"Peanut Butter Factory","description":"Peanut Butter Manufacturer and Roast Peanut OEM Factory | Peanut Private Label China Supplier","publisher":{"@id":"https:\/\/www.peanutoem.com\/#organization"},"alternateName":"Peanut Butter OEM and Wholesale","potentialAction":[{"@type":"SearchAction","target":{"@type":"EntryPoint","urlTemplate":"https:\/\/www.peanutoem.com\/?s={search_term_string}"},"query-input":{"@type":"PropertyValueSpecification","valueRequired":true,"valueName":"search_term_string"}}],"inLanguage":"sv-SE"},{"@type":"Organization","@id":"https:\/\/www.peanutoem.com\/#organization","name":"Peanut Butter Factory","alternateName":"JuFeng Group","url":"https:\/\/www.peanutoem.com\/","logo":{"@type":"ImageObject","inLanguage":"sv-SE","@id":"https:\/\/www.peanutoem.com\/#\/schema\/logo\/image\/","url":"https:\/\/www.peanutoem.com\/wp-content\/uploads\/2024\/09\/JUFENG-LOGO.png","contentUrl":"https:\/\/www.peanutoem.com\/wp-content\/uploads\/2024\/09\/JUFENG-LOGO.png","width":600,"height":170,"caption":"Peanut Butter Factory"},"image":{"@id":"https:\/\/www.peanutoem.com\/#\/schema\/logo\/image\/"}}]}},"_links":{"self":[{"href":"https:\/\/www.peanutoem.com\/sv\/wp-json\/wp\/v2\/product\/1554","targetHints":{"allow":["GET"]}}],"collection":[{"href":"https:\/\/www.peanutoem.com\/sv\/wp-json\/wp\/v2\/product"}],"about":[{"href":"https:\/\/www.peanutoem.com\/sv\/wp-json\/wp\/v2\/types\/product"}],"replies":[{"embeddable":true,"href":"https:\/\/www.peanutoem.com\/sv\/wp-json\/wp\/v2\/comments?post=1554"}],"wp:featuredmedia":[{"embeddable":true,"href":"https:\/\/www.peanutoem.com\/sv\/wp-json\/wp\/v2\/media\/1701"}],"wp:attachment":[{"href":"https:\/\/www.peanutoem.com\/sv\/wp-json\/wp\/v2\/media?parent=1554"}],"wp:term":[{"taxonomy":"product_cat","embeddable":true,"href":"https:\/\/www.peanutoem.com\/sv\/wp-json\/wp\/v2\/product_cat?post=1554"},{"taxonomy":"product_tag","embeddable":true,"href":"https:\/\/www.peanutoem.com\/sv\/wp-json\/wp\/v2\/product_tag?post=1554"}],"curies":[{"name":"wp","href":"https:\/\/api.w.org\/{rel}","templated":true}]}}