{"id":1555,"date":"2024-09-02T14:00:33","date_gmt":"2024-09-02T14:00:33","guid":{"rendered":"https:\/\/www.peanutoem.com\/?post_type=product&#038;p=1555"},"modified":"2024-09-28T04:44:51","modified_gmt":"2024-09-28T04:44:51","slug":"roasted-peanut-kernels-in-split","status":"publish","type":"product","link":"https:\/\/www.peanutoem.com\/sv\/manufacturer\/roasted-peanut-kernels-in-split\/","title":{"rendered":"Rostade jordn\u00f6tsk\u00e4rnor i split | Skivade rostade jordn\u00f6tsk\u00e4rnor"},"content":{"rendered":"<h3>Vad \u00e4r rostade jordn\u00f6tsk\u00e4rnor i split?<\/h3>\n<p>Rostade jordn\u00f6tsk\u00e4rnor i split eller kallade de rostade delade jordn\u00f6tsk\u00e4rnorna, \u00e4r jordn\u00f6tter som noggrant har rostats till perfektion och sedan f\u00f6rsiktigt delat p\u00e5 mitten. De \u00e4r k\u00e4nda f\u00f6r sin rika arom, krispiga smak och breda anv\u00e4ndning i snacks, bakverk och en m\u00e4ngd olika livsmedel. Rostningsprocessen f\u00f6rst\u00e4rker inte bara den naturliga smaken av jordn\u00f6tter, utan g\u00f6r dem ocks\u00e5 till ett idealiskt val f\u00f6r livsmedelstillverkare, snacksm\u00e4rken och konsumenter som f\u00f6ljer en h\u00e4lsosammare kost.<\/p>\n<h3>Alternativa namn f\u00f6r rostade jordn\u00f6tsk\u00e4rnor i Split<\/h3>\n<p>Rostade jordn\u00f6tsk\u00e4rnor i Split h\u00e4nvisas ocks\u00e5 till med andra namn beroende p\u00e5 region eller marknad, inklusive:<\/p>\n<ul>\n<li>Delade rostade jordn\u00f6tter<\/li>\n<li>Rostade jordn\u00f6tshalvor<\/li>\n<li>Delade rostade jordn\u00f6tsk\u00e4rnor<\/li>\n<li>Jordn\u00f6tsklyftor<\/li>\n<\/ul>\n<h3>Relevanta heta \u00e4mnen<\/h3>\n<ol>\n<li><strong>H\u00e4lsof\u00f6rdelar med rostade jordn\u00f6tsk\u00e4rnor<\/strong>: Rostade jordn\u00f6tsk\u00e4rnor \u00e4r en rik k\u00e4lla till protein, h\u00e4lsosamma fetter och viktiga vitaminer. De utg\u00f6r ett n\u00e4ringsrikt mellanm\u00e5l eller ingrediens i olika h\u00e4lsofokuserade produkter.<\/li>\n<li><strong>Den v\u00e4xande efterfr\u00e5gan p\u00e5 jordn\u00f6tsbaserade snacks:<\/strong> Rostade jordn\u00f6tsk\u00e4rnor i delad form blir allt popul\u00e4rare p\u00e5 grund av den \u00f6kade efterfr\u00e5gan p\u00e5 h\u00e4lsosamma mellanm\u00e5l.<\/li>\n<li><strong>Livsmedelss\u00e4kerhet och kvalitetskontroll vid jordn\u00f6tsbearbetning:<\/strong> Att uppr\u00e4tth\u00e5lla h\u00f6ga produktions- och hanteringsstandarder \u00e4r avg\u00f6rande f\u00f6r produktens integritet och \u00f6verensst\u00e4mmelse med livsmedelss\u00e4kerhetsf\u00f6reskrifter.<\/li>\n<li><strong>Private Label Jordn\u00f6tsprodukter:<\/strong> M\u00e5nga m\u00e4rken v\u00e4ljer v\u00e5ra egna m\u00e4rkestj\u00e4nster f\u00f6r att erbjuda f\u00f6rstklassiga skivade rostade jordn\u00f6tsk\u00e4rnor under sitt eget varum\u00e4rke.<\/li>\n<\/ol>\n<p><img loading=\"lazy\" decoding=\"async\" class=\"alignnone wp-image-1720 size-large\" src=\"https:\/\/www.peanutoem.com\/wp-content\/uploads\/2024\/09\/Roasted-Peanut-Power-in-Carton-1024x908.webp\" alt=\"Rostad jordn\u00f6tskraft i kartong\" width=\"1020\" height=\"904\" srcset=\"https:\/\/www.peanutoem.com\/wp-content\/uploads\/2024\/09\/Roasted-Peanut-Power-in-Carton-1024x908.webp 1024w, https:\/\/www.peanutoem.com\/wp-content\/uploads\/2024\/09\/Roasted-Peanut-Power-in-Carton-300x266.webp 300w, https:\/\/www.peanutoem.com\/wp-content\/uploads\/2024\/09\/Roasted-Peanut-Power-in-Carton-768x681.webp 768w, https:\/\/www.peanutoem.com\/wp-content\/uploads\/2024\/09\/Roasted-Peanut-Power-in-Carton-1536x1362.webp 1536w, https:\/\/www.peanutoem.com\/wp-content\/uploads\/2024\/09\/Roasted-Peanut-Power-in-Carton-2048x1816.webp 2048w, https:\/\/www.peanutoem.com\/wp-content\/uploads\/2024\/09\/Roasted-Peanut-Power-in-Carton-14x12.webp 14w, https:\/\/www.peanutoem.com\/wp-content\/uploads\/2024\/09\/Roasted-Peanut-Power-in-Carton-600x532.webp 600w\" sizes=\"auto, (max-width: 1020px) 100vw, 1020px\" \/><\/p>\n<hr \/>\n<h3>Varf\u00f6r v\u00e4lja oss som din leverant\u00f6r av skivade rostade jordn\u00f6tsk\u00e4rnor?<\/h3>\n<p>Vi \u00e4r en p\u00e5litlig leverant\u00f6r av rostade jordn\u00f6tsk\u00e4rnor i Split av flera \u00f6vertygande sk\u00e4l:<\/p>\n<ul>\n<li><strong>Avancerade produktionsanl\u00e4ggningar:<\/strong> V\u00e5r fabrik anv\u00e4nder banbrytande amerikanska produktionslinjer f\u00f6r rostnings- och sk\u00e4rprocesser i toppklass.<\/li>\n<li><strong>Strikt kvalitetss\u00e4kring:<\/strong> Vi utf\u00f6r omfattande tester i v\u00e5rt labb f\u00f6r att s\u00e4kerst\u00e4lla att varje batch uppfyller globala standarder.<\/li>\n<li><strong>Globala certifieringar:<\/strong> V\u00e5ra rostade jordn\u00f6tsk\u00e4rnor \u00e4r certifierade av HACCP, BRCGS, Kosher, Halal och EU Organic f\u00f6r kvalitet och s\u00e4kerhet.<\/li>\n<li><strong>P\u00e5litlig f\u00f6rs\u00f6rjningskedja:<\/strong> V\u00e5rt stora lager med konstant temperatur garanterar produktkvalitet och leveransstabilitet under hela \u00e5ret.<\/li>\n<li><strong>Anpassade tj\u00e4nster:<\/strong> Vi tillhandah\u00e5ller egna m\u00e4rkesvaror skr\u00e4ddarsydda f\u00f6r att m\u00f6ta de specifika behoven hos varum\u00e4rken och import\u00f6rer globalt.<\/li>\n<li><strong>H\u00e5llbar utveckling:<\/strong> Vi fokuserar p\u00e5 h\u00e5llbara metoder och samarbetar med k\u00e4nda stormarknadskedjor f\u00f6r \u00f6msesidigt v\u00e4lst\u00e5nd.<\/li>\n<\/ul>\n<h3>Fr\u00e5gor och svar om skivade rostade jordn\u00f6tsk\u00e4rnor<\/h3>\n<p><strong>F: Vad g\u00f6r dig till en ledande leverant\u00f6r av rostade jordn\u00f6tsk\u00e4rnor i split?<\/strong><br \/>\n<strong>A:<\/strong> V\u00e5ra avancerade produktionsanl\u00e4ggningar, rigor\u00f6sa kvalitetss\u00e4kring och globala certifieringar s\u00e4kerst\u00e4ller att vi levererar konsekvent h\u00f6gkvalitativa produkter.<\/p>\n<p><strong>F: Kan jag anpassa f\u00f6rpackningen under mitt varum\u00e4rke?<\/strong><br \/>\n<strong>A:<\/strong> Ja, vi tillhandah\u00e5ller privata m\u00e4rkestj\u00e4nster, vilket m\u00f6jligg\u00f6r fullst\u00e4ndig anpassning av f\u00f6rpackningar och varum\u00e4rke f\u00f6r att m\u00f6ta dina marknadsbehov.<\/p>\n<p><strong>F: Vilka certifieringar har dina rostade jordn\u00f6tsk\u00e4rnor?<\/strong><br \/>\n<strong>A:<\/strong> V\u00e5ra produkter \u00e4r certifierade av HACCP, BRC, Halal, Kosher, EU Organic och andra globala standarder, vilket garanterar kvalitet och s\u00e4kerhet.<\/p>\n<p><strong>F: Hur s\u00e4kerst\u00e4ller du f\u00e4rskhet och kvalitet?<\/strong><br \/>\n<strong>A:<\/strong> V\u00e5r stora lagringsanl\u00e4ggning f\u00f6r konstant temperatur uppr\u00e4tth\u00e5ller optimala f\u00f6rh\u00e5llanden, bevarar f\u00e4rskhet och kvalitet fram till leverans.<\/p>\n<p><strong>F: Tillhandah\u00e5ller du massbest\u00e4llningar f\u00f6r internationell leverans?<\/strong><br \/>\n<strong>A:<\/strong> Ja, vi \u00e4r specialiserade p\u00e5 bulkorder och internationella leveranser, vilket s\u00e4kerst\u00e4ller en s\u00f6ml\u00f6s leveranskedja f\u00f6r globala kunder.<\/p>\n<p><strong>F: Vilka \u00e4r f\u00f6rdelarna med att v\u00e4lja rostade jordn\u00f6tsk\u00e4rnor i delad form?<\/strong><br \/>\n<strong>A:<\/strong> Delade rostade jordn\u00f6tsk\u00e4rnor erbjuder en f\u00e4rdig att anv\u00e4nda produkt med f\u00f6rb\u00e4ttrad smak och konsistens, perfekt f\u00f6r snacks och garnering.<\/p>\n<p><strong>F: Finns det tillsatser i dina rostade jordn\u00f6tsk\u00e4rnor?<\/strong><br \/>\n<strong>A:<\/strong> Nej, v\u00e5ra rostade jordn\u00f6tsk\u00e4rnor \u00e4r fria fr\u00e5n tillsatser och konserveringsmedel, vilket s\u00e4kerst\u00e4ller en naturlig produkt.<\/p>\n<p><strong>F: Kan jag beg\u00e4ra specifika stekningsniv\u00e5er?<\/strong><br \/>\n<strong>A:<\/strong> Ja, vi kan anpassa rostningsniv\u00e5erna till dina specifikationer, oavsett om du f\u00f6redrar ljus, medium eller m\u00f6rk rost.<\/p>\n<p><strong>F: Hur kan jag beg\u00e4ra ett prov?<\/strong><br \/>\n<strong>A:<\/strong> <a href=\"mailto:globepeanut@gmail.com\" target=\"_blank\" rel=\"noopener\">Kontakta <\/a>v\u00e5rt s\u00e4ljteam f\u00f6r att beg\u00e4ra ett prov och diskutera dina specifika behov.<\/p>\n<p><strong>F: Vilka marknader levererar du till?<\/strong><br \/>\n<strong>A:<\/strong> Vi levererar rostade jordn\u00f6tsk\u00e4rnor till olika marknader globalt, inklusive Nordamerika, Europa, Asien och Mellan\u00f6stern, med starka industripartnerskap.<\/p>\n<a href=\"mailto:globepeanut@gmail.com\" class=\"button primary is-primary is-medium\"  >\n    <span>Maila oss<\/span>\n  <\/a>","protected":false},"excerpt":{"rendered":"<p>Vi \u00e4r tillverkare och leverant\u00f6r av skivade rostade jordn\u00f6tsk\u00e4rnor i Kina<\/p>\n<p>\u2013 MOQ: 1 ton<br \/>\n\u2013 OEM\/ODM-tj\u00e4nst erbjuds<br \/>\n- Gratis prov tillg\u00e4ngligt<br \/>\n\u2013 Acceptera anpassning (specifikationer, storlekar, f\u00e4rg, design, etc.)<br \/>\n\u2013 Specifikationer (3-5 mesh, 4-7 mesh, 5-8 mesh, 6-10 mesh, 8-14 mesh eller som ditt krav)<\/p>\n<p>Om du vill f\u00e5 rostade jordn\u00f6tsk\u00e4rnor i delade eller skivade rostade jordn\u00f6tsk\u00e4rnor, v\u00e4nligen kontakta oss.<\/p>","protected":false},"featured_media":1712,"comment_status":"open","ping_status":"closed","template":"","meta":[],"product_cat":[37],"product_tag":[],"class_list":{"0":"post-1555","1":"product","2":"type-product","3":"status-publish","4":"has-post-thumbnail","6":"product_cat-roasted-peanut","8":"first","9":"instock","10":"shipping-taxable","11":"product-type-simple"},"yoast_head":"<!-- This site is optimized with the Yoast SEO plugin v24.9 - https:\/\/yoast.com\/wordpress\/plugins\/seo\/ -->\n<title>Roasted Peanut Kernels in Split | Sliced Roasted Peanut Kernels - Peanut Butter Factory<\/title>\n<meta name=\"description\" content=\"We are leading OEM manufacturer, supplier, and exporter of high-quality Roasted Peanut Kernels in Split. Private label services and global brands partner.\" \/>\n<meta name=\"robots\" content=\"index, follow, max-snippet:-1, max-image-preview:large, max-video-preview:-1\" \/>\n<link rel=\"canonical\" href=\"https:\/\/www.peanutoem.com\/sv\/manufacturer\/roasted-peanut-kernels-in-split\/\" \/>\n<meta property=\"og:locale\" content=\"sv_SE\" \/>\n<meta property=\"og:type\" content=\"article\" \/>\n<meta property=\"og:title\" content=\"Roasted Peanut Kernels in Split | Sliced Roasted Peanut Kernels - Peanut Butter Factory\" \/>\n<meta property=\"og:description\" content=\"We are leading OEM manufacturer, supplier, and exporter of high-quality Roasted Peanut Kernels in Split. Private label services and global brands partner.\" \/>\n<meta property=\"og:url\" content=\"https:\/\/www.peanutoem.com\/sv\/manufacturer\/roasted-peanut-kernels-in-split\/\" \/>\n<meta property=\"og:site_name\" content=\"Peanut Butter Factory\" \/>\n<meta property=\"article:modified_time\" content=\"2024-09-28T04:44:51+00:00\" \/>\n<meta property=\"og:image\" content=\"https:\/\/www.peanutoem.com\/wp-content\/uploads\/2024\/09\/4-6mm-roasted-peanut-kernels-scaled.webp\" \/>\n\t<meta property=\"og:image:width\" content=\"1920\" \/>\n\t<meta property=\"og:image:height\" content=\"2560\" \/>\n\t<meta property=\"og:image:type\" content=\"image\/webp\" \/>\n<meta name=\"twitter:card\" content=\"summary_large_image\" \/>\n<meta name=\"twitter:label1\" content=\"Ber\u00e4knad l\u00e4stid\" \/>\n\t<meta name=\"twitter:data1\" content=\"4 minuter\" \/>\n<script type=\"application\/ld+json\" class=\"yoast-schema-graph\">{\"@context\":\"https:\/\/schema.org\",\"@graph\":[{\"@type\":\"WebPage\",\"@id\":\"https:\/\/www.peanutoem.com\/manufacturer\/roasted-peanut-kernels-in-split\/\",\"url\":\"https:\/\/www.peanutoem.com\/manufacturer\/roasted-peanut-kernels-in-split\/\",\"name\":\"Roasted Peanut Kernels in Split | Sliced Roasted Peanut Kernels - Peanut Butter Factory\",\"isPartOf\":{\"@id\":\"https:\/\/www.peanutoem.com\/#website\"},\"primaryImageOfPage\":{\"@id\":\"https:\/\/www.peanutoem.com\/manufacturer\/roasted-peanut-kernels-in-split\/#primaryimage\"},\"image\":{\"@id\":\"https:\/\/www.peanutoem.com\/manufacturer\/roasted-peanut-kernels-in-split\/#primaryimage\"},\"thumbnailUrl\":\"https:\/\/www.peanutoem.com\/wp-content\/uploads\/2024\/09\/4-6mm-roasted-peanut-kernels-scaled.webp\",\"datePublished\":\"2024-09-02T14:00:33+00:00\",\"dateModified\":\"2024-09-28T04:44:51+00:00\",\"description\":\"We are leading OEM manufacturer, supplier, and exporter of high-quality Roasted Peanut Kernels in Split. Private label services and global brands partner.\",\"breadcrumb\":{\"@id\":\"https:\/\/www.peanutoem.com\/manufacturer\/roasted-peanut-kernels-in-split\/#breadcrumb\"},\"inLanguage\":\"sv-SE\",\"potentialAction\":[{\"@type\":\"ReadAction\",\"target\":[\"https:\/\/www.peanutoem.com\/manufacturer\/roasted-peanut-kernels-in-split\/\"]}]},{\"@type\":\"ImageObject\",\"inLanguage\":\"sv-SE\",\"@id\":\"https:\/\/www.peanutoem.com\/manufacturer\/roasted-peanut-kernels-in-split\/#primaryimage\",\"url\":\"https:\/\/www.peanutoem.com\/wp-content\/uploads\/2024\/09\/4-6mm-roasted-peanut-kernels-scaled.webp\",\"contentUrl\":\"https:\/\/www.peanutoem.com\/wp-content\/uploads\/2024\/09\/4-6mm-roasted-peanut-kernels-scaled.webp\",\"width\":1920,\"height\":2560,\"caption\":\"4-6mm roasted peanut kernels\"},{\"@type\":\"BreadcrumbList\",\"@id\":\"https:\/\/www.peanutoem.com\/manufacturer\/roasted-peanut-kernels-in-split\/#breadcrumb\",\"itemListElement\":[{\"@type\":\"ListItem\",\"position\":1,\"name\":\"Home\",\"item\":\"https:\/\/www.peanutoem.com\/\"},{\"@type\":\"ListItem\",\"position\":2,\"name\":\"Products\",\"item\":\"https:\/\/www.peanutoem.com\/shop\/\"},{\"@type\":\"ListItem\",\"position\":3,\"name\":\"Roasted Peanut Kernels in Split | Sliced Roasted Peanut Kernels\"}]},{\"@type\":\"WebSite\",\"@id\":\"https:\/\/www.peanutoem.com\/#website\",\"url\":\"https:\/\/www.peanutoem.com\/\",\"name\":\"Peanut Butter Factory\",\"description\":\"Peanut Butter Manufacturer and Roast Peanut OEM Factory | Peanut Private Label China Supplier\",\"publisher\":{\"@id\":\"https:\/\/www.peanutoem.com\/#organization\"},\"alternateName\":\"Peanut Butter OEM and Wholesale\",\"potentialAction\":[{\"@type\":\"SearchAction\",\"target\":{\"@type\":\"EntryPoint\",\"urlTemplate\":\"https:\/\/www.peanutoem.com\/?s={search_term_string}\"},\"query-input\":{\"@type\":\"PropertyValueSpecification\",\"valueRequired\":true,\"valueName\":\"search_term_string\"}}],\"inLanguage\":\"sv-SE\"},{\"@type\":\"Organization\",\"@id\":\"https:\/\/www.peanutoem.com\/#organization\",\"name\":\"Peanut Butter Factory\",\"alternateName\":\"JuFeng Group\",\"url\":\"https:\/\/www.peanutoem.com\/\",\"logo\":{\"@type\":\"ImageObject\",\"inLanguage\":\"sv-SE\",\"@id\":\"https:\/\/www.peanutoem.com\/#\/schema\/logo\/image\/\",\"url\":\"https:\/\/www.peanutoem.com\/wp-content\/uploads\/2024\/09\/JUFENG-LOGO.png\",\"contentUrl\":\"https:\/\/www.peanutoem.com\/wp-content\/uploads\/2024\/09\/JUFENG-LOGO.png\",\"width\":600,\"height\":170,\"caption\":\"Peanut Butter Factory\"},\"image\":{\"@id\":\"https:\/\/www.peanutoem.com\/#\/schema\/logo\/image\/\"}}]}<\/script>\n<!-- \/ Yoast SEO plugin. -->","yoast_head_json":{"title":"Roasted Peanut Kernels in Split | Sliced Roasted Peanut Kernels - Peanut Butter Factory","description":"We are leading OEM manufacturer, supplier, and exporter of high-quality Roasted Peanut Kernels in Split. Private label services and global brands partner.","robots":{"index":"index","follow":"follow","max-snippet":"max-snippet:-1","max-image-preview":"max-image-preview:large","max-video-preview":"max-video-preview:-1"},"canonical":"https:\/\/www.peanutoem.com\/sv\/manufacturer\/roasted-peanut-kernels-in-split\/","og_locale":"sv_SE","og_type":"article","og_title":"Roasted Peanut Kernels in Split | Sliced Roasted Peanut Kernels - Peanut Butter Factory","og_description":"We are leading OEM manufacturer, supplier, and exporter of high-quality Roasted Peanut Kernels in Split. Private label services and global brands partner.","og_url":"https:\/\/www.peanutoem.com\/sv\/manufacturer\/roasted-peanut-kernels-in-split\/","og_site_name":"Peanut Butter Factory","article_modified_time":"2024-09-28T04:44:51+00:00","og_image":[{"width":1920,"height":2560,"url":"https:\/\/www.peanutoem.com\/wp-content\/uploads\/2024\/09\/4-6mm-roasted-peanut-kernels-scaled.webp","type":"image\/webp"}],"twitter_card":"summary_large_image","twitter_misc":{"Ber\u00e4knad l\u00e4stid":"4 minuter"},"schema":{"@context":"https:\/\/schema.org","@graph":[{"@type":"WebPage","@id":"https:\/\/www.peanutoem.com\/manufacturer\/roasted-peanut-kernels-in-split\/","url":"https:\/\/www.peanutoem.com\/manufacturer\/roasted-peanut-kernels-in-split\/","name":"Roasted Peanut Kernels in Split | Sliced Roasted Peanut Kernels - Peanut Butter Factory","isPartOf":{"@id":"https:\/\/www.peanutoem.com\/#website"},"primaryImageOfPage":{"@id":"https:\/\/www.peanutoem.com\/manufacturer\/roasted-peanut-kernels-in-split\/#primaryimage"},"image":{"@id":"https:\/\/www.peanutoem.com\/manufacturer\/roasted-peanut-kernels-in-split\/#primaryimage"},"thumbnailUrl":"https:\/\/www.peanutoem.com\/wp-content\/uploads\/2024\/09\/4-6mm-roasted-peanut-kernels-scaled.webp","datePublished":"2024-09-02T14:00:33+00:00","dateModified":"2024-09-28T04:44:51+00:00","description":"We are leading OEM manufacturer, supplier, and exporter of high-quality Roasted Peanut Kernels in Split. Private label services and global brands partner.","breadcrumb":{"@id":"https:\/\/www.peanutoem.com\/manufacturer\/roasted-peanut-kernels-in-split\/#breadcrumb"},"inLanguage":"sv-SE","potentialAction":[{"@type":"ReadAction","target":["https:\/\/www.peanutoem.com\/manufacturer\/roasted-peanut-kernels-in-split\/"]}]},{"@type":"ImageObject","inLanguage":"sv-SE","@id":"https:\/\/www.peanutoem.com\/manufacturer\/roasted-peanut-kernels-in-split\/#primaryimage","url":"https:\/\/www.peanutoem.com\/wp-content\/uploads\/2024\/09\/4-6mm-roasted-peanut-kernels-scaled.webp","contentUrl":"https:\/\/www.peanutoem.com\/wp-content\/uploads\/2024\/09\/4-6mm-roasted-peanut-kernels-scaled.webp","width":1920,"height":2560,"caption":"4-6mm roasted peanut kernels"},{"@type":"BreadcrumbList","@id":"https:\/\/www.peanutoem.com\/manufacturer\/roasted-peanut-kernels-in-split\/#breadcrumb","itemListElement":[{"@type":"ListItem","position":1,"name":"Home","item":"https:\/\/www.peanutoem.com\/"},{"@type":"ListItem","position":2,"name":"Products","item":"https:\/\/www.peanutoem.com\/shop\/"},{"@type":"ListItem","position":3,"name":"Roasted Peanut Kernels in Split | Sliced Roasted Peanut Kernels"}]},{"@type":"WebSite","@id":"https:\/\/www.peanutoem.com\/#website","url":"https:\/\/www.peanutoem.com\/","name":"Peanut Butter Factory","description":"Peanut Butter Manufacturer and Roast Peanut OEM Factory | Peanut Private Label China Supplier","publisher":{"@id":"https:\/\/www.peanutoem.com\/#organization"},"alternateName":"Peanut Butter OEM and Wholesale","potentialAction":[{"@type":"SearchAction","target":{"@type":"EntryPoint","urlTemplate":"https:\/\/www.peanutoem.com\/?s={search_term_string}"},"query-input":{"@type":"PropertyValueSpecification","valueRequired":true,"valueName":"search_term_string"}}],"inLanguage":"sv-SE"},{"@type":"Organization","@id":"https:\/\/www.peanutoem.com\/#organization","name":"Peanut Butter Factory","alternateName":"JuFeng Group","url":"https:\/\/www.peanutoem.com\/","logo":{"@type":"ImageObject","inLanguage":"sv-SE","@id":"https:\/\/www.peanutoem.com\/#\/schema\/logo\/image\/","url":"https:\/\/www.peanutoem.com\/wp-content\/uploads\/2024\/09\/JUFENG-LOGO.png","contentUrl":"https:\/\/www.peanutoem.com\/wp-content\/uploads\/2024\/09\/JUFENG-LOGO.png","width":600,"height":170,"caption":"Peanut Butter Factory"},"image":{"@id":"https:\/\/www.peanutoem.com\/#\/schema\/logo\/image\/"}}]}},"_links":{"self":[{"href":"https:\/\/www.peanutoem.com\/sv\/wp-json\/wp\/v2\/product\/1555","targetHints":{"allow":["GET"]}}],"collection":[{"href":"https:\/\/www.peanutoem.com\/sv\/wp-json\/wp\/v2\/product"}],"about":[{"href":"https:\/\/www.peanutoem.com\/sv\/wp-json\/wp\/v2\/types\/product"}],"replies":[{"embeddable":true,"href":"https:\/\/www.peanutoem.com\/sv\/wp-json\/wp\/v2\/comments?post=1555"}],"wp:featuredmedia":[{"embeddable":true,"href":"https:\/\/www.peanutoem.com\/sv\/wp-json\/wp\/v2\/media\/1712"}],"wp:attachment":[{"href":"https:\/\/www.peanutoem.com\/sv\/wp-json\/wp\/v2\/media?parent=1555"}],"wp:term":[{"taxonomy":"product_cat","embeddable":true,"href":"https:\/\/www.peanutoem.com\/sv\/wp-json\/wp\/v2\/product_cat?post=1555"},{"taxonomy":"product_tag","embeddable":true,"href":"https:\/\/www.peanutoem.com\/sv\/wp-json\/wp\/v2\/product_tag?post=1555"}],"curies":[{"name":"wp","href":"https:\/\/api.w.org\/{rel}","templated":true}]}}