{"id":1556,"date":"2024-09-02T14:00:57","date_gmt":"2024-09-02T14:00:57","guid":{"rendered":"https:\/\/www.peanutoem.com\/?post_type=product&#038;p=1556"},"modified":"2024-09-28T04:23:49","modified_gmt":"2024-09-28T04:23:49","slug":"roasted-peanut-powder","status":"publish","type":"product","link":"https:\/\/www.peanutoem.com\/sv\/manufacturer\/roasted-peanut-powder\/","title":{"rendered":"Rostat jordn\u00f6tspulver"},"content":{"rendered":"<h3>Vad \u00e4r rostat jordn\u00f6tspulver?<\/h3>\n<p>Rostat jordn\u00f6tspulver g\u00f6rs genom att finmala jordn\u00f6tter och f\u00f6rst\u00e4rka deras naturliga smak genom en <a href=\"https:\/\/en.wikipedia.org\/wiki\/Roasting\" target=\"_blank\" rel=\"noopener\">rostning<\/a> behandla. Denna m\u00e5ngsidiga ingrediens \u00e4r popul\u00e4r i livsmedelsindustrin och fungerar som en premiumkomponent i jordn\u00f6tssnacks, bakverk, s\u00e5ser och proteinpulver. Rostningsprocessen f\u00f6rst\u00e4rker den n\u00f6taktiga aromen av jordn\u00f6tter avsev\u00e4rt, vilket g\u00f6r dem till ett f\u00f6redraget material f\u00f6r livsmedelstillverkare som s\u00f6ker en rik jordn\u00f6tssmak. Dess pulverform g\u00f6r den l\u00e4tt att inf\u00f6rliva i en m\u00e4ngd olika recept, vilket ger maten en rik smak utan behov av ytterligare vatten.<\/p>\n<h3><img loading=\"lazy\" decoding=\"async\" class=\"alignnone wp-image-1719 size-full\" src=\"https:\/\/www.peanutoem.com\/wp-content\/uploads\/2024\/09\/Roasted-Peanut-Powder-in-Pouch.webp\" alt=\"Rostat jordn\u00f6tspulver i p\u00e5se\" width=\"912\" height=\"1128\" srcset=\"https:\/\/www.peanutoem.com\/wp-content\/uploads\/2024\/09\/Roasted-Peanut-Powder-in-Pouch.webp 912w, https:\/\/www.peanutoem.com\/wp-content\/uploads\/2024\/09\/Roasted-Peanut-Powder-in-Pouch-243x300.webp 243w, https:\/\/www.peanutoem.com\/wp-content\/uploads\/2024\/09\/Roasted-Peanut-Powder-in-Pouch-828x1024.webp 828w, https:\/\/www.peanutoem.com\/wp-content\/uploads\/2024\/09\/Roasted-Peanut-Powder-in-Pouch-768x950.webp 768w, https:\/\/www.peanutoem.com\/wp-content\/uploads\/2024\/09\/Roasted-Peanut-Powder-in-Pouch-10x12.webp 10w, https:\/\/www.peanutoem.com\/wp-content\/uploads\/2024\/09\/Roasted-Peanut-Powder-in-Pouch-600x742.webp 600w\" sizes=\"auto, (max-width: 912px) 100vw, 912px\" \/><\/h3>\n<h3>Alternativa namn f\u00f6r rostat jordn\u00f6tspulver<\/h3>\n<p>Rostat jordn\u00f6tspulver \u00e4r k\u00e4nt under olika namn p\u00e5 marknaden. N\u00e5gra vanliga alternativ inkluderar:<\/p>\n<ul>\n<li>Jordn\u00f6tsmj\u00f6l<\/li>\n<li>Rostat jordn\u00f6tspulver<\/li>\n<li>Jordn\u00f6tsm\u00e5ltid<\/li>\n<li>Rostat jordn\u00f6tsdamm<\/li>\n<li>Avfettat jordn\u00f6tspulver<\/li>\n<\/ul>\n<div class=\"group\/conversation-turn relative flex w-full min-w-0 flex-col agent-turn\">\n<div class=\"flex-col gap-1 md:gap-3\">\n<h3>Relevanta heta \u00e4mnen om rostat jordn\u00f6tspulver<\/h3>\n<ul>\n<li data-pm-slice=\"0 0 []\"><strong>Glutenfria bakningsapplikationer:<\/strong> Fler bagare anv\u00e4nder rostat jordn\u00f6tspulver som mj\u00f6lers\u00e4ttning i glutenfria recept, vilket f\u00f6rb\u00e4ttrar b\u00e5de smak och n\u00e4ring.<\/li>\n<li><strong>H\u00e4lsof\u00f6rdelar:<\/strong> H\u00e4lsomedvetna konsumenter tycker att rostat jordn\u00f6tspulver \u00e4r tilltalande p\u00e5 grund av dess h\u00f6ga protein-, fiber- och h\u00e4lsosamma fettinneh\u00e5ll.<\/li>\n<li><strong>\u00d6kande efterfr\u00e5gan p\u00e5 v\u00e4xtbaserat protein:<\/strong> N\u00e4r v\u00e4xtbaserad kost v\u00e4xer blir rostat jordn\u00f6tspulver en favoritproteink\u00e4lla f\u00f6r veganer och vegetarianer.<\/li>\n<li><strong>Glutenfria bakningsapplikationer:<\/strong> Bagare v\u00e4ljer allt oftare rostat jordn\u00f6tspulver som mj\u00f6lers\u00e4ttning i glutenfria recept, vilket \u00f6kar smak och n\u00e4ring.<\/li>\n<li><strong>Innovativa anv\u00e4ndningsomr\u00e5den f\u00f6r livsmedelsindustrin:<\/strong> Denna m\u00e5ngsidiga ingrediens f\u00f6rh\u00f6jer smaken och konsistensen p\u00e5 olika produkter, fr\u00e5n energibars till s\u00e5ser.<\/li>\n<li><strong>M\u00f6jligheter f\u00f6r privata m\u00e4rken:<\/strong> M\u00e5nga varum\u00e4rken v\u00e4ljer jordn\u00f6tsprodukter med eget m\u00e4rke och erbjuder skr\u00e4ddarsydda l\u00f6sningar f\u00f6r rostade jordn\u00f6tspulver med oss som en p\u00e5litlig OEM-partner.<\/li>\n<\/ul>\n<h3 class=\"flex max-w-full flex-col flex-grow\"><span style=\"font-size: 20.16px;\">Som en p\u00e5litlig ledare inom jordn\u00f6tsbearbetningsindustrin erbjuder vi f\u00f6rstklassigt rostat jordn\u00f6tspulver f\u00f6r olika applikationer. S\u00e5 h\u00e4r sticker vi ut:<\/span><\/h3>\n<ul>\n<li><strong>Toppmodern produktion:<\/strong> V\u00e5ra avancerade produktionslinjer s\u00e4kerst\u00e4ller h\u00f6gkvalitativt rostat jordn\u00f6tspulver med konsekvent partikelstorlek och smak.<\/li>\n<li><strong>Anpassade l\u00f6sningar:<\/strong> Som OEM-tillverkare levererar vi egna m\u00e4rkesvaror, skr\u00e4ddarsydda rostningsniv\u00e5er och flexibla f\u00f6rpackningsalternativ f\u00f6r att m\u00f6ta dina unika behov.<\/li>\n<li><strong>Strikt kvalitetskontroll:<\/strong> Vi uppr\u00e4tth\u00e5ller de h\u00f6gsta produktstandarderna genom rigor\u00f6sa sensoriska, kemiska och mikrobiella tester i v\u00e5ra toppmoderna labb.<\/li>\n<li><strong>Certifieringar och efterlevnad:<\/strong> V\u00e5ra certifieringar \u2013 BRCGS, HACCP, Halal, Kosher och EU Organic \u2013 bekr\u00e4ftar att vi f\u00f6ljer strikta kvalitets- och s\u00e4kerhetsstandarder.<\/li>\n<li><strong>Global exportexpertis:<\/strong> Med l\u00e5ng erfarenhet av internationell logistik garanterar vi en smidig och p\u00e5litlig exportprocess till marknader \u00f6ver hela v\u00e4rlden.<\/li>\n<li><strong>H\u00e5llbarhets\u00e5tagande:<\/strong> Vi prioriterar h\u00e5llbara ink\u00f6p och milj\u00f6v\u00e4nliga produktionsmetoder, vilket bidrar till en b\u00e4ttre framtid f\u00f6r jordn\u00f6tsindustrin.<\/li>\n<\/ul>\n<h3>Varf\u00f6r v\u00e4lja oss?<\/h3>\n<ul>\n<li><strong>Toppval:<\/strong> V\u00e5r spetsteknologi, anpassningsm\u00f6jligheter och globala certifieringar g\u00f6r oss till en ledande leverant\u00f6r.<\/li>\n<li><strong>Anpassad f\u00f6rpackning:<\/strong> Vi erbjuder private label-tj\u00e4nster f\u00f6r att skr\u00e4ddarsy din f\u00f6rpackning och varum\u00e4rke efter dina specifikationer.<\/li>\n<li><strong>F\u00e4rskhetsgaranti:<\/strong> V\u00e5ra temperaturkontrollerade lagringsanl\u00e4ggningar bibeh\u00e5ller produktens f\u00e4rskhet under lagring och transport.<\/li>\n<li><strong>Stekniv\u00e5er:<\/strong> Njut av anpassningsbara rostningsniv\u00e5er fr\u00e5n ljus till m\u00f6rk, utformad f\u00f6r att passa dina smakpreferenser.<\/li>\n<li><strong>Massbest\u00e4llningar:<\/strong> Kontakta v\u00e5rt s\u00e4ljteam f\u00f6r att enkelt diskutera och uppfylla dina bulkorderbehov.<\/li>\n<li><strong>Industriapplikationer:<\/strong> V\u00e5rt rostade jordn\u00f6tspulver \u00e4r popul\u00e4rt inom bakning, snackstillverkning, proteintillskott, s\u00e5ser och smak\u00e4mnen.<\/li>\n<li><strong>Glutenfri:<\/strong> Naturligtvis glutenfri, det \u00e4r ett utm\u00e4rkt val f\u00f6r glutenfria livsmedelsprodukter.<\/li>\n<li><strong>Tillg\u00e4ngliga prover:<\/strong> Vi tillhandah\u00e5ller prover f\u00f6r potentiella kunder f\u00f6r att utv\u00e4rdera kvaliteten och l\u00e4mpligheten hos v\u00e5r produkt.<\/li>\n<li><strong>Global r\u00e4ckvidd:<\/strong> Vi exporterar till marknader i Nordamerika, Europa, Asien och Mellan\u00f6stern, vilket s\u00e4kerst\u00e4ller ett robust internationellt leveransn\u00e4tverk.<\/li>\n<\/ul>\n<a href=\"mailto:globepeanut@gmail.com\" class=\"button primary is-primary is-medium\"  >\n    <span>Maila oss<\/span>\n  <\/a>\n\n<\/div>\n<\/div>","protected":false},"excerpt":{"rendered":"<p>Vi \u00e4r tillverkare och leverant\u00f6r av rostat jordn\u00f6tspulver i Kina<\/p>\n<p>\u2013 MOQ: 1 ton<br \/>\n\u2013 OEM\/ODM-tj\u00e4nst erbjuds<br \/>\n- Gratis prov tillg\u00e4ngligt<br \/>\n\u2013 Acceptera anpassning (specifikationer, storlekar, f\u00e4rg, design, etc.)<br \/>\n\u2013 Specifikationer (14 mesh mindre, eller som ditt krav)<\/p>\n<p>Om du vill f\u00e5 rostat jordn\u00f6tspulver, v\u00e4nligen kontakta oss.<\/p>","protected":false},"featured_media":1714,"comment_status":"open","ping_status":"closed","template":"","meta":[],"product_cat":[37],"product_tag":[],"class_list":{"0":"post-1556","1":"product","2":"type-product","3":"status-publish","4":"has-post-thumbnail","6":"product_cat-roasted-peanut","8":"first","9":"instock","10":"shipping-taxable","11":"product-type-simple"},"yoast_head":"<!-- This site is optimized with the Yoast SEO plugin v24.9 - https:\/\/yoast.com\/wordpress\/plugins\/seo\/ -->\n<title>Roasted Peanut Powder Manufacturer - Peanut Butter Factory<\/title>\n<meta name=\"description\" content=\"We are a top OEM, private label manufacturer, and exporter of premium Roasted Peanut Powder, offering quality solutions globally.\" \/>\n<meta name=\"robots\" content=\"index, follow, max-snippet:-1, max-image-preview:large, max-video-preview:-1\" \/>\n<link rel=\"canonical\" href=\"https:\/\/www.peanutoem.com\/sv\/manufacturer\/roasted-peanut-powder\/\" \/>\n<meta property=\"og:locale\" content=\"sv_SE\" \/>\n<meta property=\"og:type\" content=\"article\" \/>\n<meta property=\"og:title\" content=\"Roasted Peanut Powder Manufacturer - Peanut Butter Factory\" \/>\n<meta property=\"og:description\" content=\"We are a top OEM, private label manufacturer, and exporter of premium Roasted Peanut Powder, offering quality solutions globally.\" \/>\n<meta property=\"og:url\" content=\"https:\/\/www.peanutoem.com\/sv\/manufacturer\/roasted-peanut-powder\/\" \/>\n<meta property=\"og:site_name\" content=\"Peanut Butter Factory\" \/>\n<meta property=\"article:modified_time\" content=\"2024-09-28T04:23:49+00:00\" \/>\n<meta property=\"og:image\" content=\"https:\/\/www.peanutoem.com\/wp-content\/uploads\/2024\/09\/Roasted-Peanut-Powder.webp\" \/>\n\t<meta property=\"og:image:width\" content=\"551\" \/>\n\t<meta property=\"og:image:height\" content=\"472\" \/>\n\t<meta property=\"og:image:type\" content=\"image\/webp\" \/>\n<meta name=\"twitter:card\" content=\"summary_large_image\" \/>\n<meta name=\"twitter:label1\" content=\"Ber\u00e4knad l\u00e4stid\" \/>\n\t<meta name=\"twitter:data1\" content=\"3 minuter\" \/>\n<script type=\"application\/ld+json\" class=\"yoast-schema-graph\">{\"@context\":\"https:\/\/schema.org\",\"@graph\":[{\"@type\":\"WebPage\",\"@id\":\"https:\/\/www.peanutoem.com\/manufacturer\/roasted-peanut-powder\/\",\"url\":\"https:\/\/www.peanutoem.com\/manufacturer\/roasted-peanut-powder\/\",\"name\":\"Roasted Peanut Powder Manufacturer - Peanut Butter Factory\",\"isPartOf\":{\"@id\":\"https:\/\/www.peanutoem.com\/#website\"},\"primaryImageOfPage\":{\"@id\":\"https:\/\/www.peanutoem.com\/manufacturer\/roasted-peanut-powder\/#primaryimage\"},\"image\":{\"@id\":\"https:\/\/www.peanutoem.com\/manufacturer\/roasted-peanut-powder\/#primaryimage\"},\"thumbnailUrl\":\"https:\/\/www.peanutoem.com\/wp-content\/uploads\/2024\/09\/Roasted-Peanut-Powder.webp\",\"datePublished\":\"2024-09-02T14:00:57+00:00\",\"dateModified\":\"2024-09-28T04:23:49+00:00\",\"description\":\"We are a top OEM, private label manufacturer, and exporter of premium Roasted Peanut Powder, offering quality solutions globally.\",\"breadcrumb\":{\"@id\":\"https:\/\/www.peanutoem.com\/manufacturer\/roasted-peanut-powder\/#breadcrumb\"},\"inLanguage\":\"sv-SE\",\"potentialAction\":[{\"@type\":\"ReadAction\",\"target\":[\"https:\/\/www.peanutoem.com\/manufacturer\/roasted-peanut-powder\/\"]}]},{\"@type\":\"ImageObject\",\"inLanguage\":\"sv-SE\",\"@id\":\"https:\/\/www.peanutoem.com\/manufacturer\/roasted-peanut-powder\/#primaryimage\",\"url\":\"https:\/\/www.peanutoem.com\/wp-content\/uploads\/2024\/09\/Roasted-Peanut-Powder.webp\",\"contentUrl\":\"https:\/\/www.peanutoem.com\/wp-content\/uploads\/2024\/09\/Roasted-Peanut-Powder.webp\",\"width\":551,\"height\":472,\"caption\":\"Roasted Peanut Powder\"},{\"@type\":\"BreadcrumbList\",\"@id\":\"https:\/\/www.peanutoem.com\/manufacturer\/roasted-peanut-powder\/#breadcrumb\",\"itemListElement\":[{\"@type\":\"ListItem\",\"position\":1,\"name\":\"Home\",\"item\":\"https:\/\/www.peanutoem.com\/\"},{\"@type\":\"ListItem\",\"position\":2,\"name\":\"Products\",\"item\":\"https:\/\/www.peanutoem.com\/shop\/\"},{\"@type\":\"ListItem\",\"position\":3,\"name\":\"Roasted Peanut Powder\"}]},{\"@type\":\"WebSite\",\"@id\":\"https:\/\/www.peanutoem.com\/#website\",\"url\":\"https:\/\/www.peanutoem.com\/\",\"name\":\"Peanut Butter Factory\",\"description\":\"Peanut Butter Manufacturer and Roast Peanut OEM Factory | Peanut Private Label China Supplier\",\"publisher\":{\"@id\":\"https:\/\/www.peanutoem.com\/#organization\"},\"alternateName\":\"Peanut Butter OEM and Wholesale\",\"potentialAction\":[{\"@type\":\"SearchAction\",\"target\":{\"@type\":\"EntryPoint\",\"urlTemplate\":\"https:\/\/www.peanutoem.com\/?s={search_term_string}\"},\"query-input\":{\"@type\":\"PropertyValueSpecification\",\"valueRequired\":true,\"valueName\":\"search_term_string\"}}],\"inLanguage\":\"sv-SE\"},{\"@type\":\"Organization\",\"@id\":\"https:\/\/www.peanutoem.com\/#organization\",\"name\":\"Peanut Butter Factory\",\"alternateName\":\"JuFeng Group\",\"url\":\"https:\/\/www.peanutoem.com\/\",\"logo\":{\"@type\":\"ImageObject\",\"inLanguage\":\"sv-SE\",\"@id\":\"https:\/\/www.peanutoem.com\/#\/schema\/logo\/image\/\",\"url\":\"https:\/\/www.peanutoem.com\/wp-content\/uploads\/2024\/09\/JUFENG-LOGO.png\",\"contentUrl\":\"https:\/\/www.peanutoem.com\/wp-content\/uploads\/2024\/09\/JUFENG-LOGO.png\",\"width\":600,\"height\":170,\"caption\":\"Peanut Butter Factory\"},\"image\":{\"@id\":\"https:\/\/www.peanutoem.com\/#\/schema\/logo\/image\/\"}}]}<\/script>\n<!-- \/ Yoast SEO plugin. -->","yoast_head_json":{"title":"Roasted Peanut Powder Manufacturer - Peanut Butter Factory","description":"We are a top OEM, private label manufacturer, and exporter of premium Roasted Peanut Powder, offering quality solutions globally.","robots":{"index":"index","follow":"follow","max-snippet":"max-snippet:-1","max-image-preview":"max-image-preview:large","max-video-preview":"max-video-preview:-1"},"canonical":"https:\/\/www.peanutoem.com\/sv\/manufacturer\/roasted-peanut-powder\/","og_locale":"sv_SE","og_type":"article","og_title":"Roasted Peanut Powder Manufacturer - Peanut Butter Factory","og_description":"We are a top OEM, private label manufacturer, and exporter of premium Roasted Peanut Powder, offering quality solutions globally.","og_url":"https:\/\/www.peanutoem.com\/sv\/manufacturer\/roasted-peanut-powder\/","og_site_name":"Peanut Butter Factory","article_modified_time":"2024-09-28T04:23:49+00:00","og_image":[{"width":551,"height":472,"url":"https:\/\/www.peanutoem.com\/wp-content\/uploads\/2024\/09\/Roasted-Peanut-Powder.webp","type":"image\/webp"}],"twitter_card":"summary_large_image","twitter_misc":{"Ber\u00e4knad l\u00e4stid":"3 minuter"},"schema":{"@context":"https:\/\/schema.org","@graph":[{"@type":"WebPage","@id":"https:\/\/www.peanutoem.com\/manufacturer\/roasted-peanut-powder\/","url":"https:\/\/www.peanutoem.com\/manufacturer\/roasted-peanut-powder\/","name":"Roasted Peanut Powder Manufacturer - Peanut Butter Factory","isPartOf":{"@id":"https:\/\/www.peanutoem.com\/#website"},"primaryImageOfPage":{"@id":"https:\/\/www.peanutoem.com\/manufacturer\/roasted-peanut-powder\/#primaryimage"},"image":{"@id":"https:\/\/www.peanutoem.com\/manufacturer\/roasted-peanut-powder\/#primaryimage"},"thumbnailUrl":"https:\/\/www.peanutoem.com\/wp-content\/uploads\/2024\/09\/Roasted-Peanut-Powder.webp","datePublished":"2024-09-02T14:00:57+00:00","dateModified":"2024-09-28T04:23:49+00:00","description":"We are a top OEM, private label manufacturer, and exporter of premium Roasted Peanut Powder, offering quality solutions globally.","breadcrumb":{"@id":"https:\/\/www.peanutoem.com\/manufacturer\/roasted-peanut-powder\/#breadcrumb"},"inLanguage":"sv-SE","potentialAction":[{"@type":"ReadAction","target":["https:\/\/www.peanutoem.com\/manufacturer\/roasted-peanut-powder\/"]}]},{"@type":"ImageObject","inLanguage":"sv-SE","@id":"https:\/\/www.peanutoem.com\/manufacturer\/roasted-peanut-powder\/#primaryimage","url":"https:\/\/www.peanutoem.com\/wp-content\/uploads\/2024\/09\/Roasted-Peanut-Powder.webp","contentUrl":"https:\/\/www.peanutoem.com\/wp-content\/uploads\/2024\/09\/Roasted-Peanut-Powder.webp","width":551,"height":472,"caption":"Roasted Peanut Powder"},{"@type":"BreadcrumbList","@id":"https:\/\/www.peanutoem.com\/manufacturer\/roasted-peanut-powder\/#breadcrumb","itemListElement":[{"@type":"ListItem","position":1,"name":"Home","item":"https:\/\/www.peanutoem.com\/"},{"@type":"ListItem","position":2,"name":"Products","item":"https:\/\/www.peanutoem.com\/shop\/"},{"@type":"ListItem","position":3,"name":"Roasted Peanut Powder"}]},{"@type":"WebSite","@id":"https:\/\/www.peanutoem.com\/#website","url":"https:\/\/www.peanutoem.com\/","name":"Peanut Butter Factory","description":"Peanut Butter Manufacturer and Roast Peanut OEM Factory | Peanut Private Label China Supplier","publisher":{"@id":"https:\/\/www.peanutoem.com\/#organization"},"alternateName":"Peanut Butter OEM and Wholesale","potentialAction":[{"@type":"SearchAction","target":{"@type":"EntryPoint","urlTemplate":"https:\/\/www.peanutoem.com\/?s={search_term_string}"},"query-input":{"@type":"PropertyValueSpecification","valueRequired":true,"valueName":"search_term_string"}}],"inLanguage":"sv-SE"},{"@type":"Organization","@id":"https:\/\/www.peanutoem.com\/#organization","name":"Peanut Butter Factory","alternateName":"JuFeng Group","url":"https:\/\/www.peanutoem.com\/","logo":{"@type":"ImageObject","inLanguage":"sv-SE","@id":"https:\/\/www.peanutoem.com\/#\/schema\/logo\/image\/","url":"https:\/\/www.peanutoem.com\/wp-content\/uploads\/2024\/09\/JUFENG-LOGO.png","contentUrl":"https:\/\/www.peanutoem.com\/wp-content\/uploads\/2024\/09\/JUFENG-LOGO.png","width":600,"height":170,"caption":"Peanut Butter Factory"},"image":{"@id":"https:\/\/www.peanutoem.com\/#\/schema\/logo\/image\/"}}]}},"_links":{"self":[{"href":"https:\/\/www.peanutoem.com\/sv\/wp-json\/wp\/v2\/product\/1556","targetHints":{"allow":["GET"]}}],"collection":[{"href":"https:\/\/www.peanutoem.com\/sv\/wp-json\/wp\/v2\/product"}],"about":[{"href":"https:\/\/www.peanutoem.com\/sv\/wp-json\/wp\/v2\/types\/product"}],"replies":[{"embeddable":true,"href":"https:\/\/www.peanutoem.com\/sv\/wp-json\/wp\/v2\/comments?post=1556"}],"wp:featuredmedia":[{"embeddable":true,"href":"https:\/\/www.peanutoem.com\/sv\/wp-json\/wp\/v2\/media\/1714"}],"wp:attachment":[{"href":"https:\/\/www.peanutoem.com\/sv\/wp-json\/wp\/v2\/media?parent=1556"}],"wp:term":[{"taxonomy":"product_cat","embeddable":true,"href":"https:\/\/www.peanutoem.com\/sv\/wp-json\/wp\/v2\/product_cat?post=1556"},{"taxonomy":"product_tag","embeddable":true,"href":"https:\/\/www.peanutoem.com\/sv\/wp-json\/wp\/v2\/product_tag?post=1556"}],"curies":[{"name":"wp","href":"https:\/\/api.w.org\/{rel}","templated":true}]}}