{"id":1638,"date":"2024-09-10T12:30:11","date_gmt":"2024-09-10T12:30:11","guid":{"rendered":"https:\/\/www.peanutoem.com\/?post_type=product&#038;p=1638"},"modified":"2024-10-06T09:55:00","modified_gmt":"2024-10-06T09:55:00","slug":"chocolate-peanut-butter","status":"publish","type":"product","link":"https:\/\/www.peanutoem.com\/sv\/manufacturer\/chocolate-peanut-butter\/","title":{"rendered":"Choklad jordn\u00f6tssm\u00f6r"},"content":{"rendered":"<h3>Vad \u00e4r chokladjordn\u00f6tssm\u00f6r?<\/h3>\n<p>Chokladjordn\u00f6tssm\u00f6r \u00e4r en l\u00e4cker blandning av kr\u00e4migt jordn\u00f6tssm\u00f6r och rik <a href=\"https:\/\/en.wikipedia.org\/wiki\/Chocolate\" target=\"_blank\" rel=\"noopener\">choklad<\/a>, vilket skapar ett s\u00f6tt och salt p\u00e5l\u00e4gg som tilltalar ett brett utbud av smakpreferenser. Den h\u00e4r l\u00e4ckra blandningen \u00e4r perfekt att breda p\u00e5 br\u00f6d, anv\u00e4nda i desserter eller helt enkelt njuta av en sked. Kombinationen av jordn\u00f6tter och choklad erbjuder en balanserad njutning som tillfredsst\u00e4ller b\u00e5de n\u00f6tsm\u00f6rsentusiaster och choklad\u00e4lskare.<\/p>\n<h3>Vilka \u00e4r andra namn f\u00f6r choklad i jordn\u00f6tssm\u00f6r?<\/h3>\n<p>Chokladjordn\u00f6tssm\u00f6r kallas ofta f\u00f6r olika namn baserat p\u00e5 dess smak och anv\u00e4ndning. N\u00e5gra alternativa namn inkluderar:<\/p>\n<ul>\n<li>Jordn\u00f6tssm\u00f6r med chokladsmak<\/li>\n<li>Kakao jordn\u00f6tssm\u00f6r p\u00e5l\u00e4gg<\/li>\n<li>Kakao jordn\u00f6tssm\u00f6r<\/li>\n<li>Choko-jordn\u00f6tsp\u00e5l\u00e4gg<\/li>\n<li>Jordn\u00f6tssm\u00f6r med choklad<\/li>\n<li>N\u00f6tig chokladp\u00e5l\u00e4gg<\/li>\n<li>Choklad-infunderat jordn\u00f6tssm\u00f6r<\/li>\n<li>N\u00f6tig chokladp\u00e5l\u00e4gg<\/li>\n<\/ul>\n<p>Dessa namn lyfter fram den h\u00e4rliga blandningen av choklad och jordn\u00f6tssm\u00f6r, vilket g\u00f6r den tilltalande f\u00f6r konsumenter p\u00e5 olika marknader.<\/p>\n<h3><img loading=\"lazy\" decoding=\"async\" class=\"alignnone wp-image-1682 size-full\" src=\"https:\/\/www.peanutoem.com\/wp-content\/uploads\/2024\/09\/Chocolate-Peanut-Butter-on-Bread.webp\" alt=\"Choklad jordn\u00f6tssm\u00f6r p\u00e5 br\u00f6d\" width=\"912\" height=\"1144\" srcset=\"https:\/\/www.peanutoem.com\/wp-content\/uploads\/2024\/09\/Chocolate-Peanut-Butter-on-Bread.webp 912w, https:\/\/www.peanutoem.com\/wp-content\/uploads\/2024\/09\/Chocolate-Peanut-Butter-on-Bread-239x300.webp 239w, https:\/\/www.peanutoem.com\/wp-content\/uploads\/2024\/09\/Chocolate-Peanut-Butter-on-Bread-816x1024.webp 816w, https:\/\/www.peanutoem.com\/wp-content\/uploads\/2024\/09\/Chocolate-Peanut-Butter-on-Bread-768x963.webp 768w, https:\/\/www.peanutoem.com\/wp-content\/uploads\/2024\/09\/Chocolate-Peanut-Butter-on-Bread-10x12.webp 10w, https:\/\/www.peanutoem.com\/wp-content\/uploads\/2024\/09\/Chocolate-Peanut-Butter-on-Bread-600x753.webp 600w\" sizes=\"auto, (max-width: 912px) 100vw, 912px\" \/><\/h3>\n<h3>Varf\u00f6r v\u00e4lja oss som din partnerleverant\u00f6r?<\/h3>\n<p>Vi \u00e4r den ledande OEM-tillverkaren och export\u00f6ren av chokladjordn\u00f6tssm\u00f6r.<\/p>\n<ul>\n<li><strong>Anpassningsexpertis:<\/strong> Vi erbjuder helt anpassade formuleringar f\u00f6r att matcha din specifika smak, konsistens och f\u00f6rpackningskrav.<\/li>\n<li><strong>Premium ingredienser:<\/strong> Anv\u00e4nder endast jordn\u00f6tter och choklad av h\u00f6gsta kvalitet.<\/li>\n<li><strong>Avancerad tillverkning:<\/strong> V\u00e5ra toppmoderna anl\u00e4ggningar \u00e4r utrustade med banbrytande produktionslinjer fr\u00e5n USA, vilket s\u00e4kerst\u00e4ller konsekvent kvalitet och effektivitet i varje batch.<\/li>\n<li><strong>Certifieringar och kvalitetss\u00e4kring:<\/strong> Vi har en m\u00e4ngd olika certifieringar, inklusive BRCGS, Kosher, Halal och HACCP, vilket garanterar \u00f6verensst\u00e4mmelse med internationella s\u00e4kerhets- och kvalitetsstandarder.<\/li>\n<li><strong>Global distribution:<\/strong> Med stor erfarenhet av internationell handel exporterar vi chokladjordn\u00f6tssm\u00f6r till marknader runt om i v\u00e4rlden, vilket s\u00e4kerst\u00e4ller smidig logistik och snabba leveranser.<\/li>\n<\/ul>\n<h3>Heta \u00e4mnen<\/h3>\n<div class=\"group\/conversation-turn relative flex w-full min-w-0 flex-col agent-turn\">\n<div class=\"flex-col gap-1 md:gap-3\">\n<div class=\"flex max-w-full flex-col flex-grow\">\n<div class=\"min-h-8 text-message flex w-full flex-col items-end gap-2 whitespace-normal break-words [.text-message+&amp;]:mt-5\" dir=\"auto\" data-message-author-role=\"assistant\" data-message-id=\"61c5f9c1-377c-4081-b461-888734723e68\">\n<div class=\"flex w-full flex-col gap-1 empty:hidden first:pt-[3px]\">\n<div class=\"markdown prose w-full break-words dark:prose-invert dark\">\n<ul>\n<li><span style=\"color: #282828;\"><strong>I efterr\u00e4tter<\/strong><\/span><br \/>\n<span style=\"color: #282828;\">Jordn\u00f6tssm\u00f6r med choklad fungerar som en m\u00e5ngsidig ingrediens som avsev\u00e4rt f\u00f6rb\u00e4ttrar kvaliteten och smaken p\u00e5 desserter som kakor, brownies och glass. Dess kr\u00e4miga konsistens och rika smak g\u00f6r den till en utm\u00e4rkt f\u00f6ljeslagare f\u00f6r bakverk och konfekt.<\/span><\/li>\n<li><span style=\"color: #282828;\"><strong>H\u00e4lsof\u00f6rdelar<\/strong><\/span><br \/>\n<span style=\"color: #282828;\">F\u00f6rutom sin oemotst\u00e5ndliga l\u00e4ckerhet \u00e4r detta p\u00e5l\u00e4gg rikt p\u00e5 protein, h\u00e4lsosamma fetter och fibrer, vilket ger n\u00e4ringsst\u00f6d till kroppen. N\u00e4r den \u00e4r tillverkad med m\u00f6rk choklad tillf\u00f6r den antioxidantegenskaper, vilket ger produkten en h\u00e4lsosam dragningskraft som lockar h\u00e4lsomedvetna konsumenter.<\/span><\/li>\n<li><span style=\"color: #282828;\"><strong>Global popularitet<\/strong><\/span><br \/>\n<span style=\"color: #282828;\">N\u00e4r konsumenterna i allt h\u00f6gre grad s\u00f6ker efter snacks som tillfredsst\u00e4ller deras smakl\u00f6kar samtidigt som de \u00e4r n\u00e4ringsrika, har chokladjordn\u00f6tssm\u00f6r vunnit enorm popularitet p\u00e5 den globala marknaden. Den kombinerar framg\u00e5ngsrikt smak och n\u00e4ring, och tj\u00e4nar utbredd beundran fr\u00e5n b\u00e5de barn och vuxna.<\/span><\/li>\n<li><span style=\"color: #282828;\"><strong>Kreativa anv\u00e4ndningsomr\u00e5den<\/strong><\/span><br \/>\n<span style=\"color: #282828;\">Ut\u00f6ver traditionella kombinationer som rostat br\u00f6d eller sm\u00f6rg\u00e5sar, kan denna ingrediens kreativt inf\u00f6rlivas i smoothies, energibarer eller anv\u00e4ndas som fyllning f\u00f6r bakverk. Dess unika smakanpassningsf\u00f6rm\u00e5ga g\u00f6r att den lyser i b\u00e5de s\u00f6ta och salta r\u00e4tter, vilket g\u00f6r den till en stapelvara i m\u00e5nga hemk\u00f6k.<\/span><\/li>\n<\/ul>\n<\/div>\n<\/div>\n<\/div>\n<\/div>\n<\/div>\n<\/div>\n<hr \/>\n<h3><img loading=\"lazy\" decoding=\"async\" class=\"alignnone wp-image-1683 size-full\" src=\"https:\/\/www.peanutoem.com\/wp-content\/uploads\/2024\/09\/Chocolate-Peanut-Butter-Served.webp\" alt=\"Chokladjordn\u00f6tssm\u00f6r serveras\" width=\"896\" height=\"1152\" srcset=\"https:\/\/www.peanutoem.com\/wp-content\/uploads\/2024\/09\/Chocolate-Peanut-Butter-Served.webp 896w, https:\/\/www.peanutoem.com\/wp-content\/uploads\/2024\/09\/Chocolate-Peanut-Butter-Served-233x300.webp 233w, https:\/\/www.peanutoem.com\/wp-content\/uploads\/2024\/09\/Chocolate-Peanut-Butter-Served-796x1024.webp 796w, https:\/\/www.peanutoem.com\/wp-content\/uploads\/2024\/09\/Chocolate-Peanut-Butter-Served-768x987.webp 768w, https:\/\/www.peanutoem.com\/wp-content\/uploads\/2024\/09\/Chocolate-Peanut-Butter-Served-9x12.webp 9w, https:\/\/www.peanutoem.com\/wp-content\/uploads\/2024\/09\/Chocolate-Peanut-Butter-Served-600x771.webp 600w\" sizes=\"auto, (max-width: 896px) 100vw, 896px\" \/><\/h3>\n<h3>Vanliga fr\u00e5gor om chokladjordn\u00f6tssm\u00f6r<\/h3>\n<ol>\n<li><strong>Som en ledande OEM-tillverkare, vad \u00e4r din huvudsakliga konkurrensf\u00f6rdel?<\/strong><br \/>\nVi sticker ut eftersom vi erbjuder olika anpassningstj\u00e4nster, v\u00e4ljer h\u00f6gkvalitativa ingredienser och anv\u00e4nder avancerad produktionsteknik. Detta s\u00e4kerst\u00e4ller att varje parti jordn\u00f6tssm\u00f6r utm\u00e4rker sig p\u00e5 marknaden och m\u00f6ter v\u00e5ra kunders unika behov.<\/li>\n<li><strong>Kan du justera f\u00f6rh\u00e5llandet mellan choklad och jordn\u00f6t enligt mina specifikationer och skapa en anpassad formel f\u00f6r mitt varum\u00e4rke?<\/strong><br \/>\nAbsolut! Vi tillhandah\u00e5ller omfattande smakanpassningstj\u00e4nster f\u00f6r att hj\u00e4lpa dig hitta den perfekta balansen mellan choklad och jordn\u00f6tter, samtidigt som vi utvecklar en unik formel som f\u00f6rb\u00e4ttrar ditt varum\u00e4rkes konkurrenskraft p\u00e5 marknaden.<\/li>\n<li><strong>Vilka f\u00f6rpackningsalternativ erbjuder ni?<\/strong><br \/>\nVi erbjuder en m\u00e4ngd olika f\u00f6rpackningsl\u00f6sningar, inklusive eleganta burkar, bekv\u00e4ma pressp\u00e5sar och bulkbeh\u00e5llare l\u00e4mpliga f\u00f6r storskalig f\u00f6rvaring. Alla f\u00f6rpackningar kan anpassas f\u00f6r att spegla ditt varum\u00e4rkes identitet och marknadsf\u00f6ringsstrategi.<\/li>\n<li><strong>Erbjuder ni ekologiskt chokladjordn\u00f6tssm\u00f6r, och hur s\u00e4kerst\u00e4ller ni produktkvaliteten?<\/strong><br \/>\nJa, vi producerar EU ekologiskt certifierat jordn\u00f6tssm\u00f6r, gjort med ingredienser som uppfyller ekologiska standarder. Dessutom har vi etablerat ett rigor\u00f6st kvalitetsledningssystem, inklusive in-house laboratorietester, f\u00f6r att s\u00e4kerst\u00e4lla att varje batch uppfyller de h\u00f6gsta standarderna f\u00f6r smak, konsistens och s\u00e4kerhet.<\/li>\n<li><strong>Kan jag beg\u00e4ra prover f\u00f6r provsmakning innan jag g\u00f6r en stor best\u00e4llning, och st\u00f6djer du global export?<\/strong><br \/>\nS\u00e4kert! Vi tillhandah\u00e5ller g\u00e4rna provpartier f\u00f6r din utv\u00e4rdering innan full produktion. Dessutom har vi l\u00e5ng erfarenhet av global export, vilket s\u00e4kerst\u00e4ller att dina produkter kommer s\u00e4kert och i tid \u00f6ver hela v\u00e4rlden.<\/li>\n<\/ol>\n<a href=\"mailto:globepeanut@gmail.com\" class=\"button primary is-primary is-medium\"  >\n    <span>Maila oss<\/span>\n  <\/a>","protected":false},"excerpt":{"rendered":"<table width=\"564\">\n<tbody>\n<tr>\n<td width=\"113\"><strong>Produktnamn<\/strong><\/td>\n<td width=\"402\">Choklad jordn\u00f6tssm\u00f6r<\/td>\n<\/tr>\n<tr>\n<td width=\"113\"><strong>Specifikationer<\/strong><\/td>\n<td width=\"402\">200gx36, 227gx24, 340gx12, 375gx12, 500gx12, 510gx12, 1kgx12, 10kgx1, 20kgx1, 220kgx1<\/td>\n<\/tr>\n<tr>\n<td width=\"113\"><strong>F\u00f6rpackningsformul\u00e4r<\/strong><\/td>\n<td width=\"402\">Burk, hink, doypack, v\u00e4ska, kartong, pl\u00e5t, fat, burk, flaska, etc<\/td>\n<\/tr>\n<tr>\n<td width=\"113\"><strong>Leveranstid<\/strong><\/td>\n<td width=\"402\">7 ~ 20 dagar efter best\u00e4llning<\/td>\n<\/tr>\n<tr>\n<td width=\"113\"><strong>MOQ<\/strong><\/td>\n<td width=\"402\">Ett ton<\/td>\n<\/tr>\n<tr>\n<td width=\"113\"><strong>Prov<\/strong><\/td>\n<td width=\"402\">Gratis prov tillg\u00e4ngligt<\/td>\n<\/tr>\n<tr>\n<td width=\"113\"><strong>OEM<\/strong><\/td>\n<td width=\"402\">K\u00f6parens etikett accepteras<\/td>\n<\/tr>\n<\/tbody>\n<\/table>\n<p>&nbsp;<\/p>","protected":false},"featured_media":1671,"comment_status":"open","ping_status":"closed","template":"","meta":[],"product_cat":[15],"product_tag":[],"class_list":{"0":"post-1638","1":"product","2":"type-product","3":"status-publish","4":"has-post-thumbnail","6":"product_cat-peanut-butter","8":"first","9":"instock","10":"shipping-taxable","11":"product-type-simple"},"yoast_head":"<!-- This site is optimized with the Yoast SEO plugin v24.9 - https:\/\/yoast.com\/wordpress\/plugins\/seo\/ -->\n<title>Chocolate Peanut Butter Manufacturer OEM - China Peanut Butter Factory<\/title>\n<meta name=\"description\" content=\"Leading chocolate peanut butter OEM private label manufacturer and exporter. Discover premium, customized chocolate peanut butter from us.\" \/>\n<meta name=\"robots\" content=\"index, follow, max-snippet:-1, max-image-preview:large, max-video-preview:-1\" \/>\n<link rel=\"canonical\" href=\"https:\/\/www.peanutoem.com\/sv\/manufacturer\/chocolate-peanut-butter\/\" \/>\n<meta property=\"og:locale\" content=\"sv_SE\" \/>\n<meta property=\"og:type\" content=\"article\" \/>\n<meta property=\"og:title\" content=\"Chocolate Peanut Butter Manufacturer OEM - China Peanut Butter Factory\" \/>\n<meta property=\"og:description\" content=\"Leading chocolate peanut butter OEM private label manufacturer and exporter. Discover premium, customized chocolate peanut butter from us.\" \/>\n<meta property=\"og:url\" content=\"https:\/\/www.peanutoem.com\/sv\/manufacturer\/chocolate-peanut-butter\/\" \/>\n<meta property=\"og:site_name\" content=\"Peanut Butter Factory\" \/>\n<meta property=\"article:modified_time\" content=\"2024-10-06T09:55:00+00:00\" \/>\n<meta property=\"og:image\" content=\"https:\/\/www.peanutoem.com\/wp-content\/uploads\/2024\/09\/Peanut-Butter-Chocolate-Flavor.webp\" \/>\n\t<meta property=\"og:image:width\" content=\"819\" \/>\n\t<meta property=\"og:image:height\" content=\"975\" \/>\n\t<meta property=\"og:image:type\" content=\"image\/webp\" \/>\n<meta name=\"twitter:card\" content=\"summary_large_image\" \/>\n<meta name=\"twitter:label1\" content=\"Ber\u00e4knad l\u00e4stid\" \/>\n\t<meta name=\"twitter:data1\" content=\"4 minuter\" \/>\n<script type=\"application\/ld+json\" class=\"yoast-schema-graph\">{\"@context\":\"https:\/\/schema.org\",\"@graph\":[{\"@type\":\"WebPage\",\"@id\":\"https:\/\/www.peanutoem.com\/manufacturer\/chocolate-peanut-butter\/\",\"url\":\"https:\/\/www.peanutoem.com\/manufacturer\/chocolate-peanut-butter\/\",\"name\":\"Chocolate Peanut Butter Manufacturer OEM - China Peanut Butter Factory\",\"isPartOf\":{\"@id\":\"https:\/\/www.peanutoem.com\/#website\"},\"primaryImageOfPage\":{\"@id\":\"https:\/\/www.peanutoem.com\/manufacturer\/chocolate-peanut-butter\/#primaryimage\"},\"image\":{\"@id\":\"https:\/\/www.peanutoem.com\/manufacturer\/chocolate-peanut-butter\/#primaryimage\"},\"thumbnailUrl\":\"https:\/\/www.peanutoem.com\/wp-content\/uploads\/2024\/09\/Peanut-Butter-Chocolate-Flavor.webp\",\"datePublished\":\"2024-09-10T12:30:11+00:00\",\"dateModified\":\"2024-10-06T09:55:00+00:00\",\"description\":\"Leading chocolate peanut butter OEM private label manufacturer and exporter. Discover premium, customized chocolate peanut butter from us.\",\"breadcrumb\":{\"@id\":\"https:\/\/www.peanutoem.com\/manufacturer\/chocolate-peanut-butter\/#breadcrumb\"},\"inLanguage\":\"sv-SE\",\"potentialAction\":[{\"@type\":\"ReadAction\",\"target\":[\"https:\/\/www.peanutoem.com\/manufacturer\/chocolate-peanut-butter\/\"]}]},{\"@type\":\"ImageObject\",\"inLanguage\":\"sv-SE\",\"@id\":\"https:\/\/www.peanutoem.com\/manufacturer\/chocolate-peanut-butter\/#primaryimage\",\"url\":\"https:\/\/www.peanutoem.com\/wp-content\/uploads\/2024\/09\/Peanut-Butter-Chocolate-Flavor.webp\",\"contentUrl\":\"https:\/\/www.peanutoem.com\/wp-content\/uploads\/2024\/09\/Peanut-Butter-Chocolate-Flavor.webp\",\"width\":819,\"height\":975,\"caption\":\"Peanut Butter Chocolate Flavor\"},{\"@type\":\"BreadcrumbList\",\"@id\":\"https:\/\/www.peanutoem.com\/manufacturer\/chocolate-peanut-butter\/#breadcrumb\",\"itemListElement\":[{\"@type\":\"ListItem\",\"position\":1,\"name\":\"Home\",\"item\":\"https:\/\/www.peanutoem.com\/\"},{\"@type\":\"ListItem\",\"position\":2,\"name\":\"Products\",\"item\":\"https:\/\/www.peanutoem.com\/shop\/\"},{\"@type\":\"ListItem\",\"position\":3,\"name\":\"Chocolate Peanut Butter\"}]},{\"@type\":\"WebSite\",\"@id\":\"https:\/\/www.peanutoem.com\/#website\",\"url\":\"https:\/\/www.peanutoem.com\/\",\"name\":\"Peanut Butter Factory\",\"description\":\"Peanut Butter Manufacturer and Roast Peanut OEM Factory | Peanut Private Label China Supplier\",\"publisher\":{\"@id\":\"https:\/\/www.peanutoem.com\/#organization\"},\"alternateName\":\"Peanut Butter OEM and Wholesale\",\"potentialAction\":[{\"@type\":\"SearchAction\",\"target\":{\"@type\":\"EntryPoint\",\"urlTemplate\":\"https:\/\/www.peanutoem.com\/?s={search_term_string}\"},\"query-input\":{\"@type\":\"PropertyValueSpecification\",\"valueRequired\":true,\"valueName\":\"search_term_string\"}}],\"inLanguage\":\"sv-SE\"},{\"@type\":\"Organization\",\"@id\":\"https:\/\/www.peanutoem.com\/#organization\",\"name\":\"Peanut Butter Factory\",\"alternateName\":\"JuFeng Group\",\"url\":\"https:\/\/www.peanutoem.com\/\",\"logo\":{\"@type\":\"ImageObject\",\"inLanguage\":\"sv-SE\",\"@id\":\"https:\/\/www.peanutoem.com\/#\/schema\/logo\/image\/\",\"url\":\"https:\/\/www.peanutoem.com\/wp-content\/uploads\/2024\/09\/JUFENG-LOGO.png\",\"contentUrl\":\"https:\/\/www.peanutoem.com\/wp-content\/uploads\/2024\/09\/JUFENG-LOGO.png\",\"width\":600,\"height\":170,\"caption\":\"Peanut Butter Factory\"},\"image\":{\"@id\":\"https:\/\/www.peanutoem.com\/#\/schema\/logo\/image\/\"}}]}<\/script>\n<!-- \/ Yoast SEO plugin. -->","yoast_head_json":{"title":"Chocolate Peanut Butter Manufacturer OEM - China Peanut Butter Factory","description":"Leading chocolate peanut butter OEM private label manufacturer and exporter. Discover premium, customized chocolate peanut butter from us.","robots":{"index":"index","follow":"follow","max-snippet":"max-snippet:-1","max-image-preview":"max-image-preview:large","max-video-preview":"max-video-preview:-1"},"canonical":"https:\/\/www.peanutoem.com\/sv\/manufacturer\/chocolate-peanut-butter\/","og_locale":"sv_SE","og_type":"article","og_title":"Chocolate Peanut Butter Manufacturer OEM - China Peanut Butter Factory","og_description":"Leading chocolate peanut butter OEM private label manufacturer and exporter. Discover premium, customized chocolate peanut butter from us.","og_url":"https:\/\/www.peanutoem.com\/sv\/manufacturer\/chocolate-peanut-butter\/","og_site_name":"Peanut Butter Factory","article_modified_time":"2024-10-06T09:55:00+00:00","og_image":[{"width":819,"height":975,"url":"https:\/\/www.peanutoem.com\/wp-content\/uploads\/2024\/09\/Peanut-Butter-Chocolate-Flavor.webp","type":"image\/webp"}],"twitter_card":"summary_large_image","twitter_misc":{"Ber\u00e4knad l\u00e4stid":"4 minuter"},"schema":{"@context":"https:\/\/schema.org","@graph":[{"@type":"WebPage","@id":"https:\/\/www.peanutoem.com\/manufacturer\/chocolate-peanut-butter\/","url":"https:\/\/www.peanutoem.com\/manufacturer\/chocolate-peanut-butter\/","name":"Chocolate Peanut Butter Manufacturer OEM - China Peanut Butter Factory","isPartOf":{"@id":"https:\/\/www.peanutoem.com\/#website"},"primaryImageOfPage":{"@id":"https:\/\/www.peanutoem.com\/manufacturer\/chocolate-peanut-butter\/#primaryimage"},"image":{"@id":"https:\/\/www.peanutoem.com\/manufacturer\/chocolate-peanut-butter\/#primaryimage"},"thumbnailUrl":"https:\/\/www.peanutoem.com\/wp-content\/uploads\/2024\/09\/Peanut-Butter-Chocolate-Flavor.webp","datePublished":"2024-09-10T12:30:11+00:00","dateModified":"2024-10-06T09:55:00+00:00","description":"Leading chocolate peanut butter OEM private label manufacturer and exporter. Discover premium, customized chocolate peanut butter from us.","breadcrumb":{"@id":"https:\/\/www.peanutoem.com\/manufacturer\/chocolate-peanut-butter\/#breadcrumb"},"inLanguage":"sv-SE","potentialAction":[{"@type":"ReadAction","target":["https:\/\/www.peanutoem.com\/manufacturer\/chocolate-peanut-butter\/"]}]},{"@type":"ImageObject","inLanguage":"sv-SE","@id":"https:\/\/www.peanutoem.com\/manufacturer\/chocolate-peanut-butter\/#primaryimage","url":"https:\/\/www.peanutoem.com\/wp-content\/uploads\/2024\/09\/Peanut-Butter-Chocolate-Flavor.webp","contentUrl":"https:\/\/www.peanutoem.com\/wp-content\/uploads\/2024\/09\/Peanut-Butter-Chocolate-Flavor.webp","width":819,"height":975,"caption":"Peanut Butter Chocolate Flavor"},{"@type":"BreadcrumbList","@id":"https:\/\/www.peanutoem.com\/manufacturer\/chocolate-peanut-butter\/#breadcrumb","itemListElement":[{"@type":"ListItem","position":1,"name":"Home","item":"https:\/\/www.peanutoem.com\/"},{"@type":"ListItem","position":2,"name":"Products","item":"https:\/\/www.peanutoem.com\/shop\/"},{"@type":"ListItem","position":3,"name":"Chocolate Peanut Butter"}]},{"@type":"WebSite","@id":"https:\/\/www.peanutoem.com\/#website","url":"https:\/\/www.peanutoem.com\/","name":"Peanut Butter Factory","description":"Peanut Butter Manufacturer and Roast Peanut OEM Factory | Peanut Private Label China Supplier","publisher":{"@id":"https:\/\/www.peanutoem.com\/#organization"},"alternateName":"Peanut Butter OEM and Wholesale","potentialAction":[{"@type":"SearchAction","target":{"@type":"EntryPoint","urlTemplate":"https:\/\/www.peanutoem.com\/?s={search_term_string}"},"query-input":{"@type":"PropertyValueSpecification","valueRequired":true,"valueName":"search_term_string"}}],"inLanguage":"sv-SE"},{"@type":"Organization","@id":"https:\/\/www.peanutoem.com\/#organization","name":"Peanut Butter Factory","alternateName":"JuFeng Group","url":"https:\/\/www.peanutoem.com\/","logo":{"@type":"ImageObject","inLanguage":"sv-SE","@id":"https:\/\/www.peanutoem.com\/#\/schema\/logo\/image\/","url":"https:\/\/www.peanutoem.com\/wp-content\/uploads\/2024\/09\/JUFENG-LOGO.png","contentUrl":"https:\/\/www.peanutoem.com\/wp-content\/uploads\/2024\/09\/JUFENG-LOGO.png","width":600,"height":170,"caption":"Peanut Butter Factory"},"image":{"@id":"https:\/\/www.peanutoem.com\/#\/schema\/logo\/image\/"}}]}},"_links":{"self":[{"href":"https:\/\/www.peanutoem.com\/sv\/wp-json\/wp\/v2\/product\/1638","targetHints":{"allow":["GET"]}}],"collection":[{"href":"https:\/\/www.peanutoem.com\/sv\/wp-json\/wp\/v2\/product"}],"about":[{"href":"https:\/\/www.peanutoem.com\/sv\/wp-json\/wp\/v2\/types\/product"}],"replies":[{"embeddable":true,"href":"https:\/\/www.peanutoem.com\/sv\/wp-json\/wp\/v2\/comments?post=1638"}],"wp:featuredmedia":[{"embeddable":true,"href":"https:\/\/www.peanutoem.com\/sv\/wp-json\/wp\/v2\/media\/1671"}],"wp:attachment":[{"href":"https:\/\/www.peanutoem.com\/sv\/wp-json\/wp\/v2\/media?parent=1638"}],"wp:term":[{"taxonomy":"product_cat","embeddable":true,"href":"https:\/\/www.peanutoem.com\/sv\/wp-json\/wp\/v2\/product_cat?post=1638"},{"taxonomy":"product_tag","embeddable":true,"href":"https:\/\/www.peanutoem.com\/sv\/wp-json\/wp\/v2\/product_tag?post=1638"}],"curies":[{"name":"wp","href":"https:\/\/api.w.org\/{rel}","templated":true}]}}