{"id":1393,"date":"2023-06-08T07:38:38","date_gmt":"2023-06-08T07:38:38","guid":{"rendered":"https:\/\/www.peanutoem.com\/?post_type=product&#038;p=1393"},"modified":"2024-10-09T12:10:08","modified_gmt":"2024-10-09T12:10:08","slug":"salty-peanut-butter","status":"publish","type":"product","link":"https:\/\/www.peanutoem.com\/tr\/manufacturer\/salty-peanut-butter\/","title":{"rendered":"Tuzlu F\u0131st\u0131k Ezmesi"},"content":{"rendered":"<h3>Salty&#039;nin Lider OEM Tedarik\u00e7isi ve \u00d6zel Etiket \u00dcreticisi <a href=\"https:\/\/www.peanutoem.com\/tr\/Wholesale\/peanut-butter\/\" target=\"_blank\" rel=\"noopener\">F\u0131st\u0131k ezmesi<\/a><\/h3>\n<p>G\u00fcvenilir bir OEM tedarik\u00e7isi, \u00f6zel etiket \u00fcreticisi ve k\u00fcresel ihracat\u00e7\u0131 olarak gururla birinci s\u0131n\u0131f tuzlu f\u0131st\u0131k ezmesi sunuyoruz. Kavrulmu\u015f f\u0131st\u0131k ve <a href=\"https:\/\/en.wikipedia.org\/wiki\/Salt\" target=\"_blank\" rel=\"noopener\">tuz<\/a>, at\u0131\u015ft\u0131rmal\u0131klar ve yemek pi\u015firme i\u00e7in ideal olan lezzetli bir tat sunar. Tamamen \u00f6zelle\u015ftirilebilir \u00fcretim \u00e7\u00f6z\u00fcmlerimiz, markalar\u0131n esnek paketleme ve sipari\u015f boyutlar\u0131yla benzersiz varyasyonlar yaratmas\u0131n\u0131 sa\u011flar.<\/p>\n<h3>Tuzlu F\u0131st\u0131k Ezmesi Nedir?<\/h3>\n<p>Tuzlu f\u0131st\u0131k ezmesi, geleneksel f\u0131st\u0131k ezmesinin lezzetli bir \u00e7e\u015fididir ve eklenen tuzla tuzlu bir dokunu\u015f sunar. Bu t\u00fcr f\u0131st\u0131k ezmesi, daha cesur, daha az tatl\u0131 bir se\u00e7enek arayan t\u00fcketicilere hitap eder. Tuz, f\u0131st\u0131klar\u0131n do\u011fal f\u0131nd\u0131ks\u0131l\u0131\u011f\u0131n\u0131 art\u0131rarak onu tuzlu tarifler, ezmeler ve at\u0131\u015ft\u0131rmal\u0131klar i\u00e7in favori yapar.<\/p>\n<p><img loading=\"lazy\" decoding=\"async\" class=\"alignnone wp-image-1970 size-large\" src=\"https:\/\/www.peanutoem.com\/wp-content\/uploads\/2023\/06\/Seasalt-Peanut-Butter-200g-1-1024x461.webp\" alt=\"Deniz Tuzlu F\u0131st\u0131k Ezmesi 200g\" width=\"1020\" height=\"459\" srcset=\"https:\/\/www.peanutoem.com\/wp-content\/uploads\/2023\/06\/Seasalt-Peanut-Butter-200g-1-1024x461.webp 1024w, https:\/\/www.peanutoem.com\/wp-content\/uploads\/2023\/06\/Seasalt-Peanut-Butter-200g-1-300x135.webp 300w, https:\/\/www.peanutoem.com\/wp-content\/uploads\/2023\/06\/Seasalt-Peanut-Butter-200g-1-768x346.webp 768w, https:\/\/www.peanutoem.com\/wp-content\/uploads\/2023\/06\/Seasalt-Peanut-Butter-200g-1-1536x691.webp 1536w, https:\/\/www.peanutoem.com\/wp-content\/uploads\/2023\/06\/Seasalt-Peanut-Butter-200g-1-2048x922.webp 2048w, https:\/\/www.peanutoem.com\/wp-content\/uploads\/2023\/06\/Seasalt-Peanut-Butter-200g-1-18x8.webp 18w, https:\/\/www.peanutoem.com\/wp-content\/uploads\/2023\/06\/Seasalt-Peanut-Butter-200g-1-600x270.webp 600w\" sizes=\"auto, (max-width: 1020px) 100vw, 1020px\" \/><\/p>\n<h3>Di\u011fer \u0130simleri Nelerdir?<\/h3>\n<p>Tuzlu f\u0131st\u0131k ezmesi ayn\u0131 zamanda \u015fu \u015fekilde de adland\u0131r\u0131labilir:<\/p>\n<ul>\n<li><strong>Tuzlu f\u0131st\u0131k ezmesi<\/strong><\/li>\n<li><strong>Tuzlu f\u0131st\u0131k ezmesi<\/strong><\/li>\n<li><strong>Tuzlu f\u0131st\u0131k ezmesi<\/strong><\/li>\n<li><strong>Tuzlu f\u0131st\u0131k ezmesi<\/strong><\/li>\n<\/ul>\n<p>Bu isimler, tuzlu f\u0131st\u0131k ezmesini e\u015fsiz ve pop\u00fcler bir \u00fcr\u00fcn yapan belirgin tuzlu \u00f6\u011feyi vurgular.<\/p>\n<h3>Neden Tedarik\u00e7iniz Olarak Bizi Se\u00e7melisiniz?<\/h3>\n<p>G\u00fcvenilir bir OEM tedarik\u00e7isi ve \u00f6zel marka \u00fcreticisi olarak \u015funlar\u0131 sunuyoruz:<\/p>\n<ul>\n<li><strong>\u00d6zelle\u015ftirilebilir Tuzlu F\u0131st\u0131k Ezmesi<\/strong>:Markan\u0131za uygun, \u00f6zel olarak tasarlanm\u0131\u015f \u00fcr\u00fcnler.<\/li>\n<li><strong>K\u00fcresel <a href=\"https:\/\/www.peanutoem.com\/tr\/certificate\/\" target=\"_blank\" rel=\"noopener\">Sertifikalar<\/a><\/strong>:HACCP, BRCGS, Helal, Ko\u015fer ve AB Organik standartlar\u0131m\u0131z en \u00fcst d\u00fczey kaliteyi garanti alt\u0131na almaktad\u0131r.<\/li>\n<li><strong>\u00c7ok Y\u00f6nl\u00fc Paketleme Se\u00e7enekleri<\/strong>:Perakende kavanozdan d\u00f6kme ambalaja kadar \u00e7e\u015fitli ebatlarda \u00fcretim yapmaktay\u0131z.<\/li>\n<li><strong>K\u00fcresel \u0130hracat Uzmanl\u0131\u011f\u0131<\/strong>:Uluslararas\u0131 pazarlara g\u00fcvenilir bir \u015fekilde tedarik sa\u011fl\u0131yoruz.<\/li>\n<\/ul>\n<h3>Tuzlu F\u0131st\u0131k Ezmesi Hakk\u0131nda SSS<\/h3>\n<ol>\n<li><strong>Tuzlu f\u0131st\u0131k ezmenizi farkl\u0131 k\u0131lan nedir?<\/strong><br \/>\n\u00d6zel markal\u0131 \u00fcretim i\u00e7in \u00f6zelle\u015ftirilebilir se\u00e7eneklerle, birinci s\u0131n\u0131f, tutarl\u0131 tuzlu f\u0131st\u0131k ezmesi sunuyoruz.<\/li>\n<li><strong>Hangi malzemeleri kullan\u0131yorsunuz?<\/strong><br \/>\nTuzlu f\u0131st\u0131k ezmemiz, katk\u0131 maddesi i\u00e7ermeyen, y\u00fcksek kaliteli kavrulmu\u015f f\u0131st\u0131k ve hassas \u00f6l\u00e7\u00fclerde tuz i\u00e7erir.<\/li>\n<li><strong>Tuz oran\u0131n\u0131 ayarlayabilir miyim?<\/strong><br \/>\nEvet, markan\u0131z\u0131n lezzet profiline uyacak \u015fekilde tuz seviyelerinde esneklik sunuyoruz.<\/li>\n<li><strong>Hangi paketleme se\u00e7enekleri mevcut?<\/strong><br \/>\nHem perakende hem de toplu da\u011f\u0131t\u0131ma uygun boyutlarda kavanoz, kova ve po\u015fet temin ediyoruz.<\/li>\n<li><strong>Teslimat s\u00fcresi ne kadar?<\/strong><br \/>\nTeslimat genellikle sipari\u015f b\u00fcy\u00fckl\u00fc\u011f\u00fcne ve \u00f6zelliklere ba\u011fl\u0131 olarak 7 ila 20 g\u00fcn aras\u0131nda de\u011fi\u015fmektedir.<\/li>\n<li><strong>\u00d6zel markal\u0131 hizmet sunuyor musunuz?<\/strong><br \/>\nEvet, markalama ve paketleme i\u00e7in tam \u00f6zelle\u015ftirme ile \u00f6zel etiket hizmetlerinde uzmanla\u015f\u0131yoruz.<\/li>\n<li><strong>Minimum sipari\u015f miktar\u0131 (MOQ) nedir?<\/strong><br \/>\nMinimum sipari\u015f miktar\u0131m\u0131z bir ton olup, hem b\u00fcy\u00fck hem de k\u00fc\u00e7\u00fck \u00f6l\u00e7ekli i\u015fletmelere uygundur.<\/li>\n<\/ol>\n<h3>\u00d6zelle\u015ftirilebilir \u00dcr\u00fcnlerimizin \u00c7ok Y\u00f6nl\u00fcl\u00fc\u011f\u00fcn\u00fc Ke\u015ffedin<\/h3>\n<p>Tuzlu f\u0131st\u0131k ezmesi, tatl\u0131 \u00e7e\u015fitlere tuzlu bir alternatif arayanlar i\u00e7in \u00e7ok y\u00f6nl\u00fc bir se\u00e7imdir. Benzersiz aromas\u0131, at\u0131\u015ft\u0131rmay\u0131 ve pi\u015firmeyi geli\u015ftirerek onu ezmeler, soslar ve soslar i\u00e7in m\u00fckemmel hale getirir. \u0130htiya\u00e7lar\u0131n\u0131za uyacak \u015fekilde tam \u00f6zelle\u015ftirme sunarken, lezzetli, y\u00fcksek kaliteli se\u00e7eneklere y\u00f6nelik artan talebi kar\u015f\u0131l\u0131yoruz.<\/p>\n<p>G\u00fcvenilir OEM ve \u00f6zel marka orta\u011f\u0131n\u0131z olarak, her kavanozda m\u00fckemmelli\u011fi garanti alt\u0131na alarak, k\u00fcresel ihracat olanaklar\u0131yla y\u00fcksek kaliteli, \u00f6zelle\u015ftirilebilir se\u00e7enekler sunuyoruz.<\/p>\n<a href=\"mailto:globepeanut@gmail.com\" class=\"button primary is-primary is-medium\"  >\n    <span>Bize e-posta g\u00f6nderin<\/span>\n  <\/a>","protected":false},"excerpt":{"rendered":"<table width=\"564\">\n<tbody>\n<tr>\n<td width=\"113\"><strong>\u00dcr\u00fcn Ad\u0131<\/strong><\/td>\n<td width=\"402\">Tuzlu F\u0131st\u0131k Ezmesi<\/td>\n<\/tr>\n<tr>\n<td width=\"113\"><strong>\u0130\u00e7indekiler<\/strong><\/td>\n<td width=\"402\">Se\u00e7ilmi\u015f F\u0131st\u0131k \u00c7ekirdekleri, Tuz<\/td>\n<\/tr>\n<tr>\n<td width=\"113\"><strong>\u00d6zellikler<\/strong><\/td>\n<td width=\"402\">227gx24, 340gx12, 375gx12, 500gx12, 510gx12, 1kgx12, 10kgx1, 20kgx1, 220kgx1<\/td>\n<\/tr>\n<tr>\n<td width=\"113\"><strong>Paketleme Formu<\/strong><\/td>\n<td width=\"402\">Kavanoz, Kova, Doy Pack, \u00c7anta, Karton, Teneke, F\u0131\u00e7\u0131, Kutu, \u015ei\u015fe, vb.<\/td>\n<\/tr>\n<tr>\n<td width=\"113\"><strong>Teslimat s\u00fcresi<\/strong><\/td>\n<td width=\"402\">Sipari\u015ften 7~20 G\u00fcn Sonra<\/td>\n<\/tr>\n<tr>\n<td width=\"113\"><strong>Minimum Sipari\u015f Adedi<\/strong><\/td>\n<td width=\"402\">Bir Ton<\/td>\n<\/tr>\n<tr>\n<td width=\"113\"><strong>\u00d6rnek<\/strong><\/td>\n<td width=\"402\">\u00dccretsiz \u00d6rnek Mevcuttur<\/td>\n<\/tr>\n<tr>\n<td width=\"113\"><strong>OEM<\/strong><\/td>\n<td width=\"402\">Al\u0131c\u0131n\u0131n Etiketi Kabul Edildi<\/td>\n<\/tr>\n<\/tbody>\n<\/table>","protected":false},"featured_media":1968,"comment_status":"open","ping_status":"closed","template":"","meta":[],"product_cat":[15],"product_tag":[],"class_list":{"0":"post-1393","1":"product","2":"type-product","3":"status-publish","4":"has-post-thumbnail","6":"product_cat-peanut-butter","8":"first","9":"instock","10":"shipping-taxable","11":"product-type-simple"},"yoast_head":"<!-- This site is optimized with the Yoast SEO plugin v24.9 - https:\/\/yoast.com\/wordpress\/plugins\/seo\/ -->\n<title>Salty Peanut Butter China Exporter OEM - Peanut Butter Factory<\/title>\n<meta name=\"description\" content=\"Discover premium salty peanut butter OEM service. Your trusted private label manufacturer. Enjoy customizable production, various packaging.\" \/>\n<meta name=\"robots\" content=\"index, follow, max-snippet:-1, max-image-preview:large, max-video-preview:-1\" \/>\n<link rel=\"canonical\" href=\"https:\/\/www.peanutoem.com\/tr\/manufacturer\/salty-peanut-butter\/\" \/>\n<meta property=\"og:locale\" content=\"tr_TR\" \/>\n<meta property=\"og:type\" content=\"article\" \/>\n<meta property=\"og:title\" content=\"Salty Peanut Butter China Exporter OEM - Peanut Butter Factory\" \/>\n<meta property=\"og:description\" content=\"Discover premium salty peanut butter OEM service. Your trusted private label manufacturer. Enjoy customizable production, various packaging.\" \/>\n<meta property=\"og:url\" content=\"https:\/\/www.peanutoem.com\/tr\/manufacturer\/salty-peanut-butter\/\" \/>\n<meta property=\"og:site_name\" content=\"Peanut Butter Factory\" \/>\n<meta property=\"article:modified_time\" content=\"2024-10-09T12:10:08+00:00\" \/>\n<meta property=\"og:image\" content=\"https:\/\/www.peanutoem.com\/wp-content\/uploads\/2023\/06\/200g-seasalt-peanut-butter-1-scaled.webp\" \/>\n\t<meta property=\"og:image:width\" content=\"2560\" \/>\n\t<meta property=\"og:image:height\" content=\"1152\" \/>\n\t<meta property=\"og:image:type\" content=\"image\/webp\" \/>\n<meta name=\"twitter:card\" content=\"summary_large_image\" \/>\n<meta name=\"twitter:label1\" content=\"Tahmini okuma s\u00fcresi\" \/>\n\t<meta name=\"twitter:data1\" content=\"3 dakika\" \/>\n<script type=\"application\/ld+json\" class=\"yoast-schema-graph\">{\"@context\":\"https:\/\/schema.org\",\"@graph\":[{\"@type\":\"WebPage\",\"@id\":\"https:\/\/www.peanutoem.com\/manufacturer\/salty-peanut-butter\/\",\"url\":\"https:\/\/www.peanutoem.com\/manufacturer\/salty-peanut-butter\/\",\"name\":\"Salty Peanut Butter China Exporter OEM - Peanut Butter Factory\",\"isPartOf\":{\"@id\":\"https:\/\/www.peanutoem.com\/#website\"},\"primaryImageOfPage\":{\"@id\":\"https:\/\/www.peanutoem.com\/manufacturer\/salty-peanut-butter\/#primaryimage\"},\"image\":{\"@id\":\"https:\/\/www.peanutoem.com\/manufacturer\/salty-peanut-butter\/#primaryimage\"},\"thumbnailUrl\":\"https:\/\/www.peanutoem.com\/wp-content\/uploads\/2023\/06\/200g-seasalt-peanut-butter-1-scaled.webp\",\"datePublished\":\"2023-06-08T07:38:38+00:00\",\"dateModified\":\"2024-10-09T12:10:08+00:00\",\"description\":\"Discover premium salty peanut butter OEM service. Your trusted private label manufacturer. Enjoy customizable production, various packaging.\",\"breadcrumb\":{\"@id\":\"https:\/\/www.peanutoem.com\/manufacturer\/salty-peanut-butter\/#breadcrumb\"},\"inLanguage\":\"tr\",\"potentialAction\":[{\"@type\":\"ReadAction\",\"target\":[\"https:\/\/www.peanutoem.com\/manufacturer\/salty-peanut-butter\/\"]}]},{\"@type\":\"ImageObject\",\"inLanguage\":\"tr\",\"@id\":\"https:\/\/www.peanutoem.com\/manufacturer\/salty-peanut-butter\/#primaryimage\",\"url\":\"https:\/\/www.peanutoem.com\/wp-content\/uploads\/2023\/06\/200g-seasalt-peanut-butter-1-scaled.webp\",\"contentUrl\":\"https:\/\/www.peanutoem.com\/wp-content\/uploads\/2023\/06\/200g-seasalt-peanut-butter-1-scaled.webp\",\"width\":2560,\"height\":1152,\"caption\":\"200g seasalt peanut butter\"},{\"@type\":\"BreadcrumbList\",\"@id\":\"https:\/\/www.peanutoem.com\/manufacturer\/salty-peanut-butter\/#breadcrumb\",\"itemListElement\":[{\"@type\":\"ListItem\",\"position\":1,\"name\":\"Home\",\"item\":\"https:\/\/www.peanutoem.com\/\"},{\"@type\":\"ListItem\",\"position\":2,\"name\":\"Products\",\"item\":\"https:\/\/www.peanutoem.com\/shop\/\"},{\"@type\":\"ListItem\",\"position\":3,\"name\":\"Salty Peanut Butter\"}]},{\"@type\":\"WebSite\",\"@id\":\"https:\/\/www.peanutoem.com\/#website\",\"url\":\"https:\/\/www.peanutoem.com\/\",\"name\":\"Peanut Butter Factory\",\"description\":\"Peanut Butter Manufacturer and Roast Peanut OEM Factory | Peanut Private Label China Supplier\",\"publisher\":{\"@id\":\"https:\/\/www.peanutoem.com\/#organization\"},\"alternateName\":\"Peanut Butter OEM and Wholesale\",\"potentialAction\":[{\"@type\":\"SearchAction\",\"target\":{\"@type\":\"EntryPoint\",\"urlTemplate\":\"https:\/\/www.peanutoem.com\/?s={search_term_string}\"},\"query-input\":{\"@type\":\"PropertyValueSpecification\",\"valueRequired\":true,\"valueName\":\"search_term_string\"}}],\"inLanguage\":\"tr\"},{\"@type\":\"Organization\",\"@id\":\"https:\/\/www.peanutoem.com\/#organization\",\"name\":\"Peanut Butter Factory\",\"alternateName\":\"JuFeng Group\",\"url\":\"https:\/\/www.peanutoem.com\/\",\"logo\":{\"@type\":\"ImageObject\",\"inLanguage\":\"tr\",\"@id\":\"https:\/\/www.peanutoem.com\/#\/schema\/logo\/image\/\",\"url\":\"https:\/\/www.peanutoem.com\/wp-content\/uploads\/2024\/09\/JUFENG-LOGO.png\",\"contentUrl\":\"https:\/\/www.peanutoem.com\/wp-content\/uploads\/2024\/09\/JUFENG-LOGO.png\",\"width\":600,\"height\":170,\"caption\":\"Peanut Butter Factory\"},\"image\":{\"@id\":\"https:\/\/www.peanutoem.com\/#\/schema\/logo\/image\/\"}}]}<\/script>\n<!-- \/ Yoast SEO plugin. -->","yoast_head_json":{"title":"Salty Peanut Butter China Exporter OEM - Peanut Butter Factory","description":"Discover premium salty peanut butter OEM service. Your trusted private label manufacturer. Enjoy customizable production, various packaging.","robots":{"index":"index","follow":"follow","max-snippet":"max-snippet:-1","max-image-preview":"max-image-preview:large","max-video-preview":"max-video-preview:-1"},"canonical":"https:\/\/www.peanutoem.com\/tr\/manufacturer\/salty-peanut-butter\/","og_locale":"tr_TR","og_type":"article","og_title":"Salty Peanut Butter China Exporter OEM - Peanut Butter Factory","og_description":"Discover premium salty peanut butter OEM service. Your trusted private label manufacturer. Enjoy customizable production, various packaging.","og_url":"https:\/\/www.peanutoem.com\/tr\/manufacturer\/salty-peanut-butter\/","og_site_name":"Peanut Butter Factory","article_modified_time":"2024-10-09T12:10:08+00:00","og_image":[{"width":2560,"height":1152,"url":"https:\/\/www.peanutoem.com\/wp-content\/uploads\/2023\/06\/200g-seasalt-peanut-butter-1-scaled.webp","type":"image\/webp"}],"twitter_card":"summary_large_image","twitter_misc":{"Tahmini okuma s\u00fcresi":"3 dakika"},"schema":{"@context":"https:\/\/schema.org","@graph":[{"@type":"WebPage","@id":"https:\/\/www.peanutoem.com\/manufacturer\/salty-peanut-butter\/","url":"https:\/\/www.peanutoem.com\/manufacturer\/salty-peanut-butter\/","name":"Salty Peanut Butter China Exporter OEM - Peanut Butter Factory","isPartOf":{"@id":"https:\/\/www.peanutoem.com\/#website"},"primaryImageOfPage":{"@id":"https:\/\/www.peanutoem.com\/manufacturer\/salty-peanut-butter\/#primaryimage"},"image":{"@id":"https:\/\/www.peanutoem.com\/manufacturer\/salty-peanut-butter\/#primaryimage"},"thumbnailUrl":"https:\/\/www.peanutoem.com\/wp-content\/uploads\/2023\/06\/200g-seasalt-peanut-butter-1-scaled.webp","datePublished":"2023-06-08T07:38:38+00:00","dateModified":"2024-10-09T12:10:08+00:00","description":"Discover premium salty peanut butter OEM service. Your trusted private label manufacturer. Enjoy customizable production, various packaging.","breadcrumb":{"@id":"https:\/\/www.peanutoem.com\/manufacturer\/salty-peanut-butter\/#breadcrumb"},"inLanguage":"tr","potentialAction":[{"@type":"ReadAction","target":["https:\/\/www.peanutoem.com\/manufacturer\/salty-peanut-butter\/"]}]},{"@type":"ImageObject","inLanguage":"tr","@id":"https:\/\/www.peanutoem.com\/manufacturer\/salty-peanut-butter\/#primaryimage","url":"https:\/\/www.peanutoem.com\/wp-content\/uploads\/2023\/06\/200g-seasalt-peanut-butter-1-scaled.webp","contentUrl":"https:\/\/www.peanutoem.com\/wp-content\/uploads\/2023\/06\/200g-seasalt-peanut-butter-1-scaled.webp","width":2560,"height":1152,"caption":"200g seasalt peanut butter"},{"@type":"BreadcrumbList","@id":"https:\/\/www.peanutoem.com\/manufacturer\/salty-peanut-butter\/#breadcrumb","itemListElement":[{"@type":"ListItem","position":1,"name":"Home","item":"https:\/\/www.peanutoem.com\/"},{"@type":"ListItem","position":2,"name":"Products","item":"https:\/\/www.peanutoem.com\/shop\/"},{"@type":"ListItem","position":3,"name":"Salty Peanut Butter"}]},{"@type":"WebSite","@id":"https:\/\/www.peanutoem.com\/#website","url":"https:\/\/www.peanutoem.com\/","name":"Peanut Butter Factory","description":"Peanut Butter Manufacturer and Roast Peanut OEM Factory | Peanut Private Label China Supplier","publisher":{"@id":"https:\/\/www.peanutoem.com\/#organization"},"alternateName":"Peanut Butter OEM and Wholesale","potentialAction":[{"@type":"SearchAction","target":{"@type":"EntryPoint","urlTemplate":"https:\/\/www.peanutoem.com\/?s={search_term_string}"},"query-input":{"@type":"PropertyValueSpecification","valueRequired":true,"valueName":"search_term_string"}}],"inLanguage":"tr"},{"@type":"Organization","@id":"https:\/\/www.peanutoem.com\/#organization","name":"Peanut Butter Factory","alternateName":"JuFeng Group","url":"https:\/\/www.peanutoem.com\/","logo":{"@type":"ImageObject","inLanguage":"tr","@id":"https:\/\/www.peanutoem.com\/#\/schema\/logo\/image\/","url":"https:\/\/www.peanutoem.com\/wp-content\/uploads\/2024\/09\/JUFENG-LOGO.png","contentUrl":"https:\/\/www.peanutoem.com\/wp-content\/uploads\/2024\/09\/JUFENG-LOGO.png","width":600,"height":170,"caption":"Peanut Butter Factory"},"image":{"@id":"https:\/\/www.peanutoem.com\/#\/schema\/logo\/image\/"}}]}},"_links":{"self":[{"href":"https:\/\/www.peanutoem.com\/tr\/wp-json\/wp\/v2\/product\/1393","targetHints":{"allow":["GET"]}}],"collection":[{"href":"https:\/\/www.peanutoem.com\/tr\/wp-json\/wp\/v2\/product"}],"about":[{"href":"https:\/\/www.peanutoem.com\/tr\/wp-json\/wp\/v2\/types\/product"}],"replies":[{"embeddable":true,"href":"https:\/\/www.peanutoem.com\/tr\/wp-json\/wp\/v2\/comments?post=1393"}],"wp:featuredmedia":[{"embeddable":true,"href":"https:\/\/www.peanutoem.com\/tr\/wp-json\/wp\/v2\/media\/1968"}],"wp:attachment":[{"href":"https:\/\/www.peanutoem.com\/tr\/wp-json\/wp\/v2\/media?parent=1393"}],"wp:term":[{"taxonomy":"product_cat","embeddable":true,"href":"https:\/\/www.peanutoem.com\/tr\/wp-json\/wp\/v2\/product_cat?post=1393"},{"taxonomy":"product_tag","embeddable":true,"href":"https:\/\/www.peanutoem.com\/tr\/wp-json\/wp\/v2\/product_tag?post=1393"}],"curies":[{"name":"wp","href":"https:\/\/api.w.org\/{rel}","templated":true}]}}