{"id":1402,"date":"2023-06-08T08:15:42","date_gmt":"2023-06-08T08:15:42","guid":{"rendered":"https:\/\/www.peanutoem.com\/?post_type=product&#038;p=1402"},"modified":"2024-09-28T06:53:33","modified_gmt":"2024-09-28T06:53:33","slug":"crunchy-peanut-butter","status":"publish","type":"product","link":"https:\/\/www.peanutoem.com\/tr\/manufacturer\/crunchy-peanut-butter\/","title":{"rendered":"\u00c7\u0131t\u0131r F\u0131st\u0131k Ezmesi | \u00d6zel \u00c7\u0131t\u0131r F\u0131st\u0131k Ezmesi"},"content":{"rendered":"<h3>Gevrek <a href=\"https:\/\/www.peanutoem.com\/tr\/Wholesale\/peanut-butter\/\" target=\"_blank\" rel=\"noopener\">F\u0131st\u0131k ezmesi<\/a> \u2013 Premium OEM \u00d6zel Etiket \u00dcreticisi<\/h3>\n<p>Hem perakende hem de end\u00fcstriyel kullan\u0131m i\u00e7in m\u00fckemmel, tatmin edici bir doku sunan y\u00fcksek kaliteli \u00e7\u0131t\u0131r f\u0131st\u0131k ezmesinin \u00f6nde gelen bir OEM \u00f6zel etiket \u00fcreticisi, ihracat\u00e7\u0131s\u0131 ve tedarik\u00e7isi olmaktan gurur duyuyoruz. \u00d6zelle\u015ftirilebilir se\u00e7eneklerle birle\u015fen \u00fcretim yeteneklerimiz, d\u00fcnya \u00e7ap\u0131ndaki markalar\u0131n benzersiz ihtiya\u00e7lar\u0131n\u0131 kar\u015f\u0131lamam\u0131z\u0131 sa\u011flar.<\/p>\n<h3>Geli\u015fmi\u015f \u00dcretim ve <a href=\"https:\/\/www.peanutoem.com\/tr\/certificate\/\" target=\"_blank\" rel=\"noopener\">Sertifikalar<\/a><\/h3>\n<p>Modern tesislerimiz, s\u0131k\u0131 kalite kontrol\u00fcn\u00fc korurken b\u00fcy\u00fck \u00f6l\u00e7ekli \u00fcretimi idare edecek \u015fekilde donat\u0131lm\u0131\u015ft\u0131r. HACCP, BRCGS, Helal, Ko\u015fer ve AB Organik gibi sertifikalarla, \u00e7\u0131t\u0131r f\u0131st\u0131k ezmemizin en y\u00fcksek k\u00fcresel standartlara uymas\u0131n\u0131 sa\u011fl\u0131yoruz. Bu, bizi g\u00fcvenilir OEM ve \u00f6zel etiket \u00e7\u00f6z\u00fcmleri arayan i\u015fletmeler i\u00e7in tercih edilen ortak haline getiriyor.<\/p>\n<h3>\u00c7\u0131t\u0131r F\u0131st\u0131k Ezmesi Nedir?<\/h3>\n<p>\u00c7\u0131t\u0131r f\u0131st\u0131k ezmesi, dokulu bir \u0131s\u0131r\u0131k ve zengin bir f\u0131st\u0131k aromas\u0131 sa\u011flayan k\u00fc\u00e7\u00fck f\u0131st\u0131k gran\u00fclleri i\u00e7erir. Bu \u00e7e\u015fit, p\u00fcr\u00fczs\u00fcz veya kremal\u0131 se\u00e7eneklere k\u0131yasla daha yo\u011fun bir f\u0131st\u0131k ezmesi deneyimi ya\u015famak isteyen t\u00fcketiciler i\u00e7in m\u00fckemmeldir. Gran\u00fcl tipi f\u0131st\u0131k ezmemiz, her kavanozda tutarl\u0131l\u0131k sa\u011flayarak en iyi f\u0131st\u0131klar kullan\u0131larak \u00fcretilir.<\/p>\n<p>Gevrek f\u0131st\u0131k ezmesi, b\u00f6lgeye veya pazarlama tercihine ba\u011fl\u0131 olarak birka\u00e7 ba\u015fka isimle de an\u0131labilir. Baz\u0131 alternatif isimler \u015funlard\u0131r:<\/p>\n<ol>\n<li><strong>Par\u00e7al\u0131 f\u0131st\u0131k ezmesi<\/strong> \u2013 Bu, \u00f6zellikle ABD&#039;de ayn\u0131 dokulu \u00e7e\u015fidi ifade etmek i\u00e7in kullan\u0131lan yayg\u0131n bir terimdir.<\/li>\n<li><strong>Gran\u00fcl tipi f\u0131st\u0131k ezmesi<\/strong> \u2013 Gran\u00fcl yap\u0131s\u0131n\u0131 tan\u0131mlamak i\u00e7in kullan\u0131l\u0131r, genellikle daha teknik veya end\u00fcstriyel bir ba\u011flamda kullan\u0131l\u0131r.<\/li>\n<li><strong>Dokulu f\u0131st\u0131k ezmesi<\/strong> \u2013 F\u0131st\u0131k par\u00e7alar\u0131n\u0131n dokusunu \u00f6n plana \u00e7\u0131karmak.<\/li>\n<li><strong>F\u0131nd\u0131kl\u0131 f\u0131st\u0131k ezmesi<\/strong> \u2013 Bazen ezmenin i\u00e7indeki f\u0131st\u0131k par\u00e7ac\u0131klar\u0131n\u0131 vurgulamak i\u00e7in kullan\u0131l\u0131r.<\/li>\n<\/ol>\n<p>Bu isimler s\u0131kl\u0131kla birbirinin yerine kullan\u0131l\u0131r ve f\u0131st\u0131k ezmesinin k\u00fc\u00e7\u00fck f\u0131st\u0131k par\u00e7alar\u0131 veya gran\u00fclleri i\u00e7erdi\u011fi fikrini verir.<\/p>\n<h3>Crunchy Peanut Butter i\u00e7in \u00d6zelle\u015ftirilmi\u015f \u00d6zel Etiket \u00c7\u00f6z\u00fcmleri<\/h3>\n<p>\u00d6nde gelen bir OEM \u00fcreticisi olarak, \u00e7\u0131t\u0131r f\u0131st\u0131k ezmesi i\u00e7in \u00f6zel etiket hizmetleri sunuyoruz. Benzersiz ambalaja veya belirli boyutlara ihtiyac\u0131n\u0131z olsun, markan\u0131z\u0131n ihtiya\u00e7lar\u0131na uyacak esnek se\u00e7enekler sunuyoruz. Ekibimiz, marka kimli\u011finiz ve pazar gereksinimlerinizle uyumlu bir \u00fcr\u00fcn geli\u015ftirmek i\u00e7in sizinle yak\u0131n bir \u015fekilde \u00e7al\u0131\u015f\u0131r.<\/p>\n<h3>Gran\u00fcl Tipi F\u0131st\u0131k Ezmesinin K\u00fcresel \u0130hracat\u00e7\u0131s\u0131 ve Tedarik\u00e7isi<\/h3>\n<p>Geni\u015f bir ihracat a\u011f\u0131yla, k\u00fcresel \u00e7apta m\u00fc\u015fterilere hizmet veriyoruz ve bu da bizi gran\u00fcl tipi f\u0131st\u0131k ezmesinin g\u00fcvenilir bir ihracat\u00e7\u0131s\u0131 ve tedarik\u00e7isi yap\u0131yor. Verimli lojisti\u011fimiz, ister k\u00fc\u00e7\u00fck partiler ister toplu sipari\u015fler olsun, zaman\u0131nda teslimat\u0131 garanti ediyor. Uluslararas\u0131 pazarlarda tutarl\u0131l\u0131\u011f\u0131n ve g\u00fcvenilirli\u011fin \u00f6nemini anl\u0131yoruz.<\/p>\n<h3>Neden Bizi Se\u00e7melisiniz?<\/h3>\n<ul>\n<li><strong>Geni\u015f \u00dcretim Kapasitesi<\/strong>:Markan\u0131za \u00f6zel geni\u015f \u00f6l\u00e7ekli \u00fcretim<\/li>\n<li><strong>K\u00fcresel <a href=\"https:\/\/www.peanutoem.com\/tr\/certificate\/\" target=\"_blank\" rel=\"noopener\">Sertifikalar<\/a><\/strong>: HACCP, BRCGS, Helal, Ko\u015fer ve daha fazlas\u0131 dahil<\/li>\n<li><strong>Esnek OEM ve \u00d6zel Etiket Se\u00e7enekleri<\/strong>: \u00d6zelliklerinize g\u00f6re \u00f6zelle\u015ftirilebilir<\/li>\n<li><strong>G\u00fcvenilir \u0130hracat\u00e7\u0131 ve Tedarik\u00e7i<\/strong>: Tutarl\u0131 kaliteyle d\u00fcnya \u00e7ap\u0131ndaki pazarlara hizmet veriyoruz<\/li>\n<\/ul>\n<p>Esnek OEM ve \u00f6zel etiket \u00e7\u00f6z\u00fcmlerimizle \u00e7\u0131t\u0131r f\u0131st\u0131k ezmesinde en iyisini sunmaya haz\u0131r\u0131z. Kalite ve \u00f6zelle\u015ftirmeye odaklanarak m\u00fc\u015fterilerinize birinci s\u0131n\u0131f, gran\u00fcl tipi f\u0131st\u0131k ezmesi getirmenize yard\u0131mc\u0131 olal\u0131m.<\/p>\n<a href=\"mailto:globepeanut@gmail.com\" class=\"button primary is-primary is-medium\"  >\n    <span>Bize e-posta g\u00f6nderin<\/span>\n  <\/a>","protected":false},"excerpt":{"rendered":"<table width=\"564\">\n<tbody>\n<tr>\n<td width=\"113\"><strong>\u00dcr\u00fcn Ad\u0131<\/strong><\/td>\n<td width=\"402\">\u00c7\u0131t\u0131r F\u0131st\u0131k Ezmesi<\/td>\n<\/tr>\n<tr>\n<td width=\"113\"><strong>\u0130\u00e7indekiler<\/strong><\/td>\n<td width=\"402\">Se\u00e7ilmi\u015f F\u0131st\u0131k \u00c7ekirdekleri, Beyaz \u015eeker, Hidrojene Bitkisel Ya\u011f, Tuz<\/td>\n<\/tr>\n<tr>\n<td width=\"113\"><strong>\u00d6zellikler<\/strong><\/td>\n<td width=\"402\">200gx36, 227gx24, 340gx12, 375gx12, 500gx12, 510gx12, 1kgx12, 10kgx1, 20kgx1, 220kgx1<\/td>\n<\/tr>\n<tr>\n<td width=\"113\"><strong>Paketleme Formu<\/strong><\/td>\n<td width=\"402\">Kavanoz, Kova, Doy Pack, \u00c7anta, Karton, Teneke, F\u0131\u00e7\u0131, Kutu, \u015ei\u015fe, vb.<\/td>\n<\/tr>\n<tr>\n<td width=\"113\"><strong>Teslimat s\u00fcresi<\/strong><\/td>\n<td width=\"402\">Sipari\u015ften 7~20 G\u00fcn Sonra<\/td>\n<\/tr>\n<tr>\n<td width=\"113\"><strong>Minimum Sipari\u015f Adedi<\/strong><\/td>\n<td width=\"402\">Bir Ton<\/td>\n<\/tr>\n<tr>\n<td width=\"113\"><strong>\u00d6rnek<\/strong><\/td>\n<td width=\"402\">\u00dccretsiz \u00d6rnek Mevcuttur<\/td>\n<\/tr>\n<tr>\n<td width=\"113\"><strong>OEM<\/strong><\/td>\n<td width=\"402\">Al\u0131c\u0131n\u0131n Etiketi Kabul Edildi<\/td>\n<\/tr>\n<\/tbody>\n<\/table>","protected":false},"featured_media":1652,"comment_status":"open","ping_status":"closed","template":"","meta":[],"product_cat":[15],"product_tag":[],"class_list":{"0":"post-1402","1":"product","2":"type-product","3":"status-publish","4":"has-post-thumbnail","6":"product_cat-peanut-butter","8":"first","9":"instock","10":"featured","11":"shipping-taxable","12":"product-type-simple"},"yoast_head":"<!-- This site is optimized with the Yoast SEO plugin v24.9 - https:\/\/yoast.com\/wordpress\/plugins\/seo\/ -->\n<title>Crunchy Peanut Butter | Custom Crunchy Peanut Butter OEM - Peanut Butter Factory<\/title>\n<meta name=\"description\" content=\"As a leading private label manufacturer, Our crunchy peanut butter is made with delightful granule texture and customizable packaging.\" \/>\n<meta name=\"robots\" content=\"index, follow, max-snippet:-1, max-image-preview:large, max-video-preview:-1\" \/>\n<link rel=\"canonical\" href=\"https:\/\/www.peanutoem.com\/tr\/manufacturer\/crunchy-peanut-butter\/\" \/>\n<meta property=\"og:locale\" content=\"tr_TR\" \/>\n<meta property=\"og:type\" content=\"article\" \/>\n<meta property=\"og:title\" content=\"Crunchy Peanut Butter | Custom Crunchy Peanut Butter OEM - Peanut Butter Factory\" \/>\n<meta property=\"og:description\" content=\"As a leading private label manufacturer, Our crunchy peanut butter is made with delightful granule texture and customizable packaging.\" \/>\n<meta property=\"og:url\" content=\"https:\/\/www.peanutoem.com\/tr\/manufacturer\/crunchy-peanut-butter\/\" \/>\n<meta property=\"og:site_name\" content=\"Peanut Butter Factory\" \/>\n<meta property=\"article:modified_time\" content=\"2024-09-28T06:53:33+00:00\" \/>\n<meta property=\"og:image\" content=\"https:\/\/www.peanutoem.com\/wp-content\/uploads\/2023\/06\/Crunchy-Type-Peanut-Butter-340g.webp\" \/>\n\t<meta property=\"og:image:width\" content=\"1000\" \/>\n\t<meta property=\"og:image:height\" content=\"1000\" \/>\n\t<meta property=\"og:image:type\" content=\"image\/webp\" \/>\n<meta name=\"twitter:card\" content=\"summary_large_image\" \/>\n<meta name=\"twitter:label1\" content=\"Tahmini okuma s\u00fcresi\" \/>\n\t<meta name=\"twitter:data1\" content=\"3 dakika\" \/>\n<script type=\"application\/ld+json\" class=\"yoast-schema-graph\">{\"@context\":\"https:\/\/schema.org\",\"@graph\":[{\"@type\":\"WebPage\",\"@id\":\"https:\/\/www.peanutoem.com\/manufacturer\/crunchy-peanut-butter\/\",\"url\":\"https:\/\/www.peanutoem.com\/manufacturer\/crunchy-peanut-butter\/\",\"name\":\"Crunchy Peanut Butter | Custom Crunchy Peanut Butter OEM - Peanut Butter Factory\",\"isPartOf\":{\"@id\":\"https:\/\/www.peanutoem.com\/#website\"},\"primaryImageOfPage\":{\"@id\":\"https:\/\/www.peanutoem.com\/manufacturer\/crunchy-peanut-butter\/#primaryimage\"},\"image\":{\"@id\":\"https:\/\/www.peanutoem.com\/manufacturer\/crunchy-peanut-butter\/#primaryimage\"},\"thumbnailUrl\":\"https:\/\/www.peanutoem.com\/wp-content\/uploads\/2023\/06\/Crunchy-Type-Peanut-Butter-340g.webp\",\"datePublished\":\"2023-06-08T08:15:42+00:00\",\"dateModified\":\"2024-09-28T06:53:33+00:00\",\"description\":\"As a leading private label manufacturer, Our crunchy peanut butter is made with delightful granule texture and customizable packaging.\",\"breadcrumb\":{\"@id\":\"https:\/\/www.peanutoem.com\/manufacturer\/crunchy-peanut-butter\/#breadcrumb\"},\"inLanguage\":\"tr\",\"potentialAction\":[{\"@type\":\"ReadAction\",\"target\":[\"https:\/\/www.peanutoem.com\/manufacturer\/crunchy-peanut-butter\/\"]}]},{\"@type\":\"ImageObject\",\"inLanguage\":\"tr\",\"@id\":\"https:\/\/www.peanutoem.com\/manufacturer\/crunchy-peanut-butter\/#primaryimage\",\"url\":\"https:\/\/www.peanutoem.com\/wp-content\/uploads\/2023\/06\/Crunchy-Type-Peanut-Butter-340g.webp\",\"contentUrl\":\"https:\/\/www.peanutoem.com\/wp-content\/uploads\/2023\/06\/Crunchy-Type-Peanut-Butter-340g.webp\",\"width\":1000,\"height\":1000,\"caption\":\"Crunchy Type Peanut Butter 340g\"},{\"@type\":\"BreadcrumbList\",\"@id\":\"https:\/\/www.peanutoem.com\/manufacturer\/crunchy-peanut-butter\/#breadcrumb\",\"itemListElement\":[{\"@type\":\"ListItem\",\"position\":1,\"name\":\"Home\",\"item\":\"https:\/\/www.peanutoem.com\/\"},{\"@type\":\"ListItem\",\"position\":2,\"name\":\"Products\",\"item\":\"https:\/\/www.peanutoem.com\/shop\/\"},{\"@type\":\"ListItem\",\"position\":3,\"name\":\"Crunchy Peanut Butter | Custom Crunchy Peanut Butter\"}]},{\"@type\":\"WebSite\",\"@id\":\"https:\/\/www.peanutoem.com\/#website\",\"url\":\"https:\/\/www.peanutoem.com\/\",\"name\":\"Peanut Butter Factory\",\"description\":\"Peanut Butter Manufacturer and Roast Peanut OEM Factory | Peanut Private Label China Supplier\",\"publisher\":{\"@id\":\"https:\/\/www.peanutoem.com\/#organization\"},\"alternateName\":\"Peanut Butter OEM and Wholesale\",\"potentialAction\":[{\"@type\":\"SearchAction\",\"target\":{\"@type\":\"EntryPoint\",\"urlTemplate\":\"https:\/\/www.peanutoem.com\/?s={search_term_string}\"},\"query-input\":{\"@type\":\"PropertyValueSpecification\",\"valueRequired\":true,\"valueName\":\"search_term_string\"}}],\"inLanguage\":\"tr\"},{\"@type\":\"Organization\",\"@id\":\"https:\/\/www.peanutoem.com\/#organization\",\"name\":\"Peanut Butter Factory\",\"alternateName\":\"JuFeng Group\",\"url\":\"https:\/\/www.peanutoem.com\/\",\"logo\":{\"@type\":\"ImageObject\",\"inLanguage\":\"tr\",\"@id\":\"https:\/\/www.peanutoem.com\/#\/schema\/logo\/image\/\",\"url\":\"https:\/\/www.peanutoem.com\/wp-content\/uploads\/2024\/09\/JUFENG-LOGO.png\",\"contentUrl\":\"https:\/\/www.peanutoem.com\/wp-content\/uploads\/2024\/09\/JUFENG-LOGO.png\",\"width\":600,\"height\":170,\"caption\":\"Peanut Butter Factory\"},\"image\":{\"@id\":\"https:\/\/www.peanutoem.com\/#\/schema\/logo\/image\/\"}}]}<\/script>\n<!-- \/ Yoast SEO plugin. -->","yoast_head_json":{"title":"Crunchy Peanut Butter | Custom Crunchy Peanut Butter OEM - Peanut Butter Factory","description":"As a leading private label manufacturer, Our crunchy peanut butter is made with delightful granule texture and customizable packaging.","robots":{"index":"index","follow":"follow","max-snippet":"max-snippet:-1","max-image-preview":"max-image-preview:large","max-video-preview":"max-video-preview:-1"},"canonical":"https:\/\/www.peanutoem.com\/tr\/manufacturer\/crunchy-peanut-butter\/","og_locale":"tr_TR","og_type":"article","og_title":"Crunchy Peanut Butter | Custom Crunchy Peanut Butter OEM - Peanut Butter Factory","og_description":"As a leading private label manufacturer, Our crunchy peanut butter is made with delightful granule texture and customizable packaging.","og_url":"https:\/\/www.peanutoem.com\/tr\/manufacturer\/crunchy-peanut-butter\/","og_site_name":"Peanut Butter Factory","article_modified_time":"2024-09-28T06:53:33+00:00","og_image":[{"width":1000,"height":1000,"url":"https:\/\/www.peanutoem.com\/wp-content\/uploads\/2023\/06\/Crunchy-Type-Peanut-Butter-340g.webp","type":"image\/webp"}],"twitter_card":"summary_large_image","twitter_misc":{"Tahmini okuma s\u00fcresi":"3 dakika"},"schema":{"@context":"https:\/\/schema.org","@graph":[{"@type":"WebPage","@id":"https:\/\/www.peanutoem.com\/manufacturer\/crunchy-peanut-butter\/","url":"https:\/\/www.peanutoem.com\/manufacturer\/crunchy-peanut-butter\/","name":"Crunchy Peanut Butter | Custom Crunchy Peanut Butter OEM - Peanut Butter Factory","isPartOf":{"@id":"https:\/\/www.peanutoem.com\/#website"},"primaryImageOfPage":{"@id":"https:\/\/www.peanutoem.com\/manufacturer\/crunchy-peanut-butter\/#primaryimage"},"image":{"@id":"https:\/\/www.peanutoem.com\/manufacturer\/crunchy-peanut-butter\/#primaryimage"},"thumbnailUrl":"https:\/\/www.peanutoem.com\/wp-content\/uploads\/2023\/06\/Crunchy-Type-Peanut-Butter-340g.webp","datePublished":"2023-06-08T08:15:42+00:00","dateModified":"2024-09-28T06:53:33+00:00","description":"As a leading private label manufacturer, Our crunchy peanut butter is made with delightful granule texture and customizable packaging.","breadcrumb":{"@id":"https:\/\/www.peanutoem.com\/manufacturer\/crunchy-peanut-butter\/#breadcrumb"},"inLanguage":"tr","potentialAction":[{"@type":"ReadAction","target":["https:\/\/www.peanutoem.com\/manufacturer\/crunchy-peanut-butter\/"]}]},{"@type":"ImageObject","inLanguage":"tr","@id":"https:\/\/www.peanutoem.com\/manufacturer\/crunchy-peanut-butter\/#primaryimage","url":"https:\/\/www.peanutoem.com\/wp-content\/uploads\/2023\/06\/Crunchy-Type-Peanut-Butter-340g.webp","contentUrl":"https:\/\/www.peanutoem.com\/wp-content\/uploads\/2023\/06\/Crunchy-Type-Peanut-Butter-340g.webp","width":1000,"height":1000,"caption":"Crunchy Type Peanut Butter 340g"},{"@type":"BreadcrumbList","@id":"https:\/\/www.peanutoem.com\/manufacturer\/crunchy-peanut-butter\/#breadcrumb","itemListElement":[{"@type":"ListItem","position":1,"name":"Home","item":"https:\/\/www.peanutoem.com\/"},{"@type":"ListItem","position":2,"name":"Products","item":"https:\/\/www.peanutoem.com\/shop\/"},{"@type":"ListItem","position":3,"name":"Crunchy Peanut Butter | Custom Crunchy Peanut Butter"}]},{"@type":"WebSite","@id":"https:\/\/www.peanutoem.com\/#website","url":"https:\/\/www.peanutoem.com\/","name":"Peanut Butter Factory","description":"Peanut Butter Manufacturer and Roast Peanut OEM Factory | Peanut Private Label China Supplier","publisher":{"@id":"https:\/\/www.peanutoem.com\/#organization"},"alternateName":"Peanut Butter OEM and Wholesale","potentialAction":[{"@type":"SearchAction","target":{"@type":"EntryPoint","urlTemplate":"https:\/\/www.peanutoem.com\/?s={search_term_string}"},"query-input":{"@type":"PropertyValueSpecification","valueRequired":true,"valueName":"search_term_string"}}],"inLanguage":"tr"},{"@type":"Organization","@id":"https:\/\/www.peanutoem.com\/#organization","name":"Peanut Butter Factory","alternateName":"JuFeng Group","url":"https:\/\/www.peanutoem.com\/","logo":{"@type":"ImageObject","inLanguage":"tr","@id":"https:\/\/www.peanutoem.com\/#\/schema\/logo\/image\/","url":"https:\/\/www.peanutoem.com\/wp-content\/uploads\/2024\/09\/JUFENG-LOGO.png","contentUrl":"https:\/\/www.peanutoem.com\/wp-content\/uploads\/2024\/09\/JUFENG-LOGO.png","width":600,"height":170,"caption":"Peanut Butter Factory"},"image":{"@id":"https:\/\/www.peanutoem.com\/#\/schema\/logo\/image\/"}}]}},"_links":{"self":[{"href":"https:\/\/www.peanutoem.com\/tr\/wp-json\/wp\/v2\/product\/1402","targetHints":{"allow":["GET"]}}],"collection":[{"href":"https:\/\/www.peanutoem.com\/tr\/wp-json\/wp\/v2\/product"}],"about":[{"href":"https:\/\/www.peanutoem.com\/tr\/wp-json\/wp\/v2\/types\/product"}],"replies":[{"embeddable":true,"href":"https:\/\/www.peanutoem.com\/tr\/wp-json\/wp\/v2\/comments?post=1402"}],"wp:featuredmedia":[{"embeddable":true,"href":"https:\/\/www.peanutoem.com\/tr\/wp-json\/wp\/v2\/media\/1652"}],"wp:attachment":[{"href":"https:\/\/www.peanutoem.com\/tr\/wp-json\/wp\/v2\/media?parent=1402"}],"wp:term":[{"taxonomy":"product_cat","embeddable":true,"href":"https:\/\/www.peanutoem.com\/tr\/wp-json\/wp\/v2\/product_cat?post=1402"},{"taxonomy":"product_tag","embeddable":true,"href":"https:\/\/www.peanutoem.com\/tr\/wp-json\/wp\/v2\/product_tag?post=1402"}],"curies":[{"name":"wp","href":"https:\/\/api.w.org\/{rel}","templated":true}]}}