{"id":1543,"date":"2024-09-02T13:37:15","date_gmt":"2024-09-02T13:37:15","guid":{"rendered":"https:\/\/www.peanutoem.com\/?post_type=product&#038;p=1543"},"modified":"2024-09-28T06:03:37","modified_gmt":"2024-09-28T06:03:37","slug":"pure-peanut-butter","status":"publish","type":"product","link":"https:\/\/www.peanutoem.com\/tr\/manufacturer\/pure-peanut-butter\/","title":{"rendered":"Saf F\u0131st\u0131k Ezmesi"},"content":{"rendered":"<h3>Saf F\u0131st\u0131k Ezmesi \u2013 Lider OEM Tedarik\u00e7isi ve \u00d6zel Etiket \u00dcreticisi<\/h3>\n<p>G\u00fcvenilir bir OEM tedarik\u00e7isi, \u00f6zel marka \u00fcreticisi ve ihracat\u00e7\u0131 olarak saf f\u0131st\u0131k ezmesi \u00fcretme ve tedarik etme konusunda uzmanla\u015ft\u0131k. \u00dcr\u00fcnlerimiz 100% f\u0131st\u0131klar\u0131ndan yap\u0131l\u0131r ve markan\u0131z i\u00e7in e\u015fsiz kalite ve \u00f6zg\u00fcnl\u00fck sunar. Geli\u015fmi\u015f \u00fcretim kapasitelerimiz ve k\u00fcresel sertifikalar\u0131m\u0131zla f\u0131st\u0131k ezmesi \u00e7\u00f6z\u00fcmlerimizi \u00f6zel gereksinimlerinize g\u00f6re uyarl\u0131yoruz.<\/p>\n<h3>Saf F\u0131st\u0131k Ezmesi Nedir?<\/h3>\n<p><strong>Saf <a href=\"https:\/\/www.peanutoem.com\/tr\/Wholesale\/peanut-butter\/\" target=\"_blank\" rel=\"noopener\">f\u0131st\u0131k ezmesi<\/a><\/strong> 100%&#039;den \u00fcretilmi\u015ftir <a href=\"https:\/\/en.wikipedia.org\/wiki\/Peanut\" target=\"_blank\" rel=\"noopener\">f\u0131st\u0131k<\/a>, eklenmi\u015f \u015feker, ya\u011f veya koruyucu madde i\u00e7ermez. Sa\u011fl\u0131k bilincine sahip t\u00fcketicilere hitap eden do\u011fal, i\u015flenmemi\u015f bir tat sunar. Bu t\u00fcr f\u0131st\u0131k ezmesi, f\u0131st\u0131klar\u0131n zengin lezzetini ve do\u011fal ya\u011flar\u0131n\u0131 korur ve bu da onu temiz etiketli \u00fcr\u00fcnler arayanlar i\u00e7in pop\u00fcler bir se\u00e7im haline getirir.<\/p>\n<h3>Saf F\u0131st\u0131k Ezmesinin Di\u011fer \u0130simleri Nelerdir?<\/h3>\n<p>Ayr\u0131ca b\u00f6lgeler ve end\u00fcstriler aras\u0131nda farkl\u0131 isimlerle de bilinir. En yayg\u0131n alternatif isimlerden baz\u0131lar\u0131 \u015funlard\u0131r:<\/p>\n<ul>\n<li><strong>Do\u011fal f\u0131st\u0131k ezmesi<\/strong><\/li>\n<li><strong>Tatland\u0131r\u0131lmam\u0131\u015f f\u0131st\u0131k ezmesi<\/strong><\/li>\n<li><strong>Katk\u0131s\u0131z f\u0131st\u0131k ezmesi<\/strong><\/li>\n<li><strong>100% f\u0131st\u0131k ezmesi<\/strong><\/li>\n<\/ul>\n<p>Bu isimler, \u00fcr\u00fcn\u00fcn i\u00e7eri\u011finde ek bir bile\u015fen bulunmad\u0131\u011f\u0131n\u0131 vurgulayarak \u00fcr\u00fcn\u00fcn safl\u0131\u011f\u0131n\u0131 \u00f6n plana \u00e7\u0131kar\u0131r.<\/p>\n<h3>Neden Tedarik\u00e7iniz Olarak Bizi Se\u00e7melisiniz?<\/h3>\n<p>\u00d6nde gelen bir OEM tedarik\u00e7isi ve \u00f6zel marka \u00fcreticisi olarak \u015funlar\u0131 sunuyoruz:<\/p>\n<ul>\n<li><strong>Y\u00fcksek Kaliteli \u00dcr\u00fcnler:<\/strong> Saf f\u0131st\u0131k ezmemiz, ilave \u015feker, ya\u011f veya koruyucu madde i\u00e7ermeyen, se\u00e7ilmi\u015f 100% f\u0131st\u0131klar\u0131n\u0131 i\u00e7erir.<\/li>\n<li><strong>\u00d6zelle\u015ftirilebilir \u00c7\u00f6z\u00fcmler:<\/strong> Pazar taleplerini kar\u015f\u0131lamak i\u00e7in \u00e7e\u015fitli boyutlarda kavanoz, teneke kutu ve kova gibi esnek ambalaj se\u00e7enekleri sunuyoruz.<\/li>\n<li><strong>K\u00fcresel <a href=\"https:\/\/www.peanutoem.com\/tr\/certificate\/\" target=\"_blank\" rel=\"noopener\">Sertifikalar<\/a>:<\/strong> HACCP, BRCGS, Helal ve Ko\u015fer gibi sertifikalar\u0131m\u0131z \u00fcr\u00fcn g\u00fcvenli\u011fini ve birinci s\u0131n\u0131f kaliteyi garanti eder.<\/li>\n<li><strong>B\u00fcy\u00fck \u00dcretim Kapasitesi:<\/strong> Hem k\u00fc\u00e7\u00fck hem de b\u00fcy\u00fck sipari\u015fleri etkin bir \u015fekilde y\u00f6netebiliyor, farkl\u0131 m\u00fc\u015fteri ihtiya\u00e7lar\u0131na cevap verebiliyoruz.<\/li>\n<li><strong>K\u00fcresel \u0130hracatta Uzmanl\u0131k:<\/strong> D\u00fcnya \u00e7ap\u0131ndaki m\u00fc\u015fterilerimize y\u00fcksek kaliteli f\u0131st\u0131k ezmesi ula\u015ft\u0131rma konusunda kapsaml\u0131 deneyime sahibiz.<\/li>\n<\/ul>\n<h3>\u00dcretici ve Toptanc\u0131 Olarak \u0130\u015f Rol\u00fcm\u00fcz Hakk\u0131nda SSS<\/h3>\n<ol>\n<li><strong>F\u0131st\u0131k ezmesi sekt\u00f6r\u00fcnde lider bir OEM tedarik\u00e7isi olman\u0131z\u0131n nedeni nedir?<\/strong><br \/>\nMarkalara kendi markalar\u0131 alt\u0131nda f\u0131st\u0131k ezmesi \u00fcreterek, ki\u015fiye \u00f6zel \u00fcr\u00fcn \u00e7\u00f6z\u00fcmleri sa\u011fl\u0131yoruz.<\/li>\n<li><strong>\u00d6zel markal\u0131 hizmet sunuyor musunuz?<\/strong><br \/>\nEvet, markal\u0131 f\u0131st\u0131k ezmenizi yaratman\u0131za yard\u0131mc\u0131 olmak i\u00e7in esnek \u00f6zel etiket \u00e7\u00f6z\u00fcmlerinde uzmanla\u015f\u0131yoruz.<\/li>\n<li><strong>Hangi malzemeleri kullan\u0131yorsunuz?<\/strong><br \/>\nSaf f\u0131st\u0131k ezmemiz, hi\u00e7bir ilave \u015feker, ya\u011f veya koruyucu madde i\u00e7ermeyen, se\u00e7ilmi\u015f 100% f\u0131st\u0131klar\u0131ndan olu\u015fur.<\/li>\n<li><strong>Ambalaj\u0131m\u0131 nas\u0131l \u00f6zelle\u015ftirebilirim?<\/strong><br \/>\nPerakendeden toplu al\u0131ma kadar ihtiya\u00e7lar\u0131n\u0131za uygun \u00e7e\u015fitli paketleme se\u00e7enekleri ve boyutlar\u0131 aras\u0131ndan se\u00e7im yapabilirsiniz.<\/li>\n<li><strong>Minimum sipari\u015f miktar\u0131 (MOQ) nedir?<\/strong><br \/>\nMinimum sipari\u015f miktar\u0131 bir ton olup, hem k\u00fc\u00e7\u00fck hem de b\u00fcy\u00fck i\u015fletmelere esneklik sa\u011flamaktad\u0131r.<\/li>\n<li><strong>Saf f\u0131st\u0131k ezmenizi di\u011ferlerinden ay\u0131ran nedir?<\/strong><br \/>\nKaliteye olan ba\u011fl\u0131l\u0131\u011f\u0131m\u0131z, k\u00fcresel sertifikasyonlar\u0131m\u0131z ve ki\u015fiye \u00f6zel \u00f6zel marka \u00e7\u00f6z\u00fcmlerimiz bizi rakiplerimizden farkl\u0131 k\u0131l\u0131yor.<\/li>\n<li><strong>Bir sipari\u015fin i\u015flenmesi ne kadar zaman al\u0131r?<\/strong><br \/>\nTeslimat s\u00fcreleri sipari\u015f b\u00fcy\u00fckl\u00fc\u011f\u00fcne ve paketleme gereksinimlerine ba\u011fl\u0131 olarak 7 ila 20 g\u00fcn aras\u0131nda de\u011fi\u015fmektedir.<\/li>\n<li><strong>Sipari\u015f vermeden \u00f6nce numune talep edebilir miyim?<\/strong><br \/>\nEvet, toplu sipari\u015f vermeden \u00f6nce kalite de\u011ferlendirmesi i\u00e7in saf f\u0131st\u0131k ezmemizin \u00fccretsiz numunelerini sunuyoruz.<\/li>\n<li><strong>D\u00fcnya \u00e7ap\u0131nda ihracat yap\u0131yor musunuz?<\/strong><br \/>\nKesinlikle! D\u00fcnya \u00e7ap\u0131ndaki m\u00fc\u015fterilerimize y\u00fcksek kaliteli saf f\u0131st\u0131k ezmesi ihra\u00e7 etme konusunda deneyimliyiz.<\/li>\n<\/ol>\n<h3>Neden Saf F\u0131st\u0131k Ezmesi?<\/h3>\n<p>Saf f\u0131st\u0131k ezmesi, katk\u0131 maddesi i\u00e7ermeyen do\u011fal bir \u00fcr\u00fcn arayan sa\u011fl\u0131k bilincine sahip t\u00fcketiciler i\u00e7in tercih edilen se\u00e7enektir. Protein, sa\u011fl\u0131kl\u0131 ya\u011flar ve temel besinler a\u00e7\u0131s\u0131ndan zengindir ve bu da onu d\u00fcnya \u00e7ap\u0131ndaki mutfaklarda \u00e7ok y\u00f6nl\u00fc bir bile\u015fen haline getirir. T\u00fcketiciler temiz etiketlere daha fazla odakland\u0131k\u00e7a, 100% f\u0131st\u0131k bazl\u0131 \u00fcr\u00fcnlere olan talep artmaya devam ediyor.<\/p>\n<p>Saf f\u0131st\u0131k ezmemizin bu talepleri kar\u015f\u0131lad\u0131\u011f\u0131ndan emin oluyoruz, markan\u0131z\u0131n ihtiya\u00e7lar\u0131na g\u00f6re tamamen \u00f6zelle\u015ftirilebilirken m\u00fcmk\u00fcn oldu\u011funca do\u011faya yak\u0131n bir \u00fcr\u00fcn sunuyoruz. Markan\u0131z\u0131n tekliflerini geni\u015fletmek veya yeni pazarlara girmek istiyorsan\u0131z, bunu ger\u00e7ekle\u015ftirmek i\u00e7in kapasitemiz, uzmanl\u0131\u011f\u0131m\u0131z ve sertifikalar\u0131m\u0131z var.<\/p>\n<a href=\"mailto:globepeanut@gmail.com\" class=\"button primary is-primary is-medium\"  >\n    <span>Bize e-posta g\u00f6nderin<\/span>\n  <\/a>","protected":false},"excerpt":{"rendered":"<table width=\"564\">\n<tbody>\n<tr>\n<td width=\"113\"><strong>\u00dcr\u00fcn Ad\u0131<\/strong><\/td>\n<td width=\"402\">Saf F\u0131st\u0131k Ezmesi<\/td>\n<\/tr>\n<tr>\n<td width=\"113\"><strong>\u0130\u00e7indekiler<\/strong><\/td>\n<td width=\"402\">Se\u00e7ilmi\u015f F\u0131st\u0131k Ezmesi<\/td>\n<\/tr>\n<tr>\n<td width=\"113\"><strong>\u00d6zellikler<\/strong><\/td>\n<td width=\"402\">10kgx1, 20kgx1, 22kgx1,220kgx1<\/td>\n<\/tr>\n<tr>\n<td width=\"113\"><strong>Paketleme Formu<\/strong><\/td>\n<td width=\"402\">Kavanoz, Kova, Torba, Karton, F\u0131\u00e7\u0131, \u015ei\u015fe vb.<\/td>\n<\/tr>\n<tr>\n<td width=\"113\"><strong>Teslimat s\u00fcresi<\/strong><\/td>\n<td width=\"402\">Sipari\u015ften 7~20 G\u00fcn Sonra<\/td>\n<\/tr>\n<tr>\n<td width=\"113\"><strong>Minimum Sipari\u015f Adedi<\/strong><\/td>\n<td width=\"402\">Bir Ton<\/td>\n<\/tr>\n<tr>\n<td width=\"113\"><strong>\u00d6rnek<\/strong><\/td>\n<td width=\"402\">\u00dccretsiz \u00d6rnek Mevcuttur<\/td>\n<\/tr>\n<tr>\n<td width=\"113\"><strong>OEM<\/strong><\/td>\n<td width=\"402\">Al\u0131c\u0131n\u0131n Etiketi Kabul Edildi<\/td>\n<\/tr>\n<\/tbody>\n<\/table>","protected":false},"featured_media":1659,"comment_status":"open","ping_status":"closed","template":"","meta":[],"product_cat":[15],"product_tag":[],"class_list":{"0":"post-1543","1":"product","2":"type-product","3":"status-publish","4":"has-post-thumbnail","6":"product_cat-peanut-butter","8":"first","9":"instock","10":"shipping-taxable","11":"product-type-simple"},"yoast_head":"<!-- This site is optimized with the Yoast SEO plugin v24.9 - https:\/\/yoast.com\/wordpress\/plugins\/seo\/ -->\n<title>Pure Peanut Butter OEM Producer - Peanut Butter Factory<\/title>\n<meta name=\"description\" content=\"As a top OEM manufacturer and exporter, we supply pure peanut butter made from 100% peanuts. Customizable private label solutions for your business needs.\" \/>\n<meta name=\"robots\" content=\"index, follow, max-snippet:-1, max-image-preview:large, max-video-preview:-1\" \/>\n<link rel=\"canonical\" href=\"https:\/\/www.peanutoem.com\/tr\/manufacturer\/pure-peanut-butter\/\" \/>\n<meta property=\"og:locale\" content=\"tr_TR\" \/>\n<meta property=\"og:type\" content=\"article\" \/>\n<meta property=\"og:title\" content=\"Pure Peanut Butter OEM Producer - Peanut Butter Factory\" \/>\n<meta property=\"og:description\" content=\"As a top OEM manufacturer and exporter, we supply pure peanut butter made from 100% peanuts. Customizable private label solutions for your business needs.\" \/>\n<meta property=\"og:url\" content=\"https:\/\/www.peanutoem.com\/tr\/manufacturer\/pure-peanut-butter\/\" \/>\n<meta property=\"og:site_name\" content=\"Peanut Butter Factory\" \/>\n<meta property=\"article:modified_time\" content=\"2024-09-28T06:03:37+00:00\" \/>\n<meta property=\"og:image\" content=\"https:\/\/www.peanutoem.com\/wp-content\/uploads\/2024\/09\/Pure-Peanut-Butter-OEM-Supplier.webp\" \/>\n\t<meta property=\"og:image:width\" content=\"1000\" \/>\n\t<meta property=\"og:image:height\" content=\"1000\" \/>\n\t<meta property=\"og:image:type\" content=\"image\/webp\" \/>\n<meta name=\"twitter:card\" content=\"summary_large_image\" \/>\n<meta name=\"twitter:label1\" content=\"Tahmini okuma s\u00fcresi\" \/>\n\t<meta name=\"twitter:data1\" content=\"3 dakika\" \/>\n<script type=\"application\/ld+json\" class=\"yoast-schema-graph\">{\"@context\":\"https:\/\/schema.org\",\"@graph\":[{\"@type\":\"WebPage\",\"@id\":\"https:\/\/www.peanutoem.com\/manufacturer\/pure-peanut-butter\/\",\"url\":\"https:\/\/www.peanutoem.com\/manufacturer\/pure-peanut-butter\/\",\"name\":\"Pure Peanut Butter OEM Producer - Peanut Butter Factory\",\"isPartOf\":{\"@id\":\"https:\/\/www.peanutoem.com\/#website\"},\"primaryImageOfPage\":{\"@id\":\"https:\/\/www.peanutoem.com\/manufacturer\/pure-peanut-butter\/#primaryimage\"},\"image\":{\"@id\":\"https:\/\/www.peanutoem.com\/manufacturer\/pure-peanut-butter\/#primaryimage\"},\"thumbnailUrl\":\"https:\/\/www.peanutoem.com\/wp-content\/uploads\/2024\/09\/Pure-Peanut-Butter-OEM-Supplier.webp\",\"datePublished\":\"2024-09-02T13:37:15+00:00\",\"dateModified\":\"2024-09-28T06:03:37+00:00\",\"description\":\"As a top OEM manufacturer and exporter, we supply pure peanut butter made from 100% peanuts. Customizable private label solutions for your business needs.\",\"breadcrumb\":{\"@id\":\"https:\/\/www.peanutoem.com\/manufacturer\/pure-peanut-butter\/#breadcrumb\"},\"inLanguage\":\"tr\",\"potentialAction\":[{\"@type\":\"ReadAction\",\"target\":[\"https:\/\/www.peanutoem.com\/manufacturer\/pure-peanut-butter\/\"]}]},{\"@type\":\"ImageObject\",\"inLanguage\":\"tr\",\"@id\":\"https:\/\/www.peanutoem.com\/manufacturer\/pure-peanut-butter\/#primaryimage\",\"url\":\"https:\/\/www.peanutoem.com\/wp-content\/uploads\/2024\/09\/Pure-Peanut-Butter-OEM-Supplier.webp\",\"contentUrl\":\"https:\/\/www.peanutoem.com\/wp-content\/uploads\/2024\/09\/Pure-Peanut-Butter-OEM-Supplier.webp\",\"width\":1000,\"height\":1000,\"caption\":\"Pure Peanut Butter OEM Supplier\"},{\"@type\":\"BreadcrumbList\",\"@id\":\"https:\/\/www.peanutoem.com\/manufacturer\/pure-peanut-butter\/#breadcrumb\",\"itemListElement\":[{\"@type\":\"ListItem\",\"position\":1,\"name\":\"Home\",\"item\":\"https:\/\/www.peanutoem.com\/\"},{\"@type\":\"ListItem\",\"position\":2,\"name\":\"Products\",\"item\":\"https:\/\/www.peanutoem.com\/shop\/\"},{\"@type\":\"ListItem\",\"position\":3,\"name\":\"Pure Peanut Butter\"}]},{\"@type\":\"WebSite\",\"@id\":\"https:\/\/www.peanutoem.com\/#website\",\"url\":\"https:\/\/www.peanutoem.com\/\",\"name\":\"Peanut Butter Factory\",\"description\":\"Peanut Butter Manufacturer and Roast Peanut OEM Factory | Peanut Private Label China Supplier\",\"publisher\":{\"@id\":\"https:\/\/www.peanutoem.com\/#organization\"},\"alternateName\":\"Peanut Butter OEM and Wholesale\",\"potentialAction\":[{\"@type\":\"SearchAction\",\"target\":{\"@type\":\"EntryPoint\",\"urlTemplate\":\"https:\/\/www.peanutoem.com\/?s={search_term_string}\"},\"query-input\":{\"@type\":\"PropertyValueSpecification\",\"valueRequired\":true,\"valueName\":\"search_term_string\"}}],\"inLanguage\":\"tr\"},{\"@type\":\"Organization\",\"@id\":\"https:\/\/www.peanutoem.com\/#organization\",\"name\":\"Peanut Butter Factory\",\"alternateName\":\"JuFeng Group\",\"url\":\"https:\/\/www.peanutoem.com\/\",\"logo\":{\"@type\":\"ImageObject\",\"inLanguage\":\"tr\",\"@id\":\"https:\/\/www.peanutoem.com\/#\/schema\/logo\/image\/\",\"url\":\"https:\/\/www.peanutoem.com\/wp-content\/uploads\/2024\/09\/JUFENG-LOGO.png\",\"contentUrl\":\"https:\/\/www.peanutoem.com\/wp-content\/uploads\/2024\/09\/JUFENG-LOGO.png\",\"width\":600,\"height\":170,\"caption\":\"Peanut Butter Factory\"},\"image\":{\"@id\":\"https:\/\/www.peanutoem.com\/#\/schema\/logo\/image\/\"}}]}<\/script>\n<!-- \/ Yoast SEO plugin. -->","yoast_head_json":{"title":"Pure Peanut Butter OEM Producer - Peanut Butter Factory","description":"As a top OEM manufacturer and exporter, we supply pure peanut butter made from 100% peanuts. Customizable private label solutions for your business needs.","robots":{"index":"index","follow":"follow","max-snippet":"max-snippet:-1","max-image-preview":"max-image-preview:large","max-video-preview":"max-video-preview:-1"},"canonical":"https:\/\/www.peanutoem.com\/tr\/manufacturer\/pure-peanut-butter\/","og_locale":"tr_TR","og_type":"article","og_title":"Pure Peanut Butter OEM Producer - Peanut Butter Factory","og_description":"As a top OEM manufacturer and exporter, we supply pure peanut butter made from 100% peanuts. Customizable private label solutions for your business needs.","og_url":"https:\/\/www.peanutoem.com\/tr\/manufacturer\/pure-peanut-butter\/","og_site_name":"Peanut Butter Factory","article_modified_time":"2024-09-28T06:03:37+00:00","og_image":[{"width":1000,"height":1000,"url":"https:\/\/www.peanutoem.com\/wp-content\/uploads\/2024\/09\/Pure-Peanut-Butter-OEM-Supplier.webp","type":"image\/webp"}],"twitter_card":"summary_large_image","twitter_misc":{"Tahmini okuma s\u00fcresi":"3 dakika"},"schema":{"@context":"https:\/\/schema.org","@graph":[{"@type":"WebPage","@id":"https:\/\/www.peanutoem.com\/manufacturer\/pure-peanut-butter\/","url":"https:\/\/www.peanutoem.com\/manufacturer\/pure-peanut-butter\/","name":"Pure Peanut Butter OEM Producer - Peanut Butter Factory","isPartOf":{"@id":"https:\/\/www.peanutoem.com\/#website"},"primaryImageOfPage":{"@id":"https:\/\/www.peanutoem.com\/manufacturer\/pure-peanut-butter\/#primaryimage"},"image":{"@id":"https:\/\/www.peanutoem.com\/manufacturer\/pure-peanut-butter\/#primaryimage"},"thumbnailUrl":"https:\/\/www.peanutoem.com\/wp-content\/uploads\/2024\/09\/Pure-Peanut-Butter-OEM-Supplier.webp","datePublished":"2024-09-02T13:37:15+00:00","dateModified":"2024-09-28T06:03:37+00:00","description":"As a top OEM manufacturer and exporter, we supply pure peanut butter made from 100% peanuts. Customizable private label solutions for your business needs.","breadcrumb":{"@id":"https:\/\/www.peanutoem.com\/manufacturer\/pure-peanut-butter\/#breadcrumb"},"inLanguage":"tr","potentialAction":[{"@type":"ReadAction","target":["https:\/\/www.peanutoem.com\/manufacturer\/pure-peanut-butter\/"]}]},{"@type":"ImageObject","inLanguage":"tr","@id":"https:\/\/www.peanutoem.com\/manufacturer\/pure-peanut-butter\/#primaryimage","url":"https:\/\/www.peanutoem.com\/wp-content\/uploads\/2024\/09\/Pure-Peanut-Butter-OEM-Supplier.webp","contentUrl":"https:\/\/www.peanutoem.com\/wp-content\/uploads\/2024\/09\/Pure-Peanut-Butter-OEM-Supplier.webp","width":1000,"height":1000,"caption":"Pure Peanut Butter OEM Supplier"},{"@type":"BreadcrumbList","@id":"https:\/\/www.peanutoem.com\/manufacturer\/pure-peanut-butter\/#breadcrumb","itemListElement":[{"@type":"ListItem","position":1,"name":"Home","item":"https:\/\/www.peanutoem.com\/"},{"@type":"ListItem","position":2,"name":"Products","item":"https:\/\/www.peanutoem.com\/shop\/"},{"@type":"ListItem","position":3,"name":"Pure Peanut Butter"}]},{"@type":"WebSite","@id":"https:\/\/www.peanutoem.com\/#website","url":"https:\/\/www.peanutoem.com\/","name":"Peanut Butter Factory","description":"Peanut Butter Manufacturer and Roast Peanut OEM Factory | Peanut Private Label China Supplier","publisher":{"@id":"https:\/\/www.peanutoem.com\/#organization"},"alternateName":"Peanut Butter OEM and Wholesale","potentialAction":[{"@type":"SearchAction","target":{"@type":"EntryPoint","urlTemplate":"https:\/\/www.peanutoem.com\/?s={search_term_string}"},"query-input":{"@type":"PropertyValueSpecification","valueRequired":true,"valueName":"search_term_string"}}],"inLanguage":"tr"},{"@type":"Organization","@id":"https:\/\/www.peanutoem.com\/#organization","name":"Peanut Butter Factory","alternateName":"JuFeng Group","url":"https:\/\/www.peanutoem.com\/","logo":{"@type":"ImageObject","inLanguage":"tr","@id":"https:\/\/www.peanutoem.com\/#\/schema\/logo\/image\/","url":"https:\/\/www.peanutoem.com\/wp-content\/uploads\/2024\/09\/JUFENG-LOGO.png","contentUrl":"https:\/\/www.peanutoem.com\/wp-content\/uploads\/2024\/09\/JUFENG-LOGO.png","width":600,"height":170,"caption":"Peanut Butter Factory"},"image":{"@id":"https:\/\/www.peanutoem.com\/#\/schema\/logo\/image\/"}}]}},"_links":{"self":[{"href":"https:\/\/www.peanutoem.com\/tr\/wp-json\/wp\/v2\/product\/1543","targetHints":{"allow":["GET"]}}],"collection":[{"href":"https:\/\/www.peanutoem.com\/tr\/wp-json\/wp\/v2\/product"}],"about":[{"href":"https:\/\/www.peanutoem.com\/tr\/wp-json\/wp\/v2\/types\/product"}],"replies":[{"embeddable":true,"href":"https:\/\/www.peanutoem.com\/tr\/wp-json\/wp\/v2\/comments?post=1543"}],"wp:featuredmedia":[{"embeddable":true,"href":"https:\/\/www.peanutoem.com\/tr\/wp-json\/wp\/v2\/media\/1659"}],"wp:attachment":[{"href":"https:\/\/www.peanutoem.com\/tr\/wp-json\/wp\/v2\/media?parent=1543"}],"wp:term":[{"taxonomy":"product_cat","embeddable":true,"href":"https:\/\/www.peanutoem.com\/tr\/wp-json\/wp\/v2\/product_cat?post=1543"},{"taxonomy":"product_tag","embeddable":true,"href":"https:\/\/www.peanutoem.com\/tr\/wp-json\/wp\/v2\/product_tag?post=1543"}],"curies":[{"name":"wp","href":"https:\/\/api.w.org\/{rel}","templated":true}]}}