{"id":1545,"date":"2024-09-02T13:38:22","date_gmt":"2024-09-02T13:38:22","guid":{"rendered":"https:\/\/www.peanutoem.com\/?post_type=product&#038;p=1545"},"modified":"2024-09-28T05:39:23","modified_gmt":"2024-09-28T05:39:23","slug":"stabilized-peanut-butter","status":"publish","type":"product","link":"https:\/\/www.peanutoem.com\/tr\/manufacturer\/stabilized-peanut-butter\/","title":{"rendered":"Stabilize F\u0131st\u0131k Ezmesi"},"content":{"rendered":"<h3>Stabilize F\u0131st\u0131k Ezmesi Nedir?<\/h3>\n<p>Stabilize edilmi\u015f <a href=\"https:\/\/www.peanutoem.com\/tr\/Wholesale\/peanut-butter\/\" target=\"_blank\" rel=\"noopener\">f\u0131st\u0131k ezmesi<\/a> \u00f6zel olarak form\u00fcle edilmi\u015f bir <a href=\"https:\/\/en.wikipedia.org\/wiki\/Peanut\" target=\"_blank\" rel=\"noopener\">f\u0131st\u0131k<\/a> Zamanla olu\u015fan ya\u011f-su ayr\u0131m\u0131 olmadan ipeksi, kremsi dokusunu koruyan tereya\u011f\u0131. \u00dcstte f\u0131st\u0131k ya\u011f\u0131 katmanlar\u0131 ve altta kat\u0131 f\u0131st\u0131k k\u0131r\u0131nt\u0131lar\u0131 \u015feklinde do\u011fal olarak ayr\u0131lma e\u011filiminde olan yayg\u0131n do\u011fal f\u0131st\u0131k ezmesinin aksine, stabilize edilmi\u015f f\u0131st\u0131k ezmesi, homojen bir doku sa\u011flamak i\u00e7in bitkisel ya\u011flar veya em\u00fclgat\u00f6rler gibi do\u011fal stabilizat\u00f6rlerle ak\u0131ll\u0131ca harmanlanm\u0131\u015ft\u0131r. Bu \u00f6zellik, kullan\u0131mdan \u00f6nce kar\u0131\u015ft\u0131rma gibi ek i\u015flemlere gerek olmad\u0131\u011f\u0131 i\u00e7in kolayl\u0131k arayan t\u00fcketiciler i\u00e7in onu en iyi se\u00e7im haline getirir. Stabilize edilmi\u015f f\u0131st\u0131k ezmesi, tutarl\u0131 kalitesi ve uzun raf \u00f6mr\u00fc nedeniyle pop\u00fclerdir ve yaln\u0131zca ev kullan\u0131c\u0131lar\u0131 taraf\u0131ndan sevilmekle kalmaz, ayn\u0131 zamanda g\u0131da end\u00fcstrisinde de yayg\u0131n olarak kullan\u0131l\u0131r.<\/p>\n<h3>Di\u011fer \u0130simleri Nelerdir?<\/h3>\n<p>Stabilize f\u0131st\u0131k ezmesi \u00e7e\u015fitli isimlerle an\u0131labilir, bunlar aras\u0131nda \u015funlar yer al\u0131r:<\/p>\n<ul>\n<li>Kremal\u0131 F\u0131st\u0131k Ezmesi<\/li>\n<li>Kremal\u0131 Stabilize F\u0131st\u0131k Ezmesi<\/li>\n<li>Em\u00fclsifiye F\u0131st\u0131k Ezmesi<\/li>\n<li>Homojen veya Homojenize F\u0131st\u0131k Ezmesi<\/li>\n<li>Uzun \u00d6m\u00fcrl\u00fc F\u0131st\u0131k Ezmesi<\/li>\n<li>Kar\u0131\u015ft\u0131rmadan Yap\u0131lan F\u0131st\u0131k Ezmesi<\/li>\n<li>Ayr\u0131lmayan F\u0131st\u0131k Ezmesi<\/li>\n<li>\u0130\u015flenmi\u015f F\u0131st\u0131k Ezmesi<\/li>\n<li>Rafta Dayan\u0131kl\u0131 F\u0131st\u0131k Ezmesi<\/li>\n<li>P\u00fcr\u00fczs\u00fcz S\u00fcr\u00fclebilir F\u0131st\u0131k Ezmesi<\/li>\n<li>P\u00fcr\u00fczs\u00fcz Raf \u00d6mr\u00fc Uzun F\u0131st\u0131k Ezmesi<\/li>\n<\/ul>\n<h3><strong>Stabilize F\u0131st\u0131k Ezmesi Hakk\u0131nda S\u0131cak Konular<\/strong><\/h3>\n<ol>\n<li><strong> Faydalar: <\/strong>Stabilize f\u0131st\u0131k ezmesi, kar\u0131\u015ft\u0131rma gerektirmeyen tekd\u00fcze bir doku ve daha uzun raf \u00f6mr\u00fc gibi \u00e7e\u015fitli avantajlar sunar. Tutarl\u0131 dokunun \u00f6nemli oldu\u011fu tariflerde ve s\u00fcr\u00fclebilir bir \u00fcr\u00fcn olarak kullanmak i\u00e7in idealdir.<\/li>\n<li><strong> G\u0131da \u00dcretimindeki Uygulamalar:\u00a0<\/strong>Kararl\u0131l\u0131\u011f\u0131 nedeniyle g\u0131da \u00fcretiminde yayg\u0131n olarak kullan\u0131l\u0131r. Tutarl\u0131l\u0131k ve kalitenin \u00f6nemli oldu\u011fu at\u0131\u015ft\u0131rmal\u0131k barlar, soslar ve f\u0131r\u0131nlanm\u0131\u015f \u00fcr\u00fcnler gibi \u00e7e\u015fitli \u00fcr\u00fcnlerde bir bile\u015fen olarak kullan\u0131l\u0131r.<\/li>\n<li><strong> T\u00fcketici Tercihleri ve Trendleri: <\/strong>T\u00fcketiciler, rahatl\u0131\u011f\u0131 ve g\u00fcvenilirli\u011fi nedeniyle giderek daha fazla stabilize f\u0131st\u0131k ezmesini tercih ediyor. Ya\u015fam tarz\u0131 de\u011fi\u015fiklikleri daha yo\u011fun programlara yol a\u00e7t\u0131k\u00e7a, zahmetsiz saklama ve haz\u0131rlama olana\u011f\u0131 sunan \u00fcr\u00fcnler pop\u00fclerlik kazan\u0131yor.<\/li>\n<li><strong> Beslenme Y\u00f6nleri: <\/strong>Stabilize f\u0131st\u0131k ezmesi, istikrarl\u0131 ve tutarl\u0131 bir \u00fcr\u00fcn sunarken besin profilini korur. Protein, sa\u011fl\u0131kl\u0131 ya\u011flar ve vitaminler gibi temel besinleri sa\u011flar ve bu da onu \u00e7e\u015fitli diyetler i\u00e7in sa\u011fl\u0131kl\u0131 bir se\u00e7im haline getirir.<\/li>\n<\/ol>\n<h3><strong>Neden Tedarik\u00e7iniz Olarak Bizi Se\u00e7melisiniz?<\/strong><\/h3>\n<ol>\n<li><strong>Neden stabilize f\u0131st\u0131k ezmesi OEM hizmetleri i\u00e7in en iyi tercihsiniz?<\/strong><br \/>\n\u00d6zelle\u015ftirilmi\u015f \u00e7\u00f6z\u00fcmler, y\u00fcksek kaliteli \u00fcr\u00fcnler ve k\u00fcresel \u00fcretim ve ihracatta kapsaml\u0131 uzmanl\u0131k sa\u011fl\u0131yoruz.<\/li>\n<li><strong>Dokuyu, k\u0131vam\u0131 ve form\u00fclasyonlar\u0131 ayarlayabilir misiniz?<\/strong><br \/>\nEvet, dokuyu \u00f6zelle\u015ftirebilir ve \u00f6zel gereksinimlerinizi ve t\u00fcketici tercihlerinizi kar\u015f\u0131lamak i\u00e7in benzersiz form\u00fcller geli\u015ftirebiliriz.<\/li>\n<li><strong>Hangi paketleme se\u00e7enekleri mevcut?<\/strong><br \/>\nMarkan\u0131z\u0131n ihtiya\u00e7lar\u0131na g\u00f6re tasarlanm\u0131\u015f kavanozlar, po\u015fetler ve toplu kaplar dahil olmak \u00fczere \u00e7e\u015fitli \u00f6zelle\u015ftirilebilir ambalaj formatlar\u0131 sunuyoruz.<\/li>\n<li><strong>Organik se\u00e7ene\u011fi mevcut mu?<\/strong><br \/>\nKesinlikle! Organik f\u0131st\u0131k ve do\u011fal i\u00e7eriklerle \u00fcretilen stabilize f\u0131st\u0131k ezmesi sa\u011fl\u0131yoruz.<\/li>\n<li><strong>Kaliteyi nas\u0131l sa\u011fl\u0131yorsunuz?<\/strong><br \/>\nHACCP, BRCGS ve Kosher gibi titiz kalite kontrol s\u00fcre\u00e7lerimiz ve sertifikasyonlar\u0131m\u0131z, her partinin en y\u00fcksek standartlar\u0131 kar\u015f\u0131lamas\u0131n\u0131 garanti eder.<\/li>\n<li><strong>\u00dcretim ve sevkiyat i\u00e7in teslim s\u00fcreleriniz nelerdir?<\/strong><br \/>\nTeslim s\u00fcreleri sipari\u015f hacmine ve var\u0131\u015f noktas\u0131na g\u00f6re de\u011fi\u015fir, ancak genellikle birka\u00e7 hafta i\u00e7inde verimli \u00fcretim ve zaman\u0131nda teslimat sa\u011fl\u0131yoruz.<\/li>\n<li><strong>Uluslararas\u0131 ihracat yap\u0131yor musunuz?<\/strong><br \/>\nEvet, sorunsuz teslimat\u0131 garantilemek i\u00e7in k\u00fcresel nakliye ve uyumlulu\u011fun t\u00fcm y\u00f6nlerini y\u00f6netiyoruz.<\/li>\n<li><strong>Hangi sertifikalara sahipsiniz?<\/strong><br \/>\nStabilize f\u0131st\u0131k ezmemiz HACCP, Ko\u015fer, Helal, BRCGS ve di\u011fer ilgili standartlara g\u00f6re sertifikaland\u0131r\u0131lm\u0131\u015f olup \u00fcr\u00fcn g\u00fcvenli\u011fi ve kalitesi garanti alt\u0131na al\u0131nm\u0131\u015ft\u0131r.<\/li>\n<li><strong>Tam sipari\u015f vermeden \u00f6nce numune talep edebilir miyiz?<\/strong><br \/>\nEvet, daha b\u00fcy\u00fck bir taahh\u00fctte bulunmadan \u00f6nce beklentilerinizi kar\u015f\u0131lad\u0131\u011f\u0131ndan emin olmak i\u00e7in test i\u00e7in numune gruplar\u0131 sa\u011fl\u0131yoruz.<\/li>\n<\/ol>\n<h3><strong>Stabilize F\u0131st\u0131k Ezmesi Hakk\u0131nda Ger\u00e7ekler\u00a0<\/strong><\/h3>\n<ol>\n<li><strong>Ayr\u0131m Yok:<\/strong> Stabilize f\u0131st\u0131k ezmesi, raf \u00f6mr\u00fc boyunca tutarl\u0131 bir doku sa\u011flayarak ya\u011f ve kat\u0131lara ayr\u0131lmaz.<\/li>\n<li><strong>Uzun Raf \u00d6mr\u00fc:<\/strong> Geleneksel f\u0131st\u0131k ezmesine k\u0131yasla daha uzun raf \u00f6mr\u00fcne sahip oldu\u011fundan, s\u0131k s\u0131k sat\u0131n alma ihtiyac\u0131n\u0131 ve israf\u0131 azalt\u0131r.<\/li>\n<li><strong>Kolayl\u0131k:<\/strong> G\u0131da \u00fcretimi ve perakende \u00fcr\u00fcnleri gibi, kararl\u0131 ve s\u00fcr\u00fclebilir bir k\u0131vam\u0131n kritik \u00f6nem ta\u015f\u0131d\u0131\u011f\u0131 \u00e7e\u015fitli uygulamalarda kullan\u0131ma idealdir.<\/li>\n<li><strong>Besin Tutulmas\u0131:<\/strong> Bu stabiliteye ra\u011fmen, yer f\u0131st\u0131\u011f\u0131n\u0131n protein, sa\u011fl\u0131kl\u0131 ya\u011flar ve temel vitaminler gibi besinsel faydalar\u0131n\u0131 korur.<\/li>\n<li><strong>\u00c7ok Y\u00f6nl\u00fc Kullan\u0131m:<\/strong> S\u00fcr\u00fclebilir \u00fcr\u00fcnlerden at\u0131\u015ft\u0131rmal\u0131klara, i\u015flenmi\u015f g\u0131dalardaki i\u00e7eriklere kadar \u00e7ok \u00e7e\u015fitli \u00fcr\u00fcnler i\u00e7in uygundur.<\/li>\n<\/ol>\n<a href=\"mailto:globepeanut@gmail.com\" class=\"button primary is-primary is-medium\"  >\n    <span>Bize e-posta g\u00f6nderin<\/span>\n  <\/a>","protected":false},"excerpt":{"rendered":"<table width=\"564\">\n<tbody>\n<tr>\n<td width=\"113\"><strong>\u00dcr\u00fcn Ad\u0131<\/strong><\/td>\n<td width=\"402\">Stabilize F\u0131st\u0131k Ezmesi<\/td>\n<\/tr>\n<tr>\n<td width=\"113\"><strong>\u00d6zellikler<\/strong><\/td>\n<td width=\"402\">10kgx1, 20kgx1, 22kgx1<\/td>\n<\/tr>\n<tr>\n<td width=\"113\"><strong>Paketleme Formu<\/strong><\/td>\n<td width=\"402\">Kavanoz, Kova, Doy Pack, \u00c7anta, Karton, Teneke, F\u0131\u00e7\u0131, Kutu, \u015ei\u015fe, vb.<\/td>\n<\/tr>\n<tr>\n<td width=\"113\"><strong>Teslimat s\u00fcresi<\/strong><\/td>\n<td width=\"402\">Sipari\u015ften 7~20 G\u00fcn Sonra<\/td>\n<\/tr>\n<tr>\n<td width=\"113\"><strong>Minimum Sipari\u015f Adedi<\/strong><\/td>\n<td width=\"402\">Bir Ton<\/td>\n<\/tr>\n<tr>\n<td width=\"113\"><strong>\u00d6rnek<\/strong><\/td>\n<td width=\"402\">\u00dccretsiz \u00d6rnek Mevcuttur<\/td>\n<\/tr>\n<tr>\n<td width=\"113\"><strong>OEM<\/strong><\/td>\n<td width=\"402\">Al\u0131c\u0131n\u0131n Etiketi Kabul Edildi<\/td>\n<\/tr>\n<\/tbody>\n<\/table>","protected":false},"featured_media":1692,"comment_status":"open","ping_status":"closed","template":"","meta":[],"product_cat":[15],"product_tag":[],"class_list":{"0":"post-1545","1":"product","2":"type-product","3":"status-publish","4":"has-post-thumbnail","6":"product_cat-peanut-butter","8":"first","9":"instock","10":"shipping-taxable","11":"product-type-simple"},"yoast_head":"<!-- This site is optimized with the Yoast SEO plugin v24.9 - https:\/\/yoast.com\/wordpress\/plugins\/seo\/ -->\n<title>Stabilized Peanut Butter China Producer - Peanut Butter Factory<\/title>\n<meta name=\"description\" content=\"Leading stabilized peanut butter OEM private label manufacturer and exporter. High-quality and packaging customized to meet global market demands.\" \/>\n<meta name=\"robots\" content=\"index, follow, max-snippet:-1, max-image-preview:large, max-video-preview:-1\" \/>\n<link rel=\"canonical\" href=\"https:\/\/www.peanutoem.com\/tr\/manufacturer\/stabilized-peanut-butter\/\" \/>\n<meta property=\"og:locale\" content=\"tr_TR\" \/>\n<meta property=\"og:type\" content=\"article\" \/>\n<meta property=\"og:title\" content=\"Stabilized Peanut Butter China Producer - Peanut Butter Factory\" \/>\n<meta property=\"og:description\" content=\"Leading stabilized peanut butter OEM private label manufacturer and exporter. High-quality and packaging customized to meet global market demands.\" \/>\n<meta property=\"og:url\" content=\"https:\/\/www.peanutoem.com\/tr\/manufacturer\/stabilized-peanut-butter\/\" \/>\n<meta property=\"og:site_name\" content=\"Peanut Butter Factory\" \/>\n<meta property=\"article:modified_time\" content=\"2024-09-28T05:39:23+00:00\" \/>\n<meta property=\"og:image\" content=\"https:\/\/www.peanutoem.com\/wp-content\/uploads\/2024\/09\/Stabilized-Peanut-Butter-in-Jar.webp\" \/>\n\t<meta property=\"og:image:width\" content=\"1000\" \/>\n\t<meta property=\"og:image:height\" content=\"1000\" \/>\n\t<meta property=\"og:image:type\" content=\"image\/webp\" \/>\n<meta name=\"twitter:card\" content=\"summary_large_image\" \/>\n<meta name=\"twitter:label1\" content=\"Tahmini okuma s\u00fcresi\" \/>\n\t<meta name=\"twitter:data1\" content=\"4 dakika\" \/>\n<script type=\"application\/ld+json\" class=\"yoast-schema-graph\">{\"@context\":\"https:\/\/schema.org\",\"@graph\":[{\"@type\":\"WebPage\",\"@id\":\"https:\/\/www.peanutoem.com\/manufacturer\/stabilized-peanut-butter\/\",\"url\":\"https:\/\/www.peanutoem.com\/manufacturer\/stabilized-peanut-butter\/\",\"name\":\"Stabilized Peanut Butter China Producer - Peanut Butter Factory\",\"isPartOf\":{\"@id\":\"https:\/\/www.peanutoem.com\/#website\"},\"primaryImageOfPage\":{\"@id\":\"https:\/\/www.peanutoem.com\/manufacturer\/stabilized-peanut-butter\/#primaryimage\"},\"image\":{\"@id\":\"https:\/\/www.peanutoem.com\/manufacturer\/stabilized-peanut-butter\/#primaryimage\"},\"thumbnailUrl\":\"https:\/\/www.peanutoem.com\/wp-content\/uploads\/2024\/09\/Stabilized-Peanut-Butter-in-Jar.webp\",\"datePublished\":\"2024-09-02T13:38:22+00:00\",\"dateModified\":\"2024-09-28T05:39:23+00:00\",\"description\":\"Leading stabilized peanut butter OEM private label manufacturer and exporter. High-quality and packaging customized to meet global market demands.\",\"breadcrumb\":{\"@id\":\"https:\/\/www.peanutoem.com\/manufacturer\/stabilized-peanut-butter\/#breadcrumb\"},\"inLanguage\":\"tr\",\"potentialAction\":[{\"@type\":\"ReadAction\",\"target\":[\"https:\/\/www.peanutoem.com\/manufacturer\/stabilized-peanut-butter\/\"]}]},{\"@type\":\"ImageObject\",\"inLanguage\":\"tr\",\"@id\":\"https:\/\/www.peanutoem.com\/manufacturer\/stabilized-peanut-butter\/#primaryimage\",\"url\":\"https:\/\/www.peanutoem.com\/wp-content\/uploads\/2024\/09\/Stabilized-Peanut-Butter-in-Jar.webp\",\"contentUrl\":\"https:\/\/www.peanutoem.com\/wp-content\/uploads\/2024\/09\/Stabilized-Peanut-Butter-in-Jar.webp\",\"width\":1000,\"height\":1000,\"caption\":\"Stabilized Peanut Butter in Jar\"},{\"@type\":\"BreadcrumbList\",\"@id\":\"https:\/\/www.peanutoem.com\/manufacturer\/stabilized-peanut-butter\/#breadcrumb\",\"itemListElement\":[{\"@type\":\"ListItem\",\"position\":1,\"name\":\"Home\",\"item\":\"https:\/\/www.peanutoem.com\/\"},{\"@type\":\"ListItem\",\"position\":2,\"name\":\"Products\",\"item\":\"https:\/\/www.peanutoem.com\/shop\/\"},{\"@type\":\"ListItem\",\"position\":3,\"name\":\"Stabilized Peanut Butter\"}]},{\"@type\":\"WebSite\",\"@id\":\"https:\/\/www.peanutoem.com\/#website\",\"url\":\"https:\/\/www.peanutoem.com\/\",\"name\":\"Peanut Butter Factory\",\"description\":\"Peanut Butter Manufacturer and Roast Peanut OEM Factory | Peanut Private Label China Supplier\",\"publisher\":{\"@id\":\"https:\/\/www.peanutoem.com\/#organization\"},\"alternateName\":\"Peanut Butter OEM and Wholesale\",\"potentialAction\":[{\"@type\":\"SearchAction\",\"target\":{\"@type\":\"EntryPoint\",\"urlTemplate\":\"https:\/\/www.peanutoem.com\/?s={search_term_string}\"},\"query-input\":{\"@type\":\"PropertyValueSpecification\",\"valueRequired\":true,\"valueName\":\"search_term_string\"}}],\"inLanguage\":\"tr\"},{\"@type\":\"Organization\",\"@id\":\"https:\/\/www.peanutoem.com\/#organization\",\"name\":\"Peanut Butter Factory\",\"alternateName\":\"JuFeng Group\",\"url\":\"https:\/\/www.peanutoem.com\/\",\"logo\":{\"@type\":\"ImageObject\",\"inLanguage\":\"tr\",\"@id\":\"https:\/\/www.peanutoem.com\/#\/schema\/logo\/image\/\",\"url\":\"https:\/\/www.peanutoem.com\/wp-content\/uploads\/2024\/09\/JUFENG-LOGO.png\",\"contentUrl\":\"https:\/\/www.peanutoem.com\/wp-content\/uploads\/2024\/09\/JUFENG-LOGO.png\",\"width\":600,\"height\":170,\"caption\":\"Peanut Butter Factory\"},\"image\":{\"@id\":\"https:\/\/www.peanutoem.com\/#\/schema\/logo\/image\/\"}}]}<\/script>\n<!-- \/ Yoast SEO plugin. -->","yoast_head_json":{"title":"Stabilized Peanut Butter China Producer - Peanut Butter Factory","description":"Leading stabilized peanut butter OEM private label manufacturer and exporter. High-quality and packaging customized to meet global market demands.","robots":{"index":"index","follow":"follow","max-snippet":"max-snippet:-1","max-image-preview":"max-image-preview:large","max-video-preview":"max-video-preview:-1"},"canonical":"https:\/\/www.peanutoem.com\/tr\/manufacturer\/stabilized-peanut-butter\/","og_locale":"tr_TR","og_type":"article","og_title":"Stabilized Peanut Butter China Producer - Peanut Butter Factory","og_description":"Leading stabilized peanut butter OEM private label manufacturer and exporter. High-quality and packaging customized to meet global market demands.","og_url":"https:\/\/www.peanutoem.com\/tr\/manufacturer\/stabilized-peanut-butter\/","og_site_name":"Peanut Butter Factory","article_modified_time":"2024-09-28T05:39:23+00:00","og_image":[{"width":1000,"height":1000,"url":"https:\/\/www.peanutoem.com\/wp-content\/uploads\/2024\/09\/Stabilized-Peanut-Butter-in-Jar.webp","type":"image\/webp"}],"twitter_card":"summary_large_image","twitter_misc":{"Tahmini okuma s\u00fcresi":"4 dakika"},"schema":{"@context":"https:\/\/schema.org","@graph":[{"@type":"WebPage","@id":"https:\/\/www.peanutoem.com\/manufacturer\/stabilized-peanut-butter\/","url":"https:\/\/www.peanutoem.com\/manufacturer\/stabilized-peanut-butter\/","name":"Stabilized Peanut Butter China Producer - Peanut Butter Factory","isPartOf":{"@id":"https:\/\/www.peanutoem.com\/#website"},"primaryImageOfPage":{"@id":"https:\/\/www.peanutoem.com\/manufacturer\/stabilized-peanut-butter\/#primaryimage"},"image":{"@id":"https:\/\/www.peanutoem.com\/manufacturer\/stabilized-peanut-butter\/#primaryimage"},"thumbnailUrl":"https:\/\/www.peanutoem.com\/wp-content\/uploads\/2024\/09\/Stabilized-Peanut-Butter-in-Jar.webp","datePublished":"2024-09-02T13:38:22+00:00","dateModified":"2024-09-28T05:39:23+00:00","description":"Leading stabilized peanut butter OEM private label manufacturer and exporter. High-quality and packaging customized to meet global market demands.","breadcrumb":{"@id":"https:\/\/www.peanutoem.com\/manufacturer\/stabilized-peanut-butter\/#breadcrumb"},"inLanguage":"tr","potentialAction":[{"@type":"ReadAction","target":["https:\/\/www.peanutoem.com\/manufacturer\/stabilized-peanut-butter\/"]}]},{"@type":"ImageObject","inLanguage":"tr","@id":"https:\/\/www.peanutoem.com\/manufacturer\/stabilized-peanut-butter\/#primaryimage","url":"https:\/\/www.peanutoem.com\/wp-content\/uploads\/2024\/09\/Stabilized-Peanut-Butter-in-Jar.webp","contentUrl":"https:\/\/www.peanutoem.com\/wp-content\/uploads\/2024\/09\/Stabilized-Peanut-Butter-in-Jar.webp","width":1000,"height":1000,"caption":"Stabilized Peanut Butter in Jar"},{"@type":"BreadcrumbList","@id":"https:\/\/www.peanutoem.com\/manufacturer\/stabilized-peanut-butter\/#breadcrumb","itemListElement":[{"@type":"ListItem","position":1,"name":"Home","item":"https:\/\/www.peanutoem.com\/"},{"@type":"ListItem","position":2,"name":"Products","item":"https:\/\/www.peanutoem.com\/shop\/"},{"@type":"ListItem","position":3,"name":"Stabilized Peanut Butter"}]},{"@type":"WebSite","@id":"https:\/\/www.peanutoem.com\/#website","url":"https:\/\/www.peanutoem.com\/","name":"Peanut Butter Factory","description":"Peanut Butter Manufacturer and Roast Peanut OEM Factory | Peanut Private Label China Supplier","publisher":{"@id":"https:\/\/www.peanutoem.com\/#organization"},"alternateName":"Peanut Butter OEM and Wholesale","potentialAction":[{"@type":"SearchAction","target":{"@type":"EntryPoint","urlTemplate":"https:\/\/www.peanutoem.com\/?s={search_term_string}"},"query-input":{"@type":"PropertyValueSpecification","valueRequired":true,"valueName":"search_term_string"}}],"inLanguage":"tr"},{"@type":"Organization","@id":"https:\/\/www.peanutoem.com\/#organization","name":"Peanut Butter Factory","alternateName":"JuFeng Group","url":"https:\/\/www.peanutoem.com\/","logo":{"@type":"ImageObject","inLanguage":"tr","@id":"https:\/\/www.peanutoem.com\/#\/schema\/logo\/image\/","url":"https:\/\/www.peanutoem.com\/wp-content\/uploads\/2024\/09\/JUFENG-LOGO.png","contentUrl":"https:\/\/www.peanutoem.com\/wp-content\/uploads\/2024\/09\/JUFENG-LOGO.png","width":600,"height":170,"caption":"Peanut Butter Factory"},"image":{"@id":"https:\/\/www.peanutoem.com\/#\/schema\/logo\/image\/"}}]}},"_links":{"self":[{"href":"https:\/\/www.peanutoem.com\/tr\/wp-json\/wp\/v2\/product\/1545","targetHints":{"allow":["GET"]}}],"collection":[{"href":"https:\/\/www.peanutoem.com\/tr\/wp-json\/wp\/v2\/product"}],"about":[{"href":"https:\/\/www.peanutoem.com\/tr\/wp-json\/wp\/v2\/types\/product"}],"replies":[{"embeddable":true,"href":"https:\/\/www.peanutoem.com\/tr\/wp-json\/wp\/v2\/comments?post=1545"}],"wp:featuredmedia":[{"embeddable":true,"href":"https:\/\/www.peanutoem.com\/tr\/wp-json\/wp\/v2\/media\/1692"}],"wp:attachment":[{"href":"https:\/\/www.peanutoem.com\/tr\/wp-json\/wp\/v2\/media?parent=1545"}],"wp:term":[{"taxonomy":"product_cat","embeddable":true,"href":"https:\/\/www.peanutoem.com\/tr\/wp-json\/wp\/v2\/product_cat?post=1545"},{"taxonomy":"product_tag","embeddable":true,"href":"https:\/\/www.peanutoem.com\/tr\/wp-json\/wp\/v2\/product_tag?post=1545"}],"curies":[{"name":"wp","href":"https:\/\/api.w.org\/{rel}","templated":true}]}}