{"id":1553,"date":"2024-09-02T13:58:23","date_gmt":"2024-09-02T13:58:23","guid":{"rendered":"https:\/\/www.peanutoem.com\/?post_type=product&#038;p=1553"},"modified":"2024-09-24T15:21:33","modified_gmt":"2024-09-24T15:21:33","slug":"roasted-peanut-kernels","status":"publish","type":"product","link":"https:\/\/www.peanutoem.com\/tr\/manufacturer\/roasted-peanut-kernels\/","title":{"rendered":"Kavrulmu\u015f F\u0131st\u0131k \u00c7ekirdekleri"},"content":{"rendered":"<h3>Kavrulmu\u015f f\u0131st\u0131k \u00e7ekirde\u011fi nedir?<\/h3>\n<p>Kavrulmu\u015f f\u0131st\u0131k \u00e7ekirdekleri, f\u0131st\u0131k kabu\u011funun dikkatlice kavrulmu\u015f yenilebilir k\u0131sm\u0131d\u0131r. Kavurma i\u015flemi, f\u0131st\u0131klar\u0131n lezzetini ve tad\u0131n\u0131 b\u00fcy\u00fck \u00f6l\u00e7\u00fcde art\u0131r\u0131r. F\u0131st\u0131klara \u00e7ekici bir f\u0131nd\u0131k aromas\u0131 ve \u00e7\u0131t\u0131r bir doku verir, bu da onlar\u0131 pop\u00fcler bir at\u0131\u015ft\u0131rmal\u0131k se\u00e7ene\u011fi ve bir\u00e7ok yiyecekte vazge\u00e7ilmez bir bile\u015fen haline getirir. Bu kavrulmu\u015f f\u0131st\u0131k \u00e7ekirdekleri, klasik f\u0131st\u0131k ezmesi yap\u0131m\u0131ndan f\u0131r\u0131nlanm\u0131\u015f at\u0131\u015ft\u0131rmal\u0131klarda ve \u015fekerlemelerde yarat\u0131c\u0131 kombinasyonlara ve tuzlu yemeklere benzersiz bir lezzet katmaya kadar geni\u015f bir kullan\u0131m alan\u0131na sahiptir.<\/p>\n<h3>Kavrulmu\u015f F\u0131st\u0131k \u00c7ekirdeklerinin Di\u011fer \u0130simleri Nelerdir?<\/h3>\n<p>Kavrulmu\u015f f\u0131st\u0131k \u00e7ekirdekleri bazen b\u00f6lgeye veya uygulamalar\u0131na ba\u011fl\u0131 olarak alternatif isimlerle an\u0131l\u0131r. Yayg\u0131n isimler \u015funlard\u0131r:<\/p>\n<ul>\n<li><strong>Kavrulmu\u015f Yer F\u0131st\u0131\u011f\u0131<\/strong> (baz\u0131 \u00fclkelerde kullan\u0131l\u0131r)<\/li>\n<li><strong>Kuru Kavrulmu\u015f F\u0131st\u0131k<\/strong><\/li>\n<li><strong>Kavrulmu\u015f f\u0131st\u0131k<\/strong><\/li>\n<li><strong>Kavrulmu\u015f F\u0131nd\u0131k \u00c7ekirdekleri<\/strong><\/li>\n<\/ul>\n<p>Bu varyasyonlar, kavrulmu\u015f f\u0131st\u0131ktan yap\u0131lan, farkl\u0131 sekt\u00f6rlere ve zevklere g\u00f6re uyarlanm\u0131\u015f ayn\u0131 lezzetli, \u00e7ok y\u00f6nl\u00fc \u00fcr\u00fcn\u00fc vurgular.<\/p>\n<h3>Kavrulmu\u015f Yer F\u0131st\u0131\u011f\u0131 \u00c7ekirdekleri OEM Tedarik\u00e7iniz Olarak Neden Bizi Se\u00e7melisiniz?<\/h3>\n<p>Se\u00e7im <strong>\u00c7in JuFeng Grubu<\/strong> sekt\u00f6r\u00fcn en g\u00fcvenilir kavrulmu\u015f f\u0131st\u0131k \u00e7ekirde\u011fi tedarik\u00e7ilerinden ve \u00f6zel etiket \u00fcreticilerinden biriyle ortakl\u0131k kurmak anlam\u0131na gelir. \u0130\u015fte \u00f6ne \u00e7\u0131kmam\u0131z\u0131n nedeni:<\/p>\n<ul>\n<li><strong>Son Teknoloji \u00dcretim<\/strong>:ABD&#039;den ithal etti\u011fimiz iki adet geli\u015fmi\u015f \u00fcretim hatt\u0131m\u0131zla, s\u00fcrekli olarak y\u00fcksek kalitede kavrulmu\u015f f\u0131st\u0131k \u00e7ekirdeklerini b\u00fcy\u00fck \u00f6l\u00e7ekte teslim ediyoruz.<\/li>\n<li><strong>\u00d6zelle\u015ftirilebilir OEM \u00c7\u00f6z\u00fcmleri<\/strong>:M\u00fc\u015fterilerin \u00fcr\u00fcn \u00f6zelliklerini, ambalaj\u0131 ve daha fazlas\u0131n\u0131 belirli pazar ihtiya\u00e7lar\u0131n\u0131 kar\u015f\u0131layacak \u015fekilde \u00f6zelle\u015ftirmelerine olanak tan\u0131yan esnek OEM ve \u00f6zel etiket hizmetleri sunuyoruz.<\/li>\n<li><strong>Sertifikalar ve Uyumluluk<\/strong>:\u00dcr\u00fcnlerimiz BRC, HACCP, Kosher, Helal ve AB Organik sertifikalar\u0131yla sertifikaland\u0131r\u0131lm\u0131\u015f olup, k\u00fcresel g\u00fcvenlik ve kalite standartlar\u0131na uygundur.<\/li>\n<li><strong>G\u00fcvenilir \u0130hracat\u00e7\u0131<\/strong>:\u00d6nde gelen bir ihracat\u00e7\u0131 olarak d\u00fcnya \u00e7ap\u0131nda b\u00fcy\u00fck s\u00fcpermarketler ve g\u0131da markalar\u0131yla ortakl\u0131klar kurduk.<\/li>\n<li><strong>Tedarik Zinciri Uzmanl\u0131\u011f\u0131<\/strong>:\u0130\u015flemeden depolamaya kadar, kendi kurdu\u011fumuz s\u0131cakl\u0131k kontroll\u00fc tesislerimizle zaman\u0131nda teslimat ve kalite kontrol\u00fcn\u00fc sa\u011fl\u0131yoruz.<\/li>\n<\/ul>\n<h3>Kavrulmu\u015f F\u0131st\u0131k \u00c7ekirdekleri Hakk\u0131nda G\u00fcncel Konular<\/h3>\n<ul>\n<li><strong>Yer F\u0131st\u0131\u011f\u0131 Yeti\u015ftiricili\u011finde S\u00fcrd\u00fcr\u00fclebilirlik<\/strong>:Kavrulmu\u015f f\u0131st\u0131k \u00e7ekirdekleri, di\u011fer f\u0131st\u0131k \u00fcr\u00fcnlerine k\u0131yasla daha d\u00fc\u015f\u00fck \u00e7evresel etkiye sahip oldu\u011fundan, g\u0131da \u00fcreticileri i\u00e7in \u00e7evre dostu bir se\u00e7imdir.<\/li>\n<li><strong>Sa\u011fl\u0131k Faydalar\u0131<\/strong>:Kavrulmu\u015f f\u0131st\u0131k, protein, sa\u011fl\u0131kl\u0131 ya\u011flar ve lif a\u00e7\u0131s\u0131ndan zengin olup t\u00fcketicilere besleyici bir at\u0131\u015ft\u0131rmal\u0131k se\u00e7ene\u011fi sunmaktad\u0131r.<\/li>\n<li><strong>Yer F\u0131st\u0131\u011f\u0131 \u0130\u015flemede Yenilikler<\/strong>:F\u0131st\u0131k end\u00fcstrisi, besin de\u011ferlerini korurken lezzeti art\u0131ran yeni kavurma teknikleriyle s\u00fcrekli olarak geli\u015fiyor.<\/li>\n<\/ul>\n<h3>Bizi Tercih Etmek ve Kavrulmu\u015f F\u0131st\u0131k \u00c7ekirdekleri Hakk\u0131nda Ger\u00e7ekler<\/h3>\n<p><strong>1. China JuFeng Group&#039;u kavrulmu\u015f f\u0131st\u0131k \u00e7ekirde\u011finin \u00f6nde gelen tedarik\u00e7isi yapan nedir?<\/strong><br \/>\nK\u00fcresel pazarlara y\u00fcksek kaliteli kavrulmu\u015f f\u0131st\u0131k \u00e7ekirdekleri sunmak i\u00e7in son teknolojiyi, engin deneyimi ve \u00fcst\u00fcn \u00fcr\u00fcn \u00f6zelle\u015ftirmesini bir araya getiriyoruz.<\/p>\n<p><strong>2. Kavrulmu\u015f f\u0131st\u0131k \u00e7ekirdekleri i\u00e7in \u00f6zel etiket hizmeti sunuyor musunuz?<\/strong><br \/>\nEvet, esnek \u00f6zel marka \u00e7\u00f6z\u00fcmleri sunuyoruz; b\u00f6ylece \u00fcr\u00fcn ambalaj\u0131n\u0131, markalamay\u0131 ve \u00e7ekirdek \u00f6zelliklerini markan\u0131z\u0131n ihtiya\u00e7lar\u0131na g\u00f6re uyarlayabilirsiniz.<\/p>\n<p><strong>3. Sizden toplu olarak kavrulmu\u015f f\u0131st\u0131k \u00e7ekirde\u011fi sipari\u015fi verebilir miyim?<\/strong><br \/>\nElbette, perakendeciler, toptanc\u0131lar ve g\u0131da \u00fcreticileri dahil olmak \u00fczere her \u00f6l\u00e7ekteki i\u015fletmeye hitap edecek toplu sat\u0131n alma se\u00e7enekleri sunuyoruz.<\/p>\n<p><strong>4. Kavrulmu\u015f f\u0131st\u0131k i\u00e7lerinizin hangi sertifikalar\u0131 var?<\/strong><br \/>\n\u00dcr\u00fcnlerimiz HACCP, BRC, Ko\u015fer, Helal ve AB Organik gibi s\u0131k\u0131 uluslararas\u0131 standartlara ve sertifikalara uygundur.<\/p>\n<p><strong>5. Kavrulmu\u015f f\u0131st\u0131k \u00e7ekirdeklerinizin kalitesini nas\u0131l sa\u011fl\u0131yorsunuz?<\/strong><br \/>\nHer partinin y\u00fcksek duyusal, fiziksel, kimyasal ve mikrobiyal standartlar\u0131 kar\u015f\u0131lad\u0131\u011f\u0131ndan emin olmak i\u00e7in kapsaml\u0131 testler yapmak \u00fczere \u00f6zel bir \u015firket i\u00e7i laboratuvar\u0131m\u0131z bulunmaktad\u0131r.<\/p>\n<p><strong>6. F\u0131st\u0131k tanelerinin kavrulma seviyesini \u00f6zelle\u015ftirebilir misiniz?<\/strong><br \/>\nEvet, m\u00fc\u015fteri tercihlerine ve pazar gereksinimlerine g\u00f6re \u00f6zelle\u015ftirilebilir kavurma seviyeleri (a\u00e7\u0131k, orta veya koyu kavurma) sunuyoruz.<\/p>\n<p><strong>7. Kavrulmu\u015f f\u0131st\u0131k \u00e7ekirdekleriniz tazeli\u011fini korumak i\u00e7in nas\u0131l saklan\u0131r?<\/strong><br \/>\n\u00c7ekirdeklerimiz, nakliye ve elle\u00e7leme s\u0131ras\u0131nda bozulmay\u0131 \u00f6nleyen ve \u00fcr\u00fcn b\u00fct\u00fcnl\u00fc\u011f\u00fcn\u00fc koruyan s\u0131cakl\u0131k kontroll\u00fc tesislerde depolan\u0131r.<\/p>\n<p><strong>8. Kavrulmu\u015f f\u0131st\u0131k \u00e7ekirdeklerini uluslararas\u0131 alanda ihra\u00e7 ediyor musunuz?<\/strong><br \/>\nEvet, farkl\u0131 k\u0131talardaki \u00e7e\u015fitli pazarlara kavrulmu\u015f f\u0131st\u0131k \u00e7ekirde\u011fi tedarik eden, k\u00fcresel bir a\u011fa sahip deneyimli bir ihracat\u00e7\u0131y\u0131z.<\/p>\n<p><strong>9. Kavrulmu\u015f f\u0131st\u0131k \u00e7ekirdekleriniz f\u0131st\u0131k ezmesi \u00fcretiminde kullan\u0131lmaya uygun mudur?<\/strong><br \/>\nKesinlikle, kavrulmu\u015f f\u0131st\u0131k \u00e7ekirdeklerimiz f\u0131st\u0131k ezmesi \u00fcretiminde kullan\u0131m i\u00e7in idealdir, \u00fcst\u00fcn tat ve doku sunar.<\/p>","protected":false},"excerpt":{"rendered":"<p>Biz \u00c7in&#039;de Kavrulmu\u015f F\u0131st\u0131k \u00c7ekirdekleri \u00dcreticisi ve Tedarik\u00e7isiyiz<\/p>\n<p>\u2013 Adet: 1 ton<br \/>\n\u2013 OEM\/ODM hizmeti sunulmaktad\u0131r<br \/>\n\u2013 \u00dccretsiz numune mevcuttur<br \/>\n\u2013 \u00d6zelle\u015ftirmeyi kabul edin (\u00f6zellikler, renk, boyutlar, paketleme, tasar\u0131m, vb.)<\/p>\n<p>Kavrulmu\u015f F\u0131st\u0131k \u00c7ekirde\u011fi almak istiyorsan\u0131z l\u00fctfen bizimle ileti\u015fime ge\u00e7iniz.<\/p>","protected":false},"featured_media":1697,"comment_status":"open","ping_status":"closed","template":"","meta":[],"product_cat":[37],"product_tag":[],"class_list":{"0":"post-1553","1":"product","2":"type-product","3":"status-publish","4":"has-post-thumbnail","6":"product_cat-roasted-peanut","8":"first","9":"instock","10":"featured","11":"shipping-taxable","12":"product-type-simple"},"yoast_head":"<!-- This site is optimized with the Yoast SEO plugin v24.9 - https:\/\/yoast.com\/wordpress\/plugins\/seo\/ -->\n<title>Roasted Peanut Kernels - Peanut Butter Factory<\/title>\n<meta name=\"description\" content=\"Premium Roasted Peanut Kernels OEM supplier, private label manufacturer, and exporter. Choose us for superior quality and customizable options.\" \/>\n<meta name=\"robots\" content=\"index, follow, max-snippet:-1, max-image-preview:large, max-video-preview:-1\" \/>\n<link rel=\"canonical\" href=\"https:\/\/www.peanutoem.com\/tr\/manufacturer\/roasted-peanut-kernels\/\" \/>\n<meta property=\"og:locale\" content=\"tr_TR\" \/>\n<meta property=\"og:type\" content=\"article\" \/>\n<meta property=\"og:title\" content=\"Roasted Peanut Kernels - Peanut Butter Factory\" \/>\n<meta property=\"og:description\" content=\"Premium Roasted Peanut Kernels OEM supplier, private label manufacturer, and exporter. Choose us for superior quality and customizable options.\" \/>\n<meta property=\"og:url\" content=\"https:\/\/www.peanutoem.com\/tr\/manufacturer\/roasted-peanut-kernels\/\" \/>\n<meta property=\"og:site_name\" content=\"Peanut Butter Factory\" \/>\n<meta property=\"article:modified_time\" content=\"2024-09-24T15:21:33+00:00\" \/>\n<meta property=\"og:image\" content=\"https:\/\/www.peanutoem.com\/wp-content\/uploads\/2024\/09\/Roasted-Peanut-Kernels-on-plate-scaled.webp\" \/>\n\t<meta property=\"og:image:width\" content=\"2560\" \/>\n\t<meta property=\"og:image:height\" content=\"1707\" \/>\n\t<meta property=\"og:image:type\" content=\"image\/webp\" \/>\n<meta name=\"twitter:card\" content=\"summary_large_image\" \/>\n<meta name=\"twitter:label1\" content=\"Tahmini okuma s\u00fcresi\" \/>\n\t<meta name=\"twitter:data1\" content=\"3 dakika\" \/>\n<script type=\"application\/ld+json\" class=\"yoast-schema-graph\">{\"@context\":\"https:\/\/schema.org\",\"@graph\":[{\"@type\":\"WebPage\",\"@id\":\"https:\/\/www.peanutoem.com\/manufacturer\/roasted-peanut-kernels\/\",\"url\":\"https:\/\/www.peanutoem.com\/manufacturer\/roasted-peanut-kernels\/\",\"name\":\"Roasted Peanut Kernels - Peanut Butter Factory\",\"isPartOf\":{\"@id\":\"https:\/\/www.peanutoem.com\/#website\"},\"primaryImageOfPage\":{\"@id\":\"https:\/\/www.peanutoem.com\/manufacturer\/roasted-peanut-kernels\/#primaryimage\"},\"image\":{\"@id\":\"https:\/\/www.peanutoem.com\/manufacturer\/roasted-peanut-kernels\/#primaryimage\"},\"thumbnailUrl\":\"https:\/\/www.peanutoem.com\/wp-content\/uploads\/2024\/09\/Roasted-Peanut-Kernels-on-plate-scaled.webp\",\"datePublished\":\"2024-09-02T13:58:23+00:00\",\"dateModified\":\"2024-09-24T15:21:33+00:00\",\"description\":\"Premium Roasted Peanut Kernels OEM supplier, private label manufacturer, and exporter. Choose us for superior quality and customizable options.\",\"breadcrumb\":{\"@id\":\"https:\/\/www.peanutoem.com\/manufacturer\/roasted-peanut-kernels\/#breadcrumb\"},\"inLanguage\":\"tr\",\"potentialAction\":[{\"@type\":\"ReadAction\",\"target\":[\"https:\/\/www.peanutoem.com\/manufacturer\/roasted-peanut-kernels\/\"]}]},{\"@type\":\"ImageObject\",\"inLanguage\":\"tr\",\"@id\":\"https:\/\/www.peanutoem.com\/manufacturer\/roasted-peanut-kernels\/#primaryimage\",\"url\":\"https:\/\/www.peanutoem.com\/wp-content\/uploads\/2024\/09\/Roasted-Peanut-Kernels-on-plate-scaled.webp\",\"contentUrl\":\"https:\/\/www.peanutoem.com\/wp-content\/uploads\/2024\/09\/Roasted-Peanut-Kernels-on-plate-scaled.webp\",\"width\":2560,\"height\":1707,\"caption\":\"Roasted Peanut Kernels on plate\"},{\"@type\":\"BreadcrumbList\",\"@id\":\"https:\/\/www.peanutoem.com\/manufacturer\/roasted-peanut-kernels\/#breadcrumb\",\"itemListElement\":[{\"@type\":\"ListItem\",\"position\":1,\"name\":\"Home\",\"item\":\"https:\/\/www.peanutoem.com\/\"},{\"@type\":\"ListItem\",\"position\":2,\"name\":\"Products\",\"item\":\"https:\/\/www.peanutoem.com\/shop\/\"},{\"@type\":\"ListItem\",\"position\":3,\"name\":\"Roasted Peanut Kernels\"}]},{\"@type\":\"WebSite\",\"@id\":\"https:\/\/www.peanutoem.com\/#website\",\"url\":\"https:\/\/www.peanutoem.com\/\",\"name\":\"Peanut Butter Factory\",\"description\":\"Peanut Butter Manufacturer and Roast Peanut OEM Factory | Peanut Private Label China Supplier\",\"publisher\":{\"@id\":\"https:\/\/www.peanutoem.com\/#organization\"},\"alternateName\":\"Peanut Butter OEM and Wholesale\",\"potentialAction\":[{\"@type\":\"SearchAction\",\"target\":{\"@type\":\"EntryPoint\",\"urlTemplate\":\"https:\/\/www.peanutoem.com\/?s={search_term_string}\"},\"query-input\":{\"@type\":\"PropertyValueSpecification\",\"valueRequired\":true,\"valueName\":\"search_term_string\"}}],\"inLanguage\":\"tr\"},{\"@type\":\"Organization\",\"@id\":\"https:\/\/www.peanutoem.com\/#organization\",\"name\":\"Peanut Butter Factory\",\"alternateName\":\"JuFeng Group\",\"url\":\"https:\/\/www.peanutoem.com\/\",\"logo\":{\"@type\":\"ImageObject\",\"inLanguage\":\"tr\",\"@id\":\"https:\/\/www.peanutoem.com\/#\/schema\/logo\/image\/\",\"url\":\"https:\/\/www.peanutoem.com\/wp-content\/uploads\/2024\/09\/JUFENG-LOGO.png\",\"contentUrl\":\"https:\/\/www.peanutoem.com\/wp-content\/uploads\/2024\/09\/JUFENG-LOGO.png\",\"width\":600,\"height\":170,\"caption\":\"Peanut Butter Factory\"},\"image\":{\"@id\":\"https:\/\/www.peanutoem.com\/#\/schema\/logo\/image\/\"}}]}<\/script>\n<!-- \/ Yoast SEO plugin. -->","yoast_head_json":{"title":"Roasted Peanut Kernels - Peanut Butter Factory","description":"Premium Roasted Peanut Kernels OEM supplier, private label manufacturer, and exporter. Choose us for superior quality and customizable options.","robots":{"index":"index","follow":"follow","max-snippet":"max-snippet:-1","max-image-preview":"max-image-preview:large","max-video-preview":"max-video-preview:-1"},"canonical":"https:\/\/www.peanutoem.com\/tr\/manufacturer\/roasted-peanut-kernels\/","og_locale":"tr_TR","og_type":"article","og_title":"Roasted Peanut Kernels - Peanut Butter Factory","og_description":"Premium Roasted Peanut Kernels OEM supplier, private label manufacturer, and exporter. Choose us for superior quality and customizable options.","og_url":"https:\/\/www.peanutoem.com\/tr\/manufacturer\/roasted-peanut-kernels\/","og_site_name":"Peanut Butter Factory","article_modified_time":"2024-09-24T15:21:33+00:00","og_image":[{"width":2560,"height":1707,"url":"https:\/\/www.peanutoem.com\/wp-content\/uploads\/2024\/09\/Roasted-Peanut-Kernels-on-plate-scaled.webp","type":"image\/webp"}],"twitter_card":"summary_large_image","twitter_misc":{"Tahmini okuma s\u00fcresi":"3 dakika"},"schema":{"@context":"https:\/\/schema.org","@graph":[{"@type":"WebPage","@id":"https:\/\/www.peanutoem.com\/manufacturer\/roasted-peanut-kernels\/","url":"https:\/\/www.peanutoem.com\/manufacturer\/roasted-peanut-kernels\/","name":"Roasted Peanut Kernels - Peanut Butter Factory","isPartOf":{"@id":"https:\/\/www.peanutoem.com\/#website"},"primaryImageOfPage":{"@id":"https:\/\/www.peanutoem.com\/manufacturer\/roasted-peanut-kernels\/#primaryimage"},"image":{"@id":"https:\/\/www.peanutoem.com\/manufacturer\/roasted-peanut-kernels\/#primaryimage"},"thumbnailUrl":"https:\/\/www.peanutoem.com\/wp-content\/uploads\/2024\/09\/Roasted-Peanut-Kernels-on-plate-scaled.webp","datePublished":"2024-09-02T13:58:23+00:00","dateModified":"2024-09-24T15:21:33+00:00","description":"Premium Roasted Peanut Kernels OEM supplier, private label manufacturer, and exporter. Choose us for superior quality and customizable options.","breadcrumb":{"@id":"https:\/\/www.peanutoem.com\/manufacturer\/roasted-peanut-kernels\/#breadcrumb"},"inLanguage":"tr","potentialAction":[{"@type":"ReadAction","target":["https:\/\/www.peanutoem.com\/manufacturer\/roasted-peanut-kernels\/"]}]},{"@type":"ImageObject","inLanguage":"tr","@id":"https:\/\/www.peanutoem.com\/manufacturer\/roasted-peanut-kernels\/#primaryimage","url":"https:\/\/www.peanutoem.com\/wp-content\/uploads\/2024\/09\/Roasted-Peanut-Kernels-on-plate-scaled.webp","contentUrl":"https:\/\/www.peanutoem.com\/wp-content\/uploads\/2024\/09\/Roasted-Peanut-Kernels-on-plate-scaled.webp","width":2560,"height":1707,"caption":"Roasted Peanut Kernels on plate"},{"@type":"BreadcrumbList","@id":"https:\/\/www.peanutoem.com\/manufacturer\/roasted-peanut-kernels\/#breadcrumb","itemListElement":[{"@type":"ListItem","position":1,"name":"Home","item":"https:\/\/www.peanutoem.com\/"},{"@type":"ListItem","position":2,"name":"Products","item":"https:\/\/www.peanutoem.com\/shop\/"},{"@type":"ListItem","position":3,"name":"Roasted Peanut Kernels"}]},{"@type":"WebSite","@id":"https:\/\/www.peanutoem.com\/#website","url":"https:\/\/www.peanutoem.com\/","name":"Peanut Butter Factory","description":"Peanut Butter Manufacturer and Roast Peanut OEM Factory | Peanut Private Label China Supplier","publisher":{"@id":"https:\/\/www.peanutoem.com\/#organization"},"alternateName":"Peanut Butter OEM and Wholesale","potentialAction":[{"@type":"SearchAction","target":{"@type":"EntryPoint","urlTemplate":"https:\/\/www.peanutoem.com\/?s={search_term_string}"},"query-input":{"@type":"PropertyValueSpecification","valueRequired":true,"valueName":"search_term_string"}}],"inLanguage":"tr"},{"@type":"Organization","@id":"https:\/\/www.peanutoem.com\/#organization","name":"Peanut Butter Factory","alternateName":"JuFeng Group","url":"https:\/\/www.peanutoem.com\/","logo":{"@type":"ImageObject","inLanguage":"tr","@id":"https:\/\/www.peanutoem.com\/#\/schema\/logo\/image\/","url":"https:\/\/www.peanutoem.com\/wp-content\/uploads\/2024\/09\/JUFENG-LOGO.png","contentUrl":"https:\/\/www.peanutoem.com\/wp-content\/uploads\/2024\/09\/JUFENG-LOGO.png","width":600,"height":170,"caption":"Peanut Butter Factory"},"image":{"@id":"https:\/\/www.peanutoem.com\/#\/schema\/logo\/image\/"}}]}},"_links":{"self":[{"href":"https:\/\/www.peanutoem.com\/tr\/wp-json\/wp\/v2\/product\/1553","targetHints":{"allow":["GET"]}}],"collection":[{"href":"https:\/\/www.peanutoem.com\/tr\/wp-json\/wp\/v2\/product"}],"about":[{"href":"https:\/\/www.peanutoem.com\/tr\/wp-json\/wp\/v2\/types\/product"}],"replies":[{"embeddable":true,"href":"https:\/\/www.peanutoem.com\/tr\/wp-json\/wp\/v2\/comments?post=1553"}],"wp:featuredmedia":[{"embeddable":true,"href":"https:\/\/www.peanutoem.com\/tr\/wp-json\/wp\/v2\/media\/1697"}],"wp:attachment":[{"href":"https:\/\/www.peanutoem.com\/tr\/wp-json\/wp\/v2\/media?parent=1553"}],"wp:term":[{"taxonomy":"product_cat","embeddable":true,"href":"https:\/\/www.peanutoem.com\/tr\/wp-json\/wp\/v2\/product_cat?post=1553"},{"taxonomy":"product_tag","embeddable":true,"href":"https:\/\/www.peanutoem.com\/tr\/wp-json\/wp\/v2\/product_tag?post=1553"}],"curies":[{"name":"wp","href":"https:\/\/api.w.org\/{rel}","templated":true}]}}