{"id":1554,"date":"2024-09-02T13:59:01","date_gmt":"2024-09-02T13:59:01","guid":{"rendered":"https:\/\/www.peanutoem.com\/?post_type=product&#038;p=1554"},"modified":"2024-09-28T05:11:42","modified_gmt":"2024-09-28T05:11:42","slug":"roasted-blanched-peanut","status":"publish","type":"product","link":"https:\/\/www.peanutoem.com\/tr\/manufacturer\/roasted-blanched-peanut\/","title":{"rendered":"Kavrulmu\u015f Ha\u015flanm\u0131\u015f F\u0131st\u0131k"},"content":{"rendered":"<h3><strong>Kavrulmu\u015f Ha\u015flanm\u0131\u015f F\u0131st\u0131k Nedir?<\/strong><\/h3>\n<p>Kavrulmu\u015f beyazlat\u0131lm\u0131\u015f f\u0131st\u0131k, iki a\u015famal\u0131 \u00f6zel bir i\u015flemden ge\u00e7er. \u0130lk olarak, \u00e7i\u011f f\u0131st\u0131klar beyazlat\u0131l\u0131r, bu da \u0131s\u0131tma ve hafif mekanik yollarla d\u0131\u015f kabu\u011fun \u00e7\u0131kar\u0131lmas\u0131n\u0131 i\u00e7erir. Daha sonra, m\u00fckemmel bir \u015fekilde kavrulurlar ve zengin, cevizli bir tat ve \u00e7\u0131t\u0131r bir doku elde edilir. Bu f\u0131st\u0131klar, at\u0131\u015ft\u0131rmal\u0131k \u00fcretimi, \u015fekerleme, f\u0131st\u0131k ezmesi \u00fcretimi ve tuzlu yemeklerde malzeme olarak kullan\u0131m dahil olmak \u00fczere \u00e7e\u015fitli uygulamalar i\u00e7in idealdir.<\/p>\n<p>\u00dcstelik, beyazlat\u0131lm\u0131\u015f kavrulmu\u015f f\u0131st\u0131klar temiz, p\u00fcr\u00fczs\u00fcz bir g\u00f6r\u00fcn\u00fcm gibi ek bir fayda sunar. Bu kalite, onlar\u0131 g\u00f6rsel \u00e7ekicili\u011fin ve tekd\u00fczeli\u011fin \u00f6nemli oldu\u011fu \u00fcr\u00fcnler i\u00e7in olduk\u00e7a arzu edilir hale getirir.<\/p>\n<h3><strong>Kavrulmu\u015f Ha\u015flanm\u0131\u015f F\u0131st\u0131\u011f\u0131&#039;n\u0131n Di\u011fer \u0130simleri Nelerdir?<\/strong><\/h3>\n<p>Kavrulmu\u015f beyazlat\u0131lm\u0131\u015f f\u0131st\u0131klar, b\u00f6lgesel tercihlere veya end\u00fcstriyel kullan\u0131ma ba\u011fl\u0131 olarak \u00e7e\u015fitli isimlerle an\u0131labilir:<\/p>\n<ul>\n<li>Kabuksuz Kavrulmu\u015f F\u0131st\u0131k<\/li>\n<li>Ha\u015flanm\u0131\u015f ve Kavrulmu\u015f F\u0131st\u0131k<\/li>\n<li>Kavrulmu\u015f Beyaz F\u0131st\u0131k<\/li>\n<li>Ha\u015flanm\u0131\u015f F\u0131st\u0131k<\/li>\n<li>Ha\u015flanm\u0131\u015f F\u0131st\u0131k \u00c7ekirdekleri<\/li>\n<li>Yer F\u0131st\u0131\u011f\u0131 B\u00fct\u00fcn Ha\u015flanm\u0131\u015f Kavrulmu\u015f<\/li>\n<\/ul>\n<p>Bu isimler, f\u0131st\u0131klar\u0131n kavrulmadan \u00f6nce kabuklar\u0131n\u0131n soyularak elde edilen, p\u00fcr\u00fczs\u00fcz ve lezzetli bir son \u00fcr\u00fcn\u00fcn haz\u0131rlanma s\u00fcrecini yans\u0131t\u0131yor.<\/p>\n<h3><img loading=\"lazy\" decoding=\"async\" class=\"alignnone wp-image-1702 size-full\" src=\"https:\/\/www.peanutoem.com\/wp-content\/uploads\/2024\/09\/Whole-Roasted-Blanched-Peanut-.webp\" alt=\"Tam Kavrulmu\u015f Ha\u015flanm\u0131\u015f F\u0131st\u0131k\" width=\"1000\" height=\"1000\" srcset=\"https:\/\/www.peanutoem.com\/wp-content\/uploads\/2024\/09\/Whole-Roasted-Blanched-Peanut-.webp 1000w, https:\/\/www.peanutoem.com\/wp-content\/uploads\/2024\/09\/Whole-Roasted-Blanched-Peanut--300x300.webp 300w, https:\/\/www.peanutoem.com\/wp-content\/uploads\/2024\/09\/Whole-Roasted-Blanched-Peanut--150x150.webp 150w, https:\/\/www.peanutoem.com\/wp-content\/uploads\/2024\/09\/Whole-Roasted-Blanched-Peanut--768x768.webp 768w, https:\/\/www.peanutoem.com\/wp-content\/uploads\/2024\/09\/Whole-Roasted-Blanched-Peanut--12x12.webp 12w, https:\/\/www.peanutoem.com\/wp-content\/uploads\/2024\/09\/Whole-Roasted-Blanched-Peanut--600x600.webp 600w, https:\/\/www.peanutoem.com\/wp-content\/uploads\/2024\/09\/Whole-Roasted-Blanched-Peanut--100x100.webp 100w\" sizes=\"auto, (max-width: 1000px) 100vw, 1000px\" \/><\/h3>\n<h3><strong>Kavrulmu\u015f Ha\u015flanm\u0131\u015f F\u0131st\u0131k OEM Tedarik\u00e7iniz Olarak Neden Bizi Se\u00e7melisiniz?<\/strong><\/h3>\n<p>Kavrulmu\u015f beyazlat\u0131lm\u0131\u015f f\u0131st\u0131k \u00fcretiminde pazara \u00f6nc\u00fcl\u00fck ediyoruz ve hem Kavrulmu\u015f Beyazlat\u0131lm\u0131\u015f F\u0131st\u0131k B\u00fct\u00fcn hem de Kavrulmu\u015f Beyazlat\u0131lm\u0131\u015f F\u0131st\u0131k Yar\u0131mlar\u0131 sunuyoruz. \u0130\u015fte sizin en iyi orta\u011f\u0131n\u0131z olmam\u0131z\u0131n nedeni:<\/p>\n<ul>\n<li><strong>OEM \u00c7\u00f6z\u00fcmlerinde Uzmanl\u0131k<\/strong>:Geli\u015fmi\u015f \u00fcretim kapasitemizle, kavurma seviyesinden paketleme gereksinimlerine kadar \u00fcr\u00fcn \u00f6zelliklerinizi kar\u015f\u0131layan \u00f6zel OEM hizmetleri sunuyoruz.<\/li>\n<li><strong>\u00d6zel Marka \u00dcretimi<\/strong>:\u00d6zel markal\u0131 \u00fcretimde uzmanla\u015f\u0131yoruz ve markalar\u0131n kendi \u00f6zg\u00fcn \u00fcr\u00fcnlerini geli\u015ftirirken uzmanl\u0131\u011f\u0131m\u0131zdan faydalanmalar\u0131n\u0131 sa\u011fl\u0131yoruz.<\/li>\n<li><strong>K\u00fcresel \u0130hracat Yetenekleri<\/strong>:Deneyimli bir ihracat\u00e7\u0131 olarak, d\u00fcnya \u00e7ap\u0131ndaki m\u00fc\u015fterilerimize verimli lojistik ve istikrarl\u0131 kaliteyle hizmet veriyoruz.<\/li>\n<li><strong>Sertifikal\u0131 Kalite G\u00fcvencesi<\/strong>:\u00dcr\u00fcnlerimiz HACCP, BRCGS, Helal, Ko\u015fer ve AB Organik standartlar\u0131na g\u00f6re sertifikaland\u0131r\u0131lm\u0131\u015f olup, k\u00fcresel g\u0131da g\u00fcvenli\u011fi ve kalite d\u00fczenlemelerine uygunlu\u011fu garanti alt\u0131na al\u0131nm\u0131\u015ft\u0131r.<\/li>\n<li><strong>S\u00fcrd\u00fcr\u00fclebilirlik ve G\u00fcvenilirlik<\/strong>:D\u00fcnya \u00e7ap\u0131ndaki m\u00fc\u015fterilerimizin ihtiya\u00e7lar\u0131n\u0131 kar\u015f\u0131lamak i\u00e7in s\u00fcrd\u00fcr\u00fclebilir \u00fcretim y\u00f6ntemlerine \u00f6ncelik veriyor ve g\u00fc\u00e7l\u00fc tedarik zinciri g\u00fcvenilirli\u011fini koruyoruz.<\/li>\n<\/ul>\n<h3><strong>Kavrulmu\u015f Ha\u015flanm\u0131\u015f F\u0131st\u0131klar Hakk\u0131nda S\u0131cak Konular<\/strong><\/h3>\n<ul>\n<li><strong>B\u00fct\u00fcn vs. Yar\u0131m<\/strong>: Kavrulmu\u015f Beyazlat\u0131lm\u0131\u015f Yer F\u0131st\u0131\u011f\u0131 Tam ve Kavrulmu\u015f Beyazlat\u0131lm\u0131\u015f Yer F\u0131st\u0131\u011f\u0131 Yar\u0131mlar\u0131n\u0131n kullan\u0131m durumlar\u0131n\u0131 anlamak \u00fcreticiler i\u00e7in \u00e7ok \u00f6nemlidir. B\u00fct\u00fcn yer f\u0131st\u0131\u011f\u0131 genellikle birinci s\u0131n\u0131f at\u0131\u015ft\u0131rmal\u0131k \u00fcr\u00fcnlerde kullan\u0131l\u0131rken, yar\u0131m f\u0131st\u0131klar g\u0131da \u00fcretimi, f\u0131r\u0131nlama ve f\u0131st\u0131k ezmesi i\u00e7in tercih edilir.<\/li>\n<li><strong>Kavrulmu\u015f Ha\u015flanm\u0131\u015f F\u0131st\u0131klar\u0131n Sa\u011fl\u0131k Faydalar\u0131<\/strong>:Ha\u015flanm\u0131\u015f f\u0131st\u0131klar, protein, sa\u011fl\u0131kl\u0131 ya\u011flar ve temel vitamin ve mineraller de dahil olmak \u00fczere \u00e7i\u011f f\u0131st\u0131\u011f\u0131n besinsel faydalar\u0131n\u0131n \u00e7o\u011funu korur ve bu da onlar\u0131 sa\u011fl\u0131k bilincine sahip t\u00fcketiciler i\u00e7in ak\u0131ll\u0131ca bir se\u00e7im haline getirir.<\/li>\n<li><strong>Temiz Etiketli \u0130\u00e7eriklere Y\u00f6nelik Artan Talep<\/strong>:Daha fazla t\u00fcketici minimum i\u015flemden ge\u00e7mi\u015f \u00fcr\u00fcnlere y\u00f6neldik\u00e7e, kavrulmu\u015f beyazlat\u0131lm\u0131\u015f f\u0131st\u0131klar, &quot;temiz etiketli&quot; olarak pazarlanan at\u0131\u015ft\u0131rmal\u0131klar ve g\u0131da \u00fcr\u00fcnleri i\u00e7in m\u00fckemmel bir bile\u015fen se\u00e7imi haline geliyor.<\/li>\n<li><strong>Yer F\u0131st\u0131\u011f\u0131 S\u00fcrd\u00fcr\u00fclebilirli\u011fi ve \u00c7evresel Etkisi<\/strong>:Di\u011fer kuruyemi\u015flerle kar\u015f\u0131la\u015ft\u0131r\u0131ld\u0131\u011f\u0131nda, beyazlat\u0131lm\u0131\u015f \u00e7e\u015fitleri de dahil olmak \u00fczere yer f\u0131st\u0131\u011f\u0131, yeti\u015ftirmek i\u00e7in daha az kayna\u011fa ihtiya\u00e7 duyar; bu da onu \u00e7evresel ayak izlerini azaltmak isteyen g\u0131da \u015firketleri i\u00e7in s\u00fcrd\u00fcr\u00fclebilir bir se\u00e7enek haline getirir.<\/li>\n<\/ul>\n<h3><strong>Kavrulmu\u015f Ha\u015flanm\u0131\u015f F\u0131st\u0131k \u00dcreticisi Olarak Rol\u00fcm\u00fcz Hakk\u0131nda SSS<\/strong><\/h3>\n<ol>\n<li><strong>Ha\u015flanm\u0131\u015f f\u0131st\u0131\u011f\u0131n faydalar\u0131 nelerdir?<\/strong><br \/>\nHa\u015flanm\u0131\u015f f\u0131st\u0131klar\u0131n kabuklar\u0131 soyulur, bu sayede daha temiz bir g\u00f6r\u00fcn\u00fcm ve tutarl\u0131 bir doku elde edilir. At\u0131\u015ft\u0131rmal\u0131k yiyecekler ve g\u00f6rsel a\u00e7\u0131dan \u00f6ne \u00e7\u0131kan \u00fcr\u00fcnler i\u00e7in idealdir.<\/li>\n<li><strong>\u00d6zel markal\u0131 \u00fcr\u00fcn se\u00e7enekleri sunuyor musunuz?<\/strong><br \/>\nEvet, markan\u0131z\u0131n ambalaj\u0131 ve \u00f6zelliklerine g\u00f6re tam \u00f6zelle\u015ftirme ile \u00f6zel etiketli \u00fcretim konusunda uzmanla\u015f\u0131yoruz.<\/li>\n<li><strong>Kavurma seviyesini \u00f6zelle\u015ftirebilir miyim?<\/strong><br \/>\nKesinlikle! Tercihlerinize ve pazar ihtiya\u00e7lar\u0131n\u0131za g\u00f6re uyarlanm\u0131\u015f a\u00e7\u0131k renkten koyu renge kadar kavurma se\u00e7enekleri sunuyoruz.<\/li>\n<li><strong>Tazeli\u011fi nas\u0131l koruyorsunuz?<\/strong><br \/>\nF\u0131st\u0131klar\u0131 depolama ve ta\u015f\u0131ma s\u0131ras\u0131nda taze ve y\u00fcksek kalitede kalmas\u0131n\u0131 sa\u011flamak i\u00e7in s\u0131cakl\u0131k kontroll\u00fc tesislerde sakl\u0131yoruz.<\/li>\n<li><strong>D\u00fcnya \u00e7ap\u0131nda ihracat yap\u0131yor musunuz?<\/strong><br \/>\nEvet, kavrulmu\u015f beyazlat\u0131lm\u0131\u015f f\u0131st\u0131klar\u0131 \u00e7e\u015fitli uluslararas\u0131 pazarlara etkili lojistikle ihra\u00e7 etme konusunda geni\u015f deneyime sahibiz.<\/li>\n<li><strong>F\u0131st\u0131klar\u0131n\u0131z\u0131n raf \u00f6mr\u00fc ne kadard\u0131r?<\/strong><br \/>\nKavrulmu\u015f beyazlat\u0131lm\u0131\u015f f\u0131st\u0131klar\u0131m\u0131z, uygun \u015fekilde sakland\u0131\u011f\u0131nda 12 ila 18 ay aras\u0131nda tazeli\u011fini ve lezzetini korur.<\/li>\n<li><strong>Kavrulmu\u015f ha\u015flanm\u0131\u015f f\u0131st\u0131\u011f\u0131n yayg\u0131n kullan\u0131mlar\u0131 nelerdir?<\/strong><br \/>\nAt\u0131\u015ft\u0131rmal\u0131k yiyeceklerde, \u015fekerlemelerde, f\u0131st\u0131k ezmesinde ve tuzlu ve f\u0131r\u0131nlanm\u0131\u015f yiyeceklerde malzeme olarak pop\u00fclerdirler.<\/li>\n<li><strong>Kavrulmu\u015f beyazlat\u0131lm\u0131\u015f f\u0131st\u0131k di\u011fer \u00e7e\u015fitlerle kar\u015f\u0131la\u015ft\u0131r\u0131ld\u0131\u011f\u0131nda nas\u0131ld\u0131r?<\/strong><br \/>\nKavrulmu\u015f beyazlat\u0131lm\u0131\u015f f\u0131st\u0131klar, kabuklar\u0131 \u00e7\u0131kar\u0131ld\u0131\u011f\u0131 i\u00e7in daha p\u00fcr\u00fczs\u00fcz ve temiz bir g\u00f6r\u00fcn\u00fcme sahiptir. Bu \u00f6zellik, onlar\u0131 tutarl\u0131 dokuya ihtiya\u00e7 duyan birinci s\u0131n\u0131f \u00fcr\u00fcnler i\u00e7in m\u00fckemmel k\u0131lar.<\/li>\n<\/ol>\n<div class=\"flex max-w-full flex-col flex-grow\">\n<div class=\"min-h-8 text-message flex w-full flex-col items-end gap-2 whitespace-normal break-words [.text-message+&amp;]:mt-5\" dir=\"auto\" data-message-author-role=\"assistant\" data-message-id=\"31ea6229-78d6-4c3f-8f61-fea9e8392c9b\">\n<div class=\"flex w-full flex-col gap-1 empty:hidden first:pt-[3px]\">\n<div class=\"markdown prose w-full break-words dark:prose-invert dark\">\n<a href=\"mailto:globepeanut@gmail.com\" class=\"button primary is-primary is-medium\"  >\n    <span>Bize e-posta g\u00f6nderin<\/span>\n  <\/a>\n\n<\/div>\n<\/div>\n<\/div>\n<\/div>\n<div class=\"mb-2 flex gap-3 empty:hidden -ml-2\">\n<div class=\"items-center justify-start rounded-xl p-1 flex\"><\/div>\n<\/div>","protected":false},"excerpt":{"rendered":"<p>Biz \u00c7in&#039;de Kavrulmu\u015f Beyazlat\u0131lm\u0131\u015f F\u0131st\u0131k \u00dcreticisi ve Tedarik\u00e7isiyiz<\/p>\n<p>\u2013 Adet: 1 ton<br \/>\n\u2013 OEM\/ODM hizmeti sunulmaktad\u0131r<br \/>\n\u2013 \u00dccretsiz numune mevcuttur<br \/>\n\u2013 \u00d6zelle\u015ftirmeyi kabul edin (\u00f6zellikler, boyutlar, renk, tasar\u0131m, vb.)<br \/>\n\u2013 T\u00fcr: Kavrulmu\u015f Yer F\u0131st\u0131\u011f\u0131 B\u00fct\u00fcn, Kavrulmu\u015f Yer F\u0131st\u0131\u011f\u0131 Yar\u0131s\u0131<\/p>\n<p>Kavrulmu\u015f Ha\u015flanm\u0131\u015f F\u0131st\u0131k fiyatlar\u0131n\u0131 \u00f6\u011frenmek istiyorsan\u0131z l\u00fctfen bizimle ileti\u015fime ge\u00e7iniz.<\/p>","protected":false},"featured_media":1701,"comment_status":"open","ping_status":"closed","template":"","meta":[],"product_cat":[37],"product_tag":[],"class_list":{"0":"post-1554","1":"product","2":"type-product","3":"status-publish","4":"has-post-thumbnail","6":"product_cat-roasted-peanut","8":"first","9":"instock","10":"shipping-taxable","11":"product-type-simple"},"yoast_head":"<!-- This site is optimized with the Yoast SEO plugin v24.9 - https:\/\/yoast.com\/wordpress\/plugins\/seo\/ -->\n<title>Roasted Blanched Peanut China Wholesaler - Peanut Butter Factory<\/title>\n<meta name=\"description\" content=\"High-quality Roasted Blanched Peanut OEM supplier, private label manufacturer, and exporter. Choose us for customizable solutions and global expertise.\" \/>\n<meta name=\"robots\" content=\"index, follow, max-snippet:-1, max-image-preview:large, max-video-preview:-1\" \/>\n<link rel=\"canonical\" href=\"https:\/\/www.peanutoem.com\/tr\/manufacturer\/roasted-blanched-peanut\/\" \/>\n<meta property=\"og:locale\" content=\"tr_TR\" \/>\n<meta property=\"og:type\" content=\"article\" \/>\n<meta property=\"og:title\" content=\"Roasted Blanched Peanut China Wholesaler - Peanut Butter Factory\" \/>\n<meta property=\"og:description\" content=\"High-quality Roasted Blanched Peanut OEM supplier, private label manufacturer, and exporter. Choose us for customizable solutions and global expertise.\" \/>\n<meta property=\"og:url\" content=\"https:\/\/www.peanutoem.com\/tr\/manufacturer\/roasted-blanched-peanut\/\" \/>\n<meta property=\"og:site_name\" content=\"Peanut Butter Factory\" \/>\n<meta property=\"article:modified_time\" content=\"2024-09-28T05:11:42+00:00\" \/>\n<meta property=\"og:image\" content=\"https:\/\/www.peanutoem.com\/wp-content\/uploads\/2024\/09\/Whole-Roast-Blanched-Peanut-.webp\" \/>\n\t<meta property=\"og:image:width\" content=\"1000\" \/>\n\t<meta property=\"og:image:height\" content=\"1000\" \/>\n\t<meta property=\"og:image:type\" content=\"image\/webp\" \/>\n<meta name=\"twitter:card\" content=\"summary_large_image\" \/>\n<meta name=\"twitter:label1\" content=\"Tahmini okuma s\u00fcresi\" \/>\n\t<meta name=\"twitter:data1\" content=\"4 dakika\" \/>\n<script type=\"application\/ld+json\" class=\"yoast-schema-graph\">{\"@context\":\"https:\/\/schema.org\",\"@graph\":[{\"@type\":\"WebPage\",\"@id\":\"https:\/\/www.peanutoem.com\/manufacturer\/roasted-blanched-peanut\/\",\"url\":\"https:\/\/www.peanutoem.com\/manufacturer\/roasted-blanched-peanut\/\",\"name\":\"Roasted Blanched Peanut China Wholesaler - Peanut Butter Factory\",\"isPartOf\":{\"@id\":\"https:\/\/www.peanutoem.com\/#website\"},\"primaryImageOfPage\":{\"@id\":\"https:\/\/www.peanutoem.com\/manufacturer\/roasted-blanched-peanut\/#primaryimage\"},\"image\":{\"@id\":\"https:\/\/www.peanutoem.com\/manufacturer\/roasted-blanched-peanut\/#primaryimage\"},\"thumbnailUrl\":\"https:\/\/www.peanutoem.com\/wp-content\/uploads\/2024\/09\/Whole-Roast-Blanched-Peanut-.webp\",\"datePublished\":\"2024-09-02T13:59:01+00:00\",\"dateModified\":\"2024-09-28T05:11:42+00:00\",\"description\":\"High-quality Roasted Blanched Peanut OEM supplier, private label manufacturer, and exporter. Choose us for customizable solutions and global expertise.\",\"breadcrumb\":{\"@id\":\"https:\/\/www.peanutoem.com\/manufacturer\/roasted-blanched-peanut\/#breadcrumb\"},\"inLanguage\":\"tr\",\"potentialAction\":[{\"@type\":\"ReadAction\",\"target\":[\"https:\/\/www.peanutoem.com\/manufacturer\/roasted-blanched-peanut\/\"]}]},{\"@type\":\"ImageObject\",\"inLanguage\":\"tr\",\"@id\":\"https:\/\/www.peanutoem.com\/manufacturer\/roasted-blanched-peanut\/#primaryimage\",\"url\":\"https:\/\/www.peanutoem.com\/wp-content\/uploads\/2024\/09\/Whole-Roast-Blanched-Peanut-.webp\",\"contentUrl\":\"https:\/\/www.peanutoem.com\/wp-content\/uploads\/2024\/09\/Whole-Roast-Blanched-Peanut-.webp\",\"width\":1000,\"height\":1000,\"caption\":\"Whole Roast Blanched Peanut\"},{\"@type\":\"BreadcrumbList\",\"@id\":\"https:\/\/www.peanutoem.com\/manufacturer\/roasted-blanched-peanut\/#breadcrumb\",\"itemListElement\":[{\"@type\":\"ListItem\",\"position\":1,\"name\":\"Home\",\"item\":\"https:\/\/www.peanutoem.com\/\"},{\"@type\":\"ListItem\",\"position\":2,\"name\":\"Products\",\"item\":\"https:\/\/www.peanutoem.com\/shop\/\"},{\"@type\":\"ListItem\",\"position\":3,\"name\":\"Roasted Blanched Peanut\"}]},{\"@type\":\"WebSite\",\"@id\":\"https:\/\/www.peanutoem.com\/#website\",\"url\":\"https:\/\/www.peanutoem.com\/\",\"name\":\"Peanut Butter Factory\",\"description\":\"Peanut Butter Manufacturer and Roast Peanut OEM Factory | Peanut Private Label China Supplier\",\"publisher\":{\"@id\":\"https:\/\/www.peanutoem.com\/#organization\"},\"alternateName\":\"Peanut Butter OEM and Wholesale\",\"potentialAction\":[{\"@type\":\"SearchAction\",\"target\":{\"@type\":\"EntryPoint\",\"urlTemplate\":\"https:\/\/www.peanutoem.com\/?s={search_term_string}\"},\"query-input\":{\"@type\":\"PropertyValueSpecification\",\"valueRequired\":true,\"valueName\":\"search_term_string\"}}],\"inLanguage\":\"tr\"},{\"@type\":\"Organization\",\"@id\":\"https:\/\/www.peanutoem.com\/#organization\",\"name\":\"Peanut Butter Factory\",\"alternateName\":\"JuFeng Group\",\"url\":\"https:\/\/www.peanutoem.com\/\",\"logo\":{\"@type\":\"ImageObject\",\"inLanguage\":\"tr\",\"@id\":\"https:\/\/www.peanutoem.com\/#\/schema\/logo\/image\/\",\"url\":\"https:\/\/www.peanutoem.com\/wp-content\/uploads\/2024\/09\/JUFENG-LOGO.png\",\"contentUrl\":\"https:\/\/www.peanutoem.com\/wp-content\/uploads\/2024\/09\/JUFENG-LOGO.png\",\"width\":600,\"height\":170,\"caption\":\"Peanut Butter Factory\"},\"image\":{\"@id\":\"https:\/\/www.peanutoem.com\/#\/schema\/logo\/image\/\"}}]}<\/script>\n<!-- \/ Yoast SEO plugin. -->","yoast_head_json":{"title":"Roasted Blanched Peanut China Wholesaler - Peanut Butter Factory","description":"High-quality Roasted Blanched Peanut OEM supplier, private label manufacturer, and exporter. Choose us for customizable solutions and global expertise.","robots":{"index":"index","follow":"follow","max-snippet":"max-snippet:-1","max-image-preview":"max-image-preview:large","max-video-preview":"max-video-preview:-1"},"canonical":"https:\/\/www.peanutoem.com\/tr\/manufacturer\/roasted-blanched-peanut\/","og_locale":"tr_TR","og_type":"article","og_title":"Roasted Blanched Peanut China Wholesaler - Peanut Butter Factory","og_description":"High-quality Roasted Blanched Peanut OEM supplier, private label manufacturer, and exporter. Choose us for customizable solutions and global expertise.","og_url":"https:\/\/www.peanutoem.com\/tr\/manufacturer\/roasted-blanched-peanut\/","og_site_name":"Peanut Butter Factory","article_modified_time":"2024-09-28T05:11:42+00:00","og_image":[{"width":1000,"height":1000,"url":"https:\/\/www.peanutoem.com\/wp-content\/uploads\/2024\/09\/Whole-Roast-Blanched-Peanut-.webp","type":"image\/webp"}],"twitter_card":"summary_large_image","twitter_misc":{"Tahmini okuma s\u00fcresi":"4 dakika"},"schema":{"@context":"https:\/\/schema.org","@graph":[{"@type":"WebPage","@id":"https:\/\/www.peanutoem.com\/manufacturer\/roasted-blanched-peanut\/","url":"https:\/\/www.peanutoem.com\/manufacturer\/roasted-blanched-peanut\/","name":"Roasted Blanched Peanut China Wholesaler - Peanut Butter Factory","isPartOf":{"@id":"https:\/\/www.peanutoem.com\/#website"},"primaryImageOfPage":{"@id":"https:\/\/www.peanutoem.com\/manufacturer\/roasted-blanched-peanut\/#primaryimage"},"image":{"@id":"https:\/\/www.peanutoem.com\/manufacturer\/roasted-blanched-peanut\/#primaryimage"},"thumbnailUrl":"https:\/\/www.peanutoem.com\/wp-content\/uploads\/2024\/09\/Whole-Roast-Blanched-Peanut-.webp","datePublished":"2024-09-02T13:59:01+00:00","dateModified":"2024-09-28T05:11:42+00:00","description":"High-quality Roasted Blanched Peanut OEM supplier, private label manufacturer, and exporter. Choose us for customizable solutions and global expertise.","breadcrumb":{"@id":"https:\/\/www.peanutoem.com\/manufacturer\/roasted-blanched-peanut\/#breadcrumb"},"inLanguage":"tr","potentialAction":[{"@type":"ReadAction","target":["https:\/\/www.peanutoem.com\/manufacturer\/roasted-blanched-peanut\/"]}]},{"@type":"ImageObject","inLanguage":"tr","@id":"https:\/\/www.peanutoem.com\/manufacturer\/roasted-blanched-peanut\/#primaryimage","url":"https:\/\/www.peanutoem.com\/wp-content\/uploads\/2024\/09\/Whole-Roast-Blanched-Peanut-.webp","contentUrl":"https:\/\/www.peanutoem.com\/wp-content\/uploads\/2024\/09\/Whole-Roast-Blanched-Peanut-.webp","width":1000,"height":1000,"caption":"Whole Roast Blanched Peanut"},{"@type":"BreadcrumbList","@id":"https:\/\/www.peanutoem.com\/manufacturer\/roasted-blanched-peanut\/#breadcrumb","itemListElement":[{"@type":"ListItem","position":1,"name":"Home","item":"https:\/\/www.peanutoem.com\/"},{"@type":"ListItem","position":2,"name":"Products","item":"https:\/\/www.peanutoem.com\/shop\/"},{"@type":"ListItem","position":3,"name":"Roasted Blanched Peanut"}]},{"@type":"WebSite","@id":"https:\/\/www.peanutoem.com\/#website","url":"https:\/\/www.peanutoem.com\/","name":"Peanut Butter Factory","description":"Peanut Butter Manufacturer and Roast Peanut OEM Factory | Peanut Private Label China Supplier","publisher":{"@id":"https:\/\/www.peanutoem.com\/#organization"},"alternateName":"Peanut Butter OEM and Wholesale","potentialAction":[{"@type":"SearchAction","target":{"@type":"EntryPoint","urlTemplate":"https:\/\/www.peanutoem.com\/?s={search_term_string}"},"query-input":{"@type":"PropertyValueSpecification","valueRequired":true,"valueName":"search_term_string"}}],"inLanguage":"tr"},{"@type":"Organization","@id":"https:\/\/www.peanutoem.com\/#organization","name":"Peanut Butter Factory","alternateName":"JuFeng Group","url":"https:\/\/www.peanutoem.com\/","logo":{"@type":"ImageObject","inLanguage":"tr","@id":"https:\/\/www.peanutoem.com\/#\/schema\/logo\/image\/","url":"https:\/\/www.peanutoem.com\/wp-content\/uploads\/2024\/09\/JUFENG-LOGO.png","contentUrl":"https:\/\/www.peanutoem.com\/wp-content\/uploads\/2024\/09\/JUFENG-LOGO.png","width":600,"height":170,"caption":"Peanut Butter Factory"},"image":{"@id":"https:\/\/www.peanutoem.com\/#\/schema\/logo\/image\/"}}]}},"_links":{"self":[{"href":"https:\/\/www.peanutoem.com\/tr\/wp-json\/wp\/v2\/product\/1554","targetHints":{"allow":["GET"]}}],"collection":[{"href":"https:\/\/www.peanutoem.com\/tr\/wp-json\/wp\/v2\/product"}],"about":[{"href":"https:\/\/www.peanutoem.com\/tr\/wp-json\/wp\/v2\/types\/product"}],"replies":[{"embeddable":true,"href":"https:\/\/www.peanutoem.com\/tr\/wp-json\/wp\/v2\/comments?post=1554"}],"wp:featuredmedia":[{"embeddable":true,"href":"https:\/\/www.peanutoem.com\/tr\/wp-json\/wp\/v2\/media\/1701"}],"wp:attachment":[{"href":"https:\/\/www.peanutoem.com\/tr\/wp-json\/wp\/v2\/media?parent=1554"}],"wp:term":[{"taxonomy":"product_cat","embeddable":true,"href":"https:\/\/www.peanutoem.com\/tr\/wp-json\/wp\/v2\/product_cat?post=1554"},{"taxonomy":"product_tag","embeddable":true,"href":"https:\/\/www.peanutoem.com\/tr\/wp-json\/wp\/v2\/product_tag?post=1554"}],"curies":[{"name":"wp","href":"https:\/\/api.w.org\/{rel}","templated":true}]}}