{"id":1556,"date":"2024-09-02T14:00:57","date_gmt":"2024-09-02T14:00:57","guid":{"rendered":"https:\/\/www.peanutoem.com\/?post_type=product&#038;p=1556"},"modified":"2024-09-28T04:23:49","modified_gmt":"2024-09-28T04:23:49","slug":"roasted-peanut-powder","status":"publish","type":"product","link":"https:\/\/www.peanutoem.com\/tr\/manufacturer\/roasted-peanut-powder\/","title":{"rendered":"Kavrulmu\u015f F\u0131st\u0131k Tozu"},"content":{"rendered":"<h3>Kavrulmu\u015f F\u0131st\u0131k Tozu Nedir?<\/h3>\n<p>Kavrulmu\u015f f\u0131st\u0131k tozu, f\u0131st\u0131klar\u0131n ince \u00f6\u011f\u00fct\u00fclmesi ve do\u011fal lezzetlerinin art\u0131r\u0131lmas\u0131yla yap\u0131l\u0131r. <a href=\"https:\/\/en.wikipedia.org\/wiki\/Roasting\" target=\"_blank\" rel=\"noopener\">kavurma<\/a> i\u015flem. Bu \u00e7ok y\u00f6nl\u00fc bile\u015fen, f\u0131st\u0131k at\u0131\u015ft\u0131rmal\u0131klar\u0131nda, f\u0131r\u0131nlanm\u0131\u015f \u00fcr\u00fcnlerde, soslarda ve protein tozlar\u0131nda birinci s\u0131n\u0131f bir bile\u015fen olarak hizmet ederek g\u0131da end\u00fcstrisinde pop\u00fclerdir. Kavurma i\u015flemi, f\u0131st\u0131klar\u0131n f\u0131nd\u0131ks\u0131 aromas\u0131n\u0131 \u00f6nemli \u00f6l\u00e7\u00fcde art\u0131rarak, onlar\u0131 zengin bir f\u0131st\u0131k aromas\u0131 arayan g\u0131da \u00fcreticileri i\u00e7in tercih edilen bir malzeme haline getirir. Toz formu, \u00e7e\u015fitli tariflere dahil edilmesini kolayla\u015ft\u0131r\u0131r ve ek suya ihtiya\u00e7 duymadan yiyeceklere zengin bir tat katar.<\/p>\n<h3><img loading=\"lazy\" decoding=\"async\" class=\"alignnone wp-image-1719 size-full\" src=\"https:\/\/www.peanutoem.com\/wp-content\/uploads\/2024\/09\/Roasted-Peanut-Powder-in-Pouch.webp\" alt=\"Po\u015fet \u0130\u00e7inde Kavrulmu\u015f F\u0131st\u0131k Tozu\" width=\"912\" height=\"1128\" srcset=\"https:\/\/www.peanutoem.com\/wp-content\/uploads\/2024\/09\/Roasted-Peanut-Powder-in-Pouch.webp 912w, https:\/\/www.peanutoem.com\/wp-content\/uploads\/2024\/09\/Roasted-Peanut-Powder-in-Pouch-243x300.webp 243w, https:\/\/www.peanutoem.com\/wp-content\/uploads\/2024\/09\/Roasted-Peanut-Powder-in-Pouch-828x1024.webp 828w, https:\/\/www.peanutoem.com\/wp-content\/uploads\/2024\/09\/Roasted-Peanut-Powder-in-Pouch-768x950.webp 768w, https:\/\/www.peanutoem.com\/wp-content\/uploads\/2024\/09\/Roasted-Peanut-Powder-in-Pouch-10x12.webp 10w, https:\/\/www.peanutoem.com\/wp-content\/uploads\/2024\/09\/Roasted-Peanut-Powder-in-Pouch-600x742.webp 600w\" sizes=\"auto, (max-width: 912px) 100vw, 912px\" \/><\/h3>\n<h3>Kavrulmu\u015f F\u0131st\u0131k Tozu i\u00e7in Alternatif \u0130simler<\/h3>\n<p>Kavrulmu\u015f F\u0131st\u0131k Tozu piyasada farkl\u0131 isimlerle bilinir. Baz\u0131 yayg\u0131n alternatifler \u015funlard\u0131r:<\/p>\n<ul>\n<li>F\u0131st\u0131k unu<\/li>\n<li>Kavrulmu\u015f Yer F\u0131st\u0131\u011f\u0131 Tozu<\/li>\n<li>F\u0131st\u0131k Unu<\/li>\n<li>Kavrulmu\u015f F\u0131st\u0131k Tozu<\/li>\n<li>Ya\u011fs\u0131z F\u0131st\u0131k Tozu<\/li>\n<\/ul>\n<div class=\"group\/conversation-turn relative flex w-full min-w-0 flex-col agent-turn\">\n<div class=\"flex-col gap-1 md:gap-3\">\n<h3>Kavrulmu\u015f F\u0131st\u0131k Tozu ile \u0130lgili \u0130lgili S\u0131cak Konular<\/h3>\n<ul>\n<li data-pm-slice=\"0 0 []\"><strong>Glutensiz Pi\u015firme Uygulamalar\u0131:<\/strong> Giderek daha fazla say\u0131da f\u0131r\u0131nc\u0131, glutensiz tariflerde un yerine kavrulmu\u015f f\u0131st\u0131k tozu kullanarak hem lezzeti hem de besin de\u011ferini art\u0131r\u0131yor.<\/li>\n<li><strong>Sa\u011fl\u0131k Faydalar\u0131:<\/strong> Kavrulmu\u015f f\u0131st\u0131k tozu, y\u00fcksek protein, lif ve sa\u011fl\u0131kl\u0131 ya\u011f i\u00e7eri\u011fi nedeniyle sa\u011fl\u0131k bilincine sahip t\u00fcketiciler taraf\u0131ndan \u00e7ekici bulunuyor.<\/li>\n<li><strong>Bitki Bazl\u0131 Proteine Y\u00f6nelik Artan Talep:<\/strong> Bitki bazl\u0131 beslenme yayg\u0131nla\u015ft\u0131k\u00e7a kavrulmu\u015f f\u0131st\u0131k tozu veganlar ve vejetaryenler i\u00e7in tercih edilen bir protein kayna\u011f\u0131 haline geliyor.<\/li>\n<li><strong>Glutensiz Pi\u015firme Uygulamalar\u0131:<\/strong> F\u0131r\u0131nc\u0131lar, glutensiz tariflerde un yerine, lezzeti ve besin de\u011ferini art\u0131ran kavrulmu\u015f f\u0131st\u0131k tozunu giderek daha fazla tercih ediyor.<\/li>\n<li><strong>Yenilik\u00e7i G\u0131da End\u00fcstrisi Kullan\u0131mlar\u0131:<\/strong> Bu \u00e7ok y\u00f6nl\u00fc i\u00e7erik, enerji barlar\u0131ndan soslara kadar \u00e7e\u015fitli \u00fcr\u00fcnlerin tad\u0131n\u0131 ve dokusunu geli\u015ftirir.<\/li>\n<li><strong>\u00d6zel Marka F\u0131rsatlar\u0131:<\/strong> Bir\u00e7ok marka, g\u00fcvenilir bir OEM orta\u011f\u0131 olarak bizimle birlikte \u00f6zelle\u015ftirilmi\u015f kavrulmu\u015f f\u0131st\u0131k tozu \u00e7\u00f6z\u00fcmleri sunarak, \u00f6zel etiketli f\u0131st\u0131k \u00fcr\u00fcnlerini tercih ediyor.<\/li>\n<\/ul>\n<h3 class=\"flex max-w-full flex-col flex-grow\"><span style=\"font-size: 20.16px;\">F\u0131st\u0131k i\u015fleme sekt\u00f6r\u00fcnde g\u00fcvenilir bir lider olarak, \u00e7e\u015fitli uygulamalar i\u00e7in birinci s\u0131n\u0131f Kavrulmu\u015f F\u0131st\u0131k Tozu sunuyoruz. \u0130\u015fte \u00f6ne \u00e7\u0131kmam\u0131z\u0131n nedeni:<\/span><\/h3>\n<ul>\n<li><strong>Son Teknoloji \u00dcretim:<\/strong> Geli\u015fmi\u015f \u00fcretim hatlar\u0131m\u0131z, tutarl\u0131 par\u00e7ac\u0131k boyutu ve lezzete sahip y\u00fcksek kaliteli kavrulmu\u015f f\u0131st\u0131k tozunun \u00fcretilmesini sa\u011flar.<\/li>\n<li><strong>\u00d6zelle\u015ftirilmi\u015f \u00c7\u00f6z\u00fcmler:<\/strong> OEM \u00fcreticisi olarak, benzersiz ihtiya\u00e7lar\u0131n\u0131z\u0131 kar\u015f\u0131lamak i\u00e7in \u00f6zel etiket hizmetleri, \u00f6zel kavurma seviyeleri ve esnek paketleme se\u00e7enekleri sunuyoruz.<\/li>\n<li><strong>S\u0131k\u0131 Kalite Kontrol\u00fc:<\/strong> Son teknoloji laboratuvarlar\u0131m\u0131zda titiz duyusal, kimyasal ve mikrobiyal testler yaparak en y\u00fcksek \u00fcr\u00fcn standartlar\u0131n\u0131 koruyoruz.<\/li>\n<li><strong>Sertifikalar ve Uyumluluk:<\/strong> BRCGS, HACCP, Helal, Ko\u015fer ve AB Organik sertifikalar\u0131m\u0131z, s\u0131k\u0131 kalite ve g\u00fcvenlik standartlar\u0131na uydu\u011fumuzu do\u011frulamaktad\u0131r.<\/li>\n<li><strong>K\u00fcresel \u0130hracat Uzmanl\u0131\u011f\u0131:<\/strong> Uluslararas\u0131 lojistikte geni\u015f deneyimimizle, d\u00fcnya \u00e7ap\u0131ndaki pazarlara sorunsuz ve g\u00fcvenilir bir ihracat s\u00fcreci garanti ediyoruz.<\/li>\n<li><strong>S\u00fcrd\u00fcr\u00fclebilirlik Taahh\u00fcd\u00fc:<\/strong> S\u00fcrd\u00fcr\u00fclebilir kaynak kullan\u0131m\u0131na ve \u00e7evre dostu \u00fcretim uygulamalar\u0131na \u00f6ncelik vererek f\u0131st\u0131k sekt\u00f6r\u00fcn\u00fcn daha iyi bir gelece\u011fe sahip olmas\u0131na katk\u0131da bulunuyoruz.<\/li>\n<\/ul>\n<h3>Neden Bizi Se\u00e7melisiniz?<\/h3>\n<ul>\n<li><strong>En \u0130yi Se\u00e7im:<\/strong> Son teknoloji, \u00f6zelle\u015ftirme se\u00e7enekleri ve k\u00fcresel sertifikalar\u0131m\u0131z bizi lider bir tedarik\u00e7i yapmaktad\u0131r.<\/li>\n<li><strong>\u00d6zel Paketleme:<\/strong> Paketleme ve markalaman\u0131z\u0131 ihtiya\u00e7lar\u0131n\u0131za g\u00f6re uyarlamak i\u00e7in \u00f6zel marka hizmetleri sunuyoruz.<\/li>\n<li><strong>Tazelik G\u00fcvencesi:<\/strong> S\u0131cakl\u0131k kontroll\u00fc depolama tesislerimizde, depolama ve sevkiyat s\u0131ras\u0131nda \u00fcr\u00fcn tazeli\u011fi korunur.<\/li>\n<li><strong>Kavurma Seviyeleri:<\/strong> Lezzet tercihlerinize uyacak \u015fekilde haz\u0131rlanm\u0131\u015f, a\u00e7\u0131k renkten koyu renge kadar \u00f6zelle\u015ftirilebilir kavurma seviyelerinin tad\u0131n\u0131 \u00e7\u0131kar\u0131n.<\/li>\n<li><strong>Toplu Sipari\u015fler:<\/strong> Toplu sipari\u015f ihtiya\u00e7lar\u0131n\u0131z\u0131 kolayca g\u00f6r\u00fc\u015fmek ve kar\u015f\u0131lamak i\u00e7in sat\u0131\u015f ekibimizle ileti\u015fime ge\u00e7in.<\/li>\n<li><strong>Sanayi Uygulamalar\u0131:<\/strong> Kavrulmu\u015f f\u0131st\u0131k tozumuz f\u0131r\u0131nc\u0131l\u0131kta, at\u0131\u015ft\u0131rmal\u0131k \u00fcretiminde, protein takviyelerinde, soslarda ve aromalarda pop\u00fclerdir.<\/li>\n<li><strong>Gl\u00fctensiz:<\/strong> Do\u011fal olarak gl\u00fctensiz oldu\u011fundan gl\u00fctensiz g\u0131da \u00fcr\u00fcnleri i\u00e7in m\u00fckemmel bir tercihtir.<\/li>\n<li><strong>Mevcut \u00d6rnekler:<\/strong> M\u00fc\u015fterilerimize \u00fcr\u00fcn\u00fcm\u00fcz\u00fcn kalitesini ve uygunlu\u011funu de\u011ferlendirebilmeleri i\u00e7in numune sa\u011fl\u0131yoruz.<\/li>\n<li><strong>K\u00fcresel Eri\u015fim:<\/strong> Kuzey Amerika, Avrupa, Asya ve Orta Do\u011fu pazarlar\u0131na ihracat yaparak g\u00fc\u00e7l\u00fc bir uluslararas\u0131 tedarik a\u011f\u0131 sa\u011fl\u0131yoruz.<\/li>\n<\/ul>\n<a href=\"mailto:globepeanut@gmail.com\" class=\"button primary is-primary is-medium\"  >\n    <span>Bize e-posta g\u00f6nderin<\/span>\n  <\/a>\n\n<\/div>\n<\/div>","protected":false},"excerpt":{"rendered":"<p>Biz \u00c7in&#039;de Kavrulmu\u015f F\u0131st\u0131k Tozu \u00dcreticisi ve Tedarik\u00e7isiyiz<\/p>\n<p>\u2013 Adet: 1 ton<br \/>\n\u2013 OEM\/ODM hizmeti sunulmaktad\u0131r<br \/>\n\u2013 \u00dccretsiz numune mevcuttur<br \/>\n\u2013 \u00d6zelle\u015ftirmeyi kabul edin (\u00f6zellikler, boyutlar, renk, tasar\u0131m, vb.)<br \/>\n\u2013 \u00d6zellikler (14 mesh daha k\u00fc\u00e7\u00fck veya ihtiyac\u0131n\u0131za g\u00f6re)<\/p>\n<p>Kavrulmu\u015f F\u0131st\u0131k Tozu almak istiyorsan\u0131z l\u00fctfen bizimle ileti\u015fime ge\u00e7iniz.<\/p>","protected":false},"featured_media":1714,"comment_status":"open","ping_status":"closed","template":"","meta":[],"product_cat":[37],"product_tag":[],"class_list":{"0":"post-1556","1":"product","2":"type-product","3":"status-publish","4":"has-post-thumbnail","6":"product_cat-roasted-peanut","8":"first","9":"instock","10":"shipping-taxable","11":"product-type-simple"},"yoast_head":"<!-- This site is optimized with the Yoast SEO plugin v24.9 - https:\/\/yoast.com\/wordpress\/plugins\/seo\/ -->\n<title>Roasted Peanut Powder Manufacturer - Peanut Butter Factory<\/title>\n<meta name=\"description\" content=\"We are a top OEM, private label manufacturer, and exporter of premium Roasted Peanut Powder, offering quality solutions globally.\" \/>\n<meta name=\"robots\" content=\"index, follow, max-snippet:-1, max-image-preview:large, max-video-preview:-1\" \/>\n<link rel=\"canonical\" href=\"https:\/\/www.peanutoem.com\/tr\/manufacturer\/roasted-peanut-powder\/\" \/>\n<meta property=\"og:locale\" content=\"tr_TR\" \/>\n<meta property=\"og:type\" content=\"article\" \/>\n<meta property=\"og:title\" content=\"Roasted Peanut Powder Manufacturer - Peanut Butter Factory\" \/>\n<meta property=\"og:description\" content=\"We are a top OEM, private label manufacturer, and exporter of premium Roasted Peanut Powder, offering quality solutions globally.\" \/>\n<meta property=\"og:url\" content=\"https:\/\/www.peanutoem.com\/tr\/manufacturer\/roasted-peanut-powder\/\" \/>\n<meta property=\"og:site_name\" content=\"Peanut Butter Factory\" \/>\n<meta property=\"article:modified_time\" content=\"2024-09-28T04:23:49+00:00\" \/>\n<meta property=\"og:image\" content=\"https:\/\/www.peanutoem.com\/wp-content\/uploads\/2024\/09\/Roasted-Peanut-Powder.webp\" \/>\n\t<meta property=\"og:image:width\" content=\"551\" \/>\n\t<meta property=\"og:image:height\" content=\"472\" \/>\n\t<meta property=\"og:image:type\" content=\"image\/webp\" \/>\n<meta name=\"twitter:card\" content=\"summary_large_image\" \/>\n<meta name=\"twitter:label1\" content=\"Tahmini okuma s\u00fcresi\" \/>\n\t<meta name=\"twitter:data1\" content=\"3 dakika\" \/>\n<script type=\"application\/ld+json\" class=\"yoast-schema-graph\">{\"@context\":\"https:\/\/schema.org\",\"@graph\":[{\"@type\":\"WebPage\",\"@id\":\"https:\/\/www.peanutoem.com\/manufacturer\/roasted-peanut-powder\/\",\"url\":\"https:\/\/www.peanutoem.com\/manufacturer\/roasted-peanut-powder\/\",\"name\":\"Roasted Peanut Powder Manufacturer - Peanut Butter Factory\",\"isPartOf\":{\"@id\":\"https:\/\/www.peanutoem.com\/#website\"},\"primaryImageOfPage\":{\"@id\":\"https:\/\/www.peanutoem.com\/manufacturer\/roasted-peanut-powder\/#primaryimage\"},\"image\":{\"@id\":\"https:\/\/www.peanutoem.com\/manufacturer\/roasted-peanut-powder\/#primaryimage\"},\"thumbnailUrl\":\"https:\/\/www.peanutoem.com\/wp-content\/uploads\/2024\/09\/Roasted-Peanut-Powder.webp\",\"datePublished\":\"2024-09-02T14:00:57+00:00\",\"dateModified\":\"2024-09-28T04:23:49+00:00\",\"description\":\"We are a top OEM, private label manufacturer, and exporter of premium Roasted Peanut Powder, offering quality solutions globally.\",\"breadcrumb\":{\"@id\":\"https:\/\/www.peanutoem.com\/manufacturer\/roasted-peanut-powder\/#breadcrumb\"},\"inLanguage\":\"tr\",\"potentialAction\":[{\"@type\":\"ReadAction\",\"target\":[\"https:\/\/www.peanutoem.com\/manufacturer\/roasted-peanut-powder\/\"]}]},{\"@type\":\"ImageObject\",\"inLanguage\":\"tr\",\"@id\":\"https:\/\/www.peanutoem.com\/manufacturer\/roasted-peanut-powder\/#primaryimage\",\"url\":\"https:\/\/www.peanutoem.com\/wp-content\/uploads\/2024\/09\/Roasted-Peanut-Powder.webp\",\"contentUrl\":\"https:\/\/www.peanutoem.com\/wp-content\/uploads\/2024\/09\/Roasted-Peanut-Powder.webp\",\"width\":551,\"height\":472,\"caption\":\"Roasted Peanut Powder\"},{\"@type\":\"BreadcrumbList\",\"@id\":\"https:\/\/www.peanutoem.com\/manufacturer\/roasted-peanut-powder\/#breadcrumb\",\"itemListElement\":[{\"@type\":\"ListItem\",\"position\":1,\"name\":\"Home\",\"item\":\"https:\/\/www.peanutoem.com\/\"},{\"@type\":\"ListItem\",\"position\":2,\"name\":\"Products\",\"item\":\"https:\/\/www.peanutoem.com\/shop\/\"},{\"@type\":\"ListItem\",\"position\":3,\"name\":\"Roasted Peanut Powder\"}]},{\"@type\":\"WebSite\",\"@id\":\"https:\/\/www.peanutoem.com\/#website\",\"url\":\"https:\/\/www.peanutoem.com\/\",\"name\":\"Peanut Butter Factory\",\"description\":\"Peanut Butter Manufacturer and Roast Peanut OEM Factory | Peanut Private Label China Supplier\",\"publisher\":{\"@id\":\"https:\/\/www.peanutoem.com\/#organization\"},\"alternateName\":\"Peanut Butter OEM and Wholesale\",\"potentialAction\":[{\"@type\":\"SearchAction\",\"target\":{\"@type\":\"EntryPoint\",\"urlTemplate\":\"https:\/\/www.peanutoem.com\/?s={search_term_string}\"},\"query-input\":{\"@type\":\"PropertyValueSpecification\",\"valueRequired\":true,\"valueName\":\"search_term_string\"}}],\"inLanguage\":\"tr\"},{\"@type\":\"Organization\",\"@id\":\"https:\/\/www.peanutoem.com\/#organization\",\"name\":\"Peanut Butter Factory\",\"alternateName\":\"JuFeng Group\",\"url\":\"https:\/\/www.peanutoem.com\/\",\"logo\":{\"@type\":\"ImageObject\",\"inLanguage\":\"tr\",\"@id\":\"https:\/\/www.peanutoem.com\/#\/schema\/logo\/image\/\",\"url\":\"https:\/\/www.peanutoem.com\/wp-content\/uploads\/2024\/09\/JUFENG-LOGO.png\",\"contentUrl\":\"https:\/\/www.peanutoem.com\/wp-content\/uploads\/2024\/09\/JUFENG-LOGO.png\",\"width\":600,\"height\":170,\"caption\":\"Peanut Butter Factory\"},\"image\":{\"@id\":\"https:\/\/www.peanutoem.com\/#\/schema\/logo\/image\/\"}}]}<\/script>\n<!-- \/ Yoast SEO plugin. -->","yoast_head_json":{"title":"Roasted Peanut Powder Manufacturer - Peanut Butter Factory","description":"We are a top OEM, private label manufacturer, and exporter of premium Roasted Peanut Powder, offering quality solutions globally.","robots":{"index":"index","follow":"follow","max-snippet":"max-snippet:-1","max-image-preview":"max-image-preview:large","max-video-preview":"max-video-preview:-1"},"canonical":"https:\/\/www.peanutoem.com\/tr\/manufacturer\/roasted-peanut-powder\/","og_locale":"tr_TR","og_type":"article","og_title":"Roasted Peanut Powder Manufacturer - Peanut Butter Factory","og_description":"We are a top OEM, private label manufacturer, and exporter of premium Roasted Peanut Powder, offering quality solutions globally.","og_url":"https:\/\/www.peanutoem.com\/tr\/manufacturer\/roasted-peanut-powder\/","og_site_name":"Peanut Butter Factory","article_modified_time":"2024-09-28T04:23:49+00:00","og_image":[{"width":551,"height":472,"url":"https:\/\/www.peanutoem.com\/wp-content\/uploads\/2024\/09\/Roasted-Peanut-Powder.webp","type":"image\/webp"}],"twitter_card":"summary_large_image","twitter_misc":{"Tahmini okuma s\u00fcresi":"3 dakika"},"schema":{"@context":"https:\/\/schema.org","@graph":[{"@type":"WebPage","@id":"https:\/\/www.peanutoem.com\/manufacturer\/roasted-peanut-powder\/","url":"https:\/\/www.peanutoem.com\/manufacturer\/roasted-peanut-powder\/","name":"Roasted Peanut Powder Manufacturer - Peanut Butter Factory","isPartOf":{"@id":"https:\/\/www.peanutoem.com\/#website"},"primaryImageOfPage":{"@id":"https:\/\/www.peanutoem.com\/manufacturer\/roasted-peanut-powder\/#primaryimage"},"image":{"@id":"https:\/\/www.peanutoem.com\/manufacturer\/roasted-peanut-powder\/#primaryimage"},"thumbnailUrl":"https:\/\/www.peanutoem.com\/wp-content\/uploads\/2024\/09\/Roasted-Peanut-Powder.webp","datePublished":"2024-09-02T14:00:57+00:00","dateModified":"2024-09-28T04:23:49+00:00","description":"We are a top OEM, private label manufacturer, and exporter of premium Roasted Peanut Powder, offering quality solutions globally.","breadcrumb":{"@id":"https:\/\/www.peanutoem.com\/manufacturer\/roasted-peanut-powder\/#breadcrumb"},"inLanguage":"tr","potentialAction":[{"@type":"ReadAction","target":["https:\/\/www.peanutoem.com\/manufacturer\/roasted-peanut-powder\/"]}]},{"@type":"ImageObject","inLanguage":"tr","@id":"https:\/\/www.peanutoem.com\/manufacturer\/roasted-peanut-powder\/#primaryimage","url":"https:\/\/www.peanutoem.com\/wp-content\/uploads\/2024\/09\/Roasted-Peanut-Powder.webp","contentUrl":"https:\/\/www.peanutoem.com\/wp-content\/uploads\/2024\/09\/Roasted-Peanut-Powder.webp","width":551,"height":472,"caption":"Roasted Peanut Powder"},{"@type":"BreadcrumbList","@id":"https:\/\/www.peanutoem.com\/manufacturer\/roasted-peanut-powder\/#breadcrumb","itemListElement":[{"@type":"ListItem","position":1,"name":"Home","item":"https:\/\/www.peanutoem.com\/"},{"@type":"ListItem","position":2,"name":"Products","item":"https:\/\/www.peanutoem.com\/shop\/"},{"@type":"ListItem","position":3,"name":"Roasted Peanut Powder"}]},{"@type":"WebSite","@id":"https:\/\/www.peanutoem.com\/#website","url":"https:\/\/www.peanutoem.com\/","name":"Peanut Butter Factory","description":"Peanut Butter Manufacturer and Roast Peanut OEM Factory | Peanut Private Label China Supplier","publisher":{"@id":"https:\/\/www.peanutoem.com\/#organization"},"alternateName":"Peanut Butter OEM and Wholesale","potentialAction":[{"@type":"SearchAction","target":{"@type":"EntryPoint","urlTemplate":"https:\/\/www.peanutoem.com\/?s={search_term_string}"},"query-input":{"@type":"PropertyValueSpecification","valueRequired":true,"valueName":"search_term_string"}}],"inLanguage":"tr"},{"@type":"Organization","@id":"https:\/\/www.peanutoem.com\/#organization","name":"Peanut Butter Factory","alternateName":"JuFeng Group","url":"https:\/\/www.peanutoem.com\/","logo":{"@type":"ImageObject","inLanguage":"tr","@id":"https:\/\/www.peanutoem.com\/#\/schema\/logo\/image\/","url":"https:\/\/www.peanutoem.com\/wp-content\/uploads\/2024\/09\/JUFENG-LOGO.png","contentUrl":"https:\/\/www.peanutoem.com\/wp-content\/uploads\/2024\/09\/JUFENG-LOGO.png","width":600,"height":170,"caption":"Peanut Butter Factory"},"image":{"@id":"https:\/\/www.peanutoem.com\/#\/schema\/logo\/image\/"}}]}},"_links":{"self":[{"href":"https:\/\/www.peanutoem.com\/tr\/wp-json\/wp\/v2\/product\/1556","targetHints":{"allow":["GET"]}}],"collection":[{"href":"https:\/\/www.peanutoem.com\/tr\/wp-json\/wp\/v2\/product"}],"about":[{"href":"https:\/\/www.peanutoem.com\/tr\/wp-json\/wp\/v2\/types\/product"}],"replies":[{"embeddable":true,"href":"https:\/\/www.peanutoem.com\/tr\/wp-json\/wp\/v2\/comments?post=1556"}],"wp:featuredmedia":[{"embeddable":true,"href":"https:\/\/www.peanutoem.com\/tr\/wp-json\/wp\/v2\/media\/1714"}],"wp:attachment":[{"href":"https:\/\/www.peanutoem.com\/tr\/wp-json\/wp\/v2\/media?parent=1556"}],"wp:term":[{"taxonomy":"product_cat","embeddable":true,"href":"https:\/\/www.peanutoem.com\/tr\/wp-json\/wp\/v2\/product_cat?post=1556"},{"taxonomy":"product_tag","embeddable":true,"href":"https:\/\/www.peanutoem.com\/tr\/wp-json\/wp\/v2\/product_tag?post=1556"}],"curies":[{"name":"wp","href":"https:\/\/api.w.org\/{rel}","templated":true}]}}