{"id":1637,"date":"2024-09-10T12:28:30","date_gmt":"2024-09-10T12:28:30","guid":{"rendered":"https:\/\/www.peanutoem.com\/?post_type=product&#038;p=1637"},"modified":"2024-10-06T09:58:03","modified_gmt":"2024-10-06T09:58:03","slug":"spicy-peanut-butter","status":"publish","type":"product","link":"https:\/\/www.peanutoem.com\/tr\/manufacturer\/spicy-peanut-butter\/","title":{"rendered":"Baharatl\u0131 F\u0131st\u0131k Ezmesi"},"content":{"rendered":"<h3>Baharatl\u0131 F\u0131st\u0131k Ezmesi Nedir?<\/h3>\n<p>Baharatl\u0131 f\u0131st\u0131k ezmesi, f\u0131st\u0131klar\u0131n kremsi veya \u00e7\u0131t\u0131r dokusunu baharatlardan gelen bir \u0131s\u0131yla birle\u015ftirerek geleneksel f\u0131st\u0131k ezmesinin lezzetli bir versiyonudur. <a href=\"https:\/\/en.wikipedia.org\/wiki\/Chili\" target=\"_blank\" rel=\"noopener\">ac\u0131 biber<\/a>, k\u0131rm\u0131z\u0131 biber veya ac\u0131 biber. Tatl\u0131 ve baharatl\u0131 tatlar\u0131 harmanlamay\u0131 sevenler, at\u0131\u015ft\u0131rmal\u0131klara, sandvi\u00e7lere ve tariflere heyecan katmak isteyenler i\u00e7in m\u00fckemmeldir. \u0130ster sos, ister s\u00fcrmelik veya malzeme olarak kullan\u0131ls\u0131n, baharatl\u0131 f\u0131st\u0131k ezmesi yemek tutkunlar\u0131 aras\u0131nda pop\u00fcler bir se\u00e7im haline geliyor.<\/p>\n<p><img loading=\"lazy\" decoding=\"async\" class=\"alignnone wp-image-1675 size-full\" src=\"https:\/\/www.peanutoem.com\/wp-content\/uploads\/2024\/09\/Spicy-Peanut-Butter-on-Table.webp\" alt=\"Masada Baharatl\u0131 F\u0131st\u0131k Ezmesi\" width=\"912\" height=\"1144\" srcset=\"https:\/\/www.peanutoem.com\/wp-content\/uploads\/2024\/09\/Spicy-Peanut-Butter-on-Table.webp 912w, https:\/\/www.peanutoem.com\/wp-content\/uploads\/2024\/09\/Spicy-Peanut-Butter-on-Table-239x300.webp 239w, https:\/\/www.peanutoem.com\/wp-content\/uploads\/2024\/09\/Spicy-Peanut-Butter-on-Table-816x1024.webp 816w, https:\/\/www.peanutoem.com\/wp-content\/uploads\/2024\/09\/Spicy-Peanut-Butter-on-Table-768x963.webp 768w, https:\/\/www.peanutoem.com\/wp-content\/uploads\/2024\/09\/Spicy-Peanut-Butter-on-Table-10x12.webp 10w, https:\/\/www.peanutoem.com\/wp-content\/uploads\/2024\/09\/Spicy-Peanut-Butter-on-Table-600x753.webp 600w\" sizes=\"auto, (max-width: 912px) 100vw, 912px\" \/><\/p>\n<h3>Baharatl\u0131 F\u0131st\u0131k Ezmesinin Di\u011fer \u0130simleri Nelerdir?<\/h3>\n<p>Baharatl\u0131 f\u0131st\u0131k ezmesi, b\u00f6lgeye ve lezzet profillerine ba\u011fl\u0131 olarak \u00e7e\u015fitli isimlerle an\u0131labilir. Bu isimler, \u0131s\u0131 bile\u015fenini vurgulayarak k\u00fcresel t\u00fcketicilerin benzersiz cazibesini anlamas\u0131n\u0131 kolayla\u015ft\u0131r\u0131r. Baz\u0131 alternatif isimler \u015funlard\u0131r:<\/p>\n<ul>\n<li>S\u0131cak f\u0131st\u0131k ezmesi<\/li>\n<li>Ac\u0131 soslu f\u0131st\u0131k ezmesi<\/li>\n<li>Ate\u015fli f\u0131st\u0131k ezmesi ezmesi<\/li>\n<li>Baharatl\u0131 f\u0131nd\u0131k ezmesi<\/li>\n<li>Baharatl\u0131 f\u0131st\u0131k ezmesi<\/li>\n<\/ul>\n<p><span style=\"font-size: 20.16px;\">S\u0131cak Konular<\/span><\/p>\n<ul>\n<li><strong>Baharatl\u0131 F\u0131st\u0131k Ezmesi Tariflerini Ke\u015ffetmek<\/strong><br \/>\nBaharatl\u0131 f\u0131st\u0131k ezmesi mutfakta yarat\u0131c\u0131 bir g\u00fc\u00e7 merkezidir, sadece lezzetli bir sos olarak de\u011fil ayn\u0131 zamanda \u00e7e\u015fitli yemeklerde de par\u0131ldar. Asya usul\u00fc sotelere ate\u015fli bir dokunu\u015f katar, k\u0131zarm\u0131\u015f yiyeceklerin ve \u0131zgara etlerin tad\u0131n\u0131 zenginle\u015ftirir ve malzemeleri keyifli s\u00fcrprizlerle a\u015f\u0131layan bir marine g\u00f6revi g\u00f6r\u00fcr. Kahvalt\u0131da baharatl\u0131 tosttan ak\u015fam yeme\u011finde tuzlu eri\u015fteye kadar her yemek bu malzeme sayesinde benzersiz bir \u00e7ekicilik yayar.<\/li>\n<li><strong>Lezzetin Arkas\u0131ndaki Sa\u011fl\u0131k Faydalar\u0131<\/strong><br \/>\nBu lezzetli ezme ayn\u0131 zamanda bir besin hazinesidir. Y\u00fcksek proteini ve sa\u011fl\u0131kl\u0131 ya\u011flar\u0131 v\u00fccuda enerji verirken, kapsaisin dama\u011f\u0131 uyar\u0131r ve sindirime yard\u0131mc\u0131 olur. Dahas\u0131, metabolizmay\u0131 ve kalp sa\u011fl\u0131\u011f\u0131n\u0131 destekleyerek lezzet ve sa\u011fl\u0131\u011f\u0131 etkili bir \u015fekilde birle\u015ftirir.<\/li>\n<li><strong>Bunu G\u00fcnl\u00fck \u00d6\u011f\u00fcnlerinize Dahil Edin<\/strong><br \/>\nBaharatl\u0131 f\u0131st\u0131k ezmesini g\u00fcnl\u00fck diyetinize entegre etmek hem kolay hem de keyiflidir. Kahvalt\u0131 tostu i\u00e7in m\u00fckemmel bir e\u015flik\u00e7i g\u00f6revi g\u00f6r\u00fcr, \u00f6\u011fleden sonra smoothielerine lezzet katar ve ak\u015fam yeme\u011fi burritolar\u0131n\u0131 zenginle\u015ftirerek her \u00f6\u011f\u00fcne taze bir tat katar.<\/li>\n<li><strong>Y\u00fckseli\u015fte Olan K\u00fcresel Bir Trend<\/strong><br \/>\nBaharatl\u0131 f\u0131st\u0131k ezmesi h\u0131zla s\u0131n\u0131r \u00f6tesi bir y\u0131ld\u0131z olarak ortaya \u00e7\u0131k\u0131yor. Lokantac\u0131lar\u0131n zevkleri \u00e7e\u015fitlendik\u00e7e, b\u00f6lgesel s\u0131n\u0131rlar\u0131 a\u015farak d\u00fcnya \u00e7ap\u0131ndaki hayranlar\u0131 b\u00fcy\u00fcl\u00fcyor. Bu yay\u0131lma, yeni bir \u015fey denemek isteyen macerac\u0131 yiyenleri \u00e7ekerek lezzet ke\u015ffinde \u00f6nc\u00fcl\u00fck ediyor.<\/li>\n<\/ul>\n<hr \/>\n<h3>Baharatl\u0131 F\u0131st\u0131k Ezmesi SSS<\/h3>\n<ol>\n<li><strong>Baharatl\u0131 f\u0131st\u0131k ezmesi ihtiyac\u0131n\u0131zda neden bizi se\u00e7melisiniz?<\/strong><br \/>\nHer \u00fcr\u00fcn\u00fcn markan\u0131z\u0131n vizyonu ve pazar talepleriyle m\u00fckemmel bir \u015fekilde uyumlu olmas\u0131n\u0131 sa\u011flayarak, tam \u00f6zelle\u015ftirme se\u00e7enekleriyle kapsaml\u0131 OEM hizmetleri sunuyoruz.<\/li>\n<li><strong>Ac\u0131l\u0131k seviyesini ayarlay\u0131p kendinize \u00f6zel bir form\u00fcl yaratabilir misiniz?<\/strong><br \/>\nKesinlikle! Baharatl\u0131l\u0131\u011f\u0131 hafiften ekstra ac\u0131ya kadar ayarlayabilir ve markan\u0131za \u00f6zel benzersiz form\u00fcller geli\u015ftirebiliriz.<\/li>\n<li><strong>Hangi paketleme ve sertifikasyon se\u00e7eneklerini sunuyorsunuz?<\/strong><br \/>\nMarkan\u0131za uyacak \u015fekilde \u00f6zelle\u015ftirilebilen kavanozlar, \u015fi\u015feler, kartonlar, f\u0131\u00e7\u0131lar, kovalar, s\u0131kma torbalar\u0131 ve toplu kaplar gibi geni\u015f bir yelpazede paketleme \u00e7\u00f6z\u00fcmleri sunuyoruz. Ayr\u0131ca, \u00fcr\u00fcnlerimizin uluslararas\u0131 standartlara uygun olmas\u0131n\u0131 sa\u011flayan HACCP, Ko\u015fer, Helal ve BRCGS gibi sertifikalara sahibiz.<\/li>\n<li><strong>Organik baharatl\u0131 f\u0131st\u0131k ezmesi ve numune partileri sa\u011fl\u0131yor musunuz?<\/strong><br \/>\nEvet, sa\u011fl\u0131k bilincine sahip t\u00fcketiciler i\u00e7in do\u011fal i\u00e7eriklerle \u00fcretilen AB Organik Sertifikal\u0131 baharatl\u0131 f\u0131st\u0131k ezmesi \u00fcretiyoruz. Ayr\u0131ca, b\u00fcy\u00fck bir sipari\u015f vermeden \u00f6nce \u00fcr\u00fcn\u00fc test edebilmeniz i\u00e7in numune partileri sunuyoruz.<\/li>\n<li><strong>Kaliteyi nas\u0131l sa\u011fl\u0131yorsunuz ve teslim s\u00fcreleriniz nedir?<\/strong><br \/>\nDahili laboratuvar\u0131m\u0131zdaki titiz testlerimiz, verimli lojistikle birle\u015fti\u011finde tutarl\u0131 kaliteyi garanti eder. Ayr\u0131ca sipari\u015f hacmine ve var\u0131\u015f noktas\u0131na g\u00f6re h\u0131zl\u0131 teslimat s\u00fcreleri de sa\u011fl\u0131yoruz.<\/li>\n<li><strong>D\u00fcnya \u00e7ap\u0131nda ihracat yap\u0131yor musunuz?<\/strong><br \/>\nEvet, k\u00fcresel ihracat konusunda kapsaml\u0131 deneyime sahibiz, sorunsuz teslimat\u0131 garantilemek i\u00e7in gerekli t\u00fcm evrak i\u015flerini ve d\u00fczenlemeleri y\u00f6netiyoruz.<\/li>\n<\/ol>\n<hr \/>\n<h3><img loading=\"lazy\" decoding=\"async\" class=\"alignnone wp-image-1677 size-full\" src=\"https:\/\/www.peanutoem.com\/wp-content\/uploads\/2024\/09\/Spicy-Peanut-Butter-Spread-on-Food.webp\" alt=\"Yemeklere S\u00fcr\u00fclen Baharatl\u0131 F\u0131st\u0131k Ezmesi\" width=\"896\" height=\"1152\" srcset=\"https:\/\/www.peanutoem.com\/wp-content\/uploads\/2024\/09\/Spicy-Peanut-Butter-Spread-on-Food.webp 896w, https:\/\/www.peanutoem.com\/wp-content\/uploads\/2024\/09\/Spicy-Peanut-Butter-Spread-on-Food-233x300.webp 233w, https:\/\/www.peanutoem.com\/wp-content\/uploads\/2024\/09\/Spicy-Peanut-Butter-Spread-on-Food-796x1024.webp 796w, https:\/\/www.peanutoem.com\/wp-content\/uploads\/2024\/09\/Spicy-Peanut-Butter-Spread-on-Food-768x987.webp 768w, https:\/\/www.peanutoem.com\/wp-content\/uploads\/2024\/09\/Spicy-Peanut-Butter-Spread-on-Food-9x12.webp 9w, https:\/\/www.peanutoem.com\/wp-content\/uploads\/2024\/09\/Spicy-Peanut-Butter-Spread-on-Food-600x771.webp 600w\" sizes=\"auto, (max-width: 896px) 100vw, 896px\" \/><\/h3>\n<a href=\"mailto:globepeanut@gmail.com\" class=\"button primary is-primary is-medium\"  >\n    <span>Bize e-posta g\u00f6nderin<\/span>\n  <\/a>","protected":false},"excerpt":{"rendered":"<table width=\"564\">\n<tbody>\n<tr>\n<td width=\"113\"><strong>\u00dcr\u00fcn Ad\u0131<\/strong><\/td>\n<td width=\"402\">Baharatl\u0131 F\u0131st\u0131k Ezmesi<\/td>\n<\/tr>\n<tr>\n<td width=\"113\"><strong>\u00d6zellikler<\/strong><\/td>\n<td width=\"402\">200gx36, 227gx24, 340gx12, 375gx12, 500gx12, 510gx12, 1kgx12, 10kgx1, 20kgx1, 220kgx1<\/td>\n<\/tr>\n<tr>\n<td width=\"113\"><strong>Paketleme Formu<\/strong><\/td>\n<td width=\"402\">Kavanoz, Kova, Doy Pack, \u00c7anta, Karton, Teneke, F\u0131\u00e7\u0131, Kutu, \u015ei\u015fe, vb.<\/td>\n<\/tr>\n<tr>\n<td width=\"113\"><strong>Teslimat s\u00fcresi<\/strong><\/td>\n<td width=\"402\">Sipari\u015ften 7~20 G\u00fcn Sonra<\/td>\n<\/tr>\n<tr>\n<td width=\"113\"><strong>Minimum Sipari\u015f Adedi<\/strong><\/td>\n<td width=\"402\">Bir Ton<\/td>\n<\/tr>\n<tr>\n<td width=\"113\"><strong>\u00d6rnek<\/strong><\/td>\n<td width=\"402\">\u00dccretsiz \u00d6rnek Mevcuttur<\/td>\n<\/tr>\n<tr>\n<td width=\"113\"><strong>OEM<\/strong><\/td>\n<td width=\"402\">Al\u0131c\u0131n\u0131n Etiketi Kabul Edildi<\/td>\n<\/tr>\n<\/tbody>\n<\/table>","protected":false},"featured_media":1668,"comment_status":"open","ping_status":"closed","template":"","meta":[],"product_cat":[15],"product_tag":[],"class_list":{"0":"post-1637","1":"product","2":"type-product","3":"status-publish","4":"has-post-thumbnail","6":"product_cat-peanut-butter","8":"first","9":"instock","10":"shipping-taxable","11":"product-type-simple"},"yoast_head":"<!-- This site is optimized with the Yoast SEO plugin v24.9 - https:\/\/yoast.com\/wordpress\/plugins\/seo\/ -->\n<title>Spicy Peanut Butter China Manufacturer OEM - Peanut Butter Factory<\/title>\n<meta name=\"description\" content=\"Leading spicy peanut butter OEM private label manufacturer and exporter. Order your premium quality, custom-made spicy peanut butter.\" \/>\n<meta name=\"robots\" content=\"index, follow, max-snippet:-1, max-image-preview:large, max-video-preview:-1\" \/>\n<link rel=\"canonical\" href=\"https:\/\/www.peanutoem.com\/tr\/manufacturer\/spicy-peanut-butter\/\" \/>\n<meta property=\"og:locale\" content=\"tr_TR\" \/>\n<meta property=\"og:type\" content=\"article\" \/>\n<meta property=\"og:title\" content=\"Spicy Peanut Butter China Manufacturer OEM - Peanut Butter Factory\" \/>\n<meta property=\"og:description\" content=\"Leading spicy peanut butter OEM private label manufacturer and exporter. Order your premium quality, custom-made spicy peanut butter.\" \/>\n<meta property=\"og:url\" content=\"https:\/\/www.peanutoem.com\/tr\/manufacturer\/spicy-peanut-butter\/\" \/>\n<meta property=\"og:site_name\" content=\"Peanut Butter Factory\" \/>\n<meta property=\"article:modified_time\" content=\"2024-10-06T09:58:03+00:00\" \/>\n<meta property=\"og:image\" content=\"https:\/\/www.peanutoem.com\/wp-content\/uploads\/2024\/09\/Spicy-Peanut-Butter.webp\" \/>\n\t<meta property=\"og:image:width\" content=\"1000\" \/>\n\t<meta property=\"og:image:height\" content=\"1000\" \/>\n\t<meta property=\"og:image:type\" content=\"image\/webp\" \/>\n<meta name=\"twitter:card\" content=\"summary_large_image\" \/>\n<meta name=\"twitter:label1\" content=\"Tahmini okuma s\u00fcresi\" \/>\n\t<meta name=\"twitter:data1\" content=\"4 dakika\" \/>\n<script type=\"application\/ld+json\" class=\"yoast-schema-graph\">{\"@context\":\"https:\/\/schema.org\",\"@graph\":[{\"@type\":\"WebPage\",\"@id\":\"https:\/\/www.peanutoem.com\/manufacturer\/spicy-peanut-butter\/\",\"url\":\"https:\/\/www.peanutoem.com\/manufacturer\/spicy-peanut-butter\/\",\"name\":\"Spicy Peanut Butter China Manufacturer OEM - Peanut Butter Factory\",\"isPartOf\":{\"@id\":\"https:\/\/www.peanutoem.com\/#website\"},\"primaryImageOfPage\":{\"@id\":\"https:\/\/www.peanutoem.com\/manufacturer\/spicy-peanut-butter\/#primaryimage\"},\"image\":{\"@id\":\"https:\/\/www.peanutoem.com\/manufacturer\/spicy-peanut-butter\/#primaryimage\"},\"thumbnailUrl\":\"https:\/\/www.peanutoem.com\/wp-content\/uploads\/2024\/09\/Spicy-Peanut-Butter.webp\",\"datePublished\":\"2024-09-10T12:28:30+00:00\",\"dateModified\":\"2024-10-06T09:58:03+00:00\",\"description\":\"Leading spicy peanut butter OEM private label manufacturer and exporter. Order your premium quality, custom-made spicy peanut butter.\",\"breadcrumb\":{\"@id\":\"https:\/\/www.peanutoem.com\/manufacturer\/spicy-peanut-butter\/#breadcrumb\"},\"inLanguage\":\"tr\",\"potentialAction\":[{\"@type\":\"ReadAction\",\"target\":[\"https:\/\/www.peanutoem.com\/manufacturer\/spicy-peanut-butter\/\"]}]},{\"@type\":\"ImageObject\",\"inLanguage\":\"tr\",\"@id\":\"https:\/\/www.peanutoem.com\/manufacturer\/spicy-peanut-butter\/#primaryimage\",\"url\":\"https:\/\/www.peanutoem.com\/wp-content\/uploads\/2024\/09\/Spicy-Peanut-Butter.webp\",\"contentUrl\":\"https:\/\/www.peanutoem.com\/wp-content\/uploads\/2024\/09\/Spicy-Peanut-Butter.webp\",\"width\":1000,\"height\":1000,\"caption\":\"Spicy Peanut Butter\"},{\"@type\":\"BreadcrumbList\",\"@id\":\"https:\/\/www.peanutoem.com\/manufacturer\/spicy-peanut-butter\/#breadcrumb\",\"itemListElement\":[{\"@type\":\"ListItem\",\"position\":1,\"name\":\"Home\",\"item\":\"https:\/\/www.peanutoem.com\/\"},{\"@type\":\"ListItem\",\"position\":2,\"name\":\"Products\",\"item\":\"https:\/\/www.peanutoem.com\/shop\/\"},{\"@type\":\"ListItem\",\"position\":3,\"name\":\"Spicy Peanut Butter\"}]},{\"@type\":\"WebSite\",\"@id\":\"https:\/\/www.peanutoem.com\/#website\",\"url\":\"https:\/\/www.peanutoem.com\/\",\"name\":\"Peanut Butter Factory\",\"description\":\"Peanut Butter Manufacturer and Roast Peanut OEM Factory | Peanut Private Label China Supplier\",\"publisher\":{\"@id\":\"https:\/\/www.peanutoem.com\/#organization\"},\"alternateName\":\"Peanut Butter OEM and Wholesale\",\"potentialAction\":[{\"@type\":\"SearchAction\",\"target\":{\"@type\":\"EntryPoint\",\"urlTemplate\":\"https:\/\/www.peanutoem.com\/?s={search_term_string}\"},\"query-input\":{\"@type\":\"PropertyValueSpecification\",\"valueRequired\":true,\"valueName\":\"search_term_string\"}}],\"inLanguage\":\"tr\"},{\"@type\":\"Organization\",\"@id\":\"https:\/\/www.peanutoem.com\/#organization\",\"name\":\"Peanut Butter Factory\",\"alternateName\":\"JuFeng Group\",\"url\":\"https:\/\/www.peanutoem.com\/\",\"logo\":{\"@type\":\"ImageObject\",\"inLanguage\":\"tr\",\"@id\":\"https:\/\/www.peanutoem.com\/#\/schema\/logo\/image\/\",\"url\":\"https:\/\/www.peanutoem.com\/wp-content\/uploads\/2024\/09\/JUFENG-LOGO.png\",\"contentUrl\":\"https:\/\/www.peanutoem.com\/wp-content\/uploads\/2024\/09\/JUFENG-LOGO.png\",\"width\":600,\"height\":170,\"caption\":\"Peanut Butter Factory\"},\"image\":{\"@id\":\"https:\/\/www.peanutoem.com\/#\/schema\/logo\/image\/\"}}]}<\/script>\n<!-- \/ Yoast SEO plugin. -->","yoast_head_json":{"title":"Spicy Peanut Butter China Manufacturer OEM - Peanut Butter Factory","description":"Leading spicy peanut butter OEM private label manufacturer and exporter. Order your premium quality, custom-made spicy peanut butter.","robots":{"index":"index","follow":"follow","max-snippet":"max-snippet:-1","max-image-preview":"max-image-preview:large","max-video-preview":"max-video-preview:-1"},"canonical":"https:\/\/www.peanutoem.com\/tr\/manufacturer\/spicy-peanut-butter\/","og_locale":"tr_TR","og_type":"article","og_title":"Spicy Peanut Butter China Manufacturer OEM - Peanut Butter Factory","og_description":"Leading spicy peanut butter OEM private label manufacturer and exporter. Order your premium quality, custom-made spicy peanut butter.","og_url":"https:\/\/www.peanutoem.com\/tr\/manufacturer\/spicy-peanut-butter\/","og_site_name":"Peanut Butter Factory","article_modified_time":"2024-10-06T09:58:03+00:00","og_image":[{"width":1000,"height":1000,"url":"https:\/\/www.peanutoem.com\/wp-content\/uploads\/2024\/09\/Spicy-Peanut-Butter.webp","type":"image\/webp"}],"twitter_card":"summary_large_image","twitter_misc":{"Tahmini okuma s\u00fcresi":"4 dakika"},"schema":{"@context":"https:\/\/schema.org","@graph":[{"@type":"WebPage","@id":"https:\/\/www.peanutoem.com\/manufacturer\/spicy-peanut-butter\/","url":"https:\/\/www.peanutoem.com\/manufacturer\/spicy-peanut-butter\/","name":"Spicy Peanut Butter China Manufacturer OEM - Peanut Butter Factory","isPartOf":{"@id":"https:\/\/www.peanutoem.com\/#website"},"primaryImageOfPage":{"@id":"https:\/\/www.peanutoem.com\/manufacturer\/spicy-peanut-butter\/#primaryimage"},"image":{"@id":"https:\/\/www.peanutoem.com\/manufacturer\/spicy-peanut-butter\/#primaryimage"},"thumbnailUrl":"https:\/\/www.peanutoem.com\/wp-content\/uploads\/2024\/09\/Spicy-Peanut-Butter.webp","datePublished":"2024-09-10T12:28:30+00:00","dateModified":"2024-10-06T09:58:03+00:00","description":"Leading spicy peanut butter OEM private label manufacturer and exporter. Order your premium quality, custom-made spicy peanut butter.","breadcrumb":{"@id":"https:\/\/www.peanutoem.com\/manufacturer\/spicy-peanut-butter\/#breadcrumb"},"inLanguage":"tr","potentialAction":[{"@type":"ReadAction","target":["https:\/\/www.peanutoem.com\/manufacturer\/spicy-peanut-butter\/"]}]},{"@type":"ImageObject","inLanguage":"tr","@id":"https:\/\/www.peanutoem.com\/manufacturer\/spicy-peanut-butter\/#primaryimage","url":"https:\/\/www.peanutoem.com\/wp-content\/uploads\/2024\/09\/Spicy-Peanut-Butter.webp","contentUrl":"https:\/\/www.peanutoem.com\/wp-content\/uploads\/2024\/09\/Spicy-Peanut-Butter.webp","width":1000,"height":1000,"caption":"Spicy Peanut Butter"},{"@type":"BreadcrumbList","@id":"https:\/\/www.peanutoem.com\/manufacturer\/spicy-peanut-butter\/#breadcrumb","itemListElement":[{"@type":"ListItem","position":1,"name":"Home","item":"https:\/\/www.peanutoem.com\/"},{"@type":"ListItem","position":2,"name":"Products","item":"https:\/\/www.peanutoem.com\/shop\/"},{"@type":"ListItem","position":3,"name":"Spicy Peanut Butter"}]},{"@type":"WebSite","@id":"https:\/\/www.peanutoem.com\/#website","url":"https:\/\/www.peanutoem.com\/","name":"Peanut Butter Factory","description":"Peanut Butter Manufacturer and Roast Peanut OEM Factory | Peanut Private Label China Supplier","publisher":{"@id":"https:\/\/www.peanutoem.com\/#organization"},"alternateName":"Peanut Butter OEM and Wholesale","potentialAction":[{"@type":"SearchAction","target":{"@type":"EntryPoint","urlTemplate":"https:\/\/www.peanutoem.com\/?s={search_term_string}"},"query-input":{"@type":"PropertyValueSpecification","valueRequired":true,"valueName":"search_term_string"}}],"inLanguage":"tr"},{"@type":"Organization","@id":"https:\/\/www.peanutoem.com\/#organization","name":"Peanut Butter Factory","alternateName":"JuFeng Group","url":"https:\/\/www.peanutoem.com\/","logo":{"@type":"ImageObject","inLanguage":"tr","@id":"https:\/\/www.peanutoem.com\/#\/schema\/logo\/image\/","url":"https:\/\/www.peanutoem.com\/wp-content\/uploads\/2024\/09\/JUFENG-LOGO.png","contentUrl":"https:\/\/www.peanutoem.com\/wp-content\/uploads\/2024\/09\/JUFENG-LOGO.png","width":600,"height":170,"caption":"Peanut Butter Factory"},"image":{"@id":"https:\/\/www.peanutoem.com\/#\/schema\/logo\/image\/"}}]}},"_links":{"self":[{"href":"https:\/\/www.peanutoem.com\/tr\/wp-json\/wp\/v2\/product\/1637","targetHints":{"allow":["GET"]}}],"collection":[{"href":"https:\/\/www.peanutoem.com\/tr\/wp-json\/wp\/v2\/product"}],"about":[{"href":"https:\/\/www.peanutoem.com\/tr\/wp-json\/wp\/v2\/types\/product"}],"replies":[{"embeddable":true,"href":"https:\/\/www.peanutoem.com\/tr\/wp-json\/wp\/v2\/comments?post=1637"}],"wp:featuredmedia":[{"embeddable":true,"href":"https:\/\/www.peanutoem.com\/tr\/wp-json\/wp\/v2\/media\/1668"}],"wp:attachment":[{"href":"https:\/\/www.peanutoem.com\/tr\/wp-json\/wp\/v2\/media?parent=1637"}],"wp:term":[{"taxonomy":"product_cat","embeddable":true,"href":"https:\/\/www.peanutoem.com\/tr\/wp-json\/wp\/v2\/product_cat?post=1637"},{"taxonomy":"product_tag","embeddable":true,"href":"https:\/\/www.peanutoem.com\/tr\/wp-json\/wp\/v2\/product_tag?post=1637"}],"curies":[{"name":"wp","href":"https:\/\/api.w.org\/{rel}","templated":true}]}}