{"id":1638,"date":"2024-09-10T12:30:11","date_gmt":"2024-09-10T12:30:11","guid":{"rendered":"https:\/\/www.peanutoem.com\/?post_type=product&#038;p=1638"},"modified":"2024-10-06T09:55:00","modified_gmt":"2024-10-06T09:55:00","slug":"chocolate-peanut-butter","status":"publish","type":"product","link":"https:\/\/www.peanutoem.com\/tr\/manufacturer\/chocolate-peanut-butter\/","title":{"rendered":"\u00c7ikolatal\u0131 F\u0131st\u0131k Ezmesi"},"content":{"rendered":"<h3>\u00c7ikolatal\u0131 F\u0131st\u0131k Ezmesi Nedir?<\/h3>\n<p>\u00c7ikolatal\u0131 f\u0131st\u0131k ezmesi, kremal\u0131 f\u0131st\u0131k ezmesi ve zengin \u00e7ikolatan\u0131n lezzetli bir f\u00fczyonudur. <a href=\"https:\/\/en.wikipedia.org\/wiki\/Chocolate\" target=\"_blank\" rel=\"noopener\">\u00e7ikolata<\/a>, geni\u015f bir tat tercihi yelpazesine hitap eden tatl\u0131 ve tuzlu bir ezme yarat\u0131r. Bu nefis kar\u0131\u015f\u0131m, ekme\u011fe s\u00fcrmek, tatl\u0131larda kullanmak veya sadece ka\u015f\u0131kla yemek i\u00e7in m\u00fckemmeldir. F\u0131st\u0131k ve \u00e7ikolatan\u0131n birle\u015fimi, hem f\u0131nd\u0131k ezmesi tutkunlar\u0131n\u0131 hem de \u00e7ikolata tutkunlar\u0131n\u0131 tatmin eden dengeli bir ikram sunar.<\/p>\n<h3>F\u0131st\u0131k Ezmesindeki \u00c7ikolatan\u0131n Di\u011fer \u0130simleri Nelerdir?<\/h3>\n<p>\u00c7ikolatal\u0131 f\u0131st\u0131k ezmesi genellikle lezzetine ve kullan\u0131m\u0131na g\u00f6re farkl\u0131 isimlerle an\u0131l\u0131r. Baz\u0131 alternatif isimler \u015funlard\u0131r:<\/p>\n<ul>\n<li>\u00c7ikolata aromal\u0131 f\u0131st\u0131k ezmesi<\/li>\n<li>Kakao f\u0131st\u0131k ezmesi ezmesi<\/li>\n<li>Kakao f\u0131st\u0131k ezmesi<\/li>\n<li>\u00c7ikolatal\u0131 f\u0131st\u0131k ezmesi<\/li>\n<li>\u00c7ikolatal\u0131 f\u0131st\u0131k ezmesi<\/li>\n<li>F\u0131nd\u0131kl\u0131 \u00e7ikolata ezmesi<\/li>\n<li>\u00c7ikolatal\u0131 f\u0131st\u0131k ezmesi<\/li>\n<li>F\u0131nd\u0131kl\u0131 \u00e7ikolata ezmesi<\/li>\n<\/ul>\n<p>Bu isimler, \u00e7ikolata ve f\u0131st\u0131k ezmesinin lezzetli kar\u0131\u015f\u0131m\u0131n\u0131 vurgulayarak, onu farkl\u0131 pazarlardaki t\u00fcketicilere \u00e7ekici k\u0131l\u0131yor.<\/p>\n<h3><img loading=\"lazy\" decoding=\"async\" class=\"alignnone wp-image-1682 size-full\" src=\"https:\/\/www.peanutoem.com\/wp-content\/uploads\/2024\/09\/Chocolate-Peanut-Butter-on-Bread.webp\" alt=\"Ekmek \u00dczerinde \u00c7ikolatal\u0131 F\u0131st\u0131k Ezmesi\" width=\"912\" height=\"1144\" srcset=\"https:\/\/www.peanutoem.com\/wp-content\/uploads\/2024\/09\/Chocolate-Peanut-Butter-on-Bread.webp 912w, https:\/\/www.peanutoem.com\/wp-content\/uploads\/2024\/09\/Chocolate-Peanut-Butter-on-Bread-239x300.webp 239w, https:\/\/www.peanutoem.com\/wp-content\/uploads\/2024\/09\/Chocolate-Peanut-Butter-on-Bread-816x1024.webp 816w, https:\/\/www.peanutoem.com\/wp-content\/uploads\/2024\/09\/Chocolate-Peanut-Butter-on-Bread-768x963.webp 768w, https:\/\/www.peanutoem.com\/wp-content\/uploads\/2024\/09\/Chocolate-Peanut-Butter-on-Bread-10x12.webp 10w, https:\/\/www.peanutoem.com\/wp-content\/uploads\/2024\/09\/Chocolate-Peanut-Butter-on-Bread-600x753.webp 600w\" sizes=\"auto, (max-width: 912px) 100vw, 912px\" \/><\/h3>\n<h3>Neden Bizi Ortak Tedarik\u00e7iniz Olarak Se\u00e7melisiniz?<\/h3>\n<p>Biz \u00e7ikolatal\u0131 f\u0131st\u0131k ezmesinin \u00f6nde gelen OEM \u00f6zel etiket \u00fcreticisi ve ihracat\u00e7\u0131s\u0131y\u0131z.<\/p>\n<ul>\n<li><strong>\u00d6zelle\u015ftirme Uzmanl\u0131\u011f\u0131:<\/strong> \u00d6zel zevkinize, yap\u0131n\u0131za ve ambalajlama gereksinimlerinize uyacak \u015fekilde tamamen \u00f6zelle\u015ftirilmi\u015f form\u00fcller sunuyoruz.<\/li>\n<li><strong>Birinci S\u0131n\u0131f \u0130\u00e7erikler:<\/strong> Sadece en kaliteli f\u0131st\u0131k ve \u00e7ikolatay\u0131 kullan\u0131yoruz.<\/li>\n<li><strong>\u0130leri \u00dcretim:<\/strong> Son teknolojiye sahip tesislerimiz, her partide tutarl\u0131 kalite ve verimlili\u011fi garanti eden ABD&#039;den gelen son teknoloji \u00fcretim hatlar\u0131yla donat\u0131lm\u0131\u015ft\u0131r.<\/li>\n<li><strong>Sertifikalar ve Kalite G\u00fcvencesi:<\/strong> Uluslararas\u0131 g\u00fcvenlik ve kalite standartlar\u0131na uygunlu\u011fumuzu garanti eden BRCGS, Ko\u015fer, Helal ve HACCP gibi \u00e7e\u015fitli sertifikalara sahibiz.<\/li>\n<li><strong>K\u00fcresel Da\u011f\u0131t\u0131m:<\/strong> Uluslararas\u0131 ticarette engin deneyimimizle, \u00e7ikolatal\u0131 f\u0131st\u0131k ezmesini d\u00fcnyan\u0131n d\u00f6rt bir yan\u0131ndaki pazarlara ihra\u00e7 ediyor, sorunsuz lojistik ve zaman\u0131nda teslimat sa\u011fl\u0131yoruz.<\/li>\n<\/ul>\n<h3>S\u0131cak Konular<\/h3>\n<div class=\"group\/conversation-turn relative flex w-full min-w-0 flex-col agent-turn\">\n<div class=\"flex-col gap-1 md:gap-3\">\n<div class=\"flex max-w-full flex-col flex-grow\">\n<div class=\"min-h-8 text-message flex w-full flex-col items-end gap-2 whitespace-normal break-words [.text-message+&amp;]:mt-5\" dir=\"auto\" data-message-author-role=\"assistant\" data-message-id=\"61c5f9c1-377c-4081-b461-888734723e68\">\n<div class=\"flex w-full flex-col gap-1 empty:hidden first:pt-[3px]\">\n<div class=\"markdown prose w-full break-words dark:prose-invert dark\">\n<ul>\n<li><span style=\"color: #282828;\"><strong>Tatl\u0131larda<\/strong><\/span><br \/>\n<span style=\"color: #282828;\">\u00c7ikolatal\u0131 f\u0131st\u0131k ezmesi, kek, brownie ve dondurma gibi tatl\u0131lar\u0131n kalitesini ve lezzetini \u00f6nemli \u00f6l\u00e7\u00fcde art\u0131ran \u00e7ok y\u00f6nl\u00fc bir bile\u015fen g\u00f6revi g\u00f6r\u00fcr. Kremsi dokusu ve zengin tad\u0131, onu f\u0131r\u0131nlanm\u0131\u015f \u00fcr\u00fcnler ve \u015fekerlemeler i\u00e7in m\u00fckemmel bir e\u015flik\u00e7i yapar.<\/span><\/li>\n<li><span style=\"color: #282828;\"><strong>Sa\u011fl\u0131k Faydalar\u0131<\/strong><\/span><br \/>\n<span style=\"color: #282828;\">Bu ezme, kar\u015f\u0131 konulamaz lezzetinin yan\u0131 s\u0131ra protein, sa\u011fl\u0131kl\u0131 ya\u011flar ve lif a\u00e7\u0131s\u0131ndan zengindir ve v\u00fccuda besin deste\u011fi sa\u011flar. Bitter \u00e7ikolata ile haz\u0131rland\u0131\u011f\u0131nda antioksidan \u00f6zellikler ekleyerek \u00fcr\u00fcne sa\u011fl\u0131k bilincine sahip t\u00fcketicileri \u00e7eken sa\u011fl\u0131kl\u0131 bir \u00e7ekicilik kazand\u0131r\u0131r.<\/span><\/li>\n<li><span style=\"color: #282828;\"><strong>K\u00fcresel Pop\u00fclarite<\/strong><\/span><br \/>\n<span style=\"color: #282828;\">T\u00fcketiciler giderek daha fazla damak zevklerini tatmin eden ve ayn\u0131 zamanda besleyici olan at\u0131\u015ft\u0131rmal\u0131klar ararken, \u00e7ikolatal\u0131 f\u0131st\u0131k ezmesi k\u00fcresel pazarda muazzam bir pop\u00fclerlik kazand\u0131. Lezzet ve besin de\u011ferlerini ba\u015far\u0131l\u0131 bir \u015fekilde bir araya getirerek hem \u00e7ocuklardan hem de yeti\u015fkinlerden geni\u015f bir hayranl\u0131k kazand\u0131.<\/span><\/li>\n<li><span style=\"color: #282828;\"><strong>Yarat\u0131c\u0131 Kullan\u0131mlar<\/strong><\/span><br \/>\n<span style=\"color: #282828;\">Tost veya sandvi\u00e7 gibi geleneksel e\u015fle\u015ftirmelerin \u00f6tesinde, bu malzeme yarat\u0131c\u0131 bir \u015fekilde smoothielere, enerji barlar\u0131na dahil edilebilir veya hamur i\u015flerinin dolgusu olarak kullan\u0131labilir. Benzersiz lezzet uyumu, hem tatl\u0131 hem de tuzlu yemeklerde parlamas\u0131n\u0131 sa\u011flayarak onu bir\u00e7ok ev mutfa\u011f\u0131n\u0131n temel malzemesi haline getirir.<\/span><\/li>\n<\/ul>\n<\/div>\n<\/div>\n<\/div>\n<\/div>\n<\/div>\n<\/div>\n<hr \/>\n<h3><img loading=\"lazy\" decoding=\"async\" class=\"alignnone wp-image-1683 size-full\" src=\"https:\/\/www.peanutoem.com\/wp-content\/uploads\/2024\/09\/Chocolate-Peanut-Butter-Served.webp\" alt=\"\u00c7ikolatal\u0131 F\u0131st\u0131k Ezmesi Servis Edildi\" width=\"896\" height=\"1152\" srcset=\"https:\/\/www.peanutoem.com\/wp-content\/uploads\/2024\/09\/Chocolate-Peanut-Butter-Served.webp 896w, https:\/\/www.peanutoem.com\/wp-content\/uploads\/2024\/09\/Chocolate-Peanut-Butter-Served-233x300.webp 233w, https:\/\/www.peanutoem.com\/wp-content\/uploads\/2024\/09\/Chocolate-Peanut-Butter-Served-796x1024.webp 796w, https:\/\/www.peanutoem.com\/wp-content\/uploads\/2024\/09\/Chocolate-Peanut-Butter-Served-768x987.webp 768w, https:\/\/www.peanutoem.com\/wp-content\/uploads\/2024\/09\/Chocolate-Peanut-Butter-Served-9x12.webp 9w, https:\/\/www.peanutoem.com\/wp-content\/uploads\/2024\/09\/Chocolate-Peanut-Butter-Served-600x771.webp 600w\" sizes=\"auto, (max-width: 896px) 100vw, 896px\" \/><\/h3>\n<h3>\u00c7ikolatal\u0131 F\u0131st\u0131k Ezmesi SSS<\/h3>\n<ol>\n<li><strong>\u00d6nde gelen bir OEM \u00fcreticisi olarak temel rekabet avantaj\u0131n\u0131z nedir?<\/strong><br \/>\n\u00c7e\u015fitli \u00f6zelle\u015ftirme hizmetleri sundu\u011fumuz, y\u00fcksek kaliteli malzemeler se\u00e7ti\u011fimiz ve geli\u015fmi\u015f \u00fcretim teknolojisini kulland\u0131\u011f\u0131m\u0131z i\u00e7in \u00f6ne \u00e7\u0131k\u0131yoruz. Bu, her f\u0131st\u0131k ezmesi partisinin pazarda \u00f6ne \u00e7\u0131kmas\u0131n\u0131 ve m\u00fc\u015fterilerimizin benzersiz ihtiya\u00e7lar\u0131n\u0131 kar\u015f\u0131lamas\u0131n\u0131 sa\u011flar.<\/li>\n<li><strong>\u00c7ikolata-f\u0131st\u0131k oran\u0131n\u0131 benim isteklerime g\u00f6re ayarlay\u0131p markam i\u00e7in \u00f6zel bir form\u00fcl yaratabilir misiniz?<\/strong><br \/>\nKesinlikle! \u00c7ikolata ve f\u0131st\u0131k aras\u0131nda m\u00fckemmel dengeyi bulman\u0131za yard\u0131mc\u0131 olmak i\u00e7in kapsaml\u0131 lezzet \u00f6zelle\u015ftirme hizmetleri sunuyoruz, ayn\u0131 zamanda markan\u0131z\u0131n pazar rekabet g\u00fcc\u00fcn\u00fc art\u0131ran benzersiz bir form\u00fcl geli\u015ftiriyoruz.<\/li>\n<li><strong>Hangi paketleme se\u00e7eneklerini sunuyorsunuz?<\/strong><br \/>\n\u015e\u0131k kavanozlar, kullan\u0131\u015fl\u0131 s\u0131kma po\u015fetleri ve b\u00fcy\u00fck \u00f6l\u00e7ekli depolama i\u00e7in uygun toplu kaplar dahil olmak \u00fczere \u00e7e\u015fitli ambalaj \u00e7\u00f6z\u00fcmleri sunuyoruz. T\u00fcm ambalajlar markan\u0131z\u0131n kimli\u011fini ve pazarlama stratejisini yans\u0131tacak \u015fekilde ki\u015fiselle\u015ftirilebilir.<\/li>\n<li><strong>Organik \u00e7ikolatal\u0131 f\u0131st\u0131k ezmesi sunuyor musunuz ve \u00fcr\u00fcn kalitenizi nas\u0131l sa\u011fl\u0131yorsunuz?<\/strong><br \/>\nEvet, organik standartlara uygun malzemelerle yap\u0131lm\u0131\u015f AB Organik Sertifikal\u0131 f\u0131st\u0131k ezmesi \u00fcretiyoruz. Ayr\u0131ca, her partinin en y\u00fcksek tat, doku ve g\u00fcvenlik standartlar\u0131n\u0131 kar\u015f\u0131lad\u0131\u011f\u0131ndan emin olmak i\u00e7in \u015firket i\u00e7i laboratuvar testleri de dahil olmak \u00fczere s\u0131k\u0131 bir kalite y\u00f6netim sistemi kurduk.<\/li>\n<li><strong>B\u00fcy\u00fck bir sipari\u015f vermeden \u00f6nce tad\u0131m i\u00e7in numune talep edebilir miyim ve d\u00fcnya \u00e7ap\u0131nda ihracat\u0131 destekliyor musunuz?<\/strong><br \/>\nElbette! Tam \u00fcretimden \u00f6nce de\u011ferlendirmeniz i\u00e7in numune partileri sa\u011flamaktan mutluluk duyar\u0131z. Ayr\u0131ca, \u00fcr\u00fcnlerinizin d\u00fcnyan\u0131n d\u00f6rt bir yan\u0131na g\u00fcvenli ve zaman\u0131nda ula\u015fmas\u0131n\u0131 sa\u011flayarak k\u00fcresel ihracat konusunda kapsaml\u0131 deneyime sahibiz.<\/li>\n<\/ol>\n<a href=\"mailto:globepeanut@gmail.com\" class=\"button primary is-primary is-medium\"  >\n    <span>Bize e-posta g\u00f6nderin<\/span>\n  <\/a>","protected":false},"excerpt":{"rendered":"<table width=\"564\">\n<tbody>\n<tr>\n<td width=\"113\"><strong>\u00dcr\u00fcn Ad\u0131<\/strong><\/td>\n<td width=\"402\">\u00c7ikolatal\u0131 F\u0131st\u0131k Ezmesi<\/td>\n<\/tr>\n<tr>\n<td width=\"113\"><strong>\u00d6zellikler<\/strong><\/td>\n<td width=\"402\">200gx36, 227gx24, 340gx12, 375gx12, 500gx12, 510gx12, 1kgx12, 10kgx1, 20kgx1, 220kgx1<\/td>\n<\/tr>\n<tr>\n<td width=\"113\"><strong>Paketleme Formu<\/strong><\/td>\n<td width=\"402\">Kavanoz, Kova, Doy Pack, \u00c7anta, Karton, Teneke, F\u0131\u00e7\u0131, Kutu, \u015ei\u015fe, vb.<\/td>\n<\/tr>\n<tr>\n<td width=\"113\"><strong>Teslimat s\u00fcresi<\/strong><\/td>\n<td width=\"402\">Sipari\u015ften 7~20 G\u00fcn Sonra<\/td>\n<\/tr>\n<tr>\n<td width=\"113\"><strong>Minimum Sipari\u015f Adedi<\/strong><\/td>\n<td width=\"402\">Bir Ton<\/td>\n<\/tr>\n<tr>\n<td width=\"113\"><strong>\u00d6rnek<\/strong><\/td>\n<td width=\"402\">\u00dccretsiz \u00d6rnek Mevcuttur<\/td>\n<\/tr>\n<tr>\n<td width=\"113\"><strong>OEM<\/strong><\/td>\n<td width=\"402\">Al\u0131c\u0131n\u0131n Etiketi Kabul Edildi<\/td>\n<\/tr>\n<\/tbody>\n<\/table>\n<p>&nbsp;<\/p>","protected":false},"featured_media":1671,"comment_status":"open","ping_status":"closed","template":"","meta":[],"product_cat":[15],"product_tag":[],"class_list":{"0":"post-1638","1":"product","2":"type-product","3":"status-publish","4":"has-post-thumbnail","6":"product_cat-peanut-butter","8":"first","9":"instock","10":"shipping-taxable","11":"product-type-simple"},"yoast_head":"<!-- This site is optimized with the Yoast SEO plugin v24.9 - https:\/\/yoast.com\/wordpress\/plugins\/seo\/ -->\n<title>Chocolate Peanut Butter Manufacturer OEM - China Peanut Butter Factory<\/title>\n<meta name=\"description\" content=\"Leading chocolate peanut butter OEM private label manufacturer and exporter. Discover premium, customized chocolate peanut butter from us.\" \/>\n<meta name=\"robots\" content=\"index, follow, max-snippet:-1, max-image-preview:large, max-video-preview:-1\" \/>\n<link rel=\"canonical\" href=\"https:\/\/www.peanutoem.com\/tr\/manufacturer\/chocolate-peanut-butter\/\" \/>\n<meta property=\"og:locale\" content=\"tr_TR\" \/>\n<meta property=\"og:type\" content=\"article\" \/>\n<meta property=\"og:title\" content=\"Chocolate Peanut Butter Manufacturer OEM - China Peanut Butter Factory\" \/>\n<meta property=\"og:description\" content=\"Leading chocolate peanut butter OEM private label manufacturer and exporter. Discover premium, customized chocolate peanut butter from us.\" \/>\n<meta property=\"og:url\" content=\"https:\/\/www.peanutoem.com\/tr\/manufacturer\/chocolate-peanut-butter\/\" \/>\n<meta property=\"og:site_name\" content=\"Peanut Butter Factory\" \/>\n<meta property=\"article:modified_time\" content=\"2024-10-06T09:55:00+00:00\" \/>\n<meta property=\"og:image\" content=\"https:\/\/www.peanutoem.com\/wp-content\/uploads\/2024\/09\/Peanut-Butter-Chocolate-Flavor.webp\" \/>\n\t<meta property=\"og:image:width\" content=\"819\" \/>\n\t<meta property=\"og:image:height\" content=\"975\" \/>\n\t<meta property=\"og:image:type\" content=\"image\/webp\" \/>\n<meta name=\"twitter:card\" content=\"summary_large_image\" \/>\n<meta name=\"twitter:label1\" content=\"Tahmini okuma s\u00fcresi\" \/>\n\t<meta name=\"twitter:data1\" content=\"4 dakika\" \/>\n<script type=\"application\/ld+json\" class=\"yoast-schema-graph\">{\"@context\":\"https:\/\/schema.org\",\"@graph\":[{\"@type\":\"WebPage\",\"@id\":\"https:\/\/www.peanutoem.com\/manufacturer\/chocolate-peanut-butter\/\",\"url\":\"https:\/\/www.peanutoem.com\/manufacturer\/chocolate-peanut-butter\/\",\"name\":\"Chocolate Peanut Butter Manufacturer OEM - China Peanut Butter Factory\",\"isPartOf\":{\"@id\":\"https:\/\/www.peanutoem.com\/#website\"},\"primaryImageOfPage\":{\"@id\":\"https:\/\/www.peanutoem.com\/manufacturer\/chocolate-peanut-butter\/#primaryimage\"},\"image\":{\"@id\":\"https:\/\/www.peanutoem.com\/manufacturer\/chocolate-peanut-butter\/#primaryimage\"},\"thumbnailUrl\":\"https:\/\/www.peanutoem.com\/wp-content\/uploads\/2024\/09\/Peanut-Butter-Chocolate-Flavor.webp\",\"datePublished\":\"2024-09-10T12:30:11+00:00\",\"dateModified\":\"2024-10-06T09:55:00+00:00\",\"description\":\"Leading chocolate peanut butter OEM private label manufacturer and exporter. Discover premium, customized chocolate peanut butter from us.\",\"breadcrumb\":{\"@id\":\"https:\/\/www.peanutoem.com\/manufacturer\/chocolate-peanut-butter\/#breadcrumb\"},\"inLanguage\":\"tr\",\"potentialAction\":[{\"@type\":\"ReadAction\",\"target\":[\"https:\/\/www.peanutoem.com\/manufacturer\/chocolate-peanut-butter\/\"]}]},{\"@type\":\"ImageObject\",\"inLanguage\":\"tr\",\"@id\":\"https:\/\/www.peanutoem.com\/manufacturer\/chocolate-peanut-butter\/#primaryimage\",\"url\":\"https:\/\/www.peanutoem.com\/wp-content\/uploads\/2024\/09\/Peanut-Butter-Chocolate-Flavor.webp\",\"contentUrl\":\"https:\/\/www.peanutoem.com\/wp-content\/uploads\/2024\/09\/Peanut-Butter-Chocolate-Flavor.webp\",\"width\":819,\"height\":975,\"caption\":\"Peanut Butter Chocolate Flavor\"},{\"@type\":\"BreadcrumbList\",\"@id\":\"https:\/\/www.peanutoem.com\/manufacturer\/chocolate-peanut-butter\/#breadcrumb\",\"itemListElement\":[{\"@type\":\"ListItem\",\"position\":1,\"name\":\"Home\",\"item\":\"https:\/\/www.peanutoem.com\/\"},{\"@type\":\"ListItem\",\"position\":2,\"name\":\"Products\",\"item\":\"https:\/\/www.peanutoem.com\/shop\/\"},{\"@type\":\"ListItem\",\"position\":3,\"name\":\"Chocolate Peanut Butter\"}]},{\"@type\":\"WebSite\",\"@id\":\"https:\/\/www.peanutoem.com\/#website\",\"url\":\"https:\/\/www.peanutoem.com\/\",\"name\":\"Peanut Butter Factory\",\"description\":\"Peanut Butter Manufacturer and Roast Peanut OEM Factory | Peanut Private Label China Supplier\",\"publisher\":{\"@id\":\"https:\/\/www.peanutoem.com\/#organization\"},\"alternateName\":\"Peanut Butter OEM and Wholesale\",\"potentialAction\":[{\"@type\":\"SearchAction\",\"target\":{\"@type\":\"EntryPoint\",\"urlTemplate\":\"https:\/\/www.peanutoem.com\/?s={search_term_string}\"},\"query-input\":{\"@type\":\"PropertyValueSpecification\",\"valueRequired\":true,\"valueName\":\"search_term_string\"}}],\"inLanguage\":\"tr\"},{\"@type\":\"Organization\",\"@id\":\"https:\/\/www.peanutoem.com\/#organization\",\"name\":\"Peanut Butter Factory\",\"alternateName\":\"JuFeng Group\",\"url\":\"https:\/\/www.peanutoem.com\/\",\"logo\":{\"@type\":\"ImageObject\",\"inLanguage\":\"tr\",\"@id\":\"https:\/\/www.peanutoem.com\/#\/schema\/logo\/image\/\",\"url\":\"https:\/\/www.peanutoem.com\/wp-content\/uploads\/2024\/09\/JUFENG-LOGO.png\",\"contentUrl\":\"https:\/\/www.peanutoem.com\/wp-content\/uploads\/2024\/09\/JUFENG-LOGO.png\",\"width\":600,\"height\":170,\"caption\":\"Peanut Butter Factory\"},\"image\":{\"@id\":\"https:\/\/www.peanutoem.com\/#\/schema\/logo\/image\/\"}}]}<\/script>\n<!-- \/ Yoast SEO plugin. -->","yoast_head_json":{"title":"Chocolate Peanut Butter Manufacturer OEM - China Peanut Butter Factory","description":"Leading chocolate peanut butter OEM private label manufacturer and exporter. Discover premium, customized chocolate peanut butter from us.","robots":{"index":"index","follow":"follow","max-snippet":"max-snippet:-1","max-image-preview":"max-image-preview:large","max-video-preview":"max-video-preview:-1"},"canonical":"https:\/\/www.peanutoem.com\/tr\/manufacturer\/chocolate-peanut-butter\/","og_locale":"tr_TR","og_type":"article","og_title":"Chocolate Peanut Butter Manufacturer OEM - China Peanut Butter Factory","og_description":"Leading chocolate peanut butter OEM private label manufacturer and exporter. Discover premium, customized chocolate peanut butter from us.","og_url":"https:\/\/www.peanutoem.com\/tr\/manufacturer\/chocolate-peanut-butter\/","og_site_name":"Peanut Butter Factory","article_modified_time":"2024-10-06T09:55:00+00:00","og_image":[{"width":819,"height":975,"url":"https:\/\/www.peanutoem.com\/wp-content\/uploads\/2024\/09\/Peanut-Butter-Chocolate-Flavor.webp","type":"image\/webp"}],"twitter_card":"summary_large_image","twitter_misc":{"Tahmini okuma s\u00fcresi":"4 dakika"},"schema":{"@context":"https:\/\/schema.org","@graph":[{"@type":"WebPage","@id":"https:\/\/www.peanutoem.com\/manufacturer\/chocolate-peanut-butter\/","url":"https:\/\/www.peanutoem.com\/manufacturer\/chocolate-peanut-butter\/","name":"Chocolate Peanut Butter Manufacturer OEM - China Peanut Butter Factory","isPartOf":{"@id":"https:\/\/www.peanutoem.com\/#website"},"primaryImageOfPage":{"@id":"https:\/\/www.peanutoem.com\/manufacturer\/chocolate-peanut-butter\/#primaryimage"},"image":{"@id":"https:\/\/www.peanutoem.com\/manufacturer\/chocolate-peanut-butter\/#primaryimage"},"thumbnailUrl":"https:\/\/www.peanutoem.com\/wp-content\/uploads\/2024\/09\/Peanut-Butter-Chocolate-Flavor.webp","datePublished":"2024-09-10T12:30:11+00:00","dateModified":"2024-10-06T09:55:00+00:00","description":"Leading chocolate peanut butter OEM private label manufacturer and exporter. Discover premium, customized chocolate peanut butter from us.","breadcrumb":{"@id":"https:\/\/www.peanutoem.com\/manufacturer\/chocolate-peanut-butter\/#breadcrumb"},"inLanguage":"tr","potentialAction":[{"@type":"ReadAction","target":["https:\/\/www.peanutoem.com\/manufacturer\/chocolate-peanut-butter\/"]}]},{"@type":"ImageObject","inLanguage":"tr","@id":"https:\/\/www.peanutoem.com\/manufacturer\/chocolate-peanut-butter\/#primaryimage","url":"https:\/\/www.peanutoem.com\/wp-content\/uploads\/2024\/09\/Peanut-Butter-Chocolate-Flavor.webp","contentUrl":"https:\/\/www.peanutoem.com\/wp-content\/uploads\/2024\/09\/Peanut-Butter-Chocolate-Flavor.webp","width":819,"height":975,"caption":"Peanut Butter Chocolate Flavor"},{"@type":"BreadcrumbList","@id":"https:\/\/www.peanutoem.com\/manufacturer\/chocolate-peanut-butter\/#breadcrumb","itemListElement":[{"@type":"ListItem","position":1,"name":"Home","item":"https:\/\/www.peanutoem.com\/"},{"@type":"ListItem","position":2,"name":"Products","item":"https:\/\/www.peanutoem.com\/shop\/"},{"@type":"ListItem","position":3,"name":"Chocolate Peanut Butter"}]},{"@type":"WebSite","@id":"https:\/\/www.peanutoem.com\/#website","url":"https:\/\/www.peanutoem.com\/","name":"Peanut Butter Factory","description":"Peanut Butter Manufacturer and Roast Peanut OEM Factory | Peanut Private Label China Supplier","publisher":{"@id":"https:\/\/www.peanutoem.com\/#organization"},"alternateName":"Peanut Butter OEM and Wholesale","potentialAction":[{"@type":"SearchAction","target":{"@type":"EntryPoint","urlTemplate":"https:\/\/www.peanutoem.com\/?s={search_term_string}"},"query-input":{"@type":"PropertyValueSpecification","valueRequired":true,"valueName":"search_term_string"}}],"inLanguage":"tr"},{"@type":"Organization","@id":"https:\/\/www.peanutoem.com\/#organization","name":"Peanut Butter Factory","alternateName":"JuFeng Group","url":"https:\/\/www.peanutoem.com\/","logo":{"@type":"ImageObject","inLanguage":"tr","@id":"https:\/\/www.peanutoem.com\/#\/schema\/logo\/image\/","url":"https:\/\/www.peanutoem.com\/wp-content\/uploads\/2024\/09\/JUFENG-LOGO.png","contentUrl":"https:\/\/www.peanutoem.com\/wp-content\/uploads\/2024\/09\/JUFENG-LOGO.png","width":600,"height":170,"caption":"Peanut Butter Factory"},"image":{"@id":"https:\/\/www.peanutoem.com\/#\/schema\/logo\/image\/"}}]}},"_links":{"self":[{"href":"https:\/\/www.peanutoem.com\/tr\/wp-json\/wp\/v2\/product\/1638","targetHints":{"allow":["GET"]}}],"collection":[{"href":"https:\/\/www.peanutoem.com\/tr\/wp-json\/wp\/v2\/product"}],"about":[{"href":"https:\/\/www.peanutoem.com\/tr\/wp-json\/wp\/v2\/types\/product"}],"replies":[{"embeddable":true,"href":"https:\/\/www.peanutoem.com\/tr\/wp-json\/wp\/v2\/comments?post=1638"}],"wp:featuredmedia":[{"embeddable":true,"href":"https:\/\/www.peanutoem.com\/tr\/wp-json\/wp\/v2\/media\/1671"}],"wp:attachment":[{"href":"https:\/\/www.peanutoem.com\/tr\/wp-json\/wp\/v2\/media?parent=1638"}],"wp:term":[{"taxonomy":"product_cat","embeddable":true,"href":"https:\/\/www.peanutoem.com\/tr\/wp-json\/wp\/v2\/product_cat?post=1638"},{"taxonomy":"product_tag","embeddable":true,"href":"https:\/\/www.peanutoem.com\/tr\/wp-json\/wp\/v2\/product_tag?post=1638"}],"curies":[{"name":"wp","href":"https:\/\/api.w.org\/{rel}","templated":true}]}}