{"id":1545,"date":"2024-09-02T13:38:22","date_gmt":"2024-09-02T13:38:22","guid":{"rendered":"https:\/\/www.peanutoem.com\/?post_type=product&#038;p=1545"},"modified":"2024-09-28T05:39:23","modified_gmt":"2024-09-28T05:39:23","slug":"stabilized-peanut-butter","status":"publish","type":"product","link":"https:\/\/www.peanutoem.com\/uz\/manufacturer\/stabilized-peanut-butter\/","title":{"rendered":"Stabillashtirilgan yeryong&#039;oq moyi"},"content":{"rendered":"<h3>Stabillashtirilgan yeryong&#039;oq yog&#039;i nima?<\/h3>\n<p>Stabillashtirilgan <a href=\"https:\/\/www.peanutoem.com\/uz\/Wholesale\/peanut-butter\/\" target=\"_blank\" rel=\"noopener\">yeryong&#039;oq yog&#039;i<\/a> maxsus ishlab chiqilgan <a href=\"https:\/\/en.wikipedia.org\/wiki\/Peanut\" target=\"_blank\" rel=\"noopener\">yeryong&#039;oq<\/a> vaqt o&#039;tishi bilan yuzaga keladigan yog&#039;-suv ajralishsiz, vaqt o&#039;tishi bilan o&#039;zining ipaksimon, qaymoqli tuzilishini saqlaydigan sariyog&#039;. Yuqoridagi yeryong&#039;oq yog&#039;i qatlamlariga va pastki qismidagi qattiq yeryong&#039;oq bo&#039;laklariga tabiiy ravishda ajraladigan oddiy tabiiy yeryong&#039;oq moyidan farqli o&#039;laroq, barqarorlashtirilgan yeryong&#039;oq moyi bir xil tuzilishni ta&#039;minlash uchun o&#039;simlik moylari yoki emulsifikatorlar kabi tabiiy stabilizatorlar bilan oqilona aralashtiriladi. Bu xususiyat uni qulaylik izlayotgan iste&#039;molchilar uchun eng yaxshi tanlovga aylantiradi, chunki ishlatishdan oldin aralashtirish kabi qo&#039;shimcha operatsiyalarga ehtiyoj qolmaydi. Stabillashtirilgan yerf\u0131st\u0131\u011f\u0131 yog&#039;i o&#039;zining barqaror sifati va uzoq umr ko&#039;rish muddati bilan mashhur bo&#039;lib, nafaqat uy foydalanuvchilari tomonidan seviladi, balki oziq-ovqat sanoatida ham keng qo&#039;llaniladi.<\/p>\n<h3>Boshqa ismlar nima?<\/h3>\n<p>Stabillashtirilgan yeryong&#039;oq moyini turli nomlar bilan atash mumkin, jumladan:<\/p>\n<ul>\n<li>Yong&#039;oqli qaymoqli yorma<\/li>\n<li>Kremsi barqarorlashtirilgan yeryong&#039;oq moyi<\/li>\n<li>Emulsiyalangan yeryong&#039;oq moyi<\/li>\n<li>Bir hil yoki homogenlangan yeryong&#039;oq moyi<\/li>\n<li>Yong&#039;oqning uzoq muddatli tarqalishi<\/li>\n<li>Aralashtirilmagan yeryong&#039;oq yog&#039;i<\/li>\n<li>Ajramaydigan yeryong&#039;oq yog&#039;i<\/li>\n<li>Qayta ishlangan yeryong&#039;oq yog&#039;i<\/li>\n<li>Yong&#039;oq yog&#039;i<\/li>\n<li>Silliq yoyilgan yeryong&#039;oq moyi<\/li>\n<li>Smooth Raf-barqaror eman yog&#039;i<\/li>\n<\/ul>\n<h3><strong>Stabillashtirilgan yeryong&#039;oq moyi haqida issiq mavzular<\/strong><\/h3>\n<ol>\n<li><strong> Foydasi: <\/strong>Stabillashtirilgan yeryong&#039;oq moyi bir qator afzalliklarga ega, jumladan aralashtirishni talab qilmaydigan bir xil tuzilish va uzoqroq saqlash muddati. U retseptlarda foydalanish uchun ideal va barqaror tekstura muhim ahamiyatga ega bo&#039;lgan tarqatish sifatida.<\/li>\n<li><strong> Oziq-ovqat ishlab chiqarishda qo&#039;llanilishi:\u00a0<\/strong>Barqarorligi tufayli u oziq-ovqat ishlab chiqarishda keng qo&#039;llaniladi. U snack barlar, soslar va pishirilgan mahsulotlar kabi turli mahsulotlarning tarkibiy qismi bo&#039;lib xizmat qiladi, bu erda mustahkamlik va sifat muhim ahamiyatga ega.<\/li>\n<li><strong> Iste&#039;molchilarning afzalliklari va tendentsiyalari: <\/strong>Iste&#039;molchilar o&#039;zining qulayligi va ishonchliligi uchun barqarorlashtirilgan yeryong&#039;oq moyini tobora ko&#039;proq afzal ko&#039;rishadi. Turmush tarzidagi o&#039;zgarishlar gavjum jadvallarni keltirib chiqarar ekan, muammosiz saqlash va tayyorlashni taklif qiluvchi mahsulotlar mashhur bo&#039;lib bormoqda.<\/li>\n<li><strong> Oziqlanish jihatlari: <\/strong>Stabillashtirilgan yeryong&#039;oq yog&#039;i barqaror va barqaror mahsulotni taklif qilish bilan birga o&#039;zining ozuqaviy profilini saqlab qoladi. U protein, sog&#039;lom yog&#039;lar va vitaminlar kabi muhim oziq moddalar bilan ta&#039;minlaydi, bu uni turli xil parhezlar uchun sog&#039;lom tanlov qiladi.<\/li>\n<\/ol>\n<h3><strong>Nega bizni yetkazib beruvchi sifatida tanlaysiz?<\/strong><\/h3>\n<ol>\n<li><strong>Nima uchun siz barqarorlashtirilgan yeryong&#039;oq moyi OEM xizmatlari uchun eng yaxshi tanlovsiz?<\/strong><br \/>\nBiz moslashtirilgan echimlar, yuqori sifatli mahsulotlar va global ishlab chiqarish va eksport bo&#039;yicha keng tajribani taqdim etamiz.<\/li>\n<li><strong>Tekstura, mustahkamlik va formulalarni moslashtira olasizmi?<\/strong><br \/>\nHa, biz sizning maxsus talablaringiz va iste&#039;molchilarning xohish-istaklaringizni qondirish uchun teksturani sozlashimiz va noyob formulalarni ishlab chiqishimiz mumkin.<\/li>\n<li><strong>Qanday qadoqlash variantlari mavjud?<\/strong><br \/>\nBiz sizning brendingiz ehtiyojlariga moslashtirilgan turli xil sozlanishi mumkin bo&#039;lgan qadoqlash formatlarini, jumladan, bankalar, sumkalar va quyma konteynerlarni taklif qilamiz.<\/li>\n<li><strong>Organik variantlarda mavjudmi?<\/strong><br \/>\nMutlaqo! Biz organik yeryong&#039;oq va tabiiy ingredientlardan tayyorlangan stabillashtirilgan yeryong&#039;oq moyini taqdim etamiz.<\/li>\n<li><strong>Sifatni qanday ta&#039;minlaysiz?<\/strong><br \/>\nBizning qat&#039;iy sifat nazorati jarayonlarimiz va HACCP, BRCGS va Kosher kabi sertifikatlarimiz har bir partiyaning eng yuqori standartlarga javob berishini kafolatlaydi.<\/li>\n<li><strong>Ishlab chiqarish va jo&#039;natish uchun etkazib berish vaqtlari qanday?<\/strong><br \/>\nYetkazib berish muddati buyurtma hajmi va belgilangan joyga qarab farq qiladi, lekin biz samarali ishlab chiqarish va o&#039;z vaqtida yetkazib berishni ta&#039;minlaymiz, odatda bir necha hafta ichida.<\/li>\n<li><strong>Siz xalqaro eksport bilan shug&#039;ullanasizmi?<\/strong><br \/>\nHa, biz muammosiz yetkazib berishni ta&#039;minlash uchun global yuk tashish va muvofiqlikning barcha jihatlarini boshqaramiz.<\/li>\n<li><strong>Sizda qanday sertifikatlar bor?<\/strong><br \/>\nBizning barqarorlashtirilgan yeryong&#039;oq moyimiz HACCP, Kosher, Halol, BRCGS va boshqa tegishli standartlar bo&#039;yicha sertifikatlangan bo&#039;lib, mahsulot xavfsizligi va sifatini ta&#039;minlaydi.<\/li>\n<li><strong>To&#039;liq buyurtma berishdan oldin namunalarni so&#039;rashimiz mumkinmi?<\/strong><br \/>\nHa, biz sinov uchun namuna to&#039;plamlarini taqdim etamiz, bu esa kattaroq majburiyat oldidan sizning kutganingizga mos kelishini ta&#039;minlaydi.<\/li>\n<\/ol>\n<h3><strong>Stabillashtirilgan yeryong&#039;oq moyi haqida faktlar\u00a0<\/strong><\/h3>\n<ol>\n<li><strong>Ajratish yo&#039;q:<\/strong> Stabillashtirilgan yeryong&#039;oq moyi yog&#039; va qattiq moddalarga ajralmaydi, bu butun raf muddati davomida barqaror tuzilishni ta&#039;minlaydi.<\/li>\n<li><strong>Kengaytirilgan saqlash muddati:<\/strong> An&#039;anaviy yeryong&#039;oq moyiga nisbatan uzoqroq saqlash muddati bor, bu tez-tez qayta sotib olish va chiqindilarga bo&#039;lgan ehtiyojni kamaytiradi.<\/li>\n<li><strong>Qulaylik:<\/strong> Oziq-ovqat ishlab chiqarish va chakana mahsulotlar kabi barqaror, tarqaladigan mustahkamlik muhim bo&#039;lgan turli xil ilovalarda foydalanish uchun ideal.<\/li>\n<li><strong>Oziq moddalarni saqlash:<\/strong> Barqarorligiga qaramay, u yeryong&#039;oqning ozuqaviy afzalliklarini, jumladan, oqsil, sog&#039;lom yog&#039;lar va muhim vitaminlarni saqlaydi.<\/li>\n<li><strong>Ko&#039;p tomonlama foydalanish:<\/strong> Spread va aperatiflardan tortib, qayta ishlangan oziq-ovqat tarkibidagi ingredientlargacha bo&#039;lgan bir qator mahsulotlar uchun javob beradi.<\/li>\n<\/ol>\n<a href=\"mailto:globepeanut@gmail.com\" class=\"button primary is-primary is-medium\"  >\n    <span>Bizga elektron pochta<\/span>\n  <\/a>","protected":false},"excerpt":{"rendered":"<table width=\"564\">\n<tbody>\n<tr>\n<td width=\"113\"><strong>Mahsulot nomi<\/strong><\/td>\n<td width=\"402\">Stabillashtirilgan yeryong&#039;oq moyi<\/td>\n<\/tr>\n<tr>\n<td width=\"113\"><strong>Texnik xususiyatlari<\/strong><\/td>\n<td width=\"402\">10kgx1, 20kgx1, 22kgx1<\/td>\n<\/tr>\n<tr>\n<td width=\"113\"><strong>Qadoqlash shakli<\/strong><\/td>\n<td width=\"402\">Kavanoz, chelak, doy to&#039;plami, sumka, karton, qalay, barrel, quti, shisha va boshqalar<\/td>\n<\/tr>\n<tr>\n<td width=\"113\"><strong>Yetkazib berish vaqti<\/strong><\/td>\n<td width=\"402\">Buyurtmadan keyin 7 ~ 20 kun<\/td>\n<\/tr>\n<tr>\n<td width=\"113\"><strong>MOQ<\/strong><\/td>\n<td width=\"402\">Bir tonna<\/td>\n<\/tr>\n<tr>\n<td width=\"113\"><strong>Namuna<\/strong><\/td>\n<td width=\"402\">Bepul namuna mavjud<\/td>\n<\/tr>\n<tr>\n<td width=\"113\"><strong>OEM<\/strong><\/td>\n<td width=\"402\">Xaridor yorlig&#039;i qabul qilindi<\/td>\n<\/tr>\n<\/tbody>\n<\/table>","protected":false},"featured_media":1692,"comment_status":"open","ping_status":"closed","template":"","meta":[],"product_cat":[15],"product_tag":[],"class_list":{"0":"post-1545","1":"product","2":"type-product","3":"status-publish","4":"has-post-thumbnail","6":"product_cat-peanut-butter","8":"first","9":"instock","10":"shipping-taxable","11":"product-type-simple"},"yoast_head":"<!-- This site is optimized with the Yoast SEO plugin v24.9 - https:\/\/yoast.com\/wordpress\/plugins\/seo\/ -->\n<title>Stabilized Peanut Butter China Producer - Peanut Butter Factory<\/title>\n<meta name=\"description\" content=\"Leading stabilized peanut butter OEM private label manufacturer and exporter. High-quality and packaging customized to meet global market demands.\" \/>\n<meta name=\"robots\" content=\"index, follow, max-snippet:-1, max-image-preview:large, max-video-preview:-1\" \/>\n<link rel=\"canonical\" href=\"https:\/\/www.peanutoem.com\/uz\/manufacturer\/stabilized-peanut-butter\/\" \/>\n<meta property=\"og:locale\" content=\"uz_UZ\" \/>\n<meta property=\"og:type\" content=\"article\" \/>\n<meta property=\"og:title\" content=\"Stabilized Peanut Butter China Producer - Peanut Butter Factory\" \/>\n<meta property=\"og:description\" content=\"Leading stabilized peanut butter OEM private label manufacturer and exporter. High-quality and packaging customized to meet global market demands.\" \/>\n<meta property=\"og:url\" content=\"https:\/\/www.peanutoem.com\/uz\/manufacturer\/stabilized-peanut-butter\/\" \/>\n<meta property=\"og:site_name\" content=\"Peanut Butter Factory\" \/>\n<meta property=\"article:modified_time\" content=\"2024-09-28T05:39:23+00:00\" \/>\n<meta property=\"og:image\" content=\"https:\/\/www.peanutoem.com\/wp-content\/uploads\/2024\/09\/Stabilized-Peanut-Butter-in-Jar.webp\" \/>\n\t<meta property=\"og:image:width\" content=\"1000\" \/>\n\t<meta property=\"og:image:height\" content=\"1000\" \/>\n\t<meta property=\"og:image:type\" content=\"image\/webp\" \/>\n<meta name=\"twitter:card\" content=\"summary_large_image\" \/>\n<meta name=\"twitter:label1\" content=\"Est. reading time\" \/>\n\t<meta name=\"twitter:data1\" content=\"4 daqiqa\" \/>\n<script type=\"application\/ld+json\" class=\"yoast-schema-graph\">{\"@context\":\"https:\/\/schema.org\",\"@graph\":[{\"@type\":\"WebPage\",\"@id\":\"https:\/\/www.peanutoem.com\/manufacturer\/stabilized-peanut-butter\/\",\"url\":\"https:\/\/www.peanutoem.com\/manufacturer\/stabilized-peanut-butter\/\",\"name\":\"Stabilized Peanut Butter China Producer - Peanut Butter Factory\",\"isPartOf\":{\"@id\":\"https:\/\/www.peanutoem.com\/#website\"},\"primaryImageOfPage\":{\"@id\":\"https:\/\/www.peanutoem.com\/manufacturer\/stabilized-peanut-butter\/#primaryimage\"},\"image\":{\"@id\":\"https:\/\/www.peanutoem.com\/manufacturer\/stabilized-peanut-butter\/#primaryimage\"},\"thumbnailUrl\":\"https:\/\/www.peanutoem.com\/wp-content\/uploads\/2024\/09\/Stabilized-Peanut-Butter-in-Jar.webp\",\"datePublished\":\"2024-09-02T13:38:22+00:00\",\"dateModified\":\"2024-09-28T05:39:23+00:00\",\"description\":\"Leading stabilized peanut butter OEM private label manufacturer and exporter. High-quality and packaging customized to meet global market demands.\",\"breadcrumb\":{\"@id\":\"https:\/\/www.peanutoem.com\/manufacturer\/stabilized-peanut-butter\/#breadcrumb\"},\"inLanguage\":\"uz-UZ\",\"potentialAction\":[{\"@type\":\"ReadAction\",\"target\":[\"https:\/\/www.peanutoem.com\/manufacturer\/stabilized-peanut-butter\/\"]}]},{\"@type\":\"ImageObject\",\"inLanguage\":\"uz-UZ\",\"@id\":\"https:\/\/www.peanutoem.com\/manufacturer\/stabilized-peanut-butter\/#primaryimage\",\"url\":\"https:\/\/www.peanutoem.com\/wp-content\/uploads\/2024\/09\/Stabilized-Peanut-Butter-in-Jar.webp\",\"contentUrl\":\"https:\/\/www.peanutoem.com\/wp-content\/uploads\/2024\/09\/Stabilized-Peanut-Butter-in-Jar.webp\",\"width\":1000,\"height\":1000,\"caption\":\"Stabilized Peanut Butter in Jar\"},{\"@type\":\"BreadcrumbList\",\"@id\":\"https:\/\/www.peanutoem.com\/manufacturer\/stabilized-peanut-butter\/#breadcrumb\",\"itemListElement\":[{\"@type\":\"ListItem\",\"position\":1,\"name\":\"Home\",\"item\":\"https:\/\/www.peanutoem.com\/\"},{\"@type\":\"ListItem\",\"position\":2,\"name\":\"Products\",\"item\":\"https:\/\/www.peanutoem.com\/shop\/\"},{\"@type\":\"ListItem\",\"position\":3,\"name\":\"Stabilized Peanut Butter\"}]},{\"@type\":\"WebSite\",\"@id\":\"https:\/\/www.peanutoem.com\/#website\",\"url\":\"https:\/\/www.peanutoem.com\/\",\"name\":\"Peanut Butter Factory\",\"description\":\"Peanut Butter Manufacturer and Roast Peanut OEM Factory | Peanut Private Label China Supplier\",\"publisher\":{\"@id\":\"https:\/\/www.peanutoem.com\/#organization\"},\"alternateName\":\"Peanut Butter OEM and Wholesale\",\"potentialAction\":[{\"@type\":\"SearchAction\",\"target\":{\"@type\":\"EntryPoint\",\"urlTemplate\":\"https:\/\/www.peanutoem.com\/?s={search_term_string}\"},\"query-input\":{\"@type\":\"PropertyValueSpecification\",\"valueRequired\":true,\"valueName\":\"search_term_string\"}}],\"inLanguage\":\"uz-UZ\"},{\"@type\":\"Organization\",\"@id\":\"https:\/\/www.peanutoem.com\/#organization\",\"name\":\"Peanut Butter Factory\",\"alternateName\":\"JuFeng Group\",\"url\":\"https:\/\/www.peanutoem.com\/\",\"logo\":{\"@type\":\"ImageObject\",\"inLanguage\":\"uz-UZ\",\"@id\":\"https:\/\/www.peanutoem.com\/#\/schema\/logo\/image\/\",\"url\":\"https:\/\/www.peanutoem.com\/wp-content\/uploads\/2024\/09\/JUFENG-LOGO.png\",\"contentUrl\":\"https:\/\/www.peanutoem.com\/wp-content\/uploads\/2024\/09\/JUFENG-LOGO.png\",\"width\":600,\"height\":170,\"caption\":\"Peanut Butter Factory\"},\"image\":{\"@id\":\"https:\/\/www.peanutoem.com\/#\/schema\/logo\/image\/\"}}]}<\/script>\n<!-- \/ Yoast SEO plugin. -->","yoast_head_json":{"title":"Stabilized Peanut Butter China Producer - Peanut Butter Factory","description":"Leading stabilized peanut butter OEM private label manufacturer and exporter. High-quality and packaging customized to meet global market demands.","robots":{"index":"index","follow":"follow","max-snippet":"max-snippet:-1","max-image-preview":"max-image-preview:large","max-video-preview":"max-video-preview:-1"},"canonical":"https:\/\/www.peanutoem.com\/uz\/manufacturer\/stabilized-peanut-butter\/","og_locale":"uz_UZ","og_type":"article","og_title":"Stabilized Peanut Butter China Producer - Peanut Butter Factory","og_description":"Leading stabilized peanut butter OEM private label manufacturer and exporter. High-quality and packaging customized to meet global market demands.","og_url":"https:\/\/www.peanutoem.com\/uz\/manufacturer\/stabilized-peanut-butter\/","og_site_name":"Peanut Butter Factory","article_modified_time":"2024-09-28T05:39:23+00:00","og_image":[{"width":1000,"height":1000,"url":"https:\/\/www.peanutoem.com\/wp-content\/uploads\/2024\/09\/Stabilized-Peanut-Butter-in-Jar.webp","type":"image\/webp"}],"twitter_card":"summary_large_image","twitter_misc":{"Est. reading time":"4 daqiqa"},"schema":{"@context":"https:\/\/schema.org","@graph":[{"@type":"WebPage","@id":"https:\/\/www.peanutoem.com\/manufacturer\/stabilized-peanut-butter\/","url":"https:\/\/www.peanutoem.com\/manufacturer\/stabilized-peanut-butter\/","name":"Stabilized Peanut Butter China Producer - Peanut Butter Factory","isPartOf":{"@id":"https:\/\/www.peanutoem.com\/#website"},"primaryImageOfPage":{"@id":"https:\/\/www.peanutoem.com\/manufacturer\/stabilized-peanut-butter\/#primaryimage"},"image":{"@id":"https:\/\/www.peanutoem.com\/manufacturer\/stabilized-peanut-butter\/#primaryimage"},"thumbnailUrl":"https:\/\/www.peanutoem.com\/wp-content\/uploads\/2024\/09\/Stabilized-Peanut-Butter-in-Jar.webp","datePublished":"2024-09-02T13:38:22+00:00","dateModified":"2024-09-28T05:39:23+00:00","description":"Leading stabilized peanut butter OEM private label manufacturer and exporter. High-quality and packaging customized to meet global market demands.","breadcrumb":{"@id":"https:\/\/www.peanutoem.com\/manufacturer\/stabilized-peanut-butter\/#breadcrumb"},"inLanguage":"uz-UZ","potentialAction":[{"@type":"ReadAction","target":["https:\/\/www.peanutoem.com\/manufacturer\/stabilized-peanut-butter\/"]}]},{"@type":"ImageObject","inLanguage":"uz-UZ","@id":"https:\/\/www.peanutoem.com\/manufacturer\/stabilized-peanut-butter\/#primaryimage","url":"https:\/\/www.peanutoem.com\/wp-content\/uploads\/2024\/09\/Stabilized-Peanut-Butter-in-Jar.webp","contentUrl":"https:\/\/www.peanutoem.com\/wp-content\/uploads\/2024\/09\/Stabilized-Peanut-Butter-in-Jar.webp","width":1000,"height":1000,"caption":"Stabilized Peanut Butter in Jar"},{"@type":"BreadcrumbList","@id":"https:\/\/www.peanutoem.com\/manufacturer\/stabilized-peanut-butter\/#breadcrumb","itemListElement":[{"@type":"ListItem","position":1,"name":"Home","item":"https:\/\/www.peanutoem.com\/"},{"@type":"ListItem","position":2,"name":"Products","item":"https:\/\/www.peanutoem.com\/shop\/"},{"@type":"ListItem","position":3,"name":"Stabilized Peanut Butter"}]},{"@type":"WebSite","@id":"https:\/\/www.peanutoem.com\/#website","url":"https:\/\/www.peanutoem.com\/","name":"Peanut Butter Factory","description":"Peanut Butter Manufacturer and Roast Peanut OEM Factory | Peanut Private Label China Supplier","publisher":{"@id":"https:\/\/www.peanutoem.com\/#organization"},"alternateName":"Peanut Butter OEM and Wholesale","potentialAction":[{"@type":"SearchAction","target":{"@type":"EntryPoint","urlTemplate":"https:\/\/www.peanutoem.com\/?s={search_term_string}"},"query-input":{"@type":"PropertyValueSpecification","valueRequired":true,"valueName":"search_term_string"}}],"inLanguage":"uz-UZ"},{"@type":"Organization","@id":"https:\/\/www.peanutoem.com\/#organization","name":"Peanut Butter Factory","alternateName":"JuFeng Group","url":"https:\/\/www.peanutoem.com\/","logo":{"@type":"ImageObject","inLanguage":"uz-UZ","@id":"https:\/\/www.peanutoem.com\/#\/schema\/logo\/image\/","url":"https:\/\/www.peanutoem.com\/wp-content\/uploads\/2024\/09\/JUFENG-LOGO.png","contentUrl":"https:\/\/www.peanutoem.com\/wp-content\/uploads\/2024\/09\/JUFENG-LOGO.png","width":600,"height":170,"caption":"Peanut Butter Factory"},"image":{"@id":"https:\/\/www.peanutoem.com\/#\/schema\/logo\/image\/"}}]}},"_links":{"self":[{"href":"https:\/\/www.peanutoem.com\/uz\/wp-json\/wp\/v2\/product\/1545","targetHints":{"allow":["GET"]}}],"collection":[{"href":"https:\/\/www.peanutoem.com\/uz\/wp-json\/wp\/v2\/product"}],"about":[{"href":"https:\/\/www.peanutoem.com\/uz\/wp-json\/wp\/v2\/types\/product"}],"replies":[{"embeddable":true,"href":"https:\/\/www.peanutoem.com\/uz\/wp-json\/wp\/v2\/comments?post=1545"}],"wp:featuredmedia":[{"embeddable":true,"href":"https:\/\/www.peanutoem.com\/uz\/wp-json\/wp\/v2\/media\/1692"}],"wp:attachment":[{"href":"https:\/\/www.peanutoem.com\/uz\/wp-json\/wp\/v2\/media?parent=1545"}],"wp:term":[{"taxonomy":"product_cat","embeddable":true,"href":"https:\/\/www.peanutoem.com\/uz\/wp-json\/wp\/v2\/product_cat?post=1545"},{"taxonomy":"product_tag","embeddable":true,"href":"https:\/\/www.peanutoem.com\/uz\/wp-json\/wp\/v2\/product_tag?post=1545"}],"curies":[{"name":"wp","href":"https:\/\/api.w.org\/{rel}","templated":true}]}}