{"id":1553,"date":"2024-09-02T13:58:23","date_gmt":"2024-09-02T13:58:23","guid":{"rendered":"https:\/\/www.peanutoem.com\/?post_type=product&#038;p=1553"},"modified":"2024-09-24T15:21:33","modified_gmt":"2024-09-24T15:21:33","slug":"roasted-peanut-kernels","status":"publish","type":"product","link":"https:\/\/www.peanutoem.com\/uz\/manufacturer\/roasted-peanut-kernels\/","title":{"rendered":"Qovurilgan yeryong&#039;oq yadrolari"},"content":{"rendered":"<h3>Qovurilgan yeryong&#039;oq yadrolari nima?<\/h3>\n<p>Qovurilgan yeryong&#039;oq yadrolari ehtiyotkorlik bilan qovurilgan yeryong&#039;oq qobig&#039;ining qutulish mumkin bo&#039;lgan qismidir. Qovurish jarayoni yeryong&#039;oqning ta&#039;mini va ta&#039;mini sezilarli darajada yaxshilaydi. Bu yeryong&#039;oqlarga jozibali yong&#039;oq aromati va tiniq tuzilishni beradi, bu ularni mashhur gazak tanlovi va ko&#039;plab oziq-ovqatlarning ajralmas tarkibiy qismiga aylantiradi. Bu qovurilgan yeryong&#039;oq yadrolari klassik yeryong&#039;oq yog&#039;ini tayyorlashdan tortib pishirilgan gazaklar va konfetlardagi ijodiy kombinatsiyalargacha, mazali taomlarga o&#039;ziga xos lazzat qo&#039;shishgacha keng qo&#039;llaniladi.<\/p>\n<h3>Qovurilgan yeryong&#039;oq yadrolarining boshqa nomlari qanday?<\/h3>\n<p>Qovurilgan yeryong&#039;oq yadrolari ba&#039;zan mintaqaga yoki ularning qo&#039;llanilishiga qarab muqobil nomlar bilan ataladi. Umumiy nomlarga quyidagilar kiradi:<\/p>\n<ul>\n<li><strong>Qovurilgan yer yong&#039;oqlari<\/strong> (ba&#039;zi mamlakatlarda qo&#039;llaniladi)<\/li>\n<li><strong>Quruq qovurilgan yong&#039;oqlar<\/strong><\/li>\n<li><strong>Qovurilgan yeryong&#039;oqlar<\/strong><\/li>\n<li><strong>Qovurilgan yong&#039;oq yadrolari<\/strong><\/li>\n<\/ul>\n<p>Ushbu o&#039;zgarishlar turli xil sanoat va ta&#039;mlarga moslashtirilgan qovurilgan yeryong&#039;oqdan tayyorlangan bir xil mazali, ko&#039;p qirrali mahsulotni ta&#039;kidlaydi.<\/p>\n<h3>Nima uchun bizni qovurilgan yeryong&#039;oq yadrolari OEM yetkazib beruvchi sifatida tanlaysiz?<\/h3>\n<p>Tanlash <strong>Xitoyning JuFeng guruhi<\/strong> sanoatning eng ishonchli qovurilgan yeryong&#039;oq yadrosi yetkazib beruvchilari va xususiy yorliq ishlab chiqaruvchilardan biri bilan hamkorlik qilishni anglatadi. Mana nima uchun biz ajralib turamiz:<\/p>\n<ul>\n<li><strong>Eng zamonaviy ishlab chiqarish<\/strong>: AQShdan olib kelingan ikkita ilg&#039;or ishlab chiqarish liniyasi bilan biz doimiy ravishda yuqori sifatli qovurilgan yeryong&#039;oq yadrolarini miqyosda yetkazib beramiz.<\/li>\n<li><strong>Moslashtirilgan OEM yechimlari<\/strong>: Biz moslashuvchan OEM va xususiy yorliq xizmatlarini taklif etamiz, bu esa mijozlarga bozorning muayyan ehtiyojlarini qondirish uchun mahsulot spetsifikatsiyalarini, qadoqlash va boshqalarni sozlash imkonini beradi.<\/li>\n<li><strong>Sertifikatlash va muvofiqlik<\/strong>: Mahsulotlarimiz global xavfsizlik va sifat standartlariga javob beradi, BRC, HACCP, Kosher, Halol va EI Organic sertifikatlari bilan sertifikatlangan.<\/li>\n<li><strong>Ishonchli eksportchi<\/strong>: Etakchi eksportchi sifatida biz butun dunyo bo&#039;ylab yirik supermarketlar va oziq-ovqat brendlari bilan hamkorlik aloqalarini o&#039;rnatdik.<\/li>\n<li><strong>Ta&#039;minot zanjiri ekspertizasi<\/strong>: Qayta ishlashdan tortib to saqlashgacha, biz o&#039;zimiz qurgan haroratni nazorat qiluvchi qurilmalarimiz bilan o&#039;z vaqtida yetkazib berish va sifat nazoratini ta&#039;minlaymiz.<\/li>\n<\/ul>\n<h3>Qovurilgan yeryong&#039;oq yadrolari haqida issiq mavzular<\/h3>\n<ul>\n<li><strong>Yong&#039;oq yetishtirishda barqarorlik<\/strong>: Qovurilgan yeryong&#039;oq yadrolari, boshqa yeryong&#039;oq mahsulotlari kabi, boshqa yong&#039;oqlarga nisbatan past atrof-muhitga ta&#039;sir qiladi, bu ularni oziq-ovqat ishlab chiqaruvchilari uchun ekologik toza tanlovga aylantiradi.<\/li>\n<li><strong>Salomatlik foydalari<\/strong>: Qovurilgan yeryong&#039;oqlar oqsil, sog&#039;lom yog&#039;lar va tolaga boy bo&#039;lib, iste&#039;molchilarga to&#039;yimli gazak variantini taklif qiladi.<\/li>\n<li><strong>Yong&#039;oqni qayta ishlashdagi innovatsiyalar<\/strong>: Yong&#039;oq sanoati oziq moddalarni saqlab qolgan holda lazzatni yaxshilaydigan yangi qovurish usullari bilan doimiy ravishda rivojlanmoqda.<\/li>\n<\/ul>\n<h3>Bizni tanlash va qovurilgan yeryong&#039;oq yadrolari haqida faktlar<\/h3>\n<p><strong>1. Xitoyning JuFeng guruhini qovurilgan yeryong&#039;oq yadrolarining etakchi yetkazib beruvchisi nima qiladi?<\/strong><br \/>\nBiz jahon bozorlariga yuqori sifatli qovurilgan yeryong\u2018oq yadrolarini yetkazib berish uchun ilg\u2018or texnologiyalar, katta tajriba va mahsulotlarni yuqori darajada sozlashni birlashtiramiz.<\/p>\n<p><strong>2. Qovurilgan yerf\u0131st\u0131\u011f\u0131 yadrolari uchun xususiy yorliq xizmatlarini taklif qilasizmi?<\/strong><br \/>\nHa, biz sizga mahsulot qadoqlash, brending va yadro spetsifikatsiyalarini brendingiz ehtiyojlariga moslashtirishga imkon beruvchi moslashuvchan xususiy yorliqli yechimlarni taqdim etamiz.<\/p>\n<p><strong>3. Qovurilgan yeryong&#039;oq yadrolarini sizdan ko&#039;p miqdorda buyurtma qilsam bo&#039;ladimi?<\/strong><br \/>\nAlbatta, biz chakana sotuvchilar, ulgurji sotuvchilar va oziq-ovqat ishlab chiqaruvchilari kabi barcha o&#039;lchamdagi korxonalarga xizmat ko&#039;rsatish uchun ommaviy xarid qilish imkoniyatlarini taklif qilamiz.<\/p>\n<p><strong>4. Qovurilgan yeryong&#039;oq yadrolari qanday sertifikatlarga ega?<\/strong><br \/>\nMahsulotlarimiz qat&#039;iy xalqaro standartlar va sertifikatlarga javob beradi, jumladan HACCP, BRC, Kosher, Halol va EU Organic.<\/p>\n<p><strong>5. Qovurilgan yeryong&#039;oq yadrolari sifatini qanday ta&#039;minlaysiz?<\/strong><br \/>\nHar bir partiyaning yuqori sensorli, fizik, kimyoviy va mikrobial standartlarga javob berishini ta&#039;minlash uchun puxta sinov o&#039;tkazish uchun bizda maxsus laboratoriya mavjud.<\/p>\n<p><strong>6. Yong&#039;oq yadrolarining qovurish darajasini moslashtira olasizmi?<\/strong><br \/>\nHa, biz mijozning xohish-istaklari va bozor talablariga asoslangan sozlanishi qovurish darajalarini (engil, o&#039;rta yoki quyuq qovurish) taklif qilamiz.<\/p>\n<p><strong>7. Qovurilgan yeryong&#039;oq yadrolari yangiligini saqlab qolish uchun qanday saqlanadi?<\/strong><br \/>\nBizning yadrolarimiz buzilishning oldini oladigan va jo&#039;natish va tashish paytida mahsulot yaxlitligini saqlaydigan harorat nazorati ostida saqlanadi.<\/p>\n<p><strong>8. Qovurilgan yeryong&#039;oq yadrolarini xalqaro miqyosda eksport qilasizmi?<\/strong><br \/>\nHa, biz turli qit&#039;alardagi turli bozorlarga qovurilgan yeryong&#039;oq yadrolarini yetkazib beruvchi global tarmoqqa ega tajribali eksportchimiz.<\/p>\n<p><strong>9. Sizning qovurilgan yeryong&#039;oq yadrolari yeryong&#039;oq yog&#039;i ishlab chiqarishda foydalanish uchun mos keladimi?<\/strong><br \/>\nAlbatta, bizning qovurilgan yeryong&#039;oq yadrolari yeryong&#039;oq yog&#039;ini ishlab chiqarishda foydalanish uchun ideal bo&#039;lib, yuqori ta&#039;m va tuzilishga ega.<\/p>","protected":false},"excerpt":{"rendered":"<p>Biz Xitoyda qovurilgan yeryong&#039;oq yadrolarini ishlab chiqaruvchi va yetkazib beruvchimiz<\/p>\n<p>- MOQ: 1 tonna<br \/>\n- OEM\/ODM xizmati taklif etiladi<br \/>\n- Bepul namuna mavjud<br \/>\n- Moslashtirishni qabul qiling (spetsifikatsiyalar, rang, o&#039;lchamlar, qadoqlash, dizayn va boshqalar)<\/p>\n<p>Agar siz qovurilgan yeryong&#039;oq yadrolarini olishni istasangiz, biz bilan bog&#039;laning.<\/p>","protected":false},"featured_media":1697,"comment_status":"open","ping_status":"closed","template":"","meta":[],"product_cat":[37],"product_tag":[],"class_list":{"0":"post-1553","1":"product","2":"type-product","3":"status-publish","4":"has-post-thumbnail","6":"product_cat-roasted-peanut","8":"first","9":"instock","10":"featured","11":"shipping-taxable","12":"product-type-simple"},"yoast_head":"<!-- This site is optimized with the Yoast SEO plugin v24.9 - https:\/\/yoast.com\/wordpress\/plugins\/seo\/ -->\n<title>Roasted Peanut Kernels - Peanut Butter Factory<\/title>\n<meta name=\"description\" content=\"Premium Roasted Peanut Kernels OEM supplier, private label manufacturer, and exporter. Choose us for superior quality and customizable options.\" \/>\n<meta name=\"robots\" content=\"index, follow, max-snippet:-1, max-image-preview:large, max-video-preview:-1\" \/>\n<link rel=\"canonical\" href=\"https:\/\/www.peanutoem.com\/uz\/manufacturer\/roasted-peanut-kernels\/\" \/>\n<meta property=\"og:locale\" content=\"uz_UZ\" \/>\n<meta property=\"og:type\" content=\"article\" \/>\n<meta property=\"og:title\" content=\"Roasted Peanut Kernels - Peanut Butter Factory\" \/>\n<meta property=\"og:description\" content=\"Premium Roasted Peanut Kernels OEM supplier, private label manufacturer, and exporter. Choose us for superior quality and customizable options.\" \/>\n<meta property=\"og:url\" content=\"https:\/\/www.peanutoem.com\/uz\/manufacturer\/roasted-peanut-kernels\/\" \/>\n<meta property=\"og:site_name\" content=\"Peanut Butter Factory\" \/>\n<meta property=\"article:modified_time\" content=\"2024-09-24T15:21:33+00:00\" \/>\n<meta property=\"og:image\" content=\"https:\/\/www.peanutoem.com\/wp-content\/uploads\/2024\/09\/Roasted-Peanut-Kernels-on-plate-scaled.webp\" \/>\n\t<meta property=\"og:image:width\" content=\"2560\" \/>\n\t<meta property=\"og:image:height\" content=\"1707\" \/>\n\t<meta property=\"og:image:type\" content=\"image\/webp\" \/>\n<meta name=\"twitter:card\" content=\"summary_large_image\" \/>\n<meta name=\"twitter:label1\" content=\"Est. reading time\" \/>\n\t<meta name=\"twitter:data1\" content=\"3 daqiqa\" \/>\n<script type=\"application\/ld+json\" class=\"yoast-schema-graph\">{\"@context\":\"https:\/\/schema.org\",\"@graph\":[{\"@type\":\"WebPage\",\"@id\":\"https:\/\/www.peanutoem.com\/manufacturer\/roasted-peanut-kernels\/\",\"url\":\"https:\/\/www.peanutoem.com\/manufacturer\/roasted-peanut-kernels\/\",\"name\":\"Roasted Peanut Kernels - Peanut Butter Factory\",\"isPartOf\":{\"@id\":\"https:\/\/www.peanutoem.com\/#website\"},\"primaryImageOfPage\":{\"@id\":\"https:\/\/www.peanutoem.com\/manufacturer\/roasted-peanut-kernels\/#primaryimage\"},\"image\":{\"@id\":\"https:\/\/www.peanutoem.com\/manufacturer\/roasted-peanut-kernels\/#primaryimage\"},\"thumbnailUrl\":\"https:\/\/www.peanutoem.com\/wp-content\/uploads\/2024\/09\/Roasted-Peanut-Kernels-on-plate-scaled.webp\",\"datePublished\":\"2024-09-02T13:58:23+00:00\",\"dateModified\":\"2024-09-24T15:21:33+00:00\",\"description\":\"Premium Roasted Peanut Kernels OEM supplier, private label manufacturer, and exporter. Choose us for superior quality and customizable options.\",\"breadcrumb\":{\"@id\":\"https:\/\/www.peanutoem.com\/manufacturer\/roasted-peanut-kernels\/#breadcrumb\"},\"inLanguage\":\"uz-UZ\",\"potentialAction\":[{\"@type\":\"ReadAction\",\"target\":[\"https:\/\/www.peanutoem.com\/manufacturer\/roasted-peanut-kernels\/\"]}]},{\"@type\":\"ImageObject\",\"inLanguage\":\"uz-UZ\",\"@id\":\"https:\/\/www.peanutoem.com\/manufacturer\/roasted-peanut-kernels\/#primaryimage\",\"url\":\"https:\/\/www.peanutoem.com\/wp-content\/uploads\/2024\/09\/Roasted-Peanut-Kernels-on-plate-scaled.webp\",\"contentUrl\":\"https:\/\/www.peanutoem.com\/wp-content\/uploads\/2024\/09\/Roasted-Peanut-Kernels-on-plate-scaled.webp\",\"width\":2560,\"height\":1707,\"caption\":\"Roasted Peanut Kernels on plate\"},{\"@type\":\"BreadcrumbList\",\"@id\":\"https:\/\/www.peanutoem.com\/manufacturer\/roasted-peanut-kernels\/#breadcrumb\",\"itemListElement\":[{\"@type\":\"ListItem\",\"position\":1,\"name\":\"Home\",\"item\":\"https:\/\/www.peanutoem.com\/\"},{\"@type\":\"ListItem\",\"position\":2,\"name\":\"Products\",\"item\":\"https:\/\/www.peanutoem.com\/shop\/\"},{\"@type\":\"ListItem\",\"position\":3,\"name\":\"Roasted Peanut Kernels\"}]},{\"@type\":\"WebSite\",\"@id\":\"https:\/\/www.peanutoem.com\/#website\",\"url\":\"https:\/\/www.peanutoem.com\/\",\"name\":\"Peanut Butter Factory\",\"description\":\"Peanut Butter Manufacturer and Roast Peanut OEM Factory | Peanut Private Label China Supplier\",\"publisher\":{\"@id\":\"https:\/\/www.peanutoem.com\/#organization\"},\"alternateName\":\"Peanut Butter OEM and Wholesale\",\"potentialAction\":[{\"@type\":\"SearchAction\",\"target\":{\"@type\":\"EntryPoint\",\"urlTemplate\":\"https:\/\/www.peanutoem.com\/?s={search_term_string}\"},\"query-input\":{\"@type\":\"PropertyValueSpecification\",\"valueRequired\":true,\"valueName\":\"search_term_string\"}}],\"inLanguage\":\"uz-UZ\"},{\"@type\":\"Organization\",\"@id\":\"https:\/\/www.peanutoem.com\/#organization\",\"name\":\"Peanut Butter Factory\",\"alternateName\":\"JuFeng Group\",\"url\":\"https:\/\/www.peanutoem.com\/\",\"logo\":{\"@type\":\"ImageObject\",\"inLanguage\":\"uz-UZ\",\"@id\":\"https:\/\/www.peanutoem.com\/#\/schema\/logo\/image\/\",\"url\":\"https:\/\/www.peanutoem.com\/wp-content\/uploads\/2024\/09\/JUFENG-LOGO.png\",\"contentUrl\":\"https:\/\/www.peanutoem.com\/wp-content\/uploads\/2024\/09\/JUFENG-LOGO.png\",\"width\":600,\"height\":170,\"caption\":\"Peanut Butter Factory\"},\"image\":{\"@id\":\"https:\/\/www.peanutoem.com\/#\/schema\/logo\/image\/\"}}]}<\/script>\n<!-- \/ Yoast SEO plugin. -->","yoast_head_json":{"title":"Roasted Peanut Kernels - Peanut Butter Factory","description":"Premium Roasted Peanut Kernels OEM supplier, private label manufacturer, and exporter. Choose us for superior quality and customizable options.","robots":{"index":"index","follow":"follow","max-snippet":"max-snippet:-1","max-image-preview":"max-image-preview:large","max-video-preview":"max-video-preview:-1"},"canonical":"https:\/\/www.peanutoem.com\/uz\/manufacturer\/roasted-peanut-kernels\/","og_locale":"uz_UZ","og_type":"article","og_title":"Roasted Peanut Kernels - Peanut Butter Factory","og_description":"Premium Roasted Peanut Kernels OEM supplier, private label manufacturer, and exporter. Choose us for superior quality and customizable options.","og_url":"https:\/\/www.peanutoem.com\/uz\/manufacturer\/roasted-peanut-kernels\/","og_site_name":"Peanut Butter Factory","article_modified_time":"2024-09-24T15:21:33+00:00","og_image":[{"width":2560,"height":1707,"url":"https:\/\/www.peanutoem.com\/wp-content\/uploads\/2024\/09\/Roasted-Peanut-Kernels-on-plate-scaled.webp","type":"image\/webp"}],"twitter_card":"summary_large_image","twitter_misc":{"Est. reading time":"3 daqiqa"},"schema":{"@context":"https:\/\/schema.org","@graph":[{"@type":"WebPage","@id":"https:\/\/www.peanutoem.com\/manufacturer\/roasted-peanut-kernels\/","url":"https:\/\/www.peanutoem.com\/manufacturer\/roasted-peanut-kernels\/","name":"Roasted Peanut Kernels - Peanut Butter Factory","isPartOf":{"@id":"https:\/\/www.peanutoem.com\/#website"},"primaryImageOfPage":{"@id":"https:\/\/www.peanutoem.com\/manufacturer\/roasted-peanut-kernels\/#primaryimage"},"image":{"@id":"https:\/\/www.peanutoem.com\/manufacturer\/roasted-peanut-kernels\/#primaryimage"},"thumbnailUrl":"https:\/\/www.peanutoem.com\/wp-content\/uploads\/2024\/09\/Roasted-Peanut-Kernels-on-plate-scaled.webp","datePublished":"2024-09-02T13:58:23+00:00","dateModified":"2024-09-24T15:21:33+00:00","description":"Premium Roasted Peanut Kernels OEM supplier, private label manufacturer, and exporter. Choose us for superior quality and customizable options.","breadcrumb":{"@id":"https:\/\/www.peanutoem.com\/manufacturer\/roasted-peanut-kernels\/#breadcrumb"},"inLanguage":"uz-UZ","potentialAction":[{"@type":"ReadAction","target":["https:\/\/www.peanutoem.com\/manufacturer\/roasted-peanut-kernels\/"]}]},{"@type":"ImageObject","inLanguage":"uz-UZ","@id":"https:\/\/www.peanutoem.com\/manufacturer\/roasted-peanut-kernels\/#primaryimage","url":"https:\/\/www.peanutoem.com\/wp-content\/uploads\/2024\/09\/Roasted-Peanut-Kernels-on-plate-scaled.webp","contentUrl":"https:\/\/www.peanutoem.com\/wp-content\/uploads\/2024\/09\/Roasted-Peanut-Kernels-on-plate-scaled.webp","width":2560,"height":1707,"caption":"Roasted Peanut Kernels on plate"},{"@type":"BreadcrumbList","@id":"https:\/\/www.peanutoem.com\/manufacturer\/roasted-peanut-kernels\/#breadcrumb","itemListElement":[{"@type":"ListItem","position":1,"name":"Home","item":"https:\/\/www.peanutoem.com\/"},{"@type":"ListItem","position":2,"name":"Products","item":"https:\/\/www.peanutoem.com\/shop\/"},{"@type":"ListItem","position":3,"name":"Roasted Peanut Kernels"}]},{"@type":"WebSite","@id":"https:\/\/www.peanutoem.com\/#website","url":"https:\/\/www.peanutoem.com\/","name":"Peanut Butter Factory","description":"Peanut Butter Manufacturer and Roast Peanut OEM Factory | Peanut Private Label China Supplier","publisher":{"@id":"https:\/\/www.peanutoem.com\/#organization"},"alternateName":"Peanut Butter OEM and Wholesale","potentialAction":[{"@type":"SearchAction","target":{"@type":"EntryPoint","urlTemplate":"https:\/\/www.peanutoem.com\/?s={search_term_string}"},"query-input":{"@type":"PropertyValueSpecification","valueRequired":true,"valueName":"search_term_string"}}],"inLanguage":"uz-UZ"},{"@type":"Organization","@id":"https:\/\/www.peanutoem.com\/#organization","name":"Peanut Butter Factory","alternateName":"JuFeng Group","url":"https:\/\/www.peanutoem.com\/","logo":{"@type":"ImageObject","inLanguage":"uz-UZ","@id":"https:\/\/www.peanutoem.com\/#\/schema\/logo\/image\/","url":"https:\/\/www.peanutoem.com\/wp-content\/uploads\/2024\/09\/JUFENG-LOGO.png","contentUrl":"https:\/\/www.peanutoem.com\/wp-content\/uploads\/2024\/09\/JUFENG-LOGO.png","width":600,"height":170,"caption":"Peanut Butter Factory"},"image":{"@id":"https:\/\/www.peanutoem.com\/#\/schema\/logo\/image\/"}}]}},"_links":{"self":[{"href":"https:\/\/www.peanutoem.com\/uz\/wp-json\/wp\/v2\/product\/1553","targetHints":{"allow":["GET"]}}],"collection":[{"href":"https:\/\/www.peanutoem.com\/uz\/wp-json\/wp\/v2\/product"}],"about":[{"href":"https:\/\/www.peanutoem.com\/uz\/wp-json\/wp\/v2\/types\/product"}],"replies":[{"embeddable":true,"href":"https:\/\/www.peanutoem.com\/uz\/wp-json\/wp\/v2\/comments?post=1553"}],"wp:featuredmedia":[{"embeddable":true,"href":"https:\/\/www.peanutoem.com\/uz\/wp-json\/wp\/v2\/media\/1697"}],"wp:attachment":[{"href":"https:\/\/www.peanutoem.com\/uz\/wp-json\/wp\/v2\/media?parent=1553"}],"wp:term":[{"taxonomy":"product_cat","embeddable":true,"href":"https:\/\/www.peanutoem.com\/uz\/wp-json\/wp\/v2\/product_cat?post=1553"},{"taxonomy":"product_tag","embeddable":true,"href":"https:\/\/www.peanutoem.com\/uz\/wp-json\/wp\/v2\/product_tag?post=1553"}],"curies":[{"name":"wp","href":"https:\/\/api.w.org\/{rel}","templated":true}]}}