{"id":1554,"date":"2024-09-02T13:59:01","date_gmt":"2024-09-02T13:59:01","guid":{"rendered":"https:\/\/www.peanutoem.com\/?post_type=product&#038;p=1554"},"modified":"2024-09-28T05:11:42","modified_gmt":"2024-09-28T05:11:42","slug":"roasted-blanched-peanut","status":"publish","type":"product","link":"https:\/\/www.peanutoem.com\/uz\/manufacturer\/roasted-blanched-peanut\/","title":{"rendered":"Qovurilgan oqartirilgan yeryong&#039;oq"},"content":{"rendered":"<h3><strong>Qovurilgan oqartirilgan yeryong&#039;oq nima?<\/strong><\/h3>\n<p>Qovurilgan oqartirilgan yerf\u0131st\u0131\u011f\u0131 maxsus ikki bosqichli jarayondan o&#039;tadi. Birinchidan, xom er yong&#039;oqlari oqartiriladi, bu isitish va yumshoq mexanik vositalar orqali tashqi terini olib tashlashni o&#039;z ichiga oladi. Keyinchalik, ular mukammallikka qovuriladi, natijada boy, yong&#039;oq ta&#039;mi va qarsillab turadigan tuzilishga ega bo&#039;ladi. Bu yeryong&#039;oqlar turli xil ilovalar, jumladan, gazak ishlab chiqarish, qandolatchilik, yeryong&#039;oq yog&#039;i ishlab chiqarish va mazali taomlarning tarkibiy qismlari sifatida idealdir.<\/p>\n<p>Bundan tashqari, oqartirilgan qovurilgan yeryong&#039;oqlar toza, silliq ko&#039;rinishning qo&#039;shimcha foydasini taklif qiladi. Bu sifat ularni vizual joziba va bir xillik muhim bo&#039;lgan mahsulotlar uchun juda ma&#039;qul qiladi.<\/p>\n<h3><strong>Qovurilgan oqartirilgan yeryong&#039;oqning boshqa nomlari qanday?<\/strong><\/h3>\n<p>Qovurilgan oqartirilgan yeryong&#039;oqlar mintaqaviy imtiyozlarga yoki sanoatdan foydalanishga qarab bir nechta nomlar bilan atalishi mumkin:<\/p>\n<ul>\n<li>Terisiz qovurilgan yeryong&#039;oqlar<\/li>\n<li>Oqartirilgan va qovurilgan yeryong&#039;oqlar<\/li>\n<li>Qovurilgan oq yeryong&#039;oq<\/li>\n<li>Oqartirilgan yeryong&#039;oqlar<\/li>\n<li>Oqartirilgan yeryong&#039;oq yadrolari<\/li>\n<li>Butun oqartirilgan qovurilgan yeryong&#039;oq<\/li>\n<\/ul>\n<p>Bu nomlar tayyorlash jarayonini aks ettiradi, bu erda yeryong&#039;oq terilari qovurishdan oldin olib tashlanadi, natijada silliq va jozibali yakuniy mahsulot olinadi.<\/p>\n<h3><img loading=\"lazy\" decoding=\"async\" class=\"alignnone wp-image-1702 size-full\" src=\"https:\/\/www.peanutoem.com\/wp-content\/uploads\/2024\/09\/Whole-Roasted-Blanched-Peanut-.webp\" alt=\"To&#039;liq qovurilgan oqartirilgan yeryong&#039;oq\" width=\"1000\" height=\"1000\" srcset=\"https:\/\/www.peanutoem.com\/wp-content\/uploads\/2024\/09\/Whole-Roasted-Blanched-Peanut-.webp 1000w, https:\/\/www.peanutoem.com\/wp-content\/uploads\/2024\/09\/Whole-Roasted-Blanched-Peanut--300x300.webp 300w, https:\/\/www.peanutoem.com\/wp-content\/uploads\/2024\/09\/Whole-Roasted-Blanched-Peanut--150x150.webp 150w, https:\/\/www.peanutoem.com\/wp-content\/uploads\/2024\/09\/Whole-Roasted-Blanched-Peanut--768x768.webp 768w, https:\/\/www.peanutoem.com\/wp-content\/uploads\/2024\/09\/Whole-Roasted-Blanched-Peanut--12x12.webp 12w, https:\/\/www.peanutoem.com\/wp-content\/uploads\/2024\/09\/Whole-Roasted-Blanched-Peanut--600x600.webp 600w, https:\/\/www.peanutoem.com\/wp-content\/uploads\/2024\/09\/Whole-Roasted-Blanched-Peanut--100x100.webp 100w\" sizes=\"auto, (max-width: 1000px) 100vw, 1000px\" \/><\/h3>\n<h3><strong>Nima uchun bizni qovurilgan oqartirilgan peanut OEM yetkazib beruvchi sifatida tanlaysiz?<\/strong><\/h3>\n<p>Biz qovurilgan oqartirilgan yeryong&#039;oq ishlab chiqarish bo&#039;yicha bozorni boshqarib, qovurilgan oqartirilgan yeryong&#039;oq to&#039;liq va qovurilgan oqartirilgan yeryong&#039;oq yarmini taklif qilamiz. Mana nima uchun biz sizning eng yaxshi hamkoringizmiz:<\/p>\n<ul>\n<li><strong>OEM yechimlari bo&#039;yicha tajriba<\/strong>: Bizning ilg&#039;or ishlab chiqarish imkoniyatlarimiz bilan biz qovurish darajasidan qadoqlash talablariga qadar mahsulotingizning texnik xususiyatlariga mos keladigan OEM xizmatlarini taklif etamiz.<\/li>\n<li><strong>Xususiy yorliq ishlab chiqarish<\/strong>: Biz xususiy yorliqlar ishlab chiqarishga ixtisoslashganmiz, bu brendlarga o&#039;zlarining alohida mahsulotlarini ishlab chiqishda bizning tajribamizdan foydalanish imkonini beradi.<\/li>\n<li><strong>Global eksport imkoniyatlari<\/strong>: Tajribali eksportchi sifatida biz butun dunyo bo&#039;ylab mijozlarga samarali logistika va barqaror sifat bilan xizmat qilamiz.<\/li>\n<li><strong>Sertifikatlangan sifat kafolati<\/strong>: Mahsulotlarimiz HACCP, BRCGS, Halol, Kosher va Yevropa Ittifoqi Organik standartlari bo&#039;yicha sertifikatlangan bo&#039;lib, global oziq-ovqat xavfsizligi va sifati qoidalariga muvofiqligini ta&#039;minlaydi.<\/li>\n<li><strong>Barqarorlik va ishonchlilik<\/strong>: Biz barqaror ishlab chiqarish usullarini birinchi o&#039;ringa qo&#039;yamiz va butun dunyo bo&#039;ylab mijozlarimizning ehtiyojlarini qondirish uchun kuchli ta&#039;minot zanjiri ishonchliligini ta&#039;minlaymiz.<\/li>\n<\/ul>\n<h3><strong>Qovurilgan oqartirilgan yeryong&#039;oq haqida issiq mavzular<\/strong><\/h3>\n<ul>\n<li><strong>Butun va yarmi<\/strong>: Qovurilgan oqartirilgan yeryong&#039;oq yarmiga nisbatan qovurilgan oqartirilgan yeryong&#039;oqning foydalanish holatlarini tushunish ishlab chiqaruvchilar uchun juda muhimdir. Butun yeryong&#039;oqlar ko&#039;pincha yuqori sifatli at\u0131\u015ft\u0131rmal\u0131klar uchun ishlatiladi, yarmi esa oziq-ovqat ishlab chiqarish, pishirish va yeryong&#039;oq moyi uchun afzaldir.<\/li>\n<li><strong>Qovurilgan oqartirilgan yeryong&#039;oqning sog&#039;liq uchun foydalari<\/strong>: Oqartirilgan yeryong&#039;oqlar xom yeryong&#039;oqning ko&#039;plab ozuqaviy afzalliklarini, jumladan, oqsil, sog&#039;lom yog&#039;lar va muhim vitaminlar va minerallarni saqlab qoladi va ularni sog&#039;lig&#039;iga e&#039;tiborli iste&#039;molchilar uchun oqilona tanlov qiladi.<\/li>\n<li><strong>Toza yorliqli ingredientlarga talab ortib bormoqda<\/strong>: Ko&#039;proq iste&#039;molchilar minimal qayta ishlangan mahsulotlarni qidirayotgani sababli, qovurilgan oqartirilgan yeryong&#039;oqlar &quot;toza yorliq&quot; sifatida sotiladigan gazaklar va oziq-ovqat mahsulotlari uchun ajoyib ingredient tanlovidir.<\/li>\n<li><strong>Yong&#039;oqning barqarorligi va atrof-muhitga ta&#039;siri<\/strong>: Boshqa yong&#039;oqlar bilan solishtirganda, yeryong&#039;oqlar, shu jumladan oqartirilgan navlar o&#039;sishi uchun kamroq resurslar talab qiladi, bu esa ularni atrof-muhit izini kamaytirishga intilayotgan oziq-ovqat kompaniyalari uchun barqaror tanlovga aylantiradi.<\/li>\n<\/ul>\n<h3><strong>Qovurilgan oqartirilgan yeryong&#039;oq ishlab chiqaruvchisi sifatidagi rolimiz haqida tez-tez so&#039;raladigan savollar<\/strong><\/h3>\n<ol>\n<li><strong>Oqartirilgan yeryong&#039;oqning qanday foydalari bor?<\/strong><br \/>\nOqartirilgan yeryong&#039;oq terisini olib tashlaydi, bu esa toza ko&#039;rinish va bir xil tuzilishni ta&#039;minlaydi, gazak va ko&#039;zga ko&#039;rinadigan mahsulotlar uchun idealdir.<\/li>\n<li><strong>Shaxsiy yorliq variantlarini taqdim qilasizmi?<\/strong><br \/>\nHa, biz brendingizning qadoqlash va texnik xususiyatlari uchun to&#039;liq moslashtirilgan xususiy yorliq ishlab chiqarishga ixtisoslashganmiz.<\/li>\n<li><strong>Qovurish darajasini moslashtira olamanmi?<\/strong><br \/>\nMutlaqo! Biz sizning afzalliklaringiz va bozor ehtiyojlaringizga moslashtirilgan yorug&#039;likdan qorong&#039;igacha qovurish variantlarini taklif qilamiz.<\/li>\n<li><strong>Qanday qilib yangilikni saqlaysiz?<\/strong><br \/>\nBiz yeryong\u2018oqlarni saqlash va tashish vaqtida yangi va sifatli bo\u2018lib qolishini ta\u2019minlash uchun haroratni nazorat qiluvchi qurilmalarda saqlaymiz.<\/li>\n<li><strong>Siz global miqyosda eksport qilasizmi?<\/strong><br \/>\nHa, biz qovurilgan oqartirilgan yeryong&#039;oqni samarali logistika bilan turli xalqaro bozorlarga eksport qilish bo&#039;yicha katta tajribaga egamiz.<\/li>\n<li><strong>Sizning yeryong&#039;oqlaringizning saqlash muddati qanday?<\/strong><br \/>\nBizning qovurilgan oqartirilgan yeryong&#039;oqlarimiz to&#039;g&#039;ri saqlanganida 12 oydan 18 oygacha davom etadi, bu doimiy tazelik va lazzatni ta&#039;minlaydi.<\/li>\n<li><strong>Qovurilgan oqartirilgan yeryong&#039;oqlar uchun umumiy foydalanish nima?<\/strong><br \/>\nUlar at\u0131\u015ft\u0131rmal\u0131klar, qandolatchilik, yeryong&#039;oq yog&#039;i va sho&#039;r va pishirilgan mahsulotlarning tarkibiy qismlari sifatida mashhur.<\/li>\n<li><strong>Qovurilgan oqartirilgan yeryong&#039;oqlar boshqa navlarga nisbatan qanday?<\/strong><br \/>\nQovurilgan oqartirilgan yeryong&#039;oqlar silliqroq, toza ko&#039;rinishga ega bo&#039;ladi, chunki ularning terisi chiqariladi. Bu sifat ularni doimiy tuzilishga muhtoj bo&#039;lgan yuqori sifatli mahsulotlar uchun mukammal qiladi.<\/li>\n<\/ol>\n<div class=\"flex max-w-full flex-col flex-grow\">\n<div class=\"min-h-8 text-message flex w-full flex-col items-end gap-2 whitespace-normal break-words [.text-message+&amp;]:mt-5\" dir=\"auto\" data-message-author-role=\"assistant\" data-message-id=\"31ea6229-78d6-4c3f-8f61-fea9e8392c9b\">\n<div class=\"flex w-full flex-col gap-1 empty:hidden first:pt-[3px]\">\n<div class=\"markdown prose w-full break-words dark:prose-invert dark\">\n<a href=\"mailto:globepeanut@gmail.com\" class=\"button primary is-primary is-medium\"  >\n    <span>Bizga elektron pochta<\/span>\n  <\/a>\n\n<\/div>\n<\/div>\n<\/div>\n<\/div>\n<div class=\"mb-2 flex gap-3 empty:hidden -ml-2\">\n<div class=\"items-center justify-start rounded-xl p-1 flex\"><\/div>\n<\/div>","protected":false},"excerpt":{"rendered":"<p>Biz Xitoyda qovurilgan oqartirilgan yeryong&#039;oq ishlab chiqaruvchi va yetkazib beruvchimiz<\/p>\n<p>- MOQ: 1 tonna<br \/>\n- OEM\/ODM xizmati taklif etiladi<br \/>\n- Bepul namuna mavjud<br \/>\n- Moslashtirishni qabul qiling (spetsifikatsiyalar, o&#039;lchamlar, rang, dizayn va boshqalar)<br \/>\n\u2013 Turi: butun qovurilgan yeryong\u2018oq, qovurilgan yeryong\u2018oq yarmi<\/p>\n<p>Qovurilgan oqartirilgan yeryong&#039;oq narxlarini olishni istasangiz, biz bilan bog&#039;laning.<\/p>","protected":false},"featured_media":1701,"comment_status":"open","ping_status":"closed","template":"","meta":[],"product_cat":[37],"product_tag":[],"class_list":{"0":"post-1554","1":"product","2":"type-product","3":"status-publish","4":"has-post-thumbnail","6":"product_cat-roasted-peanut","8":"first","9":"instock","10":"shipping-taxable","11":"product-type-simple"},"yoast_head":"<!-- This site is optimized with the Yoast SEO plugin v24.9 - https:\/\/yoast.com\/wordpress\/plugins\/seo\/ -->\n<title>Roasted Blanched Peanut China Wholesaler - Peanut Butter Factory<\/title>\n<meta name=\"description\" content=\"High-quality Roasted Blanched Peanut OEM supplier, private label manufacturer, and exporter. Choose us for customizable solutions and global expertise.\" \/>\n<meta name=\"robots\" content=\"index, follow, max-snippet:-1, max-image-preview:large, max-video-preview:-1\" \/>\n<link rel=\"canonical\" href=\"https:\/\/www.peanutoem.com\/uz\/manufacturer\/roasted-blanched-peanut\/\" \/>\n<meta property=\"og:locale\" content=\"uz_UZ\" \/>\n<meta property=\"og:type\" content=\"article\" \/>\n<meta property=\"og:title\" content=\"Roasted Blanched Peanut China Wholesaler - Peanut Butter Factory\" \/>\n<meta property=\"og:description\" content=\"High-quality Roasted Blanched Peanut OEM supplier, private label manufacturer, and exporter. Choose us for customizable solutions and global expertise.\" \/>\n<meta property=\"og:url\" content=\"https:\/\/www.peanutoem.com\/uz\/manufacturer\/roasted-blanched-peanut\/\" \/>\n<meta property=\"og:site_name\" content=\"Peanut Butter Factory\" \/>\n<meta property=\"article:modified_time\" content=\"2024-09-28T05:11:42+00:00\" \/>\n<meta property=\"og:image\" content=\"https:\/\/www.peanutoem.com\/wp-content\/uploads\/2024\/09\/Whole-Roast-Blanched-Peanut-.webp\" \/>\n\t<meta property=\"og:image:width\" content=\"1000\" \/>\n\t<meta property=\"og:image:height\" content=\"1000\" \/>\n\t<meta property=\"og:image:type\" content=\"image\/webp\" \/>\n<meta name=\"twitter:card\" content=\"summary_large_image\" \/>\n<meta name=\"twitter:label1\" content=\"Est. reading time\" \/>\n\t<meta name=\"twitter:data1\" content=\"4 daqiqa\" \/>\n<script type=\"application\/ld+json\" class=\"yoast-schema-graph\">{\"@context\":\"https:\/\/schema.org\",\"@graph\":[{\"@type\":\"WebPage\",\"@id\":\"https:\/\/www.peanutoem.com\/manufacturer\/roasted-blanched-peanut\/\",\"url\":\"https:\/\/www.peanutoem.com\/manufacturer\/roasted-blanched-peanut\/\",\"name\":\"Roasted Blanched Peanut China Wholesaler - Peanut Butter Factory\",\"isPartOf\":{\"@id\":\"https:\/\/www.peanutoem.com\/#website\"},\"primaryImageOfPage\":{\"@id\":\"https:\/\/www.peanutoem.com\/manufacturer\/roasted-blanched-peanut\/#primaryimage\"},\"image\":{\"@id\":\"https:\/\/www.peanutoem.com\/manufacturer\/roasted-blanched-peanut\/#primaryimage\"},\"thumbnailUrl\":\"https:\/\/www.peanutoem.com\/wp-content\/uploads\/2024\/09\/Whole-Roast-Blanched-Peanut-.webp\",\"datePublished\":\"2024-09-02T13:59:01+00:00\",\"dateModified\":\"2024-09-28T05:11:42+00:00\",\"description\":\"High-quality Roasted Blanched Peanut OEM supplier, private label manufacturer, and exporter. Choose us for customizable solutions and global expertise.\",\"breadcrumb\":{\"@id\":\"https:\/\/www.peanutoem.com\/manufacturer\/roasted-blanched-peanut\/#breadcrumb\"},\"inLanguage\":\"uz-UZ\",\"potentialAction\":[{\"@type\":\"ReadAction\",\"target\":[\"https:\/\/www.peanutoem.com\/manufacturer\/roasted-blanched-peanut\/\"]}]},{\"@type\":\"ImageObject\",\"inLanguage\":\"uz-UZ\",\"@id\":\"https:\/\/www.peanutoem.com\/manufacturer\/roasted-blanched-peanut\/#primaryimage\",\"url\":\"https:\/\/www.peanutoem.com\/wp-content\/uploads\/2024\/09\/Whole-Roast-Blanched-Peanut-.webp\",\"contentUrl\":\"https:\/\/www.peanutoem.com\/wp-content\/uploads\/2024\/09\/Whole-Roast-Blanched-Peanut-.webp\",\"width\":1000,\"height\":1000,\"caption\":\"Whole Roast Blanched Peanut\"},{\"@type\":\"BreadcrumbList\",\"@id\":\"https:\/\/www.peanutoem.com\/manufacturer\/roasted-blanched-peanut\/#breadcrumb\",\"itemListElement\":[{\"@type\":\"ListItem\",\"position\":1,\"name\":\"Home\",\"item\":\"https:\/\/www.peanutoem.com\/\"},{\"@type\":\"ListItem\",\"position\":2,\"name\":\"Products\",\"item\":\"https:\/\/www.peanutoem.com\/shop\/\"},{\"@type\":\"ListItem\",\"position\":3,\"name\":\"Roasted Blanched Peanut\"}]},{\"@type\":\"WebSite\",\"@id\":\"https:\/\/www.peanutoem.com\/#website\",\"url\":\"https:\/\/www.peanutoem.com\/\",\"name\":\"Peanut Butter Factory\",\"description\":\"Peanut Butter Manufacturer and Roast Peanut OEM Factory | Peanut Private Label China Supplier\",\"publisher\":{\"@id\":\"https:\/\/www.peanutoem.com\/#organization\"},\"alternateName\":\"Peanut Butter OEM and Wholesale\",\"potentialAction\":[{\"@type\":\"SearchAction\",\"target\":{\"@type\":\"EntryPoint\",\"urlTemplate\":\"https:\/\/www.peanutoem.com\/?s={search_term_string}\"},\"query-input\":{\"@type\":\"PropertyValueSpecification\",\"valueRequired\":true,\"valueName\":\"search_term_string\"}}],\"inLanguage\":\"uz-UZ\"},{\"@type\":\"Organization\",\"@id\":\"https:\/\/www.peanutoem.com\/#organization\",\"name\":\"Peanut Butter Factory\",\"alternateName\":\"JuFeng Group\",\"url\":\"https:\/\/www.peanutoem.com\/\",\"logo\":{\"@type\":\"ImageObject\",\"inLanguage\":\"uz-UZ\",\"@id\":\"https:\/\/www.peanutoem.com\/#\/schema\/logo\/image\/\",\"url\":\"https:\/\/www.peanutoem.com\/wp-content\/uploads\/2024\/09\/JUFENG-LOGO.png\",\"contentUrl\":\"https:\/\/www.peanutoem.com\/wp-content\/uploads\/2024\/09\/JUFENG-LOGO.png\",\"width\":600,\"height\":170,\"caption\":\"Peanut Butter Factory\"},\"image\":{\"@id\":\"https:\/\/www.peanutoem.com\/#\/schema\/logo\/image\/\"}}]}<\/script>\n<!-- \/ Yoast SEO plugin. -->","yoast_head_json":{"title":"Roasted Blanched Peanut China Wholesaler - Peanut Butter Factory","description":"High-quality Roasted Blanched Peanut OEM supplier, private label manufacturer, and exporter. Choose us for customizable solutions and global expertise.","robots":{"index":"index","follow":"follow","max-snippet":"max-snippet:-1","max-image-preview":"max-image-preview:large","max-video-preview":"max-video-preview:-1"},"canonical":"https:\/\/www.peanutoem.com\/uz\/manufacturer\/roasted-blanched-peanut\/","og_locale":"uz_UZ","og_type":"article","og_title":"Roasted Blanched Peanut China Wholesaler - Peanut Butter Factory","og_description":"High-quality Roasted Blanched Peanut OEM supplier, private label manufacturer, and exporter. Choose us for customizable solutions and global expertise.","og_url":"https:\/\/www.peanutoem.com\/uz\/manufacturer\/roasted-blanched-peanut\/","og_site_name":"Peanut Butter Factory","article_modified_time":"2024-09-28T05:11:42+00:00","og_image":[{"width":1000,"height":1000,"url":"https:\/\/www.peanutoem.com\/wp-content\/uploads\/2024\/09\/Whole-Roast-Blanched-Peanut-.webp","type":"image\/webp"}],"twitter_card":"summary_large_image","twitter_misc":{"Est. reading time":"4 daqiqa"},"schema":{"@context":"https:\/\/schema.org","@graph":[{"@type":"WebPage","@id":"https:\/\/www.peanutoem.com\/manufacturer\/roasted-blanched-peanut\/","url":"https:\/\/www.peanutoem.com\/manufacturer\/roasted-blanched-peanut\/","name":"Roasted Blanched Peanut China Wholesaler - Peanut Butter Factory","isPartOf":{"@id":"https:\/\/www.peanutoem.com\/#website"},"primaryImageOfPage":{"@id":"https:\/\/www.peanutoem.com\/manufacturer\/roasted-blanched-peanut\/#primaryimage"},"image":{"@id":"https:\/\/www.peanutoem.com\/manufacturer\/roasted-blanched-peanut\/#primaryimage"},"thumbnailUrl":"https:\/\/www.peanutoem.com\/wp-content\/uploads\/2024\/09\/Whole-Roast-Blanched-Peanut-.webp","datePublished":"2024-09-02T13:59:01+00:00","dateModified":"2024-09-28T05:11:42+00:00","description":"High-quality Roasted Blanched Peanut OEM supplier, private label manufacturer, and exporter. Choose us for customizable solutions and global expertise.","breadcrumb":{"@id":"https:\/\/www.peanutoem.com\/manufacturer\/roasted-blanched-peanut\/#breadcrumb"},"inLanguage":"uz-UZ","potentialAction":[{"@type":"ReadAction","target":["https:\/\/www.peanutoem.com\/manufacturer\/roasted-blanched-peanut\/"]}]},{"@type":"ImageObject","inLanguage":"uz-UZ","@id":"https:\/\/www.peanutoem.com\/manufacturer\/roasted-blanched-peanut\/#primaryimage","url":"https:\/\/www.peanutoem.com\/wp-content\/uploads\/2024\/09\/Whole-Roast-Blanched-Peanut-.webp","contentUrl":"https:\/\/www.peanutoem.com\/wp-content\/uploads\/2024\/09\/Whole-Roast-Blanched-Peanut-.webp","width":1000,"height":1000,"caption":"Whole Roast Blanched Peanut"},{"@type":"BreadcrumbList","@id":"https:\/\/www.peanutoem.com\/manufacturer\/roasted-blanched-peanut\/#breadcrumb","itemListElement":[{"@type":"ListItem","position":1,"name":"Home","item":"https:\/\/www.peanutoem.com\/"},{"@type":"ListItem","position":2,"name":"Products","item":"https:\/\/www.peanutoem.com\/shop\/"},{"@type":"ListItem","position":3,"name":"Roasted Blanched Peanut"}]},{"@type":"WebSite","@id":"https:\/\/www.peanutoem.com\/#website","url":"https:\/\/www.peanutoem.com\/","name":"Peanut Butter Factory","description":"Peanut Butter Manufacturer and Roast Peanut OEM Factory | Peanut Private Label China Supplier","publisher":{"@id":"https:\/\/www.peanutoem.com\/#organization"},"alternateName":"Peanut Butter OEM and Wholesale","potentialAction":[{"@type":"SearchAction","target":{"@type":"EntryPoint","urlTemplate":"https:\/\/www.peanutoem.com\/?s={search_term_string}"},"query-input":{"@type":"PropertyValueSpecification","valueRequired":true,"valueName":"search_term_string"}}],"inLanguage":"uz-UZ"},{"@type":"Organization","@id":"https:\/\/www.peanutoem.com\/#organization","name":"Peanut Butter Factory","alternateName":"JuFeng Group","url":"https:\/\/www.peanutoem.com\/","logo":{"@type":"ImageObject","inLanguage":"uz-UZ","@id":"https:\/\/www.peanutoem.com\/#\/schema\/logo\/image\/","url":"https:\/\/www.peanutoem.com\/wp-content\/uploads\/2024\/09\/JUFENG-LOGO.png","contentUrl":"https:\/\/www.peanutoem.com\/wp-content\/uploads\/2024\/09\/JUFENG-LOGO.png","width":600,"height":170,"caption":"Peanut Butter Factory"},"image":{"@id":"https:\/\/www.peanutoem.com\/#\/schema\/logo\/image\/"}}]}},"_links":{"self":[{"href":"https:\/\/www.peanutoem.com\/uz\/wp-json\/wp\/v2\/product\/1554","targetHints":{"allow":["GET"]}}],"collection":[{"href":"https:\/\/www.peanutoem.com\/uz\/wp-json\/wp\/v2\/product"}],"about":[{"href":"https:\/\/www.peanutoem.com\/uz\/wp-json\/wp\/v2\/types\/product"}],"replies":[{"embeddable":true,"href":"https:\/\/www.peanutoem.com\/uz\/wp-json\/wp\/v2\/comments?post=1554"}],"wp:featuredmedia":[{"embeddable":true,"href":"https:\/\/www.peanutoem.com\/uz\/wp-json\/wp\/v2\/media\/1701"}],"wp:attachment":[{"href":"https:\/\/www.peanutoem.com\/uz\/wp-json\/wp\/v2\/media?parent=1554"}],"wp:term":[{"taxonomy":"product_cat","embeddable":true,"href":"https:\/\/www.peanutoem.com\/uz\/wp-json\/wp\/v2\/product_cat?post=1554"},{"taxonomy":"product_tag","embeddable":true,"href":"https:\/\/www.peanutoem.com\/uz\/wp-json\/wp\/v2\/product_tag?post=1554"}],"curies":[{"name":"wp","href":"https:\/\/api.w.org\/{rel}","templated":true}]}}