{"id":1555,"date":"2024-09-02T14:00:33","date_gmt":"2024-09-02T14:00:33","guid":{"rendered":"https:\/\/www.peanutoem.com\/?post_type=product&#038;p=1555"},"modified":"2024-09-28T04:44:51","modified_gmt":"2024-09-28T04:44:51","slug":"roasted-peanut-kernels-in-split","status":"publish","type":"product","link":"https:\/\/www.peanutoem.com\/uz\/manufacturer\/roasted-peanut-kernels-in-split\/","title":{"rendered":"Splitda qovurilgan yeryong&#039;oq yadrolari | Dilimlangan qovurilgan yeryong&#039;oq yadrolari"},"content":{"rendered":"<h3>Splitda qovurilgan yong&#039;oq yadrolari nima?<\/h3>\n<p>Splitda qovurilgan yeryong&#039;oq yadrolari yoki qovurilgan bo&#039;lingan yeryong&#039;oq yadrolari deb ataladigan yeryong&#039;oqlar mukammallikka qadar ehtiyotkorlik bilan qovurilgan va keyin ehtiyotkorlik bilan yarmiga bo&#039;lingan. Ular o&#039;zlarining boy xushbo&#039;yligi, tiniq ta&#039;mi va gazaklar, non mahsulotlari va turli xil ovqatlarda keng qo&#039;llanilishi bilan mashhur. Qovurish jarayoni nafaqat yeryong&#039;oqning tabiiy ta&#039;mini yaxshilaydi, balki ularni oziq-ovqat ishlab chiqaruvchilari, gazak brendlari va sog&#039;lom ovqatlanishga intilayotgan iste&#039;molchilar uchun ideal tanlovga aylantiradi.<\/p>\n<h3>Splitdagi qovurilgan yeryong&#039;oq yadrolari uchun muqobil nomlar<\/h3>\n<p>Splitdagi qovurilgan yeryong&#039;oq yadrolari mintaqa yoki bozorga qarab boshqa nomlar bilan ham ataladi, jumladan:<\/p>\n<ul>\n<li>Bo&#039;lingan qovurilgan yeryong&#039;oqlar<\/li>\n<li>Qovurilgan er yong&#039;oqlari<\/li>\n<li>Qovurilgan yeryong&#039;oq yadrolari<\/li>\n<li>Yong&#039;oq bo&#039;laklari<\/li>\n<\/ul>\n<h3>Tegishli issiq mavzular<\/h3>\n<ol>\n<li><strong>Qovurilgan yeryong&#039;oq yadrolarining sog&#039;liq uchun foydalari<\/strong>: Qovurilgan yeryong&#039;oq yadrolari oqsil, sog&#039;lom yog&#039;lar va muhim vitaminlarning boy manbaidir. Ular turli xil sog&#039;liq uchun mo&#039;ljallangan mahsulotlarda to&#039;yimli gazak yoki ingredientlarni yaratadilar.<\/li>\n<li><strong>Yong&#039;oqqa asoslangan gazaklar uchun ortib borayotgan talab:<\/strong> Bo&#039;lingan shakldagi qovurilgan yeryong&#039;oq yadrolari sog&#039;lom at\u0131\u015ft\u0131rmal\u0131klar uchun talabning ortishi tufayli mashhurlik kasb etmoqda.<\/li>\n<li><strong>Yong&#039;oqni qayta ishlashda oziq-ovqat xavfsizligi va sifatini nazorat qilish:<\/strong> Yuqori ishlab chiqarish va ishlov berish standartlarini saqlash mahsulotning yaxlitligi va oziq-ovqat xavfsizligi qoidalariga muvofiqligi uchun juda muhimdir.<\/li>\n<li><strong>Xususiy yorliqli yeryong&#039;oq mahsulotlari:<\/strong> Ko&#039;pgina brendlar o&#039;zlarining brendlari ostida yuqori sifatli dilimlenmi\u015f qovurilgan yeryong&#039;oq yadrolarini taklif qilish uchun bizning shaxsiy yorliq xizmatlarini tanlaydi.<\/li>\n<\/ol>\n<p><img loading=\"lazy\" decoding=\"async\" class=\"alignnone wp-image-1720 size-large\" src=\"https:\/\/www.peanutoem.com\/wp-content\/uploads\/2024\/09\/Roasted-Peanut-Power-in-Carton-1024x908.webp\" alt=\"Kartonda qovurilgan yeryong&#039;oq kuchi\" width=\"1020\" height=\"904\" srcset=\"https:\/\/www.peanutoem.com\/wp-content\/uploads\/2024\/09\/Roasted-Peanut-Power-in-Carton-1024x908.webp 1024w, https:\/\/www.peanutoem.com\/wp-content\/uploads\/2024\/09\/Roasted-Peanut-Power-in-Carton-300x266.webp 300w, https:\/\/www.peanutoem.com\/wp-content\/uploads\/2024\/09\/Roasted-Peanut-Power-in-Carton-768x681.webp 768w, https:\/\/www.peanutoem.com\/wp-content\/uploads\/2024\/09\/Roasted-Peanut-Power-in-Carton-1536x1362.webp 1536w, https:\/\/www.peanutoem.com\/wp-content\/uploads\/2024\/09\/Roasted-Peanut-Power-in-Carton-2048x1816.webp 2048w, https:\/\/www.peanutoem.com\/wp-content\/uploads\/2024\/09\/Roasted-Peanut-Power-in-Carton-14x12.webp 14w, https:\/\/www.peanutoem.com\/wp-content\/uploads\/2024\/09\/Roasted-Peanut-Power-in-Carton-600x532.webp 600w\" sizes=\"auto, (max-width: 1020px) 100vw, 1020px\" \/><\/p>\n<hr \/>\n<h3>Nega bizni dilimlenmi\u015f qovurilgan yeryong&#039;oq yadrolari yetkazib beruvchi sifatida tanlaysiz?<\/h3>\n<p>Biz bir nechta jiddiy sabablarga ko&#039;ra Splitda qovurilgan yeryong&#039;oq yadrolarining ishonchli yetkazib beruvchimiz:<\/p>\n<ul>\n<li><strong>Ilg&#039;or ishlab chiqarish ob&#039;ektlari:<\/strong> Fabrikam\u0131z yuqori darajadagi qovurish va kesish jarayonlari uchun AQShning ilg&#039;or ishlab chiqarish liniyalaridan foydalanadi.<\/li>\n<li><strong>Qattiq sifat kafolati:<\/strong> Biz laboratoriyamizda har bir partiyaning jahon standartlariga javob berishini ta&#039;minlash uchun keng qamrovli sinovlarni o&#039;tkazamiz.<\/li>\n<li><strong>Global sertifikatlar:<\/strong> Bizning qovurilgan yeryong&#039;oq yadrolari sifat va xavfsizlik uchun HACCP, BRCGS, Kosher, Halol va EU Organic tomonidan sertifikatlangan.<\/li>\n<li><strong>Ishonchli ta&#039;minot zanjiri:<\/strong> Bizning katta doimiy haroratli omborimiz yil davomida mahsulot sifati va ta&#039;minot barqarorligini kafolatlaydi.<\/li>\n<li><strong>Moslashtirilgan xizmatlar:<\/strong> Biz global brendlar va importchilarning o&#039;ziga xos ehtiyojlarini qondirish uchun moslashtirilgan xususiy yorliqli echimlarni taqdim etamiz.<\/li>\n<li><strong>Barqaror rivojlanish:<\/strong> Biz barqaror amaliyotlarga e&#039;tibor qaratamiz va o&#039;zaro farovonlik uchun mashhur supermarketlar tarmog&#039;i bilan hamkorlik qilamiz.<\/li>\n<\/ul>\n<h3>To&#039;g&#039;ralgan qovurilgan yeryong&#039;oq yadrolari haqida savol-javob<\/h3>\n<p><strong>Savol: Sizni qovurilgan yeryong\u2018oq yadrolarining yetakchi yetkazib beruvchisi nima qiladi?<\/strong><br \/>\n<strong>A:<\/strong> Bizning ilg&#039;or ishlab chiqarish quvvatlarimiz, qat&#039;iy sifat kafolati va global sertifikatlar bizni doimiy ravishda yuqori sifatli mahsulotlarni yetkazib berishni ta&#039;minlaydi.<\/p>\n<p><strong>Savol: Men o&#039;z brendim ostida qadoqlashni moslashtira olamanmi?<\/strong><br \/>\n<strong>A:<\/strong> Ha, biz sizning bozor ehtiyojlaringizga mos ravishda qadoqlash va brendingni to&#039;liq moslashtirish imkonini beruvchi xususiy yorliq xizmatlarini taqdim etamiz.<\/p>\n<p><strong>Savol: Sizning qovurilgan yeryong&#039;oq yadrolari qanday sertifikatlarga ega?<\/strong><br \/>\n<strong>A:<\/strong> Mahsulotlarimiz sifat va xavfsizlikni ta&#039;minlaydigan HACCP, BRC, Halol, Kosher, EU Organic va boshqa global standartlar bilan sertifikatlangan.<\/p>\n<p><strong>Savol: Yangilik va sifatni qanday ta&#039;minlaysiz?<\/strong><br \/>\n<strong>A:<\/strong> Bizning katta doimiy haroratli saqlash omborimiz yetkazib berilgunga qadar tazelik va sifatni saqlab, optimal sharoitlarni saqlaydi.<\/p>\n<p><strong>Savol: Siz xalqaro yuk tashish uchun ommaviy buyurtmalarni ta&#039;minlaysizmi?<\/strong><br \/>\n<strong>A:<\/strong> Ha, biz global mijozlar uchun uzluksiz ta&#039;minot zanjirini ta&#039;minlab, ommaviy buyurtmalar va xalqaro jo&#039;natmalarga ixtisoslashganmiz.<\/p>\n<p><strong>Savol: Qovurilgan yeryong&#039;oq yadrolarini bo&#039;lingan holda tanlashning qanday afzalliklari bor?<\/strong><br \/>\n<strong>A:<\/strong> Ajratilgan qovurilgan yeryong&#039;oq yadrolari ta&#039;mi va tuzilmasi yaxshilangan foydalanishga tayyor mahsulotni taklif etadi, gazaklar va garnirlar uchun ideal.<\/p>\n<p><strong>Savol: Qovurilgan yeryong\u2018oq yadrolarida qo\u2018shimchalar bormi?<\/strong><br \/>\n<strong>A:<\/strong> Yo&#039;q, bizning qovurilgan yeryong&#039;oq yadrolari qo&#039;shimchalar va konservantlardan xoli bo&#039;lib, tabiiy mahsulotni ta&#039;minlaydi.<\/p>\n<p><strong>Savol: Muayyan qovurish darajasini so&#039;rashim mumkinmi?<\/strong><br \/>\n<strong>A:<\/strong> Ha, siz engil, o&#039;rta yoki quyuq qovurishni afzal ko&#039;rasizmi, biz qovurish darajasini sizning texnik xususiyatlaringizga moslashtira olamiz.<\/p>\n<p><strong>Savol: Qanday qilib namunani so&#039;rashim mumkin?<\/strong><br \/>\n<strong>A:<\/strong> <a href=\"mailto:globepeanut@gmail.com\" target=\"_blank\" rel=\"noopener\">Aloqa <\/a>bizning savdo guruhimiz namunani so&#039;rash va sizning maxsus ehtiyojlaringizni muhokama qilish uchun.<\/p>\n<p><strong>Savol: Siz qaysi bozorlarga yetkazib berasiz?<\/strong><br \/>\n<strong>A:<\/strong> Biz kuchli sanoat hamkorliklari bilan Shimoliy Amerika, Yevropa, Osiyo va Yaqin Sharqni o&#039;z ichiga olgan turli bozorlarga qovurilgan yeryong&#039;oq yadrolarini yetkazib beramiz.<\/p>\n<a href=\"mailto:globepeanut@gmail.com\" class=\"button primary is-primary is-medium\"  >\n    <span>Bizga elektron pochta<\/span>\n  <\/a>","protected":false},"excerpt":{"rendered":"<p>Biz Xitoyda qovurilgan yong&#039;oq yadrolarini ishlab chiqaruvchi va yetkazib beruvchimiz<\/p>\n<p>- MOQ: 1 tonna<br \/>\n- OEM\/ODM xizmati taklif etiladi<br \/>\n- Bepul namuna mavjud<br \/>\n- Moslashtirishni qabul qiling (spetsifikatsiyalar, o&#039;lchamlar, rang, dizayn va boshqalar)<br \/>\n\u2013 Texnik xususiyatlari (3-5 mesh, 4-7 mesh, 5-8 mesh, 6-10 mesh, 8-14 mesh yoki sizning talabingiz bo&#039;yicha)<\/p>\n<p>Agar siz qovurilgan yeryong&#039;oq yadrolarini bo&#039;lingan yoki to&#039;g&#039;ralgan qovurilgan yeryong&#039;oq yadrolarida olishni istasangiz, biz bilan bog&#039;laning.<\/p>","protected":false},"featured_media":1712,"comment_status":"open","ping_status":"closed","template":"","meta":[],"product_cat":[37],"product_tag":[],"class_list":{"0":"post-1555","1":"product","2":"type-product","3":"status-publish","4":"has-post-thumbnail","6":"product_cat-roasted-peanut","8":"first","9":"instock","10":"shipping-taxable","11":"product-type-simple"},"yoast_head":"<!-- This site is optimized with the Yoast SEO plugin v24.9 - https:\/\/yoast.com\/wordpress\/plugins\/seo\/ -->\n<title>Roasted Peanut Kernels in Split | Sliced Roasted Peanut Kernels - Peanut Butter Factory<\/title>\n<meta name=\"description\" content=\"We are leading OEM manufacturer, supplier, and exporter of high-quality Roasted Peanut Kernels in Split. Private label services and global brands partner.\" \/>\n<meta name=\"robots\" content=\"index, follow, max-snippet:-1, max-image-preview:large, max-video-preview:-1\" \/>\n<link rel=\"canonical\" href=\"https:\/\/www.peanutoem.com\/uz\/manufacturer\/roasted-peanut-kernels-in-split\/\" \/>\n<meta property=\"og:locale\" content=\"uz_UZ\" \/>\n<meta property=\"og:type\" content=\"article\" \/>\n<meta property=\"og:title\" content=\"Roasted Peanut Kernels in Split | Sliced Roasted Peanut Kernels - Peanut Butter Factory\" \/>\n<meta property=\"og:description\" content=\"We are leading OEM manufacturer, supplier, and exporter of high-quality Roasted Peanut Kernels in Split. Private label services and global brands partner.\" \/>\n<meta property=\"og:url\" content=\"https:\/\/www.peanutoem.com\/uz\/manufacturer\/roasted-peanut-kernels-in-split\/\" \/>\n<meta property=\"og:site_name\" content=\"Peanut Butter Factory\" \/>\n<meta property=\"article:modified_time\" content=\"2024-09-28T04:44:51+00:00\" \/>\n<meta property=\"og:image\" content=\"https:\/\/www.peanutoem.com\/wp-content\/uploads\/2024\/09\/4-6mm-roasted-peanut-kernels-scaled.webp\" \/>\n\t<meta property=\"og:image:width\" content=\"1920\" \/>\n\t<meta property=\"og:image:height\" content=\"2560\" \/>\n\t<meta property=\"og:image:type\" content=\"image\/webp\" \/>\n<meta name=\"twitter:card\" content=\"summary_large_image\" \/>\n<meta name=\"twitter:label1\" content=\"Est. reading time\" \/>\n\t<meta name=\"twitter:data1\" content=\"4 daqiqa\" \/>\n<script type=\"application\/ld+json\" class=\"yoast-schema-graph\">{\"@context\":\"https:\/\/schema.org\",\"@graph\":[{\"@type\":\"WebPage\",\"@id\":\"https:\/\/www.peanutoem.com\/manufacturer\/roasted-peanut-kernels-in-split\/\",\"url\":\"https:\/\/www.peanutoem.com\/manufacturer\/roasted-peanut-kernels-in-split\/\",\"name\":\"Roasted Peanut Kernels in Split | Sliced Roasted Peanut Kernels - Peanut Butter Factory\",\"isPartOf\":{\"@id\":\"https:\/\/www.peanutoem.com\/#website\"},\"primaryImageOfPage\":{\"@id\":\"https:\/\/www.peanutoem.com\/manufacturer\/roasted-peanut-kernels-in-split\/#primaryimage\"},\"image\":{\"@id\":\"https:\/\/www.peanutoem.com\/manufacturer\/roasted-peanut-kernels-in-split\/#primaryimage\"},\"thumbnailUrl\":\"https:\/\/www.peanutoem.com\/wp-content\/uploads\/2024\/09\/4-6mm-roasted-peanut-kernels-scaled.webp\",\"datePublished\":\"2024-09-02T14:00:33+00:00\",\"dateModified\":\"2024-09-28T04:44:51+00:00\",\"description\":\"We are leading OEM manufacturer, supplier, and exporter of high-quality Roasted Peanut Kernels in Split. Private label services and global brands partner.\",\"breadcrumb\":{\"@id\":\"https:\/\/www.peanutoem.com\/manufacturer\/roasted-peanut-kernels-in-split\/#breadcrumb\"},\"inLanguage\":\"uz-UZ\",\"potentialAction\":[{\"@type\":\"ReadAction\",\"target\":[\"https:\/\/www.peanutoem.com\/manufacturer\/roasted-peanut-kernels-in-split\/\"]}]},{\"@type\":\"ImageObject\",\"inLanguage\":\"uz-UZ\",\"@id\":\"https:\/\/www.peanutoem.com\/manufacturer\/roasted-peanut-kernels-in-split\/#primaryimage\",\"url\":\"https:\/\/www.peanutoem.com\/wp-content\/uploads\/2024\/09\/4-6mm-roasted-peanut-kernels-scaled.webp\",\"contentUrl\":\"https:\/\/www.peanutoem.com\/wp-content\/uploads\/2024\/09\/4-6mm-roasted-peanut-kernels-scaled.webp\",\"width\":1920,\"height\":2560,\"caption\":\"4-6mm roasted peanut kernels\"},{\"@type\":\"BreadcrumbList\",\"@id\":\"https:\/\/www.peanutoem.com\/manufacturer\/roasted-peanut-kernels-in-split\/#breadcrumb\",\"itemListElement\":[{\"@type\":\"ListItem\",\"position\":1,\"name\":\"Home\",\"item\":\"https:\/\/www.peanutoem.com\/\"},{\"@type\":\"ListItem\",\"position\":2,\"name\":\"Products\",\"item\":\"https:\/\/www.peanutoem.com\/shop\/\"},{\"@type\":\"ListItem\",\"position\":3,\"name\":\"Roasted Peanut Kernels in Split | Sliced Roasted Peanut Kernels\"}]},{\"@type\":\"WebSite\",\"@id\":\"https:\/\/www.peanutoem.com\/#website\",\"url\":\"https:\/\/www.peanutoem.com\/\",\"name\":\"Peanut Butter Factory\",\"description\":\"Peanut Butter Manufacturer and Roast Peanut OEM Factory | Peanut Private Label China Supplier\",\"publisher\":{\"@id\":\"https:\/\/www.peanutoem.com\/#organization\"},\"alternateName\":\"Peanut Butter OEM and Wholesale\",\"potentialAction\":[{\"@type\":\"SearchAction\",\"target\":{\"@type\":\"EntryPoint\",\"urlTemplate\":\"https:\/\/www.peanutoem.com\/?s={search_term_string}\"},\"query-input\":{\"@type\":\"PropertyValueSpecification\",\"valueRequired\":true,\"valueName\":\"search_term_string\"}}],\"inLanguage\":\"uz-UZ\"},{\"@type\":\"Organization\",\"@id\":\"https:\/\/www.peanutoem.com\/#organization\",\"name\":\"Peanut Butter Factory\",\"alternateName\":\"JuFeng Group\",\"url\":\"https:\/\/www.peanutoem.com\/\",\"logo\":{\"@type\":\"ImageObject\",\"inLanguage\":\"uz-UZ\",\"@id\":\"https:\/\/www.peanutoem.com\/#\/schema\/logo\/image\/\",\"url\":\"https:\/\/www.peanutoem.com\/wp-content\/uploads\/2024\/09\/JUFENG-LOGO.png\",\"contentUrl\":\"https:\/\/www.peanutoem.com\/wp-content\/uploads\/2024\/09\/JUFENG-LOGO.png\",\"width\":600,\"height\":170,\"caption\":\"Peanut Butter Factory\"},\"image\":{\"@id\":\"https:\/\/www.peanutoem.com\/#\/schema\/logo\/image\/\"}}]}<\/script>\n<!-- \/ Yoast SEO plugin. -->","yoast_head_json":{"title":"Roasted Peanut Kernels in Split | Sliced Roasted Peanut Kernels - Peanut Butter Factory","description":"We are leading OEM manufacturer, supplier, and exporter of high-quality Roasted Peanut Kernels in Split. Private label services and global brands partner.","robots":{"index":"index","follow":"follow","max-snippet":"max-snippet:-1","max-image-preview":"max-image-preview:large","max-video-preview":"max-video-preview:-1"},"canonical":"https:\/\/www.peanutoem.com\/uz\/manufacturer\/roasted-peanut-kernels-in-split\/","og_locale":"uz_UZ","og_type":"article","og_title":"Roasted Peanut Kernels in Split | Sliced Roasted Peanut Kernels - Peanut Butter Factory","og_description":"We are leading OEM manufacturer, supplier, and exporter of high-quality Roasted Peanut Kernels in Split. Private label services and global brands partner.","og_url":"https:\/\/www.peanutoem.com\/uz\/manufacturer\/roasted-peanut-kernels-in-split\/","og_site_name":"Peanut Butter Factory","article_modified_time":"2024-09-28T04:44:51+00:00","og_image":[{"width":1920,"height":2560,"url":"https:\/\/www.peanutoem.com\/wp-content\/uploads\/2024\/09\/4-6mm-roasted-peanut-kernels-scaled.webp","type":"image\/webp"}],"twitter_card":"summary_large_image","twitter_misc":{"Est. reading time":"4 daqiqa"},"schema":{"@context":"https:\/\/schema.org","@graph":[{"@type":"WebPage","@id":"https:\/\/www.peanutoem.com\/manufacturer\/roasted-peanut-kernels-in-split\/","url":"https:\/\/www.peanutoem.com\/manufacturer\/roasted-peanut-kernels-in-split\/","name":"Roasted Peanut Kernels in Split | Sliced Roasted Peanut Kernels - Peanut Butter Factory","isPartOf":{"@id":"https:\/\/www.peanutoem.com\/#website"},"primaryImageOfPage":{"@id":"https:\/\/www.peanutoem.com\/manufacturer\/roasted-peanut-kernels-in-split\/#primaryimage"},"image":{"@id":"https:\/\/www.peanutoem.com\/manufacturer\/roasted-peanut-kernels-in-split\/#primaryimage"},"thumbnailUrl":"https:\/\/www.peanutoem.com\/wp-content\/uploads\/2024\/09\/4-6mm-roasted-peanut-kernels-scaled.webp","datePublished":"2024-09-02T14:00:33+00:00","dateModified":"2024-09-28T04:44:51+00:00","description":"We are leading OEM manufacturer, supplier, and exporter of high-quality Roasted Peanut Kernels in Split. Private label services and global brands partner.","breadcrumb":{"@id":"https:\/\/www.peanutoem.com\/manufacturer\/roasted-peanut-kernels-in-split\/#breadcrumb"},"inLanguage":"uz-UZ","potentialAction":[{"@type":"ReadAction","target":["https:\/\/www.peanutoem.com\/manufacturer\/roasted-peanut-kernels-in-split\/"]}]},{"@type":"ImageObject","inLanguage":"uz-UZ","@id":"https:\/\/www.peanutoem.com\/manufacturer\/roasted-peanut-kernels-in-split\/#primaryimage","url":"https:\/\/www.peanutoem.com\/wp-content\/uploads\/2024\/09\/4-6mm-roasted-peanut-kernels-scaled.webp","contentUrl":"https:\/\/www.peanutoem.com\/wp-content\/uploads\/2024\/09\/4-6mm-roasted-peanut-kernels-scaled.webp","width":1920,"height":2560,"caption":"4-6mm roasted peanut kernels"},{"@type":"BreadcrumbList","@id":"https:\/\/www.peanutoem.com\/manufacturer\/roasted-peanut-kernels-in-split\/#breadcrumb","itemListElement":[{"@type":"ListItem","position":1,"name":"Home","item":"https:\/\/www.peanutoem.com\/"},{"@type":"ListItem","position":2,"name":"Products","item":"https:\/\/www.peanutoem.com\/shop\/"},{"@type":"ListItem","position":3,"name":"Roasted Peanut Kernels in Split | Sliced Roasted Peanut Kernels"}]},{"@type":"WebSite","@id":"https:\/\/www.peanutoem.com\/#website","url":"https:\/\/www.peanutoem.com\/","name":"Peanut Butter Factory","description":"Peanut Butter Manufacturer and Roast Peanut OEM Factory | Peanut Private Label China Supplier","publisher":{"@id":"https:\/\/www.peanutoem.com\/#organization"},"alternateName":"Peanut Butter OEM and Wholesale","potentialAction":[{"@type":"SearchAction","target":{"@type":"EntryPoint","urlTemplate":"https:\/\/www.peanutoem.com\/?s={search_term_string}"},"query-input":{"@type":"PropertyValueSpecification","valueRequired":true,"valueName":"search_term_string"}}],"inLanguage":"uz-UZ"},{"@type":"Organization","@id":"https:\/\/www.peanutoem.com\/#organization","name":"Peanut Butter Factory","alternateName":"JuFeng Group","url":"https:\/\/www.peanutoem.com\/","logo":{"@type":"ImageObject","inLanguage":"uz-UZ","@id":"https:\/\/www.peanutoem.com\/#\/schema\/logo\/image\/","url":"https:\/\/www.peanutoem.com\/wp-content\/uploads\/2024\/09\/JUFENG-LOGO.png","contentUrl":"https:\/\/www.peanutoem.com\/wp-content\/uploads\/2024\/09\/JUFENG-LOGO.png","width":600,"height":170,"caption":"Peanut Butter Factory"},"image":{"@id":"https:\/\/www.peanutoem.com\/#\/schema\/logo\/image\/"}}]}},"_links":{"self":[{"href":"https:\/\/www.peanutoem.com\/uz\/wp-json\/wp\/v2\/product\/1555","targetHints":{"allow":["GET"]}}],"collection":[{"href":"https:\/\/www.peanutoem.com\/uz\/wp-json\/wp\/v2\/product"}],"about":[{"href":"https:\/\/www.peanutoem.com\/uz\/wp-json\/wp\/v2\/types\/product"}],"replies":[{"embeddable":true,"href":"https:\/\/www.peanutoem.com\/uz\/wp-json\/wp\/v2\/comments?post=1555"}],"wp:featuredmedia":[{"embeddable":true,"href":"https:\/\/www.peanutoem.com\/uz\/wp-json\/wp\/v2\/media\/1712"}],"wp:attachment":[{"href":"https:\/\/www.peanutoem.com\/uz\/wp-json\/wp\/v2\/media?parent=1555"}],"wp:term":[{"taxonomy":"product_cat","embeddable":true,"href":"https:\/\/www.peanutoem.com\/uz\/wp-json\/wp\/v2\/product_cat?post=1555"},{"taxonomy":"product_tag","embeddable":true,"href":"https:\/\/www.peanutoem.com\/uz\/wp-json\/wp\/v2\/product_tag?post=1555"}],"curies":[{"name":"wp","href":"https:\/\/api.w.org\/{rel}","templated":true}]}}