{"id":1637,"date":"2024-09-10T12:28:30","date_gmt":"2024-09-10T12:28:30","guid":{"rendered":"https:\/\/www.peanutoem.com\/?post_type=product&#038;p=1637"},"modified":"2024-10-06T09:58:03","modified_gmt":"2024-10-06T09:58:03","slug":"spicy-peanut-butter","status":"publish","type":"product","link":"https:\/\/www.peanutoem.com\/uz\/manufacturer\/spicy-peanut-butter\/","title":{"rendered":"Achchiq yeryong&#039;oq yog&#039;i"},"content":{"rendered":"<h3>Achchiq yeryong&#039;oq yog&#039;i nima?<\/h3>\n<p>Achchiq yeryong\u02bboq yog\u02bbi an\u02bcanaviy yeryong\u02bboq moyining xushbo\u02bby ta\u02bcmi bo\u02bblib, yeryong\u02bboqning qaymoqsimon yoki maydalangan tuzilishini ziravorlar issiqligi bilan birlashtiradi. <a href=\"https:\/\/en.wikipedia.org\/wiki\/Chili\" target=\"_blank\" rel=\"noopener\">chili<\/a>, paprika yoki qayin. Bu shirin va achchiq ta&#039;mlarni aralashtirishni, gazaklar, sendvichlar va retseptlarga hayajon qo&#039;shishni yoqtiradiganlar uchun juda mos keladi. Achchiq yeryong\u2018oq moyi sho\u2018ng\u2018in, yoyilgan yoki ingredient sifatida ishlatiladimi, oziq-ovqat ixlosmandlari orasida mashhur tanlovga aylanib bormoqda.<\/p>\n<p><img loading=\"lazy\" decoding=\"async\" class=\"alignnone wp-image-1675 size-full\" src=\"https:\/\/www.peanutoem.com\/wp-content\/uploads\/2024\/09\/Spicy-Peanut-Butter-on-Table.webp\" alt=\"Stol ustidagi achchiq yeryong&#039;oq yog&#039;i\" width=\"912\" height=\"1144\" srcset=\"https:\/\/www.peanutoem.com\/wp-content\/uploads\/2024\/09\/Spicy-Peanut-Butter-on-Table.webp 912w, https:\/\/www.peanutoem.com\/wp-content\/uploads\/2024\/09\/Spicy-Peanut-Butter-on-Table-239x300.webp 239w, https:\/\/www.peanutoem.com\/wp-content\/uploads\/2024\/09\/Spicy-Peanut-Butter-on-Table-816x1024.webp 816w, https:\/\/www.peanutoem.com\/wp-content\/uploads\/2024\/09\/Spicy-Peanut-Butter-on-Table-768x963.webp 768w, https:\/\/www.peanutoem.com\/wp-content\/uploads\/2024\/09\/Spicy-Peanut-Butter-on-Table-10x12.webp 10w, https:\/\/www.peanutoem.com\/wp-content\/uploads\/2024\/09\/Spicy-Peanut-Butter-on-Table-600x753.webp 600w\" sizes=\"auto, (max-width: 912px) 100vw, 912px\" \/><\/p>\n<h3>Achchiq yeryong&#039;oq moyining boshqa nomlari qanday?<\/h3>\n<p>Achchiq yeryong&#039;oq moyi mintaqa va lazzat profiliga qarab turli nomlar bilan bo&#039;lishi mumkin. Bu nomlar issiqlik komponentini ta&#039;kidlab, global iste&#039;molchilarga uning o&#039;ziga xos jozibadorligini tushunishni osonlashtiradi. Ba&#039;zi muqobil nomlarga quyidagilar kiradi:<\/p>\n<ul>\n<li>Issiq yeryong&#039;oq yog&#039;i<\/li>\n<li>Chili bilan to&#039;ldirilgan eman yog&#039;i<\/li>\n<li>Olovli eman yog&#039;i yoyilgan<\/li>\n<li>Achchiq yong&#039;oq yog&#039;i<\/li>\n<li>Ziravorli yerf\u0131st\u0131\u011f\u0131 yoyilgan<\/li>\n<\/ul>\n<p><span style=\"font-size: 20.16px;\">Qiziqarli mavzular<\/span><\/p>\n<ul>\n<li><strong>Achchiq yeryong&#039;oq yog&#039;i retseptlarini o&#039;rganish<\/strong><br \/>\nAchchiq yeryong&#039;oq yog&#039;i oshxonada ijodiy kuch bo&#039;lib, nafaqat mazali sous, balki turli xil idishlarda ham porlaydi. U osiyolik qovurilgan kartoshkalarga olovli zarba qo&#039;shadi, qovurilgan ovqatlar va panjara go&#039;shtining ta&#039;mini oshiradi va ingredientlarni yoqimli kutilmagan hodisalar bilan to&#039;ldiradigan marinad vazifasini bajaradi. Nonushtadagi mazali tostdan kechki ovqatdagi mazali noodlegacha, har bir taom ushbu ingredient tufayli o&#039;ziga xos joziba beradi.<\/li>\n<li><strong>Lazzat ortidagi salomatlik foydalari<\/strong><br \/>\nBu mazali yoyish ham oziqlanish xazinasi hisoblanadi. Uning tarkibida yuqori protein va sog&#039;lom yog&#039;lar tanani oziqlantiradi, kapsaitsin esa tanglayni rag&#039;batlantiradi va ovqat hazm qilishga yordam beradi. Bundan tashqari, u metabolizm va yurak sog&#039;lig&#039;ini qo&#039;llab-quvvatlaydi, ta&#039;m va salomatlikni samarali birlashtiradi.<\/li>\n<li><strong>Uni kundalik ovqatlarga kiritish<\/strong><br \/>\nAchchiq yeryong&#039;oq moyini kundalik ratsioningizga qo&#039;shish oson va yoqimli. U nonushta tushdi uchun mukammal sherik bo&#039;lib xizmat qiladi, tushdan keyin smetanalarga lazzat qo&#039;shadi va kechki ovqat burritoslarini yaxshilaydi va har bir taomga yangi tus olib keladi.<\/li>\n<li><strong>O&#039;sishdagi global tendentsiya<\/strong><br \/>\nAchchiq yeryong&#039;oq yog&#039;i tezda transchegaraviy yulduz sifatida paydo bo&#039;ladi. Ovqatlanayotganlarning didi xilma-xil bo&#039;lib, u mintaqaviy chegaralardan oshib, butun dunyo bo&#039;ylab muxlislarni o&#039;ziga jalb qiladi. Ushbu tarqalish ta&#039;mni o&#039;rganishda yo&#039;l ochadi va yangi narsalarni sinab ko&#039;rishga ishtiyoqmand sarguzashtlarni jalb qiladi.<\/li>\n<\/ul>\n<hr \/>\n<h3>Achchiq yeryong&#039;oq yog&#039;i haqida tez-tez so&#039;raladigan savollar<\/h3>\n<ol>\n<li><strong>Nima uchun achchiq yeryong&#039;oq moyi ehtiyojlaringiz uchun bizni tanlaysiz?<\/strong><br \/>\nBiz to&#039;liq moslashtirish imkoniyatlari bilan keng qamrovli OEM xizmatlarini taqdim etamiz, bu har bir mahsulot brendingizning qarashlari va bozor talablariga to&#039;liq mos kelishini ta&#039;minlaydi.<\/li>\n<li><strong>Achchiqlik darajasini sozlab, xususiy formulani yarata olasizmi?<\/strong><br \/>\nMutlaqo! Biz achchiqlikni yumshoqdan juda issiqgacha moslashtira olamiz va faqat sizning brendingiz uchun noyob formulalar ishlab chiqa olamiz.<\/li>\n<li><strong>Qanday qadoqlash va sertifikatlash imkoniyatlarini taklif qilasiz?<\/strong><br \/>\nBiz qadoqlash yechimlarining keng assortimentini taklif qilamiz: bankalar, butilkalar, kartonlar, bochkalar, chelaklar, siqish qoplari va quyma idishlar - barchasi sizning brendingizga mos ravishda sozlanishi. Bundan tashqari, biz mahsulotlarimiz xalqaro standartlarga javob berishini ta&#039;minlaydigan HACCP, Kosher, Halol va BRCGS kabi sertifikatlarga egamiz.<\/li>\n<li><strong>Siz organik achchiq yeryong&#039;oq moyi va namunali partiyalarni taqdim qilasizmi?<\/strong><br \/>\nHa, biz sog&#039;lig&#039;iga e&#039;tibor qaratadigan iste&#039;molchilar uchun tabiiy ingredientlardan tayyorlangan Evropa Ittifoqi Organik sertifikatlangan achchiq yeryong&#039;oq moyini ishlab chiqaramiz. Bundan tashqari, biz namunali partiyalarni taklif qilamiz, shuning uchun siz katta buyurtma berishdan oldin mahsulotni sinab ko&#039;rishingiz mumkin.<\/li>\n<li><strong>Sifatni qanday ta&#039;minlaysiz va etkazib berish vaqtlari qanday?<\/strong><br \/>\nBizning laboratoriyamizdagi jiddiy sinovlarimiz samarali logistika bilan birgalikda barqaror sifatni kafolatlaydi. Shuningdek, biz buyurtma hajmi va belgilangan manzilga qarab tez ishlash vaqtini ta&#039;minlaymiz.<\/li>\n<li><strong>Siz global miqyosda eksport qilasizmi?<\/strong><br \/>\nHa, biz global miqyosda eksport qilish, muammosiz etkazib berishni ta&#039;minlash uchun barcha kerakli hujjatlar va qoidalarni boshqarish bo&#039;yicha katta tajribaga egamiz.<\/li>\n<\/ol>\n<hr \/>\n<h3><img loading=\"lazy\" decoding=\"async\" class=\"alignnone wp-image-1677 size-full\" src=\"https:\/\/www.peanutoem.com\/wp-content\/uploads\/2024\/09\/Spicy-Peanut-Butter-Spread-on-Food.webp\" alt=\"Achchiq yeryong&#039;oq yog&#039;i ovqatga yoyilgan\" width=\"896\" height=\"1152\" srcset=\"https:\/\/www.peanutoem.com\/wp-content\/uploads\/2024\/09\/Spicy-Peanut-Butter-Spread-on-Food.webp 896w, https:\/\/www.peanutoem.com\/wp-content\/uploads\/2024\/09\/Spicy-Peanut-Butter-Spread-on-Food-233x300.webp 233w, https:\/\/www.peanutoem.com\/wp-content\/uploads\/2024\/09\/Spicy-Peanut-Butter-Spread-on-Food-796x1024.webp 796w, https:\/\/www.peanutoem.com\/wp-content\/uploads\/2024\/09\/Spicy-Peanut-Butter-Spread-on-Food-768x987.webp 768w, https:\/\/www.peanutoem.com\/wp-content\/uploads\/2024\/09\/Spicy-Peanut-Butter-Spread-on-Food-9x12.webp 9w, https:\/\/www.peanutoem.com\/wp-content\/uploads\/2024\/09\/Spicy-Peanut-Butter-Spread-on-Food-600x771.webp 600w\" sizes=\"auto, (max-width: 896px) 100vw, 896px\" \/><\/h3>\n<a href=\"mailto:globepeanut@gmail.com\" class=\"button primary is-primary is-medium\"  >\n    <span>Bizga elektron pochta<\/span>\n  <\/a>","protected":false},"excerpt":{"rendered":"<table width=\"564\">\n<tbody>\n<tr>\n<td width=\"113\"><strong>Mahsulot nomi<\/strong><\/td>\n<td width=\"402\">Achchiq yeryong&#039;oq yog&#039;i<\/td>\n<\/tr>\n<tr>\n<td width=\"113\"><strong>Texnik xususiyatlari<\/strong><\/td>\n<td width=\"402\">200gx36, 227gx24, 340gx12, 375gx12, 500gx12, 510gx12, 1kgx12, 10kgx1, 20kgx1, 220kgx1<\/td>\n<\/tr>\n<tr>\n<td width=\"113\"><strong>Qadoqlash shakli<\/strong><\/td>\n<td width=\"402\">Kavanoz, chelak, doy to&#039;plami, sumka, karton, qalay, barrel, quti, shisha va boshqalar<\/td>\n<\/tr>\n<tr>\n<td width=\"113\"><strong>Yetkazib berish vaqti<\/strong><\/td>\n<td width=\"402\">Buyurtmadan keyin 7 ~ 20 kun<\/td>\n<\/tr>\n<tr>\n<td width=\"113\"><strong>MOQ<\/strong><\/td>\n<td width=\"402\">Bir tonna<\/td>\n<\/tr>\n<tr>\n<td width=\"113\"><strong>Namuna<\/strong><\/td>\n<td width=\"402\">Bepul namuna mavjud<\/td>\n<\/tr>\n<tr>\n<td width=\"113\"><strong>OEM<\/strong><\/td>\n<td width=\"402\">Xaridor yorlig&#039;i qabul qilindi<\/td>\n<\/tr>\n<\/tbody>\n<\/table>","protected":false},"featured_media":1668,"comment_status":"open","ping_status":"closed","template":"","meta":[],"product_cat":[15],"product_tag":[],"class_list":{"0":"post-1637","1":"product","2":"type-product","3":"status-publish","4":"has-post-thumbnail","6":"product_cat-peanut-butter","8":"first","9":"instock","10":"shipping-taxable","11":"product-type-simple"},"yoast_head":"<!-- This site is optimized with the Yoast SEO plugin v24.9 - https:\/\/yoast.com\/wordpress\/plugins\/seo\/ -->\n<title>Spicy Peanut Butter China Manufacturer OEM - Peanut Butter Factory<\/title>\n<meta name=\"description\" content=\"Leading spicy peanut butter OEM private label manufacturer and exporter. Order your premium quality, custom-made spicy peanut butter.\" \/>\n<meta name=\"robots\" content=\"index, follow, max-snippet:-1, max-image-preview:large, max-video-preview:-1\" \/>\n<link rel=\"canonical\" href=\"https:\/\/www.peanutoem.com\/uz\/manufacturer\/spicy-peanut-butter\/\" \/>\n<meta property=\"og:locale\" content=\"uz_UZ\" \/>\n<meta property=\"og:type\" content=\"article\" \/>\n<meta property=\"og:title\" content=\"Spicy Peanut Butter China Manufacturer OEM - Peanut Butter Factory\" \/>\n<meta property=\"og:description\" content=\"Leading spicy peanut butter OEM private label manufacturer and exporter. Order your premium quality, custom-made spicy peanut butter.\" \/>\n<meta property=\"og:url\" content=\"https:\/\/www.peanutoem.com\/uz\/manufacturer\/spicy-peanut-butter\/\" \/>\n<meta property=\"og:site_name\" content=\"Peanut Butter Factory\" \/>\n<meta property=\"article:modified_time\" content=\"2024-10-06T09:58:03+00:00\" \/>\n<meta property=\"og:image\" content=\"https:\/\/www.peanutoem.com\/wp-content\/uploads\/2024\/09\/Spicy-Peanut-Butter.webp\" \/>\n\t<meta property=\"og:image:width\" content=\"1000\" \/>\n\t<meta property=\"og:image:height\" content=\"1000\" \/>\n\t<meta property=\"og:image:type\" content=\"image\/webp\" \/>\n<meta name=\"twitter:card\" content=\"summary_large_image\" \/>\n<meta name=\"twitter:label1\" content=\"Est. reading time\" \/>\n\t<meta name=\"twitter:data1\" content=\"4 daqiqa\" \/>\n<script type=\"application\/ld+json\" class=\"yoast-schema-graph\">{\"@context\":\"https:\/\/schema.org\",\"@graph\":[{\"@type\":\"WebPage\",\"@id\":\"https:\/\/www.peanutoem.com\/manufacturer\/spicy-peanut-butter\/\",\"url\":\"https:\/\/www.peanutoem.com\/manufacturer\/spicy-peanut-butter\/\",\"name\":\"Spicy Peanut Butter China Manufacturer OEM - Peanut Butter Factory\",\"isPartOf\":{\"@id\":\"https:\/\/www.peanutoem.com\/#website\"},\"primaryImageOfPage\":{\"@id\":\"https:\/\/www.peanutoem.com\/manufacturer\/spicy-peanut-butter\/#primaryimage\"},\"image\":{\"@id\":\"https:\/\/www.peanutoem.com\/manufacturer\/spicy-peanut-butter\/#primaryimage\"},\"thumbnailUrl\":\"https:\/\/www.peanutoem.com\/wp-content\/uploads\/2024\/09\/Spicy-Peanut-Butter.webp\",\"datePublished\":\"2024-09-10T12:28:30+00:00\",\"dateModified\":\"2024-10-06T09:58:03+00:00\",\"description\":\"Leading spicy peanut butter OEM private label manufacturer and exporter. Order your premium quality, custom-made spicy peanut butter.\",\"breadcrumb\":{\"@id\":\"https:\/\/www.peanutoem.com\/manufacturer\/spicy-peanut-butter\/#breadcrumb\"},\"inLanguage\":\"uz-UZ\",\"potentialAction\":[{\"@type\":\"ReadAction\",\"target\":[\"https:\/\/www.peanutoem.com\/manufacturer\/spicy-peanut-butter\/\"]}]},{\"@type\":\"ImageObject\",\"inLanguage\":\"uz-UZ\",\"@id\":\"https:\/\/www.peanutoem.com\/manufacturer\/spicy-peanut-butter\/#primaryimage\",\"url\":\"https:\/\/www.peanutoem.com\/wp-content\/uploads\/2024\/09\/Spicy-Peanut-Butter.webp\",\"contentUrl\":\"https:\/\/www.peanutoem.com\/wp-content\/uploads\/2024\/09\/Spicy-Peanut-Butter.webp\",\"width\":1000,\"height\":1000,\"caption\":\"Spicy Peanut Butter\"},{\"@type\":\"BreadcrumbList\",\"@id\":\"https:\/\/www.peanutoem.com\/manufacturer\/spicy-peanut-butter\/#breadcrumb\",\"itemListElement\":[{\"@type\":\"ListItem\",\"position\":1,\"name\":\"Home\",\"item\":\"https:\/\/www.peanutoem.com\/\"},{\"@type\":\"ListItem\",\"position\":2,\"name\":\"Products\",\"item\":\"https:\/\/www.peanutoem.com\/shop\/\"},{\"@type\":\"ListItem\",\"position\":3,\"name\":\"Spicy Peanut Butter\"}]},{\"@type\":\"WebSite\",\"@id\":\"https:\/\/www.peanutoem.com\/#website\",\"url\":\"https:\/\/www.peanutoem.com\/\",\"name\":\"Peanut Butter Factory\",\"description\":\"Peanut Butter Manufacturer and Roast Peanut OEM Factory | Peanut Private Label China Supplier\",\"publisher\":{\"@id\":\"https:\/\/www.peanutoem.com\/#organization\"},\"alternateName\":\"Peanut Butter OEM and Wholesale\",\"potentialAction\":[{\"@type\":\"SearchAction\",\"target\":{\"@type\":\"EntryPoint\",\"urlTemplate\":\"https:\/\/www.peanutoem.com\/?s={search_term_string}\"},\"query-input\":{\"@type\":\"PropertyValueSpecification\",\"valueRequired\":true,\"valueName\":\"search_term_string\"}}],\"inLanguage\":\"uz-UZ\"},{\"@type\":\"Organization\",\"@id\":\"https:\/\/www.peanutoem.com\/#organization\",\"name\":\"Peanut Butter Factory\",\"alternateName\":\"JuFeng Group\",\"url\":\"https:\/\/www.peanutoem.com\/\",\"logo\":{\"@type\":\"ImageObject\",\"inLanguage\":\"uz-UZ\",\"@id\":\"https:\/\/www.peanutoem.com\/#\/schema\/logo\/image\/\",\"url\":\"https:\/\/www.peanutoem.com\/wp-content\/uploads\/2024\/09\/JUFENG-LOGO.png\",\"contentUrl\":\"https:\/\/www.peanutoem.com\/wp-content\/uploads\/2024\/09\/JUFENG-LOGO.png\",\"width\":600,\"height\":170,\"caption\":\"Peanut Butter Factory\"},\"image\":{\"@id\":\"https:\/\/www.peanutoem.com\/#\/schema\/logo\/image\/\"}}]}<\/script>\n<!-- \/ Yoast SEO plugin. -->","yoast_head_json":{"title":"Spicy Peanut Butter China Manufacturer OEM - Peanut Butter Factory","description":"Leading spicy peanut butter OEM private label manufacturer and exporter. Order your premium quality, custom-made spicy peanut butter.","robots":{"index":"index","follow":"follow","max-snippet":"max-snippet:-1","max-image-preview":"max-image-preview:large","max-video-preview":"max-video-preview:-1"},"canonical":"https:\/\/www.peanutoem.com\/uz\/manufacturer\/spicy-peanut-butter\/","og_locale":"uz_UZ","og_type":"article","og_title":"Spicy Peanut Butter China Manufacturer OEM - Peanut Butter Factory","og_description":"Leading spicy peanut butter OEM private label manufacturer and exporter. Order your premium quality, custom-made spicy peanut butter.","og_url":"https:\/\/www.peanutoem.com\/uz\/manufacturer\/spicy-peanut-butter\/","og_site_name":"Peanut Butter Factory","article_modified_time":"2024-10-06T09:58:03+00:00","og_image":[{"width":1000,"height":1000,"url":"https:\/\/www.peanutoem.com\/wp-content\/uploads\/2024\/09\/Spicy-Peanut-Butter.webp","type":"image\/webp"}],"twitter_card":"summary_large_image","twitter_misc":{"Est. reading time":"4 daqiqa"},"schema":{"@context":"https:\/\/schema.org","@graph":[{"@type":"WebPage","@id":"https:\/\/www.peanutoem.com\/manufacturer\/spicy-peanut-butter\/","url":"https:\/\/www.peanutoem.com\/manufacturer\/spicy-peanut-butter\/","name":"Spicy Peanut Butter China Manufacturer OEM - Peanut Butter Factory","isPartOf":{"@id":"https:\/\/www.peanutoem.com\/#website"},"primaryImageOfPage":{"@id":"https:\/\/www.peanutoem.com\/manufacturer\/spicy-peanut-butter\/#primaryimage"},"image":{"@id":"https:\/\/www.peanutoem.com\/manufacturer\/spicy-peanut-butter\/#primaryimage"},"thumbnailUrl":"https:\/\/www.peanutoem.com\/wp-content\/uploads\/2024\/09\/Spicy-Peanut-Butter.webp","datePublished":"2024-09-10T12:28:30+00:00","dateModified":"2024-10-06T09:58:03+00:00","description":"Leading spicy peanut butter OEM private label manufacturer and exporter. Order your premium quality, custom-made spicy peanut butter.","breadcrumb":{"@id":"https:\/\/www.peanutoem.com\/manufacturer\/spicy-peanut-butter\/#breadcrumb"},"inLanguage":"uz-UZ","potentialAction":[{"@type":"ReadAction","target":["https:\/\/www.peanutoem.com\/manufacturer\/spicy-peanut-butter\/"]}]},{"@type":"ImageObject","inLanguage":"uz-UZ","@id":"https:\/\/www.peanutoem.com\/manufacturer\/spicy-peanut-butter\/#primaryimage","url":"https:\/\/www.peanutoem.com\/wp-content\/uploads\/2024\/09\/Spicy-Peanut-Butter.webp","contentUrl":"https:\/\/www.peanutoem.com\/wp-content\/uploads\/2024\/09\/Spicy-Peanut-Butter.webp","width":1000,"height":1000,"caption":"Spicy Peanut Butter"},{"@type":"BreadcrumbList","@id":"https:\/\/www.peanutoem.com\/manufacturer\/spicy-peanut-butter\/#breadcrumb","itemListElement":[{"@type":"ListItem","position":1,"name":"Home","item":"https:\/\/www.peanutoem.com\/"},{"@type":"ListItem","position":2,"name":"Products","item":"https:\/\/www.peanutoem.com\/shop\/"},{"@type":"ListItem","position":3,"name":"Spicy Peanut Butter"}]},{"@type":"WebSite","@id":"https:\/\/www.peanutoem.com\/#website","url":"https:\/\/www.peanutoem.com\/","name":"Peanut Butter Factory","description":"Peanut Butter Manufacturer and Roast Peanut OEM Factory | Peanut Private Label China Supplier","publisher":{"@id":"https:\/\/www.peanutoem.com\/#organization"},"alternateName":"Peanut Butter OEM and Wholesale","potentialAction":[{"@type":"SearchAction","target":{"@type":"EntryPoint","urlTemplate":"https:\/\/www.peanutoem.com\/?s={search_term_string}"},"query-input":{"@type":"PropertyValueSpecification","valueRequired":true,"valueName":"search_term_string"}}],"inLanguage":"uz-UZ"},{"@type":"Organization","@id":"https:\/\/www.peanutoem.com\/#organization","name":"Peanut Butter Factory","alternateName":"JuFeng Group","url":"https:\/\/www.peanutoem.com\/","logo":{"@type":"ImageObject","inLanguage":"uz-UZ","@id":"https:\/\/www.peanutoem.com\/#\/schema\/logo\/image\/","url":"https:\/\/www.peanutoem.com\/wp-content\/uploads\/2024\/09\/JUFENG-LOGO.png","contentUrl":"https:\/\/www.peanutoem.com\/wp-content\/uploads\/2024\/09\/JUFENG-LOGO.png","width":600,"height":170,"caption":"Peanut Butter Factory"},"image":{"@id":"https:\/\/www.peanutoem.com\/#\/schema\/logo\/image\/"}}]}},"_links":{"self":[{"href":"https:\/\/www.peanutoem.com\/uz\/wp-json\/wp\/v2\/product\/1637","targetHints":{"allow":["GET"]}}],"collection":[{"href":"https:\/\/www.peanutoem.com\/uz\/wp-json\/wp\/v2\/product"}],"about":[{"href":"https:\/\/www.peanutoem.com\/uz\/wp-json\/wp\/v2\/types\/product"}],"replies":[{"embeddable":true,"href":"https:\/\/www.peanutoem.com\/uz\/wp-json\/wp\/v2\/comments?post=1637"}],"wp:featuredmedia":[{"embeddable":true,"href":"https:\/\/www.peanutoem.com\/uz\/wp-json\/wp\/v2\/media\/1668"}],"wp:attachment":[{"href":"https:\/\/www.peanutoem.com\/uz\/wp-json\/wp\/v2\/media?parent=1637"}],"wp:term":[{"taxonomy":"product_cat","embeddable":true,"href":"https:\/\/www.peanutoem.com\/uz\/wp-json\/wp\/v2\/product_cat?post=1637"},{"taxonomy":"product_tag","embeddable":true,"href":"https:\/\/www.peanutoem.com\/uz\/wp-json\/wp\/v2\/product_tag?post=1637"}],"curies":[{"name":"wp","href":"https:\/\/api.w.org\/{rel}","templated":true}]}}