{"id":1393,"date":"2023-06-08T07:38:38","date_gmt":"2023-06-08T07:38:38","guid":{"rendered":"https:\/\/www.peanutoem.com\/?post_type=product&#038;p=1393"},"modified":"2024-10-09T12:10:08","modified_gmt":"2024-10-09T12:10:08","slug":"salty-peanut-butter","status":"publish","type":"product","link":"https:\/\/www.peanutoem.com\/vi\/manufacturer\/salty-peanut-butter\/","title":{"rendered":"B\u01a1 \u0111\u1eadu ph\u1ed9ng m\u1eb7n"},"content":{"rendered":"<h3>Nh\u00e0 cung c\u1ea5p OEM h\u00e0ng \u0111\u1ea7u &amp; Nh\u00e0 s\u1ea3n xu\u1ea5t nh\u00e3n hi\u1ec7u ri\u00eang c\u1ee7a Salty <a href=\"https:\/\/www.peanutoem.com\/vi\/Wholesale\/peanut-butter\/\" target=\"_blank\" rel=\"noopener\">B\u01a1 \u0111\u1eadu ph\u1ed9ng<\/a><\/h3>\n<p>Ch\u00fang t\u00f4i t\u1ef1 h\u00e0o cung c\u1ea5p b\u01a1 \u0111\u1eadu ph\u1ed9ng m\u1eb7n cao c\u1ea5p v\u1edbi t\u01b0 c\u00e1ch l\u00e0 nh\u00e0 cung c\u1ea5p OEM \u0111\u00e1ng tin c\u1eady, nh\u00e0 s\u1ea3n xu\u1ea5t nh\u00e3n hi\u1ec7u ri\u00eang v\u00e0 nh\u00e0 xu\u1ea5t kh\u1ea9u to\u00e0n c\u1ea7u. \u0110\u01b0\u1ee3c ch\u1ebf t\u00e1c v\u1edbi s\u1ef1 c\u00e2n b\u1eb1ng ho\u00e0n h\u1ea3o gi\u1eefa \u0111\u1eadu ph\u1ed9ng rang v\u00e0 <a href=\"https:\/\/en.wikipedia.org\/wiki\/Salt\" target=\"_blank\" rel=\"noopener\">mu\u1ed1i<\/a>, mang \u0111\u1ebfn h\u01b0\u01a1ng v\u1ecb h\u1ea5p d\u1eabn l\u00fd t\u01b0\u1edfng cho \u0111\u1ed3 \u0103n nh\u1eb9 v\u00e0 n\u1ea5u \u0103n. C\u00e1c gi\u1ea3i ph\u00e1p s\u1ea3n xu\u1ea5t ho\u00e0n to\u00e0n t\u00f9y ch\u1ec9nh c\u1ee7a ch\u00fang t\u00f4i cho ph\u00e9p c\u00e1c th\u01b0\u01a1ng hi\u1ec7u t\u1ea1o ra c\u00e1c bi\u1ebfn th\u1ec3 \u0111\u1ed9c \u0111\u00e1o v\u1edbi bao b\u00ec linh ho\u1ea1t v\u00e0 k\u00edch th\u01b0\u1edbc \u0111\u01a1n h\u00e0ng.<\/p>\n<h3>B\u01a1 \u0111\u1eadu ph\u1ed9ng m\u1eb7n l\u00e0 g\u00ec?<\/h3>\n<p>B\u01a1 \u0111\u1eadu ph\u1ed9ng m\u1eb7n l\u00e0 m\u1ed9t bi\u1ebfn th\u1ec3 h\u01b0\u01a1ng v\u1ecb c\u1ee7a b\u01a1 \u0111\u1eadu ph\u1ed9ng truy\u1ec1n th\u1ed1ng, mang \u0111\u1ebfn h\u01b0\u01a1ng v\u1ecb m\u1eb7n khi th\u00eam mu\u1ed1i. Lo\u1ea1i b\u01a1 \u0111\u1eadu ph\u1ed9ng n\u00e0y h\u1ea5p d\u1eabn ng\u01b0\u1eddi ti\u00eau d\u00f9ng \u0111ang t\u00ecm ki\u1ebfm m\u1ed9t l\u1ef1a ch\u1ecdn \u0111\u1eadm \u0111\u00e0 h\u01a1n, \u00edt ng\u1ecdt h\u01a1n. Mu\u1ed1i l\u00e0m t\u0103ng th\u00eam v\u1ecb b\u00f9i t\u1ef1 nhi\u00ean c\u1ee7a \u0111\u1eadu ph\u1ed9ng, khi\u1ebfn n\u00f3 tr\u1edf th\u00e0nh lo\u1ea1i \u0111\u01b0\u1ee3c \u01b0a chu\u1ed9ng trong c\u00e1c c\u00f4ng th\u1ee9c n\u1ea5u \u0103n m\u1eb7n, \u0111\u1ed3 ph\u1ebft v\u00e0 \u0111\u1ed3 \u0103n nh\u1eb9.<\/p>\n<p><img loading=\"lazy\" decoding=\"async\" class=\"alignnone wp-image-1970 size-large\" src=\"https:\/\/www.peanutoem.com\/wp-content\/uploads\/2023\/06\/Seasalt-Peanut-Butter-200g-1-1024x461.webp\" alt=\"B\u01a1 \u0111\u1eadu ph\u1ed9ng mu\u1ed1i bi\u1ec3n 200g\" width=\"1020\" height=\"459\" srcset=\"https:\/\/www.peanutoem.com\/wp-content\/uploads\/2023\/06\/Seasalt-Peanut-Butter-200g-1-1024x461.webp 1024w, https:\/\/www.peanutoem.com\/wp-content\/uploads\/2023\/06\/Seasalt-Peanut-Butter-200g-1-300x135.webp 300w, https:\/\/www.peanutoem.com\/wp-content\/uploads\/2023\/06\/Seasalt-Peanut-Butter-200g-1-768x346.webp 768w, https:\/\/www.peanutoem.com\/wp-content\/uploads\/2023\/06\/Seasalt-Peanut-Butter-200g-1-1536x691.webp 1536w, https:\/\/www.peanutoem.com\/wp-content\/uploads\/2023\/06\/Seasalt-Peanut-Butter-200g-1-2048x922.webp 2048w, https:\/\/www.peanutoem.com\/wp-content\/uploads\/2023\/06\/Seasalt-Peanut-Butter-200g-1-18x8.webp 18w, https:\/\/www.peanutoem.com\/wp-content\/uploads\/2023\/06\/Seasalt-Peanut-Butter-200g-1-600x270.webp 600w\" sizes=\"auto, (max-width: 1020px) 100vw, 1020px\" \/><\/p>\n<h3>Nh\u1eefng t\u00ean g\u1ecdi kh\u00e1c l\u00e0 g\u00ec?<\/h3>\n<p>B\u01a1 \u0111\u1eadu ph\u1ed9ng m\u1eb7n c\u0169ng c\u00f3 th\u1ec3 \u0111\u01b0\u1ee3c g\u1ecdi l\u00e0:<\/p>\n<ul>\n<li><strong>B\u01a1 \u0111\u1eadu ph\u1ed9ng m\u1eb7n<\/strong><\/li>\n<li><strong>B\u01a1 \u0111\u1eadu ph\u1ed9ng mu\u1ed1i<\/strong><\/li>\n<li><strong>B\u01a1 \u0111\u1eadu ph\u1ed9ng v\u1edbi mu\u1ed1i<\/strong><\/li>\n<li><strong>B\u01a1 \u0111\u1eadu ph\u1ed9ng ng\u00e2m mu\u1ed1i<\/strong><\/li>\n<\/ul>\n<p>Nh\u1eefng c\u00e1i t\u00ean n\u00e0y nh\u1ea5n m\u1ea1nh v\u00e0o th\u00e0nh ph\u1ea7n m\u1eb7n \u0111\u1eb7c tr\u01b0ng khi\u1ebfn b\u01a1 \u0111\u1eadu ph\u1ed9ng m\u1eb7n tr\u1edf th\u00e0nh m\u1ed9t s\u1ea3n ph\u1ea9m \u0111\u1ed9c \u0111\u00e1o v\u00e0 ph\u1ed5 bi\u1ebfn.<\/p>\n<h3>T\u1ea1i sao n\u00ean ch\u1ecdn ch\u00fang t\u00f4i l\u00e0m nh\u00e0 cung c\u1ea5p c\u1ee7a b\u1ea1n?<\/h3>\n<p>L\u00e0 nh\u00e0 cung c\u1ea5p OEM v\u00e0 nh\u00e0 s\u1ea3n xu\u1ea5t nh\u00e3n hi\u1ec7u ri\u00eang \u0111\u00e1ng tin c\u1eady, ch\u00fang t\u00f4i cung c\u1ea5p:<\/p>\n<ul>\n<li><strong>B\u01a1 \u0111\u1eadu ph\u1ed9ng m\u1eb7n t\u00f9y ch\u1ec9nh<\/strong>: S\u1ea3n ph\u1ea9m \u0111\u01b0\u1ee3c thi\u1ebft k\u1ebf ri\u00eang ph\u00f9 h\u1ee3p v\u1edbi th\u01b0\u01a1ng hi\u1ec7u c\u1ee7a b\u1ea1n.<\/li>\n<li><strong>To\u00e0n c\u1ea7u <a href=\"https:\/\/www.peanutoem.com\/vi\/certificate\/\" target=\"_blank\" rel=\"noopener\">Ch\u1ee9ng nh\u1eadn<\/a><\/strong>:Ti\u00eau chu\u1ea9n c\u1ee7a ch\u00fang t\u00f4i bao g\u1ed3m HACCP, BRCGS, Halal, Kosher v\u00e0 EU Organic, \u0111\u1ea3m b\u1ea3o ch\u1ea5t l\u01b0\u1ee3ng h\u00e0ng \u0111\u1ea7u.<\/li>\n<li><strong>T\u00f9y ch\u1ecdn \u0111\u00f3ng g\u00f3i \u0111a n\u0103ng<\/strong>:Ch\u00fang t\u00f4i s\u1ea3n xu\u1ea5t nhi\u1ec1u k\u00edch c\u1ee1 kh\u00e1c nhau, t\u1eeb l\u1ecd b\u00e1n l\u1ebb \u0111\u1ebfn h\u1ed9p \u0111\u1ef1ng s\u1ed1 l\u01b0\u1ee3ng l\u1edbn.<\/li>\n<li><strong>Chuy\u00ean m\u00f4n xu\u1ea5t kh\u1ea9u to\u00e0n c\u1ea7u<\/strong>:Ch\u00fang t\u00f4i cung c\u1ea5p s\u1ea3n ph\u1ea9m \u0111\u00e1ng tin c\u1eady cho th\u1ecb tr\u01b0\u1eddng qu\u1ed1c t\u1ebf.<\/li>\n<\/ul>\n<h3>C\u00e2u h\u1ecfi th\u01b0\u1eddng g\u1eb7p v\u1ec1 B\u01a1 \u0111\u1eadu ph\u1ed9ng v\u1edbi mu\u1ed1i<\/h3>\n<ol>\n<li><strong>\u0110i\u1ec1u g\u00ec l\u00e0m cho b\u01a1 \u0111\u1eadu ph\u1ed9ng m\u1eb7n c\u1ee7a b\u1ea1n tr\u1edf n\u00ean kh\u00e1c bi\u1ec7t?<\/strong><br \/>\nCh\u00fang t\u00f4i cung c\u1ea5p b\u01a1 \u0111\u1eadu ph\u1ed9ng v\u1edbi mu\u1ed1i h\u1ea3o h\u1ea1ng, \u0111\u1ed3ng nh\u1ea5t c\u00f9ng c\u00e1c t\u00f9y ch\u1ecdn t\u00f9y ch\u1ec9nh \u0111\u1ec3 s\u1ea3n xu\u1ea5t nh\u00e3n hi\u1ec7u ri\u00eang.<\/li>\n<li><strong>B\u1ea1n s\u1eed d\u1ee5ng nh\u1eefng th\u00e0nh ph\u1ea7n n\u00e0o?<\/strong><br \/>\nB\u01a1 \u0111\u1eadu ph\u1ed9ng m\u1eb7n c\u1ee7a ch\u00fang t\u00f4i ch\u1ee9a \u0111\u1eadu ph\u1ed9ng rang ch\u1ea5t l\u01b0\u1ee3ng cao v\u00e0 l\u01b0\u1ee3ng mu\u1ed1i \u0111\u01b0\u1ee3c \u0111o ch\u00ednh x\u00e1c, kh\u00f4ng c\u00f3 ch\u1ea5t ph\u1ee5 gia.<\/li>\n<li><strong>T\u00f4i c\u00f3 th\u1ec3 \u0111i\u1ec1u ch\u1ec9nh h\u00e0m l\u01b0\u1ee3ng mu\u1ed1i kh\u00f4ng?<\/strong><br \/>\nC\u00f3, ch\u00fang t\u00f4i cung c\u1ea5p s\u1ef1 linh ho\u1ea1t v\u1ec1 m\u1ee9c \u0111\u1ed9 mu\u1ed1i \u0111\u1ec3 ph\u00f9 h\u1ee3p v\u1edbi h\u01b0\u01a1ng v\u1ecb c\u1ee7a th\u01b0\u01a1ng hi\u1ec7u b\u1ea1n.<\/li>\n<li><strong>C\u00f3 nh\u1eefng l\u1ef1a ch\u1ecdn \u0111\u00f3ng g\u00f3i n\u00e0o?<\/strong><br \/>\nCh\u00fang t\u00f4i cung c\u1ea5p l\u1ecd, x\u00f4 v\u00e0 t\u00fai v\u1edbi nhi\u1ec1u k\u00edch c\u1ee1 ph\u00f9 h\u1ee3p cho c\u1ea3 b\u00e1n l\u1ebb v\u00e0 ph\u00e2n ph\u1ed1i s\u1ed1 l\u01b0\u1ee3ng l\u1edbn.<\/li>\n<li><strong>Th\u1eddi gian giao h\u00e0ng l\u00e0 bao l\u00e2u?<\/strong><br \/>\nTh\u1eddi gian giao h\u00e0ng th\u01b0\u1eddng dao \u0111\u1ed9ng t\u1eeb 7 \u0111\u1ebfn 20 ng\u00e0y, t\u00f9y thu\u1ed9c v\u00e0o k\u00edch th\u01b0\u1edbc v\u00e0 th\u00f4ng s\u1ed1 k\u1ef9 thu\u1eadt c\u1ee7a \u0111\u01a1n h\u00e0ng.<\/li>\n<li><strong>B\u1ea1n c\u00f3 cung c\u1ea5p d\u1ecbch v\u1ee5 nh\u00e3n hi\u1ec7u ri\u00eang kh\u00f4ng?<\/strong><br \/>\nC\u00f3, ch\u00fang t\u00f4i chuy\u00ean cung c\u1ea5p d\u1ecbch v\u1ee5 nh\u00e3n hi\u1ec7u ri\u00eang v\u1edbi kh\u1ea3 n\u0103ng t\u00f9y ch\u1ec9nh to\u00e0n di\u1ec7n v\u1ec1 th\u01b0\u01a1ng hi\u1ec7u v\u00e0 bao b\u00ec.<\/li>\n<li><strong>S\u1ed1 l\u01b0\u1ee3ng \u0111\u1eb7t h\u00e0ng t\u1ed1i thi\u1ec3u (MOQ) l\u00e0 bao nhi\u00eau?<\/strong><br \/>\nMOQ c\u1ee7a ch\u00fang t\u00f4i l\u00e0 m\u1ed9t t\u1ea5n, ph\u00f9 h\u1ee3p v\u1edbi c\u1ea3 doanh nghi\u1ec7p l\u1edbn v\u00e0 nh\u1ecf.<\/li>\n<\/ol>\n<h3>Kh\u00e1m ph\u00e1 t\u00ednh linh ho\u1ea1t c\u1ee7a c\u00e1c s\u1ea3n ph\u1ea9m t\u00f9y ch\u1ec9nh c\u1ee7a ch\u00fang t\u00f4i<\/h3>\n<p>B\u01a1 \u0111\u1eadu ph\u1ed9ng m\u1eb7n l\u00e0 l\u1ef1a ch\u1ecdn \u0111a n\u0103ng cho nh\u1eefng ai \u0111ang t\u00ecm ki\u1ebfm m\u1ed9t s\u1ef1 thay th\u1ebf m\u1eb7n cho c\u00e1c lo\u1ea1i ng\u1ecdt. H\u01b0\u01a1ng v\u1ecb \u0111\u1ed9c \u0111\u00e1o c\u1ee7a n\u00f3 l\u00e0m t\u0103ng h\u01b0\u01a1ng v\u1ecb cho \u0111\u1ed3 \u0103n nh\u1eb9 v\u00e0 n\u1ea5u \u0103n, l\u00e0m cho n\u00f3 tr\u1edf n\u00ean ho\u00e0n h\u1ea3o cho c\u00e1c lo\u1ea1i ph\u1ebft, ch\u1ea5m v\u00e0 n\u01b0\u1edbc s\u1ed1t. Ch\u00fang t\u00f4i \u0111\u00e1p \u1ee9ng nhu c\u1ea7u ng\u00e0y c\u00e0ng t\u0103ng \u0111\u1ed1i v\u1edbi c\u00e1c l\u1ef1a ch\u1ecdn c\u00f3 h\u01b0\u01a1ng v\u1ecb, ch\u1ea5t l\u01b0\u1ee3ng cao trong khi cung c\u1ea5p t\u00f9y ch\u1ec9nh \u0111\u1ea7y \u0111\u1ee7 \u0111\u1ec3 ph\u00f9 h\u1ee3p v\u1edbi nhu c\u1ea7u c\u1ee7a b\u1ea1n.<\/p>\n<p>V\u1edbi t\u01b0 c\u00e1ch l\u00e0 \u0111\u1ed1i t\u00e1c OEM v\u00e0 nh\u00e3n hi\u1ec7u ri\u00eang \u0111\u00e1ng tin c\u1eady c\u1ee7a b\u1ea1n, ch\u00fang t\u00f4i cung c\u1ea5p c\u00e1c t\u00f9y ch\u1ecdn ch\u1ea5t l\u01b0\u1ee3ng cao, c\u00f3 th\u1ec3 t\u00f9y ch\u1ec9nh v\u1edbi kh\u1ea3 n\u0103ng xu\u1ea5t kh\u1ea9u to\u00e0n c\u1ea7u, \u0111\u1ea3m b\u1ea3o s\u1ef1 xu\u1ea5t s\u1eafc trong t\u1eebng l\u1ecd.<\/p>\n<a href=\"mailto:globepeanut@gmail.com\" class=\"button primary is-primary is-medium\"  >\n    <span>G\u1eedi Email Cho Ch\u00fang T\u00f4i<\/span>\n  <\/a>","protected":false},"excerpt":{"rendered":"<table width=\"564\">\n<tbody>\n<tr>\n<td width=\"113\"><strong>T\u00ean s\u1ea3n ph\u1ea9m<\/strong><\/td>\n<td width=\"402\">B\u01a1 \u0111\u1eadu ph\u1ed9ng m\u1eb7n<\/td>\n<\/tr>\n<tr>\n<td width=\"113\"><strong>Th\u00e0nh ph\u1ea7n<\/strong><\/td>\n<td width=\"402\">H\u1ea1t \u0111\u1eadu ph\u1ed9ng ch\u1ecdn l\u1ecdc, mu\u1ed1i<\/td>\n<\/tr>\n<tr>\n<td width=\"113\"><strong>Th\u00f4ng s\u1ed1 k\u1ef9 thu\u1eadt<\/strong><\/td>\n<td width=\"402\">227gx24, 340gx12, 375gx12, 500gx12, 510gx12, 1kgx12, 10kgx1, 20kgx1, 220kgx1<\/td>\n<\/tr>\n<tr>\n<td width=\"113\"><strong>Bi\u1ec3u m\u1eabu \u0111\u00f3ng g\u00f3i<\/strong><\/td>\n<td width=\"402\">H\u0169, X\u00f4, G\u00f3i Doy, T\u00fai, Th\u00f9ng c\u00e1c t\u00f4ng, Thi\u1ebfc, Th\u00f9ng, Lon, Chai, v.v.<\/td>\n<\/tr>\n<tr>\n<td width=\"113\"><strong>Th\u1eddi gian giao h\u00e0ng<\/strong><\/td>\n<td width=\"402\">7~20 ng\u00e0y sau khi \u0111\u1eb7t h\u00e0ng<\/td>\n<\/tr>\n<tr>\n<td width=\"113\"><strong>S\u1ed1 l\u01b0\u1ee3ng \u0111\u1eb7t h\u00e0ng t\u1ed1i thi\u1ec3u<\/strong><\/td>\n<td width=\"402\">M\u1ed9t t\u1ea5n<\/td>\n<\/tr>\n<tr>\n<td width=\"113\"><strong>V\u1eadt m\u1eabu<\/strong><\/td>\n<td width=\"402\">M\u1eabu mi\u1ec5n ph\u00ed c\u00f3 s\u1eb5n<\/td>\n<\/tr>\n<tr>\n<td width=\"113\"><strong>OEM<\/strong><\/td>\n<td width=\"402\">Nh\u00e3n c\u1ee7a ng\u01b0\u1eddi mua \u0111\u01b0\u1ee3c ch\u1ea5p nh\u1eadn<\/td>\n<\/tr>\n<\/tbody>\n<\/table>","protected":false},"featured_media":1968,"comment_status":"open","ping_status":"closed","template":"","meta":[],"product_cat":[15],"product_tag":[],"class_list":{"0":"post-1393","1":"product","2":"type-product","3":"status-publish","4":"has-post-thumbnail","6":"product_cat-peanut-butter","8":"first","9":"instock","10":"shipping-taxable","11":"product-type-simple"},"yoast_head":"<!-- This site is optimized with the Yoast SEO plugin v24.9 - https:\/\/yoast.com\/wordpress\/plugins\/seo\/ -->\n<title>Salty Peanut Butter China Exporter OEM - Peanut Butter Factory<\/title>\n<meta name=\"description\" content=\"Discover premium salty peanut butter OEM service. Your trusted private label manufacturer. Enjoy customizable production, various packaging.\" \/>\n<meta name=\"robots\" content=\"index, follow, max-snippet:-1, max-image-preview:large, max-video-preview:-1\" \/>\n<link rel=\"canonical\" href=\"https:\/\/www.peanutoem.com\/vi\/manufacturer\/salty-peanut-butter\/\" \/>\n<meta property=\"og:locale\" content=\"vi_VN\" \/>\n<meta property=\"og:type\" content=\"article\" \/>\n<meta property=\"og:title\" content=\"Salty Peanut Butter China Exporter OEM - Peanut Butter Factory\" \/>\n<meta property=\"og:description\" content=\"Discover premium salty peanut butter OEM service. Your trusted private label manufacturer. Enjoy customizable production, various packaging.\" \/>\n<meta property=\"og:url\" content=\"https:\/\/www.peanutoem.com\/vi\/manufacturer\/salty-peanut-butter\/\" \/>\n<meta property=\"og:site_name\" content=\"Peanut Butter Factory\" \/>\n<meta property=\"article:modified_time\" content=\"2024-10-09T12:10:08+00:00\" \/>\n<meta property=\"og:image\" content=\"https:\/\/www.peanutoem.com\/wp-content\/uploads\/2023\/06\/200g-seasalt-peanut-butter-1-scaled.webp\" \/>\n\t<meta property=\"og:image:width\" content=\"2560\" \/>\n\t<meta property=\"og:image:height\" content=\"1152\" \/>\n\t<meta property=\"og:image:type\" content=\"image\/webp\" \/>\n<meta name=\"twitter:card\" content=\"summary_large_image\" \/>\n<meta name=\"twitter:label1\" content=\"\u01af\u1edbc t\u00ednh th\u1eddi gian \u0111\u1ecdc\" \/>\n\t<meta name=\"twitter:data1\" content=\"3 ph\u00fat\" \/>\n<script type=\"application\/ld+json\" class=\"yoast-schema-graph\">{\"@context\":\"https:\/\/schema.org\",\"@graph\":[{\"@type\":\"WebPage\",\"@id\":\"https:\/\/www.peanutoem.com\/manufacturer\/salty-peanut-butter\/\",\"url\":\"https:\/\/www.peanutoem.com\/manufacturer\/salty-peanut-butter\/\",\"name\":\"Salty Peanut Butter China Exporter OEM - Peanut Butter Factory\",\"isPartOf\":{\"@id\":\"https:\/\/www.peanutoem.com\/#website\"},\"primaryImageOfPage\":{\"@id\":\"https:\/\/www.peanutoem.com\/manufacturer\/salty-peanut-butter\/#primaryimage\"},\"image\":{\"@id\":\"https:\/\/www.peanutoem.com\/manufacturer\/salty-peanut-butter\/#primaryimage\"},\"thumbnailUrl\":\"https:\/\/www.peanutoem.com\/wp-content\/uploads\/2023\/06\/200g-seasalt-peanut-butter-1-scaled.webp\",\"datePublished\":\"2023-06-08T07:38:38+00:00\",\"dateModified\":\"2024-10-09T12:10:08+00:00\",\"description\":\"Discover premium salty peanut butter OEM service. Your trusted private label manufacturer. Enjoy customizable production, various packaging.\",\"breadcrumb\":{\"@id\":\"https:\/\/www.peanutoem.com\/manufacturer\/salty-peanut-butter\/#breadcrumb\"},\"inLanguage\":\"vi\",\"potentialAction\":[{\"@type\":\"ReadAction\",\"target\":[\"https:\/\/www.peanutoem.com\/manufacturer\/salty-peanut-butter\/\"]}]},{\"@type\":\"ImageObject\",\"inLanguage\":\"vi\",\"@id\":\"https:\/\/www.peanutoem.com\/manufacturer\/salty-peanut-butter\/#primaryimage\",\"url\":\"https:\/\/www.peanutoem.com\/wp-content\/uploads\/2023\/06\/200g-seasalt-peanut-butter-1-scaled.webp\",\"contentUrl\":\"https:\/\/www.peanutoem.com\/wp-content\/uploads\/2023\/06\/200g-seasalt-peanut-butter-1-scaled.webp\",\"width\":2560,\"height\":1152,\"caption\":\"200g seasalt peanut butter\"},{\"@type\":\"BreadcrumbList\",\"@id\":\"https:\/\/www.peanutoem.com\/manufacturer\/salty-peanut-butter\/#breadcrumb\",\"itemListElement\":[{\"@type\":\"ListItem\",\"position\":1,\"name\":\"Home\",\"item\":\"https:\/\/www.peanutoem.com\/\"},{\"@type\":\"ListItem\",\"position\":2,\"name\":\"Products\",\"item\":\"https:\/\/www.peanutoem.com\/shop\/\"},{\"@type\":\"ListItem\",\"position\":3,\"name\":\"Salty Peanut Butter\"}]},{\"@type\":\"WebSite\",\"@id\":\"https:\/\/www.peanutoem.com\/#website\",\"url\":\"https:\/\/www.peanutoem.com\/\",\"name\":\"Peanut Butter Factory\",\"description\":\"Peanut Butter Manufacturer and Roast Peanut OEM Factory | Peanut Private Label China Supplier\",\"publisher\":{\"@id\":\"https:\/\/www.peanutoem.com\/#organization\"},\"alternateName\":\"Peanut Butter OEM and Wholesale\",\"potentialAction\":[{\"@type\":\"SearchAction\",\"target\":{\"@type\":\"EntryPoint\",\"urlTemplate\":\"https:\/\/www.peanutoem.com\/?s={search_term_string}\"},\"query-input\":{\"@type\":\"PropertyValueSpecification\",\"valueRequired\":true,\"valueName\":\"search_term_string\"}}],\"inLanguage\":\"vi\"},{\"@type\":\"Organization\",\"@id\":\"https:\/\/www.peanutoem.com\/#organization\",\"name\":\"Peanut Butter Factory\",\"alternateName\":\"JuFeng Group\",\"url\":\"https:\/\/www.peanutoem.com\/\",\"logo\":{\"@type\":\"ImageObject\",\"inLanguage\":\"vi\",\"@id\":\"https:\/\/www.peanutoem.com\/#\/schema\/logo\/image\/\",\"url\":\"https:\/\/www.peanutoem.com\/wp-content\/uploads\/2024\/09\/JUFENG-LOGO.png\",\"contentUrl\":\"https:\/\/www.peanutoem.com\/wp-content\/uploads\/2024\/09\/JUFENG-LOGO.png\",\"width\":600,\"height\":170,\"caption\":\"Peanut Butter Factory\"},\"image\":{\"@id\":\"https:\/\/www.peanutoem.com\/#\/schema\/logo\/image\/\"}}]}<\/script>\n<!-- \/ Yoast SEO plugin. -->","yoast_head_json":{"title":"Salty Peanut Butter China Exporter OEM - Peanut Butter Factory","description":"Discover premium salty peanut butter OEM service. Your trusted private label manufacturer. Enjoy customizable production, various packaging.","robots":{"index":"index","follow":"follow","max-snippet":"max-snippet:-1","max-image-preview":"max-image-preview:large","max-video-preview":"max-video-preview:-1"},"canonical":"https:\/\/www.peanutoem.com\/vi\/manufacturer\/salty-peanut-butter\/","og_locale":"vi_VN","og_type":"article","og_title":"Salty Peanut Butter China Exporter OEM - Peanut Butter Factory","og_description":"Discover premium salty peanut butter OEM service. Your trusted private label manufacturer. Enjoy customizable production, various packaging.","og_url":"https:\/\/www.peanutoem.com\/vi\/manufacturer\/salty-peanut-butter\/","og_site_name":"Peanut Butter Factory","article_modified_time":"2024-10-09T12:10:08+00:00","og_image":[{"width":2560,"height":1152,"url":"https:\/\/www.peanutoem.com\/wp-content\/uploads\/2023\/06\/200g-seasalt-peanut-butter-1-scaled.webp","type":"image\/webp"}],"twitter_card":"summary_large_image","twitter_misc":{"\u01af\u1edbc t\u00ednh th\u1eddi gian \u0111\u1ecdc":"3 ph\u00fat"},"schema":{"@context":"https:\/\/schema.org","@graph":[{"@type":"WebPage","@id":"https:\/\/www.peanutoem.com\/manufacturer\/salty-peanut-butter\/","url":"https:\/\/www.peanutoem.com\/manufacturer\/salty-peanut-butter\/","name":"Salty Peanut Butter China Exporter OEM - Peanut Butter Factory","isPartOf":{"@id":"https:\/\/www.peanutoem.com\/#website"},"primaryImageOfPage":{"@id":"https:\/\/www.peanutoem.com\/manufacturer\/salty-peanut-butter\/#primaryimage"},"image":{"@id":"https:\/\/www.peanutoem.com\/manufacturer\/salty-peanut-butter\/#primaryimage"},"thumbnailUrl":"https:\/\/www.peanutoem.com\/wp-content\/uploads\/2023\/06\/200g-seasalt-peanut-butter-1-scaled.webp","datePublished":"2023-06-08T07:38:38+00:00","dateModified":"2024-10-09T12:10:08+00:00","description":"Discover premium salty peanut butter OEM service. Your trusted private label manufacturer. Enjoy customizable production, various packaging.","breadcrumb":{"@id":"https:\/\/www.peanutoem.com\/manufacturer\/salty-peanut-butter\/#breadcrumb"},"inLanguage":"vi","potentialAction":[{"@type":"ReadAction","target":["https:\/\/www.peanutoem.com\/manufacturer\/salty-peanut-butter\/"]}]},{"@type":"ImageObject","inLanguage":"vi","@id":"https:\/\/www.peanutoem.com\/manufacturer\/salty-peanut-butter\/#primaryimage","url":"https:\/\/www.peanutoem.com\/wp-content\/uploads\/2023\/06\/200g-seasalt-peanut-butter-1-scaled.webp","contentUrl":"https:\/\/www.peanutoem.com\/wp-content\/uploads\/2023\/06\/200g-seasalt-peanut-butter-1-scaled.webp","width":2560,"height":1152,"caption":"200g seasalt peanut butter"},{"@type":"BreadcrumbList","@id":"https:\/\/www.peanutoem.com\/manufacturer\/salty-peanut-butter\/#breadcrumb","itemListElement":[{"@type":"ListItem","position":1,"name":"Home","item":"https:\/\/www.peanutoem.com\/"},{"@type":"ListItem","position":2,"name":"Products","item":"https:\/\/www.peanutoem.com\/shop\/"},{"@type":"ListItem","position":3,"name":"Salty Peanut Butter"}]},{"@type":"WebSite","@id":"https:\/\/www.peanutoem.com\/#website","url":"https:\/\/www.peanutoem.com\/","name":"Peanut Butter Factory","description":"Peanut Butter Manufacturer and Roast Peanut OEM Factory | Peanut Private Label China Supplier","publisher":{"@id":"https:\/\/www.peanutoem.com\/#organization"},"alternateName":"Peanut Butter OEM and Wholesale","potentialAction":[{"@type":"SearchAction","target":{"@type":"EntryPoint","urlTemplate":"https:\/\/www.peanutoem.com\/?s={search_term_string}"},"query-input":{"@type":"PropertyValueSpecification","valueRequired":true,"valueName":"search_term_string"}}],"inLanguage":"vi"},{"@type":"Organization","@id":"https:\/\/www.peanutoem.com\/#organization","name":"Peanut Butter Factory","alternateName":"JuFeng Group","url":"https:\/\/www.peanutoem.com\/","logo":{"@type":"ImageObject","inLanguage":"vi","@id":"https:\/\/www.peanutoem.com\/#\/schema\/logo\/image\/","url":"https:\/\/www.peanutoem.com\/wp-content\/uploads\/2024\/09\/JUFENG-LOGO.png","contentUrl":"https:\/\/www.peanutoem.com\/wp-content\/uploads\/2024\/09\/JUFENG-LOGO.png","width":600,"height":170,"caption":"Peanut Butter Factory"},"image":{"@id":"https:\/\/www.peanutoem.com\/#\/schema\/logo\/image\/"}}]}},"_links":{"self":[{"href":"https:\/\/www.peanutoem.com\/vi\/wp-json\/wp\/v2\/product\/1393","targetHints":{"allow":["GET"]}}],"collection":[{"href":"https:\/\/www.peanutoem.com\/vi\/wp-json\/wp\/v2\/product"}],"about":[{"href":"https:\/\/www.peanutoem.com\/vi\/wp-json\/wp\/v2\/types\/product"}],"replies":[{"embeddable":true,"href":"https:\/\/www.peanutoem.com\/vi\/wp-json\/wp\/v2\/comments?post=1393"}],"wp:featuredmedia":[{"embeddable":true,"href":"https:\/\/www.peanutoem.com\/vi\/wp-json\/wp\/v2\/media\/1968"}],"wp:attachment":[{"href":"https:\/\/www.peanutoem.com\/vi\/wp-json\/wp\/v2\/media?parent=1393"}],"wp:term":[{"taxonomy":"product_cat","embeddable":true,"href":"https:\/\/www.peanutoem.com\/vi\/wp-json\/wp\/v2\/product_cat?post=1393"},{"taxonomy":"product_tag","embeddable":true,"href":"https:\/\/www.peanutoem.com\/vi\/wp-json\/wp\/v2\/product_tag?post=1393"}],"curies":[{"name":"wp","href":"https:\/\/api.w.org\/{rel}","templated":true}]}}