{"id":1397,"date":"2023-06-08T07:51:40","date_gmt":"2023-06-08T07:51:40","guid":{"rendered":"https:\/\/www.peanutoem.com\/?post_type=product&#038;p=1397"},"modified":"2024-09-28T07:06:47","modified_gmt":"2024-09-28T07:06:47","slug":"creamy-peanut-butter","status":"publish","type":"product","link":"https:\/\/www.peanutoem.com\/vi\/manufacturer\/creamy-peanut-butter\/","title":{"rendered":"B\u01a1 \u0111\u1eadu ph\u1ed9ng kem | B\u01a1 \u0111\u1eadu ph\u1ed9ng m\u1ecbn"},"content":{"rendered":"<h3>Kem <a href=\"https:\/\/www.peanutoem.com\/vi\/Wholesale\/peanut-butter\/\" target=\"_blank\" rel=\"noopener\">B\u01a1 \u0111\u1eadu ph\u1ed9ng<\/a> | B\u01a1 \u0111\u1eadu ph\u1ed9ng m\u1ecbn \u2013 Nh\u00e0 s\u1ea3n xu\u1ea5t nh\u00e3n hi\u1ec7u ri\u00eang OEM h\u00e0ng \u0111\u1ea7u<\/h3>\n<p>Ch\u00fang t\u00f4i t\u1ef1 h\u00e0o l\u00e0 nh\u00e0 s\u1ea3n xu\u1ea5t, xu\u1ea5t kh\u1ea9u v\u00e0 cung c\u1ea5p nh\u00e3n hi\u1ec7u ri\u00eang OEM h\u00e0ng \u0111\u1ea7u v\u1ec1 b\u01a1 \u0111\u1eadu ph\u1ed9ng d\u1ea1ng kem v\u00e0 b\u01a1 \u0111\u1eadu ph\u1ed9ng m\u1ecbn. D\u00e2y chuy\u1ec1n s\u1ea3n xu\u1ea5t hi\u1ec7n \u0111\u1ea1i v\u00e0 ti\u00eau chu\u1ea9n ch\u1ea5t l\u01b0\u1ee3ng cao c\u1ee7a ch\u00fang t\u00f4i \u0111\u1ea3m b\u1ea3o r\u1eb1ng m\u1ed7i l\u1ecd b\u01a1 \u0111\u1eadu ph\u1ed9ng \u0111\u1ec1u \u0111\u00e1p \u1ee9ng \u0111\u01b0\u1ee3c nhu c\u1ea7u to\u00e0n c\u1ea7u v\u1ec1 h\u01b0\u01a1ng v\u1ecb v\u00e0 \u0111\u1ed9 \u0111\u1ed3ng nh\u1ea5t. \u0110\u01b0\u1ee3c h\u1ed7 tr\u1ee3 b\u1edfi <a href=\"https:\/\/www.peanutoem.com\/vi\/certificate\/\" target=\"_blank\" rel=\"noopener\">ch\u1ee9ng nh\u1eadn<\/a> Gi\u1ed1ng nh\u01b0 HACCP, BRCGS, ECOCERT, Halal v\u00e0 Kosher, c\u00e1c s\u1ea3n ph\u1ea9m b\u01a1 \u0111\u1eadu ph\u1ed9ng c\u1ee7a ch\u00fang t\u00f4i l\u00e0 m\u1eb7t h\u00e0ng ch\u1ee7 l\u1ef1c cho c\u00e1c doanh nghi\u1ec7p tr\u00ean to\u00e0n th\u1ebf gi\u1edbi.<\/p>\n<p><img loading=\"lazy\" decoding=\"async\" class=\"alignnone wp-image-1620 size-large\" src=\"https:\/\/www.peanutoem.com\/wp-content\/uploads\/2024\/09\/Peanut-Butter-Qualifications-1024x736.webp\" alt=\"Ti\u00eau chu\u1ea9n c\u1ee7a nh\u00e0 ch\u1ebf bi\u1ebfn b\u01a1 \u0111\u1eadu ph\u1ed9ng OEM\" width=\"1020\" height=\"733\" srcset=\"https:\/\/www.peanutoem.com\/wp-content\/uploads\/2024\/09\/Peanut-Butter-Qualifications-1024x736.webp 1024w, https:\/\/www.peanutoem.com\/wp-content\/uploads\/2024\/09\/Peanut-Butter-Qualifications-300x216.webp 300w, https:\/\/www.peanutoem.com\/wp-content\/uploads\/2024\/09\/Peanut-Butter-Qualifications-768x552.webp 768w, https:\/\/www.peanutoem.com\/wp-content\/uploads\/2024\/09\/Peanut-Butter-Qualifications-18x12.webp 18w, https:\/\/www.peanutoem.com\/wp-content\/uploads\/2024\/09\/Peanut-Butter-Qualifications-600x431.webp 600w, https:\/\/www.peanutoem.com\/wp-content\/uploads\/2024\/09\/Peanut-Butter-Qualifications.webp 1341w\" sizes=\"auto, (max-width: 1020px) 100vw, 1020px\" \/><\/p>\n<h3>B\u01a1 \u0111\u1eadu ph\u1ed9ng kem v\u00e0 b\u01a1 \u0111\u1eadu ph\u1ed9ng m\u1ecbn l\u00e0 g\u00ec?<\/h3>\n<p>B\u01a1 \u0111\u1eadu ph\u1ed9ng d\u1ea1ng kem v\u00e0 b\u01a1 \u0111\u1eadu ph\u1ed9ng m\u1ecbn l\u00e0 hai lo\u1ea1i b\u01a1 \u0111\u1eadu ph\u1ed9ng ph\u1ed5 bi\u1ebfn nh\u1ea5t. C\u1ea3 hai \u0111\u1ec1u \u0111\u01b0\u1ee3c l\u00e0m t\u1eeb \u0111\u1eadu ph\u1ed9ng rang xay m\u1ecbn, t\u1ea1o n\u00ean k\u1ebft c\u1ea5u m\u1ecbn v\u00e0 b\u00e9o ng\u1eady. Tuy nhi\u00ean, b\u01a1 \u0111\u1eadu ph\u1ed9ng d\u1ea1ng kem c\u00f3 k\u1ebft c\u1ea5u \u0111\u1eb7c h\u01a1n m\u1ed9t ch\u00fat so v\u1edbi b\u01a1 \u0111\u1eadu ph\u1ed9ng m\u1ecbn, l\u00fd t\u01b0\u1edfng \u0111\u1ec3 ph\u1ebft l\u00ean b\u00e1nh m\u00ec ho\u1eb7c l\u00e0m nguy\u00ean li\u1ec7u trong n\u01b0\u1edbng b\u00e1nh v\u00e0 n\u1ea5u \u0103n.<\/p>\n<h3>N\u0103ng l\u1ef1c c\u1ee7a ch\u00fang t\u00f4i<\/h3>\n<p>Ch\u00fang t\u00f4i v\u1eadn h\u00e0nh c\u00e1c c\u01a1 s\u1edf ch\u1ebf bi\u1ebfn ti\u00ean ti\u1ebfn c\u00f3 kh\u1ea3 n\u0103ng s\u1ea3n xu\u1ea5t 30.000 t\u1ea5n b\u01a1 \u0111\u1eadu ph\u1ed9ng m\u1ed7i n\u0103m. C\u00e1c ph\u00f2ng th\u00ed nghi\u1ec7m \u0111\u01b0\u1ee3c trang b\u1ecb t\u1ed1t c\u1ee7a ch\u00fang t\u00f4i ti\u1ebfn h\u00e0nh c\u00e1c th\u1eed nghi\u1ec7m c\u1ea3m quan, v\u1eadt l\u00fd, h\u00f3a h\u1ecdc v\u00e0 vi sinh nghi\u00eam ng\u1eb7t \u0111\u1ec3 \u0111\u1ea3m b\u1ea3o ch\u1ea5t l\u01b0\u1ee3ng v\u00e0 an to\u00e0n cho t\u1eebng l\u00f4.<\/p>\n<h3>Gi\u1ea3i ph\u00e1p nh\u00e3n hi\u1ec7u ri\u00eang OEM cho b\u01a1 \u0111\u1eadu ph\u1ed9ng<\/h3>\n<p>L\u00e0 nh\u00e0 s\u1ea3n xu\u1ea5t OEM v\u00e0 nh\u00e0 cung c\u1ea5p nh\u00e3n hi\u1ec7u ri\u00eang \u0111\u00e1ng tin c\u1eady, ch\u00fang t\u00f4i cung c\u1ea5p c\u00e1c gi\u1ea3i ph\u00e1p t\u00f9y ch\u1ec9nh \u0111\u1ec3 ph\u00f9 h\u1ee3p v\u1edbi nhu c\u1ea7u c\u1ee7a th\u01b0\u01a1ng hi\u1ec7u b\u1ea1n. Cho d\u00f9 b\u1ea1n mu\u1ed1n cung c\u1ea5p nh\u00e3n hi\u1ec7u b\u01a1 \u0111\u1eadu ph\u1ed9ng d\u1ea1ng kem hay b\u01a1 \u0111\u1eadu ph\u1ed9ng m\u1ecbn c\u1ee7a ri\u00eang m\u00ecnh, ch\u00fang t\u00f4i \u0111\u1ec1u cung c\u1ea5p c\u00e1c t\u00f9y ch\u1ecdn linh ho\u1ea1t v\u1ec1 bao b\u00ec v\u00e0 k\u00edch th\u01b0\u1edbc s\u1ea3n ph\u1ea9m. \u0110\u1ed9i ng\u0169 c\u1ee7a ch\u00fang t\u00f4i \u0111\u1ea3m b\u1ea3o r\u1eb1ng s\u1ea3n ph\u1ea9m c\u1ee7a b\u1ea1n \u0111\u01b0\u1ee3c ch\u1ebf t\u00e1c c\u1ea9n th\u1eadn v\u00e0 theo c\u00e1c ti\u00eau chu\u1ea9n cao nh\u1ea5t c\u1ee7a ng\u00e0nh.<\/p>\n<h3>Nh\u00e0 xu\u1ea5t kh\u1ea9u v\u00e0 cung c\u1ea5p to\u00e0n c\u1ea7u<\/h3>\n<p>V\u1edbi s\u1ef1 hi\u1ec7n di\u1ec7n to\u00e0n c\u1ea7u, ch\u00fang t\u00f4i \u0111\u00f3ng vai tr\u00f2 l\u00e0 nh\u00e0 xu\u1ea5t kh\u1ea9u v\u00e0 cung c\u1ea5p b\u01a1 \u0111\u1eadu ph\u1ed9ng \u0111\u00e1ng tin c\u1eady, cung c\u1ea5p s\u1ea3n ph\u1ea9m c\u1ee7a ch\u00fang t\u00f4i cho c\u00e1c nh\u00e0 b\u00e1n l\u1ebb th\u1ef1c ph\u1ea9m l\u1edbn, c\u00e1c \u0111\u01a1n v\u1ecb nh\u01b0\u1ee3ng quy\u1ec1n v\u00e0 nh\u00e0 ph\u00e2n ph\u1ed1i tr\u00ean to\u00e0n th\u1ebf gi\u1edbi. M\u1ea1ng l\u01b0\u1edbi ph\u00e2n ph\u1ed1i r\u1ed9ng kh\u1eafp v\u00e0 h\u1eadu c\u1ea7n hi\u1ec7u qu\u1ea3 c\u1ee7a ch\u00fang t\u00f4i \u0111\u1ea3m b\u1ea3o giao h\u00e0ng \u0111\u00fang h\u1ea1n, b\u1ea5t k\u1ec3 doanh nghi\u1ec7p c\u1ee7a b\u1ea1n \u1edf \u0111\u00e2u.<\/p>\n<h3>T\u1ea1i sao ch\u1ecdn ch\u00fang t\u00f4i?<\/h3>\n<ul>\n<li><strong>N\u0103ng su\u1ea5t s\u1ea3n xu\u1ea5t cao<\/strong>: 30.000 t\u1ea5n m\u1ed7i n\u0103m<\/li>\n<li><strong>Ch\u1ee9ng nh\u1eadn to\u00e0n di\u1ec7n<\/strong>: HACCP, BRCGS, Halal, Kosher, EU Organic<\/li>\n<li><strong>Chuy\u00ean gia OEM &amp; Nh\u00e3n hi\u1ec7u ri\u00eang<\/strong>: Gi\u1ea3i ph\u00e1p ph\u00f9 h\u1ee3p cho th\u01b0\u01a1ng hi\u1ec7u c\u1ee7a b\u1ea1n<\/li>\n<li><strong>Nh\u00e0 cung c\u1ea5p &amp; xu\u1ea5t kh\u1ea9u to\u00e0n c\u1ea7u<\/strong>: Ph\u1ee5c v\u1ee5 kh\u00e1ch h\u00e0ng tr\u00ean to\u00e0n th\u1ebf gi\u1edbi v\u1edbi c\u00e1c s\u1ea3n ph\u1ea9m \u0111\u1eadu ph\u1ed9ng cao c\u1ea5p<\/li>\n<\/ul>\n<p>Ch\u00fang t\u00f4i cam k\u1ebft cung c\u1ea5p c\u00e1c s\u1ea3n ph\u1ea9m b\u01a1 \u0111\u1eadu ph\u1ed9ng t\u1ed1t nh\u1ea5t \u0111\u00e1p \u1ee9ng nhu c\u1ea7u ng\u00e0y c\u00e0ng thay \u0111\u1ed5i c\u1ee7a th\u1ecb tr\u01b0\u1eddng to\u00e0n c\u1ea7u. Cho d\u00f9 b\u1ea1n c\u1ea7n m\u1ed9t g\u00f3i b\u00e1n l\u1ebb nh\u1ecf hay s\u1ed1 l\u01b0\u1ee3ng l\u1edbn, ch\u00fang t\u00f4i \u0111\u1ec1u cung c\u1ea5p m\u1ed9t c\u00e1ch xu\u1ea5t s\u1eafc.<\/p>\n<a href=\"mailto:globepeanut@gmail.com\" class=\"button primary is-primary is-medium\"  >\n    <span>G\u1eedi Email Cho Ch\u00fang T\u00f4i<\/span>\n  <\/a>","protected":false},"excerpt":{"rendered":"<table style=\"height: 282px;\" width=\"564\">\n<tbody>\n<tr>\n<td width=\"113\"><strong>T\u00ean s\u1ea3n ph\u1ea9m<\/strong><\/td>\n<td width=\"402\">B\u01a1 \u0111\u1eadu ph\u1ed9ng kem | B\u01a1 \u0111\u1eadu ph\u1ed9ng m\u1ecbn<\/td>\n<\/tr>\n<tr>\n<td width=\"113\"><strong>Th\u00e0nh ph\u1ea7n<\/strong><\/td>\n<td width=\"402\">H\u1ea1t \u0111\u1eadu ph\u1ed9ng ch\u1ecdn l\u1ecdc, \u0110\u01b0\u1eddng tr\u1eafng, D\u1ea7u th\u1ef1c v\u1eadt hydro h\u00f3a, Mu\u1ed1i<\/td>\n<\/tr>\n<tr>\n<td width=\"113\"><strong>Th\u00f4ng s\u1ed1 k\u1ef9 thu\u1eadt<\/strong><\/td>\n<td width=\"402\">200gx36, 227gx24, 340gx12, 375gx12, 500gx12, 510gx12, 1kgx12, 10kgx1, 20kgx1, 220kgx1<\/td>\n<\/tr>\n<tr>\n<td width=\"113\"><strong>Bi\u1ec3u m\u1eabu \u0111\u00f3ng g\u00f3i<\/strong><\/td>\n<td width=\"402\">H\u0169, X\u00f4, G\u00f3i Doy, T\u00fai, Th\u00f9ng c\u00e1c t\u00f4ng, Thi\u1ebfc, Th\u00f9ng, Lon, Chai, v.v.<\/td>\n<\/tr>\n<tr>\n<td width=\"113\"><strong>Th\u1eddi gian giao h\u00e0ng<\/strong><\/td>\n<td width=\"402\">7~20 ng\u00e0y sau khi \u0111\u1eb7t h\u00e0ng<\/td>\n<\/tr>\n<tr>\n<td width=\"113\"><strong>S\u1ed1 l\u01b0\u1ee3ng \u0111\u1eb7t h\u00e0ng t\u1ed1i thi\u1ec3u<\/strong><\/td>\n<td width=\"402\">M\u1ed9t t\u1ea5n<\/td>\n<\/tr>\n<tr>\n<td width=\"113\"><strong>V\u1eadt m\u1eabu<\/strong><\/td>\n<td width=\"402\">M\u1eabu mi\u1ec5n ph\u00ed c\u00f3 s\u1eb5n<\/td>\n<\/tr>\n<tr>\n<td width=\"113\"><strong>OEM<\/strong><\/td>\n<td width=\"402\">Nh\u00e3n c\u1ee7a ng\u01b0\u1eddi mua \u0111\u01b0\u1ee3c ch\u1ea5p nh\u1eadn<\/td>\n<\/tr>\n<\/tbody>\n<\/table>\n<p>&nbsp;<\/p>","protected":false},"featured_media":1641,"comment_status":"open","ping_status":"closed","template":"","meta":[],"product_cat":[15],"product_tag":[],"class_list":{"0":"post-1397","1":"product","2":"type-product","3":"status-publish","4":"has-post-thumbnail","6":"product_cat-peanut-butter","8":"first","9":"instock","10":"featured","11":"shipping-taxable","12":"product-type-simple"},"yoast_head":"<!-- This site is optimized with the Yoast SEO plugin v24.9 - https:\/\/yoast.com\/wordpress\/plugins\/seo\/ -->\n<title>Creamy Peanut Butter Manufacturer- Smooth Peanut Butter OEM - Peanut Butter Factory<\/title>\n<meta name=\"description\" content=\"As a leading OEM private label manufacturer, we offer premium creamy and smooth peanut butter with flexible packaging, certified to global standards.\" \/>\n<meta name=\"robots\" content=\"index, follow, max-snippet:-1, max-image-preview:large, max-video-preview:-1\" \/>\n<link rel=\"canonical\" href=\"https:\/\/www.peanutoem.com\/vi\/manufacturer\/creamy-peanut-butter\/\" \/>\n<meta property=\"og:locale\" content=\"vi_VN\" \/>\n<meta property=\"og:type\" content=\"article\" \/>\n<meta property=\"og:title\" content=\"Creamy Peanut Butter Manufacturer- Smooth Peanut Butter OEM - Peanut Butter Factory\" \/>\n<meta property=\"og:description\" content=\"As a leading OEM private label manufacturer, we offer premium creamy and smooth peanut butter with flexible packaging, certified to global standards.\" \/>\n<meta property=\"og:url\" content=\"https:\/\/www.peanutoem.com\/vi\/manufacturer\/creamy-peanut-butter\/\" \/>\n<meta property=\"og:site_name\" content=\"Peanut Butter Factory\" \/>\n<meta property=\"article:modified_time\" content=\"2024-09-28T07:06:47+00:00\" \/>\n<meta property=\"og:image\" content=\"https:\/\/www.peanutoem.com\/wp-content\/uploads\/2023\/06\/Creamy-Peanut-Butter-in-jar.webp\" \/>\n\t<meta property=\"og:image:width\" content=\"1000\" \/>\n\t<meta property=\"og:image:height\" content=\"1000\" \/>\n\t<meta property=\"og:image:type\" content=\"image\/webp\" \/>\n<meta name=\"twitter:card\" content=\"summary_large_image\" \/>\n<meta name=\"twitter:label1\" content=\"\u01af\u1edbc t\u00ednh th\u1eddi gian \u0111\u1ecdc\" \/>\n\t<meta name=\"twitter:data1\" content=\"3 ph\u00fat\" \/>\n<script type=\"application\/ld+json\" class=\"yoast-schema-graph\">{\"@context\":\"https:\/\/schema.org\",\"@graph\":[{\"@type\":\"WebPage\",\"@id\":\"https:\/\/www.peanutoem.com\/manufacturer\/creamy-peanut-butter\/\",\"url\":\"https:\/\/www.peanutoem.com\/manufacturer\/creamy-peanut-butter\/\",\"name\":\"Creamy Peanut Butter Manufacturer- Smooth Peanut Butter OEM - Peanut Butter Factory\",\"isPartOf\":{\"@id\":\"https:\/\/www.peanutoem.com\/#website\"},\"primaryImageOfPage\":{\"@id\":\"https:\/\/www.peanutoem.com\/manufacturer\/creamy-peanut-butter\/#primaryimage\"},\"image\":{\"@id\":\"https:\/\/www.peanutoem.com\/manufacturer\/creamy-peanut-butter\/#primaryimage\"},\"thumbnailUrl\":\"https:\/\/www.peanutoem.com\/wp-content\/uploads\/2023\/06\/Creamy-Peanut-Butter-in-jar.webp\",\"datePublished\":\"2023-06-08T07:51:40+00:00\",\"dateModified\":\"2024-09-28T07:06:47+00:00\",\"description\":\"As a leading OEM private label manufacturer, we offer premium creamy and smooth peanut butter with flexible packaging, certified to global standards.\",\"breadcrumb\":{\"@id\":\"https:\/\/www.peanutoem.com\/manufacturer\/creamy-peanut-butter\/#breadcrumb\"},\"inLanguage\":\"vi\",\"potentialAction\":[{\"@type\":\"ReadAction\",\"target\":[\"https:\/\/www.peanutoem.com\/manufacturer\/creamy-peanut-butter\/\"]}]},{\"@type\":\"ImageObject\",\"inLanguage\":\"vi\",\"@id\":\"https:\/\/www.peanutoem.com\/manufacturer\/creamy-peanut-butter\/#primaryimage\",\"url\":\"https:\/\/www.peanutoem.com\/wp-content\/uploads\/2023\/06\/Creamy-Peanut-Butter-in-jar.webp\",\"contentUrl\":\"https:\/\/www.peanutoem.com\/wp-content\/uploads\/2023\/06\/Creamy-Peanut-Butter-in-jar.webp\",\"width\":1000,\"height\":1000,\"caption\":\"Creamy Peanut Butter in jar\"},{\"@type\":\"BreadcrumbList\",\"@id\":\"https:\/\/www.peanutoem.com\/manufacturer\/creamy-peanut-butter\/#breadcrumb\",\"itemListElement\":[{\"@type\":\"ListItem\",\"position\":1,\"name\":\"Home\",\"item\":\"https:\/\/www.peanutoem.com\/\"},{\"@type\":\"ListItem\",\"position\":2,\"name\":\"Products\",\"item\":\"https:\/\/www.peanutoem.com\/shop\/\"},{\"@type\":\"ListItem\",\"position\":3,\"name\":\"Creamy Peanut Butter | Smooth Peanut Butter\"}]},{\"@type\":\"WebSite\",\"@id\":\"https:\/\/www.peanutoem.com\/#website\",\"url\":\"https:\/\/www.peanutoem.com\/\",\"name\":\"Peanut Butter Factory\",\"description\":\"Peanut Butter Manufacturer and Roast Peanut OEM Factory | Peanut Private Label China Supplier\",\"publisher\":{\"@id\":\"https:\/\/www.peanutoem.com\/#organization\"},\"alternateName\":\"Peanut Butter OEM and Wholesale\",\"potentialAction\":[{\"@type\":\"SearchAction\",\"target\":{\"@type\":\"EntryPoint\",\"urlTemplate\":\"https:\/\/www.peanutoem.com\/?s={search_term_string}\"},\"query-input\":{\"@type\":\"PropertyValueSpecification\",\"valueRequired\":true,\"valueName\":\"search_term_string\"}}],\"inLanguage\":\"vi\"},{\"@type\":\"Organization\",\"@id\":\"https:\/\/www.peanutoem.com\/#organization\",\"name\":\"Peanut Butter Factory\",\"alternateName\":\"JuFeng Group\",\"url\":\"https:\/\/www.peanutoem.com\/\",\"logo\":{\"@type\":\"ImageObject\",\"inLanguage\":\"vi\",\"@id\":\"https:\/\/www.peanutoem.com\/#\/schema\/logo\/image\/\",\"url\":\"https:\/\/www.peanutoem.com\/wp-content\/uploads\/2024\/09\/JUFENG-LOGO.png\",\"contentUrl\":\"https:\/\/www.peanutoem.com\/wp-content\/uploads\/2024\/09\/JUFENG-LOGO.png\",\"width\":600,\"height\":170,\"caption\":\"Peanut Butter Factory\"},\"image\":{\"@id\":\"https:\/\/www.peanutoem.com\/#\/schema\/logo\/image\/\"}}]}<\/script>\n<!-- \/ Yoast SEO plugin. -->","yoast_head_json":{"title":"Creamy Peanut Butter Manufacturer- Smooth Peanut Butter OEM - Peanut Butter Factory","description":"As a leading OEM private label manufacturer, we offer premium creamy and smooth peanut butter with flexible packaging, certified to global standards.","robots":{"index":"index","follow":"follow","max-snippet":"max-snippet:-1","max-image-preview":"max-image-preview:large","max-video-preview":"max-video-preview:-1"},"canonical":"https:\/\/www.peanutoem.com\/vi\/manufacturer\/creamy-peanut-butter\/","og_locale":"vi_VN","og_type":"article","og_title":"Creamy Peanut Butter Manufacturer- Smooth Peanut Butter OEM - Peanut Butter Factory","og_description":"As a leading OEM private label manufacturer, we offer premium creamy and smooth peanut butter with flexible packaging, certified to global standards.","og_url":"https:\/\/www.peanutoem.com\/vi\/manufacturer\/creamy-peanut-butter\/","og_site_name":"Peanut Butter Factory","article_modified_time":"2024-09-28T07:06:47+00:00","og_image":[{"width":1000,"height":1000,"url":"https:\/\/www.peanutoem.com\/wp-content\/uploads\/2023\/06\/Creamy-Peanut-Butter-in-jar.webp","type":"image\/webp"}],"twitter_card":"summary_large_image","twitter_misc":{"\u01af\u1edbc t\u00ednh th\u1eddi gian \u0111\u1ecdc":"3 ph\u00fat"},"schema":{"@context":"https:\/\/schema.org","@graph":[{"@type":"WebPage","@id":"https:\/\/www.peanutoem.com\/manufacturer\/creamy-peanut-butter\/","url":"https:\/\/www.peanutoem.com\/manufacturer\/creamy-peanut-butter\/","name":"Creamy Peanut Butter Manufacturer- Smooth Peanut Butter OEM - Peanut Butter Factory","isPartOf":{"@id":"https:\/\/www.peanutoem.com\/#website"},"primaryImageOfPage":{"@id":"https:\/\/www.peanutoem.com\/manufacturer\/creamy-peanut-butter\/#primaryimage"},"image":{"@id":"https:\/\/www.peanutoem.com\/manufacturer\/creamy-peanut-butter\/#primaryimage"},"thumbnailUrl":"https:\/\/www.peanutoem.com\/wp-content\/uploads\/2023\/06\/Creamy-Peanut-Butter-in-jar.webp","datePublished":"2023-06-08T07:51:40+00:00","dateModified":"2024-09-28T07:06:47+00:00","description":"As a leading OEM private label manufacturer, we offer premium creamy and smooth peanut butter with flexible packaging, certified to global standards.","breadcrumb":{"@id":"https:\/\/www.peanutoem.com\/manufacturer\/creamy-peanut-butter\/#breadcrumb"},"inLanguage":"vi","potentialAction":[{"@type":"ReadAction","target":["https:\/\/www.peanutoem.com\/manufacturer\/creamy-peanut-butter\/"]}]},{"@type":"ImageObject","inLanguage":"vi","@id":"https:\/\/www.peanutoem.com\/manufacturer\/creamy-peanut-butter\/#primaryimage","url":"https:\/\/www.peanutoem.com\/wp-content\/uploads\/2023\/06\/Creamy-Peanut-Butter-in-jar.webp","contentUrl":"https:\/\/www.peanutoem.com\/wp-content\/uploads\/2023\/06\/Creamy-Peanut-Butter-in-jar.webp","width":1000,"height":1000,"caption":"Creamy Peanut Butter in jar"},{"@type":"BreadcrumbList","@id":"https:\/\/www.peanutoem.com\/manufacturer\/creamy-peanut-butter\/#breadcrumb","itemListElement":[{"@type":"ListItem","position":1,"name":"Home","item":"https:\/\/www.peanutoem.com\/"},{"@type":"ListItem","position":2,"name":"Products","item":"https:\/\/www.peanutoem.com\/shop\/"},{"@type":"ListItem","position":3,"name":"Creamy Peanut Butter | Smooth Peanut Butter"}]},{"@type":"WebSite","@id":"https:\/\/www.peanutoem.com\/#website","url":"https:\/\/www.peanutoem.com\/","name":"Peanut Butter Factory","description":"Peanut Butter Manufacturer and Roast Peanut OEM Factory | Peanut Private Label China Supplier","publisher":{"@id":"https:\/\/www.peanutoem.com\/#organization"},"alternateName":"Peanut Butter OEM and Wholesale","potentialAction":[{"@type":"SearchAction","target":{"@type":"EntryPoint","urlTemplate":"https:\/\/www.peanutoem.com\/?s={search_term_string}"},"query-input":{"@type":"PropertyValueSpecification","valueRequired":true,"valueName":"search_term_string"}}],"inLanguage":"vi"},{"@type":"Organization","@id":"https:\/\/www.peanutoem.com\/#organization","name":"Peanut Butter Factory","alternateName":"JuFeng Group","url":"https:\/\/www.peanutoem.com\/","logo":{"@type":"ImageObject","inLanguage":"vi","@id":"https:\/\/www.peanutoem.com\/#\/schema\/logo\/image\/","url":"https:\/\/www.peanutoem.com\/wp-content\/uploads\/2024\/09\/JUFENG-LOGO.png","contentUrl":"https:\/\/www.peanutoem.com\/wp-content\/uploads\/2024\/09\/JUFENG-LOGO.png","width":600,"height":170,"caption":"Peanut Butter Factory"},"image":{"@id":"https:\/\/www.peanutoem.com\/#\/schema\/logo\/image\/"}}]}},"_links":{"self":[{"href":"https:\/\/www.peanutoem.com\/vi\/wp-json\/wp\/v2\/product\/1397","targetHints":{"allow":["GET"]}}],"collection":[{"href":"https:\/\/www.peanutoem.com\/vi\/wp-json\/wp\/v2\/product"}],"about":[{"href":"https:\/\/www.peanutoem.com\/vi\/wp-json\/wp\/v2\/types\/product"}],"replies":[{"embeddable":true,"href":"https:\/\/www.peanutoem.com\/vi\/wp-json\/wp\/v2\/comments?post=1397"}],"wp:featuredmedia":[{"embeddable":true,"href":"https:\/\/www.peanutoem.com\/vi\/wp-json\/wp\/v2\/media\/1641"}],"wp:attachment":[{"href":"https:\/\/www.peanutoem.com\/vi\/wp-json\/wp\/v2\/media?parent=1397"}],"wp:term":[{"taxonomy":"product_cat","embeddable":true,"href":"https:\/\/www.peanutoem.com\/vi\/wp-json\/wp\/v2\/product_cat?post=1397"},{"taxonomy":"product_tag","embeddable":true,"href":"https:\/\/www.peanutoem.com\/vi\/wp-json\/wp\/v2\/product_tag?post=1397"}],"curies":[{"name":"wp","href":"https:\/\/api.w.org\/{rel}","templated":true}]}}