{"id":1402,"date":"2023-06-08T08:15:42","date_gmt":"2023-06-08T08:15:42","guid":{"rendered":"https:\/\/www.peanutoem.com\/?post_type=product&#038;p=1402"},"modified":"2024-09-28T06:53:33","modified_gmt":"2024-09-28T06:53:33","slug":"crunchy-peanut-butter","status":"publish","type":"product","link":"https:\/\/www.peanutoem.com\/vi\/manufacturer\/crunchy-peanut-butter\/","title":{"rendered":"B\u01a1 \u0111\u1eadu ph\u1ed9ng gi\u00f2n | B\u01a1 \u0111\u1eadu ph\u1ed9ng gi\u00f2n t\u00f9y ch\u1ec9nh"},"content":{"rendered":"<h3>Gi\u00f2n <a href=\"https:\/\/www.peanutoem.com\/vi\/Wholesale\/peanut-butter\/\" target=\"_blank\" rel=\"noopener\">B\u01a1 \u0111\u1eadu ph\u1ed9ng<\/a> \u2013 Nh\u00e0 s\u1ea3n xu\u1ea5t nh\u00e3n hi\u1ec7u ri\u00eang OEM cao c\u1ea5p<\/h3>\n<p>Ch\u00fang t\u00f4i t\u1ef1 h\u00e0o l\u00e0 nh\u00e0 s\u1ea3n xu\u1ea5t, xu\u1ea5t kh\u1ea9u v\u00e0 cung c\u1ea5p nh\u00e3n hi\u1ec7u ri\u00eang OEM h\u00e0ng \u0111\u1ea7u v\u1ec1 b\u01a1 \u0111\u1eadu ph\u1ed9ng gi\u00f2n ch\u1ea5t l\u01b0\u1ee3ng cao, c\u00f3 k\u1ebft c\u1ea5u th\u1ecfa m\u00e3n, ho\u00e0n h\u1ea3o cho c\u1ea3 m\u1ee5c \u0111\u00edch b\u00e1n l\u1ebb v\u00e0 c\u00f4ng nghi\u1ec7p. Kh\u1ea3 n\u0103ng s\u1ea3n xu\u1ea5t c\u1ee7a ch\u00fang t\u00f4i, k\u1ebft h\u1ee3p v\u1edbi c\u00e1c t\u00f9y ch\u1ecdn t\u00f9y ch\u1ec9nh, cho ph\u00e9p ch\u00fang t\u00f4i \u0111\u00e1p \u1ee9ng nhu c\u1ea7u ri\u00eang bi\u1ec7t c\u1ee7a c\u00e1c th\u01b0\u01a1ng hi\u1ec7u tr\u00ean to\u00e0n th\u1ebf gi\u1edbi.<\/p>\n<h3>S\u1ea3n xu\u1ea5t ti\u00ean ti\u1ebfn &amp; <a href=\"https:\/\/www.peanutoem.com\/vi\/certificate\/\" target=\"_blank\" rel=\"noopener\">Ch\u1ee9ng nh\u1eadn<\/a><\/h3>\n<p>C\u00e1c c\u01a1 s\u1edf hi\u1ec7n \u0111\u1ea1i c\u1ee7a ch\u00fang t\u00f4i \u0111\u01b0\u1ee3c trang b\u1ecb \u0111\u1ec3 x\u1eed l\u00fd s\u1ea3n xu\u1ea5t quy m\u00f4 l\u1edbn trong khi v\u1eabn duy tr\u00ec ki\u1ec3m so\u00e1t ch\u1ea5t l\u01b0\u1ee3ng nghi\u00eam ng\u1eb7t. V\u1edbi c\u00e1c ch\u1ee9ng nh\u1eadn nh\u01b0 HACCP, BRCGS, Halal, Kosher v\u00e0 EU Organic, ch\u00fang t\u00f4i \u0111\u1ea3m b\u1ea3o r\u1eb1ng b\u01a1 \u0111\u1eadu ph\u1ed9ng gi\u00f2n c\u1ee7a ch\u00fang t\u00f4i tu\u00e2n th\u1ee7 c\u00e1c ti\u00eau chu\u1ea9n to\u00e0n c\u1ea7u cao nh\u1ea5t. \u0110i\u1ec1u n\u00e0y khi\u1ebfn ch\u00fang t\u00f4i tr\u1edf th\u00e0nh \u0111\u1ed1i t\u00e1c \u0111\u01b0\u1ee3c \u01b0a chu\u1ed9ng cho c\u00e1c doanh nghi\u1ec7p \u0111ang t\u00ecm ki\u1ebfm c\u00e1c gi\u1ea3i ph\u00e1p OEM v\u00e0 nh\u00e3n hi\u1ec7u ri\u00eang \u0111\u00e1ng tin c\u1eady.<\/p>\n<h3>B\u01a1 \u0111\u1eadu ph\u1ed9ng gi\u00f2n l\u00e0 g\u00ec?<\/h3>\n<p>B\u01a1 \u0111\u1eadu ph\u1ed9ng gi\u00f2n ch\u1ee9a c\u00e1c h\u1ea1t \u0111\u1eadu ph\u1ed9ng nh\u1ecf, t\u1ea1o n\u00ean h\u01b0\u01a1ng v\u1ecb k\u1ebft c\u1ea5u v\u00e0 h\u01b0\u01a1ng v\u1ecb \u0111\u1eadu ph\u1ed9ng \u0111\u1eadm \u0111\u00e0. Lo\u1ea1i n\u00e0y ho\u00e0n h\u1ea3o cho nh\u1eefng ng\u01b0\u1eddi ti\u00eau d\u00f9ng th\u00edch tr\u1ea3i nghi\u1ec7m b\u01a1 \u0111\u1eadu ph\u1ed9ng \u0111\u1eadm \u0111\u00e0 h\u01a1n so v\u1edbi c\u00e1c lo\u1ea1i b\u01a1 m\u1ecbn ho\u1eb7c kem. B\u01a1 \u0111\u1eadu ph\u1ed9ng d\u1ea1ng h\u1ea1t c\u1ee7a ch\u00fang t\u00f4i \u0111\u01b0\u1ee3c ch\u1ebf bi\u1ebfn b\u1eb1ng c\u00e1ch s\u1eed d\u1ee5ng nh\u1eefng h\u1ea1t \u0111\u1eadu ph\u1ed9ng h\u1ea3o h\u1ea1ng nh\u1ea5t, \u0111\u1ea3m b\u1ea3o \u0111\u1ed9 \u0111\u1ed3ng nh\u1ea5t trong m\u1ed7i l\u1ecd.<\/p>\n<p>B\u01a1 \u0111\u1eadu ph\u1ed9ng gi\u00f2n c\u0169ng c\u00f3 th\u1ec3 \u0111\u01b0\u1ee3c g\u1ecdi b\u1eb1ng m\u1ed9t s\u1ed1 t\u00ean kh\u00e1c, t\u00f9y thu\u1ed9c v\u00e0o khu v\u1ef1c ho\u1eb7c s\u1edf th\u00edch ti\u1ebfp th\u1ecb. M\u1ed9t s\u1ed1 t\u00ean thay th\u1ebf bao g\u1ed3m:<\/p>\n<ol>\n<li><strong>B\u01a1 \u0111\u1eadu ph\u1ed9ng th\u00f4<\/strong> \u2013 \u0110\u00e2y l\u00e0 m\u1ed9t thu\u1eadt ng\u1eef ph\u1ed5 bi\u1ebfn, \u0111\u1eb7c bi\u1ec7t l\u00e0 \u1edf Hoa K\u1ef3, d\u00f9ng \u0111\u1ec3 ch\u1ec9 c\u00f9ng m\u1ed9t lo\u1ea1i c\u00f3 k\u1ebft c\u1ea5u.<\/li>\n<li><strong>B\u01a1 \u0111\u1eadu ph\u1ed9ng d\u1ea1ng h\u1ea1t<\/strong> \u2013 M\u00f4 t\u1ea3 k\u1ebft c\u1ea5u d\u1ea1ng h\u1ea1t, th\u01b0\u1eddng \u0111\u01b0\u1ee3c s\u1eed d\u1ee5ng trong b\u1ed1i c\u1ea3nh k\u1ef9 thu\u1eadt ho\u1eb7c c\u00f4ng nghi\u1ec7p.<\/li>\n<li><strong>B\u01a1 \u0111\u1eadu ph\u1ed9ng c\u00f3 k\u1ebft c\u1ea5u<\/strong> \u2013 L\u00e0m n\u1ed5i b\u1eadt k\u1ebft c\u1ea5u c\u1ee7a mi\u1ebfng \u0111\u1eadu ph\u1ed9ng.<\/li>\n<li><strong>B\u01a1 \u0111\u1eadu ph\u1ed9ng<\/strong> \u2013 \u0110\u00f4i khi d\u00f9ng \u0111\u1ec3 nh\u1ea5n m\u1ea1nh nh\u1eefng mi\u1ebfng \u0111\u1eadu ph\u1ed9ng trong m\u00f3n \u0103n.<\/li>\n<\/ol>\n<p>Nh\u1eefng c\u00e1i t\u00ean n\u00e0y th\u01b0\u1eddng c\u00f3 th\u1ec3 thay th\u1ebf cho nhau v\u00e0 truy\u1ec1n t\u1ea3i \u00fd t\u01b0\u1edfng r\u1eb1ng b\u01a1 \u0111\u1eadu ph\u1ed9ng c\u00f3 ch\u1ee9a nh\u1eefng mi\u1ebfng ho\u1eb7c h\u1ea1t \u0111\u1eadu ph\u1ed9ng nh\u1ecf.<\/p>\n<h3>Gi\u1ea3i ph\u00e1p nh\u00e3n hi\u1ec7u ri\u00eang t\u00f9y ch\u1ec9nh cho b\u01a1 \u0111\u1eadu ph\u1ed9ng gi\u00f2n<\/h3>\n<p>L\u00e0 m\u1ed9t nh\u00e0 s\u1ea3n xu\u1ea5t OEM n\u1ed5i ti\u1ebfng, ch\u00fang t\u00f4i cung c\u1ea5p d\u1ecbch v\u1ee5 nh\u00e3n hi\u1ec7u ri\u00eang \u0111\u01b0\u1ee3c thi\u1ebft k\u1ebf ri\u00eang cho b\u01a1 \u0111\u1eadu ph\u1ed9ng gi\u00f2n. Cho d\u00f9 b\u1ea1n c\u1ea7n bao b\u00ec \u0111\u1ed9c \u0111\u00e1o hay k\u00edch th\u01b0\u1edbc c\u1ee5 th\u1ec3, ch\u00fang t\u00f4i \u0111\u1ec1u cung c\u1ea5p c\u00e1c t\u00f9y ch\u1ecdn linh ho\u1ea1t \u0111\u1ec3 ph\u00f9 h\u1ee3p v\u1edbi nhu c\u1ea7u c\u1ee7a th\u01b0\u01a1ng hi\u1ec7u b\u1ea1n. Nh\u00f3m c\u1ee7a ch\u00fang t\u00f4i l\u00e0m vi\u1ec7c ch\u1eb7t ch\u1ebd v\u1edbi b\u1ea1n \u0111\u1ec3 ph\u00e1t tri\u1ec3n m\u1ed9t s\u1ea3n ph\u1ea9m ph\u00f9 h\u1ee3p v\u1edbi b\u1ea3n s\u1eafc th\u01b0\u01a1ng hi\u1ec7u v\u00e0 y\u00eau c\u1ea7u th\u1ecb tr\u01b0\u1eddng c\u1ee7a b\u1ea1n.<\/p>\n<h3>Nh\u00e0 xu\u1ea5t kh\u1ea9u v\u00e0 cung c\u1ea5p b\u01a1 \u0111\u1eadu ph\u1ed9ng d\u1ea1ng h\u1ea1t to\u00e0n c\u1ea7u<\/h3>\n<p>V\u1edbi m\u1ea1ng l\u01b0\u1edbi xu\u1ea5t kh\u1ea9u r\u1ed9ng kh\u1eafp, ch\u00fang t\u00f4i ph\u1ee5c v\u1ee5 kh\u00e1ch h\u00e0ng tr\u00ean to\u00e0n c\u1ea7u, khi\u1ebfn ch\u00fang t\u00f4i tr\u1edf th\u00e0nh nh\u00e0 xu\u1ea5t kh\u1ea9u v\u00e0 cung c\u1ea5p b\u01a1 \u0111\u1eadu ph\u1ed9ng d\u1ea1ng h\u1ea1t \u0111\u00e1ng tin c\u1eady. D\u1ecbch v\u1ee5 h\u1eadu c\u1ea7n hi\u1ec7u qu\u1ea3 c\u1ee7a ch\u00fang t\u00f4i \u0111\u1ea3m b\u1ea3o giao h\u00e0ng \u0111\u00fang h\u1ea1n, cho d\u00f9 b\u1ea1n c\u1ea7n \u0111\u01a1n h\u00e0ng nh\u1ecf hay s\u1ed1 l\u01b0\u1ee3ng l\u1edbn. Ch\u00fang t\u00f4i hi\u1ec3u t\u1ea7m quan tr\u1ecdng c\u1ee7a t\u00ednh nh\u1ea5t qu\u00e1n v\u00e0 \u0111\u1ed9 tin c\u1eady tr\u00ean th\u1ecb tr\u01b0\u1eddng qu\u1ed1c t\u1ebf.<\/p>\n<h3>T\u1ea1i sao ch\u1ecdn ch\u00fang t\u00f4i?<\/h3>\n<ul>\n<li><strong>N\u0103ng l\u1ef1c s\u1ea3n xu\u1ea5t m\u1edf r\u1ed9ng<\/strong>: S\u1ea3n xu\u1ea5t quy m\u00f4 l\u1edbn theo y\u00eau c\u1ea7u c\u1ee7a th\u01b0\u01a1ng hi\u1ec7u b\u1ea1n<\/li>\n<li><strong>To\u00e0n c\u1ea7u <a href=\"https:\/\/www.peanutoem.com\/vi\/certificate\/\" target=\"_blank\" rel=\"noopener\">Ch\u1ee9ng nh\u1eadn<\/a><\/strong>: Bao g\u1ed3m HACCP, BRCGS, Halal, Kosher v\u00e0 nhi\u1ec1u h\u01a1n n\u1eefa<\/li>\n<li><strong>T\u00f9y ch\u1ecdn OEM &amp; Nh\u00e3n hi\u1ec7u ri\u00eang linh ho\u1ea1t<\/strong>: C\u00f3 th\u1ec3 t\u00f9y ch\u1ec9nh theo y\u00eau c\u1ea7u c\u1ee7a b\u1ea1n<\/li>\n<li><strong>Nh\u00e0 xu\u1ea5t kh\u1ea9u &amp; nh\u00e0 cung c\u1ea5p \u0111\u00e1ng tin c\u1eady<\/strong>: Ph\u1ee5c v\u1ee5 th\u1ecb tr\u01b0\u1eddng tr\u00ean to\u00e0n th\u1ebf gi\u1edbi v\u1edbi ch\u1ea5t l\u01b0\u1ee3ng \u0111\u1ed3ng nh\u1ea5t<\/li>\n<\/ul>\n<p>Ch\u00fang t\u00f4i s\u1eb5n s\u00e0ng cung c\u1ea5p b\u01a1 \u0111\u1eadu ph\u1ed9ng gi\u00f2n t\u1ed1t nh\u1ea5t th\u00f4ng qua c\u00e1c gi\u1ea3i ph\u00e1p OEM linh ho\u1ea1t v\u00e0 nh\u00e3n hi\u1ec7u ri\u00eang c\u1ee7a ch\u00fang t\u00f4i. H\u00e3y \u0111\u1ec3 ch\u00fang t\u00f4i gi\u00fap b\u1ea1n mang b\u01a1 \u0111\u1eadu ph\u1ed9ng d\u1ea1ng h\u1ea1t cao c\u1ea5p \u0111\u1ebfn v\u1edbi kh\u00e1ch h\u00e0ng c\u1ee7a b\u1ea1n, t\u1eadp trung v\u00e0o ch\u1ea5t l\u01b0\u1ee3ng v\u00e0 t\u00f9y ch\u1ec9nh.<\/p>\n<a href=\"mailto:globepeanut@gmail.com\" class=\"button primary is-primary is-medium\"  >\n    <span>G\u1eedi Email Cho Ch\u00fang T\u00f4i<\/span>\n  <\/a>","protected":false},"excerpt":{"rendered":"<table width=\"564\">\n<tbody>\n<tr>\n<td width=\"113\"><strong>T\u00ean s\u1ea3n ph\u1ea9m<\/strong><\/td>\n<td width=\"402\">B\u01a1 \u0111\u1eadu ph\u1ed9ng gi\u00f2n<\/td>\n<\/tr>\n<tr>\n<td width=\"113\"><strong>Th\u00e0nh ph\u1ea7n<\/strong><\/td>\n<td width=\"402\">H\u1ea1t \u0111\u1eadu ph\u1ed9ng ch\u1ecdn l\u1ecdc, \u0110\u01b0\u1eddng tr\u1eafng, D\u1ea7u th\u1ef1c v\u1eadt hydro h\u00f3a, Mu\u1ed1i<\/td>\n<\/tr>\n<tr>\n<td width=\"113\"><strong>Th\u00f4ng s\u1ed1 k\u1ef9 thu\u1eadt<\/strong><\/td>\n<td width=\"402\">200gx36, 227gx24, 340gx12, 375gx12, 500gx12, 510gx12, 1kgx12, 10kgx1, 20kgx1, 220kgx1<\/td>\n<\/tr>\n<tr>\n<td width=\"113\"><strong>Bi\u1ec3u m\u1eabu \u0111\u00f3ng g\u00f3i<\/strong><\/td>\n<td width=\"402\">H\u0169, X\u00f4, G\u00f3i Doy, T\u00fai, Th\u00f9ng c\u00e1c t\u00f4ng, Thi\u1ebfc, Th\u00f9ng, Lon, Chai, v.v.<\/td>\n<\/tr>\n<tr>\n<td width=\"113\"><strong>Th\u1eddi gian giao h\u00e0ng<\/strong><\/td>\n<td width=\"402\">7~20 ng\u00e0y sau khi \u0111\u1eb7t h\u00e0ng<\/td>\n<\/tr>\n<tr>\n<td width=\"113\"><strong>S\u1ed1 l\u01b0\u1ee3ng \u0111\u1eb7t h\u00e0ng t\u1ed1i thi\u1ec3u<\/strong><\/td>\n<td width=\"402\">M\u1ed9t t\u1ea5n<\/td>\n<\/tr>\n<tr>\n<td width=\"113\"><strong>V\u1eadt m\u1eabu<\/strong><\/td>\n<td width=\"402\">M\u1eabu mi\u1ec5n ph\u00ed c\u00f3 s\u1eb5n<\/td>\n<\/tr>\n<tr>\n<td width=\"113\"><strong>OEM<\/strong><\/td>\n<td width=\"402\">Nh\u00e3n c\u1ee7a ng\u01b0\u1eddi mua \u0111\u01b0\u1ee3c ch\u1ea5p nh\u1eadn<\/td>\n<\/tr>\n<\/tbody>\n<\/table>","protected":false},"featured_media":1652,"comment_status":"open","ping_status":"closed","template":"","meta":[],"product_cat":[15],"product_tag":[],"class_list":{"0":"post-1402","1":"product","2":"type-product","3":"status-publish","4":"has-post-thumbnail","6":"product_cat-peanut-butter","8":"first","9":"instock","10":"featured","11":"shipping-taxable","12":"product-type-simple"},"yoast_head":"<!-- This site is optimized with the Yoast SEO plugin v24.9 - https:\/\/yoast.com\/wordpress\/plugins\/seo\/ -->\n<title>Crunchy Peanut Butter | Custom Crunchy Peanut Butter OEM - Peanut Butter Factory<\/title>\n<meta name=\"description\" content=\"As a leading private label manufacturer, Our crunchy peanut butter is made with delightful granule texture and customizable packaging.\" \/>\n<meta name=\"robots\" content=\"index, follow, max-snippet:-1, max-image-preview:large, max-video-preview:-1\" \/>\n<link rel=\"canonical\" href=\"https:\/\/www.peanutoem.com\/vi\/manufacturer\/crunchy-peanut-butter\/\" \/>\n<meta property=\"og:locale\" content=\"vi_VN\" \/>\n<meta property=\"og:type\" content=\"article\" \/>\n<meta property=\"og:title\" content=\"Crunchy Peanut Butter | Custom Crunchy Peanut Butter OEM - Peanut Butter Factory\" \/>\n<meta property=\"og:description\" content=\"As a leading private label manufacturer, Our crunchy peanut butter is made with delightful granule texture and customizable packaging.\" \/>\n<meta property=\"og:url\" content=\"https:\/\/www.peanutoem.com\/vi\/manufacturer\/crunchy-peanut-butter\/\" \/>\n<meta property=\"og:site_name\" content=\"Peanut Butter Factory\" \/>\n<meta property=\"article:modified_time\" content=\"2024-09-28T06:53:33+00:00\" \/>\n<meta property=\"og:image\" content=\"https:\/\/www.peanutoem.com\/wp-content\/uploads\/2023\/06\/Crunchy-Type-Peanut-Butter-340g.webp\" \/>\n\t<meta property=\"og:image:width\" content=\"1000\" \/>\n\t<meta property=\"og:image:height\" content=\"1000\" \/>\n\t<meta property=\"og:image:type\" content=\"image\/webp\" \/>\n<meta name=\"twitter:card\" content=\"summary_large_image\" \/>\n<meta name=\"twitter:label1\" content=\"\u01af\u1edbc t\u00ednh th\u1eddi gian \u0111\u1ecdc\" \/>\n\t<meta name=\"twitter:data1\" content=\"3 ph\u00fat\" \/>\n<script type=\"application\/ld+json\" class=\"yoast-schema-graph\">{\"@context\":\"https:\/\/schema.org\",\"@graph\":[{\"@type\":\"WebPage\",\"@id\":\"https:\/\/www.peanutoem.com\/manufacturer\/crunchy-peanut-butter\/\",\"url\":\"https:\/\/www.peanutoem.com\/manufacturer\/crunchy-peanut-butter\/\",\"name\":\"Crunchy Peanut Butter | Custom Crunchy Peanut Butter OEM - Peanut Butter Factory\",\"isPartOf\":{\"@id\":\"https:\/\/www.peanutoem.com\/#website\"},\"primaryImageOfPage\":{\"@id\":\"https:\/\/www.peanutoem.com\/manufacturer\/crunchy-peanut-butter\/#primaryimage\"},\"image\":{\"@id\":\"https:\/\/www.peanutoem.com\/manufacturer\/crunchy-peanut-butter\/#primaryimage\"},\"thumbnailUrl\":\"https:\/\/www.peanutoem.com\/wp-content\/uploads\/2023\/06\/Crunchy-Type-Peanut-Butter-340g.webp\",\"datePublished\":\"2023-06-08T08:15:42+00:00\",\"dateModified\":\"2024-09-28T06:53:33+00:00\",\"description\":\"As a leading private label manufacturer, Our crunchy peanut butter is made with delightful granule texture and customizable packaging.\",\"breadcrumb\":{\"@id\":\"https:\/\/www.peanutoem.com\/manufacturer\/crunchy-peanut-butter\/#breadcrumb\"},\"inLanguage\":\"vi\",\"potentialAction\":[{\"@type\":\"ReadAction\",\"target\":[\"https:\/\/www.peanutoem.com\/manufacturer\/crunchy-peanut-butter\/\"]}]},{\"@type\":\"ImageObject\",\"inLanguage\":\"vi\",\"@id\":\"https:\/\/www.peanutoem.com\/manufacturer\/crunchy-peanut-butter\/#primaryimage\",\"url\":\"https:\/\/www.peanutoem.com\/wp-content\/uploads\/2023\/06\/Crunchy-Type-Peanut-Butter-340g.webp\",\"contentUrl\":\"https:\/\/www.peanutoem.com\/wp-content\/uploads\/2023\/06\/Crunchy-Type-Peanut-Butter-340g.webp\",\"width\":1000,\"height\":1000,\"caption\":\"Crunchy Type Peanut Butter 340g\"},{\"@type\":\"BreadcrumbList\",\"@id\":\"https:\/\/www.peanutoem.com\/manufacturer\/crunchy-peanut-butter\/#breadcrumb\",\"itemListElement\":[{\"@type\":\"ListItem\",\"position\":1,\"name\":\"Home\",\"item\":\"https:\/\/www.peanutoem.com\/\"},{\"@type\":\"ListItem\",\"position\":2,\"name\":\"Products\",\"item\":\"https:\/\/www.peanutoem.com\/shop\/\"},{\"@type\":\"ListItem\",\"position\":3,\"name\":\"Crunchy Peanut Butter | Custom Crunchy Peanut Butter\"}]},{\"@type\":\"WebSite\",\"@id\":\"https:\/\/www.peanutoem.com\/#website\",\"url\":\"https:\/\/www.peanutoem.com\/\",\"name\":\"Peanut Butter Factory\",\"description\":\"Peanut Butter Manufacturer and Roast Peanut OEM Factory | Peanut Private Label China Supplier\",\"publisher\":{\"@id\":\"https:\/\/www.peanutoem.com\/#organization\"},\"alternateName\":\"Peanut Butter OEM and Wholesale\",\"potentialAction\":[{\"@type\":\"SearchAction\",\"target\":{\"@type\":\"EntryPoint\",\"urlTemplate\":\"https:\/\/www.peanutoem.com\/?s={search_term_string}\"},\"query-input\":{\"@type\":\"PropertyValueSpecification\",\"valueRequired\":true,\"valueName\":\"search_term_string\"}}],\"inLanguage\":\"vi\"},{\"@type\":\"Organization\",\"@id\":\"https:\/\/www.peanutoem.com\/#organization\",\"name\":\"Peanut Butter Factory\",\"alternateName\":\"JuFeng Group\",\"url\":\"https:\/\/www.peanutoem.com\/\",\"logo\":{\"@type\":\"ImageObject\",\"inLanguage\":\"vi\",\"@id\":\"https:\/\/www.peanutoem.com\/#\/schema\/logo\/image\/\",\"url\":\"https:\/\/www.peanutoem.com\/wp-content\/uploads\/2024\/09\/JUFENG-LOGO.png\",\"contentUrl\":\"https:\/\/www.peanutoem.com\/wp-content\/uploads\/2024\/09\/JUFENG-LOGO.png\",\"width\":600,\"height\":170,\"caption\":\"Peanut Butter Factory\"},\"image\":{\"@id\":\"https:\/\/www.peanutoem.com\/#\/schema\/logo\/image\/\"}}]}<\/script>\n<!-- \/ Yoast SEO plugin. -->","yoast_head_json":{"title":"Crunchy Peanut Butter | Custom Crunchy Peanut Butter OEM - Peanut Butter Factory","description":"As a leading private label manufacturer, Our crunchy peanut butter is made with delightful granule texture and customizable packaging.","robots":{"index":"index","follow":"follow","max-snippet":"max-snippet:-1","max-image-preview":"max-image-preview:large","max-video-preview":"max-video-preview:-1"},"canonical":"https:\/\/www.peanutoem.com\/vi\/manufacturer\/crunchy-peanut-butter\/","og_locale":"vi_VN","og_type":"article","og_title":"Crunchy Peanut Butter | Custom Crunchy Peanut Butter OEM - Peanut Butter Factory","og_description":"As a leading private label manufacturer, Our crunchy peanut butter is made with delightful granule texture and customizable packaging.","og_url":"https:\/\/www.peanutoem.com\/vi\/manufacturer\/crunchy-peanut-butter\/","og_site_name":"Peanut Butter Factory","article_modified_time":"2024-09-28T06:53:33+00:00","og_image":[{"width":1000,"height":1000,"url":"https:\/\/www.peanutoem.com\/wp-content\/uploads\/2023\/06\/Crunchy-Type-Peanut-Butter-340g.webp","type":"image\/webp"}],"twitter_card":"summary_large_image","twitter_misc":{"\u01af\u1edbc t\u00ednh th\u1eddi gian \u0111\u1ecdc":"3 ph\u00fat"},"schema":{"@context":"https:\/\/schema.org","@graph":[{"@type":"WebPage","@id":"https:\/\/www.peanutoem.com\/manufacturer\/crunchy-peanut-butter\/","url":"https:\/\/www.peanutoem.com\/manufacturer\/crunchy-peanut-butter\/","name":"Crunchy Peanut Butter | Custom Crunchy Peanut Butter OEM - Peanut Butter Factory","isPartOf":{"@id":"https:\/\/www.peanutoem.com\/#website"},"primaryImageOfPage":{"@id":"https:\/\/www.peanutoem.com\/manufacturer\/crunchy-peanut-butter\/#primaryimage"},"image":{"@id":"https:\/\/www.peanutoem.com\/manufacturer\/crunchy-peanut-butter\/#primaryimage"},"thumbnailUrl":"https:\/\/www.peanutoem.com\/wp-content\/uploads\/2023\/06\/Crunchy-Type-Peanut-Butter-340g.webp","datePublished":"2023-06-08T08:15:42+00:00","dateModified":"2024-09-28T06:53:33+00:00","description":"As a leading private label manufacturer, Our crunchy peanut butter is made with delightful granule texture and customizable packaging.","breadcrumb":{"@id":"https:\/\/www.peanutoem.com\/manufacturer\/crunchy-peanut-butter\/#breadcrumb"},"inLanguage":"vi","potentialAction":[{"@type":"ReadAction","target":["https:\/\/www.peanutoem.com\/manufacturer\/crunchy-peanut-butter\/"]}]},{"@type":"ImageObject","inLanguage":"vi","@id":"https:\/\/www.peanutoem.com\/manufacturer\/crunchy-peanut-butter\/#primaryimage","url":"https:\/\/www.peanutoem.com\/wp-content\/uploads\/2023\/06\/Crunchy-Type-Peanut-Butter-340g.webp","contentUrl":"https:\/\/www.peanutoem.com\/wp-content\/uploads\/2023\/06\/Crunchy-Type-Peanut-Butter-340g.webp","width":1000,"height":1000,"caption":"Crunchy Type Peanut Butter 340g"},{"@type":"BreadcrumbList","@id":"https:\/\/www.peanutoem.com\/manufacturer\/crunchy-peanut-butter\/#breadcrumb","itemListElement":[{"@type":"ListItem","position":1,"name":"Home","item":"https:\/\/www.peanutoem.com\/"},{"@type":"ListItem","position":2,"name":"Products","item":"https:\/\/www.peanutoem.com\/shop\/"},{"@type":"ListItem","position":3,"name":"Crunchy Peanut Butter | Custom Crunchy Peanut Butter"}]},{"@type":"WebSite","@id":"https:\/\/www.peanutoem.com\/#website","url":"https:\/\/www.peanutoem.com\/","name":"Peanut Butter Factory","description":"Peanut Butter Manufacturer and Roast Peanut OEM Factory | Peanut Private Label China Supplier","publisher":{"@id":"https:\/\/www.peanutoem.com\/#organization"},"alternateName":"Peanut Butter OEM and Wholesale","potentialAction":[{"@type":"SearchAction","target":{"@type":"EntryPoint","urlTemplate":"https:\/\/www.peanutoem.com\/?s={search_term_string}"},"query-input":{"@type":"PropertyValueSpecification","valueRequired":true,"valueName":"search_term_string"}}],"inLanguage":"vi"},{"@type":"Organization","@id":"https:\/\/www.peanutoem.com\/#organization","name":"Peanut Butter Factory","alternateName":"JuFeng Group","url":"https:\/\/www.peanutoem.com\/","logo":{"@type":"ImageObject","inLanguage":"vi","@id":"https:\/\/www.peanutoem.com\/#\/schema\/logo\/image\/","url":"https:\/\/www.peanutoem.com\/wp-content\/uploads\/2024\/09\/JUFENG-LOGO.png","contentUrl":"https:\/\/www.peanutoem.com\/wp-content\/uploads\/2024\/09\/JUFENG-LOGO.png","width":600,"height":170,"caption":"Peanut Butter Factory"},"image":{"@id":"https:\/\/www.peanutoem.com\/#\/schema\/logo\/image\/"}}]}},"_links":{"self":[{"href":"https:\/\/www.peanutoem.com\/vi\/wp-json\/wp\/v2\/product\/1402","targetHints":{"allow":["GET"]}}],"collection":[{"href":"https:\/\/www.peanutoem.com\/vi\/wp-json\/wp\/v2\/product"}],"about":[{"href":"https:\/\/www.peanutoem.com\/vi\/wp-json\/wp\/v2\/types\/product"}],"replies":[{"embeddable":true,"href":"https:\/\/www.peanutoem.com\/vi\/wp-json\/wp\/v2\/comments?post=1402"}],"wp:featuredmedia":[{"embeddable":true,"href":"https:\/\/www.peanutoem.com\/vi\/wp-json\/wp\/v2\/media\/1652"}],"wp:attachment":[{"href":"https:\/\/www.peanutoem.com\/vi\/wp-json\/wp\/v2\/media?parent=1402"}],"wp:term":[{"taxonomy":"product_cat","embeddable":true,"href":"https:\/\/www.peanutoem.com\/vi\/wp-json\/wp\/v2\/product_cat?post=1402"},{"taxonomy":"product_tag","embeddable":true,"href":"https:\/\/www.peanutoem.com\/vi\/wp-json\/wp\/v2\/product_tag?post=1402"}],"curies":[{"name":"wp","href":"https:\/\/api.w.org\/{rel}","templated":true}]}}