{"id":1543,"date":"2024-09-02T13:37:15","date_gmt":"2024-09-02T13:37:15","guid":{"rendered":"https:\/\/www.peanutoem.com\/?post_type=product&#038;p=1543"},"modified":"2024-09-28T06:03:37","modified_gmt":"2024-09-28T06:03:37","slug":"pure-peanut-butter","status":"publish","type":"product","link":"https:\/\/www.peanutoem.com\/vi\/manufacturer\/pure-peanut-butter\/","title":{"rendered":"B\u01a1 \u0111\u1eadu ph\u1ed9ng nguy\u00ean ch\u1ea5t"},"content":{"rendered":"<h3>B\u01a1 \u0111\u1eadu ph\u1ed9ng nguy\u00ean ch\u1ea5t \u2013 Nh\u00e0 cung c\u1ea5p OEM h\u00e0ng \u0111\u1ea7u &amp; Nh\u00e0 s\u1ea3n xu\u1ea5t nh\u00e3n hi\u1ec7u ri\u00eang<\/h3>\n<p>Ch\u00fang t\u00f4i chuy\u00ean s\u1ea3n xu\u1ea5t v\u00e0 cung c\u1ea5p b\u01a1 \u0111\u1eadu ph\u1ed9ng nguy\u00ean ch\u1ea5t v\u1edbi t\u01b0 c\u00e1ch l\u00e0 nh\u00e0 cung c\u1ea5p OEM \u0111\u00e1ng tin c\u1eady, nh\u00e0 s\u1ea3n xu\u1ea5t nh\u00e3n hi\u1ec7u ri\u00eang v\u00e0 nh\u00e0 xu\u1ea5t kh\u1ea9u. S\u1ea3n ph\u1ea9m c\u1ee7a ch\u00fang t\u00f4i \u0111\u01b0\u1ee3c l\u00e0m t\u1eeb \u0111\u1eadu ph\u1ed9ng 100%, mang \u0111\u1ebfn ch\u1ea5t l\u01b0\u1ee3ng v\u00e0 t\u00ednh x\u00e1c th\u1ef1c v\u00f4 song cho th\u01b0\u01a1ng hi\u1ec7u c\u1ee7a b\u1ea1n. V\u1edbi kh\u1ea3 n\u0103ng s\u1ea3n xu\u1ea5t ti\u00ean ti\u1ebfn v\u00e0 ch\u1ee9ng nh\u1eadn to\u00e0n c\u1ea7u, ch\u00fang t\u00f4i \u0111i\u1ec1u ch\u1ec9nh c\u00e1c gi\u1ea3i ph\u00e1p b\u01a1 \u0111\u1eadu ph\u1ed9ng c\u1ee7a m\u00ecnh theo y\u00eau c\u1ea7u c\u1ee5 th\u1ec3 c\u1ee7a b\u1ea1n.<\/p>\n<h3>B\u01a1 \u0111\u1eadu ph\u1ed9ng nguy\u00ean ch\u1ea5t l\u00e0 g\u00ec?<\/h3>\n<p><strong>Nguy\u00ean ch\u1ea5t <a href=\"https:\/\/www.peanutoem.com\/vi\/Wholesale\/peanut-butter\/\" target=\"_blank\" rel=\"noopener\">b\u01a1 \u0111\u1eadu ph\u1ed9ng<\/a><\/strong> \u0111\u01b0\u1ee3c l\u00e0m t\u1eeb 100% <a href=\"https:\/\/en.wikipedia.org\/wiki\/Peanut\" target=\"_blank\" rel=\"noopener\">\u0111\u1eadu ph\u1ed9ng<\/a>, kh\u00f4ng th\u00eam \u0111\u01b0\u1eddng, d\u1ea7u ho\u1eb7c ch\u1ea5t b\u1ea3o qu\u1ea3n. N\u00f3 mang \u0111\u1ebfn h\u01b0\u01a1ng v\u1ecb t\u1ef1 nhi\u00ean, ch\u01b0a qua ch\u1ebf bi\u1ebfn h\u1ea5p d\u1eabn ng\u01b0\u1eddi ti\u00eau d\u00f9ng quan t\u00e2m \u0111\u1ebfn s\u1ee9c kh\u1ecfe. Lo\u1ea1i b\u01a1 \u0111\u1eadu ph\u1ed9ng n\u00e0y gi\u1eef nguy\u00ean h\u01b0\u01a1ng v\u1ecb \u0111\u1eadm \u0111\u00e0 v\u00e0 d\u1ea7u t\u1ef1 nhi\u00ean t\u1eeb \u0111\u1eadu ph\u1ed9ng, khi\u1ebfn n\u00f3 tr\u1edf th\u00e0nh l\u1ef1a ch\u1ecdn ph\u1ed5 bi\u1ebfn cho nh\u1eefng ng\u01b0\u1eddi t\u00ecm ki\u1ebfm s\u1ea3n ph\u1ea9m nh\u00e3n s\u1ea1ch.<\/p>\n<h3>T\u00ean g\u1ecdi kh\u00e1c c\u1ee7a b\u01a1 \u0111\u1eadu ph\u1ed9ng nguy\u00ean ch\u1ea5t l\u00e0 g\u00ec?<\/h3>\n<p>N\u00f3 c\u0169ng \u0111\u01b0\u1ee3c bi\u1ebft \u0111\u1ebfn v\u1edbi nhi\u1ec1u t\u00ean g\u1ecdi kh\u00e1c nhau \u1edf c\u00e1c v\u00f9ng mi\u1ec1n v\u00e0 ng\u00e0nh c\u00f4ng nghi\u1ec7p. M\u1ed9t s\u1ed1 t\u00ean g\u1ecdi thay th\u1ebf ph\u1ed5 bi\u1ebfn nh\u1ea5t bao g\u1ed3m:<\/p>\n<ul>\n<li><strong>B\u01a1 \u0111\u1eadu ph\u1ed9ng t\u1ef1 nhi\u00ean<\/strong><\/li>\n<li><strong>B\u01a1 \u0111\u1eadu ph\u1ed9ng kh\u00f4ng \u0111\u01b0\u1eddng<\/strong><\/li>\n<li><strong>B\u01a1 \u0111\u1eadu ph\u1ed9ng kh\u00f4ng ph\u1ee5 gia<\/strong><\/li>\n<li><strong>100% b\u01a1 \u0111\u1eadu ph\u1ed9ng<\/strong><\/li>\n<\/ul>\n<p>Nh\u1eefng c\u00e1i t\u00ean n\u00e0y nh\u1ea5n m\u1ea1nh v\u00e0o vi\u1ec7c kh\u00f4ng c\u00f3 th\u00e0nh ph\u1ea7n b\u1ed5 sung, l\u00e0m n\u1ed5i b\u1eadt \u0111\u1ed9 tinh khi\u1ebft c\u1ee7a s\u1ea3n ph\u1ea9m.<\/p>\n<h3>T\u1ea1i sao n\u00ean ch\u1ecdn ch\u00fang t\u00f4i l\u00e0m nh\u00e0 cung c\u1ea5p c\u1ee7a b\u1ea1n?<\/h3>\n<p>L\u00e0 nh\u00e0 cung c\u1ea5p OEM v\u00e0 nh\u00e0 s\u1ea3n xu\u1ea5t nh\u00e3n hi\u1ec7u ri\u00eang h\u00e0ng \u0111\u1ea7u, ch\u00fang t\u00f4i cung c\u1ea5p:<\/p>\n<ul>\n<li><strong>S\u1ea3n ph\u1ea9m ch\u1ea5t l\u01b0\u1ee3ng cao:<\/strong> B\u01a1 \u0111\u1eadu ph\u1ed9ng nguy\u00ean ch\u1ea5t c\u1ee7a ch\u00fang t\u00f4i ch\u1ee9a 100% \u0111\u1eadu ph\u1ed9ng \u0111\u01b0\u1ee3c ch\u1ecdn l\u1ecdc, kh\u00f4ng ch\u1ee9a \u0111\u01b0\u1eddng, d\u1ea7u ho\u1eb7c ch\u1ea5t b\u1ea3o qu\u1ea3n.<\/li>\n<li><strong>Gi\u1ea3i ph\u00e1p c\u00f3 th\u1ec3 t\u00f9y ch\u1ec9nh:<\/strong> Ch\u00fang t\u00f4i cung c\u1ea5p c\u00e1c l\u1ef1a ch\u1ecdn \u0111\u00f3ng g\u00f3i linh ho\u1ea1t, bao g\u1ed3m l\u1ecd, lon v\u00e0 x\u00f4, v\u1edbi nhi\u1ec1u k\u00edch c\u1ee1 kh\u00e1c nhau \u0111\u1ec3 \u0111\u00e1p \u1ee9ng nhu c\u1ea7u c\u1ee7a th\u1ecb tr\u01b0\u1eddng.<\/li>\n<li><strong>To\u00e0n c\u1ea7u <a href=\"https:\/\/www.peanutoem.com\/vi\/certificate\/\" target=\"_blank\" rel=\"noopener\">Ch\u1ee9ng nh\u1eadn<\/a>:<\/strong> C\u00e1c ch\u1ee9ng nh\u1eadn c\u1ee7a ch\u00fang t\u00f4i, bao g\u1ed3m HACCP, BRCGS, Halal v\u00e0 Kosher, \u0111\u1ea3m b\u1ea3o s\u1ea3n ph\u1ea9m an to\u00e0n v\u00e0 ch\u1ea5t l\u01b0\u1ee3ng cao c\u1ea5p.<\/li>\n<li><strong>N\u0103ng l\u1ef1c s\u1ea3n xu\u1ea5t l\u1edbn:<\/strong> Ch\u00fang t\u00f4i c\u00f3 th\u1ec3 x\u1eed l\u00fd hi\u1ec7u qu\u1ea3 c\u1ea3 \u0111\u01a1n h\u00e0ng nh\u1ecf v\u00e0 l\u1edbn, \u0111\u00e1p \u1ee9ng nhu c\u1ea7u \u0111a d\u1ea1ng c\u1ee7a kh\u00e1ch h\u00e0ng.<\/li>\n<li><strong>Chuy\u00ean m\u00f4n v\u1ec1 Xu\u1ea5t kh\u1ea9u To\u00e0n c\u1ea7u:<\/strong> Ch\u00fang t\u00f4i c\u00f3 nhi\u1ec1u kinh nghi\u1ec7m trong vi\u1ec7c cung c\u1ea5p b\u01a1 \u0111\u1eadu ph\u1ed9ng ch\u1ea5t l\u01b0\u1ee3ng cao cho kh\u00e1ch h\u00e0ng tr\u00ean to\u00e0n th\u1ebf gi\u1edbi.<\/li>\n<\/ul>\n<h3>C\u00e2u h\u1ecfi th\u01b0\u1eddng g\u1eb7p v\u1ec1 vai tr\u00f2 kinh doanh c\u1ee7a ch\u00fang t\u00f4i l\u00e0 Nh\u00e0 s\u1ea3n xu\u1ea5t v\u00e0 B\u00e1n bu\u00f4n<\/h3>\n<ol>\n<li><strong>T\u1ea1i sao b\u1ea1n l\u1ea1i l\u00e0 nh\u00e0 cung c\u1ea5p OEM h\u00e0ng \u0111\u1ea7u trong ng\u00e0nh b\u01a1 \u0111\u1eadu ph\u1ed9ng?<\/strong><br \/>\nCh\u00fang t\u00f4i s\u1ea3n xu\u1ea5t b\u01a1 \u0111\u1eadu ph\u1ed9ng cho c\u00e1c th\u01b0\u01a1ng hi\u1ec7u d\u01b0\u1edbi nh\u00e3n hi\u1ec7u ri\u00eang c\u1ee7a h\u1ecd, \u0111\u1ea3m b\u1ea3o c\u00e1c gi\u1ea3i ph\u00e1p s\u1ea3n ph\u1ea9m \u0111\u01b0\u1ee3c t\u00f9y ch\u1ec9nh.<\/li>\n<li><strong>B\u1ea1n c\u00f3 cung c\u1ea5p d\u1ecbch v\u1ee5 nh\u00e3n hi\u1ec7u ri\u00eang kh\u00f4ng?<\/strong><br \/>\nC\u00f3, ch\u00fang t\u00f4i chuy\u00ean cung c\u1ea5p c\u00e1c gi\u1ea3i ph\u00e1p nh\u00e3n hi\u1ec7u ri\u00eang linh ho\u1ea1t \u0111\u1ec3 gi\u00fap b\u1ea1n t\u1ea1o ra b\u01a1 \u0111\u1eadu ph\u1ed9ng mang th\u01b0\u01a1ng hi\u1ec7u c\u1ee7a ri\u00eang m\u00ecnh.<\/li>\n<li><strong>B\u1ea1n s\u1eed d\u1ee5ng nh\u1eefng th\u00e0nh ph\u1ea7n n\u00e0o?<\/strong><br \/>\nB\u01a1 \u0111\u1eadu ph\u1ed9ng nguy\u00ean ch\u1ea5t c\u1ee7a ch\u00fang t\u00f4i bao g\u1ed3m 100% \u0111\u1eadu ph\u1ed9ng \u0111\u01b0\u1ee3c ch\u1ecdn l\u1ecdc, kh\u00f4ng th\u00eam \u0111\u01b0\u1eddng, d\u1ea7u ho\u1eb7c ch\u1ea5t b\u1ea3o qu\u1ea3n.<\/li>\n<li><strong>T\u00f4i c\u00f3 th\u1ec3 t\u00f9y ch\u1ec9nh bao b\u00ec c\u1ee7a m\u00ecnh nh\u01b0 th\u1ebf n\u00e0o?<\/strong><br \/>\nB\u1ea1n c\u00f3 th\u1ec3 l\u1ef1a ch\u1ecdn nhi\u1ec1u lo\u1ea1i bao b\u00ec v\u00e0 k\u00edch c\u1ee1 kh\u00e1c nhau, ph\u00f9 h\u1ee3p v\u1edbi nhu c\u1ea7u c\u1ee7a b\u1ea1n, t\u1eeb b\u00e1n l\u1ebb \u0111\u1ebfn s\u1ed1 l\u01b0\u1ee3ng l\u1edbn.<\/li>\n<li><strong>S\u1ed1 l\u01b0\u1ee3ng \u0111\u1eb7t h\u00e0ng t\u1ed1i thi\u1ec3u (MOQ) l\u00e0 bao nhi\u00eau?<\/strong><br \/>\nMOQ l\u00e0 m\u1ed9t t\u1ea5n, mang l\u1ea1i s\u1ef1 linh ho\u1ea1t cho c\u1ea3 doanh nghi\u1ec7p nh\u1ecf v\u00e0 l\u1edbn.<\/li>\n<li><strong>\u0110i\u1ec1u g\u00ec l\u00e0m cho b\u01a1 \u0111\u1eadu ph\u1ed9ng nguy\u00ean ch\u1ea5t c\u1ee7a b\u1ea1n n\u1ed5i b\u1eadt?<\/strong><br \/>\nCam k\u1ebft c\u1ee7a ch\u00fang t\u00f4i v\u1ec1 ch\u1ea5t l\u01b0\u1ee3ng, ch\u1ee9ng nh\u1eadn to\u00e0n c\u1ea7u v\u00e0 c\u00e1c gi\u1ea3i ph\u00e1p nh\u00e3n hi\u1ec7u ri\u00eang ph\u00f9 h\u1ee3p gi\u00fap ch\u00fang t\u00f4i kh\u00e1c bi\u1ec7t so v\u1edbi c\u00e1c \u0111\u1ed1i th\u1ee7 c\u1ea1nh tranh.<\/li>\n<li><strong>Ph\u1ea3i m\u1ea5t bao l\u00e2u \u0111\u1ec3 x\u1eed l\u00fd m\u1ed9t \u0111\u01a1n h\u00e0ng?<\/strong><br \/>\nTh\u1eddi gian giao h\u00e0ng t\u1eeb 7 \u0111\u1ebfn 20 ng\u00e0y, t\u00f9y thu\u1ed9c v\u00e0o k\u00edch th\u01b0\u1edbc \u0111\u01a1n h\u00e0ng v\u00e0 y\u00eau c\u1ea7u \u0111\u00f3ng g\u00f3i.<\/li>\n<li><strong>T\u00f4i c\u00f3 th\u1ec3 y\u00eau c\u1ea7u m\u1eabu tr\u01b0\u1edbc khi \u0111\u1eb7t h\u00e0ng kh\u00f4ng?<\/strong><br \/>\nC\u00f3, ch\u00fang t\u00f4i cung c\u1ea5p m\u1eabu b\u01a1 \u0111\u1eadu ph\u1ed9ng nguy\u00ean ch\u1ea5t mi\u1ec5n ph\u00ed \u0111\u1ec3 \u0111\u00e1nh gi\u00e1 ch\u1ea5t l\u01b0\u1ee3ng tr\u01b0\u1edbc khi \u0111\u1eb7t h\u00e0ng s\u1ed1 l\u01b0\u1ee3ng l\u1edbn.<\/li>\n<li><strong>B\u1ea1n c\u00f3 xu\u1ea5t kh\u1ea9u to\u00e0n c\u1ea7u kh\u00f4ng?<\/strong><br \/>\nCh\u1eafc ch\u1eafn r\u1ed3i! Ch\u00fang t\u00f4i c\u00f3 kinh nghi\u1ec7m xu\u1ea5t kh\u1ea9u b\u01a1 \u0111\u1eadu ph\u1ed9ng nguy\u00ean ch\u1ea5t ch\u1ea5t l\u01b0\u1ee3ng cao cho kh\u00e1ch h\u00e0ng tr\u00ean to\u00e0n th\u1ebf gi\u1edbi.<\/li>\n<\/ol>\n<h3>T\u1ea1i sao l\u1ea1i l\u00e0 b\u01a1 \u0111\u1eadu ph\u1ed9ng nguy\u00ean ch\u1ea5t?<\/h3>\n<p>B\u01a1 \u0111\u1eadu ph\u1ed9ng nguy\u00ean ch\u1ea5t l\u00e0 l\u1ef1a ch\u1ecdn h\u00e0ng \u0111\u1ea7u cho nh\u1eefng ng\u01b0\u1eddi ti\u00eau d\u00f9ng quan t\u00e2m \u0111\u1ebfn s\u1ee9c kh\u1ecfe \u0111ang t\u00ecm ki\u1ebfm m\u1ed9t s\u1ea3n ph\u1ea9m t\u1ef1 nhi\u00ean kh\u00f4ng c\u00f3 ch\u1ea5t ph\u1ee5 gia. B\u01a1 \u0111\u1eadu ph\u1ed9ng gi\u00e0u protein, ch\u1ea5t b\u00e9o l\u00e0nh m\u1ea1nh v\u00e0 c\u00e1c ch\u1ea5t dinh d\u01b0\u1ee1ng thi\u1ebft y\u1ebfu, khi\u1ebfn b\u01a1 \u0111\u1eadu ph\u1ed9ng tr\u1edf th\u00e0nh m\u1ed9t th\u00e0nh ph\u1ea7n \u0111a n\u0103ng trong c\u00e1c nh\u00e0 b\u1ebfp tr\u00ean to\u00e0n th\u1ebf gi\u1edbi. Khi ng\u01b0\u1eddi ti\u00eau d\u00f9ng ng\u00e0y c\u00e0ng ch\u00fa tr\u1ecdng \u0111\u1ebfn nh\u00e3n s\u1ea1ch, nhu c\u1ea7u v\u1ec1 c\u00e1c s\u1ea3n ph\u1ea9m t\u1eeb \u0111\u1eadu ph\u1ed9ng 100% ti\u1ebfp t\u1ee5c t\u0103ng.<\/p>\n<p>Ch\u00fang t\u00f4i \u0111\u1ea3m b\u1ea3o r\u1eb1ng b\u01a1 \u0111\u1eadu ph\u1ed9ng nguy\u00ean ch\u1ea5t c\u1ee7a ch\u00fang t\u00f4i \u0111\u00e1p \u1ee9ng \u0111\u01b0\u1ee3c nh\u1eefng nhu c\u1ea7u n\u00e0y, cung c\u1ea5p m\u1ed9t s\u1ea3n ph\u1ea9m g\u1ea7n g\u0169i v\u1edbi thi\u00ean nhi\u00ean nh\u1ea5t c\u00f3 th\u1ec3 trong khi v\u1eabn c\u00f3 th\u1ec3 t\u00f9y ch\u1ec9nh ho\u00e0n to\u00e0n theo nhu c\u1ea7u c\u1ee7a th\u01b0\u01a1ng hi\u1ec7u b\u1ea1n. Cho d\u00f9 b\u1ea1n \u0111ang mu\u1ed1n m\u1edf r\u1ed9ng s\u1ea3n ph\u1ea9m c\u1ee7a th\u01b0\u01a1ng hi\u1ec7u m\u00ecnh hay th\u00e2m nh\u1eadp v\u00e0o th\u1ecb tr\u01b0\u1eddng m\u1edbi, ch\u00fang t\u00f4i \u0111\u1ec1u c\u00f3 n\u0103ng l\u1ef1c, chuy\u00ean m\u00f4n v\u00e0 ch\u1ee9ng ch\u1ec9 \u0111\u1ec3 th\u1ef1c hi\u1ec7n \u0111i\u1ec1u \u0111\u00f3.<\/p>\n<a href=\"mailto:globepeanut@gmail.com\" class=\"button primary is-primary is-medium\"  >\n    <span>G\u1eedi Email Cho Ch\u00fang T\u00f4i<\/span>\n  <\/a>","protected":false},"excerpt":{"rendered":"<table width=\"564\">\n<tbody>\n<tr>\n<td width=\"113\"><strong>T\u00ean s\u1ea3n ph\u1ea9m<\/strong><\/td>\n<td width=\"402\">B\u01a1 \u0111\u1eadu ph\u1ed9ng nguy\u00ean ch\u1ea5t<\/td>\n<\/tr>\n<tr>\n<td width=\"113\"><strong>Th\u00e0nh ph\u1ea7n<\/strong><\/td>\n<td width=\"402\">B\u01a1 \u0111\u1eadu ph\u1ed9ng \u0111\u01b0\u1ee3c ch\u1ecdn l\u1ecdc<\/td>\n<\/tr>\n<tr>\n<td width=\"113\"><strong>Th\u00f4ng s\u1ed1 k\u1ef9 thu\u1eadt<\/strong><\/td>\n<td width=\"402\">10kgx1, 20kgx1, 22kgx1,220kgx1<\/td>\n<\/tr>\n<tr>\n<td width=\"113\"><strong>Bi\u1ec3u m\u1eabu \u0111\u00f3ng g\u00f3i<\/strong><\/td>\n<td width=\"402\">H\u0169, X\u00f4, T\u00fai, Th\u00f9ng, Th\u00f9ng, Chai, v.v.<\/td>\n<\/tr>\n<tr>\n<td width=\"113\"><strong>Th\u1eddi gian giao h\u00e0ng<\/strong><\/td>\n<td width=\"402\">7~20 ng\u00e0y sau khi \u0111\u1eb7t h\u00e0ng<\/td>\n<\/tr>\n<tr>\n<td width=\"113\"><strong>S\u1ed1 l\u01b0\u1ee3ng \u0111\u1eb7t h\u00e0ng t\u1ed1i thi\u1ec3u<\/strong><\/td>\n<td width=\"402\">M\u1ed9t t\u1ea5n<\/td>\n<\/tr>\n<tr>\n<td width=\"113\"><strong>V\u1eadt m\u1eabu<\/strong><\/td>\n<td width=\"402\">M\u1eabu mi\u1ec5n ph\u00ed c\u00f3 s\u1eb5n<\/td>\n<\/tr>\n<tr>\n<td width=\"113\"><strong>OEM<\/strong><\/td>\n<td width=\"402\">Nh\u00e3n c\u1ee7a ng\u01b0\u1eddi mua \u0111\u01b0\u1ee3c ch\u1ea5p nh\u1eadn<\/td>\n<\/tr>\n<\/tbody>\n<\/table>","protected":false},"featured_media":1659,"comment_status":"open","ping_status":"closed","template":"","meta":[],"product_cat":[15],"product_tag":[],"class_list":{"0":"post-1543","1":"product","2":"type-product","3":"status-publish","4":"has-post-thumbnail","6":"product_cat-peanut-butter","8":"first","9":"instock","10":"shipping-taxable","11":"product-type-simple"},"yoast_head":"<!-- This site is optimized with the Yoast SEO plugin v24.9 - https:\/\/yoast.com\/wordpress\/plugins\/seo\/ -->\n<title>Pure Peanut Butter OEM Producer - Peanut Butter Factory<\/title>\n<meta name=\"description\" content=\"As a top OEM manufacturer and exporter, we supply pure peanut butter made from 100% peanuts. Customizable private label solutions for your business needs.\" \/>\n<meta name=\"robots\" content=\"index, follow, max-snippet:-1, max-image-preview:large, max-video-preview:-1\" \/>\n<link rel=\"canonical\" href=\"https:\/\/www.peanutoem.com\/vi\/manufacturer\/pure-peanut-butter\/\" \/>\n<meta property=\"og:locale\" content=\"vi_VN\" \/>\n<meta property=\"og:type\" content=\"article\" \/>\n<meta property=\"og:title\" content=\"Pure Peanut Butter OEM Producer - Peanut Butter Factory\" \/>\n<meta property=\"og:description\" content=\"As a top OEM manufacturer and exporter, we supply pure peanut butter made from 100% peanuts. Customizable private label solutions for your business needs.\" \/>\n<meta property=\"og:url\" content=\"https:\/\/www.peanutoem.com\/vi\/manufacturer\/pure-peanut-butter\/\" \/>\n<meta property=\"og:site_name\" content=\"Peanut Butter Factory\" \/>\n<meta property=\"article:modified_time\" content=\"2024-09-28T06:03:37+00:00\" \/>\n<meta property=\"og:image\" content=\"https:\/\/www.peanutoem.com\/wp-content\/uploads\/2024\/09\/Pure-Peanut-Butter-OEM-Supplier.webp\" \/>\n\t<meta property=\"og:image:width\" content=\"1000\" \/>\n\t<meta property=\"og:image:height\" content=\"1000\" \/>\n\t<meta property=\"og:image:type\" content=\"image\/webp\" \/>\n<meta name=\"twitter:card\" content=\"summary_large_image\" \/>\n<meta name=\"twitter:label1\" content=\"\u01af\u1edbc t\u00ednh th\u1eddi gian \u0111\u1ecdc\" \/>\n\t<meta name=\"twitter:data1\" content=\"3 ph\u00fat\" \/>\n<script type=\"application\/ld+json\" class=\"yoast-schema-graph\">{\"@context\":\"https:\/\/schema.org\",\"@graph\":[{\"@type\":\"WebPage\",\"@id\":\"https:\/\/www.peanutoem.com\/manufacturer\/pure-peanut-butter\/\",\"url\":\"https:\/\/www.peanutoem.com\/manufacturer\/pure-peanut-butter\/\",\"name\":\"Pure Peanut Butter OEM Producer - Peanut Butter Factory\",\"isPartOf\":{\"@id\":\"https:\/\/www.peanutoem.com\/#website\"},\"primaryImageOfPage\":{\"@id\":\"https:\/\/www.peanutoem.com\/manufacturer\/pure-peanut-butter\/#primaryimage\"},\"image\":{\"@id\":\"https:\/\/www.peanutoem.com\/manufacturer\/pure-peanut-butter\/#primaryimage\"},\"thumbnailUrl\":\"https:\/\/www.peanutoem.com\/wp-content\/uploads\/2024\/09\/Pure-Peanut-Butter-OEM-Supplier.webp\",\"datePublished\":\"2024-09-02T13:37:15+00:00\",\"dateModified\":\"2024-09-28T06:03:37+00:00\",\"description\":\"As a top OEM manufacturer and exporter, we supply pure peanut butter made from 100% peanuts. Customizable private label solutions for your business needs.\",\"breadcrumb\":{\"@id\":\"https:\/\/www.peanutoem.com\/manufacturer\/pure-peanut-butter\/#breadcrumb\"},\"inLanguage\":\"vi\",\"potentialAction\":[{\"@type\":\"ReadAction\",\"target\":[\"https:\/\/www.peanutoem.com\/manufacturer\/pure-peanut-butter\/\"]}]},{\"@type\":\"ImageObject\",\"inLanguage\":\"vi\",\"@id\":\"https:\/\/www.peanutoem.com\/manufacturer\/pure-peanut-butter\/#primaryimage\",\"url\":\"https:\/\/www.peanutoem.com\/wp-content\/uploads\/2024\/09\/Pure-Peanut-Butter-OEM-Supplier.webp\",\"contentUrl\":\"https:\/\/www.peanutoem.com\/wp-content\/uploads\/2024\/09\/Pure-Peanut-Butter-OEM-Supplier.webp\",\"width\":1000,\"height\":1000,\"caption\":\"Pure Peanut Butter OEM Supplier\"},{\"@type\":\"BreadcrumbList\",\"@id\":\"https:\/\/www.peanutoem.com\/manufacturer\/pure-peanut-butter\/#breadcrumb\",\"itemListElement\":[{\"@type\":\"ListItem\",\"position\":1,\"name\":\"Home\",\"item\":\"https:\/\/www.peanutoem.com\/\"},{\"@type\":\"ListItem\",\"position\":2,\"name\":\"Products\",\"item\":\"https:\/\/www.peanutoem.com\/shop\/\"},{\"@type\":\"ListItem\",\"position\":3,\"name\":\"Pure Peanut Butter\"}]},{\"@type\":\"WebSite\",\"@id\":\"https:\/\/www.peanutoem.com\/#website\",\"url\":\"https:\/\/www.peanutoem.com\/\",\"name\":\"Peanut Butter Factory\",\"description\":\"Peanut Butter Manufacturer and Roast Peanut OEM Factory | Peanut Private Label China Supplier\",\"publisher\":{\"@id\":\"https:\/\/www.peanutoem.com\/#organization\"},\"alternateName\":\"Peanut Butter OEM and Wholesale\",\"potentialAction\":[{\"@type\":\"SearchAction\",\"target\":{\"@type\":\"EntryPoint\",\"urlTemplate\":\"https:\/\/www.peanutoem.com\/?s={search_term_string}\"},\"query-input\":{\"@type\":\"PropertyValueSpecification\",\"valueRequired\":true,\"valueName\":\"search_term_string\"}}],\"inLanguage\":\"vi\"},{\"@type\":\"Organization\",\"@id\":\"https:\/\/www.peanutoem.com\/#organization\",\"name\":\"Peanut Butter Factory\",\"alternateName\":\"JuFeng Group\",\"url\":\"https:\/\/www.peanutoem.com\/\",\"logo\":{\"@type\":\"ImageObject\",\"inLanguage\":\"vi\",\"@id\":\"https:\/\/www.peanutoem.com\/#\/schema\/logo\/image\/\",\"url\":\"https:\/\/www.peanutoem.com\/wp-content\/uploads\/2024\/09\/JUFENG-LOGO.png\",\"contentUrl\":\"https:\/\/www.peanutoem.com\/wp-content\/uploads\/2024\/09\/JUFENG-LOGO.png\",\"width\":600,\"height\":170,\"caption\":\"Peanut Butter Factory\"},\"image\":{\"@id\":\"https:\/\/www.peanutoem.com\/#\/schema\/logo\/image\/\"}}]}<\/script>\n<!-- \/ Yoast SEO plugin. -->","yoast_head_json":{"title":"Pure Peanut Butter OEM Producer - Peanut Butter Factory","description":"As a top OEM manufacturer and exporter, we supply pure peanut butter made from 100% peanuts. Customizable private label solutions for your business needs.","robots":{"index":"index","follow":"follow","max-snippet":"max-snippet:-1","max-image-preview":"max-image-preview:large","max-video-preview":"max-video-preview:-1"},"canonical":"https:\/\/www.peanutoem.com\/vi\/manufacturer\/pure-peanut-butter\/","og_locale":"vi_VN","og_type":"article","og_title":"Pure Peanut Butter OEM Producer - Peanut Butter Factory","og_description":"As a top OEM manufacturer and exporter, we supply pure peanut butter made from 100% peanuts. Customizable private label solutions for your business needs.","og_url":"https:\/\/www.peanutoem.com\/vi\/manufacturer\/pure-peanut-butter\/","og_site_name":"Peanut Butter Factory","article_modified_time":"2024-09-28T06:03:37+00:00","og_image":[{"width":1000,"height":1000,"url":"https:\/\/www.peanutoem.com\/wp-content\/uploads\/2024\/09\/Pure-Peanut-Butter-OEM-Supplier.webp","type":"image\/webp"}],"twitter_card":"summary_large_image","twitter_misc":{"\u01af\u1edbc t\u00ednh th\u1eddi gian \u0111\u1ecdc":"3 ph\u00fat"},"schema":{"@context":"https:\/\/schema.org","@graph":[{"@type":"WebPage","@id":"https:\/\/www.peanutoem.com\/manufacturer\/pure-peanut-butter\/","url":"https:\/\/www.peanutoem.com\/manufacturer\/pure-peanut-butter\/","name":"Pure Peanut Butter OEM Producer - Peanut Butter Factory","isPartOf":{"@id":"https:\/\/www.peanutoem.com\/#website"},"primaryImageOfPage":{"@id":"https:\/\/www.peanutoem.com\/manufacturer\/pure-peanut-butter\/#primaryimage"},"image":{"@id":"https:\/\/www.peanutoem.com\/manufacturer\/pure-peanut-butter\/#primaryimage"},"thumbnailUrl":"https:\/\/www.peanutoem.com\/wp-content\/uploads\/2024\/09\/Pure-Peanut-Butter-OEM-Supplier.webp","datePublished":"2024-09-02T13:37:15+00:00","dateModified":"2024-09-28T06:03:37+00:00","description":"As a top OEM manufacturer and exporter, we supply pure peanut butter made from 100% peanuts. Customizable private label solutions for your business needs.","breadcrumb":{"@id":"https:\/\/www.peanutoem.com\/manufacturer\/pure-peanut-butter\/#breadcrumb"},"inLanguage":"vi","potentialAction":[{"@type":"ReadAction","target":["https:\/\/www.peanutoem.com\/manufacturer\/pure-peanut-butter\/"]}]},{"@type":"ImageObject","inLanguage":"vi","@id":"https:\/\/www.peanutoem.com\/manufacturer\/pure-peanut-butter\/#primaryimage","url":"https:\/\/www.peanutoem.com\/wp-content\/uploads\/2024\/09\/Pure-Peanut-Butter-OEM-Supplier.webp","contentUrl":"https:\/\/www.peanutoem.com\/wp-content\/uploads\/2024\/09\/Pure-Peanut-Butter-OEM-Supplier.webp","width":1000,"height":1000,"caption":"Pure Peanut Butter OEM Supplier"},{"@type":"BreadcrumbList","@id":"https:\/\/www.peanutoem.com\/manufacturer\/pure-peanut-butter\/#breadcrumb","itemListElement":[{"@type":"ListItem","position":1,"name":"Home","item":"https:\/\/www.peanutoem.com\/"},{"@type":"ListItem","position":2,"name":"Products","item":"https:\/\/www.peanutoem.com\/shop\/"},{"@type":"ListItem","position":3,"name":"Pure Peanut Butter"}]},{"@type":"WebSite","@id":"https:\/\/www.peanutoem.com\/#website","url":"https:\/\/www.peanutoem.com\/","name":"Peanut Butter Factory","description":"Peanut Butter Manufacturer and Roast Peanut OEM Factory | Peanut Private Label China Supplier","publisher":{"@id":"https:\/\/www.peanutoem.com\/#organization"},"alternateName":"Peanut Butter OEM and Wholesale","potentialAction":[{"@type":"SearchAction","target":{"@type":"EntryPoint","urlTemplate":"https:\/\/www.peanutoem.com\/?s={search_term_string}"},"query-input":{"@type":"PropertyValueSpecification","valueRequired":true,"valueName":"search_term_string"}}],"inLanguage":"vi"},{"@type":"Organization","@id":"https:\/\/www.peanutoem.com\/#organization","name":"Peanut Butter Factory","alternateName":"JuFeng Group","url":"https:\/\/www.peanutoem.com\/","logo":{"@type":"ImageObject","inLanguage":"vi","@id":"https:\/\/www.peanutoem.com\/#\/schema\/logo\/image\/","url":"https:\/\/www.peanutoem.com\/wp-content\/uploads\/2024\/09\/JUFENG-LOGO.png","contentUrl":"https:\/\/www.peanutoem.com\/wp-content\/uploads\/2024\/09\/JUFENG-LOGO.png","width":600,"height":170,"caption":"Peanut Butter Factory"},"image":{"@id":"https:\/\/www.peanutoem.com\/#\/schema\/logo\/image\/"}}]}},"_links":{"self":[{"href":"https:\/\/www.peanutoem.com\/vi\/wp-json\/wp\/v2\/product\/1543","targetHints":{"allow":["GET"]}}],"collection":[{"href":"https:\/\/www.peanutoem.com\/vi\/wp-json\/wp\/v2\/product"}],"about":[{"href":"https:\/\/www.peanutoem.com\/vi\/wp-json\/wp\/v2\/types\/product"}],"replies":[{"embeddable":true,"href":"https:\/\/www.peanutoem.com\/vi\/wp-json\/wp\/v2\/comments?post=1543"}],"wp:featuredmedia":[{"embeddable":true,"href":"https:\/\/www.peanutoem.com\/vi\/wp-json\/wp\/v2\/media\/1659"}],"wp:attachment":[{"href":"https:\/\/www.peanutoem.com\/vi\/wp-json\/wp\/v2\/media?parent=1543"}],"wp:term":[{"taxonomy":"product_cat","embeddable":true,"href":"https:\/\/www.peanutoem.com\/vi\/wp-json\/wp\/v2\/product_cat?post=1543"},{"taxonomy":"product_tag","embeddable":true,"href":"https:\/\/www.peanutoem.com\/vi\/wp-json\/wp\/v2\/product_tag?post=1543"}],"curies":[{"name":"wp","href":"https:\/\/api.w.org\/{rel}","templated":true}]}}