{"id":1545,"date":"2024-09-02T13:38:22","date_gmt":"2024-09-02T13:38:22","guid":{"rendered":"https:\/\/www.peanutoem.com\/?post_type=product&#038;p=1545"},"modified":"2024-09-28T05:39:23","modified_gmt":"2024-09-28T05:39:23","slug":"stabilized-peanut-butter","status":"publish","type":"product","link":"https:\/\/www.peanutoem.com\/vi\/manufacturer\/stabilized-peanut-butter\/","title":{"rendered":"B\u01a1 \u0111\u1eadu ph\u1ed9ng \u1ed5n \u0111\u1ecbnh"},"content":{"rendered":"<h3>B\u01a1 \u0111\u1eadu ph\u1ed9ng \u1ed5n \u0111\u1ecbnh l\u00e0 g\u00ec?<\/h3>\n<p>\u1ed5n \u0111\u1ecbnh <a href=\"https:\/\/www.peanutoem.com\/vi\/Wholesale\/peanut-butter\/\" target=\"_blank\" rel=\"noopener\">b\u01a1 \u0111\u1eadu ph\u1ed9ng<\/a> l\u00e0 m\u1ed9t c\u00f4ng th\u1ee9c \u0111\u1eb7c bi\u1ec7t <a href=\"https:\/\/en.wikipedia.org\/wiki\/Peanut\" target=\"_blank\" rel=\"noopener\">\u0111\u1eadu ph\u1ed9ng<\/a> b\u01a1 gi\u1eef \u0111\u01b0\u1ee3c k\u1ebft c\u1ea5u m\u1ecbn, kem theo th\u1eddi gian m\u00e0 kh\u00f4ng b\u1ecb t\u00e1ch d\u1ea7u-n\u01b0\u1edbc theo th\u1eddi gian. Kh\u00f4ng gi\u1ed1ng nh\u01b0 b\u01a1 \u0111\u1eadu ph\u1ed9ng t\u1ef1 nhi\u00ean th\u00f4ng th\u01b0\u1eddng, c\u00f3 xu h\u01b0\u1edbng t\u00e1ch t\u1ef1 nhi\u00ean th\u00e0nh c\u00e1c l\u1edbp d\u1ea7u \u0111\u1eadu ph\u1ed9ng \u1edf tr\u00ean v\u00e0 v\u1ee5n \u0111\u1eadu ph\u1ed9ng r\u1eafn \u1edf d\u01b0\u1edbi, b\u01a1 \u0111\u1eadu ph\u1ed9ng \u1ed5n \u0111\u1ecbnh \u0111\u01b0\u1ee3c pha tr\u1ed9n kh\u00e9o l\u00e9o v\u1edbi c\u00e1c ch\u1ea5t \u1ed5n \u0111\u1ecbnh t\u1ef1 nhi\u00ean, ch\u1eb3ng h\u1ea1n nh\u01b0 d\u1ea7u th\u1ef1c v\u1eadt ho\u1eb7c ch\u1ea5t nh\u0169 h\u00f3a, \u0111\u1ec3 \u0111\u1ea3m b\u1ea3o k\u1ebft c\u1ea5u \u0111\u1ed3ng nh\u1ea5t. T\u00ednh n\u0103ng n\u00e0y khi\u1ebfn n\u00f3 tr\u1edf th\u00e0nh l\u1ef1a ch\u1ecdn h\u00e0ng \u0111\u1ea7u cho nh\u1eefng ng\u01b0\u1eddi ti\u00eau d\u00f9ng t\u00ecm ki\u1ebfm s\u1ef1 ti\u1ec7n l\u1ee3i, v\u00ec kh\u00f4ng c\u1ea7n ph\u1ea3i th\u1ef1c hi\u1ec7n th\u00eam c\u00e1c thao t\u00e1c nh\u01b0 khu\u1ea5y tr\u01b0\u1edbc khi s\u1eed d\u1ee5ng. B\u01a1 \u0111\u1eadu ph\u1ed9ng \u1ed5n \u0111\u1ecbnh \u0111\u01b0\u1ee3c \u01b0a chu\u1ed9ng v\u00ec ch\u1ea5t l\u01b0\u1ee3ng \u0111\u1ed3ng \u0111\u1ec1u v\u00e0 th\u1eddi h\u1ea1n s\u1eed d\u1ee5ng l\u00e2u d\u00e0i, kh\u00f4ng ch\u1ec9 \u0111\u01b0\u1ee3c ng\u01b0\u1eddi d\u00f9ng gia \u0111\u00ecnh y\u00eau th\u00edch m\u00e0 c\u00f2n \u0111\u01b0\u1ee3c s\u1eed d\u1ee5ng r\u1ed9ng r\u00e3i trong ng\u00e0nh th\u1ef1c ph\u1ea9m.<\/p>\n<h3>T\u00ean g\u1ecdi kh\u00e1c l\u00e0 g\u00ec?<\/h3>\n<p>B\u01a1 \u0111\u1eadu ph\u1ed9ng \u1ed5n \u0111\u1ecbnh c\u00f3 th\u1ec3 \u0111\u01b0\u1ee3c g\u1ecdi b\u1eb1ng nhi\u1ec1u t\u00ean kh\u00e1c nhau, bao g\u1ed3m:<\/p>\n<ul>\n<li>B\u01a1 \u0111\u1eadu ph\u1ed9ng kem<\/li>\n<li>B\u01a1 \u0111\u1eadu ph\u1ed9ng \u1ed5n \u0111\u1ecbnh d\u1ea1ng kem<\/li>\n<li>B\u01a1 \u0111\u1eadu ph\u1ed9ng nh\u0169 h\u00f3a<\/li>\n<li>B\u01a1 \u0111\u1eadu ph\u1ed9ng \u0111\u1ed3ng nh\u1ea5t ho\u1eb7c \u0111\u1ed3ng nh\u1ea5t<\/li>\n<li>B\u01a1 \u0111\u1eadu ph\u1ed9ng \u0111\u1ec3 l\u00e2u<\/li>\n<li>B\u01a1 \u0111\u1eadu ph\u1ed9ng kh\u00f4ng c\u1ea7n khu\u1ea5y<\/li>\n<li>B\u01a1 \u0111\u1eadu ph\u1ed9ng kh\u00f4ng t\u00e1ch<\/li>\n<li>B\u01a1 \u0111\u1eadu ph\u1ed9ng ch\u1ebf bi\u1ebfn<\/li>\n<li>B\u01a1 \u0111\u1eadu ph\u1ed9ng \u0111\u1ec3 \u0111\u01b0\u1ee3c l\u00e2u<\/li>\n<li>B\u01a1 \u0111\u1eadu ph\u1ed9ng m\u1ecbn<\/li>\n<li>B\u01a1 \u0111\u1eadu ph\u1ed9ng m\u1ecbn c\u00f3 th\u1ec3 b\u1ea3o qu\u1ea3n l\u00e2u d\u00e0i<\/li>\n<\/ul>\n<h3><strong>Ch\u1ee7 \u0111\u1ec1 n\u00f3ng v\u1ec1 b\u01a1 \u0111\u1eadu ph\u1ed9ng \u1ed5n \u0111\u1ecbnh<\/strong><\/h3>\n<ol>\n<li><strong> Nh\u1eefng l\u1ee3i \u00edch: <\/strong>B\u01a1 \u0111\u1eadu ph\u1ed9ng \u1ed5n \u0111\u1ecbnh c\u00f3 m\u1ed9t s\u1ed1 \u01b0u \u0111i\u1ec3m, bao g\u1ed3m k\u1ebft c\u1ea5u \u0111\u1ed3ng nh\u1ea5t kh\u00f4ng c\u1ea7n khu\u1ea5y v\u00e0 th\u1eddi h\u1ea1n s\u1eed d\u1ee5ng l\u00e2u h\u01a1n. N\u00f3 l\u00fd t\u01b0\u1edfng \u0111\u1ec3 s\u1eed d\u1ee5ng trong c\u00f4ng th\u1ee9c n\u1ea5u \u0103n v\u00e0 nh\u01b0 m\u1ed9t lo\u1ea1i ph\u1ebft khi k\u1ebft c\u1ea5u \u0111\u1ed3ng nh\u1ea5t l\u00e0 r\u1ea5t quan tr\u1ecdng.<\/li>\n<li><strong> \u1ee8ng d\u1ee5ng trong s\u1ea3n xu\u1ea5t th\u1ef1c ph\u1ea9m:\u00a0<\/strong>Do t\u00ednh \u1ed5n \u0111\u1ecbnh c\u1ee7a n\u00f3, n\u00f3 \u0111\u01b0\u1ee3c s\u1eed d\u1ee5ng r\u1ed9ng r\u00e3i trong s\u1ea3n xu\u1ea5t th\u1ef1c ph\u1ea9m. N\u00f3 \u0111\u00f3ng vai tr\u00f2 l\u00e0 th\u00e0nh ph\u1ea7n trong nhi\u1ec1u s\u1ea3n ph\u1ea9m kh\u00e1c nhau, ch\u1eb3ng h\u1ea1n nh\u01b0 thanh \u0103n nh\u1eb9, n\u01b0\u1edbc s\u1ed1t v\u00e0 \u0111\u1ed3 n\u01b0\u1edbng, n\u01a1i m\u00e0 t\u00ednh nh\u1ea5t qu\u00e1n v\u00e0 ch\u1ea5t l\u01b0\u1ee3ng l\u00e0 \u0111i\u1ec1u c\u1ea7n thi\u1ebft.<\/li>\n<li><strong> S\u1edf th\u00edch v\u00e0 xu h\u01b0\u1edbng c\u1ee7a ng\u01b0\u1eddi ti\u00eau d\u00f9ng: <\/strong>Ng\u01b0\u1eddi ti\u00eau d\u00f9ng ng\u00e0y c\u00e0ng \u01b0a chu\u1ed9ng b\u01a1 \u0111\u1eadu ph\u1ed9ng \u1ed5n \u0111\u1ecbnh v\u00ec s\u1ef1 ti\u1ec7n l\u1ee3i v\u00e0 \u0111\u1ed9 tin c\u1eady c\u1ee7a n\u00f3. Khi l\u1ed1i s\u1ed1ng thay \u0111\u1ed5i d\u1eabn \u0111\u1ebfn l\u1ecbch tr\u00ecnh b\u1eadn r\u1ed9n h\u01a1n, c\u00e1c s\u1ea3n ph\u1ea9m cung c\u1ea5p kh\u1ea3 n\u0103ng b\u1ea3o qu\u1ea3n v\u00e0 ch\u1ebf bi\u1ebfn d\u1ec5 d\u00e0ng \u0111ang ng\u00e0y c\u00e0ng ph\u1ed5 bi\u1ebfn.<\/li>\n<li><strong> C\u00e1c kh\u00eda c\u1ea1nh dinh d\u01b0\u1ee1ng: <\/strong>B\u01a1 \u0111\u1eadu ph\u1ed9ng \u1ed5n \u0111\u1ecbnh duy tr\u00ec c\u1ea5u h\u00ecnh dinh d\u01b0\u1ee1ng c\u1ee7a n\u00f3 trong khi cung c\u1ea5p m\u1ed9t s\u1ea3n ph\u1ea9m \u1ed5n \u0111\u1ecbnh, \u0111\u1ed3ng nh\u1ea5t. N\u00f3 cung c\u1ea5p c\u00e1c ch\u1ea5t dinh d\u01b0\u1ee1ng thi\u1ebft y\u1ebfu nh\u01b0 protein, ch\u1ea5t b\u00e9o l\u00e0nh m\u1ea1nh v\u00e0 vitamin, l\u00e0m cho n\u00f3 tr\u1edf th\u00e0nh m\u1ed9t l\u1ef1a ch\u1ecdn l\u00e0nh m\u1ea1nh cho nhi\u1ec1u ch\u1ebf \u0111\u1ed9 \u0103n u\u1ed1ng kh\u00e1c nhau.<\/li>\n<\/ol>\n<h3><strong>T\u1ea1i sao n\u00ean ch\u1ecdn ch\u00fang t\u00f4i l\u00e0m nh\u00e0 cung c\u1ea5p c\u1ee7a b\u1ea1n?<\/strong><\/h3>\n<ol>\n<li><strong>T\u1ea1i sao b\u1ea1n l\u00e0 l\u1ef1a ch\u1ecdn t\u1ed1t nh\u1ea5t cho d\u1ecbch v\u1ee5 OEM b\u01a1 \u0111\u1eadu ph\u1ed9ng \u1ed5n \u0111\u1ecbnh?<\/strong><br \/>\nCh\u00fang t\u00f4i cung c\u1ea5p c\u00e1c gi\u1ea3i ph\u00e1p t\u00f9y ch\u1ec9nh, s\u1ea3n ph\u1ea9m ch\u1ea5t l\u01b0\u1ee3ng cao v\u00e0 chuy\u00ean m\u00f4n s\u00e2u r\u1ed9ng trong s\u1ea3n xu\u1ea5t v\u00e0 xu\u1ea5t kh\u1ea9u to\u00e0n c\u1ea7u.<\/li>\n<li><strong>B\u1ea1n c\u00f3 th\u1ec3 \u0111i\u1ec1u ch\u1ec9nh k\u1ebft c\u1ea5u, \u0111\u1ed9 \u0111\u1eb7c v\u00e0 c\u00f4ng th\u1ee9c kh\u00f4ng?<\/strong><br \/>\nC\u00f3, ch\u00fang t\u00f4i c\u00f3 th\u1ec3 t\u00f9y ch\u1ec9nh k\u1ebft c\u1ea5u v\u00e0 ph\u00e1t tri\u1ec3n c\u00e1c c\u00f4ng th\u1ee9c \u0111\u1ed9c \u0111\u00e1o \u0111\u1ec3 \u0111\u00e1p \u1ee9ng c\u00e1c y\u00eau c\u1ea7u c\u1ee5 th\u1ec3 v\u00e0 s\u1edf th\u00edch c\u1ee7a ng\u01b0\u1eddi ti\u00eau d\u00f9ng.<\/li>\n<li><strong>C\u00f3 nh\u1eefng l\u1ef1a ch\u1ecdn \u0111\u00f3ng g\u00f3i n\u00e0o?<\/strong><br \/>\nCh\u00fang t\u00f4i cung c\u1ea5p nhi\u1ec1u lo\u1ea1i bao b\u00ec c\u00f3 th\u1ec3 t\u00f9y ch\u1ec9nh, bao g\u1ed3m l\u1ecd, t\u00fai v\u00e0 h\u1ed9p \u0111\u1ef1ng l\u1edbn, \u0111\u01b0\u1ee3c thi\u1ebft k\u1ebf ri\u00eang \u0111\u1ec3 ph\u00f9 h\u1ee3p v\u1edbi nhu c\u1ea7u c\u1ee7a th\u01b0\u01a1ng hi\u1ec7u b\u1ea1n.<\/li>\n<li><strong>C\u00f3 lo\u1ea1i h\u1eefu c\u01a1 kh\u00f4ng?<\/strong><br \/>\nCh\u1eafc ch\u1eafn r\u1ed3i! Ch\u00fang t\u00f4i cung c\u1ea5p b\u01a1 \u0111\u1eadu ph\u1ed9ng \u1ed5n \u0111\u1ecbnh \u0111\u01b0\u1ee3c l\u00e0m t\u1eeb \u0111\u1eadu ph\u1ed9ng h\u1eefu c\u01a1 v\u00e0 c\u00e1c th\u00e0nh ph\u1ea7n t\u1ef1 nhi\u00ean.<\/li>\n<li><strong>L\u00e0m th\u1ebf n\u00e0o \u0111\u1ec3 \u0111\u1ea3m b\u1ea3o ch\u1ea5t l\u01b0\u1ee3ng?<\/strong><br \/>\nQuy tr\u00ecnh ki\u1ec3m so\u00e1t ch\u1ea5t l\u01b0\u1ee3ng nghi\u00eam ng\u1eb7t v\u00e0 c\u00e1c ch\u1ee9ng nh\u1eadn c\u1ee7a ch\u00fang t\u00f4i nh\u01b0 HACCP, BRCGS v\u00e0 Kosher \u0111\u1ea3m b\u1ea3o r\u1eb1ng m\u1ed7i l\u00f4 h\u00e0ng \u0111\u1ec1u \u0111\u00e1p \u1ee9ng c\u00e1c ti\u00eau chu\u1ea9n cao nh\u1ea5t.<\/li>\n<li><strong>Th\u1eddi gian s\u1ea3n xu\u1ea5t v\u00e0 v\u1eadn chuy\u1ec3n c\u1ee7a b\u1ea1n l\u00e0 bao l\u00e2u?<\/strong><br \/>\nTh\u1eddi gian giao h\u00e0ng thay \u0111\u1ed5i t\u00f9y theo kh\u1ed1i l\u01b0\u1ee3ng \u0111\u01a1n h\u00e0ng v\u00e0 \u0111\u1ecba \u0111i\u1ec3m \u0111\u1ebfn, nh\u01b0ng ch\u00fang t\u00f4i \u0111\u1ea3m b\u1ea3o s\u1ea3n xu\u1ea5t hi\u1ec7u qu\u1ea3 v\u00e0 giao h\u00e0ng \u0111\u00fang h\u1ea1n, th\u01b0\u1eddng l\u00e0 trong v\u00f2ng v\u00e0i tu\u1ea7n.<\/li>\n<li><strong>B\u1ea1n c\u00f3 x\u1eed l\u00fd xu\u1ea5t kh\u1ea9u qu\u1ed1c t\u1ebf kh\u00f4ng?<\/strong><br \/>\nC\u00f3, ch\u00fang t\u00f4i qu\u1ea3n l\u00fd m\u1ecdi kh\u00eda c\u1ea1nh c\u1ee7a vi\u1ec7c v\u1eadn chuy\u1ec3n v\u00e0 tu\u00e2n th\u1ee7 quy \u0111\u1ecbnh to\u00e0n c\u1ea7u \u0111\u1ec3 \u0111\u1ea3m b\u1ea3o giao h\u00e0ng su\u00f4n s\u1ebb.<\/li>\n<li><strong>B\u1ea1n c\u00f3 ch\u1ee9ng ch\u1ec9 g\u00ec?<\/strong><br \/>\nB\u01a1 \u0111\u1eadu ph\u1ed9ng \u1ed5n \u0111\u1ecbnh c\u1ee7a ch\u00fang t\u00f4i \u0111\u01b0\u1ee3c ch\u1ee9ng nh\u1eadn theo ti\u00eau chu\u1ea9n HACCP, Kosher, Halal, BRCGS v\u00e0 c\u00e1c ti\u00eau chu\u1ea9n li\u00ean quan kh\u00e1c, \u0111\u1ea3m b\u1ea3o an to\u00e0n v\u00e0 ch\u1ea5t l\u01b0\u1ee3ng s\u1ea3n ph\u1ea9m.<\/li>\n<li><strong>Ch\u00fang t\u00f4i c\u00f3 th\u1ec3 y\u00eau c\u1ea7u m\u1eabu tr\u01b0\u1edbc khi \u0111\u1eb7t h\u00e0ng to\u00e0n b\u1ed9 kh\u00f4ng?<\/strong><br \/>\nC\u00f3, ch\u00fang t\u00f4i cung c\u1ea5p c\u00e1c l\u00f4 h\u00e0ng m\u1eabu \u0111\u1ec3 th\u1eed nghi\u1ec7m, \u0111\u1ea3m b\u1ea3o \u0111\u00e1p \u1ee9ng \u0111\u01b0\u1ee3c mong \u0111\u1ee3i c\u1ee7a b\u1ea1n tr\u01b0\u1edbc khi k\u00fd h\u1ee3p \u0111\u1ed3ng l\u1edbn h\u01a1n.<\/li>\n<\/ol>\n<h3><strong>S\u1ef1 th\u1eadt v\u1ec1 b\u01a1 \u0111\u1eadu ph\u1ed9ng \u1ed5n \u0111\u1ecbnh\u00a0<\/strong><\/h3>\n<ol>\n<li><strong>Kh\u00f4ng ph\u00e2n t\u00e1ch:<\/strong> B\u01a1 \u0111\u1eadu ph\u1ed9ng \u1ed5n \u0111\u1ecbnh kh\u00f4ng t\u00e1ch th\u00e0nh d\u1ea7u v\u00e0 ch\u1ea5t r\u1eafn, \u0111\u1ea3m b\u1ea3o k\u1ebft c\u1ea5u \u0111\u1ed3ng nh\u1ea5t trong su\u1ed1t th\u1eddi h\u1ea1n s\u1eed d\u1ee5ng.<\/li>\n<li><strong>Th\u1eddi h\u1ea1n s\u1eed d\u1ee5ng k\u00e9o d\u00e0i:<\/strong> N\u00f3 c\u00f3 th\u1eddi h\u1ea1n s\u1eed d\u1ee5ng d\u00e0i h\u01a1n so v\u1edbi b\u01a1 \u0111\u1eadu ph\u1ed9ng truy\u1ec1n th\u1ed1ng, gi\u00fap gi\u1ea3m nhu c\u1ea7u mua l\u1ea1i th\u01b0\u1eddng xuy\u00ean v\u00e0 tr\u00e1nh l\u00e3ng ph\u00ed.<\/li>\n<li><strong>S\u1ef1 ti\u1ec7n l\u1ee3i:<\/strong> Th\u00edch h\u1ee3p \u0111\u1ec3 s\u1eed d\u1ee5ng trong nhi\u1ec1u \u1ee9ng d\u1ee5ng \u0111\u00f2i h\u1ecfi \u0111\u1ed9 \u0111\u1ed3ng nh\u1ea5t \u1ed5n \u0111\u1ecbnh, d\u1ec5 ph\u1ebft, ch\u1eb3ng h\u1ea1n nh\u01b0 trong s\u1ea3n xu\u1ea5t th\u1ef1c ph\u1ea9m v\u00e0 s\u1ea3n ph\u1ea9m b\u00e1n l\u1ebb.<\/li>\n<li><strong>Gi\u1eef l\u1ea1i ch\u1ea5t dinh d\u01b0\u1ee1ng:<\/strong> M\u1eb7c d\u00f9 c\u00f3 t\u00ednh \u1ed5n \u0111\u1ecbnh, nh\u01b0ng s\u1ea3n ph\u1ea9m v\u1eabn gi\u1eef \u0111\u01b0\u1ee3c c\u00e1c l\u1ee3i \u00edch dinh d\u01b0\u1ee1ng c\u1ee7a \u0111\u1eadu ph\u1ed9ng, bao g\u1ed3m protein, ch\u1ea5t b\u00e9o l\u00e0nh m\u1ea1nh v\u00e0 c\u00e1c vitamin thi\u1ebft y\u1ebfu.<\/li>\n<li><strong>S\u1eed d\u1ee5ng \u0111a n\u0103ng:<\/strong> Ph\u00f9 h\u1ee3p v\u1edbi nhi\u1ec1u lo\u1ea1i s\u1ea3n ph\u1ea9m, t\u1eeb \u0111\u1ed3 ph\u1ebft v\u00e0 \u0111\u1ed3 \u0103n nh\u1eb9 \u0111\u1ebfn nguy\u00ean li\u1ec7u c\u01a1 b\u1ea3n trong th\u1ef1c ph\u1ea9m ch\u1ebf bi\u1ebfn.<\/li>\n<\/ol>\n<a href=\"mailto:globepeanut@gmail.com\" class=\"button primary is-primary is-medium\"  >\n    <span>G\u1eedi Email Cho Ch\u00fang T\u00f4i<\/span>\n  <\/a>","protected":false},"excerpt":{"rendered":"<table width=\"564\">\n<tbody>\n<tr>\n<td width=\"113\"><strong>T\u00ean s\u1ea3n ph\u1ea9m<\/strong><\/td>\n<td width=\"402\">B\u01a1 \u0111\u1eadu ph\u1ed9ng \u1ed5n \u0111\u1ecbnh<\/td>\n<\/tr>\n<tr>\n<td width=\"113\"><strong>Th\u00f4ng s\u1ed1 k\u1ef9 thu\u1eadt<\/strong><\/td>\n<td width=\"402\">10kgx1, 20kgx1, 22kgx1<\/td>\n<\/tr>\n<tr>\n<td width=\"113\"><strong>Bi\u1ec3u m\u1eabu \u0111\u00f3ng g\u00f3i<\/strong><\/td>\n<td width=\"402\">H\u0169, X\u00f4, G\u00f3i Doy, T\u00fai, Th\u00f9ng c\u00e1c t\u00f4ng, Thi\u1ebfc, Th\u00f9ng, Lon, Chai, v.v.<\/td>\n<\/tr>\n<tr>\n<td width=\"113\"><strong>Th\u1eddi gian giao h\u00e0ng<\/strong><\/td>\n<td width=\"402\">7~20 ng\u00e0y sau khi \u0111\u1eb7t h\u00e0ng<\/td>\n<\/tr>\n<tr>\n<td width=\"113\"><strong>S\u1ed1 l\u01b0\u1ee3ng \u0111\u1eb7t h\u00e0ng t\u1ed1i thi\u1ec3u<\/strong><\/td>\n<td width=\"402\">M\u1ed9t t\u1ea5n<\/td>\n<\/tr>\n<tr>\n<td width=\"113\"><strong>V\u1eadt m\u1eabu<\/strong><\/td>\n<td width=\"402\">M\u1eabu mi\u1ec5n ph\u00ed c\u00f3 s\u1eb5n<\/td>\n<\/tr>\n<tr>\n<td width=\"113\"><strong>OEM<\/strong><\/td>\n<td width=\"402\">Nh\u00e3n c\u1ee7a ng\u01b0\u1eddi mua \u0111\u01b0\u1ee3c ch\u1ea5p nh\u1eadn<\/td>\n<\/tr>\n<\/tbody>\n<\/table>","protected":false},"featured_media":1692,"comment_status":"open","ping_status":"closed","template":"","meta":[],"product_cat":[15],"product_tag":[],"class_list":{"0":"post-1545","1":"product","2":"type-product","3":"status-publish","4":"has-post-thumbnail","6":"product_cat-peanut-butter","8":"first","9":"instock","10":"shipping-taxable","11":"product-type-simple"},"yoast_head":"<!-- This site is optimized with the Yoast SEO plugin v24.9 - https:\/\/yoast.com\/wordpress\/plugins\/seo\/ -->\n<title>Stabilized Peanut Butter China Producer - Peanut Butter Factory<\/title>\n<meta name=\"description\" content=\"Leading stabilized peanut butter OEM private label manufacturer and exporter. High-quality and packaging customized to meet global market demands.\" \/>\n<meta name=\"robots\" content=\"index, follow, max-snippet:-1, max-image-preview:large, max-video-preview:-1\" \/>\n<link rel=\"canonical\" href=\"https:\/\/www.peanutoem.com\/vi\/manufacturer\/stabilized-peanut-butter\/\" \/>\n<meta property=\"og:locale\" content=\"vi_VN\" \/>\n<meta property=\"og:type\" content=\"article\" \/>\n<meta property=\"og:title\" content=\"Stabilized Peanut Butter China Producer - Peanut Butter Factory\" \/>\n<meta property=\"og:description\" content=\"Leading stabilized peanut butter OEM private label manufacturer and exporter. High-quality and packaging customized to meet global market demands.\" \/>\n<meta property=\"og:url\" content=\"https:\/\/www.peanutoem.com\/vi\/manufacturer\/stabilized-peanut-butter\/\" \/>\n<meta property=\"og:site_name\" content=\"Peanut Butter Factory\" \/>\n<meta property=\"article:modified_time\" content=\"2024-09-28T05:39:23+00:00\" \/>\n<meta property=\"og:image\" content=\"https:\/\/www.peanutoem.com\/wp-content\/uploads\/2024\/09\/Stabilized-Peanut-Butter-in-Jar.webp\" \/>\n\t<meta property=\"og:image:width\" content=\"1000\" \/>\n\t<meta property=\"og:image:height\" content=\"1000\" \/>\n\t<meta property=\"og:image:type\" content=\"image\/webp\" \/>\n<meta name=\"twitter:card\" content=\"summary_large_image\" \/>\n<meta name=\"twitter:label1\" content=\"\u01af\u1edbc t\u00ednh th\u1eddi gian \u0111\u1ecdc\" \/>\n\t<meta name=\"twitter:data1\" content=\"4 ph\u00fat\" \/>\n<script type=\"application\/ld+json\" class=\"yoast-schema-graph\">{\"@context\":\"https:\/\/schema.org\",\"@graph\":[{\"@type\":\"WebPage\",\"@id\":\"https:\/\/www.peanutoem.com\/manufacturer\/stabilized-peanut-butter\/\",\"url\":\"https:\/\/www.peanutoem.com\/manufacturer\/stabilized-peanut-butter\/\",\"name\":\"Stabilized Peanut Butter China Producer - Peanut Butter Factory\",\"isPartOf\":{\"@id\":\"https:\/\/www.peanutoem.com\/#website\"},\"primaryImageOfPage\":{\"@id\":\"https:\/\/www.peanutoem.com\/manufacturer\/stabilized-peanut-butter\/#primaryimage\"},\"image\":{\"@id\":\"https:\/\/www.peanutoem.com\/manufacturer\/stabilized-peanut-butter\/#primaryimage\"},\"thumbnailUrl\":\"https:\/\/www.peanutoem.com\/wp-content\/uploads\/2024\/09\/Stabilized-Peanut-Butter-in-Jar.webp\",\"datePublished\":\"2024-09-02T13:38:22+00:00\",\"dateModified\":\"2024-09-28T05:39:23+00:00\",\"description\":\"Leading stabilized peanut butter OEM private label manufacturer and exporter. High-quality and packaging customized to meet global market demands.\",\"breadcrumb\":{\"@id\":\"https:\/\/www.peanutoem.com\/manufacturer\/stabilized-peanut-butter\/#breadcrumb\"},\"inLanguage\":\"vi\",\"potentialAction\":[{\"@type\":\"ReadAction\",\"target\":[\"https:\/\/www.peanutoem.com\/manufacturer\/stabilized-peanut-butter\/\"]}]},{\"@type\":\"ImageObject\",\"inLanguage\":\"vi\",\"@id\":\"https:\/\/www.peanutoem.com\/manufacturer\/stabilized-peanut-butter\/#primaryimage\",\"url\":\"https:\/\/www.peanutoem.com\/wp-content\/uploads\/2024\/09\/Stabilized-Peanut-Butter-in-Jar.webp\",\"contentUrl\":\"https:\/\/www.peanutoem.com\/wp-content\/uploads\/2024\/09\/Stabilized-Peanut-Butter-in-Jar.webp\",\"width\":1000,\"height\":1000,\"caption\":\"Stabilized Peanut Butter in Jar\"},{\"@type\":\"BreadcrumbList\",\"@id\":\"https:\/\/www.peanutoem.com\/manufacturer\/stabilized-peanut-butter\/#breadcrumb\",\"itemListElement\":[{\"@type\":\"ListItem\",\"position\":1,\"name\":\"Home\",\"item\":\"https:\/\/www.peanutoem.com\/\"},{\"@type\":\"ListItem\",\"position\":2,\"name\":\"Products\",\"item\":\"https:\/\/www.peanutoem.com\/shop\/\"},{\"@type\":\"ListItem\",\"position\":3,\"name\":\"Stabilized Peanut Butter\"}]},{\"@type\":\"WebSite\",\"@id\":\"https:\/\/www.peanutoem.com\/#website\",\"url\":\"https:\/\/www.peanutoem.com\/\",\"name\":\"Peanut Butter Factory\",\"description\":\"Peanut Butter Manufacturer and Roast Peanut OEM Factory | Peanut Private Label China Supplier\",\"publisher\":{\"@id\":\"https:\/\/www.peanutoem.com\/#organization\"},\"alternateName\":\"Peanut Butter OEM and Wholesale\",\"potentialAction\":[{\"@type\":\"SearchAction\",\"target\":{\"@type\":\"EntryPoint\",\"urlTemplate\":\"https:\/\/www.peanutoem.com\/?s={search_term_string}\"},\"query-input\":{\"@type\":\"PropertyValueSpecification\",\"valueRequired\":true,\"valueName\":\"search_term_string\"}}],\"inLanguage\":\"vi\"},{\"@type\":\"Organization\",\"@id\":\"https:\/\/www.peanutoem.com\/#organization\",\"name\":\"Peanut Butter Factory\",\"alternateName\":\"JuFeng Group\",\"url\":\"https:\/\/www.peanutoem.com\/\",\"logo\":{\"@type\":\"ImageObject\",\"inLanguage\":\"vi\",\"@id\":\"https:\/\/www.peanutoem.com\/#\/schema\/logo\/image\/\",\"url\":\"https:\/\/www.peanutoem.com\/wp-content\/uploads\/2024\/09\/JUFENG-LOGO.png\",\"contentUrl\":\"https:\/\/www.peanutoem.com\/wp-content\/uploads\/2024\/09\/JUFENG-LOGO.png\",\"width\":600,\"height\":170,\"caption\":\"Peanut Butter Factory\"},\"image\":{\"@id\":\"https:\/\/www.peanutoem.com\/#\/schema\/logo\/image\/\"}}]}<\/script>\n<!-- \/ Yoast SEO plugin. -->","yoast_head_json":{"title":"Stabilized Peanut Butter China Producer - Peanut Butter Factory","description":"Leading stabilized peanut butter OEM private label manufacturer and exporter. High-quality and packaging customized to meet global market demands.","robots":{"index":"index","follow":"follow","max-snippet":"max-snippet:-1","max-image-preview":"max-image-preview:large","max-video-preview":"max-video-preview:-1"},"canonical":"https:\/\/www.peanutoem.com\/vi\/manufacturer\/stabilized-peanut-butter\/","og_locale":"vi_VN","og_type":"article","og_title":"Stabilized Peanut Butter China Producer - Peanut Butter Factory","og_description":"Leading stabilized peanut butter OEM private label manufacturer and exporter. High-quality and packaging customized to meet global market demands.","og_url":"https:\/\/www.peanutoem.com\/vi\/manufacturer\/stabilized-peanut-butter\/","og_site_name":"Peanut Butter Factory","article_modified_time":"2024-09-28T05:39:23+00:00","og_image":[{"width":1000,"height":1000,"url":"https:\/\/www.peanutoem.com\/wp-content\/uploads\/2024\/09\/Stabilized-Peanut-Butter-in-Jar.webp","type":"image\/webp"}],"twitter_card":"summary_large_image","twitter_misc":{"\u01af\u1edbc t\u00ednh th\u1eddi gian \u0111\u1ecdc":"4 ph\u00fat"},"schema":{"@context":"https:\/\/schema.org","@graph":[{"@type":"WebPage","@id":"https:\/\/www.peanutoem.com\/manufacturer\/stabilized-peanut-butter\/","url":"https:\/\/www.peanutoem.com\/manufacturer\/stabilized-peanut-butter\/","name":"Stabilized Peanut Butter China Producer - Peanut Butter Factory","isPartOf":{"@id":"https:\/\/www.peanutoem.com\/#website"},"primaryImageOfPage":{"@id":"https:\/\/www.peanutoem.com\/manufacturer\/stabilized-peanut-butter\/#primaryimage"},"image":{"@id":"https:\/\/www.peanutoem.com\/manufacturer\/stabilized-peanut-butter\/#primaryimage"},"thumbnailUrl":"https:\/\/www.peanutoem.com\/wp-content\/uploads\/2024\/09\/Stabilized-Peanut-Butter-in-Jar.webp","datePublished":"2024-09-02T13:38:22+00:00","dateModified":"2024-09-28T05:39:23+00:00","description":"Leading stabilized peanut butter OEM private label manufacturer and exporter. High-quality and packaging customized to meet global market demands.","breadcrumb":{"@id":"https:\/\/www.peanutoem.com\/manufacturer\/stabilized-peanut-butter\/#breadcrumb"},"inLanguage":"vi","potentialAction":[{"@type":"ReadAction","target":["https:\/\/www.peanutoem.com\/manufacturer\/stabilized-peanut-butter\/"]}]},{"@type":"ImageObject","inLanguage":"vi","@id":"https:\/\/www.peanutoem.com\/manufacturer\/stabilized-peanut-butter\/#primaryimage","url":"https:\/\/www.peanutoem.com\/wp-content\/uploads\/2024\/09\/Stabilized-Peanut-Butter-in-Jar.webp","contentUrl":"https:\/\/www.peanutoem.com\/wp-content\/uploads\/2024\/09\/Stabilized-Peanut-Butter-in-Jar.webp","width":1000,"height":1000,"caption":"Stabilized Peanut Butter in Jar"},{"@type":"BreadcrumbList","@id":"https:\/\/www.peanutoem.com\/manufacturer\/stabilized-peanut-butter\/#breadcrumb","itemListElement":[{"@type":"ListItem","position":1,"name":"Home","item":"https:\/\/www.peanutoem.com\/"},{"@type":"ListItem","position":2,"name":"Products","item":"https:\/\/www.peanutoem.com\/shop\/"},{"@type":"ListItem","position":3,"name":"Stabilized Peanut Butter"}]},{"@type":"WebSite","@id":"https:\/\/www.peanutoem.com\/#website","url":"https:\/\/www.peanutoem.com\/","name":"Peanut Butter Factory","description":"Peanut Butter Manufacturer and Roast Peanut OEM Factory | Peanut Private Label China Supplier","publisher":{"@id":"https:\/\/www.peanutoem.com\/#organization"},"alternateName":"Peanut Butter OEM and Wholesale","potentialAction":[{"@type":"SearchAction","target":{"@type":"EntryPoint","urlTemplate":"https:\/\/www.peanutoem.com\/?s={search_term_string}"},"query-input":{"@type":"PropertyValueSpecification","valueRequired":true,"valueName":"search_term_string"}}],"inLanguage":"vi"},{"@type":"Organization","@id":"https:\/\/www.peanutoem.com\/#organization","name":"Peanut Butter Factory","alternateName":"JuFeng Group","url":"https:\/\/www.peanutoem.com\/","logo":{"@type":"ImageObject","inLanguage":"vi","@id":"https:\/\/www.peanutoem.com\/#\/schema\/logo\/image\/","url":"https:\/\/www.peanutoem.com\/wp-content\/uploads\/2024\/09\/JUFENG-LOGO.png","contentUrl":"https:\/\/www.peanutoem.com\/wp-content\/uploads\/2024\/09\/JUFENG-LOGO.png","width":600,"height":170,"caption":"Peanut Butter Factory"},"image":{"@id":"https:\/\/www.peanutoem.com\/#\/schema\/logo\/image\/"}}]}},"_links":{"self":[{"href":"https:\/\/www.peanutoem.com\/vi\/wp-json\/wp\/v2\/product\/1545","targetHints":{"allow":["GET"]}}],"collection":[{"href":"https:\/\/www.peanutoem.com\/vi\/wp-json\/wp\/v2\/product"}],"about":[{"href":"https:\/\/www.peanutoem.com\/vi\/wp-json\/wp\/v2\/types\/product"}],"replies":[{"embeddable":true,"href":"https:\/\/www.peanutoem.com\/vi\/wp-json\/wp\/v2\/comments?post=1545"}],"wp:featuredmedia":[{"embeddable":true,"href":"https:\/\/www.peanutoem.com\/vi\/wp-json\/wp\/v2\/media\/1692"}],"wp:attachment":[{"href":"https:\/\/www.peanutoem.com\/vi\/wp-json\/wp\/v2\/media?parent=1545"}],"wp:term":[{"taxonomy":"product_cat","embeddable":true,"href":"https:\/\/www.peanutoem.com\/vi\/wp-json\/wp\/v2\/product_cat?post=1545"},{"taxonomy":"product_tag","embeddable":true,"href":"https:\/\/www.peanutoem.com\/vi\/wp-json\/wp\/v2\/product_tag?post=1545"}],"curies":[{"name":"wp","href":"https:\/\/api.w.org\/{rel}","templated":true}]}}