{"id":1555,"date":"2024-09-02T14:00:33","date_gmt":"2024-09-02T14:00:33","guid":{"rendered":"https:\/\/www.peanutoem.com\/?post_type=product&#038;p=1555"},"modified":"2024-09-28T04:44:51","modified_gmt":"2024-09-28T04:44:51","slug":"roasted-peanut-kernels-in-split","status":"publish","type":"product","link":"https:\/\/www.peanutoem.com\/vi\/manufacturer\/roasted-peanut-kernels-in-split\/","title":{"rendered":"H\u1ea1t \u0111\u1eadu ph\u1ed9ng rang c\u1eaft l\u00e1t | H\u1ea1t \u0111\u1eadu ph\u1ed9ng rang c\u1eaft l\u00e1t"},"content":{"rendered":"<h3>H\u1ea1t \u0111\u1eadu ph\u1ed9ng rang \u1edf d\u1ea1ng t\u00e1ch \u0111\u00f4i l\u00e0 g\u00ec?<\/h3>\n<p>H\u1ea1t \u0111\u1eadu ph\u1ed9ng rang t\u00e1ch \u0111\u00f4i hay c\u00f2n g\u1ecdi l\u00e0 H\u1ea1t \u0111\u1eadu ph\u1ed9ng rang t\u00e1ch \u0111\u00f4i, l\u00e0 lo\u1ea1i \u0111\u1eadu ph\u1ed9ng \u0111\u01b0\u1ee3c rang c\u1ea9n th\u1eadn \u0111\u1ebfn \u0111\u1ed9 ho\u00e0n h\u1ea3o v\u00e0 sau \u0111\u00f3 \u0111\u01b0\u1ee3c t\u00e1ch \u0111\u00f4i c\u1ea9n th\u1eadn. Ch\u00fang \u0111\u01b0\u1ee3c bi\u1ebft \u0111\u1ebfn v\u1edbi h\u01b0\u01a1ng th\u01a1m n\u1ed3ng n\u00e0n, v\u1ecb gi\u00f2n v\u00e0 \u1ee9ng d\u1ee5ng r\u1ed9ng r\u00e3i trong \u0111\u1ed3 \u0103n nh\u1eb9, \u0111\u1ed3 n\u01b0\u1edbng v\u00e0 nhi\u1ec1u lo\u1ea1i th\u1ef1c ph\u1ea9m kh\u00e1c nhau. Qu\u00e1 tr\u00ecnh rang kh\u00f4ng ch\u1ec9 l\u00e0m t\u0103ng h\u01b0\u01a1ng v\u1ecb t\u1ef1 nhi\u00ean c\u1ee7a \u0111\u1eadu ph\u1ed9ng m\u00e0 c\u00f2n tr\u1edf th\u00e0nh l\u1ef1a ch\u1ecdn l\u00fd t\u01b0\u1edfng cho c\u00e1c nh\u00e0 s\u1ea3n xu\u1ea5t th\u1ef1c ph\u1ea9m, th\u01b0\u01a1ng hi\u1ec7u \u0111\u1ed3 \u0103n nh\u1eb9 v\u00e0 ng\u01b0\u1eddi ti\u00eau d\u00f9ng theo \u0111u\u1ed5i ch\u1ebf \u0111\u1ed9 \u0103n u\u1ed1ng l\u00e0nh m\u1ea1nh h\u01a1n.<\/p>\n<h3>T\u00ean g\u1ecdi kh\u00e1c c\u1ee7a H\u1ea1t \u0111\u1eadu ph\u1ed9ng rang trong Split<\/h3>\n<p>H\u1ea1t \u0111\u1eadu ph\u1ed9ng rang Split c\u00f2n \u0111\u01b0\u1ee3c g\u1ecdi b\u1eb1ng nh\u1eefng t\u00ean kh\u00e1c t\u00f9y theo khu v\u1ef1c ho\u1eb7c th\u1ecb tr\u01b0\u1eddng, bao g\u1ed3m:<\/p>\n<ul>\n<li>\u0110\u1eadu ph\u1ed9ng rang<\/li>\n<li>N\u1eeda h\u1ea1t \u0111\u1eadu ph\u1ed9ng rang<\/li>\n<li>H\u1ea1t \u0111\u1eadu ph\u1ed9ng rang<\/li>\n<li>\u0110\u1eadu ph\u1ed9ng t\u00e1ch \u0111\u00f4i<\/li>\n<\/ul>\n<h3>Ch\u1ee7 \u0111\u1ec1 n\u00f3ng c\u00f3 li\u00ean quan<\/h3>\n<ol>\n<li><strong>L\u1ee3i \u00edch s\u1ee9c kh\u1ecfe c\u1ee7a h\u1ea1t \u0111\u1eadu ph\u1ed9ng rang<\/strong>: H\u1ea1t \u0111\u1eadu ph\u1ed9ng rang l\u00e0 ngu\u1ed3n cung c\u1ea5p protein, ch\u1ea5t b\u00e9o l\u00e0nh m\u1ea1nh v\u00e0 vitamin thi\u1ebft y\u1ebfu. Ch\u00fang l\u00e0 m\u00f3n \u0103n nh\u1eb9 b\u1ed5 d\u01b0\u1ee1ng ho\u1eb7c th\u00e0nh ph\u1ea7n trong nhi\u1ec1u s\u1ea3n ph\u1ea9m t\u1eadp trung v\u00e0o s\u1ee9c kh\u1ecfe.<\/li>\n<li><strong>Nhu c\u1ea7u ng\u00e0y c\u00e0ng t\u0103ng \u0111\u1ed1i v\u1edbi \u0111\u1ed3 \u0103n nh\u1eb9 l\u00e0m t\u1eeb \u0111\u1eadu ph\u1ed9ng:<\/strong> H\u1ea1t \u0111\u1eadu ph\u1ed9ng rang d\u1ea1ng t\u00e1ch \u0111\u00f4i \u0111ang ng\u00e0y c\u00e0ng \u0111\u01b0\u1ee3c \u01b0a chu\u1ed9ng do nhu c\u1ea7u v\u1ec1 \u0111\u1ed3 \u0103n nh\u1eb9 l\u00e0nh m\u1ea1nh ng\u00e0y c\u00e0ng t\u0103ng.<\/li>\n<li><strong>An to\u00e0n th\u1ef1c ph\u1ea9m v\u00e0 ki\u1ec3m so\u00e1t ch\u1ea5t l\u01b0\u1ee3ng trong ch\u1ebf bi\u1ebfn \u0111\u1eadu ph\u1ed9ng:<\/strong> Vi\u1ec7c duy tr\u00ec c\u00e1c ti\u00eau chu\u1ea9n s\u1ea3n xu\u1ea5t v\u00e0 x\u1eed l\u00fd cao l\u00e0 r\u1ea5t quan tr\u1ecdng \u0111\u1ec3 \u0111\u1ea3m b\u1ea3o t\u00ednh to\u00e0n v\u1eb9n c\u1ee7a s\u1ea3n ph\u1ea9m v\u00e0 tu\u00e2n th\u1ee7 c\u00e1c quy \u0111\u1ecbnh v\u1ec1 an to\u00e0n th\u1ef1c ph\u1ea9m.<\/li>\n<li><strong>S\u1ea3n ph\u1ea9m \u0111\u1eadu ph\u1ed9ng nh\u00e3n hi\u1ec7u ri\u00eang:<\/strong> Nhi\u1ec1u th\u01b0\u01a1ng hi\u1ec7u ch\u1ecdn d\u1ecbch v\u1ee5 nh\u00e3n hi\u1ec7u ri\u00eang c\u1ee7a ch\u00fang t\u00f4i \u0111\u1ec3 cung c\u1ea5p h\u1ea1t \u0111\u1eadu ph\u1ed9ng rang th\u00e1i l\u00e1t cao c\u1ea5p d\u01b0\u1edbi th\u01b0\u01a1ng hi\u1ec7u c\u1ee7a h\u1ecd.<\/li>\n<\/ol>\n<p><img loading=\"lazy\" decoding=\"async\" class=\"alignnone wp-image-1720 size-large\" src=\"https:\/\/www.peanutoem.com\/wp-content\/uploads\/2024\/09\/Roasted-Peanut-Power-in-Carton-1024x908.webp\" alt=\"\u0110\u1eadu ph\u1ed9ng rang Power trong h\u1ed9p\" width=\"1020\" height=\"904\" srcset=\"https:\/\/www.peanutoem.com\/wp-content\/uploads\/2024\/09\/Roasted-Peanut-Power-in-Carton-1024x908.webp 1024w, https:\/\/www.peanutoem.com\/wp-content\/uploads\/2024\/09\/Roasted-Peanut-Power-in-Carton-300x266.webp 300w, https:\/\/www.peanutoem.com\/wp-content\/uploads\/2024\/09\/Roasted-Peanut-Power-in-Carton-768x681.webp 768w, https:\/\/www.peanutoem.com\/wp-content\/uploads\/2024\/09\/Roasted-Peanut-Power-in-Carton-1536x1362.webp 1536w, https:\/\/www.peanutoem.com\/wp-content\/uploads\/2024\/09\/Roasted-Peanut-Power-in-Carton-2048x1816.webp 2048w, https:\/\/www.peanutoem.com\/wp-content\/uploads\/2024\/09\/Roasted-Peanut-Power-in-Carton-14x12.webp 14w, https:\/\/www.peanutoem.com\/wp-content\/uploads\/2024\/09\/Roasted-Peanut-Power-in-Carton-600x532.webp 600w\" sizes=\"auto, (max-width: 1020px) 100vw, 1020px\" \/><\/p>\n<hr \/>\n<h3>T\u1ea1i sao n\u00ean ch\u1ecdn ch\u00fang t\u00f4i l\u00e0 nh\u00e0 cung c\u1ea5p h\u1ea1t \u0111\u1eadu ph\u1ed9ng rang th\u00e1i l\u00e1t?<\/h3>\n<p>Ch\u00fang t\u00f4i l\u00e0 nh\u00e0 cung c\u1ea5p H\u1ea1t \u0111\u1eadu ph\u1ed9ng rang \u0111\u00e1ng tin c\u1eady t\u1ea1i Split v\u00ec m\u1ed9t s\u1ed1 l\u00fd do ch\u00ednh \u0111\u00e1ng:<\/p>\n<ul>\n<li><strong>C\u01a1 s\u1edf s\u1ea3n xu\u1ea5t ti\u00ean ti\u1ebfn:<\/strong> Nh\u00e0 m\u00e1y c\u1ee7a ch\u00fang t\u00f4i s\u1eed d\u1ee5ng d\u00e2y chuy\u1ec1n s\u1ea3n xu\u1ea5t ti\u00ean ti\u1ebfn nh\u1ea5t c\u1ee7a Hoa K\u1ef3 cho quy tr\u00ecnh rang v\u00e0 c\u1eaft h\u00e0ng \u0111\u1ea7u.<\/li>\n<li><strong>\u0110\u1ea3m b\u1ea3o ch\u1ea5t l\u01b0\u1ee3ng nghi\u00eam ng\u1eb7t:<\/strong> Ch\u00fang t\u00f4i th\u1ef1c hi\u1ec7n c\u00e1c th\u1eed nghi\u1ec7m to\u00e0n di\u1ec7n trong ph\u00f2ng th\u00ed nghi\u1ec7m \u0111\u1ec3 \u0111\u1ea3m b\u1ea3o m\u1ed7i l\u00f4 h\u00e0ng \u0111\u1ec1u \u0111\u00e1p \u1ee9ng c\u00e1c ti\u00eau chu\u1ea9n to\u00e0n c\u1ea7u.<\/li>\n<li><strong>Ch\u1ee9ng nh\u1eadn to\u00e0n c\u1ea7u:<\/strong> H\u1ea1t \u0111\u1eadu ph\u1ed9ng rang c\u1ee7a ch\u00fang t\u00f4i \u0111\u01b0\u1ee3c ch\u1ee9ng nh\u1eadn HACCP, BRCGS, Kosher, Halal v\u00e0 EU Organic v\u1ec1 ch\u1ea5t l\u01b0\u1ee3ng v\u00e0 \u0111\u1ed9 an to\u00e0n.<\/li>\n<li><strong>Chu\u1ed7i cung \u1ee9ng \u0111\u00e1ng tin c\u1eady:<\/strong> Kho h\u00e0ng l\u1edbn c\u00f3 nhi\u1ec7t \u0111\u1ed9 \u1ed5n \u0111\u1ecbnh c\u1ee7a ch\u00fang t\u00f4i \u0111\u1ea3m b\u1ea3o ch\u1ea5t l\u01b0\u1ee3ng s\u1ea3n ph\u1ea9m v\u00e0 ngu\u1ed3n cung \u1ed5n \u0111\u1ecbnh quanh n\u0103m.<\/li>\n<li><strong>D\u1ecbch v\u1ee5 t\u00f9y ch\u1ec9nh:<\/strong> Ch\u00fang t\u00f4i cung c\u1ea5p c\u00e1c gi\u1ea3i ph\u00e1p nh\u00e3n hi\u1ec7u ri\u00eang \u0111\u01b0\u1ee3c thi\u1ebft k\u1ebf ri\u00eang \u0111\u1ec3 \u0111\u00e1p \u1ee9ng nhu c\u1ea7u c\u1ee5 th\u1ec3 c\u1ee7a c\u00e1c th\u01b0\u01a1ng hi\u1ec7u v\u00e0 nh\u00e0 nh\u1eadp kh\u1ea9u tr\u00ean to\u00e0n c\u1ea7u.<\/li>\n<li><strong>Ph\u00e1t tri\u1ec3n b\u1ec1n v\u1eefng:<\/strong> Ch\u00fang t\u00f4i t\u1eadp trung v\u00e0o c\u00e1c ho\u1ea1t \u0111\u1ed9ng b\u1ec1n v\u1eefng v\u00e0 h\u1ee3p t\u00e1c v\u1edbi c\u00e1c chu\u1ed7i si\u00eau th\u1ecb n\u1ed5i ti\u1ebfng v\u00ec s\u1ef1 th\u1ecbnh v\u01b0\u1ee3ng chung.<\/li>\n<\/ul>\n<h3>H\u1ecfi &amp; \u0110\u00e1p V\u1ec1 H\u1ea1t \u0110\u1eadu Ph\u1ed9ng Rang Th\u00e1i L\u00e1t<\/h3>\n<p><strong>H: \u0110i\u1ec1u g\u00ec khi\u1ebfn b\u1ea1n tr\u1edf th\u00e0nh nh\u00e0 cung c\u1ea5p h\u00e0ng \u0111\u1ea7u v\u1ec1 h\u1ea1t \u0111\u1eadu ph\u1ed9ng rang t\u00e1ch \u0111\u00f4i?<\/strong><br \/>\n<strong>M\u1ed8T:<\/strong> C\u01a1 s\u1edf s\u1ea3n xu\u1ea5t ti\u00ean ti\u1ebfn, quy tr\u00ecnh \u0111\u1ea3m b\u1ea3o ch\u1ea5t l\u01b0\u1ee3ng nghi\u00eam ng\u1eb7t v\u00e0 ch\u1ee9ng nh\u1eadn to\u00e0n c\u1ea7u \u0111\u1ea3m b\u1ea3o ch\u00fang t\u00f4i lu\u00f4n cung c\u1ea5p c\u00e1c s\u1ea3n ph\u1ea9m ch\u1ea5t l\u01b0\u1ee3ng cao.<\/p>\n<p><strong>H: T\u00f4i c\u00f3 th\u1ec3 t\u00f9y ch\u1ec9nh bao b\u00ec mang th\u01b0\u01a1ng hi\u1ec7u c\u1ee7a m\u00ecnh kh\u00f4ng?<\/strong><br \/>\n<strong>M\u1ed8T:<\/strong> C\u00f3, ch\u00fang t\u00f4i cung c\u1ea5p d\u1ecbch v\u1ee5 nh\u00e3n hi\u1ec7u ri\u00eang, cho ph\u00e9p t\u00f9y ch\u1ec9nh to\u00e0n b\u1ed9 bao b\u00ec v\u00e0 th\u01b0\u01a1ng hi\u1ec7u \u0111\u1ec3 \u0111\u00e1p \u1ee9ng nhu c\u1ea7u th\u1ecb tr\u01b0\u1eddng c\u1ee7a b\u1ea1n.<\/p>\n<p><strong>H: H\u1ea1t \u0111\u1eadu ph\u1ed9ng rang c\u1ee7a b\u1ea1n c\u00f3 ch\u1ee9ng nh\u1eadn g\u00ec?<\/strong><br \/>\n<strong>M\u1ed8T:<\/strong> S\u1ea3n ph\u1ea9m c\u1ee7a ch\u00fang t\u00f4i \u0111\u01b0\u1ee3c ch\u1ee9ng nh\u1eadn theo ti\u00eau chu\u1ea9n HACCP, BRC, Halal, Kosher, EU Organic v\u00e0 c\u00e1c ti\u00eau chu\u1ea9n to\u00e0n c\u1ea7u kh\u00e1c, \u0111\u1ea3m b\u1ea3o ch\u1ea5t l\u01b0\u1ee3ng v\u00e0 an to\u00e0n.<\/p>\n<p><strong>H: L\u00e0m th\u1ebf n\u00e0o \u0111\u1ec3 \u0111\u1ea3m b\u1ea3o \u0111\u1ed9 t\u01b0\u01a1i v\u00e0 ch\u1ea5t l\u01b0\u1ee3ng?<\/strong><br \/>\n<strong>M\u1ed8T:<\/strong> C\u01a1 s\u1edf l\u01b0u tr\u1eef nhi\u1ec7t \u0111\u1ed9 kh\u00f4ng \u0111\u1ed5i r\u1ed9ng l\u1edbn c\u1ee7a ch\u00fang t\u00f4i duy tr\u00ec \u0111i\u1ec1u ki\u1ec7n t\u1ed1i \u01b0u, b\u1ea3o qu\u1ea3n \u0111\u1ed9 t\u01b0\u01a1i ngon v\u00e0 ch\u1ea5t l\u01b0\u1ee3ng cho \u0111\u1ebfn khi giao h\u00e0ng.<\/p>\n<p><strong>Q: B\u1ea1n c\u00f3 cung c\u1ea5p \u0111\u01a1n h\u00e0ng s\u1ed1 l\u01b0\u1ee3ng l\u1edbn \u0111\u1ec3 v\u1eadn chuy\u1ec3n qu\u1ed1c t\u1ebf kh\u00f4ng?<\/strong><br \/>\n<strong>M\u1ed8T:<\/strong> C\u00f3, ch\u00fang t\u00f4i chuy\u00ean nh\u1eadn \u0111\u01a1n h\u00e0ng s\u1ed1 l\u01b0\u1ee3ng l\u1edbn v\u00e0 v\u1eadn chuy\u1ec3n qu\u1ed1c t\u1ebf, \u0111\u1ea3m b\u1ea3o chu\u1ed7i cung \u1ee9ng li\u1ec1n m\u1ea1ch cho kh\u00e1ch h\u00e0ng to\u00e0n c\u1ea7u.<\/p>\n<p><strong>H: L\u1ee3i \u00edch c\u1ee7a vi\u1ec7c ch\u1ecdn h\u1ea1t \u0111\u1eadu ph\u1ed9ng rang d\u1ea1ng t\u00e1ch \u0111\u00f4i l\u00e0 g\u00ec?<\/strong><br \/>\n<strong>M\u1ed8T:<\/strong> H\u1ea1t \u0111\u1eadu ph\u1ed9ng rang ch\u00edn l\u00e0 s\u1ea3n ph\u1ea9m s\u1eb5n s\u00e0ng s\u1eed d\u1ee5ng v\u1edbi h\u01b0\u01a1ng v\u1ecb v\u00e0 k\u1ebft c\u1ea5u tuy\u1ec7t v\u1eddi, l\u00fd t\u01b0\u1edfng \u0111\u1ec3 l\u00e0m \u0111\u1ed3 \u0103n nh\u1eb9 v\u00e0 trang tr\u00ed.<\/p>\n<p><strong>H: Trong h\u1ea1t \u0111\u1eadu ph\u1ed9ng rang c\u1ee7a b\u1ea1n c\u00f3 ch\u1ea5t ph\u1ee5 gia kh\u00f4ng?<\/strong><br \/>\n<strong>M\u1ed8T:<\/strong> Kh\u00f4ng, h\u1ea1t \u0111\u1eadu ph\u1ed9ng rang c\u1ee7a ch\u00fang t\u00f4i kh\u00f4ng ch\u1ee9a ch\u1ea5t ph\u1ee5 gia v\u00e0 ch\u1ea5t b\u1ea3o qu\u1ea3n, \u0111\u1ea3m b\u1ea3o s\u1ea3n ph\u1ea9m t\u1ef1 nhi\u00ean.<\/p>\n<p><strong>H: T\u00f4i c\u00f3 th\u1ec3 y\u00eau c\u1ea7u m\u1ee9c \u0111\u1ed9 rang c\u1ee5 th\u1ec3 kh\u00f4ng?<\/strong><br \/>\n<strong>M\u1ed8T:<\/strong> C\u00f3, ch\u00fang t\u00f4i c\u00f3 th\u1ec3 t\u00f9y ch\u1ec9nh m\u1ee9c \u0111\u1ed9 rang theo y\u00eau c\u1ea7u c\u1ee7a b\u1ea1n, cho d\u00f9 b\u1ea1n th\u00edch rang nh\u1ea1t, v\u1eeba hay \u0111\u1eadm.<\/p>\n<p><strong>H: T\u00f4i c\u00f3 th\u1ec3 y\u00eau c\u1ea7u m\u1eabu nh\u01b0 th\u1ebf n\u00e0o?<\/strong><br \/>\n<strong>M\u1ed8T:<\/strong> <a href=\"mailto:globepeanut@gmail.com\" target=\"_blank\" rel=\"noopener\">Li\u00ean h\u1ec7 <\/a>\u0111\u1ed9i ng\u0169 b\u00e1n h\u00e0ng c\u1ee7a ch\u00fang t\u00f4i s\u1ebd y\u00eau c\u1ea7u m\u1eabu v\u00e0 th\u1ea3o lu\u1eadn v\u1ec1 nhu c\u1ea7u c\u1ee5 th\u1ec3 c\u1ee7a b\u1ea1n.<\/p>\n<p><strong>H: B\u1ea1n cung c\u1ea5p s\u1ea3n ph\u1ea9m cho nh\u1eefng th\u1ecb tr\u01b0\u1eddng n\u00e0o?<\/strong><br \/>\n<strong>M\u1ed8T:<\/strong> Ch\u00fang t\u00f4i cung c\u1ea5p h\u1ea1t \u0111\u1eadu ph\u1ed9ng rang cho nhi\u1ec1u th\u1ecb tr\u01b0\u1eddng tr\u00ean to\u00e0n c\u1ea7u, bao g\u1ed3m B\u1eafc M\u1ef9, Ch\u00e2u \u00c2u, Ch\u00e2u \u00c1 v\u00e0 Trung \u0110\u00f4ng, th\u00f4ng qua quan h\u1ec7 \u0111\u1ed1i t\u00e1c ch\u1eb7t ch\u1ebd trong ng\u00e0nh.<\/p>\n<a href=\"mailto:globepeanut@gmail.com\" class=\"button primary is-primary is-medium\"  >\n    <span>G\u1eedi Email Cho Ch\u00fang T\u00f4i<\/span>\n  <\/a>","protected":false},"excerpt":{"rendered":"<p>Ch\u00fang t\u00f4i l\u00e0 Nh\u00e0 s\u1ea3n xu\u1ea5t v\u00e0 Cung c\u1ea5p H\u1ea1t \u0110\u1eadu Ph\u1ed9ng Rang Th\u00e1i L\u00e1t t\u1ea1i Trung Qu\u1ed1c<\/p>\n<p>\u2013 MOQ: 1 t\u1ea5n<br \/>\n\u2013 Cung c\u1ea5p d\u1ecbch v\u1ee5 OEM\/ODM<br \/>\n\u2013 C\u00f3 s\u1eb5n m\u1eabu mi\u1ec5n ph\u00ed<br \/>\n\u2013 Nh\u1eadn t\u00f9y ch\u1ec9nh (th\u00f4ng s\u1ed1 k\u1ef9 thu\u1eadt, k\u00edch th\u01b0\u1edbc, m\u00e0u s\u1eafc, thi\u1ebft k\u1ebf, v.v.)<br \/>\n\u2013 Quy c\u00e1ch (3-5 mesh, 4-7 mesh, 5-8 mesh, 6-10 mesh, 8-14 mesh ho\u1eb7c theo y\u00eau c\u1ea7u c\u1ee7a b\u1ea1n)<\/p>\n<p>N\u1ebfu b\u1ea1n mu\u1ed1n mua H\u1ea1t \u0111\u1eadu ph\u1ed9ng rang d\u1ea1ng t\u00e1ch \u0111\u00f4i ho\u1eb7c th\u00e1i l\u00e1t, vui l\u00f2ng li\u00ean h\u1ec7 v\u1edbi ch\u00fang t\u00f4i.<\/p>","protected":false},"featured_media":1712,"comment_status":"open","ping_status":"closed","template":"","meta":[],"product_cat":[37],"product_tag":[],"class_list":{"0":"post-1555","1":"product","2":"type-product","3":"status-publish","4":"has-post-thumbnail","6":"product_cat-roasted-peanut","8":"first","9":"instock","10":"shipping-taxable","11":"product-type-simple"},"yoast_head":"<!-- This site is optimized with the Yoast SEO plugin v24.9 - https:\/\/yoast.com\/wordpress\/plugins\/seo\/ -->\n<title>Roasted Peanut Kernels in Split | Sliced Roasted Peanut Kernels - Peanut Butter Factory<\/title>\n<meta name=\"description\" content=\"We are leading OEM manufacturer, supplier, and exporter of high-quality Roasted Peanut Kernels in Split. Private label services and global brands partner.\" \/>\n<meta name=\"robots\" content=\"index, follow, max-snippet:-1, max-image-preview:large, max-video-preview:-1\" \/>\n<link rel=\"canonical\" href=\"https:\/\/www.peanutoem.com\/vi\/manufacturer\/roasted-peanut-kernels-in-split\/\" \/>\n<meta property=\"og:locale\" content=\"vi_VN\" \/>\n<meta property=\"og:type\" content=\"article\" \/>\n<meta property=\"og:title\" content=\"Roasted Peanut Kernels in Split | Sliced Roasted Peanut Kernels - Peanut Butter Factory\" \/>\n<meta property=\"og:description\" content=\"We are leading OEM manufacturer, supplier, and exporter of high-quality Roasted Peanut Kernels in Split. Private label services and global brands partner.\" \/>\n<meta property=\"og:url\" content=\"https:\/\/www.peanutoem.com\/vi\/manufacturer\/roasted-peanut-kernels-in-split\/\" \/>\n<meta property=\"og:site_name\" content=\"Peanut Butter Factory\" \/>\n<meta property=\"article:modified_time\" content=\"2024-09-28T04:44:51+00:00\" \/>\n<meta property=\"og:image\" content=\"https:\/\/www.peanutoem.com\/wp-content\/uploads\/2024\/09\/4-6mm-roasted-peanut-kernels-scaled.webp\" \/>\n\t<meta property=\"og:image:width\" content=\"1920\" \/>\n\t<meta property=\"og:image:height\" content=\"2560\" \/>\n\t<meta property=\"og:image:type\" content=\"image\/webp\" \/>\n<meta name=\"twitter:card\" content=\"summary_large_image\" \/>\n<meta name=\"twitter:label1\" content=\"\u01af\u1edbc t\u00ednh th\u1eddi gian \u0111\u1ecdc\" \/>\n\t<meta name=\"twitter:data1\" content=\"4 ph\u00fat\" \/>\n<script type=\"application\/ld+json\" class=\"yoast-schema-graph\">{\"@context\":\"https:\/\/schema.org\",\"@graph\":[{\"@type\":\"WebPage\",\"@id\":\"https:\/\/www.peanutoem.com\/manufacturer\/roasted-peanut-kernels-in-split\/\",\"url\":\"https:\/\/www.peanutoem.com\/manufacturer\/roasted-peanut-kernels-in-split\/\",\"name\":\"Roasted Peanut Kernels in Split | Sliced Roasted Peanut Kernels - Peanut Butter Factory\",\"isPartOf\":{\"@id\":\"https:\/\/www.peanutoem.com\/#website\"},\"primaryImageOfPage\":{\"@id\":\"https:\/\/www.peanutoem.com\/manufacturer\/roasted-peanut-kernels-in-split\/#primaryimage\"},\"image\":{\"@id\":\"https:\/\/www.peanutoem.com\/manufacturer\/roasted-peanut-kernels-in-split\/#primaryimage\"},\"thumbnailUrl\":\"https:\/\/www.peanutoem.com\/wp-content\/uploads\/2024\/09\/4-6mm-roasted-peanut-kernels-scaled.webp\",\"datePublished\":\"2024-09-02T14:00:33+00:00\",\"dateModified\":\"2024-09-28T04:44:51+00:00\",\"description\":\"We are leading OEM manufacturer, supplier, and exporter of high-quality Roasted Peanut Kernels in Split. Private label services and global brands partner.\",\"breadcrumb\":{\"@id\":\"https:\/\/www.peanutoem.com\/manufacturer\/roasted-peanut-kernels-in-split\/#breadcrumb\"},\"inLanguage\":\"vi\",\"potentialAction\":[{\"@type\":\"ReadAction\",\"target\":[\"https:\/\/www.peanutoem.com\/manufacturer\/roasted-peanut-kernels-in-split\/\"]}]},{\"@type\":\"ImageObject\",\"inLanguage\":\"vi\",\"@id\":\"https:\/\/www.peanutoem.com\/manufacturer\/roasted-peanut-kernels-in-split\/#primaryimage\",\"url\":\"https:\/\/www.peanutoem.com\/wp-content\/uploads\/2024\/09\/4-6mm-roasted-peanut-kernels-scaled.webp\",\"contentUrl\":\"https:\/\/www.peanutoem.com\/wp-content\/uploads\/2024\/09\/4-6mm-roasted-peanut-kernels-scaled.webp\",\"width\":1920,\"height\":2560,\"caption\":\"4-6mm roasted peanut kernels\"},{\"@type\":\"BreadcrumbList\",\"@id\":\"https:\/\/www.peanutoem.com\/manufacturer\/roasted-peanut-kernels-in-split\/#breadcrumb\",\"itemListElement\":[{\"@type\":\"ListItem\",\"position\":1,\"name\":\"Home\",\"item\":\"https:\/\/www.peanutoem.com\/\"},{\"@type\":\"ListItem\",\"position\":2,\"name\":\"Products\",\"item\":\"https:\/\/www.peanutoem.com\/shop\/\"},{\"@type\":\"ListItem\",\"position\":3,\"name\":\"Roasted Peanut Kernels in Split | Sliced Roasted Peanut Kernels\"}]},{\"@type\":\"WebSite\",\"@id\":\"https:\/\/www.peanutoem.com\/#website\",\"url\":\"https:\/\/www.peanutoem.com\/\",\"name\":\"Peanut Butter Factory\",\"description\":\"Peanut Butter Manufacturer and Roast Peanut OEM Factory | Peanut Private Label China Supplier\",\"publisher\":{\"@id\":\"https:\/\/www.peanutoem.com\/#organization\"},\"alternateName\":\"Peanut Butter OEM and Wholesale\",\"potentialAction\":[{\"@type\":\"SearchAction\",\"target\":{\"@type\":\"EntryPoint\",\"urlTemplate\":\"https:\/\/www.peanutoem.com\/?s={search_term_string}\"},\"query-input\":{\"@type\":\"PropertyValueSpecification\",\"valueRequired\":true,\"valueName\":\"search_term_string\"}}],\"inLanguage\":\"vi\"},{\"@type\":\"Organization\",\"@id\":\"https:\/\/www.peanutoem.com\/#organization\",\"name\":\"Peanut Butter Factory\",\"alternateName\":\"JuFeng Group\",\"url\":\"https:\/\/www.peanutoem.com\/\",\"logo\":{\"@type\":\"ImageObject\",\"inLanguage\":\"vi\",\"@id\":\"https:\/\/www.peanutoem.com\/#\/schema\/logo\/image\/\",\"url\":\"https:\/\/www.peanutoem.com\/wp-content\/uploads\/2024\/09\/JUFENG-LOGO.png\",\"contentUrl\":\"https:\/\/www.peanutoem.com\/wp-content\/uploads\/2024\/09\/JUFENG-LOGO.png\",\"width\":600,\"height\":170,\"caption\":\"Peanut Butter Factory\"},\"image\":{\"@id\":\"https:\/\/www.peanutoem.com\/#\/schema\/logo\/image\/\"}}]}<\/script>\n<!-- \/ Yoast SEO plugin. -->","yoast_head_json":{"title":"Roasted Peanut Kernels in Split | Sliced Roasted Peanut Kernels - Peanut Butter Factory","description":"We are leading OEM manufacturer, supplier, and exporter of high-quality Roasted Peanut Kernels in Split. Private label services and global brands partner.","robots":{"index":"index","follow":"follow","max-snippet":"max-snippet:-1","max-image-preview":"max-image-preview:large","max-video-preview":"max-video-preview:-1"},"canonical":"https:\/\/www.peanutoem.com\/vi\/manufacturer\/roasted-peanut-kernels-in-split\/","og_locale":"vi_VN","og_type":"article","og_title":"Roasted Peanut Kernels in Split | Sliced Roasted Peanut Kernels - Peanut Butter Factory","og_description":"We are leading OEM manufacturer, supplier, and exporter of high-quality Roasted Peanut Kernels in Split. Private label services and global brands partner.","og_url":"https:\/\/www.peanutoem.com\/vi\/manufacturer\/roasted-peanut-kernels-in-split\/","og_site_name":"Peanut Butter Factory","article_modified_time":"2024-09-28T04:44:51+00:00","og_image":[{"width":1920,"height":2560,"url":"https:\/\/www.peanutoem.com\/wp-content\/uploads\/2024\/09\/4-6mm-roasted-peanut-kernels-scaled.webp","type":"image\/webp"}],"twitter_card":"summary_large_image","twitter_misc":{"\u01af\u1edbc t\u00ednh th\u1eddi gian \u0111\u1ecdc":"4 ph\u00fat"},"schema":{"@context":"https:\/\/schema.org","@graph":[{"@type":"WebPage","@id":"https:\/\/www.peanutoem.com\/manufacturer\/roasted-peanut-kernels-in-split\/","url":"https:\/\/www.peanutoem.com\/manufacturer\/roasted-peanut-kernels-in-split\/","name":"Roasted Peanut Kernels in Split | Sliced Roasted Peanut Kernels - Peanut Butter Factory","isPartOf":{"@id":"https:\/\/www.peanutoem.com\/#website"},"primaryImageOfPage":{"@id":"https:\/\/www.peanutoem.com\/manufacturer\/roasted-peanut-kernels-in-split\/#primaryimage"},"image":{"@id":"https:\/\/www.peanutoem.com\/manufacturer\/roasted-peanut-kernels-in-split\/#primaryimage"},"thumbnailUrl":"https:\/\/www.peanutoem.com\/wp-content\/uploads\/2024\/09\/4-6mm-roasted-peanut-kernels-scaled.webp","datePublished":"2024-09-02T14:00:33+00:00","dateModified":"2024-09-28T04:44:51+00:00","description":"We are leading OEM manufacturer, supplier, and exporter of high-quality Roasted Peanut Kernels in Split. Private label services and global brands partner.","breadcrumb":{"@id":"https:\/\/www.peanutoem.com\/manufacturer\/roasted-peanut-kernels-in-split\/#breadcrumb"},"inLanguage":"vi","potentialAction":[{"@type":"ReadAction","target":["https:\/\/www.peanutoem.com\/manufacturer\/roasted-peanut-kernels-in-split\/"]}]},{"@type":"ImageObject","inLanguage":"vi","@id":"https:\/\/www.peanutoem.com\/manufacturer\/roasted-peanut-kernels-in-split\/#primaryimage","url":"https:\/\/www.peanutoem.com\/wp-content\/uploads\/2024\/09\/4-6mm-roasted-peanut-kernels-scaled.webp","contentUrl":"https:\/\/www.peanutoem.com\/wp-content\/uploads\/2024\/09\/4-6mm-roasted-peanut-kernels-scaled.webp","width":1920,"height":2560,"caption":"4-6mm roasted peanut kernels"},{"@type":"BreadcrumbList","@id":"https:\/\/www.peanutoem.com\/manufacturer\/roasted-peanut-kernels-in-split\/#breadcrumb","itemListElement":[{"@type":"ListItem","position":1,"name":"Home","item":"https:\/\/www.peanutoem.com\/"},{"@type":"ListItem","position":2,"name":"Products","item":"https:\/\/www.peanutoem.com\/shop\/"},{"@type":"ListItem","position":3,"name":"Roasted Peanut Kernels in Split | Sliced Roasted Peanut Kernels"}]},{"@type":"WebSite","@id":"https:\/\/www.peanutoem.com\/#website","url":"https:\/\/www.peanutoem.com\/","name":"Peanut Butter Factory","description":"Peanut Butter Manufacturer and Roast Peanut OEM Factory | Peanut Private Label China Supplier","publisher":{"@id":"https:\/\/www.peanutoem.com\/#organization"},"alternateName":"Peanut Butter OEM and Wholesale","potentialAction":[{"@type":"SearchAction","target":{"@type":"EntryPoint","urlTemplate":"https:\/\/www.peanutoem.com\/?s={search_term_string}"},"query-input":{"@type":"PropertyValueSpecification","valueRequired":true,"valueName":"search_term_string"}}],"inLanguage":"vi"},{"@type":"Organization","@id":"https:\/\/www.peanutoem.com\/#organization","name":"Peanut Butter Factory","alternateName":"JuFeng Group","url":"https:\/\/www.peanutoem.com\/","logo":{"@type":"ImageObject","inLanguage":"vi","@id":"https:\/\/www.peanutoem.com\/#\/schema\/logo\/image\/","url":"https:\/\/www.peanutoem.com\/wp-content\/uploads\/2024\/09\/JUFENG-LOGO.png","contentUrl":"https:\/\/www.peanutoem.com\/wp-content\/uploads\/2024\/09\/JUFENG-LOGO.png","width":600,"height":170,"caption":"Peanut Butter Factory"},"image":{"@id":"https:\/\/www.peanutoem.com\/#\/schema\/logo\/image\/"}}]}},"_links":{"self":[{"href":"https:\/\/www.peanutoem.com\/vi\/wp-json\/wp\/v2\/product\/1555","targetHints":{"allow":["GET"]}}],"collection":[{"href":"https:\/\/www.peanutoem.com\/vi\/wp-json\/wp\/v2\/product"}],"about":[{"href":"https:\/\/www.peanutoem.com\/vi\/wp-json\/wp\/v2\/types\/product"}],"replies":[{"embeddable":true,"href":"https:\/\/www.peanutoem.com\/vi\/wp-json\/wp\/v2\/comments?post=1555"}],"wp:featuredmedia":[{"embeddable":true,"href":"https:\/\/www.peanutoem.com\/vi\/wp-json\/wp\/v2\/media\/1712"}],"wp:attachment":[{"href":"https:\/\/www.peanutoem.com\/vi\/wp-json\/wp\/v2\/media?parent=1555"}],"wp:term":[{"taxonomy":"product_cat","embeddable":true,"href":"https:\/\/www.peanutoem.com\/vi\/wp-json\/wp\/v2\/product_cat?post=1555"},{"taxonomy":"product_tag","embeddable":true,"href":"https:\/\/www.peanutoem.com\/vi\/wp-json\/wp\/v2\/product_tag?post=1555"}],"curies":[{"name":"wp","href":"https:\/\/api.w.org\/{rel}","templated":true}]}}