{"id":1556,"date":"2024-09-02T14:00:57","date_gmt":"2024-09-02T14:00:57","guid":{"rendered":"https:\/\/www.peanutoem.com\/?post_type=product&#038;p=1556"},"modified":"2024-09-28T04:23:49","modified_gmt":"2024-09-28T04:23:49","slug":"roasted-peanut-powder","status":"publish","type":"product","link":"https:\/\/www.peanutoem.com\/vi\/manufacturer\/roasted-peanut-powder\/","title":{"rendered":"B\u1ed9t \u0111\u1eadu ph\u1ed9ng rang"},"content":{"rendered":"<h3>B\u1ed9t \u0111\u1eadu ph\u1ed9ng rang l\u00e0 g\u00ec?<\/h3>\n<p>B\u1ed9t \u0111\u1eadu ph\u1ed9ng rang \u0111\u01b0\u1ee3c l\u00e0m b\u1eb1ng c\u00e1ch nghi\u1ec1n m\u1ecbn \u0111\u1eadu ph\u1ed9ng v\u00e0 t\u0103ng c\u01b0\u1eddng h\u01b0\u01a1ng v\u1ecb t\u1ef1 nhi\u00ean c\u1ee7a ch\u00fang th\u00f4ng qua m\u1ed9t <a href=\"https:\/\/en.wikipedia.org\/wiki\/Roasting\" target=\"_blank\" rel=\"noopener\">rang<\/a> qu\u00e1 tr\u00ecnh. Th\u00e0nh ph\u1ea7n \u0111a n\u0103ng n\u00e0y r\u1ea5t ph\u1ed5 bi\u1ebfn trong ng\u00e0nh c\u00f4ng nghi\u1ec7p th\u1ef1c ph\u1ea9m, \u0111\u00f3ng vai tr\u00f2 l\u00e0 th\u00e0nh ph\u1ea7n cao c\u1ea5p trong \u0111\u1ed3 \u0103n nh\u1eb9 \u0111\u1eadu ph\u1ed9ng, \u0111\u1ed3 n\u01b0\u1edbng, n\u01b0\u1edbc s\u1ed1t v\u00e0 b\u1ed9t protein. Qu\u00e1 tr\u00ecnh rang l\u00e0m t\u0103ng \u0111\u00e1ng k\u1ec3 h\u01b0\u01a1ng v\u1ecb h\u1ea1t d\u1ebb c\u1ee7a \u0111\u1eadu ph\u1ed9ng, khi\u1ebfn ch\u00fang tr\u1edf th\u00e0nh v\u1eadt li\u1ec7u \u01b0a th\u00edch c\u1ee7a c\u00e1c nh\u00e0 s\u1ea3n xu\u1ea5t th\u1ef1c ph\u1ea9m mu\u1ed1n c\u00f3 h\u01b0\u01a1ng v\u1ecb \u0111\u1eadu ph\u1ed9ng \u0111\u1eadm \u0111\u00e0. D\u1ea1ng b\u1ed9t c\u1ee7a n\u00f3 gi\u00fap d\u1ec5 d\u00e0ng k\u1ebft h\u1ee3p v\u00e0o nhi\u1ec1u c\u00f4ng th\u1ee9c n\u1ea5u \u0103n kh\u00e1c nhau, mang l\u1ea1i h\u01b0\u01a1ng v\u1ecb \u0111\u1eadm \u0111\u00e0 cho th\u1ef1c ph\u1ea9m m\u00e0 kh\u00f4ng c\u1ea7n th\u00eam n\u01b0\u1edbc.<\/p>\n<h3><img loading=\"lazy\" decoding=\"async\" class=\"alignnone wp-image-1719 size-full\" src=\"https:\/\/www.peanutoem.com\/wp-content\/uploads\/2024\/09\/Roasted-Peanut-Powder-in-Pouch.webp\" alt=\"B\u1ed9t \u0111\u1eadu ph\u1ed9ng rang trong t\u00fai\" width=\"912\" height=\"1128\" srcset=\"https:\/\/www.peanutoem.com\/wp-content\/uploads\/2024\/09\/Roasted-Peanut-Powder-in-Pouch.webp 912w, https:\/\/www.peanutoem.com\/wp-content\/uploads\/2024\/09\/Roasted-Peanut-Powder-in-Pouch-243x300.webp 243w, https:\/\/www.peanutoem.com\/wp-content\/uploads\/2024\/09\/Roasted-Peanut-Powder-in-Pouch-828x1024.webp 828w, https:\/\/www.peanutoem.com\/wp-content\/uploads\/2024\/09\/Roasted-Peanut-Powder-in-Pouch-768x950.webp 768w, https:\/\/www.peanutoem.com\/wp-content\/uploads\/2024\/09\/Roasted-Peanut-Powder-in-Pouch-10x12.webp 10w, https:\/\/www.peanutoem.com\/wp-content\/uploads\/2024\/09\/Roasted-Peanut-Powder-in-Pouch-600x742.webp 600w\" sizes=\"auto, (max-width: 912px) 100vw, 912px\" \/><\/h3>\n<h3>T\u00ean g\u1ecdi kh\u00e1c c\u1ee7a B\u1ed9t \u0111\u1eadu ph\u1ed9ng rang<\/h3>\n<p>B\u1ed9t \u0111\u1eadu ph\u1ed9ng rang \u0111\u01b0\u1ee3c bi\u1ebft \u0111\u1ebfn v\u1edbi nhi\u1ec1u t\u00ean g\u1ecdi kh\u00e1c nhau tr\u00ean th\u1ecb tr\u01b0\u1eddng. M\u1ed9t s\u1ed1 l\u1ef1a ch\u1ecdn thay th\u1ebf ph\u1ed5 bi\u1ebfn bao g\u1ed3m:<\/p>\n<ul>\n<li>B\u1ed9t \u0111\u1eadu ph\u1ed9ng<\/li>\n<li>B\u1ed9t \u0111\u1eadu ph\u1ed9ng rang xay<\/li>\n<li>B\u1ed9t \u0111\u1eadu ph\u1ed9ng<\/li>\n<li>B\u1ed9t \u0111\u1eadu ph\u1ed9ng rang<\/li>\n<li>B\u1ed9t \u0111\u1eadu ph\u1ed9ng t\u00e1ch b\u00e9o<\/li>\n<\/ul>\n<div class=\"group\/conversation-turn relative flex w-full min-w-0 flex-col agent-turn\">\n<div class=\"flex-col gap-1 md:gap-3\">\n<h3>C\u00e1c ch\u1ee7 \u0111\u1ec1 n\u00f3ng li\u00ean quan v\u1ec1 B\u1ed9t \u0111\u1eadu ph\u1ed9ng rang<\/h3>\n<ul>\n<li data-pm-slice=\"0 0 []\"><strong>\u1ee8ng d\u1ee5ng n\u01b0\u1edbng kh\u00f4ng ch\u1ee9a gluten:<\/strong> Ng\u00e0y c\u00e0ng c\u00f3 nhi\u1ec1u th\u1ee3 l\u00e0m b\u00e1nh s\u1eed d\u1ee5ng b\u1ed9t \u0111\u1eadu ph\u1ed9ng rang thay th\u1ebf b\u1ed9t m\u00ec trong c\u00e1c c\u00f4ng th\u1ee9c l\u00e0m b\u00e1nh kh\u00f4ng ch\u1ee9a gluten, gi\u00fap t\u0103ng c\u01b0\u1eddng c\u1ea3 h\u01b0\u01a1ng v\u1ecb v\u00e0 dinh d\u01b0\u1ee1ng.<\/li>\n<li><strong>L\u1ee3i \u00edch s\u1ee9c kh\u1ecfe:<\/strong> Ng\u01b0\u1eddi ti\u00eau d\u00f9ng quan t\u00e2m \u0111\u1ebfn s\u1ee9c kh\u1ecfe th\u1ea5y b\u1ed9t \u0111\u1eadu ph\u1ed9ng rang h\u1ea5p d\u1eabn v\u00ec h\u00e0m l\u01b0\u1ee3ng protein, ch\u1ea5t x\u01a1 v\u00e0 ch\u1ea5t b\u00e9o l\u00e0nh m\u1ea1nh cao.<\/li>\n<li><strong>Nhu c\u1ea7u ng\u00e0y c\u00e0ng t\u0103ng \u0111\u1ed1i v\u1edbi Protein t\u1eeb th\u1ef1c v\u1eadt:<\/strong> Khi ch\u1ebf \u0111\u1ed9 \u0103n d\u1ef1a tr\u00ean th\u1ef1c v\u1eadt ng\u00e0y c\u00e0ng ph\u00e1t tri\u1ec3n, b\u1ed9t \u0111\u1eadu ph\u1ed9ng rang tr\u1edf th\u00e0nh ngu\u1ed3n protein \u0111\u01b0\u1ee3c ng\u01b0\u1eddi \u0103n chay v\u00e0 \u0103n chay tr\u01b0\u1eddng \u01b0a chu\u1ed9ng.<\/li>\n<li><strong>\u1ee8ng d\u1ee5ng n\u01b0\u1edbng kh\u00f4ng ch\u1ee9a gluten:<\/strong> C\u00e1c th\u1ee3 l\u00e0m b\u00e1nh ng\u00e0y c\u00e0ng l\u1ef1a ch\u1ecdn b\u1ed9t \u0111\u1eadu ph\u1ed9ng rang thay th\u1ebf b\u1ed9t m\u00ec trong c\u00e1c c\u00f4ng th\u1ee9c kh\u00f4ng ch\u1ee9a gluten, gi\u00fap t\u0103ng h\u01b0\u01a1ng v\u1ecb v\u00e0 dinh d\u01b0\u1ee1ng.<\/li>\n<li><strong>C\u00f4ng d\u1ee5ng s\u00e1ng t\u1ea1o c\u1ee7a ng\u00e0nh c\u00f4ng nghi\u1ec7p th\u1ef1c ph\u1ea9m:<\/strong> Th\u00e0nh ph\u1ea7n \u0111a n\u0103ng n\u00e0y gi\u00fap t\u0103ng c\u01b0\u1eddng h\u01b0\u01a1ng v\u1ecb v\u00e0 k\u1ebft c\u1ea5u c\u1ee7a nhi\u1ec1u s\u1ea3n ph\u1ea9m, t\u1eeb thanh n\u0103ng l\u01b0\u1ee3ng \u0111\u1ebfn n\u01b0\u1edbc s\u1ed1t.<\/li>\n<li><strong>C\u01a1 h\u1ed9i nh\u00e3n hi\u1ec7u ri\u00eang:<\/strong> Nhi\u1ec1u th\u01b0\u01a1ng hi\u1ec7u \u0111ang l\u1ef1a ch\u1ecdn c\u00e1c s\u1ea3n ph\u1ea9m \u0111\u1eadu ph\u1ed9ng nh\u00e3n hi\u1ec7u ri\u00eang, cung c\u1ea5p c\u00e1c gi\u1ea3i ph\u00e1p b\u1ed9t \u0111\u1eadu ph\u1ed9ng rang t\u00f9y ch\u1ec9nh v\u1edbi ch\u00fang t\u00f4i l\u00e0 \u0111\u1ed1i t\u00e1c OEM \u0111\u00e1ng tin c\u1eady.<\/li>\n<\/ul>\n<h3 class=\"flex max-w-full flex-col flex-grow\"><span style=\"font-size: 20.16px;\">L\u00e0 m\u1ed9t \u0111\u01a1n v\u1ecb d\u1eabn \u0111\u1ea7u \u0111\u00e1ng tin c\u1eady trong ng\u00e0nh ch\u1ebf bi\u1ebfn \u0111\u1eadu ph\u1ed9ng, ch\u00fang t\u00f4i cung c\u1ea5p B\u1ed9t \u0111\u1eadu ph\u1ed9ng rang cao c\u1ea5p cho nhi\u1ec1u \u1ee9ng d\u1ee5ng kh\u00e1c nhau. Sau \u0111\u00e2y l\u00e0 c\u00e1ch ch\u00fang t\u00f4i n\u1ed5i b\u1eadt:<\/span><\/h3>\n<ul>\n<li><strong>S\u1ea3n xu\u1ea5t hi\u1ec7n \u0111\u1ea1i:<\/strong> D\u00e2y chuy\u1ec1n s\u1ea3n xu\u1ea5t ti\u00ean ti\u1ebfn c\u1ee7a ch\u00fang t\u00f4i \u0111\u1ea3m b\u1ea3o b\u1ed9t \u0111\u1eadu ph\u1ed9ng rang ch\u1ea5t l\u01b0\u1ee3ng cao v\u1edbi k\u00edch th\u01b0\u1edbc h\u1ea1t v\u00e0 h\u01b0\u01a1ng v\u1ecb \u0111\u1ed3ng \u0111\u1ec1u.<\/li>\n<li><strong>Gi\u1ea3i ph\u00e1p t\u00f9y ch\u1ec9nh:<\/strong> L\u00e0 nh\u00e0 s\u1ea3n xu\u1ea5t OEM, ch\u00fang t\u00f4i cung c\u1ea5p d\u1ecbch v\u1ee5 nh\u00e3n hi\u1ec7u ri\u00eang, m\u1ee9c \u0111\u1ed9 rang ph\u00f9 h\u1ee3p v\u00e0 c\u00e1c t\u00f9y ch\u1ecdn \u0111\u00f3ng g\u00f3i linh ho\u1ea1t \u0111\u1ec3 \u0111\u00e1p \u1ee9ng nhu c\u1ea7u ri\u00eang c\u1ee7a b\u1ea1n.<\/li>\n<li><strong>Ki\u1ec3m so\u00e1t ch\u1ea5t l\u01b0\u1ee3ng nghi\u00eam ng\u1eb7t:<\/strong> Ch\u00fang t\u00f4i duy tr\u00ec c\u00e1c ti\u00eau chu\u1ea9n s\u1ea3n ph\u1ea9m cao nh\u1ea5t th\u00f4ng qua c\u00e1c th\u1eed nghi\u1ec7m c\u1ea3m quan, h\u00f3a h\u1ecdc v\u00e0 vi sinh nghi\u00eam ng\u1eb7t trong c\u00e1c ph\u00f2ng th\u00ed nghi\u1ec7m hi\u1ec7n \u0111\u1ea1i c\u1ee7a m\u00ecnh.<\/li>\n<li><strong>Ch\u1ee9ng nh\u1eadn v\u00e0 tu\u00e2n th\u1ee7:<\/strong> C\u00e1c ch\u1ee9ng nh\u1eadn c\u1ee7a ch\u00fang t\u00f4i\u2014BRCGS, HACCP, Halal, Kosher v\u00e0 EU Organic\u2014x\u00e1c nh\u1eadn r\u1eb1ng ch\u00fang t\u00f4i tu\u00e2n th\u1ee7 c\u00e1c ti\u00eau chu\u1ea9n ch\u1ea5t l\u01b0\u1ee3ng v\u00e0 an to\u00e0n nghi\u00eam ng\u1eb7t.<\/li>\n<li><strong>Chuy\u00ean m\u00f4n xu\u1ea5t kh\u1ea9u to\u00e0n c\u1ea7u:<\/strong> V\u1edbi kinh nghi\u1ec7m s\u00e2u r\u1ed9ng trong l\u0129nh v\u1ef1c h\u1eadu c\u1ea7n qu\u1ed1c t\u1ebf, ch\u00fang t\u00f4i \u0111\u1ea3m b\u1ea3o qu\u00e1 tr\u00ecnh xu\u1ea5t kh\u1ea9u di\u1ec5n ra su\u00f4n s\u1ebb v\u00e0 \u0111\u00e1ng tin c\u1eady t\u1edbi c\u00e1c th\u1ecb tr\u01b0\u1eddng tr\u00ean to\u00e0n th\u1ebf gi\u1edbi.<\/li>\n<li><strong>Cam k\u1ebft ph\u00e1t tri\u1ec3n b\u1ec1n v\u1eefng:<\/strong> Ch\u00fang t\u00f4i \u01b0u ti\u00ean ngu\u1ed3n cung \u1ee9ng b\u1ec1n v\u1eefng v\u00e0 ph\u01b0\u01a1ng ph\u00e1p s\u1ea3n xu\u1ea5t th\u00e2n thi\u1ec7n v\u1edbi m\u00f4i tr\u01b0\u1eddng, g\u00f3p ph\u1ea7n t\u1ea1o n\u00ean t\u01b0\u01a1ng lai t\u1ed1t \u0111\u1eb9p h\u01a1n cho ng\u00e0nh c\u00f4ng nghi\u1ec7p \u0111\u1eadu ph\u1ed9ng.<\/li>\n<\/ul>\n<h3>T\u1ea1i sao ch\u1ecdn ch\u00fang t\u00f4i?<\/h3>\n<ul>\n<li><strong>L\u1ef1a ch\u1ecdn h\u00e0ng \u0111\u1ea7u:<\/strong> C\u00f4ng ngh\u1ec7 ti\u00ean ti\u1ebfn, c\u00e1c t\u00f9y ch\u1ecdn t\u00f9y ch\u1ec9nh v\u00e0 ch\u1ee9ng nh\u1eadn to\u00e0n c\u1ea7u gi\u00fap ch\u00fang t\u00f4i tr\u1edf th\u00e0nh nh\u00e0 cung c\u1ea5p h\u00e0ng \u0111\u1ea7u.<\/li>\n<li><strong>Bao b\u00ec t\u00f9y ch\u1ec9nh:<\/strong> Ch\u00fang t\u00f4i cung c\u1ea5p d\u1ecbch v\u1ee5 nh\u00e3n hi\u1ec7u ri\u00eang \u0111\u1ec3 t\u00f9y ch\u1ec9nh bao b\u00ec v\u00e0 th\u01b0\u01a1ng hi\u1ec7u theo y\u00eau c\u1ea7u c\u1ee7a b\u1ea1n.<\/li>\n<li><strong>\u0110\u1ea3m b\u1ea3o \u0111\u1ed9 t\u01b0\u01a1i ngon:<\/strong> C\u01a1 s\u1edf l\u01b0u tr\u1eef c\u00f3 ki\u1ec3m so\u00e1t nhi\u1ec7t \u0111\u1ed9 c\u1ee7a ch\u00fang t\u00f4i gi\u00fap duy tr\u00ec \u0111\u1ed9 t\u01b0\u01a1i c\u1ee7a s\u1ea3n ph\u1ea9m trong qu\u00e1 tr\u00ecnh l\u01b0u tr\u1eef v\u00e0 v\u1eadn chuy\u1ec3n.<\/li>\n<li><strong>M\u1ee9c \u0111\u1ed9 rang:<\/strong> T\u1eadn h\u01b0\u1edfng c\u00e1c m\u1ee9c \u0111\u1ed9 rang t\u00f9y ch\u1ec9nh t\u1eeb nh\u1ea1t \u0111\u1ebfn \u0111\u1eadm, \u0111\u01b0\u1ee3c ch\u1ebf t\u1ea1o \u0111\u1ec3 ph\u00f9 h\u1ee3p v\u1edbi s\u1edf th\u00edch h\u01b0\u01a1ng v\u1ecb c\u1ee7a b\u1ea1n.<\/li>\n<li><strong>\u0110\u01a1n h\u00e0ng s\u1ed1 l\u01b0\u1ee3ng l\u1edbn:<\/strong> Li\u00ean h\u1ec7 v\u1edbi \u0111\u1ed9i ng\u0169 b\u00e1n h\u00e0ng c\u1ee7a ch\u00fang t\u00f4i \u0111\u1ec3 d\u1ec5 d\u00e0ng th\u1ea3o lu\u1eadn v\u00e0 \u0111\u00e1p \u1ee9ng nhu c\u1ea7u \u0111\u1eb7t h\u00e0ng s\u1ed1 l\u01b0\u1ee3ng l\u1edbn c\u1ee7a b\u1ea1n.<\/li>\n<li><strong>\u1ee8ng d\u1ee5ng trong ng\u00e0nh:<\/strong> B\u1ed9t \u0111\u1eadu ph\u1ed9ng rang c\u1ee7a ch\u00fang t\u00f4i \u0111\u01b0\u1ee3c \u01b0a chu\u1ed9ng trong l\u00e0m b\u00e1nh, s\u1ea3n xu\u1ea5t \u0111\u1ed3 \u0103n nh\u1eb9, th\u1ef1c ph\u1ea9m b\u1ed5 sung protein, n\u01b0\u1edbc s\u1ed1t v\u00e0 h\u01b0\u01a1ng li\u1ec7u.<\/li>\n<li><strong>Kh\u00f4ng ch\u1ee9a gluten:<\/strong> Kh\u00f4ng ch\u1ee9a gluten, \u0111\u00e2y l\u00e0 l\u1ef1a ch\u1ecdn tuy\u1ec7t v\u1eddi cho c\u00e1c s\u1ea3n ph\u1ea9m th\u1ef1c ph\u1ea9m kh\u00f4ng ch\u1ee9a gluten.<\/li>\n<li><strong>C\u00e1c m\u1eabu c\u00f3 s\u1eb5n:<\/strong> Ch\u00fang t\u00f4i cung c\u1ea5p m\u1eabu cho kh\u00e1ch h\u00e0ng ti\u1ec1m n\u0103ng \u0111\u1ec3 \u0111\u00e1nh gi\u00e1 ch\u1ea5t l\u01b0\u1ee3ng v\u00e0 t\u00ednh ph\u00f9 h\u1ee3p c\u1ee7a s\u1ea3n ph\u1ea9m.<\/li>\n<li><strong>Ph\u1ea1m vi to\u00e0n c\u1ea7u:<\/strong> Ch\u00fang t\u00f4i xu\u1ea5t kh\u1ea9u sang c\u00e1c th\u1ecb tr\u01b0\u1eddng B\u1eafc M\u1ef9, Ch\u00e2u \u00c2u, Ch\u00e2u \u00c1 v\u00e0 Trung \u0110\u00f4ng, \u0111\u1ea3m b\u1ea3o m\u1ea1ng l\u01b0\u1edbi cung \u1ee9ng qu\u1ed1c t\u1ebf m\u1ea1nh m\u1ebd.<\/li>\n<\/ul>\n<a href=\"mailto:globepeanut@gmail.com\" class=\"button primary is-primary is-medium\"  >\n    <span>G\u1eedi Email Cho Ch\u00fang T\u00f4i<\/span>\n  <\/a>\n\n<\/div>\n<\/div>","protected":false},"excerpt":{"rendered":"<p>Ch\u00fang t\u00f4i l\u00e0 Nh\u00e0 s\u1ea3n xu\u1ea5t v\u00e0 Cung c\u1ea5p B\u1ed9t \u0110\u1eadu Ph\u1ed9ng Rang t\u1ea1i Trung Qu\u1ed1c<\/p>\n<p>\u2013 MOQ: 1 t\u1ea5n<br \/>\n\u2013 Cung c\u1ea5p d\u1ecbch v\u1ee5 OEM\/ODM<br \/>\n\u2013 C\u00f3 s\u1eb5n m\u1eabu mi\u1ec5n ph\u00ed<br \/>\n\u2013 Nh\u1eadn t\u00f9y ch\u1ec9nh (th\u00f4ng s\u1ed1 k\u1ef9 thu\u1eadt, k\u00edch th\u01b0\u1edbc, m\u00e0u s\u1eafc, thi\u1ebft k\u1ebf, v.v.)<br \/>\n\u2013 Th\u00f4ng s\u1ed1 k\u1ef9 thu\u1eadt (nh\u1ecf h\u01a1n 14 mesh ho\u1eb7c theo y\u00eau c\u1ea7u c\u1ee7a b\u1ea1n)<\/p>\n<p>N\u1ebfu b\u1ea1n mu\u1ed1n mua B\u1ed9t \u0111\u1eadu ph\u1ed9ng rang, vui l\u00f2ng li\u00ean h\u1ec7 v\u1edbi ch\u00fang t\u00f4i.<\/p>","protected":false},"featured_media":1714,"comment_status":"open","ping_status":"closed","template":"","meta":[],"product_cat":[37],"product_tag":[],"class_list":{"0":"post-1556","1":"product","2":"type-product","3":"status-publish","4":"has-post-thumbnail","6":"product_cat-roasted-peanut","8":"first","9":"instock","10":"shipping-taxable","11":"product-type-simple"},"yoast_head":"<!-- This site is optimized with the Yoast SEO plugin v24.9 - https:\/\/yoast.com\/wordpress\/plugins\/seo\/ -->\n<title>Roasted Peanut Powder Manufacturer - Peanut Butter Factory<\/title>\n<meta name=\"description\" content=\"We are a top OEM, private label manufacturer, and exporter of premium Roasted Peanut Powder, offering quality solutions globally.\" \/>\n<meta name=\"robots\" content=\"index, follow, max-snippet:-1, max-image-preview:large, max-video-preview:-1\" \/>\n<link rel=\"canonical\" href=\"https:\/\/www.peanutoem.com\/vi\/manufacturer\/roasted-peanut-powder\/\" \/>\n<meta property=\"og:locale\" content=\"vi_VN\" \/>\n<meta property=\"og:type\" content=\"article\" \/>\n<meta property=\"og:title\" content=\"Roasted Peanut Powder Manufacturer - Peanut Butter Factory\" \/>\n<meta property=\"og:description\" content=\"We are a top OEM, private label manufacturer, and exporter of premium Roasted Peanut Powder, offering quality solutions globally.\" \/>\n<meta property=\"og:url\" content=\"https:\/\/www.peanutoem.com\/vi\/manufacturer\/roasted-peanut-powder\/\" \/>\n<meta property=\"og:site_name\" content=\"Peanut Butter Factory\" \/>\n<meta property=\"article:modified_time\" content=\"2024-09-28T04:23:49+00:00\" \/>\n<meta property=\"og:image\" content=\"https:\/\/www.peanutoem.com\/wp-content\/uploads\/2024\/09\/Roasted-Peanut-Powder.webp\" \/>\n\t<meta property=\"og:image:width\" content=\"551\" \/>\n\t<meta property=\"og:image:height\" content=\"472\" \/>\n\t<meta property=\"og:image:type\" content=\"image\/webp\" \/>\n<meta name=\"twitter:card\" content=\"summary_large_image\" \/>\n<meta name=\"twitter:label1\" content=\"\u01af\u1edbc t\u00ednh th\u1eddi gian \u0111\u1ecdc\" \/>\n\t<meta name=\"twitter:data1\" content=\"3 ph\u00fat\" \/>\n<script type=\"application\/ld+json\" class=\"yoast-schema-graph\">{\"@context\":\"https:\/\/schema.org\",\"@graph\":[{\"@type\":\"WebPage\",\"@id\":\"https:\/\/www.peanutoem.com\/manufacturer\/roasted-peanut-powder\/\",\"url\":\"https:\/\/www.peanutoem.com\/manufacturer\/roasted-peanut-powder\/\",\"name\":\"Roasted Peanut Powder Manufacturer - Peanut Butter Factory\",\"isPartOf\":{\"@id\":\"https:\/\/www.peanutoem.com\/#website\"},\"primaryImageOfPage\":{\"@id\":\"https:\/\/www.peanutoem.com\/manufacturer\/roasted-peanut-powder\/#primaryimage\"},\"image\":{\"@id\":\"https:\/\/www.peanutoem.com\/manufacturer\/roasted-peanut-powder\/#primaryimage\"},\"thumbnailUrl\":\"https:\/\/www.peanutoem.com\/wp-content\/uploads\/2024\/09\/Roasted-Peanut-Powder.webp\",\"datePublished\":\"2024-09-02T14:00:57+00:00\",\"dateModified\":\"2024-09-28T04:23:49+00:00\",\"description\":\"We are a top OEM, private label manufacturer, and exporter of premium Roasted Peanut Powder, offering quality solutions globally.\",\"breadcrumb\":{\"@id\":\"https:\/\/www.peanutoem.com\/manufacturer\/roasted-peanut-powder\/#breadcrumb\"},\"inLanguage\":\"vi\",\"potentialAction\":[{\"@type\":\"ReadAction\",\"target\":[\"https:\/\/www.peanutoem.com\/manufacturer\/roasted-peanut-powder\/\"]}]},{\"@type\":\"ImageObject\",\"inLanguage\":\"vi\",\"@id\":\"https:\/\/www.peanutoem.com\/manufacturer\/roasted-peanut-powder\/#primaryimage\",\"url\":\"https:\/\/www.peanutoem.com\/wp-content\/uploads\/2024\/09\/Roasted-Peanut-Powder.webp\",\"contentUrl\":\"https:\/\/www.peanutoem.com\/wp-content\/uploads\/2024\/09\/Roasted-Peanut-Powder.webp\",\"width\":551,\"height\":472,\"caption\":\"Roasted Peanut Powder\"},{\"@type\":\"BreadcrumbList\",\"@id\":\"https:\/\/www.peanutoem.com\/manufacturer\/roasted-peanut-powder\/#breadcrumb\",\"itemListElement\":[{\"@type\":\"ListItem\",\"position\":1,\"name\":\"Home\",\"item\":\"https:\/\/www.peanutoem.com\/\"},{\"@type\":\"ListItem\",\"position\":2,\"name\":\"Products\",\"item\":\"https:\/\/www.peanutoem.com\/shop\/\"},{\"@type\":\"ListItem\",\"position\":3,\"name\":\"Roasted Peanut Powder\"}]},{\"@type\":\"WebSite\",\"@id\":\"https:\/\/www.peanutoem.com\/#website\",\"url\":\"https:\/\/www.peanutoem.com\/\",\"name\":\"Peanut Butter Factory\",\"description\":\"Peanut Butter Manufacturer and Roast Peanut OEM Factory | Peanut Private Label China Supplier\",\"publisher\":{\"@id\":\"https:\/\/www.peanutoem.com\/#organization\"},\"alternateName\":\"Peanut Butter OEM and Wholesale\",\"potentialAction\":[{\"@type\":\"SearchAction\",\"target\":{\"@type\":\"EntryPoint\",\"urlTemplate\":\"https:\/\/www.peanutoem.com\/?s={search_term_string}\"},\"query-input\":{\"@type\":\"PropertyValueSpecification\",\"valueRequired\":true,\"valueName\":\"search_term_string\"}}],\"inLanguage\":\"vi\"},{\"@type\":\"Organization\",\"@id\":\"https:\/\/www.peanutoem.com\/#organization\",\"name\":\"Peanut Butter Factory\",\"alternateName\":\"JuFeng Group\",\"url\":\"https:\/\/www.peanutoem.com\/\",\"logo\":{\"@type\":\"ImageObject\",\"inLanguage\":\"vi\",\"@id\":\"https:\/\/www.peanutoem.com\/#\/schema\/logo\/image\/\",\"url\":\"https:\/\/www.peanutoem.com\/wp-content\/uploads\/2024\/09\/JUFENG-LOGO.png\",\"contentUrl\":\"https:\/\/www.peanutoem.com\/wp-content\/uploads\/2024\/09\/JUFENG-LOGO.png\",\"width\":600,\"height\":170,\"caption\":\"Peanut Butter Factory\"},\"image\":{\"@id\":\"https:\/\/www.peanutoem.com\/#\/schema\/logo\/image\/\"}}]}<\/script>\n<!-- \/ Yoast SEO plugin. -->","yoast_head_json":{"title":"Roasted Peanut Powder Manufacturer - Peanut Butter Factory","description":"We are a top OEM, private label manufacturer, and exporter of premium Roasted Peanut Powder, offering quality solutions globally.","robots":{"index":"index","follow":"follow","max-snippet":"max-snippet:-1","max-image-preview":"max-image-preview:large","max-video-preview":"max-video-preview:-1"},"canonical":"https:\/\/www.peanutoem.com\/vi\/manufacturer\/roasted-peanut-powder\/","og_locale":"vi_VN","og_type":"article","og_title":"Roasted Peanut Powder Manufacturer - Peanut Butter Factory","og_description":"We are a top OEM, private label manufacturer, and exporter of premium Roasted Peanut Powder, offering quality solutions globally.","og_url":"https:\/\/www.peanutoem.com\/vi\/manufacturer\/roasted-peanut-powder\/","og_site_name":"Peanut Butter Factory","article_modified_time":"2024-09-28T04:23:49+00:00","og_image":[{"width":551,"height":472,"url":"https:\/\/www.peanutoem.com\/wp-content\/uploads\/2024\/09\/Roasted-Peanut-Powder.webp","type":"image\/webp"}],"twitter_card":"summary_large_image","twitter_misc":{"\u01af\u1edbc t\u00ednh th\u1eddi gian \u0111\u1ecdc":"3 ph\u00fat"},"schema":{"@context":"https:\/\/schema.org","@graph":[{"@type":"WebPage","@id":"https:\/\/www.peanutoem.com\/manufacturer\/roasted-peanut-powder\/","url":"https:\/\/www.peanutoem.com\/manufacturer\/roasted-peanut-powder\/","name":"Roasted Peanut Powder Manufacturer - Peanut Butter Factory","isPartOf":{"@id":"https:\/\/www.peanutoem.com\/#website"},"primaryImageOfPage":{"@id":"https:\/\/www.peanutoem.com\/manufacturer\/roasted-peanut-powder\/#primaryimage"},"image":{"@id":"https:\/\/www.peanutoem.com\/manufacturer\/roasted-peanut-powder\/#primaryimage"},"thumbnailUrl":"https:\/\/www.peanutoem.com\/wp-content\/uploads\/2024\/09\/Roasted-Peanut-Powder.webp","datePublished":"2024-09-02T14:00:57+00:00","dateModified":"2024-09-28T04:23:49+00:00","description":"We are a top OEM, private label manufacturer, and exporter of premium Roasted Peanut Powder, offering quality solutions globally.","breadcrumb":{"@id":"https:\/\/www.peanutoem.com\/manufacturer\/roasted-peanut-powder\/#breadcrumb"},"inLanguage":"vi","potentialAction":[{"@type":"ReadAction","target":["https:\/\/www.peanutoem.com\/manufacturer\/roasted-peanut-powder\/"]}]},{"@type":"ImageObject","inLanguage":"vi","@id":"https:\/\/www.peanutoem.com\/manufacturer\/roasted-peanut-powder\/#primaryimage","url":"https:\/\/www.peanutoem.com\/wp-content\/uploads\/2024\/09\/Roasted-Peanut-Powder.webp","contentUrl":"https:\/\/www.peanutoem.com\/wp-content\/uploads\/2024\/09\/Roasted-Peanut-Powder.webp","width":551,"height":472,"caption":"Roasted Peanut Powder"},{"@type":"BreadcrumbList","@id":"https:\/\/www.peanutoem.com\/manufacturer\/roasted-peanut-powder\/#breadcrumb","itemListElement":[{"@type":"ListItem","position":1,"name":"Home","item":"https:\/\/www.peanutoem.com\/"},{"@type":"ListItem","position":2,"name":"Products","item":"https:\/\/www.peanutoem.com\/shop\/"},{"@type":"ListItem","position":3,"name":"Roasted Peanut Powder"}]},{"@type":"WebSite","@id":"https:\/\/www.peanutoem.com\/#website","url":"https:\/\/www.peanutoem.com\/","name":"Peanut Butter Factory","description":"Peanut Butter Manufacturer and Roast Peanut OEM Factory | Peanut Private Label China Supplier","publisher":{"@id":"https:\/\/www.peanutoem.com\/#organization"},"alternateName":"Peanut Butter OEM and Wholesale","potentialAction":[{"@type":"SearchAction","target":{"@type":"EntryPoint","urlTemplate":"https:\/\/www.peanutoem.com\/?s={search_term_string}"},"query-input":{"@type":"PropertyValueSpecification","valueRequired":true,"valueName":"search_term_string"}}],"inLanguage":"vi"},{"@type":"Organization","@id":"https:\/\/www.peanutoem.com\/#organization","name":"Peanut Butter Factory","alternateName":"JuFeng Group","url":"https:\/\/www.peanutoem.com\/","logo":{"@type":"ImageObject","inLanguage":"vi","@id":"https:\/\/www.peanutoem.com\/#\/schema\/logo\/image\/","url":"https:\/\/www.peanutoem.com\/wp-content\/uploads\/2024\/09\/JUFENG-LOGO.png","contentUrl":"https:\/\/www.peanutoem.com\/wp-content\/uploads\/2024\/09\/JUFENG-LOGO.png","width":600,"height":170,"caption":"Peanut Butter Factory"},"image":{"@id":"https:\/\/www.peanutoem.com\/#\/schema\/logo\/image\/"}}]}},"_links":{"self":[{"href":"https:\/\/www.peanutoem.com\/vi\/wp-json\/wp\/v2\/product\/1556","targetHints":{"allow":["GET"]}}],"collection":[{"href":"https:\/\/www.peanutoem.com\/vi\/wp-json\/wp\/v2\/product"}],"about":[{"href":"https:\/\/www.peanutoem.com\/vi\/wp-json\/wp\/v2\/types\/product"}],"replies":[{"embeddable":true,"href":"https:\/\/www.peanutoem.com\/vi\/wp-json\/wp\/v2\/comments?post=1556"}],"wp:featuredmedia":[{"embeddable":true,"href":"https:\/\/www.peanutoem.com\/vi\/wp-json\/wp\/v2\/media\/1714"}],"wp:attachment":[{"href":"https:\/\/www.peanutoem.com\/vi\/wp-json\/wp\/v2\/media?parent=1556"}],"wp:term":[{"taxonomy":"product_cat","embeddable":true,"href":"https:\/\/www.peanutoem.com\/vi\/wp-json\/wp\/v2\/product_cat?post=1556"},{"taxonomy":"product_tag","embeddable":true,"href":"https:\/\/www.peanutoem.com\/vi\/wp-json\/wp\/v2\/product_tag?post=1556"}],"curies":[{"name":"wp","href":"https:\/\/api.w.org\/{rel}","templated":true}]}}